{"id":244636,"date":"2025-04-02T14:51:07","date_gmt":"2025-04-02T12:51:07","guid":{"rendered":"https:\/\/shopatoa.com\/cz\/?post_type=product&#038;p=244636"},"modified":"2026-02-02T13:08:53","modified_gmt":"2026-02-02T12:08:53","slug":"catit-senses-2-0-play-circuit","status":"publish","type":"product","link":"https:\/\/shopatoa.com\/cz\/catit-senses-2-0-play-circuit\/","title":{"rendered":"Catit Senses 2.0 Play Circuit"},"content":{"rendered":"<p>Koulodr\u00e1ha pro ko\u010dky<\/p>\n<p>Po\u0159i\u010fte sv\u00e9 ko\u010dce koulodr\u00e1hu. Zajist\u00edte ji t\u00edm hodiny a hodiny hran\u00ed.<\/p>\n<p>\u00a0<\/p>\n<p>Nov\u00e1 p\u0159\u00edm\u00e1 tra\u0165 umo\u017e\u0148uje kompatibilitu s ostatn\u00edmi produkty Senses 2.0<\/p>\n<p>Zm\u011bny produktu\u00a0zahrnuj\u00ed p\u0159\u00edmou dr\u00e1hu, kter\u00e1 umo\u017e\u0148uje kompatibilitu s \u0161ir\u0161\u00edmi a stabiln\u011bj\u0161\u00edmi produkty Senses 2.0.<\/p>\n<p>Play Circuit m\u00e1 plochou z\u00e1kladnu, co\u017e je skv\u011bl\u00e9 pro rychlost stavby. Wave okruh nab\u00edz\u00ed r\u016fzn\u00e9 polohy a v\u00fd\u0161ky a v\u00edce rozmanit\u00fdch pohyb\u016f.<\/p>\n<p>\u00a0<\/p>\n<p>3. Super dlouh\u00e1 koulodr\u00e1ha<\/p>\n<p>\u00a0<\/p>\n<p>Super dlouh\u00e1 koulodr\u00e1ha je tou nejlep\u0161\u00ed variantou.<\/p>\n<p>\u00a0<\/p>\n<p>Star\u00e1 varianta: 8 \u010d\u00e1st\u00ed<\/p>\n<p>Nov\u00e1 varianta: 12 \u010d\u00e1st\u00ed<\/p>\n<p>\u00a0<\/p>\n<p>Variabilita slo\u017een\u00ed<\/p>\n<p>Aby z\u00e1jem va\u0161\u00ed ko\u010dky o hra\u010dku vydr\u017eel, budete muset jednou za \u010das zm\u011bnit jej\u00ed tvar. Obvody Senses 2.0 mohou b\u00fdt postaveny a p\u0159estav\u011bny do r\u016fzn\u00fdch tvar\u016f. P\u0159ekvapte svou ko\u010dku s nov\u00fdm uspo\u0159\u00e1d\u00e1n\u00edm ka\u017ed\u00fdch p\u00e1r dn\u00ed!<\/p>\n<p>\u00a0<\/p>\n<p>Podporuje instinkt lovce<\/p>\n<p>Sou\u010d\u00e1st\u00ed ka\u017ed\u00e9 koulodr\u00e1hy je i koule, kter\u00e1 je uzav\u0159en\u00e1 v jej\u00ed trati. Speci\u00e1ln\u00ed tvar dr\u00e1hy podporuje pohyb&#8230;<\/p>\n","protected":false},"excerpt":{"rendered":"<p>Koulodr\u00e1ha pro ko\u010dky Po\u0159i\u010fte sv\u00e9 ko\u010dce koulodr\u00e1hu. Zajist\u00edte ji t\u00edm hodiny a hodiny hran\u00ed. \u00a0 Nov\u00e1 p\u0159\u00edm\u00e1 tra\u0165 umo\u017e\u0148uje kompatibilitu s ostatn\u00edmi produkty Senses 2.0 Zm\u011bny produktu\u00a0zahrnuj\u00ed p\u0159\u00edmou dr\u00e1hu, kter\u00e1 umo\u017e\u0148uje kompatibilitu s \u0161ir\u0161\u00edmi a stabiln\u011bj\u0161\u00edmi produkty Senses 2.0. Play Circuit m\u00e1 plochou z\u00e1kladnu, co\u017e je skv\u011bl\u00e9 pro rychlost stavby. Wave okruh nab\u00edz\u00ed r\u016fzn\u00e9 polohy&#8230;<\/p>\n","protected":false},"featured_media":244637,"comment_status":"closed","ping_status":"open","template":"","meta":{"_acf_changed":false,"_kadence_starter_templates_imported_post":false,"_kad_post_transparent":"","_kad_post_title":"","_kad_post_layout":"","_kad_post_sidebar_id":"","_kad_post_content_style":"","_kad_post_vertical_padding":"","_kad_post_feature":"","_kad_post_feature_position":"","_kad_post_header":false,"_kad_post_footer":false,"_kad_post_classname":""},"product_brand":[2532],"product_cat":[2540,2541,2542],"product_tag":[],"class_list":{"0":"post-244636","1":"product","2":"type-product","3":"status-publish","4":"has-post-thumbnail","6":"product_brand-cat-it","7":"product_cat-hracky","8":"product_cat-interaktivni-a-roboticke-hracky","9":"product_cat-interaktivni-hracky","10":"pa_obchod-superzoo-cz","12":"first","13":"instock","14":"product-type-external","15":"entry","16":"content-bg","17":"loop-entry"},"acf":[],"yoast_head":"<!-- This site is optimized with the Yoast SEO plugin v27.4 - https:\/\/yoast.com\/product\/yoast-seo-wordpress\/ -->\n<title>Catit Senses 2.0 Play Circuit - SHOPATOA.COM<\/title>\n<meta name=\"robots\" content=\"index, follow, max-snippet:-1, max-image-preview:large, max-video-preview:-1\" \/>\n<link rel=\"canonical\" href=\"https:\/\/shopatoa.com\/cz\/catit-senses-2-0-play-circuit\/\" \/>\n<meta property=\"og:locale\" content=\"cs_CZ\" \/>\n<meta property=\"og:type\" content=\"article\" \/>\n<meta property=\"og:title\" content=\"Catit Senses 2.0 Play Circuit - SHOPATOA.COM\" \/>\n<meta property=\"og:description\" content=\"Koulodr\u00e1ha pro ko\u010dky Po\u0159i\u010fte sv\u00e9 ko\u010dce koulodr\u00e1hu. Zajist\u00edte ji t\u00edm hodiny a hodiny hran\u00ed. \u00a0 Nov\u00e1 p\u0159\u00edm\u00e1 tra\u0165 umo\u017e\u0148uje kompatibilitu s ostatn\u00edmi produkty Senses 2.0 Zm\u011bny produktu\u00a0zahrnuj\u00ed p\u0159\u00edmou dr\u00e1hu, kter\u00e1 umo\u017e\u0148uje kompatibilitu s \u0161ir\u0161\u00edmi a stabiln\u011bj\u0161\u00edmi produkty Senses 2.0. Play Circuit m\u00e1 plochou z\u00e1kladnu, co\u017e je skv\u011bl\u00e9 pro rychlost stavby. Wave okruh nab\u00edz\u00ed r\u016fzn\u00e9 polohy...\" \/>\n<meta property=\"og:url\" content=\"https:\/\/shopatoa.com\/cz\/catit-senses-2-0-play-circuit\/\" \/>\n<meta property=\"og:site_name\" content=\"SHOPATOA\" \/>\n<meta property=\"article:modified_time\" content=\"2026-02-02T12:08:53+00:00\" \/>\n<meta property=\"og:image\" content=\"https:\/\/storage.googleapis.com\/cz-shopatoa-img\/cz\/5ecb42e6-1_38410.jpg\" \/>\n\t<meta property=\"og:image:width\" content=\"600\" \/>\n\t<meta property=\"og:image:height\" content=\"600\" \/>\n\t<meta property=\"og:image:type\" content=\"image\/jpeg\" \/>\n<meta name=\"twitter:card\" content=\"summary_large_image\" \/>\n<meta name=\"twitter:label1\" content=\"Odhadovan\u00e1 doba \u010dten\u00ed\" \/>\n\t<meta name=\"twitter:data1\" content=\"1 minuta\" \/>\n<script type=\"application\/ld+json\" class=\"yoast-schema-graph\">{\"@context\":\"https:\\\/\\\/schema.org\",\"@graph\":[{\"@type\":\"WebPage\",\"@id\":\"https:\\\/\\\/shopatoa.com\\\/cz\\\/catit-senses-2-0-play-circuit\\\/\",\"url\":\"https:\\\/\\\/shopatoa.com\\\/cz\\\/catit-senses-2-0-play-circuit\\\/\",\"name\":\"Catit Senses 2.0 Play Circuit - SHOPATOA.COM\",\"isPartOf\":{\"@id\":\"https:\\\/\\\/shopatoa.com\\\/cz\\\/#website\"},\"primaryImageOfPage\":{\"@id\":\"https:\\\/\\\/shopatoa.com\\\/cz\\\/catit-senses-2-0-play-circuit\\\/#primaryimage\"},\"image\":{\"@id\":\"https:\\\/\\\/shopatoa.com\\\/cz\\\/catit-senses-2-0-play-circuit\\\/#primaryimage\"},\"thumbnailUrl\":\"https:\\\/\\\/storage.googleapis.com\\\/cz-shopatoa-img\\\/cz\\\/5ecb42e6-1_38410.jpg\",\"datePublished\":\"2025-04-02T12:51:07+00:00\",\"dateModified\":\"2026-02-02T12:08:53+00:00\",\"breadcrumb\":{\"@id\":\"https:\\\/\\\/shopatoa.com\\\/cz\\\/catit-senses-2-0-play-circuit\\\/#breadcrumb\"},\"inLanguage\":\"cs\",\"potentialAction\":[{\"@type\":\"ReadAction\",\"target\":[\"https:\\\/\\\/shopatoa.com\\\/cz\\\/catit-senses-2-0-play-circuit\\\/\"]}]},{\"@type\":\"ImageObject\",\"inLanguage\":\"cs\",\"@id\":\"https:\\\/\\\/shopatoa.com\\\/cz\\\/catit-senses-2-0-play-circuit\\\/#primaryimage\",\"url\":\"https:\\\/\\\/storage.googleapis.com\\\/cz-shopatoa-img\\\/cz\\\/5ecb42e6-1_38410.jpg\",\"contentUrl\":\"https:\\\/\\\/storage.googleapis.com\\\/cz-shopatoa-img\\\/cz\\\/5ecb42e6-1_38410.jpg\",\"width\":600,\"height\":600},{\"@type\":\"BreadcrumbList\",\"@id\":\"https:\\\/\\\/shopatoa.com\\\/cz\\\/catit-senses-2-0-play-circuit\\\/#breadcrumb\",\"itemListElement\":[{\"@type\":\"ListItem\",\"position\":1,\"name\":\"Dom\u016f\",\"item\":\"https:\\\/\\\/shopatoa.com\\\/cz\\\/\"},{\"@type\":\"ListItem\",\"position\":2,\"name\":\"Produkty\",\"item\":\"https:\\\/\\\/shopatoa.com\\\/cz\\\/shop\\\/\"},{\"@type\":\"ListItem\",\"position\":3,\"name\":\"Hra\u010dky\",\"item\":\"https:\\\/\\\/shopatoa.com\\\/cz\\\/hracky\\\/\"},{\"@type\":\"ListItem\",\"position\":4,\"name\":\"Interaktivn\u00ed a robotick\u00e9 hra\u010dky\",\"item\":\"https:\\\/\\\/shopatoa.com\\\/cz\\\/interaktivni-a-roboticke-hracky\\\/\"},{\"@type\":\"ListItem\",\"position\":5,\"name\":\"Interaktivn\u00ed hra\u010dky\",\"item\":\"https:\\\/\\\/shopatoa.com\\\/cz\\\/interaktivni-hracky\\\/\"},{\"@type\":\"ListItem\",\"position\":6,\"name\":\"Catit Senses 2.0 Play Circuit\"}]},{\"@type\":\"WebSite\",\"@id\":\"https:\\\/\\\/shopatoa.com\\\/cz\\\/#website\",\"url\":\"https:\\\/\\\/shopatoa.com\\\/cz\\\/\",\"name\":\"SHOPATOA\",\"description\":\"\",\"publisher\":{\"@id\":\"https:\\\/\\\/shopatoa.com\\\/cz\\\/#organization\"},\"potentialAction\":[{\"@type\":\"SearchAction\",\"target\":{\"@type\":\"EntryPoint\",\"urlTemplate\":\"https:\\\/\\\/shopatoa.com\\\/cz\\\/?s={search_term_string}\"},\"query-input\":{\"@type\":\"PropertyValueSpecification\",\"valueRequired\":true,\"valueName\":\"search_term_string\"}}],\"inLanguage\":\"cs\"},{\"@type\":\"Organization\",\"@id\":\"https:\\\/\\\/shopatoa.com\\\/cz\\\/#organization\",\"name\":\"SHOPATOA Digital s.r.o.\",\"url\":\"https:\\\/\\\/shopatoa.com\\\/cz\\\/\",\"logo\":{\"@type\":\"ImageObject\",\"inLanguage\":\"cs\",\"@id\":\"https:\\\/\\\/shopatoa.com\\\/cz\\\/#\\\/schema\\\/logo\\\/image\\\/\",\"url\":\"https:\\\/\\\/storage.googleapis.com\\\/cz-shopatoa-img\\\/cz\\\/ebccf434-shopatoa_logo.png\",\"contentUrl\":\"https:\\\/\\\/storage.googleapis.com\\\/cz-shopatoa-img\\\/cz\\\/ebccf434-shopatoa_logo.png\",\"width\":416,\"height\":63,\"caption\":\"SHOPATOA Digital s.r.o.\"},\"image\":{\"@id\":\"https:\\\/\\\/shopatoa.com\\\/cz\\\/#\\\/schema\\\/logo\\\/image\\\/\"}}]}<\/script>\n<!-- \/ Yoast SEO plugin. -->","yoast_head_json":{"title":"Catit Senses 2.0 Play Circuit - SHOPATOA.COM","robots":{"index":"index","follow":"follow","max-snippet":"max-snippet:-1","max-image-preview":"max-image-preview:large","max-video-preview":"max-video-preview:-1"},"canonical":"https:\/\/shopatoa.com\/cz\/catit-senses-2-0-play-circuit\/","og_locale":"cs_CZ","og_type":"article","og_title":"Catit Senses 2.0 Play Circuit - SHOPATOA.COM","og_description":"Koulodr\u00e1ha pro ko\u010dky Po\u0159i\u010fte sv\u00e9 ko\u010dce koulodr\u00e1hu. Zajist\u00edte ji t\u00edm hodiny a hodiny hran\u00ed. \u00a0 Nov\u00e1 p\u0159\u00edm\u00e1 tra\u0165 umo\u017e\u0148uje kompatibilitu s ostatn\u00edmi produkty Senses 2.0 Zm\u011bny produktu\u00a0zahrnuj\u00ed p\u0159\u00edmou dr\u00e1hu, kter\u00e1 umo\u017e\u0148uje kompatibilitu s \u0161ir\u0161\u00edmi a stabiln\u011bj\u0161\u00edmi produkty Senses 2.0. Play Circuit m\u00e1 plochou z\u00e1kladnu, co\u017e je skv\u011bl\u00e9 pro rychlost stavby. Wave okruh nab\u00edz\u00ed r\u016fzn\u00e9 polohy...","og_url":"https:\/\/shopatoa.com\/cz\/catit-senses-2-0-play-circuit\/","og_site_name":"SHOPATOA","article_modified_time":"2026-02-02T12:08:53+00:00","og_image":[{"width":600,"height":600,"url":"https:\/\/storage.googleapis.com\/cz-shopatoa-img\/cz\/5ecb42e6-1_38410.jpg","type":"image\/jpeg"}],"twitter_card":"summary_large_image","twitter_misc":{"Odhadovan\u00e1 doba \u010dten\u00ed":"1 minuta"},"schema":{"@context":"https:\/\/schema.org","@graph":[{"@type":"WebPage","@id":"https:\/\/shopatoa.com\/cz\/catit-senses-2-0-play-circuit\/","url":"https:\/\/shopatoa.com\/cz\/catit-senses-2-0-play-circuit\/","name":"Catit Senses 2.0 Play Circuit - SHOPATOA.COM","isPartOf":{"@id":"https:\/\/shopatoa.com\/cz\/#website"},"primaryImageOfPage":{"@id":"https:\/\/shopatoa.com\/cz\/catit-senses-2-0-play-circuit\/#primaryimage"},"image":{"@id":"https:\/\/shopatoa.com\/cz\/catit-senses-2-0-play-circuit\/#primaryimage"},"thumbnailUrl":"https:\/\/storage.googleapis.com\/cz-shopatoa-img\/cz\/5ecb42e6-1_38410.jpg","datePublished":"2025-04-02T12:51:07+00:00","dateModified":"2026-02-02T12:08:53+00:00","breadcrumb":{"@id":"https:\/\/shopatoa.com\/cz\/catit-senses-2-0-play-circuit\/#breadcrumb"},"inLanguage":"cs","potentialAction":[{"@type":"ReadAction","target":["https:\/\/shopatoa.com\/cz\/catit-senses-2-0-play-circuit\/"]}]},{"@type":"ImageObject","inLanguage":"cs","@id":"https:\/\/shopatoa.com\/cz\/catit-senses-2-0-play-circuit\/#primaryimage","url":"https:\/\/storage.googleapis.com\/cz-shopatoa-img\/cz\/5ecb42e6-1_38410.jpg","contentUrl":"https:\/\/storage.googleapis.com\/cz-shopatoa-img\/cz\/5ecb42e6-1_38410.jpg","width":600,"height":600},{"@type":"BreadcrumbList","@id":"https:\/\/shopatoa.com\/cz\/catit-senses-2-0-play-circuit\/#breadcrumb","itemListElement":[{"@type":"ListItem","position":1,"name":"Dom\u016f","item":"https:\/\/shopatoa.com\/cz\/"},{"@type":"ListItem","position":2,"name":"Produkty","item":"https:\/\/shopatoa.com\/cz\/shop\/"},{"@type":"ListItem","position":3,"name":"Hra\u010dky","item":"https:\/\/shopatoa.com\/cz\/hracky\/"},{"@type":"ListItem","position":4,"name":"Interaktivn\u00ed a robotick\u00e9 hra\u010dky","item":"https:\/\/shopatoa.com\/cz\/interaktivni-a-roboticke-hracky\/"},{"@type":"ListItem","position":5,"name":"Interaktivn\u00ed hra\u010dky","item":"https:\/\/shopatoa.com\/cz\/interaktivni-hracky\/"},{"@type":"ListItem","position":6,"name":"Catit Senses 2.0 Play Circuit"}]},{"@type":"WebSite","@id":"https:\/\/shopatoa.com\/cz\/#website","url":"https:\/\/shopatoa.com\/cz\/","name":"SHOPATOA","description":"","publisher":{"@id":"https:\/\/shopatoa.com\/cz\/#organization"},"potentialAction":[{"@type":"SearchAction","target":{"@type":"EntryPoint","urlTemplate":"https:\/\/shopatoa.com\/cz\/?s={search_term_string}"},"query-input":{"@type":"PropertyValueSpecification","valueRequired":true,"valueName":"search_term_string"}}],"inLanguage":"cs"},{"@type":"Organization","@id":"https:\/\/shopatoa.com\/cz\/#organization","name":"SHOPATOA Digital s.r.o.","url":"https:\/\/shopatoa.com\/cz\/","logo":{"@type":"ImageObject","inLanguage":"cs","@id":"https:\/\/shopatoa.com\/cz\/#\/schema\/logo\/image\/","url":"https:\/\/storage.googleapis.com\/cz-shopatoa-img\/cz\/ebccf434-shopatoa_logo.png","contentUrl":"https:\/\/storage.googleapis.com\/cz-shopatoa-img\/cz\/ebccf434-shopatoa_logo.png","width":416,"height":63,"caption":"SHOPATOA Digital s.r.o."},"image":{"@id":"https:\/\/shopatoa.com\/cz\/#\/schema\/logo\/image\/"}}]}},"_links":{"self":[{"href":"https:\/\/shopatoa.com\/cz\/wp-json\/wp\/v2\/product\/244636","targetHints":{"allow":["GET"]}}],"collection":[{"href":"https:\/\/shopatoa.com\/cz\/wp-json\/wp\/v2\/product"}],"about":[{"href":"https:\/\/shopatoa.com\/cz\/wp-json\/wp\/v2\/types\/product"}],"replies":[{"embeddable":true,"href":"https:\/\/shopatoa.com\/cz\/wp-json\/wp\/v2\/comments?post=244636"}],"wp:featuredmedia":[{"embeddable":true,"href":"https:\/\/shopatoa.com\/cz\/wp-json\/wp\/v2\/media\/244637"}],"wp:attachment":[{"href":"https:\/\/shopatoa.com\/cz\/wp-json\/wp\/v2\/media?parent=244636"}],"wp:term":[{"taxonomy":"product_brand","embeddable":true,"href":"https:\/\/shopatoa.com\/cz\/wp-json\/wp\/v2\/product_brand?post=244636"},{"taxonomy":"product_cat","embeddable":true,"href":"https:\/\/shopatoa.com\/cz\/wp-json\/wp\/v2\/product_cat?post=244636"},{"taxonomy":"product_tag","embeddable":true,"href":"https:\/\/shopatoa.com\/cz\/wp-json\/wp\/v2\/product_tag?post=244636"}],"curies":[{"name":"wp","href":"https:\/\/api.w.org\/{rel}","templated":true}]}}