{"id":244714,"date":"2025-04-02T15:05:41","date_gmt":"2025-04-02T13:05:41","guid":{"rendered":"https:\/\/shopatoa.com\/cz\/?post_type=product&#038;p=244714"},"modified":"2026-02-02T05:49:43","modified_gmt":"2026-02-02T04:49:43","slug":"podestylka-rainforest-exo-terra-26-4l","status":"publish","type":"product","link":"https:\/\/shopatoa.com\/cz\/podestylka-rainforest-exo-terra-26-4l\/","title":{"rendered":"Podest\u00fdlka Rainforest Exo Terra 26.4l"},"content":{"rendered":"<p>Podest\u00fdlka Rainforest Exo Terra \u00a0100% p\u0159\u00edrodn\u00ed podest\u00fdlka z k\u016fry a mechu<\/p>\n<p>\u00b7 \u00a0Ide\u00e1ln\u00ed pro subtropick\u00e1 ter\u00e1ria p\u0159\u00edrodn\u00edho vzhledu<\/p>\n<p>\u00b7 \u00a0Perfektn\u00ed pro plazy, kter\u00fdm vyhovuje vlhk\u00e9 prost\u0159ed\u00ed<\/p>\n<p>\u00b7 \u00a0Podporuje p\u0159irozen\u00e9 n\u00e1vyky<\/p>\n<p>\u00b7 \u00a0Vhodn\u00fd substr\u00e1t pro \u017eiv\u00e9 rostliny \u00a0<\/p>\n<p>\u00b7 \u00a0Udr\u017euje optim\u00e1ln\u00ed vlhkost \u00a0<\/p>\n<p>\u00b7 \u00a0Neutralizuje z\u00e1pach \u00a0<\/p>\n<p>N\u00e1vod k pou\u017eit\u00ed: Na dno ter\u00e1ria rozprost\u0159ete 3- \u00a05 centimetrovou vrstvu podest\u00fdlky (nebo 10 cm jsou-li v ter\u00e1riu \u017eiv\u00e9 rostliny). Pou\u017e\u00edvejte vlhkom\u011br EXO TERRA a pravideln\u011b kontrolujte, zda je vlhkost vzduchu v ter\u00e1riu adekv\u00e1tn\u00ed pot\u0159eb\u00e1m chovan\u00fdch terarijn\u00edch \u017eivo\u010dich\u016f. Neumis\u0165ujte podest\u00fdlku do krmn\u00fdch \u00a0\u010d\u00e1st\u00ed ter\u00e1ria. \u00a0Necht\u011bn\u00e9 spolknut\u00ed k\u016fry, m\u016f\u017ee \u017eivo\u010dich\u016fm zp\u016fsobit z\u00e1cpu, \u010di \u00a0jin\u00e9 za\u017e\u00edvac\u00ed probl\u00e9my.<\/p>\n","protected":false},"excerpt":{"rendered":"<p>Podest\u00fdlka Rainforest Exo Terra \u00a0100% p\u0159\u00edrodn\u00ed podest\u00fdlka z k\u016fry a mechu \u00b7 \u00a0Ide\u00e1ln\u00ed pro subtropick\u00e1 ter\u00e1ria p\u0159\u00edrodn\u00edho vzhledu \u00b7 \u00a0Perfektn\u00ed pro plazy, kter\u00fdm vyhovuje vlhk\u00e9 prost\u0159ed\u00ed \u00b7 \u00a0Podporuje p\u0159irozen\u00e9 n\u00e1vyky \u00b7 \u00a0Vhodn\u00fd substr\u00e1t pro \u017eiv\u00e9 rostliny \u00a0 \u00b7 \u00a0Udr\u017euje optim\u00e1ln\u00ed vlhkost \u00a0 \u00b7 \u00a0Neutralizuje z\u00e1pach \u00a0 N\u00e1vod k pou\u017eit\u00ed: Na dno ter\u00e1ria rozprost\u0159ete 3- \u00a05&#8230;<\/p>\n","protected":false},"featured_media":244715,"comment_status":"closed","ping_status":"open","template":"","meta":{"_acf_changed":false,"_kadence_starter_templates_imported_post":false,"_kad_post_transparent":"","_kad_post_title":"","_kad_post_layout":"","_kad_post_sidebar_id":"","_kad_post_content_style":"","_kad_post_vertical_padding":"","_kad_post_feature":"","_kad_post_feature_position":"","_kad_post_header":false,"_kad_post_footer":false,"_kad_post_classname":""},"product_brand":[2552],"product_cat":[436,2559,2528,2557],"product_tag":[],"class_list":{"0":"post-244714","1":"product","2":"type-product","3":"status-publish","4":"has-post-thumbnail","6":"product_brand-exo-terra","7":"product_cat-chovatelske-potreby-2","8":"product_cat-pisky-a-substraty-do-terarii","9":"product_cat-teraristika","10":"product_cat-vybaveni-terarii","11":"pa_obchod-superzoo-cz","13":"first","14":"instock","15":"product-type-external","16":"entry","17":"content-bg","18":"loop-entry"},"acf":[],"yoast_head":"<!-- This site is optimized with the Yoast SEO plugin v27.4 - https:\/\/yoast.com\/product\/yoast-seo-wordpress\/ -->\n<title>Podest\u00fdlka Rainforest Exo Terra 26.4l - SHOPATOA.COM<\/title>\n<meta name=\"robots\" content=\"index, follow, max-snippet:-1, max-image-preview:large, max-video-preview:-1\" \/>\n<link rel=\"canonical\" href=\"https:\/\/shopatoa.com\/cz\/podestylka-rainforest-exo-terra-26-4l\/\" \/>\n<meta property=\"og:locale\" content=\"cs_CZ\" \/>\n<meta property=\"og:type\" content=\"article\" \/>\n<meta property=\"og:title\" content=\"Podest\u00fdlka Rainforest Exo Terra 26.4l - SHOPATOA.COM\" \/>\n<meta property=\"og:description\" content=\"Podest\u00fdlka Rainforest Exo Terra \u00a0100% p\u0159\u00edrodn\u00ed podest\u00fdlka z k\u016fry a mechu \u00b7 \u00a0Ide\u00e1ln\u00ed pro subtropick\u00e1 ter\u00e1ria p\u0159\u00edrodn\u00edho vzhledu \u00b7 \u00a0Perfektn\u00ed pro plazy, kter\u00fdm vyhovuje vlhk\u00e9 prost\u0159ed\u00ed \u00b7 \u00a0Podporuje p\u0159irozen\u00e9 n\u00e1vyky \u00b7 \u00a0Vhodn\u00fd substr\u00e1t pro \u017eiv\u00e9 rostliny \u00a0 \u00b7 \u00a0Udr\u017euje optim\u00e1ln\u00ed vlhkost \u00a0 \u00b7 \u00a0Neutralizuje z\u00e1pach \u00a0 N\u00e1vod k pou\u017eit\u00ed: Na dno ter\u00e1ria rozprost\u0159ete 3- \u00a05...\" \/>\n<meta property=\"og:url\" content=\"https:\/\/shopatoa.com\/cz\/podestylka-rainforest-exo-terra-26-4l\/\" \/>\n<meta property=\"og:site_name\" content=\"SHOPATOA\" \/>\n<meta property=\"article:modified_time\" content=\"2026-02-02T04:49:43+00:00\" \/>\n<meta property=\"og:image\" content=\"https:\/\/storage.googleapis.com\/cz-shopatoa-img\/cz\/6bf8bdb7-1_38752.jpg\" \/>\n\t<meta property=\"og:image:width\" content=\"600\" \/>\n\t<meta property=\"og:image:height\" content=\"600\" \/>\n\t<meta property=\"og:image:type\" content=\"image\/jpeg\" \/>\n<meta name=\"twitter:card\" content=\"summary_large_image\" \/>\n<meta name=\"twitter:label1\" content=\"Odhadovan\u00e1 doba \u010dten\u00ed\" \/>\n\t<meta name=\"twitter:data1\" content=\"1 minuta\" \/>\n<script type=\"application\/ld+json\" class=\"yoast-schema-graph\">{\"@context\":\"https:\\\/\\\/schema.org\",\"@graph\":[{\"@type\":\"WebPage\",\"@id\":\"https:\\\/\\\/shopatoa.com\\\/cz\\\/podestylka-rainforest-exo-terra-26-4l\\\/\",\"url\":\"https:\\\/\\\/shopatoa.com\\\/cz\\\/podestylka-rainforest-exo-terra-26-4l\\\/\",\"name\":\"Podest\u00fdlka Rainforest Exo Terra 26.4l - SHOPATOA.COM\",\"isPartOf\":{\"@id\":\"https:\\\/\\\/shopatoa.com\\\/cz\\\/#website\"},\"primaryImageOfPage\":{\"@id\":\"https:\\\/\\\/shopatoa.com\\\/cz\\\/podestylka-rainforest-exo-terra-26-4l\\\/#primaryimage\"},\"image\":{\"@id\":\"https:\\\/\\\/shopatoa.com\\\/cz\\\/podestylka-rainforest-exo-terra-26-4l\\\/#primaryimage\"},\"thumbnailUrl\":\"https:\\\/\\\/storage.googleapis.com\\\/cz-shopatoa-img\\\/cz\\\/6bf8bdb7-1_38752.jpg\",\"datePublished\":\"2025-04-02T13:05:41+00:00\",\"dateModified\":\"2026-02-02T04:49:43+00:00\",\"breadcrumb\":{\"@id\":\"https:\\\/\\\/shopatoa.com\\\/cz\\\/podestylka-rainforest-exo-terra-26-4l\\\/#breadcrumb\"},\"inLanguage\":\"cs\",\"potentialAction\":[{\"@type\":\"ReadAction\",\"target\":[\"https:\\\/\\\/shopatoa.com\\\/cz\\\/podestylka-rainforest-exo-terra-26-4l\\\/\"]}]},{\"@type\":\"ImageObject\",\"inLanguage\":\"cs\",\"@id\":\"https:\\\/\\\/shopatoa.com\\\/cz\\\/podestylka-rainforest-exo-terra-26-4l\\\/#primaryimage\",\"url\":\"https:\\\/\\\/storage.googleapis.com\\\/cz-shopatoa-img\\\/cz\\\/6bf8bdb7-1_38752.jpg\",\"contentUrl\":\"https:\\\/\\\/storage.googleapis.com\\\/cz-shopatoa-img\\\/cz\\\/6bf8bdb7-1_38752.jpg\",\"width\":600,\"height\":600},{\"@type\":\"BreadcrumbList\",\"@id\":\"https:\\\/\\\/shopatoa.com\\\/cz\\\/podestylka-rainforest-exo-terra-26-4l\\\/#breadcrumb\",\"itemListElement\":[{\"@type\":\"ListItem\",\"position\":1,\"name\":\"Dom\u016f\",\"item\":\"https:\\\/\\\/shopatoa.com\\\/cz\\\/\"},{\"@type\":\"ListItem\",\"position\":2,\"name\":\"Produkty\",\"item\":\"https:\\\/\\\/shopatoa.com\\\/cz\\\/shop\\\/\"},{\"@type\":\"ListItem\",\"position\":3,\"name\":\"Chovatelsk\u00e9 pot\u0159eby\",\"item\":\"https:\\\/\\\/shopatoa.com\\\/cz\\\/chovatelske-potreby-2\\\/\"},{\"@type\":\"ListItem\",\"position\":4,\"name\":\"Teraristika\",\"item\":\"https:\\\/\\\/shopatoa.com\\\/cz\\\/teraristika\\\/\"},{\"@type\":\"ListItem\",\"position\":5,\"name\":\"Vybaven\u00ed ter\u00e1ri\u00ed\",\"item\":\"https:\\\/\\\/shopatoa.com\\\/cz\\\/vybaveni-terarii\\\/\"},{\"@type\":\"ListItem\",\"position\":6,\"name\":\"P\u00edsky a substr\u00e1ty do ter\u00e1ri\u00ed\",\"item\":\"https:\\\/\\\/shopatoa.com\\\/cz\\\/pisky-a-substraty-do-terarii\\\/\"},{\"@type\":\"ListItem\",\"position\":7,\"name\":\"Podest\u00fdlka Rainforest Exo Terra 26.4l\"}]},{\"@type\":\"WebSite\",\"@id\":\"https:\\\/\\\/shopatoa.com\\\/cz\\\/#website\",\"url\":\"https:\\\/\\\/shopatoa.com\\\/cz\\\/\",\"name\":\"SHOPATOA\",\"description\":\"\",\"publisher\":{\"@id\":\"https:\\\/\\\/shopatoa.com\\\/cz\\\/#organization\"},\"potentialAction\":[{\"@type\":\"SearchAction\",\"target\":{\"@type\":\"EntryPoint\",\"urlTemplate\":\"https:\\\/\\\/shopatoa.com\\\/cz\\\/?s={search_term_string}\"},\"query-input\":{\"@type\":\"PropertyValueSpecification\",\"valueRequired\":true,\"valueName\":\"search_term_string\"}}],\"inLanguage\":\"cs\"},{\"@type\":\"Organization\",\"@id\":\"https:\\\/\\\/shopatoa.com\\\/cz\\\/#organization\",\"name\":\"SHOPATOA Digital s.r.o.\",\"url\":\"https:\\\/\\\/shopatoa.com\\\/cz\\\/\",\"logo\":{\"@type\":\"ImageObject\",\"inLanguage\":\"cs\",\"@id\":\"https:\\\/\\\/shopatoa.com\\\/cz\\\/#\\\/schema\\\/logo\\\/image\\\/\",\"url\":\"https:\\\/\\\/storage.googleapis.com\\\/cz-shopatoa-img\\\/cz\\\/ebccf434-shopatoa_logo.png\",\"contentUrl\":\"https:\\\/\\\/storage.googleapis.com\\\/cz-shopatoa-img\\\/cz\\\/ebccf434-shopatoa_logo.png\",\"width\":416,\"height\":63,\"caption\":\"SHOPATOA Digital s.r.o.\"},\"image\":{\"@id\":\"https:\\\/\\\/shopatoa.com\\\/cz\\\/#\\\/schema\\\/logo\\\/image\\\/\"}}]}<\/script>\n<!-- \/ Yoast SEO plugin. -->","yoast_head_json":{"title":"Podest\u00fdlka Rainforest Exo Terra 26.4l - SHOPATOA.COM","robots":{"index":"index","follow":"follow","max-snippet":"max-snippet:-1","max-image-preview":"max-image-preview:large","max-video-preview":"max-video-preview:-1"},"canonical":"https:\/\/shopatoa.com\/cz\/podestylka-rainforest-exo-terra-26-4l\/","og_locale":"cs_CZ","og_type":"article","og_title":"Podest\u00fdlka Rainforest Exo Terra 26.4l - SHOPATOA.COM","og_description":"Podest\u00fdlka Rainforest Exo Terra \u00a0100% p\u0159\u00edrodn\u00ed podest\u00fdlka z k\u016fry a mechu \u00b7 \u00a0Ide\u00e1ln\u00ed pro subtropick\u00e1 ter\u00e1ria p\u0159\u00edrodn\u00edho vzhledu \u00b7 \u00a0Perfektn\u00ed pro plazy, kter\u00fdm vyhovuje vlhk\u00e9 prost\u0159ed\u00ed \u00b7 \u00a0Podporuje p\u0159irozen\u00e9 n\u00e1vyky \u00b7 \u00a0Vhodn\u00fd substr\u00e1t pro \u017eiv\u00e9 rostliny \u00a0 \u00b7 \u00a0Udr\u017euje optim\u00e1ln\u00ed vlhkost \u00a0 \u00b7 \u00a0Neutralizuje z\u00e1pach \u00a0 N\u00e1vod k pou\u017eit\u00ed: Na dno ter\u00e1ria rozprost\u0159ete 3- \u00a05...","og_url":"https:\/\/shopatoa.com\/cz\/podestylka-rainforest-exo-terra-26-4l\/","og_site_name":"SHOPATOA","article_modified_time":"2026-02-02T04:49:43+00:00","og_image":[{"width":600,"height":600,"url":"https:\/\/storage.googleapis.com\/cz-shopatoa-img\/cz\/6bf8bdb7-1_38752.jpg","type":"image\/jpeg"}],"twitter_card":"summary_large_image","twitter_misc":{"Odhadovan\u00e1 doba \u010dten\u00ed":"1 minuta"},"schema":{"@context":"https:\/\/schema.org","@graph":[{"@type":"WebPage","@id":"https:\/\/shopatoa.com\/cz\/podestylka-rainforest-exo-terra-26-4l\/","url":"https:\/\/shopatoa.com\/cz\/podestylka-rainforest-exo-terra-26-4l\/","name":"Podest\u00fdlka Rainforest Exo Terra 26.4l - SHOPATOA.COM","isPartOf":{"@id":"https:\/\/shopatoa.com\/cz\/#website"},"primaryImageOfPage":{"@id":"https:\/\/shopatoa.com\/cz\/podestylka-rainforest-exo-terra-26-4l\/#primaryimage"},"image":{"@id":"https:\/\/shopatoa.com\/cz\/podestylka-rainforest-exo-terra-26-4l\/#primaryimage"},"thumbnailUrl":"https:\/\/storage.googleapis.com\/cz-shopatoa-img\/cz\/6bf8bdb7-1_38752.jpg","datePublished":"2025-04-02T13:05:41+00:00","dateModified":"2026-02-02T04:49:43+00:00","breadcrumb":{"@id":"https:\/\/shopatoa.com\/cz\/podestylka-rainforest-exo-terra-26-4l\/#breadcrumb"},"inLanguage":"cs","potentialAction":[{"@type":"ReadAction","target":["https:\/\/shopatoa.com\/cz\/podestylka-rainforest-exo-terra-26-4l\/"]}]},{"@type":"ImageObject","inLanguage":"cs","@id":"https:\/\/shopatoa.com\/cz\/podestylka-rainforest-exo-terra-26-4l\/#primaryimage","url":"https:\/\/storage.googleapis.com\/cz-shopatoa-img\/cz\/6bf8bdb7-1_38752.jpg","contentUrl":"https:\/\/storage.googleapis.com\/cz-shopatoa-img\/cz\/6bf8bdb7-1_38752.jpg","width":600,"height":600},{"@type":"BreadcrumbList","@id":"https:\/\/shopatoa.com\/cz\/podestylka-rainforest-exo-terra-26-4l\/#breadcrumb","itemListElement":[{"@type":"ListItem","position":1,"name":"Dom\u016f","item":"https:\/\/shopatoa.com\/cz\/"},{"@type":"ListItem","position":2,"name":"Produkty","item":"https:\/\/shopatoa.com\/cz\/shop\/"},{"@type":"ListItem","position":3,"name":"Chovatelsk\u00e9 pot\u0159eby","item":"https:\/\/shopatoa.com\/cz\/chovatelske-potreby-2\/"},{"@type":"ListItem","position":4,"name":"Teraristika","item":"https:\/\/shopatoa.com\/cz\/teraristika\/"},{"@type":"ListItem","position":5,"name":"Vybaven\u00ed ter\u00e1ri\u00ed","item":"https:\/\/shopatoa.com\/cz\/vybaveni-terarii\/"},{"@type":"ListItem","position":6,"name":"P\u00edsky a substr\u00e1ty do ter\u00e1ri\u00ed","item":"https:\/\/shopatoa.com\/cz\/pisky-a-substraty-do-terarii\/"},{"@type":"ListItem","position":7,"name":"Podest\u00fdlka Rainforest Exo Terra 26.4l"}]},{"@type":"WebSite","@id":"https:\/\/shopatoa.com\/cz\/#website","url":"https:\/\/shopatoa.com\/cz\/","name":"SHOPATOA","description":"","publisher":{"@id":"https:\/\/shopatoa.com\/cz\/#organization"},"potentialAction":[{"@type":"SearchAction","target":{"@type":"EntryPoint","urlTemplate":"https:\/\/shopatoa.com\/cz\/?s={search_term_string}"},"query-input":{"@type":"PropertyValueSpecification","valueRequired":true,"valueName":"search_term_string"}}],"inLanguage":"cs"},{"@type":"Organization","@id":"https:\/\/shopatoa.com\/cz\/#organization","name":"SHOPATOA Digital s.r.o.","url":"https:\/\/shopatoa.com\/cz\/","logo":{"@type":"ImageObject","inLanguage":"cs","@id":"https:\/\/shopatoa.com\/cz\/#\/schema\/logo\/image\/","url":"https:\/\/storage.googleapis.com\/cz-shopatoa-img\/cz\/ebccf434-shopatoa_logo.png","contentUrl":"https:\/\/storage.googleapis.com\/cz-shopatoa-img\/cz\/ebccf434-shopatoa_logo.png","width":416,"height":63,"caption":"SHOPATOA Digital s.r.o."},"image":{"@id":"https:\/\/shopatoa.com\/cz\/#\/schema\/logo\/image\/"}}]}},"_links":{"self":[{"href":"https:\/\/shopatoa.com\/cz\/wp-json\/wp\/v2\/product\/244714","targetHints":{"allow":["GET"]}}],"collection":[{"href":"https:\/\/shopatoa.com\/cz\/wp-json\/wp\/v2\/product"}],"about":[{"href":"https:\/\/shopatoa.com\/cz\/wp-json\/wp\/v2\/types\/product"}],"replies":[{"embeddable":true,"href":"https:\/\/shopatoa.com\/cz\/wp-json\/wp\/v2\/comments?post=244714"}],"wp:featuredmedia":[{"embeddable":true,"href":"https:\/\/shopatoa.com\/cz\/wp-json\/wp\/v2\/media\/244715"}],"wp:attachment":[{"href":"https:\/\/shopatoa.com\/cz\/wp-json\/wp\/v2\/media?parent=244714"}],"wp:term":[{"taxonomy":"product_brand","embeddable":true,"href":"https:\/\/shopatoa.com\/cz\/wp-json\/wp\/v2\/product_brand?post=244714"},{"taxonomy":"product_cat","embeddable":true,"href":"https:\/\/shopatoa.com\/cz\/wp-json\/wp\/v2\/product_cat?post=244714"},{"taxonomy":"product_tag","embeddable":true,"href":"https:\/\/shopatoa.com\/cz\/wp-json\/wp\/v2\/product_tag?post=244714"}],"curies":[{"name":"wp","href":"https:\/\/api.w.org\/{rel}","templated":true}]}}