{"id":244716,"date":"2025-04-02T15:05:49","date_gmt":"2025-04-02T13:05:49","guid":{"rendered":"https:\/\/shopatoa.com\/cz\/?post_type=product&#038;p=244716"},"modified":"2026-01-30T01:19:37","modified_gmt":"2026-01-30T00:19:37","slug":"tablety-pro-psy-a-kocky-beaphar-no-stress-20-tablet","status":"publish","type":"product","link":"https:\/\/shopatoa.com\/cz\/tablety-pro-psy-a-kocky-beaphar-no-stress-20-tablet\/","title":{"rendered":"Tablety pro psy a ko\u010dky Beaphar No Stress 20 tablet"},"content":{"rendered":"<p>Zklid\u0148uj\u00edc\u00ed tablety No Stress jsou dopl\u0148kov\u00e9 krmivo pro psy a ko\u010dky. Jsou vhodn\u00e9 pro uklidn\u011bn\u00ed a odstran\u011bn\u00ed stresu p\u0159i nadm\u011brn\u00e9m \u0161t\u011bk\u00e1n\u00ed, m\u0148ouk\u00e1n\u00ed a k\u0148u\u010den\u00ed, proti strachu z\u00a0odlou\u010den\u00ed, p\u0159i n\u00e1v\u0161t\u011bv\u00e1ch veterin\u00e1rn\u00edho l\u00e9ka\u0159e, v obdob\u00ed cestov\u00e1n\u00ed \u010di st\u011bhov\u00e1n\u00ed, p\u0159i bou\u0159k\u00e1ch a oh\u0148ostroj\u00edch.<\/p>\n<p>\tObsahuj\u00ed v\u00fdta\u017eky z l\u00e9\u010div\u00fdch rostlin jako je medu\u0148ka, rozmar\u00fdn, l\u00edpa a chmel<br \/>\n\tVhodn\u00e9 pro psy a ko\u010dky v\u0161ech plemen a v\u011bkov\u00fdch kategori\u00ed<\/p>\n<p>N\u00e1vod k pou\u017eit\u00ed: Tablety m\u016f\u017eete pod\u00e1vat p\u0159\u00edmo nebo do krmiva.<\/p>\n<p>D\u00e1vkov\u00e1n\u00ed:<br \/>\nKo\u010dk\u00e1m a ps\u016fm mal\u00fdch plemen \u2013 0,5 tablety<br \/>\nPs\u016fm st\u0159edn\u00edch plemen \u2013 1 tableta<br \/>\nPs\u016fm velk\u00fdch plemen \u2013 2 tablety<\/p>\n<p>\u00da\u010dinek se projev\u00ed za 1,5 hodiny po po\u017eit\u00ed. Aplikaci je mo\u017eno opakovat po 2,5 hodin\u00e1ch. Nepod\u00e1vejte v\u00edce jak 3x denn\u011b.<br \/>\nM\u016f\u017ee zp\u016fsobit alergick\u00e9 reakce.<\/p>\n<p>Slo\u017een\u00ed: vedlej\u0161\u00ed produkty rostlinn\u00e9ho p\u016fvodu (l\u00e9\u010div\u00e9 rostliny: medu\u0148ka 16 %, rozmar\u00fdn 8,1 %, lipov\u00fd kv\u011bt 4,9 %, chmelov\u00e9 \u0161i\u0161ky 3,3 %), ml\u00e9ko a ml\u00e9\u010dn\u00e9 v\u00fdrobky, miner\u00e1ln\u00ed l\u00e1tky, obiloviny<\/p>\n<p>Analytick\u00e9 slo\u017eky: hrub\u00fd&#8230;<\/p>\n","protected":false},"excerpt":{"rendered":"<p>Zklid\u0148uj\u00edc\u00ed tablety No Stress jsou dopl\u0148kov\u00e9 krmivo pro psy a ko\u010dky. Jsou vhodn\u00e9 pro uklidn\u011bn\u00ed a odstran\u011bn\u00ed stresu p\u0159i nadm\u011brn\u00e9m \u0161t\u011bk\u00e1n\u00ed, m\u0148ouk\u00e1n\u00ed a k\u0148u\u010den\u00ed, proti strachu z\u00a0odlou\u010den\u00ed, p\u0159i n\u00e1v\u0161t\u011bv\u00e1ch veterin\u00e1rn\u00edho l\u00e9ka\u0159e, v obdob\u00ed cestov\u00e1n\u00ed \u010di st\u011bhov\u00e1n\u00ed, p\u0159i bou\u0159k\u00e1ch a oh\u0148ostroj\u00edch. Obsahuj\u00ed v\u00fdta\u017eky z l\u00e9\u010div\u00fdch rostlin jako je medu\u0148ka, rozmar\u00fdn, l\u00edpa a chmel Vhodn\u00e9 pro psy&#8230;<\/p>\n","protected":false},"featured_media":244717,"comment_status":"closed","ping_status":"open","template":"","meta":{"_acf_changed":false,"_kadence_starter_templates_imported_post":false,"_kad_post_transparent":"","_kad_post_title":"","_kad_post_layout":"","_kad_post_sidebar_id":"","_kad_post_content_style":"","_kad_post_vertical_padding":"","_kad_post_feature":"","_kad_post_feature_position":"","_kad_post_header":false,"_kad_post_footer":false,"_kad_post_classname":""},"product_brand":[2037],"product_cat":[153,2642],"product_tag":[],"class_list":{"0":"post-244716","1":"product","2":"type-product","3":"status-publish","4":"has-post-thumbnail","6":"product_brand-beaphar","7":"product_cat-hobby","8":"product_cat-zabava","9":"pa_obchod-superzoo-cz","11":"first","12":"instock","13":"product-type-external","14":"entry","15":"content-bg","16":"loop-entry"},"acf":[],"yoast_head":"<!-- This site is optimized with the Yoast SEO plugin v27.4 - https:\/\/yoast.com\/product\/yoast-seo-wordpress\/ -->\n<title>Tablety pro psy a ko\u010dky Beaphar No Stress 20 tablet - SHOPATOA.COM<\/title>\n<meta name=\"robots\" content=\"index, follow, max-snippet:-1, max-image-preview:large, max-video-preview:-1\" \/>\n<link rel=\"canonical\" href=\"https:\/\/shopatoa.com\/cz\/tablety-pro-psy-a-kocky-beaphar-no-stress-20-tablet\/\" \/>\n<meta property=\"og:locale\" content=\"cs_CZ\" \/>\n<meta property=\"og:type\" content=\"article\" \/>\n<meta property=\"og:title\" content=\"Tablety pro psy a ko\u010dky Beaphar No Stress 20 tablet - SHOPATOA.COM\" \/>\n<meta property=\"og:description\" content=\"Zklid\u0148uj\u00edc\u00ed tablety No Stress jsou dopl\u0148kov\u00e9 krmivo pro psy a ko\u010dky. Jsou vhodn\u00e9 pro uklidn\u011bn\u00ed a odstran\u011bn\u00ed stresu p\u0159i nadm\u011brn\u00e9m \u0161t\u011bk\u00e1n\u00ed, m\u0148ouk\u00e1n\u00ed a k\u0148u\u010den\u00ed, proti strachu z\u00a0odlou\u010den\u00ed, p\u0159i n\u00e1v\u0161t\u011bv\u00e1ch veterin\u00e1rn\u00edho l\u00e9ka\u0159e, v obdob\u00ed cestov\u00e1n\u00ed \u010di st\u011bhov\u00e1n\u00ed, p\u0159i bou\u0159k\u00e1ch a oh\u0148ostroj\u00edch. Obsahuj\u00ed v\u00fdta\u017eky z l\u00e9\u010div\u00fdch rostlin jako je medu\u0148ka, rozmar\u00fdn, l\u00edpa a chmel Vhodn\u00e9 pro psy...\" \/>\n<meta property=\"og:url\" content=\"https:\/\/shopatoa.com\/cz\/tablety-pro-psy-a-kocky-beaphar-no-stress-20-tablet\/\" \/>\n<meta property=\"og:site_name\" content=\"SHOPATOA\" \/>\n<meta property=\"article:modified_time\" content=\"2026-01-30T00:19:37+00:00\" \/>\n<meta property=\"og:image\" content=\"https:\/\/storage.googleapis.com\/cz-shopatoa-img\/cz\/69b93222-1_38757.jpg\" \/>\n\t<meta property=\"og:image:width\" content=\"600\" \/>\n\t<meta property=\"og:image:height\" content=\"600\" \/>\n\t<meta property=\"og:image:type\" content=\"image\/jpeg\" \/>\n<meta name=\"twitter:card\" content=\"summary_large_image\" \/>\n<meta name=\"twitter:label1\" content=\"Odhadovan\u00e1 doba \u010dten\u00ed\" \/>\n\t<meta name=\"twitter:data1\" content=\"1 minuta\" \/>\n<script type=\"application\/ld+json\" class=\"yoast-schema-graph\">{\"@context\":\"https:\\\/\\\/schema.org\",\"@graph\":[{\"@type\":\"WebPage\",\"@id\":\"https:\\\/\\\/shopatoa.com\\\/cz\\\/tablety-pro-psy-a-kocky-beaphar-no-stress-20-tablet\\\/\",\"url\":\"https:\\\/\\\/shopatoa.com\\\/cz\\\/tablety-pro-psy-a-kocky-beaphar-no-stress-20-tablet\\\/\",\"name\":\"Tablety pro psy a ko\u010dky Beaphar No Stress 20 tablet - SHOPATOA.COM\",\"isPartOf\":{\"@id\":\"https:\\\/\\\/shopatoa.com\\\/cz\\\/#website\"},\"primaryImageOfPage\":{\"@id\":\"https:\\\/\\\/shopatoa.com\\\/cz\\\/tablety-pro-psy-a-kocky-beaphar-no-stress-20-tablet\\\/#primaryimage\"},\"image\":{\"@id\":\"https:\\\/\\\/shopatoa.com\\\/cz\\\/tablety-pro-psy-a-kocky-beaphar-no-stress-20-tablet\\\/#primaryimage\"},\"thumbnailUrl\":\"https:\\\/\\\/storage.googleapis.com\\\/cz-shopatoa-img\\\/cz\\\/69b93222-1_38757.jpg\",\"datePublished\":\"2025-04-02T13:05:49+00:00\",\"dateModified\":\"2026-01-30T00:19:37+00:00\",\"breadcrumb\":{\"@id\":\"https:\\\/\\\/shopatoa.com\\\/cz\\\/tablety-pro-psy-a-kocky-beaphar-no-stress-20-tablet\\\/#breadcrumb\"},\"inLanguage\":\"cs\",\"potentialAction\":[{\"@type\":\"ReadAction\",\"target\":[\"https:\\\/\\\/shopatoa.com\\\/cz\\\/tablety-pro-psy-a-kocky-beaphar-no-stress-20-tablet\\\/\"]}]},{\"@type\":\"ImageObject\",\"inLanguage\":\"cs\",\"@id\":\"https:\\\/\\\/shopatoa.com\\\/cz\\\/tablety-pro-psy-a-kocky-beaphar-no-stress-20-tablet\\\/#primaryimage\",\"url\":\"https:\\\/\\\/storage.googleapis.com\\\/cz-shopatoa-img\\\/cz\\\/69b93222-1_38757.jpg\",\"contentUrl\":\"https:\\\/\\\/storage.googleapis.com\\\/cz-shopatoa-img\\\/cz\\\/69b93222-1_38757.jpg\",\"width\":600,\"height\":600},{\"@type\":\"BreadcrumbList\",\"@id\":\"https:\\\/\\\/shopatoa.com\\\/cz\\\/tablety-pro-psy-a-kocky-beaphar-no-stress-20-tablet\\\/#breadcrumb\",\"itemListElement\":[{\"@type\":\"ListItem\",\"position\":1,\"name\":\"Dom\u016f\",\"item\":\"https:\\\/\\\/shopatoa.com\\\/cz\\\/\"},{\"@type\":\"ListItem\",\"position\":2,\"name\":\"Produkty\",\"item\":\"https:\\\/\\\/shopatoa.com\\\/cz\\\/shop\\\/\"},{\"@type\":\"ListItem\",\"position\":3,\"name\":\"Hobby\",\"item\":\"https:\\\/\\\/shopatoa.com\\\/cz\\\/hobby\\\/\"},{\"@type\":\"ListItem\",\"position\":4,\"name\":\"Z\u00e1bava\",\"item\":\"https:\\\/\\\/shopatoa.com\\\/cz\\\/zabava\\\/\"},{\"@type\":\"ListItem\",\"position\":5,\"name\":\"Tablety pro psy a ko\u010dky Beaphar No Stress 20 tablet\"}]},{\"@type\":\"WebSite\",\"@id\":\"https:\\\/\\\/shopatoa.com\\\/cz\\\/#website\",\"url\":\"https:\\\/\\\/shopatoa.com\\\/cz\\\/\",\"name\":\"SHOPATOA\",\"description\":\"\",\"publisher\":{\"@id\":\"https:\\\/\\\/shopatoa.com\\\/cz\\\/#organization\"},\"potentialAction\":[{\"@type\":\"SearchAction\",\"target\":{\"@type\":\"EntryPoint\",\"urlTemplate\":\"https:\\\/\\\/shopatoa.com\\\/cz\\\/?s={search_term_string}\"},\"query-input\":{\"@type\":\"PropertyValueSpecification\",\"valueRequired\":true,\"valueName\":\"search_term_string\"}}],\"inLanguage\":\"cs\"},{\"@type\":\"Organization\",\"@id\":\"https:\\\/\\\/shopatoa.com\\\/cz\\\/#organization\",\"name\":\"SHOPATOA Digital s.r.o.\",\"url\":\"https:\\\/\\\/shopatoa.com\\\/cz\\\/\",\"logo\":{\"@type\":\"ImageObject\",\"inLanguage\":\"cs\",\"@id\":\"https:\\\/\\\/shopatoa.com\\\/cz\\\/#\\\/schema\\\/logo\\\/image\\\/\",\"url\":\"https:\\\/\\\/storage.googleapis.com\\\/cz-shopatoa-img\\\/cz\\\/ebccf434-shopatoa_logo.png\",\"contentUrl\":\"https:\\\/\\\/storage.googleapis.com\\\/cz-shopatoa-img\\\/cz\\\/ebccf434-shopatoa_logo.png\",\"width\":416,\"height\":63,\"caption\":\"SHOPATOA Digital s.r.o.\"},\"image\":{\"@id\":\"https:\\\/\\\/shopatoa.com\\\/cz\\\/#\\\/schema\\\/logo\\\/image\\\/\"}}]}<\/script>\n<!-- \/ Yoast SEO plugin. -->","yoast_head_json":{"title":"Tablety pro psy a ko\u010dky Beaphar No Stress 20 tablet - SHOPATOA.COM","robots":{"index":"index","follow":"follow","max-snippet":"max-snippet:-1","max-image-preview":"max-image-preview:large","max-video-preview":"max-video-preview:-1"},"canonical":"https:\/\/shopatoa.com\/cz\/tablety-pro-psy-a-kocky-beaphar-no-stress-20-tablet\/","og_locale":"cs_CZ","og_type":"article","og_title":"Tablety pro psy a ko\u010dky Beaphar No Stress 20 tablet - SHOPATOA.COM","og_description":"Zklid\u0148uj\u00edc\u00ed tablety No Stress jsou dopl\u0148kov\u00e9 krmivo pro psy a ko\u010dky. Jsou vhodn\u00e9 pro uklidn\u011bn\u00ed a odstran\u011bn\u00ed stresu p\u0159i nadm\u011brn\u00e9m \u0161t\u011bk\u00e1n\u00ed, m\u0148ouk\u00e1n\u00ed a k\u0148u\u010den\u00ed, proti strachu z\u00a0odlou\u010den\u00ed, p\u0159i n\u00e1v\u0161t\u011bv\u00e1ch veterin\u00e1rn\u00edho l\u00e9ka\u0159e, v obdob\u00ed cestov\u00e1n\u00ed \u010di st\u011bhov\u00e1n\u00ed, p\u0159i bou\u0159k\u00e1ch a oh\u0148ostroj\u00edch. Obsahuj\u00ed v\u00fdta\u017eky z l\u00e9\u010div\u00fdch rostlin jako je medu\u0148ka, rozmar\u00fdn, l\u00edpa a chmel Vhodn\u00e9 pro psy...","og_url":"https:\/\/shopatoa.com\/cz\/tablety-pro-psy-a-kocky-beaphar-no-stress-20-tablet\/","og_site_name":"SHOPATOA","article_modified_time":"2026-01-30T00:19:37+00:00","og_image":[{"width":600,"height":600,"url":"https:\/\/storage.googleapis.com\/cz-shopatoa-img\/cz\/69b93222-1_38757.jpg","type":"image\/jpeg"}],"twitter_card":"summary_large_image","twitter_misc":{"Odhadovan\u00e1 doba \u010dten\u00ed":"1 minuta"},"schema":{"@context":"https:\/\/schema.org","@graph":[{"@type":"WebPage","@id":"https:\/\/shopatoa.com\/cz\/tablety-pro-psy-a-kocky-beaphar-no-stress-20-tablet\/","url":"https:\/\/shopatoa.com\/cz\/tablety-pro-psy-a-kocky-beaphar-no-stress-20-tablet\/","name":"Tablety pro psy a ko\u010dky Beaphar No Stress 20 tablet - SHOPATOA.COM","isPartOf":{"@id":"https:\/\/shopatoa.com\/cz\/#website"},"primaryImageOfPage":{"@id":"https:\/\/shopatoa.com\/cz\/tablety-pro-psy-a-kocky-beaphar-no-stress-20-tablet\/#primaryimage"},"image":{"@id":"https:\/\/shopatoa.com\/cz\/tablety-pro-psy-a-kocky-beaphar-no-stress-20-tablet\/#primaryimage"},"thumbnailUrl":"https:\/\/storage.googleapis.com\/cz-shopatoa-img\/cz\/69b93222-1_38757.jpg","datePublished":"2025-04-02T13:05:49+00:00","dateModified":"2026-01-30T00:19:37+00:00","breadcrumb":{"@id":"https:\/\/shopatoa.com\/cz\/tablety-pro-psy-a-kocky-beaphar-no-stress-20-tablet\/#breadcrumb"},"inLanguage":"cs","potentialAction":[{"@type":"ReadAction","target":["https:\/\/shopatoa.com\/cz\/tablety-pro-psy-a-kocky-beaphar-no-stress-20-tablet\/"]}]},{"@type":"ImageObject","inLanguage":"cs","@id":"https:\/\/shopatoa.com\/cz\/tablety-pro-psy-a-kocky-beaphar-no-stress-20-tablet\/#primaryimage","url":"https:\/\/storage.googleapis.com\/cz-shopatoa-img\/cz\/69b93222-1_38757.jpg","contentUrl":"https:\/\/storage.googleapis.com\/cz-shopatoa-img\/cz\/69b93222-1_38757.jpg","width":600,"height":600},{"@type":"BreadcrumbList","@id":"https:\/\/shopatoa.com\/cz\/tablety-pro-psy-a-kocky-beaphar-no-stress-20-tablet\/#breadcrumb","itemListElement":[{"@type":"ListItem","position":1,"name":"Dom\u016f","item":"https:\/\/shopatoa.com\/cz\/"},{"@type":"ListItem","position":2,"name":"Produkty","item":"https:\/\/shopatoa.com\/cz\/shop\/"},{"@type":"ListItem","position":3,"name":"Hobby","item":"https:\/\/shopatoa.com\/cz\/hobby\/"},{"@type":"ListItem","position":4,"name":"Z\u00e1bava","item":"https:\/\/shopatoa.com\/cz\/zabava\/"},{"@type":"ListItem","position":5,"name":"Tablety pro psy a ko\u010dky Beaphar No Stress 20 tablet"}]},{"@type":"WebSite","@id":"https:\/\/shopatoa.com\/cz\/#website","url":"https:\/\/shopatoa.com\/cz\/","name":"SHOPATOA","description":"","publisher":{"@id":"https:\/\/shopatoa.com\/cz\/#organization"},"potentialAction":[{"@type":"SearchAction","target":{"@type":"EntryPoint","urlTemplate":"https:\/\/shopatoa.com\/cz\/?s={search_term_string}"},"query-input":{"@type":"PropertyValueSpecification","valueRequired":true,"valueName":"search_term_string"}}],"inLanguage":"cs"},{"@type":"Organization","@id":"https:\/\/shopatoa.com\/cz\/#organization","name":"SHOPATOA Digital s.r.o.","url":"https:\/\/shopatoa.com\/cz\/","logo":{"@type":"ImageObject","inLanguage":"cs","@id":"https:\/\/shopatoa.com\/cz\/#\/schema\/logo\/image\/","url":"https:\/\/storage.googleapis.com\/cz-shopatoa-img\/cz\/ebccf434-shopatoa_logo.png","contentUrl":"https:\/\/storage.googleapis.com\/cz-shopatoa-img\/cz\/ebccf434-shopatoa_logo.png","width":416,"height":63,"caption":"SHOPATOA Digital s.r.o."},"image":{"@id":"https:\/\/shopatoa.com\/cz\/#\/schema\/logo\/image\/"}}]}},"_links":{"self":[{"href":"https:\/\/shopatoa.com\/cz\/wp-json\/wp\/v2\/product\/244716","targetHints":{"allow":["GET"]}}],"collection":[{"href":"https:\/\/shopatoa.com\/cz\/wp-json\/wp\/v2\/product"}],"about":[{"href":"https:\/\/shopatoa.com\/cz\/wp-json\/wp\/v2\/types\/product"}],"replies":[{"embeddable":true,"href":"https:\/\/shopatoa.com\/cz\/wp-json\/wp\/v2\/comments?post=244716"}],"wp:featuredmedia":[{"embeddable":true,"href":"https:\/\/shopatoa.com\/cz\/wp-json\/wp\/v2\/media\/244717"}],"wp:attachment":[{"href":"https:\/\/shopatoa.com\/cz\/wp-json\/wp\/v2\/media?parent=244716"}],"wp:term":[{"taxonomy":"product_brand","embeddable":true,"href":"https:\/\/shopatoa.com\/cz\/wp-json\/wp\/v2\/product_brand?post=244716"},{"taxonomy":"product_cat","embeddable":true,"href":"https:\/\/shopatoa.com\/cz\/wp-json\/wp\/v2\/product_cat?post=244716"},{"taxonomy":"product_tag","embeddable":true,"href":"https:\/\/shopatoa.com\/cz\/wp-json\/wp\/v2\/product_tag?post=244716"}],"curies":[{"name":"wp","href":"https:\/\/api.w.org\/{rel}","templated":true}]}}