{"id":245086,"date":"2025-04-02T16:11:32","date_gmt":"2025-04-02T14:11:32","guid":{"rendered":"https:\/\/shopatoa.com\/cz\/?post_type=product&#038;p=245086"},"modified":"2026-02-04T03:50:33","modified_gmt":"2026-02-04T02:50:33","slug":"hills-science-plan-canine-puppy-health-development-chicken-14kg","status":"publish","type":"product","link":"https:\/\/shopatoa.com\/cz\/hills-science-plan-canine-puppy-health-development-chicken-14kg\/","title":{"rendered":"Hill\u00b4s Science Plan Canine Puppy Health Development Chicken 14kg"},"content":{"rendered":"<p>Hill&#8217;s Science Plan krmivo pro \u0161t\u011b\u0148ata st\u0159edn\u00edch plemen s ku\u0159etem m\u00e1 bohatou chu\u0165 a pe\u010dliv\u00e9 slo\u017een\u00ed pro pot\u0159eby \u0161t\u011b\u0148at ve v\u00fdvinu, aby \u017eivot dob\u0159e za\u010dala a dos\u00e1hla sv\u00e9ho pln\u00e9ho potenci\u00e1lu.<\/p>\n<p>Kl\u00ed\u010dov\u00e9 v\u00fdhody<\/p>\n<p>\tDHA z ryb\u00edho tuku pro zdrav\u00fd v\u00fdvoj mozku a o\u010d\u00ed.<br \/>\n\tVysoce kvalitn\u00ed b\u00edlkoviny pro tvorbu svalov\u00e9 hmoty.<br \/>\n\tVyv\u00e1\u017een\u00e9 miner\u00e1ln\u00ed l\u00e1tky pro siln\u00e9 kosti a zuby.<br \/>\n\tVyrobeno z vysoce kvalitn\u00edch surovin.<br \/>\n\tDoporu\u010deno veterin\u00e1\u0159i.<\/p>\n<p>Slo\u017een\u00ed<\/p>\n<p>Kuku\u0159ice, ku\u0159ec\u00ed a kr\u016ft\u00ed mou\u010dka, \u017eivo\u010di\u0161n\u00fd tuk, proteinov\u00fd hydrolyz\u00e1t, kuku\u0159i\u010dn\u00fd gluten, su\u0161en\u00e1 \u0159epn\u00e1 du\u017eina, ln\u011bn\u00e9 sem\u00ednko, miner\u00e1ln\u00ed l\u00e1tky, ryb\u00ed tuk.<\/p>\n<p>P\u0159\u00eddatn\u00e9 l\u00e1tky na 1kg<\/p>\n<p>Nutri\u010dn\u00ed aditiva: 3b103 (\u017delezo) 74,4mg, 3b202 (J\u00f3d) 1,2mg, 3b405 (M\u011b\u010f) 7,3mg, 3b502 (Mangan) 7,7mg, 3b603 (Zinek) 154mg, 3b801 (Selen) 0,2mg.<\/p>\n<p>Analytick\u00e9 slo\u017eky<\/p>\n<p>B\u00edlkovina 26,6%, Obsah tuku 17,9%, Hrub\u00e1 vl\u00e1knina 1,7%, DHA 0,14%, Popel 6,8%, V\u00e1pn\u00edk 1,2%, Fosfor 1,1%, Sod\u00edk 0,46%, Drasl\u00edk 0,74%, Ho\u0159\u010d\u00edk 0,09%; na kg: Vitam\u00edn A 10 000IU, Vitam\u00edn D3 765IU, Vitamin E&#8230;<\/p>\n","protected":false},"excerpt":{"rendered":"<p>Hill&#8217;s Science Plan krmivo pro \u0161t\u011b\u0148ata st\u0159edn\u00edch plemen s ku\u0159etem m\u00e1 bohatou chu\u0165 a pe\u010dliv\u00e9 slo\u017een\u00ed pro pot\u0159eby \u0161t\u011b\u0148at ve v\u00fdvinu, aby \u017eivot dob\u0159e za\u010dala a dos\u00e1hla sv\u00e9ho pln\u00e9ho potenci\u00e1lu. Kl\u00ed\u010dov\u00e9 v\u00fdhody DHA z ryb\u00edho tuku pro zdrav\u00fd v\u00fdvoj mozku a o\u010d\u00ed. Vysoce kvalitn\u00ed b\u00edlkoviny pro tvorbu svalov\u00e9 hmoty. Vyv\u00e1\u017een\u00e9 miner\u00e1ln\u00ed l\u00e1tky pro siln\u00e9 kosti&#8230;<\/p>\n","protected":false},"featured_media":245087,"comment_status":"closed","ping_status":"open","template":"","meta":{"_acf_changed":false,"_kadence_starter_templates_imported_post":false,"_kad_post_transparent":"","_kad_post_title":"","_kad_post_layout":"","_kad_post_sidebar_id":"","_kad_post_content_style":"","_kad_post_vertical_padding":"","_kad_post_feature":"","_kad_post_feature_position":"","_kad_post_header":false,"_kad_post_footer":false,"_kad_post_classname":""},"product_brand":[2710],"product_cat":[436,2569,2568,739],"product_tag":[],"class_list":{"0":"post-245086","1":"product","2":"type-product","3":"status-publish","4":"has-post-thumbnail","6":"product_brand-hills","7":"product_cat-chovatelske-potreby-2","8":"product_cat-granule-pro-psy","9":"product_cat-krmivo-pro-psy-pro-psy-chovatelske-potreby-2","10":"product_cat-pro-psy-chovatelske-potreby-2","11":"pa_obchod-superzoo-cz","13":"first","14":"instock","15":"product-type-external","16":"entry","17":"content-bg","18":"loop-entry"},"acf":[],"yoast_head":"<!-- This site is optimized with the Yoast SEO plugin v27.4 - https:\/\/yoast.com\/product\/yoast-seo-wordpress\/ -->\n<title>Hill\u00b4s Science Plan Canine Puppy Health Development Chicken 14kg - SHOPATOA.COM<\/title>\n<meta name=\"robots\" content=\"index, follow, max-snippet:-1, max-image-preview:large, max-video-preview:-1\" \/>\n<link rel=\"canonical\" href=\"https:\/\/shopatoa.com\/cz\/hills-science-plan-canine-puppy-health-development-chicken-14kg\/\" \/>\n<meta property=\"og:locale\" content=\"cs_CZ\" \/>\n<meta property=\"og:type\" content=\"article\" \/>\n<meta property=\"og:title\" content=\"Hill\u00b4s Science Plan Canine Puppy Health Development Chicken 14kg - SHOPATOA.COM\" \/>\n<meta property=\"og:description\" content=\"Hill&#8217;s Science Plan krmivo pro \u0161t\u011b\u0148ata st\u0159edn\u00edch plemen s ku\u0159etem m\u00e1 bohatou chu\u0165 a pe\u010dliv\u00e9 slo\u017een\u00ed pro pot\u0159eby \u0161t\u011b\u0148at ve v\u00fdvinu, aby \u017eivot dob\u0159e za\u010dala a dos\u00e1hla sv\u00e9ho pln\u00e9ho potenci\u00e1lu. Kl\u00ed\u010dov\u00e9 v\u00fdhody DHA z ryb\u00edho tuku pro zdrav\u00fd v\u00fdvoj mozku a o\u010d\u00ed. Vysoce kvalitn\u00ed b\u00edlkoviny pro tvorbu svalov\u00e9 hmoty. Vyv\u00e1\u017een\u00e9 miner\u00e1ln\u00ed l\u00e1tky pro siln\u00e9 kosti...\" \/>\n<meta property=\"og:url\" content=\"https:\/\/shopatoa.com\/cz\/hills-science-plan-canine-puppy-health-development-chicken-14kg\/\" \/>\n<meta property=\"og:site_name\" content=\"SHOPATOA\" \/>\n<meta property=\"article:modified_time\" content=\"2026-02-04T02:50:33+00:00\" \/>\n<meta property=\"og:image\" content=\"https:\/\/storage.googleapis.com\/cz-shopatoa-img\/cz\/48fa28a8-1_65781.jpg\" \/>\n\t<meta property=\"og:image:width\" content=\"600\" \/>\n\t<meta property=\"og:image:height\" content=\"600\" \/>\n\t<meta property=\"og:image:type\" content=\"image\/jpeg\" \/>\n<meta name=\"twitter:card\" content=\"summary_large_image\" \/>\n<meta name=\"twitter:label1\" content=\"Odhadovan\u00e1 doba \u010dten\u00ed\" \/>\n\t<meta name=\"twitter:data1\" content=\"1 minuta\" \/>\n<script type=\"application\/ld+json\" class=\"yoast-schema-graph\">{\"@context\":\"https:\\\/\\\/schema.org\",\"@graph\":[{\"@type\":\"WebPage\",\"@id\":\"https:\\\/\\\/shopatoa.com\\\/cz\\\/hills-science-plan-canine-puppy-health-development-chicken-14kg\\\/\",\"url\":\"https:\\\/\\\/shopatoa.com\\\/cz\\\/hills-science-plan-canine-puppy-health-development-chicken-14kg\\\/\",\"name\":\"Hill\u00b4s Science Plan Canine Puppy Health Development Chicken 14kg - SHOPATOA.COM\",\"isPartOf\":{\"@id\":\"https:\\\/\\\/shopatoa.com\\\/cz\\\/#website\"},\"primaryImageOfPage\":{\"@id\":\"https:\\\/\\\/shopatoa.com\\\/cz\\\/hills-science-plan-canine-puppy-health-development-chicken-14kg\\\/#primaryimage\"},\"image\":{\"@id\":\"https:\\\/\\\/shopatoa.com\\\/cz\\\/hills-science-plan-canine-puppy-health-development-chicken-14kg\\\/#primaryimage\"},\"thumbnailUrl\":\"https:\\\/\\\/storage.googleapis.com\\\/cz-shopatoa-img\\\/cz\\\/48fa28a8-1_65781.jpg\",\"datePublished\":\"2025-04-02T14:11:32+00:00\",\"dateModified\":\"2026-02-04T02:50:33+00:00\",\"breadcrumb\":{\"@id\":\"https:\\\/\\\/shopatoa.com\\\/cz\\\/hills-science-plan-canine-puppy-health-development-chicken-14kg\\\/#breadcrumb\"},\"inLanguage\":\"cs\",\"potentialAction\":[{\"@type\":\"ReadAction\",\"target\":[\"https:\\\/\\\/shopatoa.com\\\/cz\\\/hills-science-plan-canine-puppy-health-development-chicken-14kg\\\/\"]}]},{\"@type\":\"ImageObject\",\"inLanguage\":\"cs\",\"@id\":\"https:\\\/\\\/shopatoa.com\\\/cz\\\/hills-science-plan-canine-puppy-health-development-chicken-14kg\\\/#primaryimage\",\"url\":\"https:\\\/\\\/storage.googleapis.com\\\/cz-shopatoa-img\\\/cz\\\/48fa28a8-1_65781.jpg\",\"contentUrl\":\"https:\\\/\\\/storage.googleapis.com\\\/cz-shopatoa-img\\\/cz\\\/48fa28a8-1_65781.jpg\",\"width\":600,\"height\":600},{\"@type\":\"BreadcrumbList\",\"@id\":\"https:\\\/\\\/shopatoa.com\\\/cz\\\/hills-science-plan-canine-puppy-health-development-chicken-14kg\\\/#breadcrumb\",\"itemListElement\":[{\"@type\":\"ListItem\",\"position\":1,\"name\":\"Dom\u016f\",\"item\":\"https:\\\/\\\/shopatoa.com\\\/cz\\\/\"},{\"@type\":\"ListItem\",\"position\":2,\"name\":\"Produkty\",\"item\":\"https:\\\/\\\/shopatoa.com\\\/cz\\\/shop\\\/\"},{\"@type\":\"ListItem\",\"position\":3,\"name\":\"Chovatelsk\u00e9 pot\u0159eby\",\"item\":\"https:\\\/\\\/shopatoa.com\\\/cz\\\/chovatelske-potreby-2\\\/\"},{\"@type\":\"ListItem\",\"position\":4,\"name\":\"Pro psy\",\"item\":\"https:\\\/\\\/shopatoa.com\\\/cz\\\/pro-psy-chovatelske-potreby-2\\\/\"},{\"@type\":\"ListItem\",\"position\":5,\"name\":\"Krmivo pro psy\",\"item\":\"https:\\\/\\\/shopatoa.com\\\/cz\\\/krmivo-pro-psy-pro-psy-chovatelske-potreby-2\\\/\"},{\"@type\":\"ListItem\",\"position\":6,\"name\":\"Granule pro psy\",\"item\":\"https:\\\/\\\/shopatoa.com\\\/cz\\\/granule-pro-psy\\\/\"},{\"@type\":\"ListItem\",\"position\":7,\"name\":\"Hill\u00b4s Science Plan Canine Puppy Health Development Chicken 14kg\"}]},{\"@type\":\"WebSite\",\"@id\":\"https:\\\/\\\/shopatoa.com\\\/cz\\\/#website\",\"url\":\"https:\\\/\\\/shopatoa.com\\\/cz\\\/\",\"name\":\"SHOPATOA\",\"description\":\"\",\"publisher\":{\"@id\":\"https:\\\/\\\/shopatoa.com\\\/cz\\\/#organization\"},\"potentialAction\":[{\"@type\":\"SearchAction\",\"target\":{\"@type\":\"EntryPoint\",\"urlTemplate\":\"https:\\\/\\\/shopatoa.com\\\/cz\\\/?s={search_term_string}\"},\"query-input\":{\"@type\":\"PropertyValueSpecification\",\"valueRequired\":true,\"valueName\":\"search_term_string\"}}],\"inLanguage\":\"cs\"},{\"@type\":\"Organization\",\"@id\":\"https:\\\/\\\/shopatoa.com\\\/cz\\\/#organization\",\"name\":\"SHOPATOA Digital s.r.o.\",\"url\":\"https:\\\/\\\/shopatoa.com\\\/cz\\\/\",\"logo\":{\"@type\":\"ImageObject\",\"inLanguage\":\"cs\",\"@id\":\"https:\\\/\\\/shopatoa.com\\\/cz\\\/#\\\/schema\\\/logo\\\/image\\\/\",\"url\":\"https:\\\/\\\/storage.googleapis.com\\\/cz-shopatoa-img\\\/cz\\\/ebccf434-shopatoa_logo.png\",\"contentUrl\":\"https:\\\/\\\/storage.googleapis.com\\\/cz-shopatoa-img\\\/cz\\\/ebccf434-shopatoa_logo.png\",\"width\":416,\"height\":63,\"caption\":\"SHOPATOA Digital s.r.o.\"},\"image\":{\"@id\":\"https:\\\/\\\/shopatoa.com\\\/cz\\\/#\\\/schema\\\/logo\\\/image\\\/\"}}]}<\/script>\n<!-- \/ Yoast SEO plugin. -->","yoast_head_json":{"title":"Hill\u00b4s Science Plan Canine Puppy Health Development Chicken 14kg - SHOPATOA.COM","robots":{"index":"index","follow":"follow","max-snippet":"max-snippet:-1","max-image-preview":"max-image-preview:large","max-video-preview":"max-video-preview:-1"},"canonical":"https:\/\/shopatoa.com\/cz\/hills-science-plan-canine-puppy-health-development-chicken-14kg\/","og_locale":"cs_CZ","og_type":"article","og_title":"Hill\u00b4s Science Plan Canine Puppy Health Development Chicken 14kg - SHOPATOA.COM","og_description":"Hill&#8217;s Science Plan krmivo pro \u0161t\u011b\u0148ata st\u0159edn\u00edch plemen s ku\u0159etem m\u00e1 bohatou chu\u0165 a pe\u010dliv\u00e9 slo\u017een\u00ed pro pot\u0159eby \u0161t\u011b\u0148at ve v\u00fdvinu, aby \u017eivot dob\u0159e za\u010dala a dos\u00e1hla sv\u00e9ho pln\u00e9ho potenci\u00e1lu. Kl\u00ed\u010dov\u00e9 v\u00fdhody DHA z ryb\u00edho tuku pro zdrav\u00fd v\u00fdvoj mozku a o\u010d\u00ed. Vysoce kvalitn\u00ed b\u00edlkoviny pro tvorbu svalov\u00e9 hmoty. Vyv\u00e1\u017een\u00e9 miner\u00e1ln\u00ed l\u00e1tky pro siln\u00e9 kosti...","og_url":"https:\/\/shopatoa.com\/cz\/hills-science-plan-canine-puppy-health-development-chicken-14kg\/","og_site_name":"SHOPATOA","article_modified_time":"2026-02-04T02:50:33+00:00","og_image":[{"width":600,"height":600,"url":"https:\/\/storage.googleapis.com\/cz-shopatoa-img\/cz\/48fa28a8-1_65781.jpg","type":"image\/jpeg"}],"twitter_card":"summary_large_image","twitter_misc":{"Odhadovan\u00e1 doba \u010dten\u00ed":"1 minuta"},"schema":{"@context":"https:\/\/schema.org","@graph":[{"@type":"WebPage","@id":"https:\/\/shopatoa.com\/cz\/hills-science-plan-canine-puppy-health-development-chicken-14kg\/","url":"https:\/\/shopatoa.com\/cz\/hills-science-plan-canine-puppy-health-development-chicken-14kg\/","name":"Hill\u00b4s Science Plan Canine Puppy Health Development Chicken 14kg - SHOPATOA.COM","isPartOf":{"@id":"https:\/\/shopatoa.com\/cz\/#website"},"primaryImageOfPage":{"@id":"https:\/\/shopatoa.com\/cz\/hills-science-plan-canine-puppy-health-development-chicken-14kg\/#primaryimage"},"image":{"@id":"https:\/\/shopatoa.com\/cz\/hills-science-plan-canine-puppy-health-development-chicken-14kg\/#primaryimage"},"thumbnailUrl":"https:\/\/storage.googleapis.com\/cz-shopatoa-img\/cz\/48fa28a8-1_65781.jpg","datePublished":"2025-04-02T14:11:32+00:00","dateModified":"2026-02-04T02:50:33+00:00","breadcrumb":{"@id":"https:\/\/shopatoa.com\/cz\/hills-science-plan-canine-puppy-health-development-chicken-14kg\/#breadcrumb"},"inLanguage":"cs","potentialAction":[{"@type":"ReadAction","target":["https:\/\/shopatoa.com\/cz\/hills-science-plan-canine-puppy-health-development-chicken-14kg\/"]}]},{"@type":"ImageObject","inLanguage":"cs","@id":"https:\/\/shopatoa.com\/cz\/hills-science-plan-canine-puppy-health-development-chicken-14kg\/#primaryimage","url":"https:\/\/storage.googleapis.com\/cz-shopatoa-img\/cz\/48fa28a8-1_65781.jpg","contentUrl":"https:\/\/storage.googleapis.com\/cz-shopatoa-img\/cz\/48fa28a8-1_65781.jpg","width":600,"height":600},{"@type":"BreadcrumbList","@id":"https:\/\/shopatoa.com\/cz\/hills-science-plan-canine-puppy-health-development-chicken-14kg\/#breadcrumb","itemListElement":[{"@type":"ListItem","position":1,"name":"Dom\u016f","item":"https:\/\/shopatoa.com\/cz\/"},{"@type":"ListItem","position":2,"name":"Produkty","item":"https:\/\/shopatoa.com\/cz\/shop\/"},{"@type":"ListItem","position":3,"name":"Chovatelsk\u00e9 pot\u0159eby","item":"https:\/\/shopatoa.com\/cz\/chovatelske-potreby-2\/"},{"@type":"ListItem","position":4,"name":"Pro psy","item":"https:\/\/shopatoa.com\/cz\/pro-psy-chovatelske-potreby-2\/"},{"@type":"ListItem","position":5,"name":"Krmivo pro psy","item":"https:\/\/shopatoa.com\/cz\/krmivo-pro-psy-pro-psy-chovatelske-potreby-2\/"},{"@type":"ListItem","position":6,"name":"Granule pro psy","item":"https:\/\/shopatoa.com\/cz\/granule-pro-psy\/"},{"@type":"ListItem","position":7,"name":"Hill\u00b4s Science Plan Canine Puppy Health Development Chicken 14kg"}]},{"@type":"WebSite","@id":"https:\/\/shopatoa.com\/cz\/#website","url":"https:\/\/shopatoa.com\/cz\/","name":"SHOPATOA","description":"","publisher":{"@id":"https:\/\/shopatoa.com\/cz\/#organization"},"potentialAction":[{"@type":"SearchAction","target":{"@type":"EntryPoint","urlTemplate":"https:\/\/shopatoa.com\/cz\/?s={search_term_string}"},"query-input":{"@type":"PropertyValueSpecification","valueRequired":true,"valueName":"search_term_string"}}],"inLanguage":"cs"},{"@type":"Organization","@id":"https:\/\/shopatoa.com\/cz\/#organization","name":"SHOPATOA Digital s.r.o.","url":"https:\/\/shopatoa.com\/cz\/","logo":{"@type":"ImageObject","inLanguage":"cs","@id":"https:\/\/shopatoa.com\/cz\/#\/schema\/logo\/image\/","url":"https:\/\/storage.googleapis.com\/cz-shopatoa-img\/cz\/ebccf434-shopatoa_logo.png","contentUrl":"https:\/\/storage.googleapis.com\/cz-shopatoa-img\/cz\/ebccf434-shopatoa_logo.png","width":416,"height":63,"caption":"SHOPATOA Digital s.r.o."},"image":{"@id":"https:\/\/shopatoa.com\/cz\/#\/schema\/logo\/image\/"}}]}},"_links":{"self":[{"href":"https:\/\/shopatoa.com\/cz\/wp-json\/wp\/v2\/product\/245086","targetHints":{"allow":["GET"]}}],"collection":[{"href":"https:\/\/shopatoa.com\/cz\/wp-json\/wp\/v2\/product"}],"about":[{"href":"https:\/\/shopatoa.com\/cz\/wp-json\/wp\/v2\/types\/product"}],"replies":[{"embeddable":true,"href":"https:\/\/shopatoa.com\/cz\/wp-json\/wp\/v2\/comments?post=245086"}],"wp:featuredmedia":[{"embeddable":true,"href":"https:\/\/shopatoa.com\/cz\/wp-json\/wp\/v2\/media\/245087"}],"wp:attachment":[{"href":"https:\/\/shopatoa.com\/cz\/wp-json\/wp\/v2\/media?parent=245086"}],"wp:term":[{"taxonomy":"product_brand","embeddable":true,"href":"https:\/\/shopatoa.com\/cz\/wp-json\/wp\/v2\/product_brand?post=245086"},{"taxonomy":"product_cat","embeddable":true,"href":"https:\/\/shopatoa.com\/cz\/wp-json\/wp\/v2\/product_cat?post=245086"},{"taxonomy":"product_tag","embeddable":true,"href":"https:\/\/shopatoa.com\/cz\/wp-json\/wp\/v2\/product_tag?post=245086"}],"curies":[{"name":"wp","href":"https:\/\/api.w.org\/{rel}","templated":true}]}}