{"id":245096,"date":"2025-04-02T16:15:12","date_gmt":"2025-04-02T14:15:12","guid":{"rendered":"https:\/\/shopatoa.com\/cz\/?post_type=product&#038;p=245096"},"modified":"2025-04-26T00:08:48","modified_gmt":"2025-04-25T22:08:48","slug":"hills-prescription-diet-canine-r-d-with-chicken-10kg","status":"publish","type":"product","link":"https:\/\/shopatoa.com\/cz\/hills-prescription-diet-canine-r-d-with-chicken-10kg\/","title":{"rendered":"Hill&#8217;s Prescription Diet Canine r\/d with Chicken 10kg"},"content":{"rendered":"<p>Hill&#8217;s Prescription Diet Canine r\/d bylo speci\u00e1ln\u011b vyvinut\u00e9 krmivo pro l\u00e9\u010dbu nadv\u00e1hy a obezity u ps\u016f a pom\u00e1h\u00e1 obezitu sni\u017eovat. D\u00edky speci\u00e1ln\u00edmu slo\u017een\u00ed podporuje zachov\u00e1n\u00ed sval\u016f a sytosti u Va\u0161eho psa. Krom\u011b toho je p\u0159i diet\u011b podporov\u00e1n zdrav\u00fd imunitn\u00ed syst\u00e9m. P\u0159\u00eddavek L-karninitu a lysinu tak\u00e9 pom\u00e1h\u00e1 sn\u00ed\u017eit z\u00e1soby t\u011blesn\u00e9ho tuku.<\/p>\n<p>Hills Prescription Diet Canine r\/d prokazateln\u011b sni\u017euje t\u011blesn\u00fd tuk o 22 % b\u011bhem pouh\u00fdch 8 t\u00fddn\u016f!<\/p>\n<p>Specifikace<\/p>\n<p>\tSn\u00ed\u017een\u00fd obsah kalori\u00ed a tuku napom\u00e1haj\u00ed hubnut\u00ed.<br \/>\n\tVysok\u00fd obsah vl\u00e1kniny pom\u00e1h\u00e1 sni\u017eovat pocit hladu a zabra\u0148uje tak \u017eebr\u00e1n\u00ed.<br \/>\n\tDopln\u011bno o L-karnitin k podpo\u0159e spalov\u00e1n\u00ed tuk\u016f a zachov\u00e1n\u00ed pod\u00edlu svaloviny.<br \/>\n\tV\u00fdborn\u00e1 chu\u0165, kterou si V\u00e1\u0161 pes obl\u00edb\u00ed.<\/p>\n<p>Indikace<\/p>\n<p>\tnadv\u00e1ha \/ obezita (adiposity)<br \/>\n\tonemocn\u011bn\u00ed souvisej\u00edc\u00ed s nadv\u00e1hou ps\u016f: diabetes mellitus, hyperlipid\u00e9mie, kolitis a z\u00e1cpa<\/p>\n<p>Kontraindikace<\/p>\n<p>\tko\u010dky<br \/>\n\t\u0161t\u011b\u0148ata<br \/>\n\tb\u0159ez\u00ed a koj\u00edc\u00ed feny<br \/>\n\tpsi, kte\u0159\u00ed jsou oslaben\u00ed, s podv\u00fd\u017eivou nebo dehydrovan\u00ed maj\u00ed zv\u00fd\u0161en\u00fd n\u00e1rok na energii&#8230;<\/p>\n","protected":false},"excerpt":{"rendered":"<p>Hill&#8217;s Prescription Diet Canine r\/d bylo speci\u00e1ln\u011b vyvinut\u00e9 krmivo pro l\u00e9\u010dbu nadv\u00e1hy a obezity u ps\u016f a pom\u00e1h\u00e1 obezitu sni\u017eovat. D\u00edky speci\u00e1ln\u00edmu slo\u017een\u00ed podporuje zachov\u00e1n\u00ed sval\u016f a sytosti u Va\u0161eho psa. Krom\u011b toho je p\u0159i diet\u011b podporov\u00e1n zdrav\u00fd imunitn\u00ed syst\u00e9m. P\u0159\u00eddavek L-karninitu a lysinu tak\u00e9 pom\u00e1h\u00e1 sn\u00ed\u017eit z\u00e1soby t\u011blesn\u00e9ho tuku. Hills Prescription Diet Canine r\/d&#8230;<\/p>\n","protected":false},"featured_media":245097,"comment_status":"closed","ping_status":"open","template":"","meta":{"_acf_changed":false,"_kadence_starter_templates_imported_post":false,"_kad_post_transparent":"","_kad_post_title":"","_kad_post_layout":"","_kad_post_sidebar_id":"","_kad_post_content_style":"","_kad_post_vertical_padding":"","_kad_post_feature":"","_kad_post_feature_position":"","_kad_post_header":false,"_kad_post_footer":false,"_kad_post_classname":""},"product_brand":[2710],"product_cat":[436,2569,2568,739],"product_tag":[],"class_list":{"0":"post-245096","1":"product","2":"type-product","3":"status-publish","4":"has-post-thumbnail","6":"product_brand-hills","7":"product_cat-chovatelske-potreby-2","8":"product_cat-granule-pro-psy","9":"product_cat-krmivo-pro-psy-pro-psy-chovatelske-potreby-2","10":"product_cat-pro-psy-chovatelske-potreby-2","11":"pa_obchod-superzoo-cz","13":"first","14":"instock","15":"product-type-external","16":"entry","17":"content-bg","18":"loop-entry"},"acf":[],"yoast_head":"<!-- This site is optimized with the Yoast SEO plugin v27.4 - https:\/\/yoast.com\/product\/yoast-seo-wordpress\/ -->\n<title>Hill&#039;s Prescription Diet Canine r\/d with Chicken 10kg - SHOPATOA.COM<\/title>\n<meta name=\"robots\" content=\"index, follow, max-snippet:-1, max-image-preview:large, max-video-preview:-1\" \/>\n<link rel=\"canonical\" href=\"https:\/\/shopatoa.com\/cz\/hills-prescription-diet-canine-r-d-with-chicken-10kg\/\" \/>\n<meta property=\"og:locale\" content=\"cs_CZ\" \/>\n<meta property=\"og:type\" content=\"article\" \/>\n<meta property=\"og:title\" content=\"Hill&#039;s Prescription Diet Canine r\/d with Chicken 10kg - SHOPATOA.COM\" \/>\n<meta property=\"og:description\" content=\"Hill&#8217;s Prescription Diet Canine r\/d bylo speci\u00e1ln\u011b vyvinut\u00e9 krmivo pro l\u00e9\u010dbu nadv\u00e1hy a obezity u ps\u016f a pom\u00e1h\u00e1 obezitu sni\u017eovat. D\u00edky speci\u00e1ln\u00edmu slo\u017een\u00ed podporuje zachov\u00e1n\u00ed sval\u016f a sytosti u Va\u0161eho psa. Krom\u011b toho je p\u0159i diet\u011b podporov\u00e1n zdrav\u00fd imunitn\u00ed syst\u00e9m. P\u0159\u00eddavek L-karninitu a lysinu tak\u00e9 pom\u00e1h\u00e1 sn\u00ed\u017eit z\u00e1soby t\u011blesn\u00e9ho tuku. Hills Prescription Diet Canine r\/d...\" \/>\n<meta property=\"og:url\" content=\"https:\/\/shopatoa.com\/cz\/hills-prescription-diet-canine-r-d-with-chicken-10kg\/\" \/>\n<meta property=\"og:site_name\" content=\"SHOPATOA\" \/>\n<meta property=\"article:modified_time\" content=\"2025-04-25T22:08:48+00:00\" \/>\n<meta property=\"og:image\" content=\"https:\/\/storage.googleapis.com\/cz-shopatoa-img\/cz\/3834bb29-1_80657.jpg\" \/>\n\t<meta property=\"og:image:width\" content=\"600\" \/>\n\t<meta property=\"og:image:height\" content=\"600\" \/>\n\t<meta property=\"og:image:type\" content=\"image\/jpeg\" \/>\n<meta name=\"twitter:card\" content=\"summary_large_image\" \/>\n<meta name=\"twitter:label1\" content=\"Odhadovan\u00e1 doba \u010dten\u00ed\" \/>\n\t<meta name=\"twitter:data1\" content=\"1 minuta\" \/>\n<script type=\"application\/ld+json\" class=\"yoast-schema-graph\">{\"@context\":\"https:\\\/\\\/schema.org\",\"@graph\":[{\"@type\":\"WebPage\",\"@id\":\"https:\\\/\\\/shopatoa.com\\\/cz\\\/hills-prescription-diet-canine-r-d-with-chicken-10kg\\\/\",\"url\":\"https:\\\/\\\/shopatoa.com\\\/cz\\\/hills-prescription-diet-canine-r-d-with-chicken-10kg\\\/\",\"name\":\"Hill's Prescription Diet Canine r\\\/d with Chicken 10kg - SHOPATOA.COM\",\"isPartOf\":{\"@id\":\"https:\\\/\\\/shopatoa.com\\\/cz\\\/#website\"},\"primaryImageOfPage\":{\"@id\":\"https:\\\/\\\/shopatoa.com\\\/cz\\\/hills-prescription-diet-canine-r-d-with-chicken-10kg\\\/#primaryimage\"},\"image\":{\"@id\":\"https:\\\/\\\/shopatoa.com\\\/cz\\\/hills-prescription-diet-canine-r-d-with-chicken-10kg\\\/#primaryimage\"},\"thumbnailUrl\":\"https:\\\/\\\/storage.googleapis.com\\\/cz-shopatoa-img\\\/cz\\\/3834bb29-1_80657.jpg\",\"datePublished\":\"2025-04-02T14:15:12+00:00\",\"dateModified\":\"2025-04-25T22:08:48+00:00\",\"breadcrumb\":{\"@id\":\"https:\\\/\\\/shopatoa.com\\\/cz\\\/hills-prescription-diet-canine-r-d-with-chicken-10kg\\\/#breadcrumb\"},\"inLanguage\":\"cs\",\"potentialAction\":[{\"@type\":\"ReadAction\",\"target\":[\"https:\\\/\\\/shopatoa.com\\\/cz\\\/hills-prescription-diet-canine-r-d-with-chicken-10kg\\\/\"]}]},{\"@type\":\"ImageObject\",\"inLanguage\":\"cs\",\"@id\":\"https:\\\/\\\/shopatoa.com\\\/cz\\\/hills-prescription-diet-canine-r-d-with-chicken-10kg\\\/#primaryimage\",\"url\":\"https:\\\/\\\/storage.googleapis.com\\\/cz-shopatoa-img\\\/cz\\\/3834bb29-1_80657.jpg\",\"contentUrl\":\"https:\\\/\\\/storage.googleapis.com\\\/cz-shopatoa-img\\\/cz\\\/3834bb29-1_80657.jpg\",\"width\":600,\"height\":600},{\"@type\":\"BreadcrumbList\",\"@id\":\"https:\\\/\\\/shopatoa.com\\\/cz\\\/hills-prescription-diet-canine-r-d-with-chicken-10kg\\\/#breadcrumb\",\"itemListElement\":[{\"@type\":\"ListItem\",\"position\":1,\"name\":\"Dom\u016f\",\"item\":\"https:\\\/\\\/shopatoa.com\\\/cz\\\/\"},{\"@type\":\"ListItem\",\"position\":2,\"name\":\"Produkty\",\"item\":\"https:\\\/\\\/shopatoa.com\\\/cz\\\/shop\\\/\"},{\"@type\":\"ListItem\",\"position\":3,\"name\":\"Chovatelsk\u00e9 pot\u0159eby\",\"item\":\"https:\\\/\\\/shopatoa.com\\\/cz\\\/chovatelske-potreby-2\\\/\"},{\"@type\":\"ListItem\",\"position\":4,\"name\":\"Pro psy\",\"item\":\"https:\\\/\\\/shopatoa.com\\\/cz\\\/pro-psy-chovatelske-potreby-2\\\/\"},{\"@type\":\"ListItem\",\"position\":5,\"name\":\"Krmivo pro psy\",\"item\":\"https:\\\/\\\/shopatoa.com\\\/cz\\\/krmivo-pro-psy-pro-psy-chovatelske-potreby-2\\\/\"},{\"@type\":\"ListItem\",\"position\":6,\"name\":\"Granule pro psy\",\"item\":\"https:\\\/\\\/shopatoa.com\\\/cz\\\/granule-pro-psy\\\/\"},{\"@type\":\"ListItem\",\"position\":7,\"name\":\"Hill&#8217;s Prescription Diet Canine r\\\/d with Chicken 10kg\"}]},{\"@type\":\"WebSite\",\"@id\":\"https:\\\/\\\/shopatoa.com\\\/cz\\\/#website\",\"url\":\"https:\\\/\\\/shopatoa.com\\\/cz\\\/\",\"name\":\"SHOPATOA\",\"description\":\"\",\"publisher\":{\"@id\":\"https:\\\/\\\/shopatoa.com\\\/cz\\\/#organization\"},\"potentialAction\":[{\"@type\":\"SearchAction\",\"target\":{\"@type\":\"EntryPoint\",\"urlTemplate\":\"https:\\\/\\\/shopatoa.com\\\/cz\\\/?s={search_term_string}\"},\"query-input\":{\"@type\":\"PropertyValueSpecification\",\"valueRequired\":true,\"valueName\":\"search_term_string\"}}],\"inLanguage\":\"cs\"},{\"@type\":\"Organization\",\"@id\":\"https:\\\/\\\/shopatoa.com\\\/cz\\\/#organization\",\"name\":\"SHOPATOA Digital s.r.o.\",\"url\":\"https:\\\/\\\/shopatoa.com\\\/cz\\\/\",\"logo\":{\"@type\":\"ImageObject\",\"inLanguage\":\"cs\",\"@id\":\"https:\\\/\\\/shopatoa.com\\\/cz\\\/#\\\/schema\\\/logo\\\/image\\\/\",\"url\":\"https:\\\/\\\/storage.googleapis.com\\\/cz-shopatoa-img\\\/cz\\\/ebccf434-shopatoa_logo.png\",\"contentUrl\":\"https:\\\/\\\/storage.googleapis.com\\\/cz-shopatoa-img\\\/cz\\\/ebccf434-shopatoa_logo.png\",\"width\":416,\"height\":63,\"caption\":\"SHOPATOA Digital s.r.o.\"},\"image\":{\"@id\":\"https:\\\/\\\/shopatoa.com\\\/cz\\\/#\\\/schema\\\/logo\\\/image\\\/\"}}]}<\/script>\n<!-- \/ Yoast SEO plugin. -->","yoast_head_json":{"title":"Hill's Prescription Diet Canine r\/d with Chicken 10kg - SHOPATOA.COM","robots":{"index":"index","follow":"follow","max-snippet":"max-snippet:-1","max-image-preview":"max-image-preview:large","max-video-preview":"max-video-preview:-1"},"canonical":"https:\/\/shopatoa.com\/cz\/hills-prescription-diet-canine-r-d-with-chicken-10kg\/","og_locale":"cs_CZ","og_type":"article","og_title":"Hill's Prescription Diet Canine r\/d with Chicken 10kg - SHOPATOA.COM","og_description":"Hill&#8217;s Prescription Diet Canine r\/d bylo speci\u00e1ln\u011b vyvinut\u00e9 krmivo pro l\u00e9\u010dbu nadv\u00e1hy a obezity u ps\u016f a pom\u00e1h\u00e1 obezitu sni\u017eovat. D\u00edky speci\u00e1ln\u00edmu slo\u017een\u00ed podporuje zachov\u00e1n\u00ed sval\u016f a sytosti u Va\u0161eho psa. Krom\u011b toho je p\u0159i diet\u011b podporov\u00e1n zdrav\u00fd imunitn\u00ed syst\u00e9m. P\u0159\u00eddavek L-karninitu a lysinu tak\u00e9 pom\u00e1h\u00e1 sn\u00ed\u017eit z\u00e1soby t\u011blesn\u00e9ho tuku. Hills Prescription Diet Canine r\/d...","og_url":"https:\/\/shopatoa.com\/cz\/hills-prescription-diet-canine-r-d-with-chicken-10kg\/","og_site_name":"SHOPATOA","article_modified_time":"2025-04-25T22:08:48+00:00","og_image":[{"width":600,"height":600,"url":"https:\/\/storage.googleapis.com\/cz-shopatoa-img\/cz\/3834bb29-1_80657.jpg","type":"image\/jpeg"}],"twitter_card":"summary_large_image","twitter_misc":{"Odhadovan\u00e1 doba \u010dten\u00ed":"1 minuta"},"schema":{"@context":"https:\/\/schema.org","@graph":[{"@type":"WebPage","@id":"https:\/\/shopatoa.com\/cz\/hills-prescription-diet-canine-r-d-with-chicken-10kg\/","url":"https:\/\/shopatoa.com\/cz\/hills-prescription-diet-canine-r-d-with-chicken-10kg\/","name":"Hill's Prescription Diet Canine r\/d with Chicken 10kg - SHOPATOA.COM","isPartOf":{"@id":"https:\/\/shopatoa.com\/cz\/#website"},"primaryImageOfPage":{"@id":"https:\/\/shopatoa.com\/cz\/hills-prescription-diet-canine-r-d-with-chicken-10kg\/#primaryimage"},"image":{"@id":"https:\/\/shopatoa.com\/cz\/hills-prescription-diet-canine-r-d-with-chicken-10kg\/#primaryimage"},"thumbnailUrl":"https:\/\/storage.googleapis.com\/cz-shopatoa-img\/cz\/3834bb29-1_80657.jpg","datePublished":"2025-04-02T14:15:12+00:00","dateModified":"2025-04-25T22:08:48+00:00","breadcrumb":{"@id":"https:\/\/shopatoa.com\/cz\/hills-prescription-diet-canine-r-d-with-chicken-10kg\/#breadcrumb"},"inLanguage":"cs","potentialAction":[{"@type":"ReadAction","target":["https:\/\/shopatoa.com\/cz\/hills-prescription-diet-canine-r-d-with-chicken-10kg\/"]}]},{"@type":"ImageObject","inLanguage":"cs","@id":"https:\/\/shopatoa.com\/cz\/hills-prescription-diet-canine-r-d-with-chicken-10kg\/#primaryimage","url":"https:\/\/storage.googleapis.com\/cz-shopatoa-img\/cz\/3834bb29-1_80657.jpg","contentUrl":"https:\/\/storage.googleapis.com\/cz-shopatoa-img\/cz\/3834bb29-1_80657.jpg","width":600,"height":600},{"@type":"BreadcrumbList","@id":"https:\/\/shopatoa.com\/cz\/hills-prescription-diet-canine-r-d-with-chicken-10kg\/#breadcrumb","itemListElement":[{"@type":"ListItem","position":1,"name":"Dom\u016f","item":"https:\/\/shopatoa.com\/cz\/"},{"@type":"ListItem","position":2,"name":"Produkty","item":"https:\/\/shopatoa.com\/cz\/shop\/"},{"@type":"ListItem","position":3,"name":"Chovatelsk\u00e9 pot\u0159eby","item":"https:\/\/shopatoa.com\/cz\/chovatelske-potreby-2\/"},{"@type":"ListItem","position":4,"name":"Pro psy","item":"https:\/\/shopatoa.com\/cz\/pro-psy-chovatelske-potreby-2\/"},{"@type":"ListItem","position":5,"name":"Krmivo pro psy","item":"https:\/\/shopatoa.com\/cz\/krmivo-pro-psy-pro-psy-chovatelske-potreby-2\/"},{"@type":"ListItem","position":6,"name":"Granule pro psy","item":"https:\/\/shopatoa.com\/cz\/granule-pro-psy\/"},{"@type":"ListItem","position":7,"name":"Hill&#8217;s Prescription Diet Canine r\/d with Chicken 10kg"}]},{"@type":"WebSite","@id":"https:\/\/shopatoa.com\/cz\/#website","url":"https:\/\/shopatoa.com\/cz\/","name":"SHOPATOA","description":"","publisher":{"@id":"https:\/\/shopatoa.com\/cz\/#organization"},"potentialAction":[{"@type":"SearchAction","target":{"@type":"EntryPoint","urlTemplate":"https:\/\/shopatoa.com\/cz\/?s={search_term_string}"},"query-input":{"@type":"PropertyValueSpecification","valueRequired":true,"valueName":"search_term_string"}}],"inLanguage":"cs"},{"@type":"Organization","@id":"https:\/\/shopatoa.com\/cz\/#organization","name":"SHOPATOA Digital s.r.o.","url":"https:\/\/shopatoa.com\/cz\/","logo":{"@type":"ImageObject","inLanguage":"cs","@id":"https:\/\/shopatoa.com\/cz\/#\/schema\/logo\/image\/","url":"https:\/\/storage.googleapis.com\/cz-shopatoa-img\/cz\/ebccf434-shopatoa_logo.png","contentUrl":"https:\/\/storage.googleapis.com\/cz-shopatoa-img\/cz\/ebccf434-shopatoa_logo.png","width":416,"height":63,"caption":"SHOPATOA Digital s.r.o."},"image":{"@id":"https:\/\/shopatoa.com\/cz\/#\/schema\/logo\/image\/"}}]}},"_links":{"self":[{"href":"https:\/\/shopatoa.com\/cz\/wp-json\/wp\/v2\/product\/245096","targetHints":{"allow":["GET"]}}],"collection":[{"href":"https:\/\/shopatoa.com\/cz\/wp-json\/wp\/v2\/product"}],"about":[{"href":"https:\/\/shopatoa.com\/cz\/wp-json\/wp\/v2\/types\/product"}],"replies":[{"embeddable":true,"href":"https:\/\/shopatoa.com\/cz\/wp-json\/wp\/v2\/comments?post=245096"}],"wp:featuredmedia":[{"embeddable":true,"href":"https:\/\/shopatoa.com\/cz\/wp-json\/wp\/v2\/media\/245097"}],"wp:attachment":[{"href":"https:\/\/shopatoa.com\/cz\/wp-json\/wp\/v2\/media?parent=245096"}],"wp:term":[{"taxonomy":"product_brand","embeddable":true,"href":"https:\/\/shopatoa.com\/cz\/wp-json\/wp\/v2\/product_brand?post=245096"},{"taxonomy":"product_cat","embeddable":true,"href":"https:\/\/shopatoa.com\/cz\/wp-json\/wp\/v2\/product_cat?post=245096"},{"taxonomy":"product_tag","embeddable":true,"href":"https:\/\/shopatoa.com\/cz\/wp-json\/wp\/v2\/product_tag?post=245096"}],"curies":[{"name":"wp","href":"https:\/\/api.w.org\/{rel}","templated":true}]}}