{"id":245102,"date":"2025-04-02T16:15:39","date_gmt":"2025-04-02T14:15:39","guid":{"rendered":"https:\/\/shopatoa.com\/cz\/?post_type=product&#038;p=245102"},"modified":"2026-01-30T01:17:59","modified_gmt":"2026-01-30T00:17:59","slug":"sampon-beaphar-immo-shield-antiparazitni-pro-psy-200-ml","status":"publish","type":"product","link":"https:\/\/shopatoa.com\/cz\/sampon-beaphar-immo-shield-antiparazitni-pro-psy-200-ml\/","title":{"rendered":"\u0160ampon Beaphar IMMO Shield antiparazitn\u00ed pro psy 200 ml"},"content":{"rendered":"<p>Beaph\u0430r IMMO Shield \u0161ampon pro psy obsahuje silikonov\u00fd olej (dimetikon), kter\u00fd fyzik\u00e1ln\u00edm zp\u016fsobem znehyb\u0148uje blechy, kl\u00ed\u0161\u0165ata a ve\u0161ker\u00fd ostatn\u00ed hmyz, a to zejm\u00e9na kom\u00e1ry, rozto\u010de, v\u0161i a v\u0161enky.<\/p>\n<p>\tVhodn\u00e9 pro psy od 12 t\u00fddn\u016f v\u011bku<br \/>\n\tP\u016fsob\u00ed na v\u0161echna v\u00fdvojov\u00e1 st\u00e1dia blech<br \/>\n\tUsnad\u0148uje n\u00e1sledn\u00e9 roz\u010des\u00e1v\u00e1n\u00ed srsti<\/p>\n<p>Slo\u017een\u00ed: dimetikon 37,4 g\/l, aloe vera 0,23 \/l, parf\u00e9m 0,09 g\/l<\/p>\n<p>N\u00e1vod k pou\u017eit\u00ed: Naneste p\u0159\u00edslu\u0161n\u00fd po\u010det uz\u00e1v\u011br\u016f IMMO\u00a0Shield \u0161amponu (viz d\u00e1vkov\u00e1n\u00ed n\u00ed\u017ee) na mokrou srst zv\u00ed\u0159ete. \u0160ampon dob\u0159e vmas\u00edrujte alespo\u0148 na 2 minuty, nechte 5 minut p\u016fsobit, pot\u00e9 jej d\u016fkladn\u011b smyjte a srst vysu\u0161te.<br \/>\nNepou\u017e\u00edvejte na b\u0159ez\u00ed a koj\u00edc\u00ed feny.<\/p>\n<p>Nezapome\u0148te o\u0161et\u0159it okol\u00ed zv\u00ed\u0159ete sprejem IMMO\u00a0Shield jako prevenci p\u0159ed dal\u0161\u00edm napaden\u00edm parazity.<\/p>\n<p>D\u00e1vkov\u00e1n\u00ed dle hmotnosti:<br \/>\ndo 5 kg \u2013 1,5 uz\u00e1v\u011bru<br \/>\n5-10 kg \u2013 3 uz\u00e1v\u011bry<br \/>\n10-20 kg \u2013 4,5 uz\u00e1v\u011bru<br \/>\nnad 20 kg \u2013 6 uz\u00e1v\u011br\u016f<\/p>\n<p>Doporu\u010den\u00ed proti nep\u0159\u00edjemn\u00fdm parazit\u016fm d\u00edky kombinaci produkt\u016f Beaphar z\u00a0antiparazitn\u00edho BIO bal\u00ed\u010dku pro psy:&#8230;<\/p>\n","protected":false},"excerpt":{"rendered":"<p>Beaph\u0430r IMMO Shield \u0161ampon pro psy obsahuje silikonov\u00fd olej (dimetikon), kter\u00fd fyzik\u00e1ln\u00edm zp\u016fsobem znehyb\u0148uje blechy, kl\u00ed\u0161\u0165ata a ve\u0161ker\u00fd ostatn\u00ed hmyz, a to zejm\u00e9na kom\u00e1ry, rozto\u010de, v\u0161i a v\u0161enky. Vhodn\u00e9 pro psy od 12 t\u00fddn\u016f v\u011bku P\u016fsob\u00ed na v\u0161echna v\u00fdvojov\u00e1 st\u00e1dia blech Usnad\u0148uje n\u00e1sledn\u00e9 roz\u010des\u00e1v\u00e1n\u00ed srsti Slo\u017een\u00ed: dimetikon 37,4 g\/l, aloe vera 0,23 \/l, parf\u00e9m 0,09&#8230;<\/p>\n","protected":false},"featured_media":245103,"comment_status":"closed","ping_status":"open","template":"","meta":{"_acf_changed":false,"_kadence_starter_templates_imported_post":false,"_kad_post_transparent":"","_kad_post_title":"","_kad_post_layout":"","_kad_post_sidebar_id":"","_kad_post_content_style":"","_kad_post_vertical_padding":"","_kad_post_feature":"","_kad_post_feature_position":"","_kad_post_header":false,"_kad_post_footer":false,"_kad_post_classname":""},"product_brand":[2037],"product_cat":[438,436,437],"product_tag":[],"class_list":{"0":"post-245102","1":"product","2":"type-product","3":"status-publish","4":"has-post-thumbnail","6":"product_brand-beaphar","7":"product_cat-antiparazitika-pro-zvirata","8":"product_cat-chovatelske-potreby-2","9":"product_cat-veterinarni-lekarna","10":"pa_obchod-superzoo-cz","12":"first","13":"instock","14":"product-type-external","15":"entry","16":"content-bg","17":"loop-entry"},"acf":[],"yoast_head":"<!-- This site is optimized with the Yoast SEO plugin v27.4 - https:\/\/yoast.com\/product\/yoast-seo-wordpress\/ -->\n<title>\u0160ampon Beaphar IMMO Shield antiparazitn\u00ed pro psy 200 ml - SHOPATOA.COM<\/title>\n<meta name=\"robots\" content=\"index, follow, max-snippet:-1, max-image-preview:large, max-video-preview:-1\" \/>\n<link rel=\"canonical\" href=\"https:\/\/shopatoa.com\/cz\/sampon-beaphar-immo-shield-antiparazitni-pro-psy-200-ml\/\" \/>\n<meta property=\"og:locale\" content=\"cs_CZ\" \/>\n<meta property=\"og:type\" content=\"article\" \/>\n<meta property=\"og:title\" content=\"\u0160ampon Beaphar IMMO Shield antiparazitn\u00ed pro psy 200 ml - SHOPATOA.COM\" \/>\n<meta property=\"og:description\" content=\"Beaph\u0430r IMMO Shield \u0161ampon pro psy obsahuje silikonov\u00fd olej (dimetikon), kter\u00fd fyzik\u00e1ln\u00edm zp\u016fsobem znehyb\u0148uje blechy, kl\u00ed\u0161\u0165ata a ve\u0161ker\u00fd ostatn\u00ed hmyz, a to zejm\u00e9na kom\u00e1ry, rozto\u010de, v\u0161i a v\u0161enky. Vhodn\u00e9 pro psy od 12 t\u00fddn\u016f v\u011bku P\u016fsob\u00ed na v\u0161echna v\u00fdvojov\u00e1 st\u00e1dia blech Usnad\u0148uje n\u00e1sledn\u00e9 roz\u010des\u00e1v\u00e1n\u00ed srsti Slo\u017een\u00ed: dimetikon 37,4 g\/l, aloe vera 0,23 \/l, parf\u00e9m 0,09...\" \/>\n<meta property=\"og:url\" content=\"https:\/\/shopatoa.com\/cz\/sampon-beaphar-immo-shield-antiparazitni-pro-psy-200-ml\/\" \/>\n<meta property=\"og:site_name\" content=\"SHOPATOA\" \/>\n<meta property=\"article:modified_time\" content=\"2026-01-30T00:17:59+00:00\" \/>\n<meta property=\"og:image\" content=\"https:\/\/storage.googleapis.com\/cz-shopatoa-img\/cz\/2ee5151f-1_40490.jpg\" \/>\n\t<meta property=\"og:image:width\" content=\"600\" \/>\n\t<meta property=\"og:image:height\" content=\"600\" \/>\n\t<meta property=\"og:image:type\" content=\"image\/jpeg\" \/>\n<meta name=\"twitter:card\" content=\"summary_large_image\" \/>\n<meta name=\"twitter:label1\" content=\"Odhadovan\u00e1 doba \u010dten\u00ed\" \/>\n\t<meta name=\"twitter:data1\" content=\"1 minuta\" \/>\n<script type=\"application\/ld+json\" class=\"yoast-schema-graph\">{\"@context\":\"https:\\\/\\\/schema.org\",\"@graph\":[{\"@type\":\"WebPage\",\"@id\":\"https:\\\/\\\/shopatoa.com\\\/cz\\\/sampon-beaphar-immo-shield-antiparazitni-pro-psy-200-ml\\\/\",\"url\":\"https:\\\/\\\/shopatoa.com\\\/cz\\\/sampon-beaphar-immo-shield-antiparazitni-pro-psy-200-ml\\\/\",\"name\":\"\u0160ampon Beaphar IMMO Shield antiparazitn\u00ed pro psy 200 ml - SHOPATOA.COM\",\"isPartOf\":{\"@id\":\"https:\\\/\\\/shopatoa.com\\\/cz\\\/#website\"},\"primaryImageOfPage\":{\"@id\":\"https:\\\/\\\/shopatoa.com\\\/cz\\\/sampon-beaphar-immo-shield-antiparazitni-pro-psy-200-ml\\\/#primaryimage\"},\"image\":{\"@id\":\"https:\\\/\\\/shopatoa.com\\\/cz\\\/sampon-beaphar-immo-shield-antiparazitni-pro-psy-200-ml\\\/#primaryimage\"},\"thumbnailUrl\":\"https:\\\/\\\/storage.googleapis.com\\\/cz-shopatoa-img\\\/cz\\\/2ee5151f-1_40490.jpg\",\"datePublished\":\"2025-04-02T14:15:39+00:00\",\"dateModified\":\"2026-01-30T00:17:59+00:00\",\"breadcrumb\":{\"@id\":\"https:\\\/\\\/shopatoa.com\\\/cz\\\/sampon-beaphar-immo-shield-antiparazitni-pro-psy-200-ml\\\/#breadcrumb\"},\"inLanguage\":\"cs\",\"potentialAction\":[{\"@type\":\"ReadAction\",\"target\":[\"https:\\\/\\\/shopatoa.com\\\/cz\\\/sampon-beaphar-immo-shield-antiparazitni-pro-psy-200-ml\\\/\"]}]},{\"@type\":\"ImageObject\",\"inLanguage\":\"cs\",\"@id\":\"https:\\\/\\\/shopatoa.com\\\/cz\\\/sampon-beaphar-immo-shield-antiparazitni-pro-psy-200-ml\\\/#primaryimage\",\"url\":\"https:\\\/\\\/storage.googleapis.com\\\/cz-shopatoa-img\\\/cz\\\/2ee5151f-1_40490.jpg\",\"contentUrl\":\"https:\\\/\\\/storage.googleapis.com\\\/cz-shopatoa-img\\\/cz\\\/2ee5151f-1_40490.jpg\",\"width\":600,\"height\":600},{\"@type\":\"BreadcrumbList\",\"@id\":\"https:\\\/\\\/shopatoa.com\\\/cz\\\/sampon-beaphar-immo-shield-antiparazitni-pro-psy-200-ml\\\/#breadcrumb\",\"itemListElement\":[{\"@type\":\"ListItem\",\"position\":1,\"name\":\"Dom\u016f\",\"item\":\"https:\\\/\\\/shopatoa.com\\\/cz\\\/\"},{\"@type\":\"ListItem\",\"position\":2,\"name\":\"Produkty\",\"item\":\"https:\\\/\\\/shopatoa.com\\\/cz\\\/shop\\\/\"},{\"@type\":\"ListItem\",\"position\":3,\"name\":\"Chovatelsk\u00e9 pot\u0159eby\",\"item\":\"https:\\\/\\\/shopatoa.com\\\/cz\\\/chovatelske-potreby-2\\\/\"},{\"@type\":\"ListItem\",\"position\":4,\"name\":\"Veterin\u00e1rn\u00ed l\u00e9k\u00e1rna\",\"item\":\"https:\\\/\\\/shopatoa.com\\\/cz\\\/veterinarni-lekarna\\\/\"},{\"@type\":\"ListItem\",\"position\":5,\"name\":\"Antiparazitika pro zv\u00ed\u0159ata\",\"item\":\"https:\\\/\\\/shopatoa.com\\\/cz\\\/antiparazitika-pro-zvirata\\\/\"},{\"@type\":\"ListItem\",\"position\":6,\"name\":\"\u0160ampon Beaphar IMMO Shield antiparazitn\u00ed pro psy 200 ml\"}]},{\"@type\":\"WebSite\",\"@id\":\"https:\\\/\\\/shopatoa.com\\\/cz\\\/#website\",\"url\":\"https:\\\/\\\/shopatoa.com\\\/cz\\\/\",\"name\":\"SHOPATOA\",\"description\":\"\",\"publisher\":{\"@id\":\"https:\\\/\\\/shopatoa.com\\\/cz\\\/#organization\"},\"potentialAction\":[{\"@type\":\"SearchAction\",\"target\":{\"@type\":\"EntryPoint\",\"urlTemplate\":\"https:\\\/\\\/shopatoa.com\\\/cz\\\/?s={search_term_string}\"},\"query-input\":{\"@type\":\"PropertyValueSpecification\",\"valueRequired\":true,\"valueName\":\"search_term_string\"}}],\"inLanguage\":\"cs\"},{\"@type\":\"Organization\",\"@id\":\"https:\\\/\\\/shopatoa.com\\\/cz\\\/#organization\",\"name\":\"SHOPATOA Digital s.r.o.\",\"url\":\"https:\\\/\\\/shopatoa.com\\\/cz\\\/\",\"logo\":{\"@type\":\"ImageObject\",\"inLanguage\":\"cs\",\"@id\":\"https:\\\/\\\/shopatoa.com\\\/cz\\\/#\\\/schema\\\/logo\\\/image\\\/\",\"url\":\"https:\\\/\\\/storage.googleapis.com\\\/cz-shopatoa-img\\\/cz\\\/ebccf434-shopatoa_logo.png\",\"contentUrl\":\"https:\\\/\\\/storage.googleapis.com\\\/cz-shopatoa-img\\\/cz\\\/ebccf434-shopatoa_logo.png\",\"width\":416,\"height\":63,\"caption\":\"SHOPATOA Digital s.r.o.\"},\"image\":{\"@id\":\"https:\\\/\\\/shopatoa.com\\\/cz\\\/#\\\/schema\\\/logo\\\/image\\\/\"}}]}<\/script>\n<!-- \/ Yoast SEO plugin. -->","yoast_head_json":{"title":"\u0160ampon Beaphar IMMO Shield antiparazitn\u00ed pro psy 200 ml - SHOPATOA.COM","robots":{"index":"index","follow":"follow","max-snippet":"max-snippet:-1","max-image-preview":"max-image-preview:large","max-video-preview":"max-video-preview:-1"},"canonical":"https:\/\/shopatoa.com\/cz\/sampon-beaphar-immo-shield-antiparazitni-pro-psy-200-ml\/","og_locale":"cs_CZ","og_type":"article","og_title":"\u0160ampon Beaphar IMMO Shield antiparazitn\u00ed pro psy 200 ml - SHOPATOA.COM","og_description":"Beaph\u0430r IMMO Shield \u0161ampon pro psy obsahuje silikonov\u00fd olej (dimetikon), kter\u00fd fyzik\u00e1ln\u00edm zp\u016fsobem znehyb\u0148uje blechy, kl\u00ed\u0161\u0165ata a ve\u0161ker\u00fd ostatn\u00ed hmyz, a to zejm\u00e9na kom\u00e1ry, rozto\u010de, v\u0161i a v\u0161enky. Vhodn\u00e9 pro psy od 12 t\u00fddn\u016f v\u011bku P\u016fsob\u00ed na v\u0161echna v\u00fdvojov\u00e1 st\u00e1dia blech Usnad\u0148uje n\u00e1sledn\u00e9 roz\u010des\u00e1v\u00e1n\u00ed srsti Slo\u017een\u00ed: dimetikon 37,4 g\/l, aloe vera 0,23 \/l, parf\u00e9m 0,09...","og_url":"https:\/\/shopatoa.com\/cz\/sampon-beaphar-immo-shield-antiparazitni-pro-psy-200-ml\/","og_site_name":"SHOPATOA","article_modified_time":"2026-01-30T00:17:59+00:00","og_image":[{"width":600,"height":600,"url":"https:\/\/storage.googleapis.com\/cz-shopatoa-img\/cz\/2ee5151f-1_40490.jpg","type":"image\/jpeg"}],"twitter_card":"summary_large_image","twitter_misc":{"Odhadovan\u00e1 doba \u010dten\u00ed":"1 minuta"},"schema":{"@context":"https:\/\/schema.org","@graph":[{"@type":"WebPage","@id":"https:\/\/shopatoa.com\/cz\/sampon-beaphar-immo-shield-antiparazitni-pro-psy-200-ml\/","url":"https:\/\/shopatoa.com\/cz\/sampon-beaphar-immo-shield-antiparazitni-pro-psy-200-ml\/","name":"\u0160ampon Beaphar IMMO Shield antiparazitn\u00ed pro psy 200 ml - SHOPATOA.COM","isPartOf":{"@id":"https:\/\/shopatoa.com\/cz\/#website"},"primaryImageOfPage":{"@id":"https:\/\/shopatoa.com\/cz\/sampon-beaphar-immo-shield-antiparazitni-pro-psy-200-ml\/#primaryimage"},"image":{"@id":"https:\/\/shopatoa.com\/cz\/sampon-beaphar-immo-shield-antiparazitni-pro-psy-200-ml\/#primaryimage"},"thumbnailUrl":"https:\/\/storage.googleapis.com\/cz-shopatoa-img\/cz\/2ee5151f-1_40490.jpg","datePublished":"2025-04-02T14:15:39+00:00","dateModified":"2026-01-30T00:17:59+00:00","breadcrumb":{"@id":"https:\/\/shopatoa.com\/cz\/sampon-beaphar-immo-shield-antiparazitni-pro-psy-200-ml\/#breadcrumb"},"inLanguage":"cs","potentialAction":[{"@type":"ReadAction","target":["https:\/\/shopatoa.com\/cz\/sampon-beaphar-immo-shield-antiparazitni-pro-psy-200-ml\/"]}]},{"@type":"ImageObject","inLanguage":"cs","@id":"https:\/\/shopatoa.com\/cz\/sampon-beaphar-immo-shield-antiparazitni-pro-psy-200-ml\/#primaryimage","url":"https:\/\/storage.googleapis.com\/cz-shopatoa-img\/cz\/2ee5151f-1_40490.jpg","contentUrl":"https:\/\/storage.googleapis.com\/cz-shopatoa-img\/cz\/2ee5151f-1_40490.jpg","width":600,"height":600},{"@type":"BreadcrumbList","@id":"https:\/\/shopatoa.com\/cz\/sampon-beaphar-immo-shield-antiparazitni-pro-psy-200-ml\/#breadcrumb","itemListElement":[{"@type":"ListItem","position":1,"name":"Dom\u016f","item":"https:\/\/shopatoa.com\/cz\/"},{"@type":"ListItem","position":2,"name":"Produkty","item":"https:\/\/shopatoa.com\/cz\/shop\/"},{"@type":"ListItem","position":3,"name":"Chovatelsk\u00e9 pot\u0159eby","item":"https:\/\/shopatoa.com\/cz\/chovatelske-potreby-2\/"},{"@type":"ListItem","position":4,"name":"Veterin\u00e1rn\u00ed l\u00e9k\u00e1rna","item":"https:\/\/shopatoa.com\/cz\/veterinarni-lekarna\/"},{"@type":"ListItem","position":5,"name":"Antiparazitika pro zv\u00ed\u0159ata","item":"https:\/\/shopatoa.com\/cz\/antiparazitika-pro-zvirata\/"},{"@type":"ListItem","position":6,"name":"\u0160ampon Beaphar IMMO Shield antiparazitn\u00ed pro psy 200 ml"}]},{"@type":"WebSite","@id":"https:\/\/shopatoa.com\/cz\/#website","url":"https:\/\/shopatoa.com\/cz\/","name":"SHOPATOA","description":"","publisher":{"@id":"https:\/\/shopatoa.com\/cz\/#organization"},"potentialAction":[{"@type":"SearchAction","target":{"@type":"EntryPoint","urlTemplate":"https:\/\/shopatoa.com\/cz\/?s={search_term_string}"},"query-input":{"@type":"PropertyValueSpecification","valueRequired":true,"valueName":"search_term_string"}}],"inLanguage":"cs"},{"@type":"Organization","@id":"https:\/\/shopatoa.com\/cz\/#organization","name":"SHOPATOA Digital s.r.o.","url":"https:\/\/shopatoa.com\/cz\/","logo":{"@type":"ImageObject","inLanguage":"cs","@id":"https:\/\/shopatoa.com\/cz\/#\/schema\/logo\/image\/","url":"https:\/\/storage.googleapis.com\/cz-shopatoa-img\/cz\/ebccf434-shopatoa_logo.png","contentUrl":"https:\/\/storage.googleapis.com\/cz-shopatoa-img\/cz\/ebccf434-shopatoa_logo.png","width":416,"height":63,"caption":"SHOPATOA Digital s.r.o."},"image":{"@id":"https:\/\/shopatoa.com\/cz\/#\/schema\/logo\/image\/"}}]}},"_links":{"self":[{"href":"https:\/\/shopatoa.com\/cz\/wp-json\/wp\/v2\/product\/245102","targetHints":{"allow":["GET"]}}],"collection":[{"href":"https:\/\/shopatoa.com\/cz\/wp-json\/wp\/v2\/product"}],"about":[{"href":"https:\/\/shopatoa.com\/cz\/wp-json\/wp\/v2\/types\/product"}],"replies":[{"embeddable":true,"href":"https:\/\/shopatoa.com\/cz\/wp-json\/wp\/v2\/comments?post=245102"}],"wp:featuredmedia":[{"embeddable":true,"href":"https:\/\/shopatoa.com\/cz\/wp-json\/wp\/v2\/media\/245103"}],"wp:attachment":[{"href":"https:\/\/shopatoa.com\/cz\/wp-json\/wp\/v2\/media?parent=245102"}],"wp:term":[{"taxonomy":"product_brand","embeddable":true,"href":"https:\/\/shopatoa.com\/cz\/wp-json\/wp\/v2\/product_brand?post=245102"},{"taxonomy":"product_cat","embeddable":true,"href":"https:\/\/shopatoa.com\/cz\/wp-json\/wp\/v2\/product_cat?post=245102"},{"taxonomy":"product_tag","embeddable":true,"href":"https:\/\/shopatoa.com\/cz\/wp-json\/wp\/v2\/product_tag?post=245102"}],"curies":[{"name":"wp","href":"https:\/\/api.w.org\/{rel}","templated":true}]}}