{"id":245108,"date":"2025-04-02T16:16:08","date_gmt":"2025-04-02T14:16:08","guid":{"rendered":"https:\/\/shopatoa.com\/cz\/?post_type=product&#038;p=245108"},"modified":"2025-04-26T00:08:22","modified_gmt":"2025-04-25T22:08:22","slug":"vanicka-little-big-paw-losos-zelenina-150g","status":"publish","type":"product","link":"https:\/\/shopatoa.com\/cz\/vanicka-little-big-paw-losos-zelenina-150g\/","title":{"rendered":"Vani\u010dka Little Big Paw losos &#038; zelenina 150g"},"content":{"rendered":"<p>Kompletn\u00ed krmivo pro mal\u00e1 plemena ps\u016f.<\/p>\n<p>\t100% p\u0159\u00edrodn\u00ed<br \/>\n\tBez obilovin<br \/>\n\tvyrobeno v\u00fdhradn\u011b z prvot\u0159\u00eddn\u00edch britsk\u00fdch surovin<br \/>\n\toptim\u00e1ln\u00ed slo\u017een\u00ed a pom\u011br v\u00fd\u017eivn\u00fdch l\u00e1tek<br \/>\n\tpraktick\u00e9 balen\u00ed jednotliv\u00fdch porc\u00ed<br \/>\n\tminim\u00e1ln\u011b 60% \u010derstv\u00e9ho masa v porc\u00edch pro psy<\/p>\n<p>Slo\u017een\u00ed <\/p>\n<p>Losos 60%, zelenina (brambory 25%, mrkev 5%, zelen\u00fd hr\u00e1\u0161ek 5%), miner\u00e1ly, slune\u010dnicov\u00fd olej, lososov\u00fd olej, su\u0161en\u00e1 raj\u010data, su\u0161en\u00e9 \u0159asy, su\u0161en\u00e1 bazalka<\/p>\n<p>Analytick\u00e9 slo\u017eky<\/p>\n<p>Hrub\u00fd protein 10%, hrub\u00e9 oleje a tuky 10%, hrub\u00fd popel 3,8%, hrub\u00e1 vl\u00e1knina 1%, vlhkost 75%.<\/p>\n<p>Nutri\u010dn\u00ed dopl\u0148kov\u00e9 l\u00e1tky\/kg<\/p>\n<p>Vitam\u00edn A 3000IU, vitam\u00edn D3 420IU, vitam\u00edn E 40mg, vitam\u00edn B complex 26,3mg, s\u00edran zine\u010dnat\u00fd monohydr\u00e1t 107,14mg, s\u00edran manganat\u00fd 11,72mg, seleni\u010ditan sodn\u00fd 0,89mg, jodi\u010dnan v\u00e1penat\u00fd 0,6mg.<\/p>\n","protected":false},"excerpt":{"rendered":"<p>Kompletn\u00ed krmivo pro mal\u00e1 plemena ps\u016f. 100% p\u0159\u00edrodn\u00ed Bez obilovin vyrobeno v\u00fdhradn\u011b z prvot\u0159\u00eddn\u00edch britsk\u00fdch surovin optim\u00e1ln\u00ed slo\u017een\u00ed a pom\u011br v\u00fd\u017eivn\u00fdch l\u00e1tek praktick\u00e9 balen\u00ed jednotliv\u00fdch porc\u00ed minim\u00e1ln\u011b 60% \u010derstv\u00e9ho masa v porc\u00edch pro psy Slo\u017een\u00ed Losos 60%, zelenina (brambory 25%, mrkev 5%, zelen\u00fd hr\u00e1\u0161ek 5%), miner\u00e1ly, slune\u010dnicov\u00fd olej, lososov\u00fd olej, su\u0161en\u00e1 raj\u010data, su\u0161en\u00e9 \u0159asy, su\u0161en\u00e1&#8230;<\/p>\n","protected":false},"featured_media":245109,"comment_status":"closed","ping_status":"open","template":"","meta":{"_acf_changed":false,"_kadence_starter_templates_imported_post":false,"_kad_post_transparent":"","_kad_post_title":"","_kad_post_layout":"","_kad_post_sidebar_id":"","_kad_post_content_style":"","_kad_post_vertical_padding":"","_kad_post_feature":"","_kad_post_feature_position":"","_kad_post_header":false,"_kad_post_footer":false,"_kad_post_classname":""},"product_brand":[2471],"product_cat":[436,2587,2568,739],"product_tag":[],"class_list":{"0":"post-245108","1":"product","2":"type-product","3":"status-publish","4":"has-post-thumbnail","6":"product_brand-little-big-paw","7":"product_cat-chovatelske-potreby-2","8":"product_cat-kapsicky-pro-psy","9":"product_cat-krmivo-pro-psy-pro-psy-chovatelske-potreby-2","10":"product_cat-pro-psy-chovatelske-potreby-2","11":"pa_obchod-superzoo-cz","13":"first","14":"instock","15":"product-type-external","16":"entry","17":"content-bg","18":"loop-entry"},"acf":[],"yoast_head":"<!-- This site is optimized with the Yoast SEO plugin v27.4 - https:\/\/yoast.com\/product\/yoast-seo-wordpress\/ -->\n<title>Vani\u010dka Little Big Paw losos &amp; zelenina 150g - SHOPATOA.COM<\/title>\n<meta name=\"robots\" content=\"index, follow, max-snippet:-1, max-image-preview:large, max-video-preview:-1\" \/>\n<link rel=\"canonical\" href=\"https:\/\/shopatoa.com\/cz\/vanicka-little-big-paw-losos-zelenina-150g\/\" \/>\n<meta property=\"og:locale\" content=\"cs_CZ\" \/>\n<meta property=\"og:type\" content=\"article\" \/>\n<meta property=\"og:title\" content=\"Vani\u010dka Little Big Paw losos &amp; zelenina 150g - SHOPATOA.COM\" \/>\n<meta property=\"og:description\" content=\"Kompletn\u00ed krmivo pro mal\u00e1 plemena ps\u016f. 100% p\u0159\u00edrodn\u00ed Bez obilovin vyrobeno v\u00fdhradn\u011b z prvot\u0159\u00eddn\u00edch britsk\u00fdch surovin optim\u00e1ln\u00ed slo\u017een\u00ed a pom\u011br v\u00fd\u017eivn\u00fdch l\u00e1tek praktick\u00e9 balen\u00ed jednotliv\u00fdch porc\u00ed minim\u00e1ln\u011b 60% \u010derstv\u00e9ho masa v porc\u00edch pro psy Slo\u017een\u00ed Losos 60%, zelenina (brambory 25%, mrkev 5%, zelen\u00fd hr\u00e1\u0161ek 5%), miner\u00e1ly, slune\u010dnicov\u00fd olej, lososov\u00fd olej, su\u0161en\u00e1 raj\u010data, su\u0161en\u00e9 \u0159asy, su\u0161en\u00e1...\" \/>\n<meta property=\"og:url\" content=\"https:\/\/shopatoa.com\/cz\/vanicka-little-big-paw-losos-zelenina-150g\/\" \/>\n<meta property=\"og:site_name\" content=\"SHOPATOA\" \/>\n<meta property=\"article:modified_time\" content=\"2025-04-25T22:08:22+00:00\" \/>\n<meta property=\"og:image\" content=\"https:\/\/storage.googleapis.com\/cz-shopatoa-img\/cz\/b7d9963e-1_40553.jpg\" \/>\n\t<meta property=\"og:image:width\" content=\"600\" \/>\n\t<meta property=\"og:image:height\" content=\"600\" \/>\n\t<meta property=\"og:image:type\" content=\"image\/jpeg\" \/>\n<meta name=\"twitter:card\" content=\"summary_large_image\" \/>\n<meta name=\"twitter:label1\" content=\"Odhadovan\u00e1 doba \u010dten\u00ed\" \/>\n\t<meta name=\"twitter:data1\" content=\"1 minuta\" \/>\n<script type=\"application\/ld+json\" class=\"yoast-schema-graph\">{\"@context\":\"https:\\\/\\\/schema.org\",\"@graph\":[{\"@type\":\"WebPage\",\"@id\":\"https:\\\/\\\/shopatoa.com\\\/cz\\\/vanicka-little-big-paw-losos-zelenina-150g\\\/\",\"url\":\"https:\\\/\\\/shopatoa.com\\\/cz\\\/vanicka-little-big-paw-losos-zelenina-150g\\\/\",\"name\":\"Vani\u010dka Little Big Paw losos & zelenina 150g - SHOPATOA.COM\",\"isPartOf\":{\"@id\":\"https:\\\/\\\/shopatoa.com\\\/cz\\\/#website\"},\"primaryImageOfPage\":{\"@id\":\"https:\\\/\\\/shopatoa.com\\\/cz\\\/vanicka-little-big-paw-losos-zelenina-150g\\\/#primaryimage\"},\"image\":{\"@id\":\"https:\\\/\\\/shopatoa.com\\\/cz\\\/vanicka-little-big-paw-losos-zelenina-150g\\\/#primaryimage\"},\"thumbnailUrl\":\"https:\\\/\\\/storage.googleapis.com\\\/cz-shopatoa-img\\\/cz\\\/b7d9963e-1_40553.jpg\",\"datePublished\":\"2025-04-02T14:16:08+00:00\",\"dateModified\":\"2025-04-25T22:08:22+00:00\",\"breadcrumb\":{\"@id\":\"https:\\\/\\\/shopatoa.com\\\/cz\\\/vanicka-little-big-paw-losos-zelenina-150g\\\/#breadcrumb\"},\"inLanguage\":\"cs\",\"potentialAction\":[{\"@type\":\"ReadAction\",\"target\":[\"https:\\\/\\\/shopatoa.com\\\/cz\\\/vanicka-little-big-paw-losos-zelenina-150g\\\/\"]}]},{\"@type\":\"ImageObject\",\"inLanguage\":\"cs\",\"@id\":\"https:\\\/\\\/shopatoa.com\\\/cz\\\/vanicka-little-big-paw-losos-zelenina-150g\\\/#primaryimage\",\"url\":\"https:\\\/\\\/storage.googleapis.com\\\/cz-shopatoa-img\\\/cz\\\/b7d9963e-1_40553.jpg\",\"contentUrl\":\"https:\\\/\\\/storage.googleapis.com\\\/cz-shopatoa-img\\\/cz\\\/b7d9963e-1_40553.jpg\",\"width\":600,\"height\":600},{\"@type\":\"BreadcrumbList\",\"@id\":\"https:\\\/\\\/shopatoa.com\\\/cz\\\/vanicka-little-big-paw-losos-zelenina-150g\\\/#breadcrumb\",\"itemListElement\":[{\"@type\":\"ListItem\",\"position\":1,\"name\":\"Dom\u016f\",\"item\":\"https:\\\/\\\/shopatoa.com\\\/cz\\\/\"},{\"@type\":\"ListItem\",\"position\":2,\"name\":\"Produkty\",\"item\":\"https:\\\/\\\/shopatoa.com\\\/cz\\\/shop\\\/\"},{\"@type\":\"ListItem\",\"position\":3,\"name\":\"Chovatelsk\u00e9 pot\u0159eby\",\"item\":\"https:\\\/\\\/shopatoa.com\\\/cz\\\/chovatelske-potreby-2\\\/\"},{\"@type\":\"ListItem\",\"position\":4,\"name\":\"Pro psy\",\"item\":\"https:\\\/\\\/shopatoa.com\\\/cz\\\/pro-psy-chovatelske-potreby-2\\\/\"},{\"@type\":\"ListItem\",\"position\":5,\"name\":\"Krmivo pro psy\",\"item\":\"https:\\\/\\\/shopatoa.com\\\/cz\\\/krmivo-pro-psy-pro-psy-chovatelske-potreby-2\\\/\"},{\"@type\":\"ListItem\",\"position\":6,\"name\":\"Kapsi\u010dky pro psy\",\"item\":\"https:\\\/\\\/shopatoa.com\\\/cz\\\/kapsicky-pro-psy\\\/\"},{\"@type\":\"ListItem\",\"position\":7,\"name\":\"Vani\u010dka Little Big Paw losos &#038; zelenina 150g\"}]},{\"@type\":\"WebSite\",\"@id\":\"https:\\\/\\\/shopatoa.com\\\/cz\\\/#website\",\"url\":\"https:\\\/\\\/shopatoa.com\\\/cz\\\/\",\"name\":\"SHOPATOA\",\"description\":\"\",\"publisher\":{\"@id\":\"https:\\\/\\\/shopatoa.com\\\/cz\\\/#organization\"},\"potentialAction\":[{\"@type\":\"SearchAction\",\"target\":{\"@type\":\"EntryPoint\",\"urlTemplate\":\"https:\\\/\\\/shopatoa.com\\\/cz\\\/?s={search_term_string}\"},\"query-input\":{\"@type\":\"PropertyValueSpecification\",\"valueRequired\":true,\"valueName\":\"search_term_string\"}}],\"inLanguage\":\"cs\"},{\"@type\":\"Organization\",\"@id\":\"https:\\\/\\\/shopatoa.com\\\/cz\\\/#organization\",\"name\":\"SHOPATOA Digital s.r.o.\",\"url\":\"https:\\\/\\\/shopatoa.com\\\/cz\\\/\",\"logo\":{\"@type\":\"ImageObject\",\"inLanguage\":\"cs\",\"@id\":\"https:\\\/\\\/shopatoa.com\\\/cz\\\/#\\\/schema\\\/logo\\\/image\\\/\",\"url\":\"https:\\\/\\\/storage.googleapis.com\\\/cz-shopatoa-img\\\/cz\\\/ebccf434-shopatoa_logo.png\",\"contentUrl\":\"https:\\\/\\\/storage.googleapis.com\\\/cz-shopatoa-img\\\/cz\\\/ebccf434-shopatoa_logo.png\",\"width\":416,\"height\":63,\"caption\":\"SHOPATOA Digital s.r.o.\"},\"image\":{\"@id\":\"https:\\\/\\\/shopatoa.com\\\/cz\\\/#\\\/schema\\\/logo\\\/image\\\/\"}}]}<\/script>\n<!-- \/ Yoast SEO plugin. -->","yoast_head_json":{"title":"Vani\u010dka Little Big Paw losos & zelenina 150g - SHOPATOA.COM","robots":{"index":"index","follow":"follow","max-snippet":"max-snippet:-1","max-image-preview":"max-image-preview:large","max-video-preview":"max-video-preview:-1"},"canonical":"https:\/\/shopatoa.com\/cz\/vanicka-little-big-paw-losos-zelenina-150g\/","og_locale":"cs_CZ","og_type":"article","og_title":"Vani\u010dka Little Big Paw losos & zelenina 150g - SHOPATOA.COM","og_description":"Kompletn\u00ed krmivo pro mal\u00e1 plemena ps\u016f. 100% p\u0159\u00edrodn\u00ed Bez obilovin vyrobeno v\u00fdhradn\u011b z prvot\u0159\u00eddn\u00edch britsk\u00fdch surovin optim\u00e1ln\u00ed slo\u017een\u00ed a pom\u011br v\u00fd\u017eivn\u00fdch l\u00e1tek praktick\u00e9 balen\u00ed jednotliv\u00fdch porc\u00ed minim\u00e1ln\u011b 60% \u010derstv\u00e9ho masa v porc\u00edch pro psy Slo\u017een\u00ed Losos 60%, zelenina (brambory 25%, mrkev 5%, zelen\u00fd hr\u00e1\u0161ek 5%), miner\u00e1ly, slune\u010dnicov\u00fd olej, lososov\u00fd olej, su\u0161en\u00e1 raj\u010data, su\u0161en\u00e9 \u0159asy, su\u0161en\u00e1...","og_url":"https:\/\/shopatoa.com\/cz\/vanicka-little-big-paw-losos-zelenina-150g\/","og_site_name":"SHOPATOA","article_modified_time":"2025-04-25T22:08:22+00:00","og_image":[{"width":600,"height":600,"url":"https:\/\/storage.googleapis.com\/cz-shopatoa-img\/cz\/b7d9963e-1_40553.jpg","type":"image\/jpeg"}],"twitter_card":"summary_large_image","twitter_misc":{"Odhadovan\u00e1 doba \u010dten\u00ed":"1 minuta"},"schema":{"@context":"https:\/\/schema.org","@graph":[{"@type":"WebPage","@id":"https:\/\/shopatoa.com\/cz\/vanicka-little-big-paw-losos-zelenina-150g\/","url":"https:\/\/shopatoa.com\/cz\/vanicka-little-big-paw-losos-zelenina-150g\/","name":"Vani\u010dka Little Big Paw losos & zelenina 150g - SHOPATOA.COM","isPartOf":{"@id":"https:\/\/shopatoa.com\/cz\/#website"},"primaryImageOfPage":{"@id":"https:\/\/shopatoa.com\/cz\/vanicka-little-big-paw-losos-zelenina-150g\/#primaryimage"},"image":{"@id":"https:\/\/shopatoa.com\/cz\/vanicka-little-big-paw-losos-zelenina-150g\/#primaryimage"},"thumbnailUrl":"https:\/\/storage.googleapis.com\/cz-shopatoa-img\/cz\/b7d9963e-1_40553.jpg","datePublished":"2025-04-02T14:16:08+00:00","dateModified":"2025-04-25T22:08:22+00:00","breadcrumb":{"@id":"https:\/\/shopatoa.com\/cz\/vanicka-little-big-paw-losos-zelenina-150g\/#breadcrumb"},"inLanguage":"cs","potentialAction":[{"@type":"ReadAction","target":["https:\/\/shopatoa.com\/cz\/vanicka-little-big-paw-losos-zelenina-150g\/"]}]},{"@type":"ImageObject","inLanguage":"cs","@id":"https:\/\/shopatoa.com\/cz\/vanicka-little-big-paw-losos-zelenina-150g\/#primaryimage","url":"https:\/\/storage.googleapis.com\/cz-shopatoa-img\/cz\/b7d9963e-1_40553.jpg","contentUrl":"https:\/\/storage.googleapis.com\/cz-shopatoa-img\/cz\/b7d9963e-1_40553.jpg","width":600,"height":600},{"@type":"BreadcrumbList","@id":"https:\/\/shopatoa.com\/cz\/vanicka-little-big-paw-losos-zelenina-150g\/#breadcrumb","itemListElement":[{"@type":"ListItem","position":1,"name":"Dom\u016f","item":"https:\/\/shopatoa.com\/cz\/"},{"@type":"ListItem","position":2,"name":"Produkty","item":"https:\/\/shopatoa.com\/cz\/shop\/"},{"@type":"ListItem","position":3,"name":"Chovatelsk\u00e9 pot\u0159eby","item":"https:\/\/shopatoa.com\/cz\/chovatelske-potreby-2\/"},{"@type":"ListItem","position":4,"name":"Pro psy","item":"https:\/\/shopatoa.com\/cz\/pro-psy-chovatelske-potreby-2\/"},{"@type":"ListItem","position":5,"name":"Krmivo pro psy","item":"https:\/\/shopatoa.com\/cz\/krmivo-pro-psy-pro-psy-chovatelske-potreby-2\/"},{"@type":"ListItem","position":6,"name":"Kapsi\u010dky pro psy","item":"https:\/\/shopatoa.com\/cz\/kapsicky-pro-psy\/"},{"@type":"ListItem","position":7,"name":"Vani\u010dka Little Big Paw losos &#038; zelenina 150g"}]},{"@type":"WebSite","@id":"https:\/\/shopatoa.com\/cz\/#website","url":"https:\/\/shopatoa.com\/cz\/","name":"SHOPATOA","description":"","publisher":{"@id":"https:\/\/shopatoa.com\/cz\/#organization"},"potentialAction":[{"@type":"SearchAction","target":{"@type":"EntryPoint","urlTemplate":"https:\/\/shopatoa.com\/cz\/?s={search_term_string}"},"query-input":{"@type":"PropertyValueSpecification","valueRequired":true,"valueName":"search_term_string"}}],"inLanguage":"cs"},{"@type":"Organization","@id":"https:\/\/shopatoa.com\/cz\/#organization","name":"SHOPATOA Digital s.r.o.","url":"https:\/\/shopatoa.com\/cz\/","logo":{"@type":"ImageObject","inLanguage":"cs","@id":"https:\/\/shopatoa.com\/cz\/#\/schema\/logo\/image\/","url":"https:\/\/storage.googleapis.com\/cz-shopatoa-img\/cz\/ebccf434-shopatoa_logo.png","contentUrl":"https:\/\/storage.googleapis.com\/cz-shopatoa-img\/cz\/ebccf434-shopatoa_logo.png","width":416,"height":63,"caption":"SHOPATOA Digital s.r.o."},"image":{"@id":"https:\/\/shopatoa.com\/cz\/#\/schema\/logo\/image\/"}}]}},"_links":{"self":[{"href":"https:\/\/shopatoa.com\/cz\/wp-json\/wp\/v2\/product\/245108","targetHints":{"allow":["GET"]}}],"collection":[{"href":"https:\/\/shopatoa.com\/cz\/wp-json\/wp\/v2\/product"}],"about":[{"href":"https:\/\/shopatoa.com\/cz\/wp-json\/wp\/v2\/types\/product"}],"replies":[{"embeddable":true,"href":"https:\/\/shopatoa.com\/cz\/wp-json\/wp\/v2\/comments?post=245108"}],"wp:featuredmedia":[{"embeddable":true,"href":"https:\/\/shopatoa.com\/cz\/wp-json\/wp\/v2\/media\/245109"}],"wp:attachment":[{"href":"https:\/\/shopatoa.com\/cz\/wp-json\/wp\/v2\/media?parent=245108"}],"wp:term":[{"taxonomy":"product_brand","embeddable":true,"href":"https:\/\/shopatoa.com\/cz\/wp-json\/wp\/v2\/product_brand?post=245108"},{"taxonomy":"product_cat","embeddable":true,"href":"https:\/\/shopatoa.com\/cz\/wp-json\/wp\/v2\/product_cat?post=245108"},{"taxonomy":"product_tag","embeddable":true,"href":"https:\/\/shopatoa.com\/cz\/wp-json\/wp\/v2\/product_tag?post=245108"}],"curies":[{"name":"wp","href":"https:\/\/api.w.org\/{rel}","templated":true}]}}