{"id":245120,"date":"2025-04-02T16:20:02","date_gmt":"2025-04-02T14:20:02","guid":{"rendered":"https:\/\/shopatoa.com\/cz\/?post_type=product&#038;p=245120"},"modified":"2025-04-26T00:07:52","modified_gmt":"2025-04-25T22:07:52","slug":"kalisek-pro-kocky-little-big-paw-kruta-kure-85g","status":"publish","type":"product","link":"https:\/\/shopatoa.com\/cz\/kalisek-pro-kocky-little-big-paw-kruta-kure-85g\/","title":{"rendered":"Kal\u00ed\u0161ek pro ko\u010dky Little Big Paw kr\u016fta &#038; ku\u0159e 85g"},"content":{"rendered":"<p>Kompletn\u00ed mokr\u00e9 krmivo ur\u010den\u00e9 ko\u010dk\u00e1m<\/p>\n<p>\t100% p\u0159\u00edrodn\u00ed<br \/>\n\t\u017e\u00e1dn\u00e9 obiloviny<br \/>\n\tvyrobeno v\u00fdhradn\u011b z prvot\u0159\u00eddn\u00edch britsk\u00fdch surovin<br \/>\n\toptim\u00e1ln\u00ed slo\u017een\u00ed a pom\u011br v\u00fd\u017eivn\u00fdch l\u00e1tek<br \/>\n\tpraktick\u00e9 balen\u00ed jednotliv\u00fdch porc\u00ed<br \/>\n\tminim\u00e1ln\u011b\u00a070% v porc\u00edch pro ko\u010dky<\/p>\n<p>Slo\u017een\u00ed: \u010derstv\u00e9 maso 70% (kr\u016ft\u00ed min. 26%, ku\u0159ec\u00ed), miner\u00e1ly, lososov\u00fd olej, slune\u010dnicov\u00fd olej.<\/p>\n<p>Analytick\u00e9 slo\u017eky: hrub\u00fd protein 10%, hrub\u00e9 oleje a tuky 9%, hrub\u00e1 vl\u00e1knina 0,5%, hrub\u00fd popel 3,5%, vlhkost 75%.<\/p>\n<p>Nutricn\u00ed doplnkov\u00e9 l\u00e1tky\/kg: vitam\u00edn A 5300IU, vitam\u00edn D3 530IU, vitam\u00edn E 7,95mg, taurin 500mg, s\u00edran zine\u010dnat\u00fd monohydr\u00e1t 151mg, s\u00edran \u017eeleznat\u00fd monohydr\u00e1t 35mg, s\u00edran manganat\u00fd 16,5mg, seleni\u010ditan sodn\u00fd 1,18mg, jodi\u010dnan v\u00e1penat\u00fd 0,84mg<\/p>\n<p>KRMN\u00dd N\u00c1VOD: ko\u010dku krmte 2 \u2013 3 kal\u00ed\u0161ky denn\u011b, ko\u0165ata 1 kal\u00ed\u0161ek na den. Doporu\u010den\u00e1 d\u00e1vka je pouze orienta\u010dn\u00ed. V\u017edy poskytn\u011bte p\u0159\u00edstup k \u010derstv\u00e9, pitn\u00e9 vod\u011b.<\/p>\n","protected":false},"excerpt":{"rendered":"<p>Kompletn\u00ed mokr\u00e9 krmivo ur\u010den\u00e9 ko\u010dk\u00e1m 100% p\u0159\u00edrodn\u00ed \u017e\u00e1dn\u00e9 obiloviny vyrobeno v\u00fdhradn\u011b z prvot\u0159\u00eddn\u00edch britsk\u00fdch surovin optim\u00e1ln\u00ed slo\u017een\u00ed a pom\u011br v\u00fd\u017eivn\u00fdch l\u00e1tek praktick\u00e9 balen\u00ed jednotliv\u00fdch porc\u00ed minim\u00e1ln\u011b\u00a070% v porc\u00edch pro ko\u010dky Slo\u017een\u00ed: \u010derstv\u00e9 maso 70% (kr\u016ft\u00ed min. 26%, ku\u0159ec\u00ed), miner\u00e1ly, lososov\u00fd olej, slune\u010dnicov\u00fd olej. Analytick\u00e9 slo\u017eky: hrub\u00fd protein 10%, hrub\u00e9 oleje a tuky 9%, hrub\u00e1 vl\u00e1knina&#8230;<\/p>\n","protected":false},"featured_media":245121,"comment_status":"closed","ping_status":"open","template":"","meta":{"_acf_changed":false,"_kadence_starter_templates_imported_post":false,"_kad_post_transparent":"","_kad_post_title":"","_kad_post_layout":"","_kad_post_sidebar_id":"","_kad_post_content_style":"","_kad_post_vertical_padding":"","_kad_post_feature":"","_kad_post_feature_position":"","_kad_post_header":false,"_kad_post_footer":false,"_kad_post_classname":""},"product_brand":[2471],"product_cat":[436,2575,1465,1464],"product_tag":[],"class_list":{"0":"post-245120","1":"product","2":"type-product","3":"status-publish","4":"has-post-thumbnail","6":"product_brand-little-big-paw","7":"product_cat-chovatelske-potreby-2","8":"product_cat-konzervy-pro-kocky","9":"product_cat-krmivo-pro-kocky-pro-kocky-chovatelske-potreby-2","10":"product_cat-pro-kocky-chovatelske-potreby-2","11":"pa_obchod-superzoo-cz","13":"first","14":"instock","15":"product-type-external","16":"entry","17":"content-bg","18":"loop-entry"},"acf":[],"yoast_head":"<!-- This site is optimized with the Yoast SEO plugin v27.4 - https:\/\/yoast.com\/product\/yoast-seo-wordpress\/ -->\n<title>Kal\u00ed\u0161ek pro ko\u010dky Little Big Paw kr\u016fta &amp; ku\u0159e 85g - SHOPATOA.COM<\/title>\n<meta name=\"robots\" content=\"index, follow, max-snippet:-1, max-image-preview:large, max-video-preview:-1\" \/>\n<link rel=\"canonical\" href=\"https:\/\/shopatoa.com\/cz\/kalisek-pro-kocky-little-big-paw-kruta-kure-85g\/\" \/>\n<meta property=\"og:locale\" content=\"cs_CZ\" \/>\n<meta property=\"og:type\" content=\"article\" \/>\n<meta property=\"og:title\" content=\"Kal\u00ed\u0161ek pro ko\u010dky Little Big Paw kr\u016fta &amp; ku\u0159e 85g - SHOPATOA.COM\" \/>\n<meta property=\"og:description\" content=\"Kompletn\u00ed mokr\u00e9 krmivo ur\u010den\u00e9 ko\u010dk\u00e1m 100% p\u0159\u00edrodn\u00ed \u017e\u00e1dn\u00e9 obiloviny vyrobeno v\u00fdhradn\u011b z prvot\u0159\u00eddn\u00edch britsk\u00fdch surovin optim\u00e1ln\u00ed slo\u017een\u00ed a pom\u011br v\u00fd\u017eivn\u00fdch l\u00e1tek praktick\u00e9 balen\u00ed jednotliv\u00fdch porc\u00ed minim\u00e1ln\u011b\u00a070% v porc\u00edch pro ko\u010dky Slo\u017een\u00ed: \u010derstv\u00e9 maso 70% (kr\u016ft\u00ed min. 26%, ku\u0159ec\u00ed), miner\u00e1ly, lososov\u00fd olej, slune\u010dnicov\u00fd olej. Analytick\u00e9 slo\u017eky: hrub\u00fd protein 10%, hrub\u00e9 oleje a tuky 9%, hrub\u00e1 vl\u00e1knina...\" \/>\n<meta property=\"og:url\" content=\"https:\/\/shopatoa.com\/cz\/kalisek-pro-kocky-little-big-paw-kruta-kure-85g\/\" \/>\n<meta property=\"og:site_name\" content=\"SHOPATOA\" \/>\n<meta property=\"article:modified_time\" content=\"2025-04-25T22:07:52+00:00\" \/>\n<meta property=\"og:image\" content=\"https:\/\/storage.googleapis.com\/cz-shopatoa-img\/cz\/4781c262-1_40523.jpg\" \/>\n\t<meta property=\"og:image:width\" content=\"600\" \/>\n\t<meta property=\"og:image:height\" content=\"600\" \/>\n\t<meta property=\"og:image:type\" content=\"image\/jpeg\" \/>\n<meta name=\"twitter:card\" content=\"summary_large_image\" \/>\n<meta name=\"twitter:label1\" content=\"Odhadovan\u00e1 doba \u010dten\u00ed\" \/>\n\t<meta name=\"twitter:data1\" content=\"1 minuta\" \/>\n<script type=\"application\/ld+json\" class=\"yoast-schema-graph\">{\"@context\":\"https:\\\/\\\/schema.org\",\"@graph\":[{\"@type\":\"WebPage\",\"@id\":\"https:\\\/\\\/shopatoa.com\\\/cz\\\/kalisek-pro-kocky-little-big-paw-kruta-kure-85g\\\/\",\"url\":\"https:\\\/\\\/shopatoa.com\\\/cz\\\/kalisek-pro-kocky-little-big-paw-kruta-kure-85g\\\/\",\"name\":\"Kal\u00ed\u0161ek pro ko\u010dky Little Big Paw kr\u016fta & ku\u0159e 85g - SHOPATOA.COM\",\"isPartOf\":{\"@id\":\"https:\\\/\\\/shopatoa.com\\\/cz\\\/#website\"},\"primaryImageOfPage\":{\"@id\":\"https:\\\/\\\/shopatoa.com\\\/cz\\\/kalisek-pro-kocky-little-big-paw-kruta-kure-85g\\\/#primaryimage\"},\"image\":{\"@id\":\"https:\\\/\\\/shopatoa.com\\\/cz\\\/kalisek-pro-kocky-little-big-paw-kruta-kure-85g\\\/#primaryimage\"},\"thumbnailUrl\":\"https:\\\/\\\/storage.googleapis.com\\\/cz-shopatoa-img\\\/cz\\\/4781c262-1_40523.jpg\",\"datePublished\":\"2025-04-02T14:20:02+00:00\",\"dateModified\":\"2025-04-25T22:07:52+00:00\",\"breadcrumb\":{\"@id\":\"https:\\\/\\\/shopatoa.com\\\/cz\\\/kalisek-pro-kocky-little-big-paw-kruta-kure-85g\\\/#breadcrumb\"},\"inLanguage\":\"cs\",\"potentialAction\":[{\"@type\":\"ReadAction\",\"target\":[\"https:\\\/\\\/shopatoa.com\\\/cz\\\/kalisek-pro-kocky-little-big-paw-kruta-kure-85g\\\/\"]}]},{\"@type\":\"ImageObject\",\"inLanguage\":\"cs\",\"@id\":\"https:\\\/\\\/shopatoa.com\\\/cz\\\/kalisek-pro-kocky-little-big-paw-kruta-kure-85g\\\/#primaryimage\",\"url\":\"https:\\\/\\\/storage.googleapis.com\\\/cz-shopatoa-img\\\/cz\\\/4781c262-1_40523.jpg\",\"contentUrl\":\"https:\\\/\\\/storage.googleapis.com\\\/cz-shopatoa-img\\\/cz\\\/4781c262-1_40523.jpg\",\"width\":600,\"height\":600},{\"@type\":\"BreadcrumbList\",\"@id\":\"https:\\\/\\\/shopatoa.com\\\/cz\\\/kalisek-pro-kocky-little-big-paw-kruta-kure-85g\\\/#breadcrumb\",\"itemListElement\":[{\"@type\":\"ListItem\",\"position\":1,\"name\":\"Dom\u016f\",\"item\":\"https:\\\/\\\/shopatoa.com\\\/cz\\\/\"},{\"@type\":\"ListItem\",\"position\":2,\"name\":\"Produkty\",\"item\":\"https:\\\/\\\/shopatoa.com\\\/cz\\\/shop\\\/\"},{\"@type\":\"ListItem\",\"position\":3,\"name\":\"Chovatelsk\u00e9 pot\u0159eby\",\"item\":\"https:\\\/\\\/shopatoa.com\\\/cz\\\/chovatelske-potreby-2\\\/\"},{\"@type\":\"ListItem\",\"position\":4,\"name\":\"Pro ko\u010dky\",\"item\":\"https:\\\/\\\/shopatoa.com\\\/cz\\\/pro-kocky-chovatelske-potreby-2\\\/\"},{\"@type\":\"ListItem\",\"position\":5,\"name\":\"Krmivo pro ko\u010dky\",\"item\":\"https:\\\/\\\/shopatoa.com\\\/cz\\\/krmivo-pro-kocky-pro-kocky-chovatelske-potreby-2\\\/\"},{\"@type\":\"ListItem\",\"position\":6,\"name\":\"Konzervy pro ko\u010dky\",\"item\":\"https:\\\/\\\/shopatoa.com\\\/cz\\\/konzervy-pro-kocky\\\/\"},{\"@type\":\"ListItem\",\"position\":7,\"name\":\"Kal\u00ed\u0161ek pro ko\u010dky Little Big Paw kr\u016fta &#038; ku\u0159e 85g\"}]},{\"@type\":\"WebSite\",\"@id\":\"https:\\\/\\\/shopatoa.com\\\/cz\\\/#website\",\"url\":\"https:\\\/\\\/shopatoa.com\\\/cz\\\/\",\"name\":\"SHOPATOA\",\"description\":\"\",\"publisher\":{\"@id\":\"https:\\\/\\\/shopatoa.com\\\/cz\\\/#organization\"},\"potentialAction\":[{\"@type\":\"SearchAction\",\"target\":{\"@type\":\"EntryPoint\",\"urlTemplate\":\"https:\\\/\\\/shopatoa.com\\\/cz\\\/?s={search_term_string}\"},\"query-input\":{\"@type\":\"PropertyValueSpecification\",\"valueRequired\":true,\"valueName\":\"search_term_string\"}}],\"inLanguage\":\"cs\"},{\"@type\":\"Organization\",\"@id\":\"https:\\\/\\\/shopatoa.com\\\/cz\\\/#organization\",\"name\":\"SHOPATOA Digital s.r.o.\",\"url\":\"https:\\\/\\\/shopatoa.com\\\/cz\\\/\",\"logo\":{\"@type\":\"ImageObject\",\"inLanguage\":\"cs\",\"@id\":\"https:\\\/\\\/shopatoa.com\\\/cz\\\/#\\\/schema\\\/logo\\\/image\\\/\",\"url\":\"https:\\\/\\\/storage.googleapis.com\\\/cz-shopatoa-img\\\/cz\\\/ebccf434-shopatoa_logo.png\",\"contentUrl\":\"https:\\\/\\\/storage.googleapis.com\\\/cz-shopatoa-img\\\/cz\\\/ebccf434-shopatoa_logo.png\",\"width\":416,\"height\":63,\"caption\":\"SHOPATOA Digital s.r.o.\"},\"image\":{\"@id\":\"https:\\\/\\\/shopatoa.com\\\/cz\\\/#\\\/schema\\\/logo\\\/image\\\/\"}}]}<\/script>\n<!-- \/ Yoast SEO plugin. -->","yoast_head_json":{"title":"Kal\u00ed\u0161ek pro ko\u010dky Little Big Paw kr\u016fta & ku\u0159e 85g - SHOPATOA.COM","robots":{"index":"index","follow":"follow","max-snippet":"max-snippet:-1","max-image-preview":"max-image-preview:large","max-video-preview":"max-video-preview:-1"},"canonical":"https:\/\/shopatoa.com\/cz\/kalisek-pro-kocky-little-big-paw-kruta-kure-85g\/","og_locale":"cs_CZ","og_type":"article","og_title":"Kal\u00ed\u0161ek pro ko\u010dky Little Big Paw kr\u016fta & ku\u0159e 85g - SHOPATOA.COM","og_description":"Kompletn\u00ed mokr\u00e9 krmivo ur\u010den\u00e9 ko\u010dk\u00e1m 100% p\u0159\u00edrodn\u00ed \u017e\u00e1dn\u00e9 obiloviny vyrobeno v\u00fdhradn\u011b z prvot\u0159\u00eddn\u00edch britsk\u00fdch surovin optim\u00e1ln\u00ed slo\u017een\u00ed a pom\u011br v\u00fd\u017eivn\u00fdch l\u00e1tek praktick\u00e9 balen\u00ed jednotliv\u00fdch porc\u00ed minim\u00e1ln\u011b\u00a070% v porc\u00edch pro ko\u010dky Slo\u017een\u00ed: \u010derstv\u00e9 maso 70% (kr\u016ft\u00ed min. 26%, ku\u0159ec\u00ed), miner\u00e1ly, lososov\u00fd olej, slune\u010dnicov\u00fd olej. Analytick\u00e9 slo\u017eky: hrub\u00fd protein 10%, hrub\u00e9 oleje a tuky 9%, hrub\u00e1 vl\u00e1knina...","og_url":"https:\/\/shopatoa.com\/cz\/kalisek-pro-kocky-little-big-paw-kruta-kure-85g\/","og_site_name":"SHOPATOA","article_modified_time":"2025-04-25T22:07:52+00:00","og_image":[{"width":600,"height":600,"url":"https:\/\/storage.googleapis.com\/cz-shopatoa-img\/cz\/4781c262-1_40523.jpg","type":"image\/jpeg"}],"twitter_card":"summary_large_image","twitter_misc":{"Odhadovan\u00e1 doba \u010dten\u00ed":"1 minuta"},"schema":{"@context":"https:\/\/schema.org","@graph":[{"@type":"WebPage","@id":"https:\/\/shopatoa.com\/cz\/kalisek-pro-kocky-little-big-paw-kruta-kure-85g\/","url":"https:\/\/shopatoa.com\/cz\/kalisek-pro-kocky-little-big-paw-kruta-kure-85g\/","name":"Kal\u00ed\u0161ek pro ko\u010dky Little Big Paw kr\u016fta & ku\u0159e 85g - SHOPATOA.COM","isPartOf":{"@id":"https:\/\/shopatoa.com\/cz\/#website"},"primaryImageOfPage":{"@id":"https:\/\/shopatoa.com\/cz\/kalisek-pro-kocky-little-big-paw-kruta-kure-85g\/#primaryimage"},"image":{"@id":"https:\/\/shopatoa.com\/cz\/kalisek-pro-kocky-little-big-paw-kruta-kure-85g\/#primaryimage"},"thumbnailUrl":"https:\/\/storage.googleapis.com\/cz-shopatoa-img\/cz\/4781c262-1_40523.jpg","datePublished":"2025-04-02T14:20:02+00:00","dateModified":"2025-04-25T22:07:52+00:00","breadcrumb":{"@id":"https:\/\/shopatoa.com\/cz\/kalisek-pro-kocky-little-big-paw-kruta-kure-85g\/#breadcrumb"},"inLanguage":"cs","potentialAction":[{"@type":"ReadAction","target":["https:\/\/shopatoa.com\/cz\/kalisek-pro-kocky-little-big-paw-kruta-kure-85g\/"]}]},{"@type":"ImageObject","inLanguage":"cs","@id":"https:\/\/shopatoa.com\/cz\/kalisek-pro-kocky-little-big-paw-kruta-kure-85g\/#primaryimage","url":"https:\/\/storage.googleapis.com\/cz-shopatoa-img\/cz\/4781c262-1_40523.jpg","contentUrl":"https:\/\/storage.googleapis.com\/cz-shopatoa-img\/cz\/4781c262-1_40523.jpg","width":600,"height":600},{"@type":"BreadcrumbList","@id":"https:\/\/shopatoa.com\/cz\/kalisek-pro-kocky-little-big-paw-kruta-kure-85g\/#breadcrumb","itemListElement":[{"@type":"ListItem","position":1,"name":"Dom\u016f","item":"https:\/\/shopatoa.com\/cz\/"},{"@type":"ListItem","position":2,"name":"Produkty","item":"https:\/\/shopatoa.com\/cz\/shop\/"},{"@type":"ListItem","position":3,"name":"Chovatelsk\u00e9 pot\u0159eby","item":"https:\/\/shopatoa.com\/cz\/chovatelske-potreby-2\/"},{"@type":"ListItem","position":4,"name":"Pro ko\u010dky","item":"https:\/\/shopatoa.com\/cz\/pro-kocky-chovatelske-potreby-2\/"},{"@type":"ListItem","position":5,"name":"Krmivo pro ko\u010dky","item":"https:\/\/shopatoa.com\/cz\/krmivo-pro-kocky-pro-kocky-chovatelske-potreby-2\/"},{"@type":"ListItem","position":6,"name":"Konzervy pro ko\u010dky","item":"https:\/\/shopatoa.com\/cz\/konzervy-pro-kocky\/"},{"@type":"ListItem","position":7,"name":"Kal\u00ed\u0161ek pro ko\u010dky Little Big Paw kr\u016fta &#038; ku\u0159e 85g"}]},{"@type":"WebSite","@id":"https:\/\/shopatoa.com\/cz\/#website","url":"https:\/\/shopatoa.com\/cz\/","name":"SHOPATOA","description":"","publisher":{"@id":"https:\/\/shopatoa.com\/cz\/#organization"},"potentialAction":[{"@type":"SearchAction","target":{"@type":"EntryPoint","urlTemplate":"https:\/\/shopatoa.com\/cz\/?s={search_term_string}"},"query-input":{"@type":"PropertyValueSpecification","valueRequired":true,"valueName":"search_term_string"}}],"inLanguage":"cs"},{"@type":"Organization","@id":"https:\/\/shopatoa.com\/cz\/#organization","name":"SHOPATOA Digital s.r.o.","url":"https:\/\/shopatoa.com\/cz\/","logo":{"@type":"ImageObject","inLanguage":"cs","@id":"https:\/\/shopatoa.com\/cz\/#\/schema\/logo\/image\/","url":"https:\/\/storage.googleapis.com\/cz-shopatoa-img\/cz\/ebccf434-shopatoa_logo.png","contentUrl":"https:\/\/storage.googleapis.com\/cz-shopatoa-img\/cz\/ebccf434-shopatoa_logo.png","width":416,"height":63,"caption":"SHOPATOA Digital s.r.o."},"image":{"@id":"https:\/\/shopatoa.com\/cz\/#\/schema\/logo\/image\/"}}]}},"_links":{"self":[{"href":"https:\/\/shopatoa.com\/cz\/wp-json\/wp\/v2\/product\/245120","targetHints":{"allow":["GET"]}}],"collection":[{"href":"https:\/\/shopatoa.com\/cz\/wp-json\/wp\/v2\/product"}],"about":[{"href":"https:\/\/shopatoa.com\/cz\/wp-json\/wp\/v2\/types\/product"}],"replies":[{"embeddable":true,"href":"https:\/\/shopatoa.com\/cz\/wp-json\/wp\/v2\/comments?post=245120"}],"wp:featuredmedia":[{"embeddable":true,"href":"https:\/\/shopatoa.com\/cz\/wp-json\/wp\/v2\/media\/245121"}],"wp:attachment":[{"href":"https:\/\/shopatoa.com\/cz\/wp-json\/wp\/v2\/media?parent=245120"}],"wp:term":[{"taxonomy":"product_brand","embeddable":true,"href":"https:\/\/shopatoa.com\/cz\/wp-json\/wp\/v2\/product_brand?post=245120"},{"taxonomy":"product_cat","embeddable":true,"href":"https:\/\/shopatoa.com\/cz\/wp-json\/wp\/v2\/product_cat?post=245120"},{"taxonomy":"product_tag","embeddable":true,"href":"https:\/\/shopatoa.com\/cz\/wp-json\/wp\/v2\/product_tag?post=245120"}],"curies":[{"name":"wp","href":"https:\/\/api.w.org\/{rel}","templated":true}]}}