{"id":245300,"date":"2025-04-02T16:51:19","date_gmt":"2025-04-02T14:51:19","guid":{"rendered":"https:\/\/shopatoa.com\/cz\/?post_type=product&#038;p=245300"},"modified":"2026-02-02T05:28:20","modified_gmt":"2026-02-02T04:28:20","slug":"fixacni-nahubek-trixie-cerny-m","status":"publish","type":"product","link":"https:\/\/shopatoa.com\/cz\/fixacni-nahubek-trixie-cerny-m\/","title":{"rendered":"Fixa\u010dn\u00ed n\u00e1hubek Trixie \u010dern\u00fd M"},"content":{"rendered":"<p>L\u00e1tkov\u00fd n\u00e1hubek pro psy vyroben\u00fd z polyesteru. Spodn\u00ed \u010d\u00e1st je s\u00ed\u0165ovan\u00e1 pro lep\u0161\u00ed cirkulaci vzduchu.\u00a0<\/p>\n<p>\tZ kvalitn\u00edho materi\u00e1lu<br \/>\n\tPevn\u00fd a odoln\u00fd<br \/>\n\tPlynule nastaviteln\u00fd nosn\u00ed p\u00e1sek a popruh na krk<br \/>\n\tMinim\u00e1ln\u00ed obvod krku 22cm<br \/>\n\tMaxim\u00e1ln\u00ed obvod krku 38cm<br \/>\n\tMinim\u00e1ln\u00ed obvod \u010denichu 16cm<br \/>\n\tMaxim\u00e1ln\u00ed obvod \u010denichu 24cm<\/p>\n<p>Tento n\u00e1hubek slou\u017e\u00ed pouze ke kr\u00e1tkodob\u00e9\u00a0fixaci tlamy psa v\u00a0situac\u00edch, kdy hroz\u00ed pokous\u00e1n\u00ed psem, nap\u0159. u veterin\u00e1\u0159e \u010di jin\u00fdch, pro psa stresov\u00fdch situac\u00edch. Nen\u00ed vhodn\u00fd na b\u011b\u017en\u00e9 pou\u017eit\u00ed!<\/p>\n","protected":false},"excerpt":{"rendered":"<p>L\u00e1tkov\u00fd n\u00e1hubek pro psy vyroben\u00fd z polyesteru. Spodn\u00ed \u010d\u00e1st je s\u00ed\u0165ovan\u00e1 pro lep\u0161\u00ed cirkulaci vzduchu.\u00a0 Z kvalitn\u00edho materi\u00e1lu Pevn\u00fd a odoln\u00fd Plynule nastaviteln\u00fd nosn\u00ed p\u00e1sek a popruh na krk Minim\u00e1ln\u00ed obvod krku 22cm Maxim\u00e1ln\u00ed obvod krku 38cm Minim\u00e1ln\u00ed obvod \u010denichu 16cm Maxim\u00e1ln\u00ed obvod \u010denichu 24cm Tento n\u00e1hubek slou\u017e\u00ed pouze ke kr\u00e1tkodob\u00e9\u00a0fixaci tlamy psa v\u00a0situac\u00edch, kdy&#8230;<\/p>\n","protected":false},"featured_media":245301,"comment_status":"closed","ping_status":"open","template":"","meta":{"_acf_changed":false,"_kadence_starter_templates_imported_post":false,"_kad_post_transparent":"","_kad_post_title":"","_kad_post_layout":"","_kad_post_sidebar_id":"","_kad_post_content_style":"","_kad_post_vertical_padding":"","_kad_post_feature":"","_kad_post_feature_position":"","_kad_post_header":false,"_kad_post_footer":false,"_kad_post_classname":""},"product_brand":[2047],"product_cat":[436,2601,2506,739],"product_tag":[],"class_list":{"0":"post-245300","1":"product","2":"type-product","3":"status-publish","4":"has-post-thumbnail","6":"product_brand-trixie","7":"product_cat-chovatelske-potreby-2","8":"product_cat-nahubky-pro-psy","9":"product_cat-obojky-a-voditka-pro-psy","10":"product_cat-pro-psy-chovatelske-potreby-2","11":"pa_obchod-superzoo-cz","13":"first","14":"instock","15":"product-type-external","16":"entry","17":"content-bg","18":"loop-entry"},"acf":[],"yoast_head":"<!-- This site is optimized with the Yoast SEO plugin v27.4 - https:\/\/yoast.com\/product\/yoast-seo-wordpress\/ -->\n<title>Fixa\u010dn\u00ed n\u00e1hubek Trixie \u010dern\u00fd M - SHOPATOA.COM<\/title>\n<meta name=\"robots\" content=\"index, follow, max-snippet:-1, max-image-preview:large, max-video-preview:-1\" \/>\n<link rel=\"canonical\" href=\"https:\/\/shopatoa.com\/cz\/fixacni-nahubek-trixie-cerny-m\/\" \/>\n<meta property=\"og:locale\" content=\"cs_CZ\" \/>\n<meta property=\"og:type\" content=\"article\" \/>\n<meta property=\"og:title\" content=\"Fixa\u010dn\u00ed n\u00e1hubek Trixie \u010dern\u00fd M - SHOPATOA.COM\" \/>\n<meta property=\"og:description\" content=\"L\u00e1tkov\u00fd n\u00e1hubek pro psy vyroben\u00fd z polyesteru. Spodn\u00ed \u010d\u00e1st je s\u00ed\u0165ovan\u00e1 pro lep\u0161\u00ed cirkulaci vzduchu.\u00a0 Z kvalitn\u00edho materi\u00e1lu Pevn\u00fd a odoln\u00fd Plynule nastaviteln\u00fd nosn\u00ed p\u00e1sek a popruh na krk Minim\u00e1ln\u00ed obvod krku 22cm Maxim\u00e1ln\u00ed obvod krku 38cm Minim\u00e1ln\u00ed obvod \u010denichu 16cm Maxim\u00e1ln\u00ed obvod \u010denichu 24cm Tento n\u00e1hubek slou\u017e\u00ed pouze ke kr\u00e1tkodob\u00e9\u00a0fixaci tlamy psa v\u00a0situac\u00edch, kdy...\" \/>\n<meta property=\"og:url\" content=\"https:\/\/shopatoa.com\/cz\/fixacni-nahubek-trixie-cerny-m\/\" \/>\n<meta property=\"og:site_name\" content=\"SHOPATOA\" \/>\n<meta property=\"article:modified_time\" content=\"2026-02-02T04:28:20+00:00\" \/>\n<meta property=\"og:image\" content=\"https:\/\/storage.googleapis.com\/cz-shopatoa-img\/cz\/fd0c9e53-1_40911.jpg\" \/>\n\t<meta property=\"og:image:width\" content=\"600\" \/>\n\t<meta property=\"og:image:height\" content=\"600\" \/>\n\t<meta property=\"og:image:type\" content=\"image\/jpeg\" \/>\n<meta name=\"twitter:card\" content=\"summary_large_image\" \/>\n<script type=\"application\/ld+json\" class=\"yoast-schema-graph\">{\"@context\":\"https:\\\/\\\/schema.org\",\"@graph\":[{\"@type\":\"WebPage\",\"@id\":\"https:\\\/\\\/shopatoa.com\\\/cz\\\/fixacni-nahubek-trixie-cerny-m\\\/\",\"url\":\"https:\\\/\\\/shopatoa.com\\\/cz\\\/fixacni-nahubek-trixie-cerny-m\\\/\",\"name\":\"Fixa\u010dn\u00ed n\u00e1hubek Trixie \u010dern\u00fd M - SHOPATOA.COM\",\"isPartOf\":{\"@id\":\"https:\\\/\\\/shopatoa.com\\\/cz\\\/#website\"},\"primaryImageOfPage\":{\"@id\":\"https:\\\/\\\/shopatoa.com\\\/cz\\\/fixacni-nahubek-trixie-cerny-m\\\/#primaryimage\"},\"image\":{\"@id\":\"https:\\\/\\\/shopatoa.com\\\/cz\\\/fixacni-nahubek-trixie-cerny-m\\\/#primaryimage\"},\"thumbnailUrl\":\"https:\\\/\\\/storage.googleapis.com\\\/cz-shopatoa-img\\\/cz\\\/fd0c9e53-1_40911.jpg\",\"datePublished\":\"2025-04-02T14:51:19+00:00\",\"dateModified\":\"2026-02-02T04:28:20+00:00\",\"breadcrumb\":{\"@id\":\"https:\\\/\\\/shopatoa.com\\\/cz\\\/fixacni-nahubek-trixie-cerny-m\\\/#breadcrumb\"},\"inLanguage\":\"cs\",\"potentialAction\":[{\"@type\":\"ReadAction\",\"target\":[\"https:\\\/\\\/shopatoa.com\\\/cz\\\/fixacni-nahubek-trixie-cerny-m\\\/\"]}]},{\"@type\":\"ImageObject\",\"inLanguage\":\"cs\",\"@id\":\"https:\\\/\\\/shopatoa.com\\\/cz\\\/fixacni-nahubek-trixie-cerny-m\\\/#primaryimage\",\"url\":\"https:\\\/\\\/storage.googleapis.com\\\/cz-shopatoa-img\\\/cz\\\/fd0c9e53-1_40911.jpg\",\"contentUrl\":\"https:\\\/\\\/storage.googleapis.com\\\/cz-shopatoa-img\\\/cz\\\/fd0c9e53-1_40911.jpg\",\"width\":600,\"height\":600},{\"@type\":\"BreadcrumbList\",\"@id\":\"https:\\\/\\\/shopatoa.com\\\/cz\\\/fixacni-nahubek-trixie-cerny-m\\\/#breadcrumb\",\"itemListElement\":[{\"@type\":\"ListItem\",\"position\":1,\"name\":\"Dom\u016f\",\"item\":\"https:\\\/\\\/shopatoa.com\\\/cz\\\/\"},{\"@type\":\"ListItem\",\"position\":2,\"name\":\"Produkty\",\"item\":\"https:\\\/\\\/shopatoa.com\\\/cz\\\/shop\\\/\"},{\"@type\":\"ListItem\",\"position\":3,\"name\":\"Chovatelsk\u00e9 pot\u0159eby\",\"item\":\"https:\\\/\\\/shopatoa.com\\\/cz\\\/chovatelske-potreby-2\\\/\"},{\"@type\":\"ListItem\",\"position\":4,\"name\":\"Pro psy\",\"item\":\"https:\\\/\\\/shopatoa.com\\\/cz\\\/pro-psy-chovatelske-potreby-2\\\/\"},{\"@type\":\"ListItem\",\"position\":5,\"name\":\"Obojky a vod\u00edtka pro psy\",\"item\":\"https:\\\/\\\/shopatoa.com\\\/cz\\\/obojky-a-voditka-pro-psy\\\/\"},{\"@type\":\"ListItem\",\"position\":6,\"name\":\"N\u00e1hubky pro psy\",\"item\":\"https:\\\/\\\/shopatoa.com\\\/cz\\\/nahubky-pro-psy\\\/\"},{\"@type\":\"ListItem\",\"position\":7,\"name\":\"Fixa\u010dn\u00ed n\u00e1hubek Trixie \u010dern\u00fd M\"}]},{\"@type\":\"WebSite\",\"@id\":\"https:\\\/\\\/shopatoa.com\\\/cz\\\/#website\",\"url\":\"https:\\\/\\\/shopatoa.com\\\/cz\\\/\",\"name\":\"SHOPATOA\",\"description\":\"\",\"publisher\":{\"@id\":\"https:\\\/\\\/shopatoa.com\\\/cz\\\/#organization\"},\"potentialAction\":[{\"@type\":\"SearchAction\",\"target\":{\"@type\":\"EntryPoint\",\"urlTemplate\":\"https:\\\/\\\/shopatoa.com\\\/cz\\\/?s={search_term_string}\"},\"query-input\":{\"@type\":\"PropertyValueSpecification\",\"valueRequired\":true,\"valueName\":\"search_term_string\"}}],\"inLanguage\":\"cs\"},{\"@type\":\"Organization\",\"@id\":\"https:\\\/\\\/shopatoa.com\\\/cz\\\/#organization\",\"name\":\"SHOPATOA Digital s.r.o.\",\"url\":\"https:\\\/\\\/shopatoa.com\\\/cz\\\/\",\"logo\":{\"@type\":\"ImageObject\",\"inLanguage\":\"cs\",\"@id\":\"https:\\\/\\\/shopatoa.com\\\/cz\\\/#\\\/schema\\\/logo\\\/image\\\/\",\"url\":\"https:\\\/\\\/storage.googleapis.com\\\/cz-shopatoa-img\\\/cz\\\/ebccf434-shopatoa_logo.png\",\"contentUrl\":\"https:\\\/\\\/storage.googleapis.com\\\/cz-shopatoa-img\\\/cz\\\/ebccf434-shopatoa_logo.png\",\"width\":416,\"height\":63,\"caption\":\"SHOPATOA Digital s.r.o.\"},\"image\":{\"@id\":\"https:\\\/\\\/shopatoa.com\\\/cz\\\/#\\\/schema\\\/logo\\\/image\\\/\"}}]}<\/script>\n<!-- \/ Yoast SEO plugin. -->","yoast_head_json":{"title":"Fixa\u010dn\u00ed n\u00e1hubek Trixie \u010dern\u00fd M - SHOPATOA.COM","robots":{"index":"index","follow":"follow","max-snippet":"max-snippet:-1","max-image-preview":"max-image-preview:large","max-video-preview":"max-video-preview:-1"},"canonical":"https:\/\/shopatoa.com\/cz\/fixacni-nahubek-trixie-cerny-m\/","og_locale":"cs_CZ","og_type":"article","og_title":"Fixa\u010dn\u00ed n\u00e1hubek Trixie \u010dern\u00fd M - SHOPATOA.COM","og_description":"L\u00e1tkov\u00fd n\u00e1hubek pro psy vyroben\u00fd z polyesteru. Spodn\u00ed \u010d\u00e1st je s\u00ed\u0165ovan\u00e1 pro lep\u0161\u00ed cirkulaci vzduchu.\u00a0 Z kvalitn\u00edho materi\u00e1lu Pevn\u00fd a odoln\u00fd Plynule nastaviteln\u00fd nosn\u00ed p\u00e1sek a popruh na krk Minim\u00e1ln\u00ed obvod krku 22cm Maxim\u00e1ln\u00ed obvod krku 38cm Minim\u00e1ln\u00ed obvod \u010denichu 16cm Maxim\u00e1ln\u00ed obvod \u010denichu 24cm Tento n\u00e1hubek slou\u017e\u00ed pouze ke kr\u00e1tkodob\u00e9\u00a0fixaci tlamy psa v\u00a0situac\u00edch, kdy...","og_url":"https:\/\/shopatoa.com\/cz\/fixacni-nahubek-trixie-cerny-m\/","og_site_name":"SHOPATOA","article_modified_time":"2026-02-02T04:28:20+00:00","og_image":[{"width":600,"height":600,"url":"https:\/\/storage.googleapis.com\/cz-shopatoa-img\/cz\/fd0c9e53-1_40911.jpg","type":"image\/jpeg"}],"twitter_card":"summary_large_image","schema":{"@context":"https:\/\/schema.org","@graph":[{"@type":"WebPage","@id":"https:\/\/shopatoa.com\/cz\/fixacni-nahubek-trixie-cerny-m\/","url":"https:\/\/shopatoa.com\/cz\/fixacni-nahubek-trixie-cerny-m\/","name":"Fixa\u010dn\u00ed n\u00e1hubek Trixie \u010dern\u00fd M - SHOPATOA.COM","isPartOf":{"@id":"https:\/\/shopatoa.com\/cz\/#website"},"primaryImageOfPage":{"@id":"https:\/\/shopatoa.com\/cz\/fixacni-nahubek-trixie-cerny-m\/#primaryimage"},"image":{"@id":"https:\/\/shopatoa.com\/cz\/fixacni-nahubek-trixie-cerny-m\/#primaryimage"},"thumbnailUrl":"https:\/\/storage.googleapis.com\/cz-shopatoa-img\/cz\/fd0c9e53-1_40911.jpg","datePublished":"2025-04-02T14:51:19+00:00","dateModified":"2026-02-02T04:28:20+00:00","breadcrumb":{"@id":"https:\/\/shopatoa.com\/cz\/fixacni-nahubek-trixie-cerny-m\/#breadcrumb"},"inLanguage":"cs","potentialAction":[{"@type":"ReadAction","target":["https:\/\/shopatoa.com\/cz\/fixacni-nahubek-trixie-cerny-m\/"]}]},{"@type":"ImageObject","inLanguage":"cs","@id":"https:\/\/shopatoa.com\/cz\/fixacni-nahubek-trixie-cerny-m\/#primaryimage","url":"https:\/\/storage.googleapis.com\/cz-shopatoa-img\/cz\/fd0c9e53-1_40911.jpg","contentUrl":"https:\/\/storage.googleapis.com\/cz-shopatoa-img\/cz\/fd0c9e53-1_40911.jpg","width":600,"height":600},{"@type":"BreadcrumbList","@id":"https:\/\/shopatoa.com\/cz\/fixacni-nahubek-trixie-cerny-m\/#breadcrumb","itemListElement":[{"@type":"ListItem","position":1,"name":"Dom\u016f","item":"https:\/\/shopatoa.com\/cz\/"},{"@type":"ListItem","position":2,"name":"Produkty","item":"https:\/\/shopatoa.com\/cz\/shop\/"},{"@type":"ListItem","position":3,"name":"Chovatelsk\u00e9 pot\u0159eby","item":"https:\/\/shopatoa.com\/cz\/chovatelske-potreby-2\/"},{"@type":"ListItem","position":4,"name":"Pro psy","item":"https:\/\/shopatoa.com\/cz\/pro-psy-chovatelske-potreby-2\/"},{"@type":"ListItem","position":5,"name":"Obojky a vod\u00edtka pro psy","item":"https:\/\/shopatoa.com\/cz\/obojky-a-voditka-pro-psy\/"},{"@type":"ListItem","position":6,"name":"N\u00e1hubky pro psy","item":"https:\/\/shopatoa.com\/cz\/nahubky-pro-psy\/"},{"@type":"ListItem","position":7,"name":"Fixa\u010dn\u00ed n\u00e1hubek Trixie \u010dern\u00fd M"}]},{"@type":"WebSite","@id":"https:\/\/shopatoa.com\/cz\/#website","url":"https:\/\/shopatoa.com\/cz\/","name":"SHOPATOA","description":"","publisher":{"@id":"https:\/\/shopatoa.com\/cz\/#organization"},"potentialAction":[{"@type":"SearchAction","target":{"@type":"EntryPoint","urlTemplate":"https:\/\/shopatoa.com\/cz\/?s={search_term_string}"},"query-input":{"@type":"PropertyValueSpecification","valueRequired":true,"valueName":"search_term_string"}}],"inLanguage":"cs"},{"@type":"Organization","@id":"https:\/\/shopatoa.com\/cz\/#organization","name":"SHOPATOA Digital s.r.o.","url":"https:\/\/shopatoa.com\/cz\/","logo":{"@type":"ImageObject","inLanguage":"cs","@id":"https:\/\/shopatoa.com\/cz\/#\/schema\/logo\/image\/","url":"https:\/\/storage.googleapis.com\/cz-shopatoa-img\/cz\/ebccf434-shopatoa_logo.png","contentUrl":"https:\/\/storage.googleapis.com\/cz-shopatoa-img\/cz\/ebccf434-shopatoa_logo.png","width":416,"height":63,"caption":"SHOPATOA Digital s.r.o."},"image":{"@id":"https:\/\/shopatoa.com\/cz\/#\/schema\/logo\/image\/"}}]}},"_links":{"self":[{"href":"https:\/\/shopatoa.com\/cz\/wp-json\/wp\/v2\/product\/245300","targetHints":{"allow":["GET"]}}],"collection":[{"href":"https:\/\/shopatoa.com\/cz\/wp-json\/wp\/v2\/product"}],"about":[{"href":"https:\/\/shopatoa.com\/cz\/wp-json\/wp\/v2\/types\/product"}],"replies":[{"embeddable":true,"href":"https:\/\/shopatoa.com\/cz\/wp-json\/wp\/v2\/comments?post=245300"}],"wp:featuredmedia":[{"embeddable":true,"href":"https:\/\/shopatoa.com\/cz\/wp-json\/wp\/v2\/media\/245301"}],"wp:attachment":[{"href":"https:\/\/shopatoa.com\/cz\/wp-json\/wp\/v2\/media?parent=245300"}],"wp:term":[{"taxonomy":"product_brand","embeddable":true,"href":"https:\/\/shopatoa.com\/cz\/wp-json\/wp\/v2\/product_brand?post=245300"},{"taxonomy":"product_cat","embeddable":true,"href":"https:\/\/shopatoa.com\/cz\/wp-json\/wp\/v2\/product_cat?post=245300"},{"taxonomy":"product_tag","embeddable":true,"href":"https:\/\/shopatoa.com\/cz\/wp-json\/wp\/v2\/product_tag?post=245300"}],"curies":[{"name":"wp","href":"https:\/\/api.w.org\/{rel}","templated":true}]}}