{"id":245366,"date":"2025-04-02T17:05:11","date_gmt":"2025-04-02T15:05:11","guid":{"rendered":"https:\/\/shopatoa.com\/cz\/?post_type=product&#038;p=245366"},"modified":"2026-02-01T06:39:24","modified_gmt":"2026-02-01T05:39:24","slug":"podestylka-avicentra-kukuricna-jemna-20l","status":"publish","type":"product","link":"https:\/\/shopatoa.com\/cz\/podestylka-avicentra-kukuricna-jemna-20l\/","title":{"rendered":"Podest\u00fdlka AVICENTRA kuku\u0159i\u010dn\u00e1 jemn\u00e1 20l"},"content":{"rendered":"<p>Jemn\u00e1 univerz\u00e1ln\u00ed podest\u00fdlka z kuku\u0159i\u010dn\u00fdch v\u0159eten<\/p>\n<p>P\u0159\u00edrodn\u00ed stelivo vhodn\u00e9 pro hlodavce, ko\u010dky a jin\u00e1 dom\u00e1c\u00ed zv\u00ed\u0159ata.<\/p>\n<p>Kuku\u0159i\u010dn\u00e1 podest\u00fdlka je vyrobena z drcen\u00fdch kuku\u0159i\u010dn\u00fdch oklask\u016f. M\u00e1\u00a0skv\u011bl\u00e9 vsakovac\u00ed vlastnosti\u00a0a p\u0159i likvidaci\u00a0neohro\u017euje \u017eivotn\u00ed prost\u0159ed\u00ed. Je ur\u010dena pro podest\u00fdl\u00e1n\u00ed v klec\u00edch i ter\u00e1ri\u00edch, do voln\u00fdch misek i plat.<\/p>\n<p>Pou\u017eit\u00ed:\u00a0Podest\u00fdlku obnovujte podle stupn\u011b zne\u010di\u0161t\u011bn\u00ed, cel\u00fd obsah pak jednou za t\u00fdden.<\/p>\n<p>Objem:\u00a020 l, 6 kg<\/p>\n","protected":false},"excerpt":{"rendered":"<p>Jemn\u00e1 univerz\u00e1ln\u00ed podest\u00fdlka z kuku\u0159i\u010dn\u00fdch v\u0159eten P\u0159\u00edrodn\u00ed stelivo vhodn\u00e9 pro hlodavce, ko\u010dky a jin\u00e1 dom\u00e1c\u00ed zv\u00ed\u0159ata. Kuku\u0159i\u010dn\u00e1 podest\u00fdlka je vyrobena z drcen\u00fdch kuku\u0159i\u010dn\u00fdch oklask\u016f. M\u00e1\u00a0skv\u011bl\u00e9 vsakovac\u00ed vlastnosti\u00a0a p\u0159i likvidaci\u00a0neohro\u017euje \u017eivotn\u00ed prost\u0159ed\u00ed. Je ur\u010dena pro podest\u00fdl\u00e1n\u00ed v klec\u00edch i ter\u00e1ri\u00edch, do voln\u00fdch misek i plat. Pou\u017eit\u00ed:\u00a0Podest\u00fdlku obnovujte podle stupn\u011b zne\u010di\u0161t\u011bn\u00ed, cel\u00fd obsah pak jednou za t\u00fdden&#8230;.<\/p>\n","protected":false},"featured_media":245367,"comment_status":"closed","ping_status":"open","template":"","meta":{"_acf_changed":false,"_kadence_starter_templates_imported_post":false,"_kad_post_transparent":"","_kad_post_title":"","_kad_post_layout":"","_kad_post_sidebar_id":"","_kad_post_content_style":"","_kad_post_vertical_padding":"","_kad_post_feature":"","_kad_post_feature_position":"","_kad_post_header":false,"_kad_post_footer":false,"_kad_post_classname":""},"product_brand":[2474],"product_cat":[436,1465,1466,1464],"product_tag":[],"class_list":{"0":"post-245366","1":"product","2":"type-product","3":"status-publish","4":"has-post-thumbnail","6":"product_brand-avicentra","7":"product_cat-chovatelske-potreby-2","8":"product_cat-krmivo-pro-kocky-pro-kocky-chovatelske-potreby-2","9":"product_cat-ostatni-krmivo-pro-kocky","10":"product_cat-pro-kocky-chovatelske-potreby-2","11":"pa_obchod-superzoo-cz","13":"first","14":"instock","15":"product-type-external","16":"entry","17":"content-bg","18":"loop-entry"},"acf":[],"yoast_head":"<!-- This site is optimized with the Yoast SEO plugin v27.4 - https:\/\/yoast.com\/product\/yoast-seo-wordpress\/ -->\n<title>Podest\u00fdlka AVICENTRA kuku\u0159i\u010dn\u00e1 jemn\u00e1 20l - SHOPATOA.COM<\/title>\n<meta name=\"robots\" content=\"index, follow, max-snippet:-1, max-image-preview:large, max-video-preview:-1\" \/>\n<link rel=\"canonical\" href=\"https:\/\/shopatoa.com\/cz\/podestylka-avicentra-kukuricna-jemna-20l\/\" \/>\n<meta property=\"og:locale\" content=\"cs_CZ\" \/>\n<meta property=\"og:type\" content=\"article\" \/>\n<meta property=\"og:title\" content=\"Podest\u00fdlka AVICENTRA kuku\u0159i\u010dn\u00e1 jemn\u00e1 20l - SHOPATOA.COM\" \/>\n<meta property=\"og:description\" content=\"Jemn\u00e1 univerz\u00e1ln\u00ed podest\u00fdlka z kuku\u0159i\u010dn\u00fdch v\u0159eten P\u0159\u00edrodn\u00ed stelivo vhodn\u00e9 pro hlodavce, ko\u010dky a jin\u00e1 dom\u00e1c\u00ed zv\u00ed\u0159ata. Kuku\u0159i\u010dn\u00e1 podest\u00fdlka je vyrobena z drcen\u00fdch kuku\u0159i\u010dn\u00fdch oklask\u016f. M\u00e1\u00a0skv\u011bl\u00e9 vsakovac\u00ed vlastnosti\u00a0a p\u0159i likvidaci\u00a0neohro\u017euje \u017eivotn\u00ed prost\u0159ed\u00ed. Je ur\u010dena pro podest\u00fdl\u00e1n\u00ed v klec\u00edch i ter\u00e1ri\u00edch, do voln\u00fdch misek i plat. Pou\u017eit\u00ed:\u00a0Podest\u00fdlku obnovujte podle stupn\u011b zne\u010di\u0161t\u011bn\u00ed, cel\u00fd obsah pak jednou za t\u00fdden....\" \/>\n<meta property=\"og:url\" content=\"https:\/\/shopatoa.com\/cz\/podestylka-avicentra-kukuricna-jemna-20l\/\" \/>\n<meta property=\"og:site_name\" content=\"SHOPATOA\" \/>\n<meta property=\"article:modified_time\" content=\"2026-02-01T05:39:24+00:00\" \/>\n<meta property=\"og:image\" content=\"https:\/\/storage.googleapis.com\/cz-shopatoa-img\/cz\/daaa3821-1_42477.jpg\" \/>\n\t<meta property=\"og:image:width\" content=\"600\" \/>\n\t<meta property=\"og:image:height\" content=\"600\" \/>\n\t<meta property=\"og:image:type\" content=\"image\/jpeg\" \/>\n<meta name=\"twitter:card\" content=\"summary_large_image\" \/>\n<script type=\"application\/ld+json\" class=\"yoast-schema-graph\">{\"@context\":\"https:\\\/\\\/schema.org\",\"@graph\":[{\"@type\":\"WebPage\",\"@id\":\"https:\\\/\\\/shopatoa.com\\\/cz\\\/podestylka-avicentra-kukuricna-jemna-20l\\\/\",\"url\":\"https:\\\/\\\/shopatoa.com\\\/cz\\\/podestylka-avicentra-kukuricna-jemna-20l\\\/\",\"name\":\"Podest\u00fdlka AVICENTRA kuku\u0159i\u010dn\u00e1 jemn\u00e1 20l - SHOPATOA.COM\",\"isPartOf\":{\"@id\":\"https:\\\/\\\/shopatoa.com\\\/cz\\\/#website\"},\"primaryImageOfPage\":{\"@id\":\"https:\\\/\\\/shopatoa.com\\\/cz\\\/podestylka-avicentra-kukuricna-jemna-20l\\\/#primaryimage\"},\"image\":{\"@id\":\"https:\\\/\\\/shopatoa.com\\\/cz\\\/podestylka-avicentra-kukuricna-jemna-20l\\\/#primaryimage\"},\"thumbnailUrl\":\"https:\\\/\\\/storage.googleapis.com\\\/cz-shopatoa-img\\\/cz\\\/daaa3821-1_42477.jpg\",\"datePublished\":\"2025-04-02T15:05:11+00:00\",\"dateModified\":\"2026-02-01T05:39:24+00:00\",\"breadcrumb\":{\"@id\":\"https:\\\/\\\/shopatoa.com\\\/cz\\\/podestylka-avicentra-kukuricna-jemna-20l\\\/#breadcrumb\"},\"inLanguage\":\"cs\",\"potentialAction\":[{\"@type\":\"ReadAction\",\"target\":[\"https:\\\/\\\/shopatoa.com\\\/cz\\\/podestylka-avicentra-kukuricna-jemna-20l\\\/\"]}]},{\"@type\":\"ImageObject\",\"inLanguage\":\"cs\",\"@id\":\"https:\\\/\\\/shopatoa.com\\\/cz\\\/podestylka-avicentra-kukuricna-jemna-20l\\\/#primaryimage\",\"url\":\"https:\\\/\\\/storage.googleapis.com\\\/cz-shopatoa-img\\\/cz\\\/daaa3821-1_42477.jpg\",\"contentUrl\":\"https:\\\/\\\/storage.googleapis.com\\\/cz-shopatoa-img\\\/cz\\\/daaa3821-1_42477.jpg\",\"width\":600,\"height\":600},{\"@type\":\"BreadcrumbList\",\"@id\":\"https:\\\/\\\/shopatoa.com\\\/cz\\\/podestylka-avicentra-kukuricna-jemna-20l\\\/#breadcrumb\",\"itemListElement\":[{\"@type\":\"ListItem\",\"position\":1,\"name\":\"Dom\u016f\",\"item\":\"https:\\\/\\\/shopatoa.com\\\/cz\\\/\"},{\"@type\":\"ListItem\",\"position\":2,\"name\":\"Produkty\",\"item\":\"https:\\\/\\\/shopatoa.com\\\/cz\\\/shop\\\/\"},{\"@type\":\"ListItem\",\"position\":3,\"name\":\"Chovatelsk\u00e9 pot\u0159eby\",\"item\":\"https:\\\/\\\/shopatoa.com\\\/cz\\\/chovatelske-potreby-2\\\/\"},{\"@type\":\"ListItem\",\"position\":4,\"name\":\"Pro ko\u010dky\",\"item\":\"https:\\\/\\\/shopatoa.com\\\/cz\\\/pro-kocky-chovatelske-potreby-2\\\/\"},{\"@type\":\"ListItem\",\"position\":5,\"name\":\"Krmivo pro ko\u010dky\",\"item\":\"https:\\\/\\\/shopatoa.com\\\/cz\\\/krmivo-pro-kocky-pro-kocky-chovatelske-potreby-2\\\/\"},{\"@type\":\"ListItem\",\"position\":6,\"name\":\"Ostatn\u00ed krmivo pro ko\u010dky\",\"item\":\"https:\\\/\\\/shopatoa.com\\\/cz\\\/ostatni-krmivo-pro-kocky\\\/\"},{\"@type\":\"ListItem\",\"position\":7,\"name\":\"Podest\u00fdlka AVICENTRA kuku\u0159i\u010dn\u00e1 jemn\u00e1 20l\"}]},{\"@type\":\"WebSite\",\"@id\":\"https:\\\/\\\/shopatoa.com\\\/cz\\\/#website\",\"url\":\"https:\\\/\\\/shopatoa.com\\\/cz\\\/\",\"name\":\"SHOPATOA\",\"description\":\"\",\"publisher\":{\"@id\":\"https:\\\/\\\/shopatoa.com\\\/cz\\\/#organization\"},\"potentialAction\":[{\"@type\":\"SearchAction\",\"target\":{\"@type\":\"EntryPoint\",\"urlTemplate\":\"https:\\\/\\\/shopatoa.com\\\/cz\\\/?s={search_term_string}\"},\"query-input\":{\"@type\":\"PropertyValueSpecification\",\"valueRequired\":true,\"valueName\":\"search_term_string\"}}],\"inLanguage\":\"cs\"},{\"@type\":\"Organization\",\"@id\":\"https:\\\/\\\/shopatoa.com\\\/cz\\\/#organization\",\"name\":\"SHOPATOA Digital s.r.o.\",\"url\":\"https:\\\/\\\/shopatoa.com\\\/cz\\\/\",\"logo\":{\"@type\":\"ImageObject\",\"inLanguage\":\"cs\",\"@id\":\"https:\\\/\\\/shopatoa.com\\\/cz\\\/#\\\/schema\\\/logo\\\/image\\\/\",\"url\":\"https:\\\/\\\/storage.googleapis.com\\\/cz-shopatoa-img\\\/cz\\\/ebccf434-shopatoa_logo.png\",\"contentUrl\":\"https:\\\/\\\/storage.googleapis.com\\\/cz-shopatoa-img\\\/cz\\\/ebccf434-shopatoa_logo.png\",\"width\":416,\"height\":63,\"caption\":\"SHOPATOA Digital s.r.o.\"},\"image\":{\"@id\":\"https:\\\/\\\/shopatoa.com\\\/cz\\\/#\\\/schema\\\/logo\\\/image\\\/\"}}]}<\/script>\n<!-- \/ Yoast SEO plugin. -->","yoast_head_json":{"title":"Podest\u00fdlka AVICENTRA kuku\u0159i\u010dn\u00e1 jemn\u00e1 20l - SHOPATOA.COM","robots":{"index":"index","follow":"follow","max-snippet":"max-snippet:-1","max-image-preview":"max-image-preview:large","max-video-preview":"max-video-preview:-1"},"canonical":"https:\/\/shopatoa.com\/cz\/podestylka-avicentra-kukuricna-jemna-20l\/","og_locale":"cs_CZ","og_type":"article","og_title":"Podest\u00fdlka AVICENTRA kuku\u0159i\u010dn\u00e1 jemn\u00e1 20l - SHOPATOA.COM","og_description":"Jemn\u00e1 univerz\u00e1ln\u00ed podest\u00fdlka z kuku\u0159i\u010dn\u00fdch v\u0159eten P\u0159\u00edrodn\u00ed stelivo vhodn\u00e9 pro hlodavce, ko\u010dky a jin\u00e1 dom\u00e1c\u00ed zv\u00ed\u0159ata. Kuku\u0159i\u010dn\u00e1 podest\u00fdlka je vyrobena z drcen\u00fdch kuku\u0159i\u010dn\u00fdch oklask\u016f. M\u00e1\u00a0skv\u011bl\u00e9 vsakovac\u00ed vlastnosti\u00a0a p\u0159i likvidaci\u00a0neohro\u017euje \u017eivotn\u00ed prost\u0159ed\u00ed. Je ur\u010dena pro podest\u00fdl\u00e1n\u00ed v klec\u00edch i ter\u00e1ri\u00edch, do voln\u00fdch misek i plat. Pou\u017eit\u00ed:\u00a0Podest\u00fdlku obnovujte podle stupn\u011b zne\u010di\u0161t\u011bn\u00ed, cel\u00fd obsah pak jednou za t\u00fdden....","og_url":"https:\/\/shopatoa.com\/cz\/podestylka-avicentra-kukuricna-jemna-20l\/","og_site_name":"SHOPATOA","article_modified_time":"2026-02-01T05:39:24+00:00","og_image":[{"width":600,"height":600,"url":"https:\/\/storage.googleapis.com\/cz-shopatoa-img\/cz\/daaa3821-1_42477.jpg","type":"image\/jpeg"}],"twitter_card":"summary_large_image","schema":{"@context":"https:\/\/schema.org","@graph":[{"@type":"WebPage","@id":"https:\/\/shopatoa.com\/cz\/podestylka-avicentra-kukuricna-jemna-20l\/","url":"https:\/\/shopatoa.com\/cz\/podestylka-avicentra-kukuricna-jemna-20l\/","name":"Podest\u00fdlka AVICENTRA kuku\u0159i\u010dn\u00e1 jemn\u00e1 20l - SHOPATOA.COM","isPartOf":{"@id":"https:\/\/shopatoa.com\/cz\/#website"},"primaryImageOfPage":{"@id":"https:\/\/shopatoa.com\/cz\/podestylka-avicentra-kukuricna-jemna-20l\/#primaryimage"},"image":{"@id":"https:\/\/shopatoa.com\/cz\/podestylka-avicentra-kukuricna-jemna-20l\/#primaryimage"},"thumbnailUrl":"https:\/\/storage.googleapis.com\/cz-shopatoa-img\/cz\/daaa3821-1_42477.jpg","datePublished":"2025-04-02T15:05:11+00:00","dateModified":"2026-02-01T05:39:24+00:00","breadcrumb":{"@id":"https:\/\/shopatoa.com\/cz\/podestylka-avicentra-kukuricna-jemna-20l\/#breadcrumb"},"inLanguage":"cs","potentialAction":[{"@type":"ReadAction","target":["https:\/\/shopatoa.com\/cz\/podestylka-avicentra-kukuricna-jemna-20l\/"]}]},{"@type":"ImageObject","inLanguage":"cs","@id":"https:\/\/shopatoa.com\/cz\/podestylka-avicentra-kukuricna-jemna-20l\/#primaryimage","url":"https:\/\/storage.googleapis.com\/cz-shopatoa-img\/cz\/daaa3821-1_42477.jpg","contentUrl":"https:\/\/storage.googleapis.com\/cz-shopatoa-img\/cz\/daaa3821-1_42477.jpg","width":600,"height":600},{"@type":"BreadcrumbList","@id":"https:\/\/shopatoa.com\/cz\/podestylka-avicentra-kukuricna-jemna-20l\/#breadcrumb","itemListElement":[{"@type":"ListItem","position":1,"name":"Dom\u016f","item":"https:\/\/shopatoa.com\/cz\/"},{"@type":"ListItem","position":2,"name":"Produkty","item":"https:\/\/shopatoa.com\/cz\/shop\/"},{"@type":"ListItem","position":3,"name":"Chovatelsk\u00e9 pot\u0159eby","item":"https:\/\/shopatoa.com\/cz\/chovatelske-potreby-2\/"},{"@type":"ListItem","position":4,"name":"Pro ko\u010dky","item":"https:\/\/shopatoa.com\/cz\/pro-kocky-chovatelske-potreby-2\/"},{"@type":"ListItem","position":5,"name":"Krmivo pro ko\u010dky","item":"https:\/\/shopatoa.com\/cz\/krmivo-pro-kocky-pro-kocky-chovatelske-potreby-2\/"},{"@type":"ListItem","position":6,"name":"Ostatn\u00ed krmivo pro ko\u010dky","item":"https:\/\/shopatoa.com\/cz\/ostatni-krmivo-pro-kocky\/"},{"@type":"ListItem","position":7,"name":"Podest\u00fdlka AVICENTRA kuku\u0159i\u010dn\u00e1 jemn\u00e1 20l"}]},{"@type":"WebSite","@id":"https:\/\/shopatoa.com\/cz\/#website","url":"https:\/\/shopatoa.com\/cz\/","name":"SHOPATOA","description":"","publisher":{"@id":"https:\/\/shopatoa.com\/cz\/#organization"},"potentialAction":[{"@type":"SearchAction","target":{"@type":"EntryPoint","urlTemplate":"https:\/\/shopatoa.com\/cz\/?s={search_term_string}"},"query-input":{"@type":"PropertyValueSpecification","valueRequired":true,"valueName":"search_term_string"}}],"inLanguage":"cs"},{"@type":"Organization","@id":"https:\/\/shopatoa.com\/cz\/#organization","name":"SHOPATOA Digital s.r.o.","url":"https:\/\/shopatoa.com\/cz\/","logo":{"@type":"ImageObject","inLanguage":"cs","@id":"https:\/\/shopatoa.com\/cz\/#\/schema\/logo\/image\/","url":"https:\/\/storage.googleapis.com\/cz-shopatoa-img\/cz\/ebccf434-shopatoa_logo.png","contentUrl":"https:\/\/storage.googleapis.com\/cz-shopatoa-img\/cz\/ebccf434-shopatoa_logo.png","width":416,"height":63,"caption":"SHOPATOA Digital s.r.o."},"image":{"@id":"https:\/\/shopatoa.com\/cz\/#\/schema\/logo\/image\/"}}]}},"_links":{"self":[{"href":"https:\/\/shopatoa.com\/cz\/wp-json\/wp\/v2\/product\/245366","targetHints":{"allow":["GET"]}}],"collection":[{"href":"https:\/\/shopatoa.com\/cz\/wp-json\/wp\/v2\/product"}],"about":[{"href":"https:\/\/shopatoa.com\/cz\/wp-json\/wp\/v2\/types\/product"}],"replies":[{"embeddable":true,"href":"https:\/\/shopatoa.com\/cz\/wp-json\/wp\/v2\/comments?post=245366"}],"wp:featuredmedia":[{"embeddable":true,"href":"https:\/\/shopatoa.com\/cz\/wp-json\/wp\/v2\/media\/245367"}],"wp:attachment":[{"href":"https:\/\/shopatoa.com\/cz\/wp-json\/wp\/v2\/media?parent=245366"}],"wp:term":[{"taxonomy":"product_brand","embeddable":true,"href":"https:\/\/shopatoa.com\/cz\/wp-json\/wp\/v2\/product_brand?post=245366"},{"taxonomy":"product_cat","embeddable":true,"href":"https:\/\/shopatoa.com\/cz\/wp-json\/wp\/v2\/product_cat?post=245366"},{"taxonomy":"product_tag","embeddable":true,"href":"https:\/\/shopatoa.com\/cz\/wp-json\/wp\/v2\/product_tag?post=245366"}],"curies":[{"name":"wp","href":"https:\/\/api.w.org\/{rel}","templated":true}]}}