{"id":245718,"date":"2025-04-02T18:06:29","date_gmt":"2025-04-02T16:06:29","guid":{"rendered":"https:\/\/shopatoa.com\/cz\/?post_type=product&#038;p=245718"},"modified":"2025-04-25T23:46:53","modified_gmt":"2025-04-25T21:46:53","slug":"apetit-extra-mix-pro-hlodavce-14kg","status":"publish","type":"product","link":"https:\/\/shopatoa.com\/cz\/apetit-extra-mix-pro-hlodavce-14kg\/","title":{"rendered":"Apetit Extra Mix pro hlodavce 1,4kg"},"content":{"rendered":"<p>Apetit H Extra Mix &#8211; v\u00fdb\u011brov\u00e9 krmivo pro hlodavce. 1,4kg<\/p>\n<p>Tato krmn\u00e1 sm\u011bs je ur\u010dena pro v\u0161echny druhy hlodavc\u016f.<\/p>\n<p>Slo\u017een\u00ed: &#8211; Slune\u010dnice \u017e\u00edhan\u00e1, slune\u010dnice b\u00edl\u00e1, slune\u010dnice \u010dern\u00e1, kuku\u0159ice, je\u010dmen, oves, saflor, \u010dirok, p\u0161enice, slune\u010dnice \u017e\u00edhan\u00e1 velkozrn\u00e1, podzemnice, bananov\u00e9 chipsy, mrkev su\u0161en\u00e1, extrudovan\u00e1 r\u00fd\u017ee, extrudovan\u00e9 obilniny, mrkvov\u00e9 vlo\u010dky, r\u00fd\u017eov\u00e9 vlo\u010dky, hrachov\u00e9 vlo\u010dky, ovesn\u00e9 vlo\u010dky, kuku\u0159i\u010dn\u00e9 vlo\u010dky, svatoj\u00e1nsk\u00fd chl\u00e9b. Krmn\u00fd n\u00e1vod: &#8211; Zkrmujte hlodavc\u016fm v takov\u00e9m mno\u017estv\u00ed, kter\u00e9 spot\u0159ebuj\u00ed do druh\u00e9ho dne, zbytek znehodnocen\u00e9ho krmiva vym\u011b\u0148te. Zajist\u011bte st\u00e1l\u00fd p\u0159\u00edstup k \u010derstv\u00e9 pitn\u00e9 vod\u011b.<\/p>\n","protected":false},"excerpt":{"rendered":"<p>Apetit H Extra Mix &#8211; v\u00fdb\u011brov\u00e9 krmivo pro hlodavce. 1,4kg Tato krmn\u00e1 sm\u011bs je ur\u010dena pro v\u0161echny druhy hlodavc\u016f. Slo\u017een\u00ed: &#8211; Slune\u010dnice \u017e\u00edhan\u00e1, slune\u010dnice b\u00edl\u00e1, slune\u010dnice \u010dern\u00e1, kuku\u0159ice, je\u010dmen, oves, saflor, \u010dirok, p\u0161enice, slune\u010dnice \u017e\u00edhan\u00e1 velkozrn\u00e1, podzemnice, bananov\u00e9 chipsy, mrkev su\u0161en\u00e1, extrudovan\u00e1 r\u00fd\u017ee, extrudovan\u00e9 obilniny, mrkvov\u00e9 vlo\u010dky, r\u00fd\u017eov\u00e9 vlo\u010dky, hrachov\u00e9 vlo\u010dky, ovesn\u00e9 vlo\u010dky, kuku\u0159i\u010dn\u00e9 vlo\u010dky,&#8230;<\/p>\n","protected":false},"featured_media":245719,"comment_status":"closed","ping_status":"open","template":"","meta":{"_acf_changed":false,"_kadence_starter_templates_imported_post":false,"_kad_post_transparent":"","_kad_post_title":"","_kad_post_layout":"","_kad_post_sidebar_id":"","_kad_post_content_style":"","_kad_post_vertical_padding":"","_kad_post_feature":"","_kad_post_feature_position":"","_kad_post_header":false,"_kad_post_footer":false,"_kad_post_classname":""},"product_brand":[2464],"product_cat":[436,1465,1464],"product_tag":[],"class_list":{"0":"post-245718","1":"product","2":"type-product","3":"status-publish","4":"has-post-thumbnail","6":"product_brand-apetit","7":"product_cat-chovatelske-potreby-2","8":"product_cat-krmivo-pro-kocky-pro-kocky-chovatelske-potreby-2","9":"product_cat-pro-kocky-chovatelske-potreby-2","10":"pa_obchod-superzoo-cz","12":"first","13":"instock","14":"product-type-external","15":"entry","16":"content-bg","17":"loop-entry"},"acf":[],"yoast_head":"<!-- This site is optimized with the Yoast SEO plugin v27.4 - https:\/\/yoast.com\/product\/yoast-seo-wordpress\/ -->\n<title>Apetit Extra Mix pro hlodavce 1,4kg - SHOPATOA.COM<\/title>\n<meta name=\"robots\" content=\"index, follow, max-snippet:-1, max-image-preview:large, max-video-preview:-1\" \/>\n<link rel=\"canonical\" href=\"https:\/\/shopatoa.com\/cz\/apetit-extra-mix-pro-hlodavce-14kg\/\" \/>\n<meta property=\"og:locale\" content=\"cs_CZ\" \/>\n<meta property=\"og:type\" content=\"article\" \/>\n<meta property=\"og:title\" content=\"Apetit Extra Mix pro hlodavce 1,4kg - SHOPATOA.COM\" \/>\n<meta property=\"og:description\" content=\"Apetit H Extra Mix &#8211; v\u00fdb\u011brov\u00e9 krmivo pro hlodavce. 1,4kg Tato krmn\u00e1 sm\u011bs je ur\u010dena pro v\u0161echny druhy hlodavc\u016f. Slo\u017een\u00ed: &#8211; Slune\u010dnice \u017e\u00edhan\u00e1, slune\u010dnice b\u00edl\u00e1, slune\u010dnice \u010dern\u00e1, kuku\u0159ice, je\u010dmen, oves, saflor, \u010dirok, p\u0161enice, slune\u010dnice \u017e\u00edhan\u00e1 velkozrn\u00e1, podzemnice, bananov\u00e9 chipsy, mrkev su\u0161en\u00e1, extrudovan\u00e1 r\u00fd\u017ee, extrudovan\u00e9 obilniny, mrkvov\u00e9 vlo\u010dky, r\u00fd\u017eov\u00e9 vlo\u010dky, hrachov\u00e9 vlo\u010dky, ovesn\u00e9 vlo\u010dky, kuku\u0159i\u010dn\u00e9 vlo\u010dky,...\" \/>\n<meta property=\"og:url\" content=\"https:\/\/shopatoa.com\/cz\/apetit-extra-mix-pro-hlodavce-14kg\/\" \/>\n<meta property=\"og:site_name\" content=\"SHOPATOA\" \/>\n<meta property=\"article:modified_time\" content=\"2025-04-25T21:46:53+00:00\" \/>\n<meta property=\"og:image\" content=\"https:\/\/storage.googleapis.com\/cz-shopatoa-img\/cz\/417e9269-1_47887.jpg\" \/>\n\t<meta property=\"og:image:width\" content=\"600\" \/>\n\t<meta property=\"og:image:height\" content=\"600\" \/>\n\t<meta property=\"og:image:type\" content=\"image\/jpeg\" \/>\n<meta name=\"twitter:card\" content=\"summary_large_image\" \/>\n<meta name=\"twitter:label1\" content=\"Odhadovan\u00e1 doba \u010dten\u00ed\" \/>\n\t<meta name=\"twitter:data1\" content=\"1 minuta\" \/>\n<script type=\"application\/ld+json\" class=\"yoast-schema-graph\">{\"@context\":\"https:\\\/\\\/schema.org\",\"@graph\":[{\"@type\":\"WebPage\",\"@id\":\"https:\\\/\\\/shopatoa.com\\\/cz\\\/apetit-extra-mix-pro-hlodavce-14kg\\\/\",\"url\":\"https:\\\/\\\/shopatoa.com\\\/cz\\\/apetit-extra-mix-pro-hlodavce-14kg\\\/\",\"name\":\"Apetit Extra Mix pro hlodavce 1,4kg - SHOPATOA.COM\",\"isPartOf\":{\"@id\":\"https:\\\/\\\/shopatoa.com\\\/cz\\\/#website\"},\"primaryImageOfPage\":{\"@id\":\"https:\\\/\\\/shopatoa.com\\\/cz\\\/apetit-extra-mix-pro-hlodavce-14kg\\\/#primaryimage\"},\"image\":{\"@id\":\"https:\\\/\\\/shopatoa.com\\\/cz\\\/apetit-extra-mix-pro-hlodavce-14kg\\\/#primaryimage\"},\"thumbnailUrl\":\"https:\\\/\\\/storage.googleapis.com\\\/cz-shopatoa-img\\\/cz\\\/417e9269-1_47887.jpg\",\"datePublished\":\"2025-04-02T16:06:29+00:00\",\"dateModified\":\"2025-04-25T21:46:53+00:00\",\"breadcrumb\":{\"@id\":\"https:\\\/\\\/shopatoa.com\\\/cz\\\/apetit-extra-mix-pro-hlodavce-14kg\\\/#breadcrumb\"},\"inLanguage\":\"cs\",\"potentialAction\":[{\"@type\":\"ReadAction\",\"target\":[\"https:\\\/\\\/shopatoa.com\\\/cz\\\/apetit-extra-mix-pro-hlodavce-14kg\\\/\"]}]},{\"@type\":\"ImageObject\",\"inLanguage\":\"cs\",\"@id\":\"https:\\\/\\\/shopatoa.com\\\/cz\\\/apetit-extra-mix-pro-hlodavce-14kg\\\/#primaryimage\",\"url\":\"https:\\\/\\\/storage.googleapis.com\\\/cz-shopatoa-img\\\/cz\\\/417e9269-1_47887.jpg\",\"contentUrl\":\"https:\\\/\\\/storage.googleapis.com\\\/cz-shopatoa-img\\\/cz\\\/417e9269-1_47887.jpg\",\"width\":600,\"height\":600},{\"@type\":\"BreadcrumbList\",\"@id\":\"https:\\\/\\\/shopatoa.com\\\/cz\\\/apetit-extra-mix-pro-hlodavce-14kg\\\/#breadcrumb\",\"itemListElement\":[{\"@type\":\"ListItem\",\"position\":1,\"name\":\"Dom\u016f\",\"item\":\"https:\\\/\\\/shopatoa.com\\\/cz\\\/\"},{\"@type\":\"ListItem\",\"position\":2,\"name\":\"Produkty\",\"item\":\"https:\\\/\\\/shopatoa.com\\\/cz\\\/shop\\\/\"},{\"@type\":\"ListItem\",\"position\":3,\"name\":\"Chovatelsk\u00e9 pot\u0159eby\",\"item\":\"https:\\\/\\\/shopatoa.com\\\/cz\\\/chovatelske-potreby-2\\\/\"},{\"@type\":\"ListItem\",\"position\":4,\"name\":\"Pro ko\u010dky\",\"item\":\"https:\\\/\\\/shopatoa.com\\\/cz\\\/pro-kocky-chovatelske-potreby-2\\\/\"},{\"@type\":\"ListItem\",\"position\":5,\"name\":\"Krmivo pro ko\u010dky\",\"item\":\"https:\\\/\\\/shopatoa.com\\\/cz\\\/krmivo-pro-kocky-pro-kocky-chovatelske-potreby-2\\\/\"},{\"@type\":\"ListItem\",\"position\":6,\"name\":\"Apetit Extra Mix pro hlodavce 1,4kg\"}]},{\"@type\":\"WebSite\",\"@id\":\"https:\\\/\\\/shopatoa.com\\\/cz\\\/#website\",\"url\":\"https:\\\/\\\/shopatoa.com\\\/cz\\\/\",\"name\":\"SHOPATOA\",\"description\":\"\",\"publisher\":{\"@id\":\"https:\\\/\\\/shopatoa.com\\\/cz\\\/#organization\"},\"potentialAction\":[{\"@type\":\"SearchAction\",\"target\":{\"@type\":\"EntryPoint\",\"urlTemplate\":\"https:\\\/\\\/shopatoa.com\\\/cz\\\/?s={search_term_string}\"},\"query-input\":{\"@type\":\"PropertyValueSpecification\",\"valueRequired\":true,\"valueName\":\"search_term_string\"}}],\"inLanguage\":\"cs\"},{\"@type\":\"Organization\",\"@id\":\"https:\\\/\\\/shopatoa.com\\\/cz\\\/#organization\",\"name\":\"SHOPATOA Digital s.r.o.\",\"url\":\"https:\\\/\\\/shopatoa.com\\\/cz\\\/\",\"logo\":{\"@type\":\"ImageObject\",\"inLanguage\":\"cs\",\"@id\":\"https:\\\/\\\/shopatoa.com\\\/cz\\\/#\\\/schema\\\/logo\\\/image\\\/\",\"url\":\"https:\\\/\\\/storage.googleapis.com\\\/cz-shopatoa-img\\\/cz\\\/ebccf434-shopatoa_logo.png\",\"contentUrl\":\"https:\\\/\\\/storage.googleapis.com\\\/cz-shopatoa-img\\\/cz\\\/ebccf434-shopatoa_logo.png\",\"width\":416,\"height\":63,\"caption\":\"SHOPATOA Digital s.r.o.\"},\"image\":{\"@id\":\"https:\\\/\\\/shopatoa.com\\\/cz\\\/#\\\/schema\\\/logo\\\/image\\\/\"}}]}<\/script>\n<!-- \/ Yoast SEO plugin. -->","yoast_head_json":{"title":"Apetit Extra Mix pro hlodavce 1,4kg - SHOPATOA.COM","robots":{"index":"index","follow":"follow","max-snippet":"max-snippet:-1","max-image-preview":"max-image-preview:large","max-video-preview":"max-video-preview:-1"},"canonical":"https:\/\/shopatoa.com\/cz\/apetit-extra-mix-pro-hlodavce-14kg\/","og_locale":"cs_CZ","og_type":"article","og_title":"Apetit Extra Mix pro hlodavce 1,4kg - SHOPATOA.COM","og_description":"Apetit H Extra Mix &#8211; v\u00fdb\u011brov\u00e9 krmivo pro hlodavce. 1,4kg Tato krmn\u00e1 sm\u011bs je ur\u010dena pro v\u0161echny druhy hlodavc\u016f. Slo\u017een\u00ed: &#8211; Slune\u010dnice \u017e\u00edhan\u00e1, slune\u010dnice b\u00edl\u00e1, slune\u010dnice \u010dern\u00e1, kuku\u0159ice, je\u010dmen, oves, saflor, \u010dirok, p\u0161enice, slune\u010dnice \u017e\u00edhan\u00e1 velkozrn\u00e1, podzemnice, bananov\u00e9 chipsy, mrkev su\u0161en\u00e1, extrudovan\u00e1 r\u00fd\u017ee, extrudovan\u00e9 obilniny, mrkvov\u00e9 vlo\u010dky, r\u00fd\u017eov\u00e9 vlo\u010dky, hrachov\u00e9 vlo\u010dky, ovesn\u00e9 vlo\u010dky, kuku\u0159i\u010dn\u00e9 vlo\u010dky,...","og_url":"https:\/\/shopatoa.com\/cz\/apetit-extra-mix-pro-hlodavce-14kg\/","og_site_name":"SHOPATOA","article_modified_time":"2025-04-25T21:46:53+00:00","og_image":[{"width":600,"height":600,"url":"https:\/\/storage.googleapis.com\/cz-shopatoa-img\/cz\/417e9269-1_47887.jpg","type":"image\/jpeg"}],"twitter_card":"summary_large_image","twitter_misc":{"Odhadovan\u00e1 doba \u010dten\u00ed":"1 minuta"},"schema":{"@context":"https:\/\/schema.org","@graph":[{"@type":"WebPage","@id":"https:\/\/shopatoa.com\/cz\/apetit-extra-mix-pro-hlodavce-14kg\/","url":"https:\/\/shopatoa.com\/cz\/apetit-extra-mix-pro-hlodavce-14kg\/","name":"Apetit Extra Mix pro hlodavce 1,4kg - SHOPATOA.COM","isPartOf":{"@id":"https:\/\/shopatoa.com\/cz\/#website"},"primaryImageOfPage":{"@id":"https:\/\/shopatoa.com\/cz\/apetit-extra-mix-pro-hlodavce-14kg\/#primaryimage"},"image":{"@id":"https:\/\/shopatoa.com\/cz\/apetit-extra-mix-pro-hlodavce-14kg\/#primaryimage"},"thumbnailUrl":"https:\/\/storage.googleapis.com\/cz-shopatoa-img\/cz\/417e9269-1_47887.jpg","datePublished":"2025-04-02T16:06:29+00:00","dateModified":"2025-04-25T21:46:53+00:00","breadcrumb":{"@id":"https:\/\/shopatoa.com\/cz\/apetit-extra-mix-pro-hlodavce-14kg\/#breadcrumb"},"inLanguage":"cs","potentialAction":[{"@type":"ReadAction","target":["https:\/\/shopatoa.com\/cz\/apetit-extra-mix-pro-hlodavce-14kg\/"]}]},{"@type":"ImageObject","inLanguage":"cs","@id":"https:\/\/shopatoa.com\/cz\/apetit-extra-mix-pro-hlodavce-14kg\/#primaryimage","url":"https:\/\/storage.googleapis.com\/cz-shopatoa-img\/cz\/417e9269-1_47887.jpg","contentUrl":"https:\/\/storage.googleapis.com\/cz-shopatoa-img\/cz\/417e9269-1_47887.jpg","width":600,"height":600},{"@type":"BreadcrumbList","@id":"https:\/\/shopatoa.com\/cz\/apetit-extra-mix-pro-hlodavce-14kg\/#breadcrumb","itemListElement":[{"@type":"ListItem","position":1,"name":"Dom\u016f","item":"https:\/\/shopatoa.com\/cz\/"},{"@type":"ListItem","position":2,"name":"Produkty","item":"https:\/\/shopatoa.com\/cz\/shop\/"},{"@type":"ListItem","position":3,"name":"Chovatelsk\u00e9 pot\u0159eby","item":"https:\/\/shopatoa.com\/cz\/chovatelske-potreby-2\/"},{"@type":"ListItem","position":4,"name":"Pro ko\u010dky","item":"https:\/\/shopatoa.com\/cz\/pro-kocky-chovatelske-potreby-2\/"},{"@type":"ListItem","position":5,"name":"Krmivo pro ko\u010dky","item":"https:\/\/shopatoa.com\/cz\/krmivo-pro-kocky-pro-kocky-chovatelske-potreby-2\/"},{"@type":"ListItem","position":6,"name":"Apetit Extra Mix pro hlodavce 1,4kg"}]},{"@type":"WebSite","@id":"https:\/\/shopatoa.com\/cz\/#website","url":"https:\/\/shopatoa.com\/cz\/","name":"SHOPATOA","description":"","publisher":{"@id":"https:\/\/shopatoa.com\/cz\/#organization"},"potentialAction":[{"@type":"SearchAction","target":{"@type":"EntryPoint","urlTemplate":"https:\/\/shopatoa.com\/cz\/?s={search_term_string}"},"query-input":{"@type":"PropertyValueSpecification","valueRequired":true,"valueName":"search_term_string"}}],"inLanguage":"cs"},{"@type":"Organization","@id":"https:\/\/shopatoa.com\/cz\/#organization","name":"SHOPATOA Digital s.r.o.","url":"https:\/\/shopatoa.com\/cz\/","logo":{"@type":"ImageObject","inLanguage":"cs","@id":"https:\/\/shopatoa.com\/cz\/#\/schema\/logo\/image\/","url":"https:\/\/storage.googleapis.com\/cz-shopatoa-img\/cz\/ebccf434-shopatoa_logo.png","contentUrl":"https:\/\/storage.googleapis.com\/cz-shopatoa-img\/cz\/ebccf434-shopatoa_logo.png","width":416,"height":63,"caption":"SHOPATOA Digital s.r.o."},"image":{"@id":"https:\/\/shopatoa.com\/cz\/#\/schema\/logo\/image\/"}}]}},"_links":{"self":[{"href":"https:\/\/shopatoa.com\/cz\/wp-json\/wp\/v2\/product\/245718","targetHints":{"allow":["GET"]}}],"collection":[{"href":"https:\/\/shopatoa.com\/cz\/wp-json\/wp\/v2\/product"}],"about":[{"href":"https:\/\/shopatoa.com\/cz\/wp-json\/wp\/v2\/types\/product"}],"replies":[{"embeddable":true,"href":"https:\/\/shopatoa.com\/cz\/wp-json\/wp\/v2\/comments?post=245718"}],"wp:featuredmedia":[{"embeddable":true,"href":"https:\/\/shopatoa.com\/cz\/wp-json\/wp\/v2\/media\/245719"}],"wp:attachment":[{"href":"https:\/\/shopatoa.com\/cz\/wp-json\/wp\/v2\/media?parent=245718"}],"wp:term":[{"taxonomy":"product_brand","embeddable":true,"href":"https:\/\/shopatoa.com\/cz\/wp-json\/wp\/v2\/product_brand?post=245718"},{"taxonomy":"product_cat","embeddable":true,"href":"https:\/\/shopatoa.com\/cz\/wp-json\/wp\/v2\/product_cat?post=245718"},{"taxonomy":"product_tag","embeddable":true,"href":"https:\/\/shopatoa.com\/cz\/wp-json\/wp\/v2\/product_tag?post=245718"}],"curies":[{"name":"wp","href":"https:\/\/api.w.org\/{rel}","templated":true}]}}