{"id":245822,"date":"2025-04-02T18:25:54","date_gmt":"2025-04-02T16:25:54","guid":{"rendered":"https:\/\/shopatoa.com\/cz\/?post_type=product&#038;p=245822"},"modified":"2026-02-02T04:09:32","modified_gmt":"2026-02-02T03:09:32","slug":"vitakraft-emotion-kracker-morce-ovocny-2ks","status":"publish","type":"product","link":"https:\/\/shopatoa.com\/cz\/vitakraft-emotion-kracker-morce-ovocny-2ks\/","title":{"rendered":"Vitakraft Emotion kracker mor\u010de ovocn\u00fd 2ks"},"content":{"rendered":"<p>Ovocn\u00e9 ty\u010dinky s meru\u0148kami a pomeran\u010di pro mor\u010data &#8211; 2 ks.<\/p>\n<p>Dopl\u0148kov\u00e9 krmivo pro mor\u010data.<\/p>\n<p>Ty\u010dinky pro hlodavce s vysoce kvalitn\u00edm TriVita komplexem v r\u016fzn\u00fdch p\u0159\u00edchut\u00edch individu\u00e1ln\u011b p\u0159izp\u016fsoben\u00fdch ka\u017ed\u00e9mu druhu. Vhodn\u00e9 jako dopln\u011bk hlavn\u00edch krmiv Emotion\u00ae.<\/p>\n<p>Krmn\u00fd n\u00e1vod: ty\u010dinku vlo\u017ete do klece a nechte voln\u011b k dispozici.<\/p>\n<p>Slo\u017een\u00ed: obiloviny, 9,8% ovoce (1,3% su\u0161en\u00fd pomeran\u010d, 1,3% su\u0161en\u00e9 meru\u0148ky), vedlej\u0161\u00ed rostlinn\u00e9 produkty, miner\u00e1ly, 0,16% inulin, med, \u0159asy, oleje a tuky.<\/p>\n<p>Jakostn\u00ed znaky: DHA 0,02%, vitam\u00edn A 6600 m.j.\/ kg, vitam\u00edn D3 500 m.j.\/ kg.<\/p>\n","protected":false},"excerpt":{"rendered":"<p>Ovocn\u00e9 ty\u010dinky s meru\u0148kami a pomeran\u010di pro mor\u010data &#8211; 2 ks. Dopl\u0148kov\u00e9 krmivo pro mor\u010data. Ty\u010dinky pro hlodavce s vysoce kvalitn\u00edm TriVita komplexem v r\u016fzn\u00fdch p\u0159\u00edchut\u00edch individu\u00e1ln\u011b p\u0159izp\u016fsoben\u00fdch ka\u017ed\u00e9mu druhu. Vhodn\u00e9 jako dopln\u011bk hlavn\u00edch krmiv Emotion\u00ae. Krmn\u00fd n\u00e1vod: ty\u010dinku vlo\u017ete do klece a nechte voln\u011b k dispozici. Slo\u017een\u00ed: obiloviny, 9,8% ovoce (1,3% su\u0161en\u00fd pomeran\u010d, 1,3%&#8230;<\/p>\n","protected":false},"featured_media":245823,"comment_status":"closed","ping_status":"open","template":"","meta":{"_acf_changed":false,"_kadence_starter_templates_imported_post":false,"_kad_post_transparent":"","_kad_post_title":"","_kad_post_layout":"","_kad_post_sidebar_id":"","_kad_post_content_style":"","_kad_post_vertical_padding":"","_kad_post_feature":"","_kad_post_feature_position":"","_kad_post_header":false,"_kad_post_footer":false,"_kad_post_classname":""},"product_brand":[2084],"product_cat":[436,2568,2576,739],"product_tag":[],"class_list":{"0":"post-245822","1":"product","2":"type-product","3":"status-publish","4":"has-post-thumbnail","6":"product_brand-vitakraft","7":"product_cat-chovatelske-potreby-2","8":"product_cat-krmivo-pro-psy-pro-psy-chovatelske-potreby-2","9":"product_cat-pamlsky-pro-psy","10":"product_cat-pro-psy-chovatelske-potreby-2","11":"pa_obchod-superzoo-cz","13":"first","14":"instock","15":"product-type-external","16":"entry","17":"content-bg","18":"loop-entry"},"acf":[],"yoast_head":"<!-- This site is optimized with the Yoast SEO plugin v27.4 - https:\/\/yoast.com\/product\/yoast-seo-wordpress\/ -->\n<title>Vitakraft Emotion kracker mor\u010de ovocn\u00fd 2ks - SHOPATOA.COM<\/title>\n<meta name=\"robots\" content=\"index, follow, max-snippet:-1, max-image-preview:large, max-video-preview:-1\" \/>\n<link rel=\"canonical\" href=\"https:\/\/shopatoa.com\/cz\/vitakraft-emotion-kracker-morce-ovocny-2ks\/\" \/>\n<meta property=\"og:locale\" content=\"cs_CZ\" \/>\n<meta property=\"og:type\" content=\"article\" \/>\n<meta property=\"og:title\" content=\"Vitakraft Emotion kracker mor\u010de ovocn\u00fd 2ks - SHOPATOA.COM\" \/>\n<meta property=\"og:description\" content=\"Ovocn\u00e9 ty\u010dinky s meru\u0148kami a pomeran\u010di pro mor\u010data &#8211; 2 ks. Dopl\u0148kov\u00e9 krmivo pro mor\u010data. Ty\u010dinky pro hlodavce s vysoce kvalitn\u00edm TriVita komplexem v r\u016fzn\u00fdch p\u0159\u00edchut\u00edch individu\u00e1ln\u011b p\u0159izp\u016fsoben\u00fdch ka\u017ed\u00e9mu druhu. Vhodn\u00e9 jako dopln\u011bk hlavn\u00edch krmiv Emotion\u00ae. Krmn\u00fd n\u00e1vod: ty\u010dinku vlo\u017ete do klece a nechte voln\u011b k dispozici. Slo\u017een\u00ed: obiloviny, 9,8% ovoce (1,3% su\u0161en\u00fd pomeran\u010d, 1,3%...\" \/>\n<meta property=\"og:url\" content=\"https:\/\/shopatoa.com\/cz\/vitakraft-emotion-kracker-morce-ovocny-2ks\/\" \/>\n<meta property=\"og:site_name\" content=\"SHOPATOA\" \/>\n<meta property=\"article:modified_time\" content=\"2026-02-02T03:09:32+00:00\" \/>\n<meta property=\"og:image\" content=\"https:\/\/storage.googleapis.com\/cz-shopatoa-img\/cz\/5e1d6623-1_43378.jpg\" \/>\n\t<meta property=\"og:image:width\" content=\"600\" \/>\n\t<meta property=\"og:image:height\" content=\"600\" \/>\n\t<meta property=\"og:image:type\" content=\"image\/jpeg\" \/>\n<meta name=\"twitter:card\" content=\"summary_large_image\" \/>\n<meta name=\"twitter:label1\" content=\"Odhadovan\u00e1 doba \u010dten\u00ed\" \/>\n\t<meta name=\"twitter:data1\" content=\"1 minuta\" \/>\n<script type=\"application\/ld+json\" class=\"yoast-schema-graph\">{\"@context\":\"https:\\\/\\\/schema.org\",\"@graph\":[{\"@type\":\"WebPage\",\"@id\":\"https:\\\/\\\/shopatoa.com\\\/cz\\\/vitakraft-emotion-kracker-morce-ovocny-2ks\\\/\",\"url\":\"https:\\\/\\\/shopatoa.com\\\/cz\\\/vitakraft-emotion-kracker-morce-ovocny-2ks\\\/\",\"name\":\"Vitakraft Emotion kracker mor\u010de ovocn\u00fd 2ks - SHOPATOA.COM\",\"isPartOf\":{\"@id\":\"https:\\\/\\\/shopatoa.com\\\/cz\\\/#website\"},\"primaryImageOfPage\":{\"@id\":\"https:\\\/\\\/shopatoa.com\\\/cz\\\/vitakraft-emotion-kracker-morce-ovocny-2ks\\\/#primaryimage\"},\"image\":{\"@id\":\"https:\\\/\\\/shopatoa.com\\\/cz\\\/vitakraft-emotion-kracker-morce-ovocny-2ks\\\/#primaryimage\"},\"thumbnailUrl\":\"https:\\\/\\\/storage.googleapis.com\\\/cz-shopatoa-img\\\/cz\\\/5e1d6623-1_43378.jpg\",\"datePublished\":\"2025-04-02T16:25:54+00:00\",\"dateModified\":\"2026-02-02T03:09:32+00:00\",\"breadcrumb\":{\"@id\":\"https:\\\/\\\/shopatoa.com\\\/cz\\\/vitakraft-emotion-kracker-morce-ovocny-2ks\\\/#breadcrumb\"},\"inLanguage\":\"cs\",\"potentialAction\":[{\"@type\":\"ReadAction\",\"target\":[\"https:\\\/\\\/shopatoa.com\\\/cz\\\/vitakraft-emotion-kracker-morce-ovocny-2ks\\\/\"]}]},{\"@type\":\"ImageObject\",\"inLanguage\":\"cs\",\"@id\":\"https:\\\/\\\/shopatoa.com\\\/cz\\\/vitakraft-emotion-kracker-morce-ovocny-2ks\\\/#primaryimage\",\"url\":\"https:\\\/\\\/storage.googleapis.com\\\/cz-shopatoa-img\\\/cz\\\/5e1d6623-1_43378.jpg\",\"contentUrl\":\"https:\\\/\\\/storage.googleapis.com\\\/cz-shopatoa-img\\\/cz\\\/5e1d6623-1_43378.jpg\",\"width\":600,\"height\":600},{\"@type\":\"BreadcrumbList\",\"@id\":\"https:\\\/\\\/shopatoa.com\\\/cz\\\/vitakraft-emotion-kracker-morce-ovocny-2ks\\\/#breadcrumb\",\"itemListElement\":[{\"@type\":\"ListItem\",\"position\":1,\"name\":\"Dom\u016f\",\"item\":\"https:\\\/\\\/shopatoa.com\\\/cz\\\/\"},{\"@type\":\"ListItem\",\"position\":2,\"name\":\"Produkty\",\"item\":\"https:\\\/\\\/shopatoa.com\\\/cz\\\/shop\\\/\"},{\"@type\":\"ListItem\",\"position\":3,\"name\":\"Chovatelsk\u00e9 pot\u0159eby\",\"item\":\"https:\\\/\\\/shopatoa.com\\\/cz\\\/chovatelske-potreby-2\\\/\"},{\"@type\":\"ListItem\",\"position\":4,\"name\":\"Pro psy\",\"item\":\"https:\\\/\\\/shopatoa.com\\\/cz\\\/pro-psy-chovatelske-potreby-2\\\/\"},{\"@type\":\"ListItem\",\"position\":5,\"name\":\"Krmivo pro psy\",\"item\":\"https:\\\/\\\/shopatoa.com\\\/cz\\\/krmivo-pro-psy-pro-psy-chovatelske-potreby-2\\\/\"},{\"@type\":\"ListItem\",\"position\":6,\"name\":\"Pamlsky pro psy\",\"item\":\"https:\\\/\\\/shopatoa.com\\\/cz\\\/pamlsky-pro-psy\\\/\"},{\"@type\":\"ListItem\",\"position\":7,\"name\":\"Vitakraft Emotion kracker mor\u010de ovocn\u00fd 2ks\"}]},{\"@type\":\"WebSite\",\"@id\":\"https:\\\/\\\/shopatoa.com\\\/cz\\\/#website\",\"url\":\"https:\\\/\\\/shopatoa.com\\\/cz\\\/\",\"name\":\"SHOPATOA\",\"description\":\"\",\"publisher\":{\"@id\":\"https:\\\/\\\/shopatoa.com\\\/cz\\\/#organization\"},\"potentialAction\":[{\"@type\":\"SearchAction\",\"target\":{\"@type\":\"EntryPoint\",\"urlTemplate\":\"https:\\\/\\\/shopatoa.com\\\/cz\\\/?s={search_term_string}\"},\"query-input\":{\"@type\":\"PropertyValueSpecification\",\"valueRequired\":true,\"valueName\":\"search_term_string\"}}],\"inLanguage\":\"cs\"},{\"@type\":\"Organization\",\"@id\":\"https:\\\/\\\/shopatoa.com\\\/cz\\\/#organization\",\"name\":\"SHOPATOA Digital s.r.o.\",\"url\":\"https:\\\/\\\/shopatoa.com\\\/cz\\\/\",\"logo\":{\"@type\":\"ImageObject\",\"inLanguage\":\"cs\",\"@id\":\"https:\\\/\\\/shopatoa.com\\\/cz\\\/#\\\/schema\\\/logo\\\/image\\\/\",\"url\":\"https:\\\/\\\/storage.googleapis.com\\\/cz-shopatoa-img\\\/cz\\\/ebccf434-shopatoa_logo.png\",\"contentUrl\":\"https:\\\/\\\/storage.googleapis.com\\\/cz-shopatoa-img\\\/cz\\\/ebccf434-shopatoa_logo.png\",\"width\":416,\"height\":63,\"caption\":\"SHOPATOA Digital s.r.o.\"},\"image\":{\"@id\":\"https:\\\/\\\/shopatoa.com\\\/cz\\\/#\\\/schema\\\/logo\\\/image\\\/\"}}]}<\/script>\n<!-- \/ Yoast SEO plugin. -->","yoast_head_json":{"title":"Vitakraft Emotion kracker mor\u010de ovocn\u00fd 2ks - SHOPATOA.COM","robots":{"index":"index","follow":"follow","max-snippet":"max-snippet:-1","max-image-preview":"max-image-preview:large","max-video-preview":"max-video-preview:-1"},"canonical":"https:\/\/shopatoa.com\/cz\/vitakraft-emotion-kracker-morce-ovocny-2ks\/","og_locale":"cs_CZ","og_type":"article","og_title":"Vitakraft Emotion kracker mor\u010de ovocn\u00fd 2ks - SHOPATOA.COM","og_description":"Ovocn\u00e9 ty\u010dinky s meru\u0148kami a pomeran\u010di pro mor\u010data &#8211; 2 ks. Dopl\u0148kov\u00e9 krmivo pro mor\u010data. Ty\u010dinky pro hlodavce s vysoce kvalitn\u00edm TriVita komplexem v r\u016fzn\u00fdch p\u0159\u00edchut\u00edch individu\u00e1ln\u011b p\u0159izp\u016fsoben\u00fdch ka\u017ed\u00e9mu druhu. Vhodn\u00e9 jako dopln\u011bk hlavn\u00edch krmiv Emotion\u00ae. Krmn\u00fd n\u00e1vod: ty\u010dinku vlo\u017ete do klece a nechte voln\u011b k dispozici. Slo\u017een\u00ed: obiloviny, 9,8% ovoce (1,3% su\u0161en\u00fd pomeran\u010d, 1,3%...","og_url":"https:\/\/shopatoa.com\/cz\/vitakraft-emotion-kracker-morce-ovocny-2ks\/","og_site_name":"SHOPATOA","article_modified_time":"2026-02-02T03:09:32+00:00","og_image":[{"width":600,"height":600,"url":"https:\/\/storage.googleapis.com\/cz-shopatoa-img\/cz\/5e1d6623-1_43378.jpg","type":"image\/jpeg"}],"twitter_card":"summary_large_image","twitter_misc":{"Odhadovan\u00e1 doba \u010dten\u00ed":"1 minuta"},"schema":{"@context":"https:\/\/schema.org","@graph":[{"@type":"WebPage","@id":"https:\/\/shopatoa.com\/cz\/vitakraft-emotion-kracker-morce-ovocny-2ks\/","url":"https:\/\/shopatoa.com\/cz\/vitakraft-emotion-kracker-morce-ovocny-2ks\/","name":"Vitakraft Emotion kracker mor\u010de ovocn\u00fd 2ks - SHOPATOA.COM","isPartOf":{"@id":"https:\/\/shopatoa.com\/cz\/#website"},"primaryImageOfPage":{"@id":"https:\/\/shopatoa.com\/cz\/vitakraft-emotion-kracker-morce-ovocny-2ks\/#primaryimage"},"image":{"@id":"https:\/\/shopatoa.com\/cz\/vitakraft-emotion-kracker-morce-ovocny-2ks\/#primaryimage"},"thumbnailUrl":"https:\/\/storage.googleapis.com\/cz-shopatoa-img\/cz\/5e1d6623-1_43378.jpg","datePublished":"2025-04-02T16:25:54+00:00","dateModified":"2026-02-02T03:09:32+00:00","breadcrumb":{"@id":"https:\/\/shopatoa.com\/cz\/vitakraft-emotion-kracker-morce-ovocny-2ks\/#breadcrumb"},"inLanguage":"cs","potentialAction":[{"@type":"ReadAction","target":["https:\/\/shopatoa.com\/cz\/vitakraft-emotion-kracker-morce-ovocny-2ks\/"]}]},{"@type":"ImageObject","inLanguage":"cs","@id":"https:\/\/shopatoa.com\/cz\/vitakraft-emotion-kracker-morce-ovocny-2ks\/#primaryimage","url":"https:\/\/storage.googleapis.com\/cz-shopatoa-img\/cz\/5e1d6623-1_43378.jpg","contentUrl":"https:\/\/storage.googleapis.com\/cz-shopatoa-img\/cz\/5e1d6623-1_43378.jpg","width":600,"height":600},{"@type":"BreadcrumbList","@id":"https:\/\/shopatoa.com\/cz\/vitakraft-emotion-kracker-morce-ovocny-2ks\/#breadcrumb","itemListElement":[{"@type":"ListItem","position":1,"name":"Dom\u016f","item":"https:\/\/shopatoa.com\/cz\/"},{"@type":"ListItem","position":2,"name":"Produkty","item":"https:\/\/shopatoa.com\/cz\/shop\/"},{"@type":"ListItem","position":3,"name":"Chovatelsk\u00e9 pot\u0159eby","item":"https:\/\/shopatoa.com\/cz\/chovatelske-potreby-2\/"},{"@type":"ListItem","position":4,"name":"Pro psy","item":"https:\/\/shopatoa.com\/cz\/pro-psy-chovatelske-potreby-2\/"},{"@type":"ListItem","position":5,"name":"Krmivo pro psy","item":"https:\/\/shopatoa.com\/cz\/krmivo-pro-psy-pro-psy-chovatelske-potreby-2\/"},{"@type":"ListItem","position":6,"name":"Pamlsky pro psy","item":"https:\/\/shopatoa.com\/cz\/pamlsky-pro-psy\/"},{"@type":"ListItem","position":7,"name":"Vitakraft Emotion kracker mor\u010de ovocn\u00fd 2ks"}]},{"@type":"WebSite","@id":"https:\/\/shopatoa.com\/cz\/#website","url":"https:\/\/shopatoa.com\/cz\/","name":"SHOPATOA","description":"","publisher":{"@id":"https:\/\/shopatoa.com\/cz\/#organization"},"potentialAction":[{"@type":"SearchAction","target":{"@type":"EntryPoint","urlTemplate":"https:\/\/shopatoa.com\/cz\/?s={search_term_string}"},"query-input":{"@type":"PropertyValueSpecification","valueRequired":true,"valueName":"search_term_string"}}],"inLanguage":"cs"},{"@type":"Organization","@id":"https:\/\/shopatoa.com\/cz\/#organization","name":"SHOPATOA Digital s.r.o.","url":"https:\/\/shopatoa.com\/cz\/","logo":{"@type":"ImageObject","inLanguage":"cs","@id":"https:\/\/shopatoa.com\/cz\/#\/schema\/logo\/image\/","url":"https:\/\/storage.googleapis.com\/cz-shopatoa-img\/cz\/ebccf434-shopatoa_logo.png","contentUrl":"https:\/\/storage.googleapis.com\/cz-shopatoa-img\/cz\/ebccf434-shopatoa_logo.png","width":416,"height":63,"caption":"SHOPATOA Digital s.r.o."},"image":{"@id":"https:\/\/shopatoa.com\/cz\/#\/schema\/logo\/image\/"}}]}},"_links":{"self":[{"href":"https:\/\/shopatoa.com\/cz\/wp-json\/wp\/v2\/product\/245822","targetHints":{"allow":["GET"]}}],"collection":[{"href":"https:\/\/shopatoa.com\/cz\/wp-json\/wp\/v2\/product"}],"about":[{"href":"https:\/\/shopatoa.com\/cz\/wp-json\/wp\/v2\/types\/product"}],"replies":[{"embeddable":true,"href":"https:\/\/shopatoa.com\/cz\/wp-json\/wp\/v2\/comments?post=245822"}],"wp:featuredmedia":[{"embeddable":true,"href":"https:\/\/shopatoa.com\/cz\/wp-json\/wp\/v2\/media\/245823"}],"wp:attachment":[{"href":"https:\/\/shopatoa.com\/cz\/wp-json\/wp\/v2\/media?parent=245822"}],"wp:term":[{"taxonomy":"product_brand","embeddable":true,"href":"https:\/\/shopatoa.com\/cz\/wp-json\/wp\/v2\/product_brand?post=245822"},{"taxonomy":"product_cat","embeddable":true,"href":"https:\/\/shopatoa.com\/cz\/wp-json\/wp\/v2\/product_cat?post=245822"},{"taxonomy":"product_tag","embeddable":true,"href":"https:\/\/shopatoa.com\/cz\/wp-json\/wp\/v2\/product_tag?post=245822"}],"curies":[{"name":"wp","href":"https:\/\/api.w.org\/{rel}","templated":true}]}}