{"id":246146,"date":"2025-04-02T19:25:20","date_gmt":"2025-04-02T17:25:20","guid":{"rendered":"https:\/\/shopatoa.com\/cz\/?post_type=product&#038;p=246146"},"modified":"2026-02-02T00:17:59","modified_gmt":"2026-02-01T23:17:59","slug":"brit-care-cat-snack-superfruits-salmon-100g","status":"publish","type":"product","link":"https:\/\/shopatoa.com\/cz\/brit-care-cat-snack-superfruits-salmon-100g\/","title":{"rendered":"Brit Care Cat Snack Superfruits Salmon\u00a0100g"},"content":{"rendered":"<p>Dopl\u0148kov\u00e9 krmivo pro dosp\u011bl\u00e9 ko\u010dky. K\u0159upav\u00fd lososov\u00fd pamlsek se \u201esuperfruits\u201c \u2013 se \u0161\u00edpkem a brusinkami. Chrast\u00edc\u00ed k\u0159upav\u00e9 pamlsky ko\u010dku p\u0159il\u00e1kaj\u00ed a strhnou ke spole\u010dn\u00e9 z\u00e1bav\u011b.<\/p>\n<p>Slo\u017een\u00ed<\/p>\n<p>Dehydrovan\u00e1 lososov\u00e1 mou\u010dka (40 %), \u017elut\u00fd hr\u00e1ch, hydrolyzovan\u00fd ku\u0159ec\u00ed protein (8 %), bat\u00e1ty, ku\u0159ec\u00ed tuk (konzervovan\u00fd tokoferoly, (6 %), tapiokov\u00fd \u0161krob, brusinky (4 %), \u0161\u00edpek (4 %), hydrolyzovan\u00e1 ku\u0159ec\u00ed j\u00e1tra, lososov\u00fd olej (2 %), ln\u011bn\u00e9 sem\u00ednko (1 %), chlorid sodn\u00fd.<\/p>\n<p>Analytick\u00e9 slo\u017eky<\/p>\n<p>Hrub\u00fd protein 35 %, obsah tuku 12 %, vlhkost 10 %, hrub\u00fd popel 8,8 %, hrub\u00e1 vl\u00e1knina 2 %, v\u00e1pn\u00edk 1,2 %, fosfor 1 %, sod\u00edk 1,2 %<\/p>\n","protected":false},"excerpt":{"rendered":"<p>Dopl\u0148kov\u00e9 krmivo pro dosp\u011bl\u00e9 ko\u010dky. K\u0159upav\u00fd lososov\u00fd pamlsek se \u201esuperfruits\u201c \u2013 se \u0161\u00edpkem a brusinkami. Chrast\u00edc\u00ed k\u0159upav\u00e9 pamlsky ko\u010dku p\u0159il\u00e1kaj\u00ed a strhnou ke spole\u010dn\u00e9 z\u00e1bav\u011b. Slo\u017een\u00ed Dehydrovan\u00e1 lososov\u00e1 mou\u010dka (40 %), \u017elut\u00fd hr\u00e1ch, hydrolyzovan\u00fd ku\u0159ec\u00ed protein (8 %), bat\u00e1ty, ku\u0159ec\u00ed tuk (konzervovan\u00fd tokoferoly, (6 %), tapiokov\u00fd \u0161krob, brusinky (4 %), \u0161\u00edpek (4 %), hydrolyzovan\u00e1 ku\u0159ec\u00ed&#8230;<\/p>\n","protected":false},"featured_media":246147,"comment_status":"closed","ping_status":"open","template":"","meta":{"_acf_changed":false,"_kadence_starter_templates_imported_post":false,"_kad_post_transparent":"","_kad_post_title":"","_kad_post_layout":"","_kad_post_sidebar_id":"","_kad_post_content_style":"","_kad_post_vertical_padding":"","_kad_post_feature":"","_kad_post_feature_position":"","_kad_post_header":false,"_kad_post_footer":false,"_kad_post_classname":""},"product_brand":[1744],"product_cat":[436,1465,2581,1464],"product_tag":[],"class_list":{"0":"post-246146","1":"product","2":"type-product","3":"status-publish","4":"has-post-thumbnail","6":"product_brand-brit-care","7":"product_cat-chovatelske-potreby-2","8":"product_cat-krmivo-pro-kocky-pro-kocky-chovatelske-potreby-2","9":"product_cat-pamlsky-pro-kocky","10":"product_cat-pro-kocky-chovatelske-potreby-2","11":"pa_obchod-superzoo-cz","13":"first","14":"instock","15":"product-type-external","16":"entry","17":"content-bg","18":"loop-entry"},"acf":[],"yoast_head":"<!-- This site is optimized with the Yoast SEO plugin v27.4 - https:\/\/yoast.com\/product\/yoast-seo-wordpress\/ -->\n<title>Brit Care Cat Snack Superfruits Salmon\u00a0100g - SHOPATOA.COM<\/title>\n<meta name=\"robots\" content=\"index, follow, max-snippet:-1, max-image-preview:large, max-video-preview:-1\" \/>\n<link rel=\"canonical\" href=\"https:\/\/shopatoa.com\/cz\/brit-care-cat-snack-superfruits-salmon-100g\/\" \/>\n<meta property=\"og:locale\" content=\"cs_CZ\" \/>\n<meta property=\"og:type\" content=\"article\" \/>\n<meta property=\"og:title\" content=\"Brit Care Cat Snack Superfruits Salmon\u00a0100g - SHOPATOA.COM\" \/>\n<meta property=\"og:description\" content=\"Dopl\u0148kov\u00e9 krmivo pro dosp\u011bl\u00e9 ko\u010dky. K\u0159upav\u00fd lososov\u00fd pamlsek se \u201esuperfruits\u201c \u2013 se \u0161\u00edpkem a brusinkami. Chrast\u00edc\u00ed k\u0159upav\u00e9 pamlsky ko\u010dku p\u0159il\u00e1kaj\u00ed a strhnou ke spole\u010dn\u00e9 z\u00e1bav\u011b. Slo\u017een\u00ed Dehydrovan\u00e1 lososov\u00e1 mou\u010dka (40 %), \u017elut\u00fd hr\u00e1ch, hydrolyzovan\u00fd ku\u0159ec\u00ed protein (8 %), bat\u00e1ty, ku\u0159ec\u00ed tuk (konzervovan\u00fd tokoferoly, (6 %), tapiokov\u00fd \u0161krob, brusinky (4 %), \u0161\u00edpek (4 %), hydrolyzovan\u00e1 ku\u0159ec\u00ed...\" \/>\n<meta property=\"og:url\" content=\"https:\/\/shopatoa.com\/cz\/brit-care-cat-snack-superfruits-salmon-100g\/\" \/>\n<meta property=\"og:site_name\" content=\"SHOPATOA\" \/>\n<meta property=\"article:modified_time\" content=\"2026-02-01T23:17:59+00:00\" \/>\n<meta property=\"og:image\" content=\"https:\/\/storage.googleapis.com\/cz-shopatoa-img\/cz\/cd5f07d0-1_77548.jpg\" \/>\n\t<meta property=\"og:image:width\" content=\"600\" \/>\n\t<meta property=\"og:image:height\" content=\"600\" \/>\n\t<meta property=\"og:image:type\" content=\"image\/jpeg\" \/>\n<meta name=\"twitter:card\" content=\"summary_large_image\" \/>\n<script type=\"application\/ld+json\" class=\"yoast-schema-graph\">{\"@context\":\"https:\\\/\\\/schema.org\",\"@graph\":[{\"@type\":\"WebPage\",\"@id\":\"https:\\\/\\\/shopatoa.com\\\/cz\\\/brit-care-cat-snack-superfruits-salmon-100g\\\/\",\"url\":\"https:\\\/\\\/shopatoa.com\\\/cz\\\/brit-care-cat-snack-superfruits-salmon-100g\\\/\",\"name\":\"Brit Care Cat Snack Superfruits Salmon\u00a0100g - SHOPATOA.COM\",\"isPartOf\":{\"@id\":\"https:\\\/\\\/shopatoa.com\\\/cz\\\/#website\"},\"primaryImageOfPage\":{\"@id\":\"https:\\\/\\\/shopatoa.com\\\/cz\\\/brit-care-cat-snack-superfruits-salmon-100g\\\/#primaryimage\"},\"image\":{\"@id\":\"https:\\\/\\\/shopatoa.com\\\/cz\\\/brit-care-cat-snack-superfruits-salmon-100g\\\/#primaryimage\"},\"thumbnailUrl\":\"https:\\\/\\\/storage.googleapis.com\\\/cz-shopatoa-img\\\/cz\\\/cd5f07d0-1_77548.jpg\",\"datePublished\":\"2025-04-02T17:25:20+00:00\",\"dateModified\":\"2026-02-01T23:17:59+00:00\",\"breadcrumb\":{\"@id\":\"https:\\\/\\\/shopatoa.com\\\/cz\\\/brit-care-cat-snack-superfruits-salmon-100g\\\/#breadcrumb\"},\"inLanguage\":\"cs\",\"potentialAction\":[{\"@type\":\"ReadAction\",\"target\":[\"https:\\\/\\\/shopatoa.com\\\/cz\\\/brit-care-cat-snack-superfruits-salmon-100g\\\/\"]}]},{\"@type\":\"ImageObject\",\"inLanguage\":\"cs\",\"@id\":\"https:\\\/\\\/shopatoa.com\\\/cz\\\/brit-care-cat-snack-superfruits-salmon-100g\\\/#primaryimage\",\"url\":\"https:\\\/\\\/storage.googleapis.com\\\/cz-shopatoa-img\\\/cz\\\/cd5f07d0-1_77548.jpg\",\"contentUrl\":\"https:\\\/\\\/storage.googleapis.com\\\/cz-shopatoa-img\\\/cz\\\/cd5f07d0-1_77548.jpg\",\"width\":600,\"height\":600},{\"@type\":\"BreadcrumbList\",\"@id\":\"https:\\\/\\\/shopatoa.com\\\/cz\\\/brit-care-cat-snack-superfruits-salmon-100g\\\/#breadcrumb\",\"itemListElement\":[{\"@type\":\"ListItem\",\"position\":1,\"name\":\"Dom\u016f\",\"item\":\"https:\\\/\\\/shopatoa.com\\\/cz\\\/\"},{\"@type\":\"ListItem\",\"position\":2,\"name\":\"Produkty\",\"item\":\"https:\\\/\\\/shopatoa.com\\\/cz\\\/shop\\\/\"},{\"@type\":\"ListItem\",\"position\":3,\"name\":\"Chovatelsk\u00e9 pot\u0159eby\",\"item\":\"https:\\\/\\\/shopatoa.com\\\/cz\\\/chovatelske-potreby-2\\\/\"},{\"@type\":\"ListItem\",\"position\":4,\"name\":\"Pro ko\u010dky\",\"item\":\"https:\\\/\\\/shopatoa.com\\\/cz\\\/pro-kocky-chovatelske-potreby-2\\\/\"},{\"@type\":\"ListItem\",\"position\":5,\"name\":\"Krmivo pro ko\u010dky\",\"item\":\"https:\\\/\\\/shopatoa.com\\\/cz\\\/krmivo-pro-kocky-pro-kocky-chovatelske-potreby-2\\\/\"},{\"@type\":\"ListItem\",\"position\":6,\"name\":\"Pamlsky pro ko\u010dky\",\"item\":\"https:\\\/\\\/shopatoa.com\\\/cz\\\/pamlsky-pro-kocky\\\/\"},{\"@type\":\"ListItem\",\"position\":7,\"name\":\"Brit Care Cat Snack Superfruits Salmon\u00a0100g\"}]},{\"@type\":\"WebSite\",\"@id\":\"https:\\\/\\\/shopatoa.com\\\/cz\\\/#website\",\"url\":\"https:\\\/\\\/shopatoa.com\\\/cz\\\/\",\"name\":\"SHOPATOA\",\"description\":\"\",\"publisher\":{\"@id\":\"https:\\\/\\\/shopatoa.com\\\/cz\\\/#organization\"},\"potentialAction\":[{\"@type\":\"SearchAction\",\"target\":{\"@type\":\"EntryPoint\",\"urlTemplate\":\"https:\\\/\\\/shopatoa.com\\\/cz\\\/?s={search_term_string}\"},\"query-input\":{\"@type\":\"PropertyValueSpecification\",\"valueRequired\":true,\"valueName\":\"search_term_string\"}}],\"inLanguage\":\"cs\"},{\"@type\":\"Organization\",\"@id\":\"https:\\\/\\\/shopatoa.com\\\/cz\\\/#organization\",\"name\":\"SHOPATOA Digital s.r.o.\",\"url\":\"https:\\\/\\\/shopatoa.com\\\/cz\\\/\",\"logo\":{\"@type\":\"ImageObject\",\"inLanguage\":\"cs\",\"@id\":\"https:\\\/\\\/shopatoa.com\\\/cz\\\/#\\\/schema\\\/logo\\\/image\\\/\",\"url\":\"https:\\\/\\\/storage.googleapis.com\\\/cz-shopatoa-img\\\/cz\\\/ebccf434-shopatoa_logo.png\",\"contentUrl\":\"https:\\\/\\\/storage.googleapis.com\\\/cz-shopatoa-img\\\/cz\\\/ebccf434-shopatoa_logo.png\",\"width\":416,\"height\":63,\"caption\":\"SHOPATOA Digital s.r.o.\"},\"image\":{\"@id\":\"https:\\\/\\\/shopatoa.com\\\/cz\\\/#\\\/schema\\\/logo\\\/image\\\/\"}}]}<\/script>\n<!-- \/ Yoast SEO plugin. -->","yoast_head_json":{"title":"Brit Care Cat Snack Superfruits Salmon\u00a0100g - SHOPATOA.COM","robots":{"index":"index","follow":"follow","max-snippet":"max-snippet:-1","max-image-preview":"max-image-preview:large","max-video-preview":"max-video-preview:-1"},"canonical":"https:\/\/shopatoa.com\/cz\/brit-care-cat-snack-superfruits-salmon-100g\/","og_locale":"cs_CZ","og_type":"article","og_title":"Brit Care Cat Snack Superfruits Salmon\u00a0100g - SHOPATOA.COM","og_description":"Dopl\u0148kov\u00e9 krmivo pro dosp\u011bl\u00e9 ko\u010dky. K\u0159upav\u00fd lososov\u00fd pamlsek se \u201esuperfruits\u201c \u2013 se \u0161\u00edpkem a brusinkami. Chrast\u00edc\u00ed k\u0159upav\u00e9 pamlsky ko\u010dku p\u0159il\u00e1kaj\u00ed a strhnou ke spole\u010dn\u00e9 z\u00e1bav\u011b. Slo\u017een\u00ed Dehydrovan\u00e1 lososov\u00e1 mou\u010dka (40 %), \u017elut\u00fd hr\u00e1ch, hydrolyzovan\u00fd ku\u0159ec\u00ed protein (8 %), bat\u00e1ty, ku\u0159ec\u00ed tuk (konzervovan\u00fd tokoferoly, (6 %), tapiokov\u00fd \u0161krob, brusinky (4 %), \u0161\u00edpek (4 %), hydrolyzovan\u00e1 ku\u0159ec\u00ed...","og_url":"https:\/\/shopatoa.com\/cz\/brit-care-cat-snack-superfruits-salmon-100g\/","og_site_name":"SHOPATOA","article_modified_time":"2026-02-01T23:17:59+00:00","og_image":[{"width":600,"height":600,"url":"https:\/\/storage.googleapis.com\/cz-shopatoa-img\/cz\/cd5f07d0-1_77548.jpg","type":"image\/jpeg"}],"twitter_card":"summary_large_image","schema":{"@context":"https:\/\/schema.org","@graph":[{"@type":"WebPage","@id":"https:\/\/shopatoa.com\/cz\/brit-care-cat-snack-superfruits-salmon-100g\/","url":"https:\/\/shopatoa.com\/cz\/brit-care-cat-snack-superfruits-salmon-100g\/","name":"Brit Care Cat Snack Superfruits Salmon\u00a0100g - SHOPATOA.COM","isPartOf":{"@id":"https:\/\/shopatoa.com\/cz\/#website"},"primaryImageOfPage":{"@id":"https:\/\/shopatoa.com\/cz\/brit-care-cat-snack-superfruits-salmon-100g\/#primaryimage"},"image":{"@id":"https:\/\/shopatoa.com\/cz\/brit-care-cat-snack-superfruits-salmon-100g\/#primaryimage"},"thumbnailUrl":"https:\/\/storage.googleapis.com\/cz-shopatoa-img\/cz\/cd5f07d0-1_77548.jpg","datePublished":"2025-04-02T17:25:20+00:00","dateModified":"2026-02-01T23:17:59+00:00","breadcrumb":{"@id":"https:\/\/shopatoa.com\/cz\/brit-care-cat-snack-superfruits-salmon-100g\/#breadcrumb"},"inLanguage":"cs","potentialAction":[{"@type":"ReadAction","target":["https:\/\/shopatoa.com\/cz\/brit-care-cat-snack-superfruits-salmon-100g\/"]}]},{"@type":"ImageObject","inLanguage":"cs","@id":"https:\/\/shopatoa.com\/cz\/brit-care-cat-snack-superfruits-salmon-100g\/#primaryimage","url":"https:\/\/storage.googleapis.com\/cz-shopatoa-img\/cz\/cd5f07d0-1_77548.jpg","contentUrl":"https:\/\/storage.googleapis.com\/cz-shopatoa-img\/cz\/cd5f07d0-1_77548.jpg","width":600,"height":600},{"@type":"BreadcrumbList","@id":"https:\/\/shopatoa.com\/cz\/brit-care-cat-snack-superfruits-salmon-100g\/#breadcrumb","itemListElement":[{"@type":"ListItem","position":1,"name":"Dom\u016f","item":"https:\/\/shopatoa.com\/cz\/"},{"@type":"ListItem","position":2,"name":"Produkty","item":"https:\/\/shopatoa.com\/cz\/shop\/"},{"@type":"ListItem","position":3,"name":"Chovatelsk\u00e9 pot\u0159eby","item":"https:\/\/shopatoa.com\/cz\/chovatelske-potreby-2\/"},{"@type":"ListItem","position":4,"name":"Pro ko\u010dky","item":"https:\/\/shopatoa.com\/cz\/pro-kocky-chovatelske-potreby-2\/"},{"@type":"ListItem","position":5,"name":"Krmivo pro ko\u010dky","item":"https:\/\/shopatoa.com\/cz\/krmivo-pro-kocky-pro-kocky-chovatelske-potreby-2\/"},{"@type":"ListItem","position":6,"name":"Pamlsky pro ko\u010dky","item":"https:\/\/shopatoa.com\/cz\/pamlsky-pro-kocky\/"},{"@type":"ListItem","position":7,"name":"Brit Care Cat Snack Superfruits Salmon\u00a0100g"}]},{"@type":"WebSite","@id":"https:\/\/shopatoa.com\/cz\/#website","url":"https:\/\/shopatoa.com\/cz\/","name":"SHOPATOA","description":"","publisher":{"@id":"https:\/\/shopatoa.com\/cz\/#organization"},"potentialAction":[{"@type":"SearchAction","target":{"@type":"EntryPoint","urlTemplate":"https:\/\/shopatoa.com\/cz\/?s={search_term_string}"},"query-input":{"@type":"PropertyValueSpecification","valueRequired":true,"valueName":"search_term_string"}}],"inLanguage":"cs"},{"@type":"Organization","@id":"https:\/\/shopatoa.com\/cz\/#organization","name":"SHOPATOA Digital s.r.o.","url":"https:\/\/shopatoa.com\/cz\/","logo":{"@type":"ImageObject","inLanguage":"cs","@id":"https:\/\/shopatoa.com\/cz\/#\/schema\/logo\/image\/","url":"https:\/\/storage.googleapis.com\/cz-shopatoa-img\/cz\/ebccf434-shopatoa_logo.png","contentUrl":"https:\/\/storage.googleapis.com\/cz-shopatoa-img\/cz\/ebccf434-shopatoa_logo.png","width":416,"height":63,"caption":"SHOPATOA Digital s.r.o."},"image":{"@id":"https:\/\/shopatoa.com\/cz\/#\/schema\/logo\/image\/"}}]}},"_links":{"self":[{"href":"https:\/\/shopatoa.com\/cz\/wp-json\/wp\/v2\/product\/246146","targetHints":{"allow":["GET"]}}],"collection":[{"href":"https:\/\/shopatoa.com\/cz\/wp-json\/wp\/v2\/product"}],"about":[{"href":"https:\/\/shopatoa.com\/cz\/wp-json\/wp\/v2\/types\/product"}],"replies":[{"embeddable":true,"href":"https:\/\/shopatoa.com\/cz\/wp-json\/wp\/v2\/comments?post=246146"}],"wp:featuredmedia":[{"embeddable":true,"href":"https:\/\/shopatoa.com\/cz\/wp-json\/wp\/v2\/media\/246147"}],"wp:attachment":[{"href":"https:\/\/shopatoa.com\/cz\/wp-json\/wp\/v2\/media?parent=246146"}],"wp:term":[{"taxonomy":"product_brand","embeddable":true,"href":"https:\/\/shopatoa.com\/cz\/wp-json\/wp\/v2\/product_brand?post=246146"},{"taxonomy":"product_cat","embeddable":true,"href":"https:\/\/shopatoa.com\/cz\/wp-json\/wp\/v2\/product_cat?post=246146"},{"taxonomy":"product_tag","embeddable":true,"href":"https:\/\/shopatoa.com\/cz\/wp-json\/wp\/v2\/product_tag?post=246146"}],"curies":[{"name":"wp","href":"https:\/\/api.w.org\/{rel}","templated":true}]}}