{"id":246812,"date":"2025-04-02T21:26:08","date_gmt":"2025-04-02T19:26:08","guid":{"rendered":"https:\/\/shopatoa.com\/cz\/?post_type=product&#038;p=246812"},"modified":"2026-02-02T03:18:00","modified_gmt":"2026-02-02T02:18:00","slug":"filtr-eheim-classic-600-vnejsis-naplni-1000l-h","status":"publish","type":"product","link":"https:\/\/shopatoa.com\/cz\/filtr-eheim-classic-600-vnejsis-naplni-1000l-h\/","title":{"rendered":"Filtr EHEIM Classic 600 vn\u011bj\u0161\u00ed,s n\u00e1pln\u00ed 1000l\/h"},"content":{"rendered":"<p>Vn\u011bj\u0161\u00ed filtr pro akv\u00e1ria od 180 do 600 litr\u016f.<\/p>\n<p>Osv\u011bd\u010den\u00e1 technika, vyv\u00e1\u017een\u00fd v\u00fdkon a vysok\u00e1 \u00fa\u010dinnost, to jsou znaky legend\u00e1rn\u00edho filtru EHEIM Classic. V jeho pracovn\u00edm cyklu doch\u00e1z\u00ed k mechanicko-biologick\u00e9mu \u010di\u0161t\u011bn\u00ed p\u0159i neust\u00e1l\u00e9 cirkulaci a k sou\u010dasn\u00e9mu obohacen\u00ed vody kysl\u00edkem. Individu\u00e1ln\u00ed sestava vrstev filtra\u010dn\u00edch hmot umo\u017e\u0148uje nadpr\u016fm\u011brnou funk\u010dn\u00ed dobu a c\u00edlen\u00e9 o\u0161et\u0159en\u00ed vody.<\/p>\n<p>Sou\u010d\u00e1st\u00ed balen\u00ed jsou filtra\u010dn\u00ed vatov\u00e9 vlo\u017eky a dvojit\u00e9 ventily pro snadn\u011bj\u0161\u00ed manipulaci p\u0159i \u010di\u0161t\u011bn\u00ed filtru.<\/p>\n","protected":false},"excerpt":{"rendered":"<p>Vn\u011bj\u0161\u00ed filtr pro akv\u00e1ria od 180 do 600 litr\u016f. Osv\u011bd\u010den\u00e1 technika, vyv\u00e1\u017een\u00fd v\u00fdkon a vysok\u00e1 \u00fa\u010dinnost, to jsou znaky legend\u00e1rn\u00edho filtru EHEIM Classic. V jeho pracovn\u00edm cyklu doch\u00e1z\u00ed k mechanicko-biologick\u00e9mu \u010di\u0161t\u011bn\u00ed p\u0159i neust\u00e1l\u00e9 cirkulaci a k sou\u010dasn\u00e9mu obohacen\u00ed vody kysl\u00edkem. Individu\u00e1ln\u00ed sestava vrstev filtra\u010dn\u00edch hmot umo\u017e\u0148uje nadpr\u016fm\u011brnou funk\u010dn\u00ed dobu a c\u00edlen\u00e9 o\u0161et\u0159en\u00ed vody. Sou\u010d\u00e1st\u00ed balen\u00ed&#8230;<\/p>\n","protected":false},"featured_media":246813,"comment_status":"closed","ping_status":"open","template":"","meta":{"_acf_changed":false,"_kadence_starter_templates_imported_post":false,"_kad_post_transparent":"","_kad_post_title":"","_kad_post_layout":"","_kad_post_sidebar_id":"","_kad_post_content_style":"","_kad_post_vertical_padding":"","_kad_post_feature":"","_kad_post_feature_position":"","_kad_post_header":false,"_kad_post_footer":false,"_kad_post_classname":""},"product_brand":[2720],"product_cat":[2512,2511,2510,436],"product_tag":[],"class_list":{"0":"post-246812","1":"product","2":"type-product","3":"status-publish","4":"has-post-thumbnail","6":"product_brand-eheim","7":"product_cat-akvarijni-filtry","8":"product_cat-akvarijni-technika","9":"product_cat-akvaristika","10":"product_cat-chovatelske-potreby-2","11":"pa_obchod-superzoo-cz","13":"first","14":"instock","15":"product-type-external","16":"entry","17":"content-bg","18":"loop-entry"},"acf":[],"yoast_head":"<!-- This site is optimized with the Yoast SEO plugin v27.4 - https:\/\/yoast.com\/product\/yoast-seo-wordpress\/ -->\n<title>Filtr EHEIM Classic 600 vn\u011bj\u0161\u00ed,s n\u00e1pln\u00ed 1000l\/h - SHOPATOA.COM<\/title>\n<meta name=\"robots\" content=\"index, follow, max-snippet:-1, max-image-preview:large, max-video-preview:-1\" \/>\n<link rel=\"canonical\" href=\"https:\/\/shopatoa.com\/cz\/filtr-eheim-classic-600-vnejsis-naplni-1000l-h\/\" \/>\n<meta property=\"og:locale\" content=\"cs_CZ\" \/>\n<meta property=\"og:type\" content=\"article\" \/>\n<meta property=\"og:title\" content=\"Filtr EHEIM Classic 600 vn\u011bj\u0161\u00ed,s n\u00e1pln\u00ed 1000l\/h - SHOPATOA.COM\" \/>\n<meta property=\"og:description\" content=\"Vn\u011bj\u0161\u00ed filtr pro akv\u00e1ria od 180 do 600 litr\u016f. Osv\u011bd\u010den\u00e1 technika, vyv\u00e1\u017een\u00fd v\u00fdkon a vysok\u00e1 \u00fa\u010dinnost, to jsou znaky legend\u00e1rn\u00edho filtru EHEIM Classic. V jeho pracovn\u00edm cyklu doch\u00e1z\u00ed k mechanicko-biologick\u00e9mu \u010di\u0161t\u011bn\u00ed p\u0159i neust\u00e1l\u00e9 cirkulaci a k sou\u010dasn\u00e9mu obohacen\u00ed vody kysl\u00edkem. Individu\u00e1ln\u00ed sestava vrstev filtra\u010dn\u00edch hmot umo\u017e\u0148uje nadpr\u016fm\u011brnou funk\u010dn\u00ed dobu a c\u00edlen\u00e9 o\u0161et\u0159en\u00ed vody. Sou\u010d\u00e1st\u00ed balen\u00ed...\" \/>\n<meta property=\"og:url\" content=\"https:\/\/shopatoa.com\/cz\/filtr-eheim-classic-600-vnejsis-naplni-1000l-h\/\" \/>\n<meta property=\"og:site_name\" content=\"SHOPATOA\" \/>\n<meta property=\"article:modified_time\" content=\"2026-02-02T02:18:00+00:00\" \/>\n<meta property=\"og:image\" content=\"https:\/\/storage.googleapis.com\/cz-shopatoa-img\/cz\/d8611feb-1_46743.jpg\" \/>\n\t<meta property=\"og:image:width\" content=\"600\" \/>\n\t<meta property=\"og:image:height\" content=\"600\" \/>\n\t<meta property=\"og:image:type\" content=\"image\/jpeg\" \/>\n<meta name=\"twitter:card\" content=\"summary_large_image\" \/>\n<meta name=\"twitter:label1\" content=\"Odhadovan\u00e1 doba \u010dten\u00ed\" \/>\n\t<meta name=\"twitter:data1\" content=\"1 minuta\" \/>\n<script type=\"application\/ld+json\" class=\"yoast-schema-graph\">{\"@context\":\"https:\\\/\\\/schema.org\",\"@graph\":[{\"@type\":\"WebPage\",\"@id\":\"https:\\\/\\\/shopatoa.com\\\/cz\\\/filtr-eheim-classic-600-vnejsis-naplni-1000l-h\\\/\",\"url\":\"https:\\\/\\\/shopatoa.com\\\/cz\\\/filtr-eheim-classic-600-vnejsis-naplni-1000l-h\\\/\",\"name\":\"Filtr EHEIM Classic 600 vn\u011bj\u0161\u00ed,s n\u00e1pln\u00ed 1000l\\\/h - SHOPATOA.COM\",\"isPartOf\":{\"@id\":\"https:\\\/\\\/shopatoa.com\\\/cz\\\/#website\"},\"primaryImageOfPage\":{\"@id\":\"https:\\\/\\\/shopatoa.com\\\/cz\\\/filtr-eheim-classic-600-vnejsis-naplni-1000l-h\\\/#primaryimage\"},\"image\":{\"@id\":\"https:\\\/\\\/shopatoa.com\\\/cz\\\/filtr-eheim-classic-600-vnejsis-naplni-1000l-h\\\/#primaryimage\"},\"thumbnailUrl\":\"https:\\\/\\\/storage.googleapis.com\\\/cz-shopatoa-img\\\/cz\\\/d8611feb-1_46743.jpg\",\"datePublished\":\"2025-04-02T19:26:08+00:00\",\"dateModified\":\"2026-02-02T02:18:00+00:00\",\"breadcrumb\":{\"@id\":\"https:\\\/\\\/shopatoa.com\\\/cz\\\/filtr-eheim-classic-600-vnejsis-naplni-1000l-h\\\/#breadcrumb\"},\"inLanguage\":\"cs\",\"potentialAction\":[{\"@type\":\"ReadAction\",\"target\":[\"https:\\\/\\\/shopatoa.com\\\/cz\\\/filtr-eheim-classic-600-vnejsis-naplni-1000l-h\\\/\"]}]},{\"@type\":\"ImageObject\",\"inLanguage\":\"cs\",\"@id\":\"https:\\\/\\\/shopatoa.com\\\/cz\\\/filtr-eheim-classic-600-vnejsis-naplni-1000l-h\\\/#primaryimage\",\"url\":\"https:\\\/\\\/storage.googleapis.com\\\/cz-shopatoa-img\\\/cz\\\/d8611feb-1_46743.jpg\",\"contentUrl\":\"https:\\\/\\\/storage.googleapis.com\\\/cz-shopatoa-img\\\/cz\\\/d8611feb-1_46743.jpg\",\"width\":600,\"height\":600},{\"@type\":\"BreadcrumbList\",\"@id\":\"https:\\\/\\\/shopatoa.com\\\/cz\\\/filtr-eheim-classic-600-vnejsis-naplni-1000l-h\\\/#breadcrumb\",\"itemListElement\":[{\"@type\":\"ListItem\",\"position\":1,\"name\":\"Dom\u016f\",\"item\":\"https:\\\/\\\/shopatoa.com\\\/cz\\\/\"},{\"@type\":\"ListItem\",\"position\":2,\"name\":\"Produkty\",\"item\":\"https:\\\/\\\/shopatoa.com\\\/cz\\\/shop\\\/\"},{\"@type\":\"ListItem\",\"position\":3,\"name\":\"Chovatelsk\u00e9 pot\u0159eby\",\"item\":\"https:\\\/\\\/shopatoa.com\\\/cz\\\/chovatelske-potreby-2\\\/\"},{\"@type\":\"ListItem\",\"position\":4,\"name\":\"Akvaristika\",\"item\":\"https:\\\/\\\/shopatoa.com\\\/cz\\\/akvaristika\\\/\"},{\"@type\":\"ListItem\",\"position\":5,\"name\":\"Akvarijn\u00ed technika\",\"item\":\"https:\\\/\\\/shopatoa.com\\\/cz\\\/akvarijni-technika\\\/\"},{\"@type\":\"ListItem\",\"position\":6,\"name\":\"Akvarijn\u00ed filtry\",\"item\":\"https:\\\/\\\/shopatoa.com\\\/cz\\\/akvarijni-filtry\\\/\"},{\"@type\":\"ListItem\",\"position\":7,\"name\":\"Filtr EHEIM Classic 600 vn\u011bj\u0161\u00ed,s n\u00e1pln\u00ed 1000l\\\/h\"}]},{\"@type\":\"WebSite\",\"@id\":\"https:\\\/\\\/shopatoa.com\\\/cz\\\/#website\",\"url\":\"https:\\\/\\\/shopatoa.com\\\/cz\\\/\",\"name\":\"SHOPATOA\",\"description\":\"\",\"publisher\":{\"@id\":\"https:\\\/\\\/shopatoa.com\\\/cz\\\/#organization\"},\"potentialAction\":[{\"@type\":\"SearchAction\",\"target\":{\"@type\":\"EntryPoint\",\"urlTemplate\":\"https:\\\/\\\/shopatoa.com\\\/cz\\\/?s={search_term_string}\"},\"query-input\":{\"@type\":\"PropertyValueSpecification\",\"valueRequired\":true,\"valueName\":\"search_term_string\"}}],\"inLanguage\":\"cs\"},{\"@type\":\"Organization\",\"@id\":\"https:\\\/\\\/shopatoa.com\\\/cz\\\/#organization\",\"name\":\"SHOPATOA Digital s.r.o.\",\"url\":\"https:\\\/\\\/shopatoa.com\\\/cz\\\/\",\"logo\":{\"@type\":\"ImageObject\",\"inLanguage\":\"cs\",\"@id\":\"https:\\\/\\\/shopatoa.com\\\/cz\\\/#\\\/schema\\\/logo\\\/image\\\/\",\"url\":\"https:\\\/\\\/storage.googleapis.com\\\/cz-shopatoa-img\\\/cz\\\/ebccf434-shopatoa_logo.png\",\"contentUrl\":\"https:\\\/\\\/storage.googleapis.com\\\/cz-shopatoa-img\\\/cz\\\/ebccf434-shopatoa_logo.png\",\"width\":416,\"height\":63,\"caption\":\"SHOPATOA Digital s.r.o.\"},\"image\":{\"@id\":\"https:\\\/\\\/shopatoa.com\\\/cz\\\/#\\\/schema\\\/logo\\\/image\\\/\"}}]}<\/script>\n<!-- \/ Yoast SEO plugin. -->","yoast_head_json":{"title":"Filtr EHEIM Classic 600 vn\u011bj\u0161\u00ed,s n\u00e1pln\u00ed 1000l\/h - SHOPATOA.COM","robots":{"index":"index","follow":"follow","max-snippet":"max-snippet:-1","max-image-preview":"max-image-preview:large","max-video-preview":"max-video-preview:-1"},"canonical":"https:\/\/shopatoa.com\/cz\/filtr-eheim-classic-600-vnejsis-naplni-1000l-h\/","og_locale":"cs_CZ","og_type":"article","og_title":"Filtr EHEIM Classic 600 vn\u011bj\u0161\u00ed,s n\u00e1pln\u00ed 1000l\/h - SHOPATOA.COM","og_description":"Vn\u011bj\u0161\u00ed filtr pro akv\u00e1ria od 180 do 600 litr\u016f. Osv\u011bd\u010den\u00e1 technika, vyv\u00e1\u017een\u00fd v\u00fdkon a vysok\u00e1 \u00fa\u010dinnost, to jsou znaky legend\u00e1rn\u00edho filtru EHEIM Classic. V jeho pracovn\u00edm cyklu doch\u00e1z\u00ed k mechanicko-biologick\u00e9mu \u010di\u0161t\u011bn\u00ed p\u0159i neust\u00e1l\u00e9 cirkulaci a k sou\u010dasn\u00e9mu obohacen\u00ed vody kysl\u00edkem. Individu\u00e1ln\u00ed sestava vrstev filtra\u010dn\u00edch hmot umo\u017e\u0148uje nadpr\u016fm\u011brnou funk\u010dn\u00ed dobu a c\u00edlen\u00e9 o\u0161et\u0159en\u00ed vody. Sou\u010d\u00e1st\u00ed balen\u00ed...","og_url":"https:\/\/shopatoa.com\/cz\/filtr-eheim-classic-600-vnejsis-naplni-1000l-h\/","og_site_name":"SHOPATOA","article_modified_time":"2026-02-02T02:18:00+00:00","og_image":[{"width":600,"height":600,"url":"https:\/\/storage.googleapis.com\/cz-shopatoa-img\/cz\/d8611feb-1_46743.jpg","type":"image\/jpeg"}],"twitter_card":"summary_large_image","twitter_misc":{"Odhadovan\u00e1 doba \u010dten\u00ed":"1 minuta"},"schema":{"@context":"https:\/\/schema.org","@graph":[{"@type":"WebPage","@id":"https:\/\/shopatoa.com\/cz\/filtr-eheim-classic-600-vnejsis-naplni-1000l-h\/","url":"https:\/\/shopatoa.com\/cz\/filtr-eheim-classic-600-vnejsis-naplni-1000l-h\/","name":"Filtr EHEIM Classic 600 vn\u011bj\u0161\u00ed,s n\u00e1pln\u00ed 1000l\/h - SHOPATOA.COM","isPartOf":{"@id":"https:\/\/shopatoa.com\/cz\/#website"},"primaryImageOfPage":{"@id":"https:\/\/shopatoa.com\/cz\/filtr-eheim-classic-600-vnejsis-naplni-1000l-h\/#primaryimage"},"image":{"@id":"https:\/\/shopatoa.com\/cz\/filtr-eheim-classic-600-vnejsis-naplni-1000l-h\/#primaryimage"},"thumbnailUrl":"https:\/\/storage.googleapis.com\/cz-shopatoa-img\/cz\/d8611feb-1_46743.jpg","datePublished":"2025-04-02T19:26:08+00:00","dateModified":"2026-02-02T02:18:00+00:00","breadcrumb":{"@id":"https:\/\/shopatoa.com\/cz\/filtr-eheim-classic-600-vnejsis-naplni-1000l-h\/#breadcrumb"},"inLanguage":"cs","potentialAction":[{"@type":"ReadAction","target":["https:\/\/shopatoa.com\/cz\/filtr-eheim-classic-600-vnejsis-naplni-1000l-h\/"]}]},{"@type":"ImageObject","inLanguage":"cs","@id":"https:\/\/shopatoa.com\/cz\/filtr-eheim-classic-600-vnejsis-naplni-1000l-h\/#primaryimage","url":"https:\/\/storage.googleapis.com\/cz-shopatoa-img\/cz\/d8611feb-1_46743.jpg","contentUrl":"https:\/\/storage.googleapis.com\/cz-shopatoa-img\/cz\/d8611feb-1_46743.jpg","width":600,"height":600},{"@type":"BreadcrumbList","@id":"https:\/\/shopatoa.com\/cz\/filtr-eheim-classic-600-vnejsis-naplni-1000l-h\/#breadcrumb","itemListElement":[{"@type":"ListItem","position":1,"name":"Dom\u016f","item":"https:\/\/shopatoa.com\/cz\/"},{"@type":"ListItem","position":2,"name":"Produkty","item":"https:\/\/shopatoa.com\/cz\/shop\/"},{"@type":"ListItem","position":3,"name":"Chovatelsk\u00e9 pot\u0159eby","item":"https:\/\/shopatoa.com\/cz\/chovatelske-potreby-2\/"},{"@type":"ListItem","position":4,"name":"Akvaristika","item":"https:\/\/shopatoa.com\/cz\/akvaristika\/"},{"@type":"ListItem","position":5,"name":"Akvarijn\u00ed technika","item":"https:\/\/shopatoa.com\/cz\/akvarijni-technika\/"},{"@type":"ListItem","position":6,"name":"Akvarijn\u00ed filtry","item":"https:\/\/shopatoa.com\/cz\/akvarijni-filtry\/"},{"@type":"ListItem","position":7,"name":"Filtr EHEIM Classic 600 vn\u011bj\u0161\u00ed,s n\u00e1pln\u00ed 1000l\/h"}]},{"@type":"WebSite","@id":"https:\/\/shopatoa.com\/cz\/#website","url":"https:\/\/shopatoa.com\/cz\/","name":"SHOPATOA","description":"","publisher":{"@id":"https:\/\/shopatoa.com\/cz\/#organization"},"potentialAction":[{"@type":"SearchAction","target":{"@type":"EntryPoint","urlTemplate":"https:\/\/shopatoa.com\/cz\/?s={search_term_string}"},"query-input":{"@type":"PropertyValueSpecification","valueRequired":true,"valueName":"search_term_string"}}],"inLanguage":"cs"},{"@type":"Organization","@id":"https:\/\/shopatoa.com\/cz\/#organization","name":"SHOPATOA Digital s.r.o.","url":"https:\/\/shopatoa.com\/cz\/","logo":{"@type":"ImageObject","inLanguage":"cs","@id":"https:\/\/shopatoa.com\/cz\/#\/schema\/logo\/image\/","url":"https:\/\/storage.googleapis.com\/cz-shopatoa-img\/cz\/ebccf434-shopatoa_logo.png","contentUrl":"https:\/\/storage.googleapis.com\/cz-shopatoa-img\/cz\/ebccf434-shopatoa_logo.png","width":416,"height":63,"caption":"SHOPATOA Digital s.r.o."},"image":{"@id":"https:\/\/shopatoa.com\/cz\/#\/schema\/logo\/image\/"}}]}},"_links":{"self":[{"href":"https:\/\/shopatoa.com\/cz\/wp-json\/wp\/v2\/product\/246812","targetHints":{"allow":["GET"]}}],"collection":[{"href":"https:\/\/shopatoa.com\/cz\/wp-json\/wp\/v2\/product"}],"about":[{"href":"https:\/\/shopatoa.com\/cz\/wp-json\/wp\/v2\/types\/product"}],"replies":[{"embeddable":true,"href":"https:\/\/shopatoa.com\/cz\/wp-json\/wp\/v2\/comments?post=246812"}],"wp:featuredmedia":[{"embeddable":true,"href":"https:\/\/shopatoa.com\/cz\/wp-json\/wp\/v2\/media\/246813"}],"wp:attachment":[{"href":"https:\/\/shopatoa.com\/cz\/wp-json\/wp\/v2\/media?parent=246812"}],"wp:term":[{"taxonomy":"product_brand","embeddable":true,"href":"https:\/\/shopatoa.com\/cz\/wp-json\/wp\/v2\/product_brand?post=246812"},{"taxonomy":"product_cat","embeddable":true,"href":"https:\/\/shopatoa.com\/cz\/wp-json\/wp\/v2\/product_cat?post=246812"},{"taxonomy":"product_tag","embeddable":true,"href":"https:\/\/shopatoa.com\/cz\/wp-json\/wp\/v2\/product_tag?post=246812"}],"curies":[{"name":"wp","href":"https:\/\/api.w.org\/{rel}","templated":true}]}}