{"id":246820,"date":"2025-04-02T21:26:42","date_gmt":"2025-04-02T19:26:42","guid":{"rendered":"https:\/\/shopatoa.com\/cz\/?post_type=product&#038;p=246820"},"modified":"2026-02-02T03:17:58","modified_gmt":"2026-02-02T02:17:58","slug":"filtr-eheim-experience-150-vnejsis-naplni-500l-h","status":"publish","type":"product","link":"https:\/\/shopatoa.com\/cz\/filtr-eheim-experience-150-vnejsis-naplni-500l-h\/","title":{"rendered":"Filtr EHEIM Experience 150 vn\u011bj\u0161\u00ed,s n\u00e1pln\u00ed 500l\/h"},"content":{"rendered":"<p>Generace filtr\u016f EHEIM eXperience je p\u0159\u00edkladem nov\u00e1torsk\u00e9 techniky, maxim\u00e1ln\u00ed \u00fa\u010dinnosti a mno\u017estv\u00ed d\u016fsledn\u011b promy\u0161len\u00fdch podrobnost\u00ed. Vn\u011bj\u0161\u00ed filtry Eheim eXperience nab\u00edzej\u00ed optim\u00e1ln\u00ed funkci pro jak\u00e9koliv akvaristick\u00e9 n\u00e1roky. Jedn\u00e1 se o z\u00e1kladn\u00ed model s velk\u00fdm filtra\u010dn\u00edm objemem, odn\u00edmateln\u00fdm adapterem hadic, integrovan\u00fdmi uzav\u00edrac\u00edmi kohouty, pojistkou hadic, uzav\u00edrac\u00edm dr\u017eadlem a vyj\u00edmateln\u00fdmi filtra\u010dn\u00edmi n\u00e1pln\u011bmi pro pohodln\u00e9 pln\u011bn\u00ed a \u010di\u0161t\u011bn\u00ed.<\/p>\n<p>Jde o v\u00fdrobn\u00ed program vn\u011bj\u0161\u00edch filtr\u016f bezkonkuren\u010dn\u00ed kvality. Vylad\u011bn\u00e9 pro ka\u017ed\u00fd druh pou\u017eit\u00ed, prakticky dokonal\u00e9 a pohodln\u011b ovladateln\u00e9 za\u0159\u00edzen\u00ed.<\/p>\n<p>V\u0161echny vn\u011bj\u0161\u00ed filtry Eheim se na rozd\u00edl od konkurence vyzna\u010duj\u00ed vynikaj\u00edc\u00edm zpracov\u00e1n\u00edm, n\u00edzkou hlu\u010dnost\u00ed a spot\u0159ebou, velk\u00fdm filtra\u010dn\u00edm objemem a v\u00fdkonem. Filtr d\u00e1le disponuje velk\u00fdm vztlakem vody, co\u017e v\u00e1m umo\u017en\u00ed m\u00edt filtr ulo\u017een\u00fd pod akv\u00e1riem.<\/p>\n<p>Obsah balen\u00ed:<br \/>\nEHEIM vn\u011bj\u0161\u00ed filtr EXPERIENCE 150, 2x filtra\u010dn\u00ed vlo\u017eka a substr\u00e1t<\/p>\n<p>Technick\u00e1 data:<\/p>\n<p>\t\u00a0v\u00fdkon\u00a0 500 l\/h<br \/>\n\tv\u00fdtlak\u00a0 1,3 metru&#8230;<\/p>\n","protected":false},"excerpt":{"rendered":"<p>Generace filtr\u016f EHEIM eXperience je p\u0159\u00edkladem nov\u00e1torsk\u00e9 techniky, maxim\u00e1ln\u00ed \u00fa\u010dinnosti a mno\u017estv\u00ed d\u016fsledn\u011b promy\u0161len\u00fdch podrobnost\u00ed. Vn\u011bj\u0161\u00ed filtry Eheim eXperience nab\u00edzej\u00ed optim\u00e1ln\u00ed funkci pro jak\u00e9koliv akvaristick\u00e9 n\u00e1roky. Jedn\u00e1 se o z\u00e1kladn\u00ed model s velk\u00fdm filtra\u010dn\u00edm objemem, odn\u00edmateln\u00fdm adapterem hadic, integrovan\u00fdmi uzav\u00edrac\u00edmi kohouty, pojistkou hadic, uzav\u00edrac\u00edm dr\u017eadlem a vyj\u00edmateln\u00fdmi filtra\u010dn\u00edmi n\u00e1pln\u011bmi pro pohodln\u00e9 pln\u011bn\u00ed a \u010di\u0161t\u011bn\u00ed. Jde&#8230;<\/p>\n","protected":false},"featured_media":246821,"comment_status":"closed","ping_status":"open","template":"","meta":{"_acf_changed":false,"_kadence_starter_templates_imported_post":false,"_kad_post_transparent":"","_kad_post_title":"","_kad_post_layout":"","_kad_post_sidebar_id":"","_kad_post_content_style":"","_kad_post_vertical_padding":"","_kad_post_feature":"","_kad_post_feature_position":"","_kad_post_header":false,"_kad_post_footer":false,"_kad_post_classname":""},"product_brand":[2720],"product_cat":[2512,2511,2510,436],"product_tag":[],"class_list":{"0":"post-246820","1":"product","2":"type-product","3":"status-publish","4":"has-post-thumbnail","6":"product_brand-eheim","7":"product_cat-akvarijni-filtry","8":"product_cat-akvarijni-technika","9":"product_cat-akvaristika","10":"product_cat-chovatelske-potreby-2","11":"pa_obchod-superzoo-cz","13":"first","14":"instock","15":"product-type-external","16":"entry","17":"content-bg","18":"loop-entry"},"acf":[],"yoast_head":"<!-- This site is optimized with the Yoast SEO plugin v27.4 - https:\/\/yoast.com\/product\/yoast-seo-wordpress\/ -->\n<title>Filtr EHEIM Experience 150 vn\u011bj\u0161\u00ed,s n\u00e1pln\u00ed 500l\/h - SHOPATOA.COM<\/title>\n<meta name=\"robots\" content=\"index, follow, max-snippet:-1, max-image-preview:large, max-video-preview:-1\" \/>\n<link rel=\"canonical\" href=\"https:\/\/shopatoa.com\/cz\/filtr-eheim-experience-150-vnejsis-naplni-500l-h\/\" \/>\n<meta property=\"og:locale\" content=\"cs_CZ\" \/>\n<meta property=\"og:type\" content=\"article\" \/>\n<meta property=\"og:title\" content=\"Filtr EHEIM Experience 150 vn\u011bj\u0161\u00ed,s n\u00e1pln\u00ed 500l\/h - SHOPATOA.COM\" \/>\n<meta property=\"og:description\" content=\"Generace filtr\u016f EHEIM eXperience je p\u0159\u00edkladem nov\u00e1torsk\u00e9 techniky, maxim\u00e1ln\u00ed \u00fa\u010dinnosti a mno\u017estv\u00ed d\u016fsledn\u011b promy\u0161len\u00fdch podrobnost\u00ed. Vn\u011bj\u0161\u00ed filtry Eheim eXperience nab\u00edzej\u00ed optim\u00e1ln\u00ed funkci pro jak\u00e9koliv akvaristick\u00e9 n\u00e1roky. Jedn\u00e1 se o z\u00e1kladn\u00ed model s velk\u00fdm filtra\u010dn\u00edm objemem, odn\u00edmateln\u00fdm adapterem hadic, integrovan\u00fdmi uzav\u00edrac\u00edmi kohouty, pojistkou hadic, uzav\u00edrac\u00edm dr\u017eadlem a vyj\u00edmateln\u00fdmi filtra\u010dn\u00edmi n\u00e1pln\u011bmi pro pohodln\u00e9 pln\u011bn\u00ed a \u010di\u0161t\u011bn\u00ed. Jde...\" \/>\n<meta property=\"og:url\" content=\"https:\/\/shopatoa.com\/cz\/filtr-eheim-experience-150-vnejsis-naplni-500l-h\/\" \/>\n<meta property=\"og:site_name\" content=\"SHOPATOA\" \/>\n<meta property=\"article:modified_time\" content=\"2026-02-02T02:17:58+00:00\" \/>\n<meta property=\"og:image\" content=\"https:\/\/storage.googleapis.com\/cz-shopatoa-img\/cz\/27680b53-1_46356.jpg\" \/>\n\t<meta property=\"og:image:width\" content=\"600\" \/>\n\t<meta property=\"og:image:height\" content=\"600\" \/>\n\t<meta property=\"og:image:type\" content=\"image\/jpeg\" \/>\n<meta name=\"twitter:card\" content=\"summary_large_image\" \/>\n<meta name=\"twitter:label1\" content=\"Odhadovan\u00e1 doba \u010dten\u00ed\" \/>\n\t<meta name=\"twitter:data1\" content=\"1 minuta\" \/>\n<script type=\"application\/ld+json\" class=\"yoast-schema-graph\">{\"@context\":\"https:\\\/\\\/schema.org\",\"@graph\":[{\"@type\":\"WebPage\",\"@id\":\"https:\\\/\\\/shopatoa.com\\\/cz\\\/filtr-eheim-experience-150-vnejsis-naplni-500l-h\\\/\",\"url\":\"https:\\\/\\\/shopatoa.com\\\/cz\\\/filtr-eheim-experience-150-vnejsis-naplni-500l-h\\\/\",\"name\":\"Filtr EHEIM Experience 150 vn\u011bj\u0161\u00ed,s n\u00e1pln\u00ed 500l\\\/h - SHOPATOA.COM\",\"isPartOf\":{\"@id\":\"https:\\\/\\\/shopatoa.com\\\/cz\\\/#website\"},\"primaryImageOfPage\":{\"@id\":\"https:\\\/\\\/shopatoa.com\\\/cz\\\/filtr-eheim-experience-150-vnejsis-naplni-500l-h\\\/#primaryimage\"},\"image\":{\"@id\":\"https:\\\/\\\/shopatoa.com\\\/cz\\\/filtr-eheim-experience-150-vnejsis-naplni-500l-h\\\/#primaryimage\"},\"thumbnailUrl\":\"https:\\\/\\\/storage.googleapis.com\\\/cz-shopatoa-img\\\/cz\\\/27680b53-1_46356.jpg\",\"datePublished\":\"2025-04-02T19:26:42+00:00\",\"dateModified\":\"2026-02-02T02:17:58+00:00\",\"breadcrumb\":{\"@id\":\"https:\\\/\\\/shopatoa.com\\\/cz\\\/filtr-eheim-experience-150-vnejsis-naplni-500l-h\\\/#breadcrumb\"},\"inLanguage\":\"cs\",\"potentialAction\":[{\"@type\":\"ReadAction\",\"target\":[\"https:\\\/\\\/shopatoa.com\\\/cz\\\/filtr-eheim-experience-150-vnejsis-naplni-500l-h\\\/\"]}]},{\"@type\":\"ImageObject\",\"inLanguage\":\"cs\",\"@id\":\"https:\\\/\\\/shopatoa.com\\\/cz\\\/filtr-eheim-experience-150-vnejsis-naplni-500l-h\\\/#primaryimage\",\"url\":\"https:\\\/\\\/storage.googleapis.com\\\/cz-shopatoa-img\\\/cz\\\/27680b53-1_46356.jpg\",\"contentUrl\":\"https:\\\/\\\/storage.googleapis.com\\\/cz-shopatoa-img\\\/cz\\\/27680b53-1_46356.jpg\",\"width\":600,\"height\":600},{\"@type\":\"BreadcrumbList\",\"@id\":\"https:\\\/\\\/shopatoa.com\\\/cz\\\/filtr-eheim-experience-150-vnejsis-naplni-500l-h\\\/#breadcrumb\",\"itemListElement\":[{\"@type\":\"ListItem\",\"position\":1,\"name\":\"Dom\u016f\",\"item\":\"https:\\\/\\\/shopatoa.com\\\/cz\\\/\"},{\"@type\":\"ListItem\",\"position\":2,\"name\":\"Produkty\",\"item\":\"https:\\\/\\\/shopatoa.com\\\/cz\\\/shop\\\/\"},{\"@type\":\"ListItem\",\"position\":3,\"name\":\"Chovatelsk\u00e9 pot\u0159eby\",\"item\":\"https:\\\/\\\/shopatoa.com\\\/cz\\\/chovatelske-potreby-2\\\/\"},{\"@type\":\"ListItem\",\"position\":4,\"name\":\"Akvaristika\",\"item\":\"https:\\\/\\\/shopatoa.com\\\/cz\\\/akvaristika\\\/\"},{\"@type\":\"ListItem\",\"position\":5,\"name\":\"Akvarijn\u00ed technika\",\"item\":\"https:\\\/\\\/shopatoa.com\\\/cz\\\/akvarijni-technika\\\/\"},{\"@type\":\"ListItem\",\"position\":6,\"name\":\"Akvarijn\u00ed filtry\",\"item\":\"https:\\\/\\\/shopatoa.com\\\/cz\\\/akvarijni-filtry\\\/\"},{\"@type\":\"ListItem\",\"position\":7,\"name\":\"Filtr EHEIM Experience 150 vn\u011bj\u0161\u00ed,s n\u00e1pln\u00ed 500l\\\/h\"}]},{\"@type\":\"WebSite\",\"@id\":\"https:\\\/\\\/shopatoa.com\\\/cz\\\/#website\",\"url\":\"https:\\\/\\\/shopatoa.com\\\/cz\\\/\",\"name\":\"SHOPATOA\",\"description\":\"\",\"publisher\":{\"@id\":\"https:\\\/\\\/shopatoa.com\\\/cz\\\/#organization\"},\"potentialAction\":[{\"@type\":\"SearchAction\",\"target\":{\"@type\":\"EntryPoint\",\"urlTemplate\":\"https:\\\/\\\/shopatoa.com\\\/cz\\\/?s={search_term_string}\"},\"query-input\":{\"@type\":\"PropertyValueSpecification\",\"valueRequired\":true,\"valueName\":\"search_term_string\"}}],\"inLanguage\":\"cs\"},{\"@type\":\"Organization\",\"@id\":\"https:\\\/\\\/shopatoa.com\\\/cz\\\/#organization\",\"name\":\"SHOPATOA Digital s.r.o.\",\"url\":\"https:\\\/\\\/shopatoa.com\\\/cz\\\/\",\"logo\":{\"@type\":\"ImageObject\",\"inLanguage\":\"cs\",\"@id\":\"https:\\\/\\\/shopatoa.com\\\/cz\\\/#\\\/schema\\\/logo\\\/image\\\/\",\"url\":\"https:\\\/\\\/storage.googleapis.com\\\/cz-shopatoa-img\\\/cz\\\/ebccf434-shopatoa_logo.png\",\"contentUrl\":\"https:\\\/\\\/storage.googleapis.com\\\/cz-shopatoa-img\\\/cz\\\/ebccf434-shopatoa_logo.png\",\"width\":416,\"height\":63,\"caption\":\"SHOPATOA Digital s.r.o.\"},\"image\":{\"@id\":\"https:\\\/\\\/shopatoa.com\\\/cz\\\/#\\\/schema\\\/logo\\\/image\\\/\"}}]}<\/script>\n<!-- \/ Yoast SEO plugin. -->","yoast_head_json":{"title":"Filtr EHEIM Experience 150 vn\u011bj\u0161\u00ed,s n\u00e1pln\u00ed 500l\/h - SHOPATOA.COM","robots":{"index":"index","follow":"follow","max-snippet":"max-snippet:-1","max-image-preview":"max-image-preview:large","max-video-preview":"max-video-preview:-1"},"canonical":"https:\/\/shopatoa.com\/cz\/filtr-eheim-experience-150-vnejsis-naplni-500l-h\/","og_locale":"cs_CZ","og_type":"article","og_title":"Filtr EHEIM Experience 150 vn\u011bj\u0161\u00ed,s n\u00e1pln\u00ed 500l\/h - SHOPATOA.COM","og_description":"Generace filtr\u016f EHEIM eXperience je p\u0159\u00edkladem nov\u00e1torsk\u00e9 techniky, maxim\u00e1ln\u00ed \u00fa\u010dinnosti a mno\u017estv\u00ed d\u016fsledn\u011b promy\u0161len\u00fdch podrobnost\u00ed. Vn\u011bj\u0161\u00ed filtry Eheim eXperience nab\u00edzej\u00ed optim\u00e1ln\u00ed funkci pro jak\u00e9koliv akvaristick\u00e9 n\u00e1roky. Jedn\u00e1 se o z\u00e1kladn\u00ed model s velk\u00fdm filtra\u010dn\u00edm objemem, odn\u00edmateln\u00fdm adapterem hadic, integrovan\u00fdmi uzav\u00edrac\u00edmi kohouty, pojistkou hadic, uzav\u00edrac\u00edm dr\u017eadlem a vyj\u00edmateln\u00fdmi filtra\u010dn\u00edmi n\u00e1pln\u011bmi pro pohodln\u00e9 pln\u011bn\u00ed a \u010di\u0161t\u011bn\u00ed. Jde...","og_url":"https:\/\/shopatoa.com\/cz\/filtr-eheim-experience-150-vnejsis-naplni-500l-h\/","og_site_name":"SHOPATOA","article_modified_time":"2026-02-02T02:17:58+00:00","og_image":[{"width":600,"height":600,"url":"https:\/\/storage.googleapis.com\/cz-shopatoa-img\/cz\/27680b53-1_46356.jpg","type":"image\/jpeg"}],"twitter_card":"summary_large_image","twitter_misc":{"Odhadovan\u00e1 doba \u010dten\u00ed":"1 minuta"},"schema":{"@context":"https:\/\/schema.org","@graph":[{"@type":"WebPage","@id":"https:\/\/shopatoa.com\/cz\/filtr-eheim-experience-150-vnejsis-naplni-500l-h\/","url":"https:\/\/shopatoa.com\/cz\/filtr-eheim-experience-150-vnejsis-naplni-500l-h\/","name":"Filtr EHEIM Experience 150 vn\u011bj\u0161\u00ed,s n\u00e1pln\u00ed 500l\/h - SHOPATOA.COM","isPartOf":{"@id":"https:\/\/shopatoa.com\/cz\/#website"},"primaryImageOfPage":{"@id":"https:\/\/shopatoa.com\/cz\/filtr-eheim-experience-150-vnejsis-naplni-500l-h\/#primaryimage"},"image":{"@id":"https:\/\/shopatoa.com\/cz\/filtr-eheim-experience-150-vnejsis-naplni-500l-h\/#primaryimage"},"thumbnailUrl":"https:\/\/storage.googleapis.com\/cz-shopatoa-img\/cz\/27680b53-1_46356.jpg","datePublished":"2025-04-02T19:26:42+00:00","dateModified":"2026-02-02T02:17:58+00:00","breadcrumb":{"@id":"https:\/\/shopatoa.com\/cz\/filtr-eheim-experience-150-vnejsis-naplni-500l-h\/#breadcrumb"},"inLanguage":"cs","potentialAction":[{"@type":"ReadAction","target":["https:\/\/shopatoa.com\/cz\/filtr-eheim-experience-150-vnejsis-naplni-500l-h\/"]}]},{"@type":"ImageObject","inLanguage":"cs","@id":"https:\/\/shopatoa.com\/cz\/filtr-eheim-experience-150-vnejsis-naplni-500l-h\/#primaryimage","url":"https:\/\/storage.googleapis.com\/cz-shopatoa-img\/cz\/27680b53-1_46356.jpg","contentUrl":"https:\/\/storage.googleapis.com\/cz-shopatoa-img\/cz\/27680b53-1_46356.jpg","width":600,"height":600},{"@type":"BreadcrumbList","@id":"https:\/\/shopatoa.com\/cz\/filtr-eheim-experience-150-vnejsis-naplni-500l-h\/#breadcrumb","itemListElement":[{"@type":"ListItem","position":1,"name":"Dom\u016f","item":"https:\/\/shopatoa.com\/cz\/"},{"@type":"ListItem","position":2,"name":"Produkty","item":"https:\/\/shopatoa.com\/cz\/shop\/"},{"@type":"ListItem","position":3,"name":"Chovatelsk\u00e9 pot\u0159eby","item":"https:\/\/shopatoa.com\/cz\/chovatelske-potreby-2\/"},{"@type":"ListItem","position":4,"name":"Akvaristika","item":"https:\/\/shopatoa.com\/cz\/akvaristika\/"},{"@type":"ListItem","position":5,"name":"Akvarijn\u00ed technika","item":"https:\/\/shopatoa.com\/cz\/akvarijni-technika\/"},{"@type":"ListItem","position":6,"name":"Akvarijn\u00ed filtry","item":"https:\/\/shopatoa.com\/cz\/akvarijni-filtry\/"},{"@type":"ListItem","position":7,"name":"Filtr EHEIM Experience 150 vn\u011bj\u0161\u00ed,s n\u00e1pln\u00ed 500l\/h"}]},{"@type":"WebSite","@id":"https:\/\/shopatoa.com\/cz\/#website","url":"https:\/\/shopatoa.com\/cz\/","name":"SHOPATOA","description":"","publisher":{"@id":"https:\/\/shopatoa.com\/cz\/#organization"},"potentialAction":[{"@type":"SearchAction","target":{"@type":"EntryPoint","urlTemplate":"https:\/\/shopatoa.com\/cz\/?s={search_term_string}"},"query-input":{"@type":"PropertyValueSpecification","valueRequired":true,"valueName":"search_term_string"}}],"inLanguage":"cs"},{"@type":"Organization","@id":"https:\/\/shopatoa.com\/cz\/#organization","name":"SHOPATOA Digital s.r.o.","url":"https:\/\/shopatoa.com\/cz\/","logo":{"@type":"ImageObject","inLanguage":"cs","@id":"https:\/\/shopatoa.com\/cz\/#\/schema\/logo\/image\/","url":"https:\/\/storage.googleapis.com\/cz-shopatoa-img\/cz\/ebccf434-shopatoa_logo.png","contentUrl":"https:\/\/storage.googleapis.com\/cz-shopatoa-img\/cz\/ebccf434-shopatoa_logo.png","width":416,"height":63,"caption":"SHOPATOA Digital s.r.o."},"image":{"@id":"https:\/\/shopatoa.com\/cz\/#\/schema\/logo\/image\/"}}]}},"_links":{"self":[{"href":"https:\/\/shopatoa.com\/cz\/wp-json\/wp\/v2\/product\/246820","targetHints":{"allow":["GET"]}}],"collection":[{"href":"https:\/\/shopatoa.com\/cz\/wp-json\/wp\/v2\/product"}],"about":[{"href":"https:\/\/shopatoa.com\/cz\/wp-json\/wp\/v2\/types\/product"}],"replies":[{"embeddable":true,"href":"https:\/\/shopatoa.com\/cz\/wp-json\/wp\/v2\/comments?post=246820"}],"wp:featuredmedia":[{"embeddable":true,"href":"https:\/\/shopatoa.com\/cz\/wp-json\/wp\/v2\/media\/246821"}],"wp:attachment":[{"href":"https:\/\/shopatoa.com\/cz\/wp-json\/wp\/v2\/media?parent=246820"}],"wp:term":[{"taxonomy":"product_brand","embeddable":true,"href":"https:\/\/shopatoa.com\/cz\/wp-json\/wp\/v2\/product_brand?post=246820"},{"taxonomy":"product_cat","embeddable":true,"href":"https:\/\/shopatoa.com\/cz\/wp-json\/wp\/v2\/product_cat?post=246820"},{"taxonomy":"product_tag","embeddable":true,"href":"https:\/\/shopatoa.com\/cz\/wp-json\/wp\/v2\/product_tag?post=246820"}],"curies":[{"name":"wp","href":"https:\/\/api.w.org\/{rel}","templated":true}]}}