{"id":246882,"date":"2025-04-02T21:40:02","date_gmt":"2025-04-02T19:40:02","guid":{"rendered":"https:\/\/shopatoa.com\/cz\/?post_type=product&#038;p=246882"},"modified":"2026-01-31T19:52:12","modified_gmt":"2026-01-31T18:52:12","slug":"topitko-eheim-thermopreset-200w300-400l","status":"publish","type":"product","link":"https:\/\/shopatoa.com\/cz\/topitko-eheim-thermopreset-200w300-400l\/","title":{"rendered":"Top\u00edtko EHEIM Thermopreset 200W,300-400l"},"content":{"rendered":"<p>Pro akv\u00e1ria od 300 do 400l vody.<\/p>\n<p>Top\u00edtko EHEIM Thermopreset se li\u0161\u00ed od top\u00edtka EHEIM Thermocontrol dodate\u010dnou ochranou z plastu, kter\u00e1 zaji\u0161\u0165uje vysokou mechanickou stabilitu.\u00a0 Jako obvykle jsou top\u00edtka EHEIM vybaveny LED kontrolkou pro kontrolu funkce oh\u0159evu a ochranou proti chodu za sucha. V\u00fdhody tepeln\u00e9ho vyt\u00e1p\u011bn\u00ed EHEIM:<\/p>\n<p>\tVysok\u00e1 u\u017eivatelsk\u00e1 p\u0159\u00edv\u011btivost d\u00edky p\u0159ednastaven\u00e9 teplot\u011b<br \/>\n\tKv\u016fli kr\u00e1tk\u00fdm d\u00e9lk\u00e1m top\u00edtka, jsou pou\u017eiteln\u00e9 v mal\u00fdch akv\u00e1ri\u00edch<br \/>\n\tVelmi \u00fazk\u00fd pr\u016fm\u011br je m\u00e9n\u011b viditeln\u00fd v akv\u00e1riu<br \/>\n\tOchrana z plastu zaji\u0161\u0165uje vysokou mechanickou stabilitu\u00a0<br \/>\n\tVysok\u00e1 p\u0159esnost teploty d\u00edky elektronick\u00e9mu ovl\u00e1d\u00e1n\u00ed<br \/>\n\tRovnom\u011brn\u00e9 rozlo\u017een\u00ed tepla d\u00edky vysoce \u00fa\u010dinn\u00e9mu topn\u00e9mu prvku<br \/>\n\tS ochranou proti chodu za sucha<br \/>\n\tKontroln\u00ed sv\u011btlo indikuje funkci vyt\u00e1p\u011bn\u00ed<br \/>\n\tFixace pomoc\u00ed p\u0159ilo\u017een\u00fdch p\u0159\u00edsavek<br \/>\n\tVhodn\u00e9 pro sladkovodn\u00ed a mo\u0159sk\u00e9 akv\u00e1ria<\/p>\n<p>Technick\u00e9 \u00fadaje:<\/p>\n<p>\tMin. teplota 25\u00b0C<br \/>\n\tMax. teplota 25\u00b0C<br \/>\n\tV\u00fdkon 200W<br \/>\n\tV\u00fd\u0161ka 253,5mm<br \/>\n\tPr\u016fm\u011br 28,2mm<\/p>\n","protected":false},"excerpt":{"rendered":"<p>Pro akv\u00e1ria od 300 do 400l vody. Top\u00edtko EHEIM Thermopreset se li\u0161\u00ed od top\u00edtka EHEIM Thermocontrol dodate\u010dnou ochranou z plastu, kter\u00e1 zaji\u0161\u0165uje vysokou mechanickou stabilitu.\u00a0 Jako obvykle jsou top\u00edtka EHEIM vybaveny LED kontrolkou pro kontrolu funkce oh\u0159evu a ochranou proti chodu za sucha. V\u00fdhody tepeln\u00e9ho vyt\u00e1p\u011bn\u00ed EHEIM: Vysok\u00e1 u\u017eivatelsk\u00e1 p\u0159\u00edv\u011btivost d\u00edky p\u0159ednastaven\u00e9 teplot\u011b Kv\u016fli kr\u00e1tk\u00fdm&#8230;<\/p>\n","protected":false},"featured_media":246883,"comment_status":"closed","ping_status":"open","template":"","meta":{"_acf_changed":false,"_kadence_starter_templates_imported_post":false,"_kad_post_transparent":"","_kad_post_title":"","_kad_post_layout":"","_kad_post_sidebar_id":"","_kad_post_content_style":"","_kad_post_vertical_padding":"","_kad_post_feature":"","_kad_post_feature_position":"","_kad_post_header":false,"_kad_post_footer":false,"_kad_post_classname":""},"product_brand":[2720],"product_cat":[2511,2521,2510,436],"product_tag":[],"class_list":{"0":"post-246882","1":"product","2":"type-product","3":"status-publish","4":"has-post-thumbnail","6":"product_brand-eheim","7":"product_cat-akvarijni-technika","8":"product_cat-akvarijni-topitka","9":"product_cat-akvaristika","10":"product_cat-chovatelske-potreby-2","11":"pa_obchod-superzoo-cz","13":"first","14":"instock","15":"product-type-external","16":"entry","17":"content-bg","18":"loop-entry"},"acf":[],"yoast_head":"<!-- This site is optimized with the Yoast SEO plugin v27.4 - https:\/\/yoast.com\/product\/yoast-seo-wordpress\/ -->\n<title>Top\u00edtko EHEIM Thermopreset 200W,300-400l - SHOPATOA.COM<\/title>\n<meta name=\"robots\" content=\"index, follow, max-snippet:-1, max-image-preview:large, max-video-preview:-1\" \/>\n<link rel=\"canonical\" href=\"https:\/\/shopatoa.com\/cz\/topitko-eheim-thermopreset-200w300-400l\/\" \/>\n<meta property=\"og:locale\" content=\"cs_CZ\" \/>\n<meta property=\"og:type\" content=\"article\" \/>\n<meta property=\"og:title\" content=\"Top\u00edtko EHEIM Thermopreset 200W,300-400l - SHOPATOA.COM\" \/>\n<meta property=\"og:description\" content=\"Pro akv\u00e1ria od 300 do 400l vody. Top\u00edtko EHEIM Thermopreset se li\u0161\u00ed od top\u00edtka EHEIM Thermocontrol dodate\u010dnou ochranou z plastu, kter\u00e1 zaji\u0161\u0165uje vysokou mechanickou stabilitu.\u00a0 Jako obvykle jsou top\u00edtka EHEIM vybaveny LED kontrolkou pro kontrolu funkce oh\u0159evu a ochranou proti chodu za sucha. V\u00fdhody tepeln\u00e9ho vyt\u00e1p\u011bn\u00ed EHEIM: Vysok\u00e1 u\u017eivatelsk\u00e1 p\u0159\u00edv\u011btivost d\u00edky p\u0159ednastaven\u00e9 teplot\u011b Kv\u016fli kr\u00e1tk\u00fdm...\" \/>\n<meta property=\"og:url\" content=\"https:\/\/shopatoa.com\/cz\/topitko-eheim-thermopreset-200w300-400l\/\" \/>\n<meta property=\"og:site_name\" content=\"SHOPATOA\" \/>\n<meta property=\"article:modified_time\" content=\"2026-01-31T18:52:12+00:00\" \/>\n<meta property=\"og:image\" content=\"https:\/\/storage.googleapis.com\/cz-shopatoa-img\/cz\/ae9f062f-1_46426.jpg\" \/>\n\t<meta property=\"og:image:width\" content=\"600\" \/>\n\t<meta property=\"og:image:height\" content=\"600\" \/>\n\t<meta property=\"og:image:type\" content=\"image\/jpeg\" \/>\n<meta name=\"twitter:card\" content=\"summary_large_image\" \/>\n<meta name=\"twitter:label1\" content=\"Odhadovan\u00e1 doba \u010dten\u00ed\" \/>\n\t<meta name=\"twitter:data1\" content=\"1 minuta\" \/>\n<script type=\"application\/ld+json\" class=\"yoast-schema-graph\">{\"@context\":\"https:\\\/\\\/schema.org\",\"@graph\":[{\"@type\":\"WebPage\",\"@id\":\"https:\\\/\\\/shopatoa.com\\\/cz\\\/topitko-eheim-thermopreset-200w300-400l\\\/\",\"url\":\"https:\\\/\\\/shopatoa.com\\\/cz\\\/topitko-eheim-thermopreset-200w300-400l\\\/\",\"name\":\"Top\u00edtko EHEIM Thermopreset 200W,300-400l - SHOPATOA.COM\",\"isPartOf\":{\"@id\":\"https:\\\/\\\/shopatoa.com\\\/cz\\\/#website\"},\"primaryImageOfPage\":{\"@id\":\"https:\\\/\\\/shopatoa.com\\\/cz\\\/topitko-eheim-thermopreset-200w300-400l\\\/#primaryimage\"},\"image\":{\"@id\":\"https:\\\/\\\/shopatoa.com\\\/cz\\\/topitko-eheim-thermopreset-200w300-400l\\\/#primaryimage\"},\"thumbnailUrl\":\"https:\\\/\\\/storage.googleapis.com\\\/cz-shopatoa-img\\\/cz\\\/ae9f062f-1_46426.jpg\",\"datePublished\":\"2025-04-02T19:40:02+00:00\",\"dateModified\":\"2026-01-31T18:52:12+00:00\",\"breadcrumb\":{\"@id\":\"https:\\\/\\\/shopatoa.com\\\/cz\\\/topitko-eheim-thermopreset-200w300-400l\\\/#breadcrumb\"},\"inLanguage\":\"cs\",\"potentialAction\":[{\"@type\":\"ReadAction\",\"target\":[\"https:\\\/\\\/shopatoa.com\\\/cz\\\/topitko-eheim-thermopreset-200w300-400l\\\/\"]}]},{\"@type\":\"ImageObject\",\"inLanguage\":\"cs\",\"@id\":\"https:\\\/\\\/shopatoa.com\\\/cz\\\/topitko-eheim-thermopreset-200w300-400l\\\/#primaryimage\",\"url\":\"https:\\\/\\\/storage.googleapis.com\\\/cz-shopatoa-img\\\/cz\\\/ae9f062f-1_46426.jpg\",\"contentUrl\":\"https:\\\/\\\/storage.googleapis.com\\\/cz-shopatoa-img\\\/cz\\\/ae9f062f-1_46426.jpg\",\"width\":600,\"height\":600},{\"@type\":\"BreadcrumbList\",\"@id\":\"https:\\\/\\\/shopatoa.com\\\/cz\\\/topitko-eheim-thermopreset-200w300-400l\\\/#breadcrumb\",\"itemListElement\":[{\"@type\":\"ListItem\",\"position\":1,\"name\":\"Dom\u016f\",\"item\":\"https:\\\/\\\/shopatoa.com\\\/cz\\\/\"},{\"@type\":\"ListItem\",\"position\":2,\"name\":\"Produkty\",\"item\":\"https:\\\/\\\/shopatoa.com\\\/cz\\\/shop\\\/\"},{\"@type\":\"ListItem\",\"position\":3,\"name\":\"Chovatelsk\u00e9 pot\u0159eby\",\"item\":\"https:\\\/\\\/shopatoa.com\\\/cz\\\/chovatelske-potreby-2\\\/\"},{\"@type\":\"ListItem\",\"position\":4,\"name\":\"Akvaristika\",\"item\":\"https:\\\/\\\/shopatoa.com\\\/cz\\\/akvaristika\\\/\"},{\"@type\":\"ListItem\",\"position\":5,\"name\":\"Akvarijn\u00ed technika\",\"item\":\"https:\\\/\\\/shopatoa.com\\\/cz\\\/akvarijni-technika\\\/\"},{\"@type\":\"ListItem\",\"position\":6,\"name\":\"Akvarijn\u00ed top\u00edtka\",\"item\":\"https:\\\/\\\/shopatoa.com\\\/cz\\\/akvarijni-topitka\\\/\"},{\"@type\":\"ListItem\",\"position\":7,\"name\":\"Top\u00edtko EHEIM Thermopreset 200W,300-400l\"}]},{\"@type\":\"WebSite\",\"@id\":\"https:\\\/\\\/shopatoa.com\\\/cz\\\/#website\",\"url\":\"https:\\\/\\\/shopatoa.com\\\/cz\\\/\",\"name\":\"SHOPATOA\",\"description\":\"\",\"publisher\":{\"@id\":\"https:\\\/\\\/shopatoa.com\\\/cz\\\/#organization\"},\"potentialAction\":[{\"@type\":\"SearchAction\",\"target\":{\"@type\":\"EntryPoint\",\"urlTemplate\":\"https:\\\/\\\/shopatoa.com\\\/cz\\\/?s={search_term_string}\"},\"query-input\":{\"@type\":\"PropertyValueSpecification\",\"valueRequired\":true,\"valueName\":\"search_term_string\"}}],\"inLanguage\":\"cs\"},{\"@type\":\"Organization\",\"@id\":\"https:\\\/\\\/shopatoa.com\\\/cz\\\/#organization\",\"name\":\"SHOPATOA Digital s.r.o.\",\"url\":\"https:\\\/\\\/shopatoa.com\\\/cz\\\/\",\"logo\":{\"@type\":\"ImageObject\",\"inLanguage\":\"cs\",\"@id\":\"https:\\\/\\\/shopatoa.com\\\/cz\\\/#\\\/schema\\\/logo\\\/image\\\/\",\"url\":\"https:\\\/\\\/storage.googleapis.com\\\/cz-shopatoa-img\\\/cz\\\/ebccf434-shopatoa_logo.png\",\"contentUrl\":\"https:\\\/\\\/storage.googleapis.com\\\/cz-shopatoa-img\\\/cz\\\/ebccf434-shopatoa_logo.png\",\"width\":416,\"height\":63,\"caption\":\"SHOPATOA Digital s.r.o.\"},\"image\":{\"@id\":\"https:\\\/\\\/shopatoa.com\\\/cz\\\/#\\\/schema\\\/logo\\\/image\\\/\"}}]}<\/script>\n<!-- \/ Yoast SEO plugin. -->","yoast_head_json":{"title":"Top\u00edtko EHEIM Thermopreset 200W,300-400l - SHOPATOA.COM","robots":{"index":"index","follow":"follow","max-snippet":"max-snippet:-1","max-image-preview":"max-image-preview:large","max-video-preview":"max-video-preview:-1"},"canonical":"https:\/\/shopatoa.com\/cz\/topitko-eheim-thermopreset-200w300-400l\/","og_locale":"cs_CZ","og_type":"article","og_title":"Top\u00edtko EHEIM Thermopreset 200W,300-400l - SHOPATOA.COM","og_description":"Pro akv\u00e1ria od 300 do 400l vody. Top\u00edtko EHEIM Thermopreset se li\u0161\u00ed od top\u00edtka EHEIM Thermocontrol dodate\u010dnou ochranou z plastu, kter\u00e1 zaji\u0161\u0165uje vysokou mechanickou stabilitu.\u00a0 Jako obvykle jsou top\u00edtka EHEIM vybaveny LED kontrolkou pro kontrolu funkce oh\u0159evu a ochranou proti chodu za sucha. V\u00fdhody tepeln\u00e9ho vyt\u00e1p\u011bn\u00ed EHEIM: Vysok\u00e1 u\u017eivatelsk\u00e1 p\u0159\u00edv\u011btivost d\u00edky p\u0159ednastaven\u00e9 teplot\u011b Kv\u016fli kr\u00e1tk\u00fdm...","og_url":"https:\/\/shopatoa.com\/cz\/topitko-eheim-thermopreset-200w300-400l\/","og_site_name":"SHOPATOA","article_modified_time":"2026-01-31T18:52:12+00:00","og_image":[{"width":600,"height":600,"url":"https:\/\/storage.googleapis.com\/cz-shopatoa-img\/cz\/ae9f062f-1_46426.jpg","type":"image\/jpeg"}],"twitter_card":"summary_large_image","twitter_misc":{"Odhadovan\u00e1 doba \u010dten\u00ed":"1 minuta"},"schema":{"@context":"https:\/\/schema.org","@graph":[{"@type":"WebPage","@id":"https:\/\/shopatoa.com\/cz\/topitko-eheim-thermopreset-200w300-400l\/","url":"https:\/\/shopatoa.com\/cz\/topitko-eheim-thermopreset-200w300-400l\/","name":"Top\u00edtko EHEIM Thermopreset 200W,300-400l - SHOPATOA.COM","isPartOf":{"@id":"https:\/\/shopatoa.com\/cz\/#website"},"primaryImageOfPage":{"@id":"https:\/\/shopatoa.com\/cz\/topitko-eheim-thermopreset-200w300-400l\/#primaryimage"},"image":{"@id":"https:\/\/shopatoa.com\/cz\/topitko-eheim-thermopreset-200w300-400l\/#primaryimage"},"thumbnailUrl":"https:\/\/storage.googleapis.com\/cz-shopatoa-img\/cz\/ae9f062f-1_46426.jpg","datePublished":"2025-04-02T19:40:02+00:00","dateModified":"2026-01-31T18:52:12+00:00","breadcrumb":{"@id":"https:\/\/shopatoa.com\/cz\/topitko-eheim-thermopreset-200w300-400l\/#breadcrumb"},"inLanguage":"cs","potentialAction":[{"@type":"ReadAction","target":["https:\/\/shopatoa.com\/cz\/topitko-eheim-thermopreset-200w300-400l\/"]}]},{"@type":"ImageObject","inLanguage":"cs","@id":"https:\/\/shopatoa.com\/cz\/topitko-eheim-thermopreset-200w300-400l\/#primaryimage","url":"https:\/\/storage.googleapis.com\/cz-shopatoa-img\/cz\/ae9f062f-1_46426.jpg","contentUrl":"https:\/\/storage.googleapis.com\/cz-shopatoa-img\/cz\/ae9f062f-1_46426.jpg","width":600,"height":600},{"@type":"BreadcrumbList","@id":"https:\/\/shopatoa.com\/cz\/topitko-eheim-thermopreset-200w300-400l\/#breadcrumb","itemListElement":[{"@type":"ListItem","position":1,"name":"Dom\u016f","item":"https:\/\/shopatoa.com\/cz\/"},{"@type":"ListItem","position":2,"name":"Produkty","item":"https:\/\/shopatoa.com\/cz\/shop\/"},{"@type":"ListItem","position":3,"name":"Chovatelsk\u00e9 pot\u0159eby","item":"https:\/\/shopatoa.com\/cz\/chovatelske-potreby-2\/"},{"@type":"ListItem","position":4,"name":"Akvaristika","item":"https:\/\/shopatoa.com\/cz\/akvaristika\/"},{"@type":"ListItem","position":5,"name":"Akvarijn\u00ed technika","item":"https:\/\/shopatoa.com\/cz\/akvarijni-technika\/"},{"@type":"ListItem","position":6,"name":"Akvarijn\u00ed top\u00edtka","item":"https:\/\/shopatoa.com\/cz\/akvarijni-topitka\/"},{"@type":"ListItem","position":7,"name":"Top\u00edtko EHEIM Thermopreset 200W,300-400l"}]},{"@type":"WebSite","@id":"https:\/\/shopatoa.com\/cz\/#website","url":"https:\/\/shopatoa.com\/cz\/","name":"SHOPATOA","description":"","publisher":{"@id":"https:\/\/shopatoa.com\/cz\/#organization"},"potentialAction":[{"@type":"SearchAction","target":{"@type":"EntryPoint","urlTemplate":"https:\/\/shopatoa.com\/cz\/?s={search_term_string}"},"query-input":{"@type":"PropertyValueSpecification","valueRequired":true,"valueName":"search_term_string"}}],"inLanguage":"cs"},{"@type":"Organization","@id":"https:\/\/shopatoa.com\/cz\/#organization","name":"SHOPATOA Digital s.r.o.","url":"https:\/\/shopatoa.com\/cz\/","logo":{"@type":"ImageObject","inLanguage":"cs","@id":"https:\/\/shopatoa.com\/cz\/#\/schema\/logo\/image\/","url":"https:\/\/storage.googleapis.com\/cz-shopatoa-img\/cz\/ebccf434-shopatoa_logo.png","contentUrl":"https:\/\/storage.googleapis.com\/cz-shopatoa-img\/cz\/ebccf434-shopatoa_logo.png","width":416,"height":63,"caption":"SHOPATOA Digital s.r.o."},"image":{"@id":"https:\/\/shopatoa.com\/cz\/#\/schema\/logo\/image\/"}}]}},"_links":{"self":[{"href":"https:\/\/shopatoa.com\/cz\/wp-json\/wp\/v2\/product\/246882","targetHints":{"allow":["GET"]}}],"collection":[{"href":"https:\/\/shopatoa.com\/cz\/wp-json\/wp\/v2\/product"}],"about":[{"href":"https:\/\/shopatoa.com\/cz\/wp-json\/wp\/v2\/types\/product"}],"replies":[{"embeddable":true,"href":"https:\/\/shopatoa.com\/cz\/wp-json\/wp\/v2\/comments?post=246882"}],"wp:featuredmedia":[{"embeddable":true,"href":"https:\/\/shopatoa.com\/cz\/wp-json\/wp\/v2\/media\/246883"}],"wp:attachment":[{"href":"https:\/\/shopatoa.com\/cz\/wp-json\/wp\/v2\/media?parent=246882"}],"wp:term":[{"taxonomy":"product_brand","embeddable":true,"href":"https:\/\/shopatoa.com\/cz\/wp-json\/wp\/v2\/product_brand?post=246882"},{"taxonomy":"product_cat","embeddable":true,"href":"https:\/\/shopatoa.com\/cz\/wp-json\/wp\/v2\/product_cat?post=246882"},{"taxonomy":"product_tag","embeddable":true,"href":"https:\/\/shopatoa.com\/cz\/wp-json\/wp\/v2\/product_tag?post=246882"}],"curies":[{"name":"wp","href":"https:\/\/api.w.org\/{rel}","templated":true}]}}