{"id":246934,"date":"2025-04-02T21:47:05","date_gmt":"2025-04-02T19:47:05","guid":{"rendered":"https:\/\/shopatoa.com\/cz\/?post_type=product&#038;p=246934"},"modified":"2026-02-02T02:57:57","modified_gmt":"2026-02-02T01:57:57","slug":"napln-eheim-molitan-uhlikovy-experience-350-3ks","status":"publish","type":"product","link":"https:\/\/shopatoa.com\/cz\/napln-eheim-molitan-uhlikovy-experience-350-3ks\/","title":{"rendered":"N\u00e1pl\u0148 EHEIM molitan uhl\u00edkov\u00fd Experience 350 3ks"},"content":{"rendered":"<p>Pro filtr EHEIM Experience 350.<\/p>\n<p>Po kr\u00e1tk\u00e9 dob\u011b po vlo\u017een\u00ed m\u00e9dia do filtru zah\u00e1j\u00ed svou pr\u00e1ci \u010distic\u00ed bakterie. Kolonizuj\u00ed speci\u00e1ln\u011b strukturovanou p\u011bnu, ve kter\u00e9 intenzivn\u011b biologicky rozkl\u00e1daj\u00ed \u0161kodliv\u00e9 l\u00e1tky. Filtra\u010dn\u00ed m\u00e9dia jsou opakovan\u011b pou\u017eiteln\u00e9. \u010ci\u0161t\u011bn\u00ed je jednoduch\u00e9. Sta\u010d\u00ed je proudem vody a ma\u010dk\u00e1n\u00edm propl\u00e1chnout tak, aby bakteri\u00e1ln\u00ed kultury nebyly zcela zni\u010deny.<\/p>\n<p>\tPor\u00e9zn\u00ed materi\u00e1l zachycuje velk\u00e9 a mal\u00e9 \u010d\u00e1stice ne\u010distot<br \/>\n\tDobr\u00e9 koloniza\u010dn\u00ed podm\u00ednky pro bakteri\u00e1ln\u00ed kultury<br \/>\n\t\u0160\u00ed\u0159ka 20,5 cm.<br \/>\n\tV\u00fd\u0161ka 20,5 cm.<br \/>\n\tHloubka 4 cm.<\/p>\n","protected":false},"excerpt":{"rendered":"<p>Pro filtr EHEIM Experience 350. Po kr\u00e1tk\u00e9 dob\u011b po vlo\u017een\u00ed m\u00e9dia do filtru zah\u00e1j\u00ed svou pr\u00e1ci \u010distic\u00ed bakterie. Kolonizuj\u00ed speci\u00e1ln\u011b strukturovanou p\u011bnu, ve kter\u00e9 intenzivn\u011b biologicky rozkl\u00e1daj\u00ed \u0161kodliv\u00e9 l\u00e1tky. Filtra\u010dn\u00ed m\u00e9dia jsou opakovan\u011b pou\u017eiteln\u00e9. \u010ci\u0161t\u011bn\u00ed je jednoduch\u00e9. Sta\u010d\u00ed je proudem vody a ma\u010dk\u00e1n\u00edm propl\u00e1chnout tak, aby bakteri\u00e1ln\u00ed kultury nebyly zcela zni\u010deny. Por\u00e9zn\u00ed materi\u00e1l zachycuje velk\u00e9&#8230;<\/p>\n","protected":false},"featured_media":246935,"comment_status":"closed","ping_status":"open","template":"","meta":{"_acf_changed":false,"_kadence_starter_templates_imported_post":false,"_kad_post_transparent":"","_kad_post_title":"","_kad_post_layout":"","_kad_post_sidebar_id":"","_kad_post_content_style":"","_kad_post_vertical_padding":"","_kad_post_feature":"","_kad_post_feature_position":"","_kad_post_header":false,"_kad_post_footer":false,"_kad_post_classname":""},"product_brand":[2720],"product_cat":[2512,2511,2510,436],"product_tag":[],"class_list":{"0":"post-246934","1":"product","2":"type-product","3":"status-publish","4":"has-post-thumbnail","6":"product_brand-eheim","7":"product_cat-akvarijni-filtry","8":"product_cat-akvarijni-technika","9":"product_cat-akvaristika","10":"product_cat-chovatelske-potreby-2","11":"pa_obchod-superzoo-cz","13":"first","14":"instock","15":"product-type-external","16":"entry","17":"content-bg","18":"loop-entry"},"acf":[],"yoast_head":"<!-- This site is optimized with the Yoast SEO plugin v27.4 - https:\/\/yoast.com\/product\/yoast-seo-wordpress\/ -->\n<title>N\u00e1pl\u0148 EHEIM molitan uhl\u00edkov\u00fd Experience 350 3ks - SHOPATOA.COM<\/title>\n<meta name=\"robots\" content=\"index, follow, max-snippet:-1, max-image-preview:large, max-video-preview:-1\" \/>\n<link rel=\"canonical\" href=\"https:\/\/shopatoa.com\/cz\/napln-eheim-molitan-uhlikovy-experience-350-3ks\/\" \/>\n<meta property=\"og:locale\" content=\"cs_CZ\" \/>\n<meta property=\"og:type\" content=\"article\" \/>\n<meta property=\"og:title\" content=\"N\u00e1pl\u0148 EHEIM molitan uhl\u00edkov\u00fd Experience 350 3ks - SHOPATOA.COM\" \/>\n<meta property=\"og:description\" content=\"Pro filtr EHEIM Experience 350. Po kr\u00e1tk\u00e9 dob\u011b po vlo\u017een\u00ed m\u00e9dia do filtru zah\u00e1j\u00ed svou pr\u00e1ci \u010distic\u00ed bakterie. Kolonizuj\u00ed speci\u00e1ln\u011b strukturovanou p\u011bnu, ve kter\u00e9 intenzivn\u011b biologicky rozkl\u00e1daj\u00ed \u0161kodliv\u00e9 l\u00e1tky. Filtra\u010dn\u00ed m\u00e9dia jsou opakovan\u011b pou\u017eiteln\u00e9. \u010ci\u0161t\u011bn\u00ed je jednoduch\u00e9. Sta\u010d\u00ed je proudem vody a ma\u010dk\u00e1n\u00edm propl\u00e1chnout tak, aby bakteri\u00e1ln\u00ed kultury nebyly zcela zni\u010deny. Por\u00e9zn\u00ed materi\u00e1l zachycuje velk\u00e9...\" \/>\n<meta property=\"og:url\" content=\"https:\/\/shopatoa.com\/cz\/napln-eheim-molitan-uhlikovy-experience-350-3ks\/\" \/>\n<meta property=\"og:site_name\" content=\"SHOPATOA\" \/>\n<meta property=\"article:modified_time\" content=\"2026-02-02T01:57:57+00:00\" \/>\n<meta property=\"og:image\" content=\"https:\/\/storage.googleapis.com\/cz-shopatoa-img\/cz\/fd32248e-1_46788.jpg\" \/>\n\t<meta property=\"og:image:width\" content=\"600\" \/>\n\t<meta property=\"og:image:height\" content=\"600\" \/>\n\t<meta property=\"og:image:type\" content=\"image\/jpeg\" \/>\n<meta name=\"twitter:card\" content=\"summary_large_image\" \/>\n<script type=\"application\/ld+json\" class=\"yoast-schema-graph\">{\"@context\":\"https:\\\/\\\/schema.org\",\"@graph\":[{\"@type\":\"WebPage\",\"@id\":\"https:\\\/\\\/shopatoa.com\\\/cz\\\/napln-eheim-molitan-uhlikovy-experience-350-3ks\\\/\",\"url\":\"https:\\\/\\\/shopatoa.com\\\/cz\\\/napln-eheim-molitan-uhlikovy-experience-350-3ks\\\/\",\"name\":\"N\u00e1pl\u0148 EHEIM molitan uhl\u00edkov\u00fd Experience 350 3ks - SHOPATOA.COM\",\"isPartOf\":{\"@id\":\"https:\\\/\\\/shopatoa.com\\\/cz\\\/#website\"},\"primaryImageOfPage\":{\"@id\":\"https:\\\/\\\/shopatoa.com\\\/cz\\\/napln-eheim-molitan-uhlikovy-experience-350-3ks\\\/#primaryimage\"},\"image\":{\"@id\":\"https:\\\/\\\/shopatoa.com\\\/cz\\\/napln-eheim-molitan-uhlikovy-experience-350-3ks\\\/#primaryimage\"},\"thumbnailUrl\":\"https:\\\/\\\/storage.googleapis.com\\\/cz-shopatoa-img\\\/cz\\\/fd32248e-1_46788.jpg\",\"datePublished\":\"2025-04-02T19:47:05+00:00\",\"dateModified\":\"2026-02-02T01:57:57+00:00\",\"breadcrumb\":{\"@id\":\"https:\\\/\\\/shopatoa.com\\\/cz\\\/napln-eheim-molitan-uhlikovy-experience-350-3ks\\\/#breadcrumb\"},\"inLanguage\":\"cs\",\"potentialAction\":[{\"@type\":\"ReadAction\",\"target\":[\"https:\\\/\\\/shopatoa.com\\\/cz\\\/napln-eheim-molitan-uhlikovy-experience-350-3ks\\\/\"]}]},{\"@type\":\"ImageObject\",\"inLanguage\":\"cs\",\"@id\":\"https:\\\/\\\/shopatoa.com\\\/cz\\\/napln-eheim-molitan-uhlikovy-experience-350-3ks\\\/#primaryimage\",\"url\":\"https:\\\/\\\/storage.googleapis.com\\\/cz-shopatoa-img\\\/cz\\\/fd32248e-1_46788.jpg\",\"contentUrl\":\"https:\\\/\\\/storage.googleapis.com\\\/cz-shopatoa-img\\\/cz\\\/fd32248e-1_46788.jpg\",\"width\":600,\"height\":600},{\"@type\":\"BreadcrumbList\",\"@id\":\"https:\\\/\\\/shopatoa.com\\\/cz\\\/napln-eheim-molitan-uhlikovy-experience-350-3ks\\\/#breadcrumb\",\"itemListElement\":[{\"@type\":\"ListItem\",\"position\":1,\"name\":\"Dom\u016f\",\"item\":\"https:\\\/\\\/shopatoa.com\\\/cz\\\/\"},{\"@type\":\"ListItem\",\"position\":2,\"name\":\"Produkty\",\"item\":\"https:\\\/\\\/shopatoa.com\\\/cz\\\/shop\\\/\"},{\"@type\":\"ListItem\",\"position\":3,\"name\":\"Chovatelsk\u00e9 pot\u0159eby\",\"item\":\"https:\\\/\\\/shopatoa.com\\\/cz\\\/chovatelske-potreby-2\\\/\"},{\"@type\":\"ListItem\",\"position\":4,\"name\":\"Akvaristika\",\"item\":\"https:\\\/\\\/shopatoa.com\\\/cz\\\/akvaristika\\\/\"},{\"@type\":\"ListItem\",\"position\":5,\"name\":\"Akvarijn\u00ed technika\",\"item\":\"https:\\\/\\\/shopatoa.com\\\/cz\\\/akvarijni-technika\\\/\"},{\"@type\":\"ListItem\",\"position\":6,\"name\":\"Akvarijn\u00ed filtry\",\"item\":\"https:\\\/\\\/shopatoa.com\\\/cz\\\/akvarijni-filtry\\\/\"},{\"@type\":\"ListItem\",\"position\":7,\"name\":\"N\u00e1pl\u0148 EHEIM molitan uhl\u00edkov\u00fd Experience 350 3ks\"}]},{\"@type\":\"WebSite\",\"@id\":\"https:\\\/\\\/shopatoa.com\\\/cz\\\/#website\",\"url\":\"https:\\\/\\\/shopatoa.com\\\/cz\\\/\",\"name\":\"SHOPATOA\",\"description\":\"\",\"publisher\":{\"@id\":\"https:\\\/\\\/shopatoa.com\\\/cz\\\/#organization\"},\"potentialAction\":[{\"@type\":\"SearchAction\",\"target\":{\"@type\":\"EntryPoint\",\"urlTemplate\":\"https:\\\/\\\/shopatoa.com\\\/cz\\\/?s={search_term_string}\"},\"query-input\":{\"@type\":\"PropertyValueSpecification\",\"valueRequired\":true,\"valueName\":\"search_term_string\"}}],\"inLanguage\":\"cs\"},{\"@type\":\"Organization\",\"@id\":\"https:\\\/\\\/shopatoa.com\\\/cz\\\/#organization\",\"name\":\"SHOPATOA Digital s.r.o.\",\"url\":\"https:\\\/\\\/shopatoa.com\\\/cz\\\/\",\"logo\":{\"@type\":\"ImageObject\",\"inLanguage\":\"cs\",\"@id\":\"https:\\\/\\\/shopatoa.com\\\/cz\\\/#\\\/schema\\\/logo\\\/image\\\/\",\"url\":\"https:\\\/\\\/storage.googleapis.com\\\/cz-shopatoa-img\\\/cz\\\/ebccf434-shopatoa_logo.png\",\"contentUrl\":\"https:\\\/\\\/storage.googleapis.com\\\/cz-shopatoa-img\\\/cz\\\/ebccf434-shopatoa_logo.png\",\"width\":416,\"height\":63,\"caption\":\"SHOPATOA Digital s.r.o.\"},\"image\":{\"@id\":\"https:\\\/\\\/shopatoa.com\\\/cz\\\/#\\\/schema\\\/logo\\\/image\\\/\"}}]}<\/script>\n<!-- \/ Yoast SEO plugin. -->","yoast_head_json":{"title":"N\u00e1pl\u0148 EHEIM molitan uhl\u00edkov\u00fd Experience 350 3ks - SHOPATOA.COM","robots":{"index":"index","follow":"follow","max-snippet":"max-snippet:-1","max-image-preview":"max-image-preview:large","max-video-preview":"max-video-preview:-1"},"canonical":"https:\/\/shopatoa.com\/cz\/napln-eheim-molitan-uhlikovy-experience-350-3ks\/","og_locale":"cs_CZ","og_type":"article","og_title":"N\u00e1pl\u0148 EHEIM molitan uhl\u00edkov\u00fd Experience 350 3ks - SHOPATOA.COM","og_description":"Pro filtr EHEIM Experience 350. Po kr\u00e1tk\u00e9 dob\u011b po vlo\u017een\u00ed m\u00e9dia do filtru zah\u00e1j\u00ed svou pr\u00e1ci \u010distic\u00ed bakterie. Kolonizuj\u00ed speci\u00e1ln\u011b strukturovanou p\u011bnu, ve kter\u00e9 intenzivn\u011b biologicky rozkl\u00e1daj\u00ed \u0161kodliv\u00e9 l\u00e1tky. Filtra\u010dn\u00ed m\u00e9dia jsou opakovan\u011b pou\u017eiteln\u00e9. \u010ci\u0161t\u011bn\u00ed je jednoduch\u00e9. Sta\u010d\u00ed je proudem vody a ma\u010dk\u00e1n\u00edm propl\u00e1chnout tak, aby bakteri\u00e1ln\u00ed kultury nebyly zcela zni\u010deny. Por\u00e9zn\u00ed materi\u00e1l zachycuje velk\u00e9...","og_url":"https:\/\/shopatoa.com\/cz\/napln-eheim-molitan-uhlikovy-experience-350-3ks\/","og_site_name":"SHOPATOA","article_modified_time":"2026-02-02T01:57:57+00:00","og_image":[{"width":600,"height":600,"url":"https:\/\/storage.googleapis.com\/cz-shopatoa-img\/cz\/fd32248e-1_46788.jpg","type":"image\/jpeg"}],"twitter_card":"summary_large_image","schema":{"@context":"https:\/\/schema.org","@graph":[{"@type":"WebPage","@id":"https:\/\/shopatoa.com\/cz\/napln-eheim-molitan-uhlikovy-experience-350-3ks\/","url":"https:\/\/shopatoa.com\/cz\/napln-eheim-molitan-uhlikovy-experience-350-3ks\/","name":"N\u00e1pl\u0148 EHEIM molitan uhl\u00edkov\u00fd Experience 350 3ks - SHOPATOA.COM","isPartOf":{"@id":"https:\/\/shopatoa.com\/cz\/#website"},"primaryImageOfPage":{"@id":"https:\/\/shopatoa.com\/cz\/napln-eheim-molitan-uhlikovy-experience-350-3ks\/#primaryimage"},"image":{"@id":"https:\/\/shopatoa.com\/cz\/napln-eheim-molitan-uhlikovy-experience-350-3ks\/#primaryimage"},"thumbnailUrl":"https:\/\/storage.googleapis.com\/cz-shopatoa-img\/cz\/fd32248e-1_46788.jpg","datePublished":"2025-04-02T19:47:05+00:00","dateModified":"2026-02-02T01:57:57+00:00","breadcrumb":{"@id":"https:\/\/shopatoa.com\/cz\/napln-eheim-molitan-uhlikovy-experience-350-3ks\/#breadcrumb"},"inLanguage":"cs","potentialAction":[{"@type":"ReadAction","target":["https:\/\/shopatoa.com\/cz\/napln-eheim-molitan-uhlikovy-experience-350-3ks\/"]}]},{"@type":"ImageObject","inLanguage":"cs","@id":"https:\/\/shopatoa.com\/cz\/napln-eheim-molitan-uhlikovy-experience-350-3ks\/#primaryimage","url":"https:\/\/storage.googleapis.com\/cz-shopatoa-img\/cz\/fd32248e-1_46788.jpg","contentUrl":"https:\/\/storage.googleapis.com\/cz-shopatoa-img\/cz\/fd32248e-1_46788.jpg","width":600,"height":600},{"@type":"BreadcrumbList","@id":"https:\/\/shopatoa.com\/cz\/napln-eheim-molitan-uhlikovy-experience-350-3ks\/#breadcrumb","itemListElement":[{"@type":"ListItem","position":1,"name":"Dom\u016f","item":"https:\/\/shopatoa.com\/cz\/"},{"@type":"ListItem","position":2,"name":"Produkty","item":"https:\/\/shopatoa.com\/cz\/shop\/"},{"@type":"ListItem","position":3,"name":"Chovatelsk\u00e9 pot\u0159eby","item":"https:\/\/shopatoa.com\/cz\/chovatelske-potreby-2\/"},{"@type":"ListItem","position":4,"name":"Akvaristika","item":"https:\/\/shopatoa.com\/cz\/akvaristika\/"},{"@type":"ListItem","position":5,"name":"Akvarijn\u00ed technika","item":"https:\/\/shopatoa.com\/cz\/akvarijni-technika\/"},{"@type":"ListItem","position":6,"name":"Akvarijn\u00ed filtry","item":"https:\/\/shopatoa.com\/cz\/akvarijni-filtry\/"},{"@type":"ListItem","position":7,"name":"N\u00e1pl\u0148 EHEIM molitan uhl\u00edkov\u00fd Experience 350 3ks"}]},{"@type":"WebSite","@id":"https:\/\/shopatoa.com\/cz\/#website","url":"https:\/\/shopatoa.com\/cz\/","name":"SHOPATOA","description":"","publisher":{"@id":"https:\/\/shopatoa.com\/cz\/#organization"},"potentialAction":[{"@type":"SearchAction","target":{"@type":"EntryPoint","urlTemplate":"https:\/\/shopatoa.com\/cz\/?s={search_term_string}"},"query-input":{"@type":"PropertyValueSpecification","valueRequired":true,"valueName":"search_term_string"}}],"inLanguage":"cs"},{"@type":"Organization","@id":"https:\/\/shopatoa.com\/cz\/#organization","name":"SHOPATOA Digital s.r.o.","url":"https:\/\/shopatoa.com\/cz\/","logo":{"@type":"ImageObject","inLanguage":"cs","@id":"https:\/\/shopatoa.com\/cz\/#\/schema\/logo\/image\/","url":"https:\/\/storage.googleapis.com\/cz-shopatoa-img\/cz\/ebccf434-shopatoa_logo.png","contentUrl":"https:\/\/storage.googleapis.com\/cz-shopatoa-img\/cz\/ebccf434-shopatoa_logo.png","width":416,"height":63,"caption":"SHOPATOA Digital s.r.o."},"image":{"@id":"https:\/\/shopatoa.com\/cz\/#\/schema\/logo\/image\/"}}]}},"_links":{"self":[{"href":"https:\/\/shopatoa.com\/cz\/wp-json\/wp\/v2\/product\/246934","targetHints":{"allow":["GET"]}}],"collection":[{"href":"https:\/\/shopatoa.com\/cz\/wp-json\/wp\/v2\/product"}],"about":[{"href":"https:\/\/shopatoa.com\/cz\/wp-json\/wp\/v2\/types\/product"}],"replies":[{"embeddable":true,"href":"https:\/\/shopatoa.com\/cz\/wp-json\/wp\/v2\/comments?post=246934"}],"wp:featuredmedia":[{"embeddable":true,"href":"https:\/\/shopatoa.com\/cz\/wp-json\/wp\/v2\/media\/246935"}],"wp:attachment":[{"href":"https:\/\/shopatoa.com\/cz\/wp-json\/wp\/v2\/media?parent=246934"}],"wp:term":[{"taxonomy":"product_brand","embeddable":true,"href":"https:\/\/shopatoa.com\/cz\/wp-json\/wp\/v2\/product_brand?post=246934"},{"taxonomy":"product_cat","embeddable":true,"href":"https:\/\/shopatoa.com\/cz\/wp-json\/wp\/v2\/product_cat?post=246934"},{"taxonomy":"product_tag","embeddable":true,"href":"https:\/\/shopatoa.com\/cz\/wp-json\/wp\/v2\/product_tag?post=246934"}],"curies":[{"name":"wp","href":"https:\/\/api.w.org\/{rel}","templated":true}]}}