{"id":247014,"date":"2025-04-02T22:01:46","date_gmt":"2025-04-02T20:01:46","guid":{"rendered":"https:\/\/shopatoa.com\/cz\/?post_type=product&#038;p=247014"},"modified":"2026-02-02T02:50:29","modified_gmt":"2026-02-02T01:50:29","slug":"instalacni-set-eheim-2-12-16mm","status":"publish","type":"product","link":"https:\/\/shopatoa.com\/cz\/instalacni-set-eheim-2-12-16mm\/","title":{"rendered":"Instala\u010dn\u00ed set EHEIM 2 12\/16mm"},"content":{"rendered":"<p>Kompletn\u00ed set pro v\u00fdstup vody z filtru do akv\u00e1ria. Pro hadici o vnit\u0159n\u00edm pr\u016fm\u011bru 12 mm.<\/p>\n<p>\tSada pro p\u0159ipojen\u00ed v\u00fdstupu vody ze v\u0161ech extern\u00edch filtr\u016f.<br \/>\n\tS\u00a0touto sadou se m\u016f\u017eete rozhodnout, kudy bude voda proudit do akv\u00e1ria.<br \/>\n\tSnadn\u00e9 \u010di\u0161t\u011bn\u00ed hadice bez demont\u00e1\u017ee.<br \/>\n\tBezpe\u010dn\u00e9, trval\u00e9 p\u0159ipevn\u011bn\u00ed v n\u00e1dr\u017ei s p\u0159\u00edsavkami s kvalitou EHEIM.<\/p>\n","protected":false},"excerpt":{"rendered":"<p>Kompletn\u00ed set pro v\u00fdstup vody z filtru do akv\u00e1ria. Pro hadici o vnit\u0159n\u00edm pr\u016fm\u011bru 12 mm. Sada pro p\u0159ipojen\u00ed v\u00fdstupu vody ze v\u0161ech extern\u00edch filtr\u016f. S\u00a0touto sadou se m\u016f\u017eete rozhodnout, kudy bude voda proudit do akv\u00e1ria. Snadn\u00e9 \u010di\u0161t\u011bn\u00ed hadice bez demont\u00e1\u017ee. Bezpe\u010dn\u00e9, trval\u00e9 p\u0159ipevn\u011bn\u00ed v n\u00e1dr\u017ei s p\u0159\u00edsavkami s kvalitou EHEIM.<\/p>\n","protected":false},"featured_media":247015,"comment_status":"closed","ping_status":"open","template":"","meta":{"_acf_changed":false,"_kadence_starter_templates_imported_post":false,"_kad_post_transparent":"","_kad_post_title":"","_kad_post_layout":"","_kad_post_sidebar_id":"","_kad_post_content_style":"","_kad_post_vertical_padding":"","_kad_post_feature":"","_kad_post_feature_position":"","_kad_post_header":false,"_kad_post_footer":false,"_kad_post_classname":""},"product_brand":[2720],"product_cat":[2511,2510,436],"product_tag":[],"class_list":{"0":"post-247014","1":"product","2":"type-product","3":"status-publish","4":"has-post-thumbnail","6":"product_brand-eheim","7":"product_cat-akvarijni-technika","8":"product_cat-akvaristika","9":"product_cat-chovatelske-potreby-2","10":"pa_obchod-superzoo-cz","12":"first","13":"instock","14":"product-type-external","15":"entry","16":"content-bg","17":"loop-entry"},"acf":[],"yoast_head":"<!-- This site is optimized with the Yoast SEO plugin v27.4 - https:\/\/yoast.com\/product\/yoast-seo-wordpress\/ -->\n<title>Instala\u010dn\u00ed set EHEIM 2 12\/16mm - SHOPATOA.COM<\/title>\n<meta name=\"robots\" content=\"index, follow, max-snippet:-1, max-image-preview:large, max-video-preview:-1\" \/>\n<link rel=\"canonical\" href=\"https:\/\/shopatoa.com\/cz\/instalacni-set-eheim-2-12-16mm\/\" \/>\n<meta property=\"og:locale\" content=\"cs_CZ\" \/>\n<meta property=\"og:type\" content=\"article\" \/>\n<meta property=\"og:title\" content=\"Instala\u010dn\u00ed set EHEIM 2 12\/16mm - SHOPATOA.COM\" \/>\n<meta property=\"og:description\" content=\"Kompletn\u00ed set pro v\u00fdstup vody z filtru do akv\u00e1ria. Pro hadici o vnit\u0159n\u00edm pr\u016fm\u011bru 12 mm. Sada pro p\u0159ipojen\u00ed v\u00fdstupu vody ze v\u0161ech extern\u00edch filtr\u016f. S\u00a0touto sadou se m\u016f\u017eete rozhodnout, kudy bude voda proudit do akv\u00e1ria. Snadn\u00e9 \u010di\u0161t\u011bn\u00ed hadice bez demont\u00e1\u017ee. Bezpe\u010dn\u00e9, trval\u00e9 p\u0159ipevn\u011bn\u00ed v n\u00e1dr\u017ei s p\u0159\u00edsavkami s kvalitou EHEIM.\" \/>\n<meta property=\"og:url\" content=\"https:\/\/shopatoa.com\/cz\/instalacni-set-eheim-2-12-16mm\/\" \/>\n<meta property=\"og:site_name\" content=\"SHOPATOA\" \/>\n<meta property=\"article:modified_time\" content=\"2026-02-02T01:50:29+00:00\" \/>\n<meta property=\"og:image\" content=\"https:\/\/storage.googleapis.com\/cz-shopatoa-img\/cz\/2d8794da-1_65681.jpg\" \/>\n\t<meta property=\"og:image:width\" content=\"600\" \/>\n\t<meta property=\"og:image:height\" content=\"600\" \/>\n\t<meta property=\"og:image:type\" content=\"image\/jpeg\" \/>\n<meta name=\"twitter:card\" content=\"summary_large_image\" \/>\n<script type=\"application\/ld+json\" class=\"yoast-schema-graph\">{\"@context\":\"https:\\\/\\\/schema.org\",\"@graph\":[{\"@type\":\"WebPage\",\"@id\":\"https:\\\/\\\/shopatoa.com\\\/cz\\\/instalacni-set-eheim-2-12-16mm\\\/\",\"url\":\"https:\\\/\\\/shopatoa.com\\\/cz\\\/instalacni-set-eheim-2-12-16mm\\\/\",\"name\":\"Instala\u010dn\u00ed set EHEIM 2 12\\\/16mm - SHOPATOA.COM\",\"isPartOf\":{\"@id\":\"https:\\\/\\\/shopatoa.com\\\/cz\\\/#website\"},\"primaryImageOfPage\":{\"@id\":\"https:\\\/\\\/shopatoa.com\\\/cz\\\/instalacni-set-eheim-2-12-16mm\\\/#primaryimage\"},\"image\":{\"@id\":\"https:\\\/\\\/shopatoa.com\\\/cz\\\/instalacni-set-eheim-2-12-16mm\\\/#primaryimage\"},\"thumbnailUrl\":\"https:\\\/\\\/storage.googleapis.com\\\/cz-shopatoa-img\\\/cz\\\/2d8794da-1_65681.jpg\",\"datePublished\":\"2025-04-02T20:01:46+00:00\",\"dateModified\":\"2026-02-02T01:50:29+00:00\",\"breadcrumb\":{\"@id\":\"https:\\\/\\\/shopatoa.com\\\/cz\\\/instalacni-set-eheim-2-12-16mm\\\/#breadcrumb\"},\"inLanguage\":\"cs\",\"potentialAction\":[{\"@type\":\"ReadAction\",\"target\":[\"https:\\\/\\\/shopatoa.com\\\/cz\\\/instalacni-set-eheim-2-12-16mm\\\/\"]}]},{\"@type\":\"ImageObject\",\"inLanguage\":\"cs\",\"@id\":\"https:\\\/\\\/shopatoa.com\\\/cz\\\/instalacni-set-eheim-2-12-16mm\\\/#primaryimage\",\"url\":\"https:\\\/\\\/storage.googleapis.com\\\/cz-shopatoa-img\\\/cz\\\/2d8794da-1_65681.jpg\",\"contentUrl\":\"https:\\\/\\\/storage.googleapis.com\\\/cz-shopatoa-img\\\/cz\\\/2d8794da-1_65681.jpg\",\"width\":600,\"height\":600},{\"@type\":\"BreadcrumbList\",\"@id\":\"https:\\\/\\\/shopatoa.com\\\/cz\\\/instalacni-set-eheim-2-12-16mm\\\/#breadcrumb\",\"itemListElement\":[{\"@type\":\"ListItem\",\"position\":1,\"name\":\"Dom\u016f\",\"item\":\"https:\\\/\\\/shopatoa.com\\\/cz\\\/\"},{\"@type\":\"ListItem\",\"position\":2,\"name\":\"Produkty\",\"item\":\"https:\\\/\\\/shopatoa.com\\\/cz\\\/shop\\\/\"},{\"@type\":\"ListItem\",\"position\":3,\"name\":\"Chovatelsk\u00e9 pot\u0159eby\",\"item\":\"https:\\\/\\\/shopatoa.com\\\/cz\\\/chovatelske-potreby-2\\\/\"},{\"@type\":\"ListItem\",\"position\":4,\"name\":\"Akvaristika\",\"item\":\"https:\\\/\\\/shopatoa.com\\\/cz\\\/akvaristika\\\/\"},{\"@type\":\"ListItem\",\"position\":5,\"name\":\"Akvarijn\u00ed technika\",\"item\":\"https:\\\/\\\/shopatoa.com\\\/cz\\\/akvarijni-technika\\\/\"},{\"@type\":\"ListItem\",\"position\":6,\"name\":\"Instala\u010dn\u00ed set EHEIM 2 12\\\/16mm\"}]},{\"@type\":\"WebSite\",\"@id\":\"https:\\\/\\\/shopatoa.com\\\/cz\\\/#website\",\"url\":\"https:\\\/\\\/shopatoa.com\\\/cz\\\/\",\"name\":\"SHOPATOA\",\"description\":\"\",\"publisher\":{\"@id\":\"https:\\\/\\\/shopatoa.com\\\/cz\\\/#organization\"},\"potentialAction\":[{\"@type\":\"SearchAction\",\"target\":{\"@type\":\"EntryPoint\",\"urlTemplate\":\"https:\\\/\\\/shopatoa.com\\\/cz\\\/?s={search_term_string}\"},\"query-input\":{\"@type\":\"PropertyValueSpecification\",\"valueRequired\":true,\"valueName\":\"search_term_string\"}}],\"inLanguage\":\"cs\"},{\"@type\":\"Organization\",\"@id\":\"https:\\\/\\\/shopatoa.com\\\/cz\\\/#organization\",\"name\":\"SHOPATOA Digital s.r.o.\",\"url\":\"https:\\\/\\\/shopatoa.com\\\/cz\\\/\",\"logo\":{\"@type\":\"ImageObject\",\"inLanguage\":\"cs\",\"@id\":\"https:\\\/\\\/shopatoa.com\\\/cz\\\/#\\\/schema\\\/logo\\\/image\\\/\",\"url\":\"https:\\\/\\\/storage.googleapis.com\\\/cz-shopatoa-img\\\/cz\\\/ebccf434-shopatoa_logo.png\",\"contentUrl\":\"https:\\\/\\\/storage.googleapis.com\\\/cz-shopatoa-img\\\/cz\\\/ebccf434-shopatoa_logo.png\",\"width\":416,\"height\":63,\"caption\":\"SHOPATOA Digital s.r.o.\"},\"image\":{\"@id\":\"https:\\\/\\\/shopatoa.com\\\/cz\\\/#\\\/schema\\\/logo\\\/image\\\/\"}}]}<\/script>\n<!-- \/ Yoast SEO plugin. -->","yoast_head_json":{"title":"Instala\u010dn\u00ed set EHEIM 2 12\/16mm - SHOPATOA.COM","robots":{"index":"index","follow":"follow","max-snippet":"max-snippet:-1","max-image-preview":"max-image-preview:large","max-video-preview":"max-video-preview:-1"},"canonical":"https:\/\/shopatoa.com\/cz\/instalacni-set-eheim-2-12-16mm\/","og_locale":"cs_CZ","og_type":"article","og_title":"Instala\u010dn\u00ed set EHEIM 2 12\/16mm - SHOPATOA.COM","og_description":"Kompletn\u00ed set pro v\u00fdstup vody z filtru do akv\u00e1ria. Pro hadici o vnit\u0159n\u00edm pr\u016fm\u011bru 12 mm. Sada pro p\u0159ipojen\u00ed v\u00fdstupu vody ze v\u0161ech extern\u00edch filtr\u016f. S\u00a0touto sadou se m\u016f\u017eete rozhodnout, kudy bude voda proudit do akv\u00e1ria. Snadn\u00e9 \u010di\u0161t\u011bn\u00ed hadice bez demont\u00e1\u017ee. Bezpe\u010dn\u00e9, trval\u00e9 p\u0159ipevn\u011bn\u00ed v n\u00e1dr\u017ei s p\u0159\u00edsavkami s kvalitou EHEIM.","og_url":"https:\/\/shopatoa.com\/cz\/instalacni-set-eheim-2-12-16mm\/","og_site_name":"SHOPATOA","article_modified_time":"2026-02-02T01:50:29+00:00","og_image":[{"width":600,"height":600,"url":"https:\/\/storage.googleapis.com\/cz-shopatoa-img\/cz\/2d8794da-1_65681.jpg","type":"image\/jpeg"}],"twitter_card":"summary_large_image","schema":{"@context":"https:\/\/schema.org","@graph":[{"@type":"WebPage","@id":"https:\/\/shopatoa.com\/cz\/instalacni-set-eheim-2-12-16mm\/","url":"https:\/\/shopatoa.com\/cz\/instalacni-set-eheim-2-12-16mm\/","name":"Instala\u010dn\u00ed set EHEIM 2 12\/16mm - SHOPATOA.COM","isPartOf":{"@id":"https:\/\/shopatoa.com\/cz\/#website"},"primaryImageOfPage":{"@id":"https:\/\/shopatoa.com\/cz\/instalacni-set-eheim-2-12-16mm\/#primaryimage"},"image":{"@id":"https:\/\/shopatoa.com\/cz\/instalacni-set-eheim-2-12-16mm\/#primaryimage"},"thumbnailUrl":"https:\/\/storage.googleapis.com\/cz-shopatoa-img\/cz\/2d8794da-1_65681.jpg","datePublished":"2025-04-02T20:01:46+00:00","dateModified":"2026-02-02T01:50:29+00:00","breadcrumb":{"@id":"https:\/\/shopatoa.com\/cz\/instalacni-set-eheim-2-12-16mm\/#breadcrumb"},"inLanguage":"cs","potentialAction":[{"@type":"ReadAction","target":["https:\/\/shopatoa.com\/cz\/instalacni-set-eheim-2-12-16mm\/"]}]},{"@type":"ImageObject","inLanguage":"cs","@id":"https:\/\/shopatoa.com\/cz\/instalacni-set-eheim-2-12-16mm\/#primaryimage","url":"https:\/\/storage.googleapis.com\/cz-shopatoa-img\/cz\/2d8794da-1_65681.jpg","contentUrl":"https:\/\/storage.googleapis.com\/cz-shopatoa-img\/cz\/2d8794da-1_65681.jpg","width":600,"height":600},{"@type":"BreadcrumbList","@id":"https:\/\/shopatoa.com\/cz\/instalacni-set-eheim-2-12-16mm\/#breadcrumb","itemListElement":[{"@type":"ListItem","position":1,"name":"Dom\u016f","item":"https:\/\/shopatoa.com\/cz\/"},{"@type":"ListItem","position":2,"name":"Produkty","item":"https:\/\/shopatoa.com\/cz\/shop\/"},{"@type":"ListItem","position":3,"name":"Chovatelsk\u00e9 pot\u0159eby","item":"https:\/\/shopatoa.com\/cz\/chovatelske-potreby-2\/"},{"@type":"ListItem","position":4,"name":"Akvaristika","item":"https:\/\/shopatoa.com\/cz\/akvaristika\/"},{"@type":"ListItem","position":5,"name":"Akvarijn\u00ed technika","item":"https:\/\/shopatoa.com\/cz\/akvarijni-technika\/"},{"@type":"ListItem","position":6,"name":"Instala\u010dn\u00ed set EHEIM 2 12\/16mm"}]},{"@type":"WebSite","@id":"https:\/\/shopatoa.com\/cz\/#website","url":"https:\/\/shopatoa.com\/cz\/","name":"SHOPATOA","description":"","publisher":{"@id":"https:\/\/shopatoa.com\/cz\/#organization"},"potentialAction":[{"@type":"SearchAction","target":{"@type":"EntryPoint","urlTemplate":"https:\/\/shopatoa.com\/cz\/?s={search_term_string}"},"query-input":{"@type":"PropertyValueSpecification","valueRequired":true,"valueName":"search_term_string"}}],"inLanguage":"cs"},{"@type":"Organization","@id":"https:\/\/shopatoa.com\/cz\/#organization","name":"SHOPATOA Digital s.r.o.","url":"https:\/\/shopatoa.com\/cz\/","logo":{"@type":"ImageObject","inLanguage":"cs","@id":"https:\/\/shopatoa.com\/cz\/#\/schema\/logo\/image\/","url":"https:\/\/storage.googleapis.com\/cz-shopatoa-img\/cz\/ebccf434-shopatoa_logo.png","contentUrl":"https:\/\/storage.googleapis.com\/cz-shopatoa-img\/cz\/ebccf434-shopatoa_logo.png","width":416,"height":63,"caption":"SHOPATOA Digital s.r.o."},"image":{"@id":"https:\/\/shopatoa.com\/cz\/#\/schema\/logo\/image\/"}}]}},"_links":{"self":[{"href":"https:\/\/shopatoa.com\/cz\/wp-json\/wp\/v2\/product\/247014","targetHints":{"allow":["GET"]}}],"collection":[{"href":"https:\/\/shopatoa.com\/cz\/wp-json\/wp\/v2\/product"}],"about":[{"href":"https:\/\/shopatoa.com\/cz\/wp-json\/wp\/v2\/types\/product"}],"replies":[{"embeddable":true,"href":"https:\/\/shopatoa.com\/cz\/wp-json\/wp\/v2\/comments?post=247014"}],"wp:featuredmedia":[{"embeddable":true,"href":"https:\/\/shopatoa.com\/cz\/wp-json\/wp\/v2\/media\/247015"}],"wp:attachment":[{"href":"https:\/\/shopatoa.com\/cz\/wp-json\/wp\/v2\/media?parent=247014"}],"wp:term":[{"taxonomy":"product_brand","embeddable":true,"href":"https:\/\/shopatoa.com\/cz\/wp-json\/wp\/v2\/product_brand?post=247014"},{"taxonomy":"product_cat","embeddable":true,"href":"https:\/\/shopatoa.com\/cz\/wp-json\/wp\/v2\/product_cat?post=247014"},{"taxonomy":"product_tag","embeddable":true,"href":"https:\/\/shopatoa.com\/cz\/wp-json\/wp\/v2\/product_tag?post=247014"}],"curies":[{"name":"wp","href":"https:\/\/api.w.org\/{rel}","templated":true}]}}