{"id":247086,"date":"2025-04-02T22:16:11","date_gmt":"2025-04-02T20:16:11","guid":{"rendered":"https:\/\/shopatoa.com\/cz\/?post_type=product&#038;p=247086"},"modified":"2026-02-01T16:59:00","modified_gmt":"2026-02-01T15:59:00","slug":"brit-care-mini-grain-free-light-sterilised-7kg","status":"publish","type":"product","link":"https:\/\/shopatoa.com\/cz\/brit-care-mini-grain-free-light-sterilised-7kg\/","title":{"rendered":"Brit Care Mini Grain Free Light &amp; Sterilised 7kg"},"content":{"rendered":"<p>Hypoalergenn\u00ed slo\u017een\u00ed bez obsahu obilovin pro psy miniaturn\u00edch plemen s nadv\u00e1hou nebo po sterilizaci.\u00a0<\/p>\n<p>Slo\u017een\u00ed:<\/p>\n<p>mou\u010dka z kr\u00e1li\u010d\u00edho masa (25 %), b\u00edlkoviny z \u010derstv\u00e9ho lososa (15 %), \u017elut\u00fd hr\u00e1ch, cizrna, bambusov\u00e1 lignocelul\u00f3za, su\u0161en\u00e1 jablka, pohanka, ln\u011bn\u00e9 semeno (4 %), ku\u0159ec\u00ed tuk (konzervovan\u00fd tokoferoly), lososov\u00fd olej (2 %), psyllium \u2013 plevy a semena (1 %), pivovarsk\u00e9 kvasnice, \u0159asy (0,5 %, Ascophyllum nodosum), chlorid sodn\u00fd, hydrolyzovan\u00e9 ulity kor\u00fd\u0161\u016f (zdroj glukosaminu, 260 mg\/kg), bor\u016fvky (230 mg\/kg, zdroj polyfenol\u016f 70 mg\/kg &amp; flavonoidy 30 mg\/kg), v\u00fdta\u017eek z chrupavek (zdroj chondroitinu, 160 mg\/kg), mannan-oligosacharidy (150 mg\/kg), byliny a ovoce (rozmar\u00fdn, citrusy, kurkuma, 150 mg\/kg), frukto-oligosacharidy (100 mg\/kg), Yucca schidigera (100 mg\/kg), brusinky (100 mg\/kg), inulin (90 mg\/kg), ostropest\u0159ec (75 mg\/kg), rakytn\u00edk (75 mg\/kg), he\u0159m\u00e1nek (30 mg\/kg), h\u0159eb\u00ed\u010dek (30 mg\/kg), \u0161alv\u011bj (25 mg\/kg).\u00a0<\/p>\n<p>Analytick\u00e9 slo\u017eky:<\/p>\n<p>hrub\u00fd protein 26,0 %, obsah tuku 12,0 %,&#8230;<\/p>\n","protected":false},"excerpt":{"rendered":"<p>Hypoalergenn\u00ed slo\u017een\u00ed bez obsahu obilovin pro psy miniaturn\u00edch plemen s nadv\u00e1hou nebo po sterilizaci.\u00a0 Slo\u017een\u00ed: mou\u010dka z kr\u00e1li\u010d\u00edho masa (25 %), b\u00edlkoviny z \u010derstv\u00e9ho lososa (15 %), \u017elut\u00fd hr\u00e1ch, cizrna, bambusov\u00e1 lignocelul\u00f3za, su\u0161en\u00e1 jablka, pohanka, ln\u011bn\u00e9 semeno (4 %), ku\u0159ec\u00ed tuk (konzervovan\u00fd tokoferoly), lososov\u00fd olej (2 %), psyllium \u2013 plevy a semena (1 %), pivovarsk\u00e9&#8230;<\/p>\n","protected":false},"featured_media":247087,"comment_status":"closed","ping_status":"open","template":"","meta":{"_acf_changed":false,"_kadence_starter_templates_imported_post":false,"_kad_post_transparent":"","_kad_post_title":"","_kad_post_layout":"","_kad_post_sidebar_id":"","_kad_post_content_style":"","_kad_post_vertical_padding":"","_kad_post_feature":"","_kad_post_feature_position":"","_kad_post_header":false,"_kad_post_footer":false,"_kad_post_classname":""},"product_brand":[2721],"product_cat":[436,2569,2568,739],"product_tag":[],"class_list":{"0":"post-247086","1":"product","2":"type-product","3":"status-publish","4":"has-post-thumbnail","6":"product_brand-brit-care-mini","7":"product_cat-chovatelske-potreby-2","8":"product_cat-granule-pro-psy","9":"product_cat-krmivo-pro-psy-pro-psy-chovatelske-potreby-2","10":"product_cat-pro-psy-chovatelske-potreby-2","11":"pa_obchod-superzoo-cz","13":"first","14":"instock","15":"product-type-external","16":"entry","17":"content-bg","18":"loop-entry"},"acf":[],"yoast_head":"<!-- This site is optimized with the Yoast SEO plugin v27.4 - https:\/\/yoast.com\/product\/yoast-seo-wordpress\/ -->\n<title>Brit Care Mini Grain Free Light &amp; Sterilised 7kg - SHOPATOA.COM<\/title>\n<meta name=\"robots\" content=\"index, follow, max-snippet:-1, max-image-preview:large, max-video-preview:-1\" \/>\n<link rel=\"canonical\" href=\"https:\/\/shopatoa.com\/cz\/brit-care-mini-grain-free-light-sterilised-7kg\/\" \/>\n<meta property=\"og:locale\" content=\"cs_CZ\" \/>\n<meta property=\"og:type\" content=\"article\" \/>\n<meta property=\"og:title\" content=\"Brit Care Mini Grain Free Light &amp; Sterilised 7kg - SHOPATOA.COM\" \/>\n<meta property=\"og:description\" content=\"Hypoalergenn\u00ed slo\u017een\u00ed bez obsahu obilovin pro psy miniaturn\u00edch plemen s nadv\u00e1hou nebo po sterilizaci.\u00a0 Slo\u017een\u00ed: mou\u010dka z kr\u00e1li\u010d\u00edho masa (25 %), b\u00edlkoviny z \u010derstv\u00e9ho lososa (15 %), \u017elut\u00fd hr\u00e1ch, cizrna, bambusov\u00e1 lignocelul\u00f3za, su\u0161en\u00e1 jablka, pohanka, ln\u011bn\u00e9 semeno (4 %), ku\u0159ec\u00ed tuk (konzervovan\u00fd tokoferoly), lososov\u00fd olej (2 %), psyllium \u2013 plevy a semena (1 %), pivovarsk\u00e9...\" \/>\n<meta property=\"og:url\" content=\"https:\/\/shopatoa.com\/cz\/brit-care-mini-grain-free-light-sterilised-7kg\/\" \/>\n<meta property=\"og:site_name\" content=\"SHOPATOA\" \/>\n<meta property=\"article:modified_time\" content=\"2026-02-01T15:59:00+00:00\" \/>\n<meta property=\"og:image\" content=\"https:\/\/storage.googleapis.com\/cz-shopatoa-img\/cz\/6215a8d3-1_47692.jpg\" \/>\n\t<meta property=\"og:image:width\" content=\"600\" \/>\n\t<meta property=\"og:image:height\" content=\"600\" \/>\n\t<meta property=\"og:image:type\" content=\"image\/jpeg\" \/>\n<meta name=\"twitter:card\" content=\"summary_large_image\" \/>\n<meta name=\"twitter:label1\" content=\"Odhadovan\u00e1 doba \u010dten\u00ed\" \/>\n\t<meta name=\"twitter:data1\" content=\"1 minuta\" \/>\n<script type=\"application\/ld+json\" class=\"yoast-schema-graph\">{\"@context\":\"https:\\\/\\\/schema.org\",\"@graph\":[{\"@type\":\"WebPage\",\"@id\":\"https:\\\/\\\/shopatoa.com\\\/cz\\\/brit-care-mini-grain-free-light-sterilised-7kg\\\/\",\"url\":\"https:\\\/\\\/shopatoa.com\\\/cz\\\/brit-care-mini-grain-free-light-sterilised-7kg\\\/\",\"name\":\"Brit Care Mini Grain Free Light & Sterilised 7kg - SHOPATOA.COM\",\"isPartOf\":{\"@id\":\"https:\\\/\\\/shopatoa.com\\\/cz\\\/#website\"},\"primaryImageOfPage\":{\"@id\":\"https:\\\/\\\/shopatoa.com\\\/cz\\\/brit-care-mini-grain-free-light-sterilised-7kg\\\/#primaryimage\"},\"image\":{\"@id\":\"https:\\\/\\\/shopatoa.com\\\/cz\\\/brit-care-mini-grain-free-light-sterilised-7kg\\\/#primaryimage\"},\"thumbnailUrl\":\"https:\\\/\\\/storage.googleapis.com\\\/cz-shopatoa-img\\\/cz\\\/6215a8d3-1_47692.jpg\",\"datePublished\":\"2025-04-02T20:16:11+00:00\",\"dateModified\":\"2026-02-01T15:59:00+00:00\",\"breadcrumb\":{\"@id\":\"https:\\\/\\\/shopatoa.com\\\/cz\\\/brit-care-mini-grain-free-light-sterilised-7kg\\\/#breadcrumb\"},\"inLanguage\":\"cs\",\"potentialAction\":[{\"@type\":\"ReadAction\",\"target\":[\"https:\\\/\\\/shopatoa.com\\\/cz\\\/brit-care-mini-grain-free-light-sterilised-7kg\\\/\"]}]},{\"@type\":\"ImageObject\",\"inLanguage\":\"cs\",\"@id\":\"https:\\\/\\\/shopatoa.com\\\/cz\\\/brit-care-mini-grain-free-light-sterilised-7kg\\\/#primaryimage\",\"url\":\"https:\\\/\\\/storage.googleapis.com\\\/cz-shopatoa-img\\\/cz\\\/6215a8d3-1_47692.jpg\",\"contentUrl\":\"https:\\\/\\\/storage.googleapis.com\\\/cz-shopatoa-img\\\/cz\\\/6215a8d3-1_47692.jpg\",\"width\":600,\"height\":600},{\"@type\":\"BreadcrumbList\",\"@id\":\"https:\\\/\\\/shopatoa.com\\\/cz\\\/brit-care-mini-grain-free-light-sterilised-7kg\\\/#breadcrumb\",\"itemListElement\":[{\"@type\":\"ListItem\",\"position\":1,\"name\":\"Dom\u016f\",\"item\":\"https:\\\/\\\/shopatoa.com\\\/cz\\\/\"},{\"@type\":\"ListItem\",\"position\":2,\"name\":\"Produkty\",\"item\":\"https:\\\/\\\/shopatoa.com\\\/cz\\\/shop\\\/\"},{\"@type\":\"ListItem\",\"position\":3,\"name\":\"Chovatelsk\u00e9 pot\u0159eby\",\"item\":\"https:\\\/\\\/shopatoa.com\\\/cz\\\/chovatelske-potreby-2\\\/\"},{\"@type\":\"ListItem\",\"position\":4,\"name\":\"Pro psy\",\"item\":\"https:\\\/\\\/shopatoa.com\\\/cz\\\/pro-psy-chovatelske-potreby-2\\\/\"},{\"@type\":\"ListItem\",\"position\":5,\"name\":\"Krmivo pro psy\",\"item\":\"https:\\\/\\\/shopatoa.com\\\/cz\\\/krmivo-pro-psy-pro-psy-chovatelske-potreby-2\\\/\"},{\"@type\":\"ListItem\",\"position\":6,\"name\":\"Granule pro psy\",\"item\":\"https:\\\/\\\/shopatoa.com\\\/cz\\\/granule-pro-psy\\\/\"},{\"@type\":\"ListItem\",\"position\":7,\"name\":\"Brit Care Mini Grain Free Light &amp; Sterilised 7kg\"}]},{\"@type\":\"WebSite\",\"@id\":\"https:\\\/\\\/shopatoa.com\\\/cz\\\/#website\",\"url\":\"https:\\\/\\\/shopatoa.com\\\/cz\\\/\",\"name\":\"SHOPATOA\",\"description\":\"\",\"publisher\":{\"@id\":\"https:\\\/\\\/shopatoa.com\\\/cz\\\/#organization\"},\"potentialAction\":[{\"@type\":\"SearchAction\",\"target\":{\"@type\":\"EntryPoint\",\"urlTemplate\":\"https:\\\/\\\/shopatoa.com\\\/cz\\\/?s={search_term_string}\"},\"query-input\":{\"@type\":\"PropertyValueSpecification\",\"valueRequired\":true,\"valueName\":\"search_term_string\"}}],\"inLanguage\":\"cs\"},{\"@type\":\"Organization\",\"@id\":\"https:\\\/\\\/shopatoa.com\\\/cz\\\/#organization\",\"name\":\"SHOPATOA Digital s.r.o.\",\"url\":\"https:\\\/\\\/shopatoa.com\\\/cz\\\/\",\"logo\":{\"@type\":\"ImageObject\",\"inLanguage\":\"cs\",\"@id\":\"https:\\\/\\\/shopatoa.com\\\/cz\\\/#\\\/schema\\\/logo\\\/image\\\/\",\"url\":\"https:\\\/\\\/storage.googleapis.com\\\/cz-shopatoa-img\\\/cz\\\/ebccf434-shopatoa_logo.png\",\"contentUrl\":\"https:\\\/\\\/storage.googleapis.com\\\/cz-shopatoa-img\\\/cz\\\/ebccf434-shopatoa_logo.png\",\"width\":416,\"height\":63,\"caption\":\"SHOPATOA Digital s.r.o.\"},\"image\":{\"@id\":\"https:\\\/\\\/shopatoa.com\\\/cz\\\/#\\\/schema\\\/logo\\\/image\\\/\"}}]}<\/script>\n<!-- \/ Yoast SEO plugin. -->","yoast_head_json":{"title":"Brit Care Mini Grain Free Light & Sterilised 7kg - SHOPATOA.COM","robots":{"index":"index","follow":"follow","max-snippet":"max-snippet:-1","max-image-preview":"max-image-preview:large","max-video-preview":"max-video-preview:-1"},"canonical":"https:\/\/shopatoa.com\/cz\/brit-care-mini-grain-free-light-sterilised-7kg\/","og_locale":"cs_CZ","og_type":"article","og_title":"Brit Care Mini Grain Free Light & Sterilised 7kg - SHOPATOA.COM","og_description":"Hypoalergenn\u00ed slo\u017een\u00ed bez obsahu obilovin pro psy miniaturn\u00edch plemen s nadv\u00e1hou nebo po sterilizaci.\u00a0 Slo\u017een\u00ed: mou\u010dka z kr\u00e1li\u010d\u00edho masa (25 %), b\u00edlkoviny z \u010derstv\u00e9ho lososa (15 %), \u017elut\u00fd hr\u00e1ch, cizrna, bambusov\u00e1 lignocelul\u00f3za, su\u0161en\u00e1 jablka, pohanka, ln\u011bn\u00e9 semeno (4 %), ku\u0159ec\u00ed tuk (konzervovan\u00fd tokoferoly), lososov\u00fd olej (2 %), psyllium \u2013 plevy a semena (1 %), pivovarsk\u00e9...","og_url":"https:\/\/shopatoa.com\/cz\/brit-care-mini-grain-free-light-sterilised-7kg\/","og_site_name":"SHOPATOA","article_modified_time":"2026-02-01T15:59:00+00:00","og_image":[{"width":600,"height":600,"url":"https:\/\/storage.googleapis.com\/cz-shopatoa-img\/cz\/6215a8d3-1_47692.jpg","type":"image\/jpeg"}],"twitter_card":"summary_large_image","twitter_misc":{"Odhadovan\u00e1 doba \u010dten\u00ed":"1 minuta"},"schema":{"@context":"https:\/\/schema.org","@graph":[{"@type":"WebPage","@id":"https:\/\/shopatoa.com\/cz\/brit-care-mini-grain-free-light-sterilised-7kg\/","url":"https:\/\/shopatoa.com\/cz\/brit-care-mini-grain-free-light-sterilised-7kg\/","name":"Brit Care Mini Grain Free Light & Sterilised 7kg - SHOPATOA.COM","isPartOf":{"@id":"https:\/\/shopatoa.com\/cz\/#website"},"primaryImageOfPage":{"@id":"https:\/\/shopatoa.com\/cz\/brit-care-mini-grain-free-light-sterilised-7kg\/#primaryimage"},"image":{"@id":"https:\/\/shopatoa.com\/cz\/brit-care-mini-grain-free-light-sterilised-7kg\/#primaryimage"},"thumbnailUrl":"https:\/\/storage.googleapis.com\/cz-shopatoa-img\/cz\/6215a8d3-1_47692.jpg","datePublished":"2025-04-02T20:16:11+00:00","dateModified":"2026-02-01T15:59:00+00:00","breadcrumb":{"@id":"https:\/\/shopatoa.com\/cz\/brit-care-mini-grain-free-light-sterilised-7kg\/#breadcrumb"},"inLanguage":"cs","potentialAction":[{"@type":"ReadAction","target":["https:\/\/shopatoa.com\/cz\/brit-care-mini-grain-free-light-sterilised-7kg\/"]}]},{"@type":"ImageObject","inLanguage":"cs","@id":"https:\/\/shopatoa.com\/cz\/brit-care-mini-grain-free-light-sterilised-7kg\/#primaryimage","url":"https:\/\/storage.googleapis.com\/cz-shopatoa-img\/cz\/6215a8d3-1_47692.jpg","contentUrl":"https:\/\/storage.googleapis.com\/cz-shopatoa-img\/cz\/6215a8d3-1_47692.jpg","width":600,"height":600},{"@type":"BreadcrumbList","@id":"https:\/\/shopatoa.com\/cz\/brit-care-mini-grain-free-light-sterilised-7kg\/#breadcrumb","itemListElement":[{"@type":"ListItem","position":1,"name":"Dom\u016f","item":"https:\/\/shopatoa.com\/cz\/"},{"@type":"ListItem","position":2,"name":"Produkty","item":"https:\/\/shopatoa.com\/cz\/shop\/"},{"@type":"ListItem","position":3,"name":"Chovatelsk\u00e9 pot\u0159eby","item":"https:\/\/shopatoa.com\/cz\/chovatelske-potreby-2\/"},{"@type":"ListItem","position":4,"name":"Pro psy","item":"https:\/\/shopatoa.com\/cz\/pro-psy-chovatelske-potreby-2\/"},{"@type":"ListItem","position":5,"name":"Krmivo pro psy","item":"https:\/\/shopatoa.com\/cz\/krmivo-pro-psy-pro-psy-chovatelske-potreby-2\/"},{"@type":"ListItem","position":6,"name":"Granule pro psy","item":"https:\/\/shopatoa.com\/cz\/granule-pro-psy\/"},{"@type":"ListItem","position":7,"name":"Brit Care Mini Grain Free Light &amp; Sterilised 7kg"}]},{"@type":"WebSite","@id":"https:\/\/shopatoa.com\/cz\/#website","url":"https:\/\/shopatoa.com\/cz\/","name":"SHOPATOA","description":"","publisher":{"@id":"https:\/\/shopatoa.com\/cz\/#organization"},"potentialAction":[{"@type":"SearchAction","target":{"@type":"EntryPoint","urlTemplate":"https:\/\/shopatoa.com\/cz\/?s={search_term_string}"},"query-input":{"@type":"PropertyValueSpecification","valueRequired":true,"valueName":"search_term_string"}}],"inLanguage":"cs"},{"@type":"Organization","@id":"https:\/\/shopatoa.com\/cz\/#organization","name":"SHOPATOA Digital s.r.o.","url":"https:\/\/shopatoa.com\/cz\/","logo":{"@type":"ImageObject","inLanguage":"cs","@id":"https:\/\/shopatoa.com\/cz\/#\/schema\/logo\/image\/","url":"https:\/\/storage.googleapis.com\/cz-shopatoa-img\/cz\/ebccf434-shopatoa_logo.png","contentUrl":"https:\/\/storage.googleapis.com\/cz-shopatoa-img\/cz\/ebccf434-shopatoa_logo.png","width":416,"height":63,"caption":"SHOPATOA Digital s.r.o."},"image":{"@id":"https:\/\/shopatoa.com\/cz\/#\/schema\/logo\/image\/"}}]}},"_links":{"self":[{"href":"https:\/\/shopatoa.com\/cz\/wp-json\/wp\/v2\/product\/247086","targetHints":{"allow":["GET"]}}],"collection":[{"href":"https:\/\/shopatoa.com\/cz\/wp-json\/wp\/v2\/product"}],"about":[{"href":"https:\/\/shopatoa.com\/cz\/wp-json\/wp\/v2\/types\/product"}],"replies":[{"embeddable":true,"href":"https:\/\/shopatoa.com\/cz\/wp-json\/wp\/v2\/comments?post=247086"}],"wp:featuredmedia":[{"embeddable":true,"href":"https:\/\/shopatoa.com\/cz\/wp-json\/wp\/v2\/media\/247087"}],"wp:attachment":[{"href":"https:\/\/shopatoa.com\/cz\/wp-json\/wp\/v2\/media?parent=247086"}],"wp:term":[{"taxonomy":"product_brand","embeddable":true,"href":"https:\/\/shopatoa.com\/cz\/wp-json\/wp\/v2\/product_brand?post=247086"},{"taxonomy":"product_cat","embeddable":true,"href":"https:\/\/shopatoa.com\/cz\/wp-json\/wp\/v2\/product_cat?post=247086"},{"taxonomy":"product_tag","embeddable":true,"href":"https:\/\/shopatoa.com\/cz\/wp-json\/wp\/v2\/product_tag?post=247086"}],"curies":[{"name":"wp","href":"https:\/\/api.w.org\/{rel}","templated":true}]}}