{"id":247112,"date":"2025-04-02T22:21:09","date_gmt":"2025-04-02T20:21:09","guid":{"rendered":"https:\/\/shopatoa.com\/cz\/?post_type=product&#038;p=247112"},"modified":"2026-02-02T02:40:09","modified_gmt":"2026-02-02T01:40:09","slug":"hracka-magic-cat-mys-zinylkova-s-catnip-10cm","status":"publish","type":"product","link":"https:\/\/shopatoa.com\/cz\/hracka-magic-cat-mys-zinylkova-s-catnip-10cm\/","title":{"rendered":"Hra\u010dka Magic Cat my\u0161 \u017einylkov\u00e1 s catnip 10cm"},"content":{"rendered":"<p>Atraktivn\u00ed hra\u010dka pro ko\u010dky.<\/p>\n<p>\ts catnip (\u0161antou ko\u010di\u010d\u00ed)<br \/>\n\tz jemn\u00e9 \u017einylky<\/p>\n<p>Velikost: 10 cm<\/p>\n<p>Barva hra\u010dky z\u00e1vis\u00ed na aktu\u00e1ln\u00ed skladov\u00e9 dostupnosti.<\/p>\n","protected":false},"excerpt":{"rendered":"<p>Atraktivn\u00ed hra\u010dka pro ko\u010dky. s catnip (\u0161antou ko\u010di\u010d\u00ed) z jemn\u00e9 \u017einylky Velikost: 10 cm Barva hra\u010dky z\u00e1vis\u00ed na aktu\u00e1ln\u00ed skladov\u00e9 dostupnosti.<\/p>\n","protected":false},"featured_media":247113,"comment_status":"closed","ping_status":"open","template":"","meta":{"_acf_changed":false,"_kadence_starter_templates_imported_post":false,"_kad_post_transparent":"","_kad_post_title":"","_kad_post_layout":"","_kad_post_sidebar_id":"","_kad_post_content_style":"","_kad_post_vertical_padding":"","_kad_post_feature":"","_kad_post_feature_position":"","_kad_post_header":false,"_kad_post_footer":false,"_kad_post_classname":""},"product_brand":[2463],"product_cat":[58,2725,2726,2724],"product_tag":[],"class_list":{"0":"post-247112","1":"product","2":"type-product","3":"status-publish","4":"has-post-thumbnail","6":"product_brand-magic-cat","7":"product_cat-elektronika","8":"product_cat-klavesnice-a-mysi","9":"product_cat-mysi","10":"product_cat-pocitace-a-notebooky","11":"pa_obchod-superzoo-cz","13":"first","14":"instock","15":"product-type-external","16":"entry","17":"content-bg","18":"loop-entry"},"acf":[],"yoast_head":"<!-- This site is optimized with the Yoast SEO plugin v27.4 - https:\/\/yoast.com\/product\/yoast-seo-wordpress\/ -->\n<title>Hra\u010dka Magic Cat my\u0161 \u017einylkov\u00e1 s catnip 10cm - SHOPATOA.COM<\/title>\n<meta name=\"robots\" content=\"index, follow, max-snippet:-1, max-image-preview:large, max-video-preview:-1\" \/>\n<link rel=\"canonical\" href=\"https:\/\/shopatoa.com\/cz\/hracka-magic-cat-mys-zinylkova-s-catnip-10cm\/\" \/>\n<meta property=\"og:locale\" content=\"cs_CZ\" \/>\n<meta property=\"og:type\" content=\"article\" \/>\n<meta property=\"og:title\" content=\"Hra\u010dka Magic Cat my\u0161 \u017einylkov\u00e1 s catnip 10cm - SHOPATOA.COM\" \/>\n<meta property=\"og:description\" content=\"Atraktivn\u00ed hra\u010dka pro ko\u010dky. s catnip (\u0161antou ko\u010di\u010d\u00ed) z jemn\u00e9 \u017einylky Velikost: 10 cm Barva hra\u010dky z\u00e1vis\u00ed na aktu\u00e1ln\u00ed skladov\u00e9 dostupnosti.\" \/>\n<meta property=\"og:url\" content=\"https:\/\/shopatoa.com\/cz\/hracka-magic-cat-mys-zinylkova-s-catnip-10cm\/\" \/>\n<meta property=\"og:site_name\" content=\"SHOPATOA\" \/>\n<meta property=\"article:modified_time\" content=\"2026-02-02T01:40:09+00:00\" \/>\n<meta property=\"og:image\" content=\"https:\/\/storage.googleapis.com\/cz-shopatoa-img\/cz\/ca0ff648-1_51675.jpg\" \/>\n\t<meta property=\"og:image:width\" content=\"600\" \/>\n\t<meta property=\"og:image:height\" content=\"600\" \/>\n\t<meta property=\"og:image:type\" content=\"image\/jpeg\" \/>\n<meta name=\"twitter:card\" content=\"summary_large_image\" \/>\n<script type=\"application\/ld+json\" class=\"yoast-schema-graph\">{\"@context\":\"https:\\\/\\\/schema.org\",\"@graph\":[{\"@type\":\"WebPage\",\"@id\":\"https:\\\/\\\/shopatoa.com\\\/cz\\\/hracka-magic-cat-mys-zinylkova-s-catnip-10cm\\\/\",\"url\":\"https:\\\/\\\/shopatoa.com\\\/cz\\\/hracka-magic-cat-mys-zinylkova-s-catnip-10cm\\\/\",\"name\":\"Hra\u010dka Magic Cat my\u0161 \u017einylkov\u00e1 s catnip 10cm - SHOPATOA.COM\",\"isPartOf\":{\"@id\":\"https:\\\/\\\/shopatoa.com\\\/cz\\\/#website\"},\"primaryImageOfPage\":{\"@id\":\"https:\\\/\\\/shopatoa.com\\\/cz\\\/hracka-magic-cat-mys-zinylkova-s-catnip-10cm\\\/#primaryimage\"},\"image\":{\"@id\":\"https:\\\/\\\/shopatoa.com\\\/cz\\\/hracka-magic-cat-mys-zinylkova-s-catnip-10cm\\\/#primaryimage\"},\"thumbnailUrl\":\"https:\\\/\\\/storage.googleapis.com\\\/cz-shopatoa-img\\\/cz\\\/ca0ff648-1_51675.jpg\",\"datePublished\":\"2025-04-02T20:21:09+00:00\",\"dateModified\":\"2026-02-02T01:40:09+00:00\",\"breadcrumb\":{\"@id\":\"https:\\\/\\\/shopatoa.com\\\/cz\\\/hracka-magic-cat-mys-zinylkova-s-catnip-10cm\\\/#breadcrumb\"},\"inLanguage\":\"cs\",\"potentialAction\":[{\"@type\":\"ReadAction\",\"target\":[\"https:\\\/\\\/shopatoa.com\\\/cz\\\/hracka-magic-cat-mys-zinylkova-s-catnip-10cm\\\/\"]}]},{\"@type\":\"ImageObject\",\"inLanguage\":\"cs\",\"@id\":\"https:\\\/\\\/shopatoa.com\\\/cz\\\/hracka-magic-cat-mys-zinylkova-s-catnip-10cm\\\/#primaryimage\",\"url\":\"https:\\\/\\\/storage.googleapis.com\\\/cz-shopatoa-img\\\/cz\\\/ca0ff648-1_51675.jpg\",\"contentUrl\":\"https:\\\/\\\/storage.googleapis.com\\\/cz-shopatoa-img\\\/cz\\\/ca0ff648-1_51675.jpg\",\"width\":600,\"height\":600},{\"@type\":\"BreadcrumbList\",\"@id\":\"https:\\\/\\\/shopatoa.com\\\/cz\\\/hracka-magic-cat-mys-zinylkova-s-catnip-10cm\\\/#breadcrumb\",\"itemListElement\":[{\"@type\":\"ListItem\",\"position\":1,\"name\":\"Dom\u016f\",\"item\":\"https:\\\/\\\/shopatoa.com\\\/cz\\\/\"},{\"@type\":\"ListItem\",\"position\":2,\"name\":\"Produkty\",\"item\":\"https:\\\/\\\/shopatoa.com\\\/cz\\\/shop\\\/\"},{\"@type\":\"ListItem\",\"position\":3,\"name\":\"Elektronika\",\"item\":\"https:\\\/\\\/shopatoa.com\\\/cz\\\/elektronika\\\/\"},{\"@type\":\"ListItem\",\"position\":4,\"name\":\"Po\u010d\u00edta\u010de a notebooky\",\"item\":\"https:\\\/\\\/shopatoa.com\\\/cz\\\/pocitace-a-notebooky\\\/\"},{\"@type\":\"ListItem\",\"position\":5,\"name\":\"Kl\u00e1vesnice a my\u0161i\",\"item\":\"https:\\\/\\\/shopatoa.com\\\/cz\\\/klavesnice-a-mysi\\\/\"},{\"@type\":\"ListItem\",\"position\":6,\"name\":\"My\u0161i\",\"item\":\"https:\\\/\\\/shopatoa.com\\\/cz\\\/mysi\\\/\"},{\"@type\":\"ListItem\",\"position\":7,\"name\":\"Hra\u010dka Magic Cat my\u0161 \u017einylkov\u00e1 s catnip 10cm\"}]},{\"@type\":\"WebSite\",\"@id\":\"https:\\\/\\\/shopatoa.com\\\/cz\\\/#website\",\"url\":\"https:\\\/\\\/shopatoa.com\\\/cz\\\/\",\"name\":\"SHOPATOA\",\"description\":\"\",\"publisher\":{\"@id\":\"https:\\\/\\\/shopatoa.com\\\/cz\\\/#organization\"},\"potentialAction\":[{\"@type\":\"SearchAction\",\"target\":{\"@type\":\"EntryPoint\",\"urlTemplate\":\"https:\\\/\\\/shopatoa.com\\\/cz\\\/?s={search_term_string}\"},\"query-input\":{\"@type\":\"PropertyValueSpecification\",\"valueRequired\":true,\"valueName\":\"search_term_string\"}}],\"inLanguage\":\"cs\"},{\"@type\":\"Organization\",\"@id\":\"https:\\\/\\\/shopatoa.com\\\/cz\\\/#organization\",\"name\":\"SHOPATOA Digital s.r.o.\",\"url\":\"https:\\\/\\\/shopatoa.com\\\/cz\\\/\",\"logo\":{\"@type\":\"ImageObject\",\"inLanguage\":\"cs\",\"@id\":\"https:\\\/\\\/shopatoa.com\\\/cz\\\/#\\\/schema\\\/logo\\\/image\\\/\",\"url\":\"https:\\\/\\\/storage.googleapis.com\\\/cz-shopatoa-img\\\/cz\\\/ebccf434-shopatoa_logo.png\",\"contentUrl\":\"https:\\\/\\\/storage.googleapis.com\\\/cz-shopatoa-img\\\/cz\\\/ebccf434-shopatoa_logo.png\",\"width\":416,\"height\":63,\"caption\":\"SHOPATOA Digital s.r.o.\"},\"image\":{\"@id\":\"https:\\\/\\\/shopatoa.com\\\/cz\\\/#\\\/schema\\\/logo\\\/image\\\/\"}}]}<\/script>\n<!-- \/ Yoast SEO plugin. -->","yoast_head_json":{"title":"Hra\u010dka Magic Cat my\u0161 \u017einylkov\u00e1 s catnip 10cm - SHOPATOA.COM","robots":{"index":"index","follow":"follow","max-snippet":"max-snippet:-1","max-image-preview":"max-image-preview:large","max-video-preview":"max-video-preview:-1"},"canonical":"https:\/\/shopatoa.com\/cz\/hracka-magic-cat-mys-zinylkova-s-catnip-10cm\/","og_locale":"cs_CZ","og_type":"article","og_title":"Hra\u010dka Magic Cat my\u0161 \u017einylkov\u00e1 s catnip 10cm - SHOPATOA.COM","og_description":"Atraktivn\u00ed hra\u010dka pro ko\u010dky. s catnip (\u0161antou ko\u010di\u010d\u00ed) z jemn\u00e9 \u017einylky Velikost: 10 cm Barva hra\u010dky z\u00e1vis\u00ed na aktu\u00e1ln\u00ed skladov\u00e9 dostupnosti.","og_url":"https:\/\/shopatoa.com\/cz\/hracka-magic-cat-mys-zinylkova-s-catnip-10cm\/","og_site_name":"SHOPATOA","article_modified_time":"2026-02-02T01:40:09+00:00","og_image":[{"width":600,"height":600,"url":"https:\/\/storage.googleapis.com\/cz-shopatoa-img\/cz\/ca0ff648-1_51675.jpg","type":"image\/jpeg"}],"twitter_card":"summary_large_image","schema":{"@context":"https:\/\/schema.org","@graph":[{"@type":"WebPage","@id":"https:\/\/shopatoa.com\/cz\/hracka-magic-cat-mys-zinylkova-s-catnip-10cm\/","url":"https:\/\/shopatoa.com\/cz\/hracka-magic-cat-mys-zinylkova-s-catnip-10cm\/","name":"Hra\u010dka Magic Cat my\u0161 \u017einylkov\u00e1 s catnip 10cm - SHOPATOA.COM","isPartOf":{"@id":"https:\/\/shopatoa.com\/cz\/#website"},"primaryImageOfPage":{"@id":"https:\/\/shopatoa.com\/cz\/hracka-magic-cat-mys-zinylkova-s-catnip-10cm\/#primaryimage"},"image":{"@id":"https:\/\/shopatoa.com\/cz\/hracka-magic-cat-mys-zinylkova-s-catnip-10cm\/#primaryimage"},"thumbnailUrl":"https:\/\/storage.googleapis.com\/cz-shopatoa-img\/cz\/ca0ff648-1_51675.jpg","datePublished":"2025-04-02T20:21:09+00:00","dateModified":"2026-02-02T01:40:09+00:00","breadcrumb":{"@id":"https:\/\/shopatoa.com\/cz\/hracka-magic-cat-mys-zinylkova-s-catnip-10cm\/#breadcrumb"},"inLanguage":"cs","potentialAction":[{"@type":"ReadAction","target":["https:\/\/shopatoa.com\/cz\/hracka-magic-cat-mys-zinylkova-s-catnip-10cm\/"]}]},{"@type":"ImageObject","inLanguage":"cs","@id":"https:\/\/shopatoa.com\/cz\/hracka-magic-cat-mys-zinylkova-s-catnip-10cm\/#primaryimage","url":"https:\/\/storage.googleapis.com\/cz-shopatoa-img\/cz\/ca0ff648-1_51675.jpg","contentUrl":"https:\/\/storage.googleapis.com\/cz-shopatoa-img\/cz\/ca0ff648-1_51675.jpg","width":600,"height":600},{"@type":"BreadcrumbList","@id":"https:\/\/shopatoa.com\/cz\/hracka-magic-cat-mys-zinylkova-s-catnip-10cm\/#breadcrumb","itemListElement":[{"@type":"ListItem","position":1,"name":"Dom\u016f","item":"https:\/\/shopatoa.com\/cz\/"},{"@type":"ListItem","position":2,"name":"Produkty","item":"https:\/\/shopatoa.com\/cz\/shop\/"},{"@type":"ListItem","position":3,"name":"Elektronika","item":"https:\/\/shopatoa.com\/cz\/elektronika\/"},{"@type":"ListItem","position":4,"name":"Po\u010d\u00edta\u010de a notebooky","item":"https:\/\/shopatoa.com\/cz\/pocitace-a-notebooky\/"},{"@type":"ListItem","position":5,"name":"Kl\u00e1vesnice a my\u0161i","item":"https:\/\/shopatoa.com\/cz\/klavesnice-a-mysi\/"},{"@type":"ListItem","position":6,"name":"My\u0161i","item":"https:\/\/shopatoa.com\/cz\/mysi\/"},{"@type":"ListItem","position":7,"name":"Hra\u010dka Magic Cat my\u0161 \u017einylkov\u00e1 s catnip 10cm"}]},{"@type":"WebSite","@id":"https:\/\/shopatoa.com\/cz\/#website","url":"https:\/\/shopatoa.com\/cz\/","name":"SHOPATOA","description":"","publisher":{"@id":"https:\/\/shopatoa.com\/cz\/#organization"},"potentialAction":[{"@type":"SearchAction","target":{"@type":"EntryPoint","urlTemplate":"https:\/\/shopatoa.com\/cz\/?s={search_term_string}"},"query-input":{"@type":"PropertyValueSpecification","valueRequired":true,"valueName":"search_term_string"}}],"inLanguage":"cs"},{"@type":"Organization","@id":"https:\/\/shopatoa.com\/cz\/#organization","name":"SHOPATOA Digital s.r.o.","url":"https:\/\/shopatoa.com\/cz\/","logo":{"@type":"ImageObject","inLanguage":"cs","@id":"https:\/\/shopatoa.com\/cz\/#\/schema\/logo\/image\/","url":"https:\/\/storage.googleapis.com\/cz-shopatoa-img\/cz\/ebccf434-shopatoa_logo.png","contentUrl":"https:\/\/storage.googleapis.com\/cz-shopatoa-img\/cz\/ebccf434-shopatoa_logo.png","width":416,"height":63,"caption":"SHOPATOA Digital s.r.o."},"image":{"@id":"https:\/\/shopatoa.com\/cz\/#\/schema\/logo\/image\/"}}]}},"_links":{"self":[{"href":"https:\/\/shopatoa.com\/cz\/wp-json\/wp\/v2\/product\/247112","targetHints":{"allow":["GET"]}}],"collection":[{"href":"https:\/\/shopatoa.com\/cz\/wp-json\/wp\/v2\/product"}],"about":[{"href":"https:\/\/shopatoa.com\/cz\/wp-json\/wp\/v2\/types\/product"}],"replies":[{"embeddable":true,"href":"https:\/\/shopatoa.com\/cz\/wp-json\/wp\/v2\/comments?post=247112"}],"wp:featuredmedia":[{"embeddable":true,"href":"https:\/\/shopatoa.com\/cz\/wp-json\/wp\/v2\/media\/247113"}],"wp:attachment":[{"href":"https:\/\/shopatoa.com\/cz\/wp-json\/wp\/v2\/media?parent=247112"}],"wp:term":[{"taxonomy":"product_brand","embeddable":true,"href":"https:\/\/shopatoa.com\/cz\/wp-json\/wp\/v2\/product_brand?post=247112"},{"taxonomy":"product_cat","embeddable":true,"href":"https:\/\/shopatoa.com\/cz\/wp-json\/wp\/v2\/product_cat?post=247112"},{"taxonomy":"product_tag","embeddable":true,"href":"https:\/\/shopatoa.com\/cz\/wp-json\/wp\/v2\/product_tag?post=247112"}],"curies":[{"name":"wp","href":"https:\/\/api.w.org\/{rel}","templated":true}]}}