{"id":247446,"date":"2025-04-02T23:20:47","date_gmt":"2025-04-02T21:20:47","guid":{"rendered":"https:\/\/shopatoa.com\/cz\/?post_type=product&#038;p=247446"},"modified":"2026-02-01T08:38:54","modified_gmt":"2026-02-01T07:38:54","slug":"ontario-kitten-chicken-04-kg","status":"publish","type":"product","link":"https:\/\/shopatoa.com\/cz\/ontario-kitten-chicken-04-kg\/","title":{"rendered":"Ontario Kitten Chicken 0,4 kg"},"content":{"rendered":"<p>Superpr\u00e9miov\u00e9, kompletn\u00ed krmivo pro ko\u0165ata (1-12 m\u011bs\u00edc\u016f). Receptura s n\u00edzk\u00fdm obsahem obilovin.<\/p>\n<p>Vysoce kvalitn\u00ed, superpr\u00e9miov\u00e9 krmivo pro ko\u0165ata (1-12 m\u011bs\u00edc\u016f) a b\u0159ez\u00ed ko\u010dky s\u00a0n\u00edzk\u00fdm obsahem obilovin. Bohat\u00e9 a nutri\u010dn\u011b vyv\u00e1\u017een\u00e9 slo\u017een\u00ed, kter\u00e9 je z\u00e1kladn\u00edm pil\u00ed\u0159em pro zdrav\u00fd a dlouh\u00fd \u017eivot. Receptura poskytuje nejenom v\u0161echny nezbytn\u00e9 slo\u017eky stravy pro spr\u00e1vn\u00fd r\u016fst, v\u00fdvoj a prosperitu kot\u011bte, ale tak\u00e9 pro podporu imunity a spr\u00e1vn\u00e9ho za\u017e\u00edv\u00e1n\u00ed. Receptura je zalo\u017eena na kvalitn\u00edch zdroj\u00edch proteinu ve form\u011b ku\u0159ec\u00edho a kr\u016ft\u00edho masa, pro zaji\u0161t\u011bn\u00ed vy\u0161\u0161\u00ed chutnosti a kvality je p\u0159id\u00e1v\u00e1no \u010derstv\u00e9 ku\u0159ec\u00ed maso. Pe\u010dliv\u011b vybran\u00e9 su\u0161en\u00e9 ovoce, zelenina a ko\u0159en\u00ed dod\u00e1vaj\u00ed organismu pot\u0159ebn\u00e9 vitaminy, pom\u00e1haj\u00ed chr\u00e1nit bu\u0148ky d\u00edky jej\u00edch siln\u00fdm antioxida\u010dn\u00edm \u00fa\u010dink\u016fm a t\u00edm organismus p\u0159ed nemocemi, posiluj\u00ed obranyschopnost a podporuj\u00ed spr\u00e1vnou \u010dinnost za\u017e\u00edvac\u00edho traktu. <\/p>\n<p>Slo\u017een\u00ed: \u010derstv\u00e9 ku\u0159ec\u00ed maso 15%, su\u0161en\u00e9 ku\u0159ec\u00ed maso 15%, su\u0161en\u00e9 kr\u016ft\u00ed maso 10%, hr\u00e1\u0161ek 10%, oves 10%, ku\u0159ec\u00ed tuk 10%, hn\u011bd\u00e1 r\u00fd\u017ee&#8230;<\/p>\n","protected":false},"excerpt":{"rendered":"<p>Superpr\u00e9miov\u00e9, kompletn\u00ed krmivo pro ko\u0165ata (1-12 m\u011bs\u00edc\u016f). Receptura s n\u00edzk\u00fdm obsahem obilovin. Vysoce kvalitn\u00ed, superpr\u00e9miov\u00e9 krmivo pro ko\u0165ata (1-12 m\u011bs\u00edc\u016f) a b\u0159ez\u00ed ko\u010dky s\u00a0n\u00edzk\u00fdm obsahem obilovin. Bohat\u00e9 a nutri\u010dn\u011b vyv\u00e1\u017een\u00e9 slo\u017een\u00ed, kter\u00e9 je z\u00e1kladn\u00edm pil\u00ed\u0159em pro zdrav\u00fd a dlouh\u00fd \u017eivot. Receptura poskytuje nejenom v\u0161echny nezbytn\u00e9 slo\u017eky stravy pro spr\u00e1vn\u00fd r\u016fst, v\u00fdvoj a prosperitu kot\u011bte, ale&#8230;<\/p>\n","protected":false},"featured_media":247447,"comment_status":"closed","ping_status":"open","template":"","meta":{"_acf_changed":false,"_kadence_starter_templates_imported_post":false,"_kad_post_transparent":"","_kad_post_title":"","_kad_post_layout":"","_kad_post_sidebar_id":"","_kad_post_content_style":"","_kad_post_vertical_padding":"","_kad_post_feature":"","_kad_post_feature_position":"","_kad_post_header":false,"_kad_post_footer":false,"_kad_post_classname":""},"product_brand":[2040],"product_cat":[436,2675,1465,1464],"product_tag":[],"class_list":{"0":"post-247446","1":"product","2":"type-product","3":"status-publish","4":"has-post-thumbnail","6":"product_brand-ontario","7":"product_cat-chovatelske-potreby-2","8":"product_cat-granule-pro-kocky","9":"product_cat-krmivo-pro-kocky-pro-kocky-chovatelske-potreby-2","10":"product_cat-pro-kocky-chovatelske-potreby-2","11":"pa_obchod-superzoo-cz","13":"first","14":"instock","15":"product-type-external","16":"entry","17":"content-bg","18":"loop-entry"},"acf":[],"yoast_head":"<!-- This site is optimized with the Yoast SEO plugin v27.4 - https:\/\/yoast.com\/product\/yoast-seo-wordpress\/ -->\n<title>Ontario Kitten Chicken 0,4 kg - SHOPATOA.COM<\/title>\n<meta name=\"robots\" content=\"index, follow, max-snippet:-1, max-image-preview:large, max-video-preview:-1\" \/>\n<link rel=\"canonical\" href=\"https:\/\/shopatoa.com\/cz\/ontario-kitten-chicken-04-kg\/\" \/>\n<meta property=\"og:locale\" content=\"cs_CZ\" \/>\n<meta property=\"og:type\" content=\"article\" \/>\n<meta property=\"og:title\" content=\"Ontario Kitten Chicken 0,4 kg - SHOPATOA.COM\" \/>\n<meta property=\"og:description\" content=\"Superpr\u00e9miov\u00e9, kompletn\u00ed krmivo pro ko\u0165ata (1-12 m\u011bs\u00edc\u016f). Receptura s n\u00edzk\u00fdm obsahem obilovin. Vysoce kvalitn\u00ed, superpr\u00e9miov\u00e9 krmivo pro ko\u0165ata (1-12 m\u011bs\u00edc\u016f) a b\u0159ez\u00ed ko\u010dky s\u00a0n\u00edzk\u00fdm obsahem obilovin. Bohat\u00e9 a nutri\u010dn\u011b vyv\u00e1\u017een\u00e9 slo\u017een\u00ed, kter\u00e9 je z\u00e1kladn\u00edm pil\u00ed\u0159em pro zdrav\u00fd a dlouh\u00fd \u017eivot. Receptura poskytuje nejenom v\u0161echny nezbytn\u00e9 slo\u017eky stravy pro spr\u00e1vn\u00fd r\u016fst, v\u00fdvoj a prosperitu kot\u011bte, ale...\" \/>\n<meta property=\"og:url\" content=\"https:\/\/shopatoa.com\/cz\/ontario-kitten-chicken-04-kg\/\" \/>\n<meta property=\"og:site_name\" content=\"SHOPATOA\" \/>\n<meta property=\"article:modified_time\" content=\"2026-02-01T07:38:54+00:00\" \/>\n<meta property=\"og:image\" content=\"https:\/\/storage.googleapis.com\/cz-shopatoa-img\/cz\/1eb15807-1_52739.jpg\" \/>\n\t<meta property=\"og:image:width\" content=\"600\" \/>\n\t<meta property=\"og:image:height\" content=\"600\" \/>\n\t<meta property=\"og:image:type\" content=\"image\/jpeg\" \/>\n<meta name=\"twitter:card\" content=\"summary_large_image\" \/>\n<meta name=\"twitter:label1\" content=\"Odhadovan\u00e1 doba \u010dten\u00ed\" \/>\n\t<meta name=\"twitter:data1\" content=\"1 minuta\" \/>\n<script type=\"application\/ld+json\" class=\"yoast-schema-graph\">{\"@context\":\"https:\\\/\\\/schema.org\",\"@graph\":[{\"@type\":\"WebPage\",\"@id\":\"https:\\\/\\\/shopatoa.com\\\/cz\\\/ontario-kitten-chicken-04-kg\\\/\",\"url\":\"https:\\\/\\\/shopatoa.com\\\/cz\\\/ontario-kitten-chicken-04-kg\\\/\",\"name\":\"Ontario Kitten Chicken 0,4 kg - SHOPATOA.COM\",\"isPartOf\":{\"@id\":\"https:\\\/\\\/shopatoa.com\\\/cz\\\/#website\"},\"primaryImageOfPage\":{\"@id\":\"https:\\\/\\\/shopatoa.com\\\/cz\\\/ontario-kitten-chicken-04-kg\\\/#primaryimage\"},\"image\":{\"@id\":\"https:\\\/\\\/shopatoa.com\\\/cz\\\/ontario-kitten-chicken-04-kg\\\/#primaryimage\"},\"thumbnailUrl\":\"https:\\\/\\\/storage.googleapis.com\\\/cz-shopatoa-img\\\/cz\\\/1eb15807-1_52739.jpg\",\"datePublished\":\"2025-04-02T21:20:47+00:00\",\"dateModified\":\"2026-02-01T07:38:54+00:00\",\"breadcrumb\":{\"@id\":\"https:\\\/\\\/shopatoa.com\\\/cz\\\/ontario-kitten-chicken-04-kg\\\/#breadcrumb\"},\"inLanguage\":\"cs\",\"potentialAction\":[{\"@type\":\"ReadAction\",\"target\":[\"https:\\\/\\\/shopatoa.com\\\/cz\\\/ontario-kitten-chicken-04-kg\\\/\"]}]},{\"@type\":\"ImageObject\",\"inLanguage\":\"cs\",\"@id\":\"https:\\\/\\\/shopatoa.com\\\/cz\\\/ontario-kitten-chicken-04-kg\\\/#primaryimage\",\"url\":\"https:\\\/\\\/storage.googleapis.com\\\/cz-shopatoa-img\\\/cz\\\/1eb15807-1_52739.jpg\",\"contentUrl\":\"https:\\\/\\\/storage.googleapis.com\\\/cz-shopatoa-img\\\/cz\\\/1eb15807-1_52739.jpg\",\"width\":600,\"height\":600},{\"@type\":\"BreadcrumbList\",\"@id\":\"https:\\\/\\\/shopatoa.com\\\/cz\\\/ontario-kitten-chicken-04-kg\\\/#breadcrumb\",\"itemListElement\":[{\"@type\":\"ListItem\",\"position\":1,\"name\":\"Dom\u016f\",\"item\":\"https:\\\/\\\/shopatoa.com\\\/cz\\\/\"},{\"@type\":\"ListItem\",\"position\":2,\"name\":\"Produkty\",\"item\":\"https:\\\/\\\/shopatoa.com\\\/cz\\\/shop\\\/\"},{\"@type\":\"ListItem\",\"position\":3,\"name\":\"Chovatelsk\u00e9 pot\u0159eby\",\"item\":\"https:\\\/\\\/shopatoa.com\\\/cz\\\/chovatelske-potreby-2\\\/\"},{\"@type\":\"ListItem\",\"position\":4,\"name\":\"Pro ko\u010dky\",\"item\":\"https:\\\/\\\/shopatoa.com\\\/cz\\\/pro-kocky-chovatelske-potreby-2\\\/\"},{\"@type\":\"ListItem\",\"position\":5,\"name\":\"Krmivo pro ko\u010dky\",\"item\":\"https:\\\/\\\/shopatoa.com\\\/cz\\\/krmivo-pro-kocky-pro-kocky-chovatelske-potreby-2\\\/\"},{\"@type\":\"ListItem\",\"position\":6,\"name\":\"Granule pro ko\u010dky\",\"item\":\"https:\\\/\\\/shopatoa.com\\\/cz\\\/granule-pro-kocky\\\/\"},{\"@type\":\"ListItem\",\"position\":7,\"name\":\"Ontario Kitten Chicken 0,4 kg\"}]},{\"@type\":\"WebSite\",\"@id\":\"https:\\\/\\\/shopatoa.com\\\/cz\\\/#website\",\"url\":\"https:\\\/\\\/shopatoa.com\\\/cz\\\/\",\"name\":\"SHOPATOA\",\"description\":\"\",\"publisher\":{\"@id\":\"https:\\\/\\\/shopatoa.com\\\/cz\\\/#organization\"},\"potentialAction\":[{\"@type\":\"SearchAction\",\"target\":{\"@type\":\"EntryPoint\",\"urlTemplate\":\"https:\\\/\\\/shopatoa.com\\\/cz\\\/?s={search_term_string}\"},\"query-input\":{\"@type\":\"PropertyValueSpecification\",\"valueRequired\":true,\"valueName\":\"search_term_string\"}}],\"inLanguage\":\"cs\"},{\"@type\":\"Organization\",\"@id\":\"https:\\\/\\\/shopatoa.com\\\/cz\\\/#organization\",\"name\":\"SHOPATOA Digital s.r.o.\",\"url\":\"https:\\\/\\\/shopatoa.com\\\/cz\\\/\",\"logo\":{\"@type\":\"ImageObject\",\"inLanguage\":\"cs\",\"@id\":\"https:\\\/\\\/shopatoa.com\\\/cz\\\/#\\\/schema\\\/logo\\\/image\\\/\",\"url\":\"https:\\\/\\\/storage.googleapis.com\\\/cz-shopatoa-img\\\/cz\\\/ebccf434-shopatoa_logo.png\",\"contentUrl\":\"https:\\\/\\\/storage.googleapis.com\\\/cz-shopatoa-img\\\/cz\\\/ebccf434-shopatoa_logo.png\",\"width\":416,\"height\":63,\"caption\":\"SHOPATOA Digital s.r.o.\"},\"image\":{\"@id\":\"https:\\\/\\\/shopatoa.com\\\/cz\\\/#\\\/schema\\\/logo\\\/image\\\/\"}}]}<\/script>\n<!-- \/ Yoast SEO plugin. -->","yoast_head_json":{"title":"Ontario Kitten Chicken 0,4 kg - SHOPATOA.COM","robots":{"index":"index","follow":"follow","max-snippet":"max-snippet:-1","max-image-preview":"max-image-preview:large","max-video-preview":"max-video-preview:-1"},"canonical":"https:\/\/shopatoa.com\/cz\/ontario-kitten-chicken-04-kg\/","og_locale":"cs_CZ","og_type":"article","og_title":"Ontario Kitten Chicken 0,4 kg - SHOPATOA.COM","og_description":"Superpr\u00e9miov\u00e9, kompletn\u00ed krmivo pro ko\u0165ata (1-12 m\u011bs\u00edc\u016f). Receptura s n\u00edzk\u00fdm obsahem obilovin. Vysoce kvalitn\u00ed, superpr\u00e9miov\u00e9 krmivo pro ko\u0165ata (1-12 m\u011bs\u00edc\u016f) a b\u0159ez\u00ed ko\u010dky s\u00a0n\u00edzk\u00fdm obsahem obilovin. Bohat\u00e9 a nutri\u010dn\u011b vyv\u00e1\u017een\u00e9 slo\u017een\u00ed, kter\u00e9 je z\u00e1kladn\u00edm pil\u00ed\u0159em pro zdrav\u00fd a dlouh\u00fd \u017eivot. Receptura poskytuje nejenom v\u0161echny nezbytn\u00e9 slo\u017eky stravy pro spr\u00e1vn\u00fd r\u016fst, v\u00fdvoj a prosperitu kot\u011bte, ale...","og_url":"https:\/\/shopatoa.com\/cz\/ontario-kitten-chicken-04-kg\/","og_site_name":"SHOPATOA","article_modified_time":"2026-02-01T07:38:54+00:00","og_image":[{"width":600,"height":600,"url":"https:\/\/storage.googleapis.com\/cz-shopatoa-img\/cz\/1eb15807-1_52739.jpg","type":"image\/jpeg"}],"twitter_card":"summary_large_image","twitter_misc":{"Odhadovan\u00e1 doba \u010dten\u00ed":"1 minuta"},"schema":{"@context":"https:\/\/schema.org","@graph":[{"@type":"WebPage","@id":"https:\/\/shopatoa.com\/cz\/ontario-kitten-chicken-04-kg\/","url":"https:\/\/shopatoa.com\/cz\/ontario-kitten-chicken-04-kg\/","name":"Ontario Kitten Chicken 0,4 kg - SHOPATOA.COM","isPartOf":{"@id":"https:\/\/shopatoa.com\/cz\/#website"},"primaryImageOfPage":{"@id":"https:\/\/shopatoa.com\/cz\/ontario-kitten-chicken-04-kg\/#primaryimage"},"image":{"@id":"https:\/\/shopatoa.com\/cz\/ontario-kitten-chicken-04-kg\/#primaryimage"},"thumbnailUrl":"https:\/\/storage.googleapis.com\/cz-shopatoa-img\/cz\/1eb15807-1_52739.jpg","datePublished":"2025-04-02T21:20:47+00:00","dateModified":"2026-02-01T07:38:54+00:00","breadcrumb":{"@id":"https:\/\/shopatoa.com\/cz\/ontario-kitten-chicken-04-kg\/#breadcrumb"},"inLanguage":"cs","potentialAction":[{"@type":"ReadAction","target":["https:\/\/shopatoa.com\/cz\/ontario-kitten-chicken-04-kg\/"]}]},{"@type":"ImageObject","inLanguage":"cs","@id":"https:\/\/shopatoa.com\/cz\/ontario-kitten-chicken-04-kg\/#primaryimage","url":"https:\/\/storage.googleapis.com\/cz-shopatoa-img\/cz\/1eb15807-1_52739.jpg","contentUrl":"https:\/\/storage.googleapis.com\/cz-shopatoa-img\/cz\/1eb15807-1_52739.jpg","width":600,"height":600},{"@type":"BreadcrumbList","@id":"https:\/\/shopatoa.com\/cz\/ontario-kitten-chicken-04-kg\/#breadcrumb","itemListElement":[{"@type":"ListItem","position":1,"name":"Dom\u016f","item":"https:\/\/shopatoa.com\/cz\/"},{"@type":"ListItem","position":2,"name":"Produkty","item":"https:\/\/shopatoa.com\/cz\/shop\/"},{"@type":"ListItem","position":3,"name":"Chovatelsk\u00e9 pot\u0159eby","item":"https:\/\/shopatoa.com\/cz\/chovatelske-potreby-2\/"},{"@type":"ListItem","position":4,"name":"Pro ko\u010dky","item":"https:\/\/shopatoa.com\/cz\/pro-kocky-chovatelske-potreby-2\/"},{"@type":"ListItem","position":5,"name":"Krmivo pro ko\u010dky","item":"https:\/\/shopatoa.com\/cz\/krmivo-pro-kocky-pro-kocky-chovatelske-potreby-2\/"},{"@type":"ListItem","position":6,"name":"Granule pro ko\u010dky","item":"https:\/\/shopatoa.com\/cz\/granule-pro-kocky\/"},{"@type":"ListItem","position":7,"name":"Ontario Kitten Chicken 0,4 kg"}]},{"@type":"WebSite","@id":"https:\/\/shopatoa.com\/cz\/#website","url":"https:\/\/shopatoa.com\/cz\/","name":"SHOPATOA","description":"","publisher":{"@id":"https:\/\/shopatoa.com\/cz\/#organization"},"potentialAction":[{"@type":"SearchAction","target":{"@type":"EntryPoint","urlTemplate":"https:\/\/shopatoa.com\/cz\/?s={search_term_string}"},"query-input":{"@type":"PropertyValueSpecification","valueRequired":true,"valueName":"search_term_string"}}],"inLanguage":"cs"},{"@type":"Organization","@id":"https:\/\/shopatoa.com\/cz\/#organization","name":"SHOPATOA Digital s.r.o.","url":"https:\/\/shopatoa.com\/cz\/","logo":{"@type":"ImageObject","inLanguage":"cs","@id":"https:\/\/shopatoa.com\/cz\/#\/schema\/logo\/image\/","url":"https:\/\/storage.googleapis.com\/cz-shopatoa-img\/cz\/ebccf434-shopatoa_logo.png","contentUrl":"https:\/\/storage.googleapis.com\/cz-shopatoa-img\/cz\/ebccf434-shopatoa_logo.png","width":416,"height":63,"caption":"SHOPATOA Digital s.r.o."},"image":{"@id":"https:\/\/shopatoa.com\/cz\/#\/schema\/logo\/image\/"}}]}},"_links":{"self":[{"href":"https:\/\/shopatoa.com\/cz\/wp-json\/wp\/v2\/product\/247446","targetHints":{"allow":["GET"]}}],"collection":[{"href":"https:\/\/shopatoa.com\/cz\/wp-json\/wp\/v2\/product"}],"about":[{"href":"https:\/\/shopatoa.com\/cz\/wp-json\/wp\/v2\/types\/product"}],"replies":[{"embeddable":true,"href":"https:\/\/shopatoa.com\/cz\/wp-json\/wp\/v2\/comments?post=247446"}],"wp:featuredmedia":[{"embeddable":true,"href":"https:\/\/shopatoa.com\/cz\/wp-json\/wp\/v2\/media\/247447"}],"wp:attachment":[{"href":"https:\/\/shopatoa.com\/cz\/wp-json\/wp\/v2\/media?parent=247446"}],"wp:term":[{"taxonomy":"product_brand","embeddable":true,"href":"https:\/\/shopatoa.com\/cz\/wp-json\/wp\/v2\/product_brand?post=247446"},{"taxonomy":"product_cat","embeddable":true,"href":"https:\/\/shopatoa.com\/cz\/wp-json\/wp\/v2\/product_cat?post=247446"},{"taxonomy":"product_tag","embeddable":true,"href":"https:\/\/shopatoa.com\/cz\/wp-json\/wp\/v2\/product_tag?post=247446"}],"curies":[{"name":"wp","href":"https:\/\/api.w.org\/{rel}","templated":true}]}}