{"id":247538,"date":"2025-04-02T23:36:22","date_gmt":"2025-04-02T21:36:22","guid":{"rendered":"https:\/\/shopatoa.com\/cz\/?post_type=product&#038;p=247538"},"modified":"2026-02-01T21:41:37","modified_gmt":"2026-02-01T20:41:37","slug":"carnilove-dog-crunchy-snack-mackerel-with-raspberries-200g","status":"publish","type":"product","link":"https:\/\/shopatoa.com\/cz\/carnilove-dog-crunchy-snack-mackerel-with-raspberries-200g\/","title":{"rendered":"Carnilove Dog Crunchy Snack Mackerel with Raspberries 200g"},"content":{"rendered":"<p>Lahodn\u00fd pamlsek z makrely.<\/p>\n<p>\tVhodn\u00fd pro v\u0161echny psy<br \/>\n\tS malinami, p\u0159\u00edrodn\u00edm zdrojem antioxidant\u016f pro silnou imunitu<br \/>\n\tBez obilovin a p\u0159idan\u00e9ho cukru.<\/p>\n<p>Krmn\u00fd n\u00e1vod: K\u0159upav\u00e9 ob\u010derstven\u00ed s \u010derstv\u00fdm masem pro dokonal\u00e9 chutn\u00e9 o\u0161et\u0159en\u00ed a perfektn\u00ed dopln\u011bn\u00ed pravideln\u00e9 stravy va\u0161eho psa. Pod\u00e1vat denn\u011b jako odm\u011bnu, pro pozitivn\u00ed motiva\u010dn\u00ed tr\u00e9nink nebo jako l\u00e9\u010dbu pro spole\u010dn\u00e9 okam\u017eiky b\u011bhem dne. Ujist\u011bte se, \u017ee v\u00e1\u0161 ps\u00ed p\u0159\u00edtel m\u00e1 v\u017edy dostatek \u010derstv\u00e9 pitn\u00e9 vody.<\/p>\n<p>Slo\u017een\u00ed: makrela 50% (su\u0161en\u00e1 makrela 35%, \u010derstv\u00e1 makrela 15%), d\u00fdn\u011b 15%, \u017elut\u00fd hr\u00e1\u0161ek 8%, su\u0161en\u00e9 jablko 5%, mrkev 5%, cizrna 4%, maliny 4%, ku\u0159ec\u00ed tuk (konzervovan\u00fd tokoferoly) 4%, ln\u011bn\u00e9 sem\u00ednko 2%, su\u0161en\u00fd \u0161pen\u00e1t 2%, ln\u011bn\u00fd olej 1%<\/p>\n<p>Jakostn\u00ed znaky: surov\u00fd protein 32,0%, obsah tuku 10,0%,\u00a0 vlhkost 10,0%, surov\u00fd popel 7.2%, surov\u00e1 vl\u00e1kna 6,0%, v\u00e1pn\u00edk 1,2%, fosfor 0,8%, omega 3 0,4%, omega 6 1,1%<\/p>\n<p>Metabolizovateln\u00e1 energie: 3 350 kcal \/ kg<\/p>\n","protected":false},"excerpt":{"rendered":"<p>Lahodn\u00fd pamlsek z makrely. Vhodn\u00fd pro v\u0161echny psy S malinami, p\u0159\u00edrodn\u00edm zdrojem antioxidant\u016f pro silnou imunitu Bez obilovin a p\u0159idan\u00e9ho cukru. Krmn\u00fd n\u00e1vod: K\u0159upav\u00e9 ob\u010derstven\u00ed s \u010derstv\u00fdm masem pro dokonal\u00e9 chutn\u00e9 o\u0161et\u0159en\u00ed a perfektn\u00ed dopln\u011bn\u00ed pravideln\u00e9 stravy va\u0161eho psa. Pod\u00e1vat denn\u011b jako odm\u011bnu, pro pozitivn\u00ed motiva\u010dn\u00ed tr\u00e9nink nebo jako l\u00e9\u010dbu pro spole\u010dn\u00e9 okam\u017eiky b\u011bhem dne&#8230;.<\/p>\n","protected":false},"featured_media":247539,"comment_status":"closed","ping_status":"open","template":"","meta":{"_acf_changed":false,"_kadence_starter_templates_imported_post":false,"_kad_post_transparent":"","_kad_post_title":"","_kad_post_layout":"","_kad_post_sidebar_id":"","_kad_post_content_style":"","_kad_post_vertical_padding":"","_kad_post_feature":"","_kad_post_feature_position":"","_kad_post_header":false,"_kad_post_footer":false,"_kad_post_classname":""},"product_brand":[2684],"product_cat":[436,2568,2576,739],"product_tag":[],"class_list":{"0":"post-247538","1":"product","2":"type-product","3":"status-publish","4":"has-post-thumbnail","6":"product_brand-carnilove","7":"product_cat-chovatelske-potreby-2","8":"product_cat-krmivo-pro-psy-pro-psy-chovatelske-potreby-2","9":"product_cat-pamlsky-pro-psy","10":"product_cat-pro-psy-chovatelske-potreby-2","11":"pa_obchod-superzoo-cz","13":"first","14":"instock","15":"product-type-external","16":"entry","17":"content-bg","18":"loop-entry"},"acf":[],"yoast_head":"<!-- This site is optimized with the Yoast SEO plugin v27.4 - https:\/\/yoast.com\/product\/yoast-seo-wordpress\/ -->\n<title>Carnilove Dog Crunchy Snack Mackerel with Raspberries 200g - SHOPATOA.COM<\/title>\n<meta name=\"robots\" content=\"index, follow, max-snippet:-1, max-image-preview:large, max-video-preview:-1\" \/>\n<link rel=\"canonical\" href=\"https:\/\/shopatoa.com\/cz\/carnilove-dog-crunchy-snack-mackerel-with-raspberries-200g\/\" \/>\n<meta property=\"og:locale\" content=\"cs_CZ\" \/>\n<meta property=\"og:type\" content=\"article\" \/>\n<meta property=\"og:title\" content=\"Carnilove Dog Crunchy Snack Mackerel with Raspberries 200g - SHOPATOA.COM\" \/>\n<meta property=\"og:description\" content=\"Lahodn\u00fd pamlsek z makrely. Vhodn\u00fd pro v\u0161echny psy S malinami, p\u0159\u00edrodn\u00edm zdrojem antioxidant\u016f pro silnou imunitu Bez obilovin a p\u0159idan\u00e9ho cukru. Krmn\u00fd n\u00e1vod: K\u0159upav\u00e9 ob\u010derstven\u00ed s \u010derstv\u00fdm masem pro dokonal\u00e9 chutn\u00e9 o\u0161et\u0159en\u00ed a perfektn\u00ed dopln\u011bn\u00ed pravideln\u00e9 stravy va\u0161eho psa. Pod\u00e1vat denn\u011b jako odm\u011bnu, pro pozitivn\u00ed motiva\u010dn\u00ed tr\u00e9nink nebo jako l\u00e9\u010dbu pro spole\u010dn\u00e9 okam\u017eiky b\u011bhem dne....\" \/>\n<meta property=\"og:url\" content=\"https:\/\/shopatoa.com\/cz\/carnilove-dog-crunchy-snack-mackerel-with-raspberries-200g\/\" \/>\n<meta property=\"og:site_name\" content=\"SHOPATOA\" \/>\n<meta property=\"article:modified_time\" content=\"2026-02-01T20:41:37+00:00\" \/>\n<meta property=\"og:image\" content=\"https:\/\/storage.googleapis.com\/cz-shopatoa-img\/cz\/6d181ee2-1_51987.jpg\" \/>\n\t<meta property=\"og:image:width\" content=\"600\" \/>\n\t<meta property=\"og:image:height\" content=\"600\" \/>\n\t<meta property=\"og:image:type\" content=\"image\/jpeg\" \/>\n<meta name=\"twitter:card\" content=\"summary_large_image\" \/>\n<meta name=\"twitter:label1\" content=\"Odhadovan\u00e1 doba \u010dten\u00ed\" \/>\n\t<meta name=\"twitter:data1\" content=\"1 minuta\" \/>\n<script type=\"application\/ld+json\" class=\"yoast-schema-graph\">{\"@context\":\"https:\\\/\\\/schema.org\",\"@graph\":[{\"@type\":\"WebPage\",\"@id\":\"https:\\\/\\\/shopatoa.com\\\/cz\\\/carnilove-dog-crunchy-snack-mackerel-with-raspberries-200g\\\/\",\"url\":\"https:\\\/\\\/shopatoa.com\\\/cz\\\/carnilove-dog-crunchy-snack-mackerel-with-raspberries-200g\\\/\",\"name\":\"Carnilove Dog Crunchy Snack Mackerel with Raspberries 200g - SHOPATOA.COM\",\"isPartOf\":{\"@id\":\"https:\\\/\\\/shopatoa.com\\\/cz\\\/#website\"},\"primaryImageOfPage\":{\"@id\":\"https:\\\/\\\/shopatoa.com\\\/cz\\\/carnilove-dog-crunchy-snack-mackerel-with-raspberries-200g\\\/#primaryimage\"},\"image\":{\"@id\":\"https:\\\/\\\/shopatoa.com\\\/cz\\\/carnilove-dog-crunchy-snack-mackerel-with-raspberries-200g\\\/#primaryimage\"},\"thumbnailUrl\":\"https:\\\/\\\/storage.googleapis.com\\\/cz-shopatoa-img\\\/cz\\\/6d181ee2-1_51987.jpg\",\"datePublished\":\"2025-04-02T21:36:22+00:00\",\"dateModified\":\"2026-02-01T20:41:37+00:00\",\"breadcrumb\":{\"@id\":\"https:\\\/\\\/shopatoa.com\\\/cz\\\/carnilove-dog-crunchy-snack-mackerel-with-raspberries-200g\\\/#breadcrumb\"},\"inLanguage\":\"cs\",\"potentialAction\":[{\"@type\":\"ReadAction\",\"target\":[\"https:\\\/\\\/shopatoa.com\\\/cz\\\/carnilove-dog-crunchy-snack-mackerel-with-raspberries-200g\\\/\"]}]},{\"@type\":\"ImageObject\",\"inLanguage\":\"cs\",\"@id\":\"https:\\\/\\\/shopatoa.com\\\/cz\\\/carnilove-dog-crunchy-snack-mackerel-with-raspberries-200g\\\/#primaryimage\",\"url\":\"https:\\\/\\\/storage.googleapis.com\\\/cz-shopatoa-img\\\/cz\\\/6d181ee2-1_51987.jpg\",\"contentUrl\":\"https:\\\/\\\/storage.googleapis.com\\\/cz-shopatoa-img\\\/cz\\\/6d181ee2-1_51987.jpg\",\"width\":600,\"height\":600},{\"@type\":\"BreadcrumbList\",\"@id\":\"https:\\\/\\\/shopatoa.com\\\/cz\\\/carnilove-dog-crunchy-snack-mackerel-with-raspberries-200g\\\/#breadcrumb\",\"itemListElement\":[{\"@type\":\"ListItem\",\"position\":1,\"name\":\"Dom\u016f\",\"item\":\"https:\\\/\\\/shopatoa.com\\\/cz\\\/\"},{\"@type\":\"ListItem\",\"position\":2,\"name\":\"Produkty\",\"item\":\"https:\\\/\\\/shopatoa.com\\\/cz\\\/shop\\\/\"},{\"@type\":\"ListItem\",\"position\":3,\"name\":\"Chovatelsk\u00e9 pot\u0159eby\",\"item\":\"https:\\\/\\\/shopatoa.com\\\/cz\\\/chovatelske-potreby-2\\\/\"},{\"@type\":\"ListItem\",\"position\":4,\"name\":\"Pro psy\",\"item\":\"https:\\\/\\\/shopatoa.com\\\/cz\\\/pro-psy-chovatelske-potreby-2\\\/\"},{\"@type\":\"ListItem\",\"position\":5,\"name\":\"Krmivo pro psy\",\"item\":\"https:\\\/\\\/shopatoa.com\\\/cz\\\/krmivo-pro-psy-pro-psy-chovatelske-potreby-2\\\/\"},{\"@type\":\"ListItem\",\"position\":6,\"name\":\"Pamlsky pro psy\",\"item\":\"https:\\\/\\\/shopatoa.com\\\/cz\\\/pamlsky-pro-psy\\\/\"},{\"@type\":\"ListItem\",\"position\":7,\"name\":\"Carnilove Dog Crunchy Snack Mackerel with Raspberries 200g\"}]},{\"@type\":\"WebSite\",\"@id\":\"https:\\\/\\\/shopatoa.com\\\/cz\\\/#website\",\"url\":\"https:\\\/\\\/shopatoa.com\\\/cz\\\/\",\"name\":\"SHOPATOA\",\"description\":\"\",\"publisher\":{\"@id\":\"https:\\\/\\\/shopatoa.com\\\/cz\\\/#organization\"},\"potentialAction\":[{\"@type\":\"SearchAction\",\"target\":{\"@type\":\"EntryPoint\",\"urlTemplate\":\"https:\\\/\\\/shopatoa.com\\\/cz\\\/?s={search_term_string}\"},\"query-input\":{\"@type\":\"PropertyValueSpecification\",\"valueRequired\":true,\"valueName\":\"search_term_string\"}}],\"inLanguage\":\"cs\"},{\"@type\":\"Organization\",\"@id\":\"https:\\\/\\\/shopatoa.com\\\/cz\\\/#organization\",\"name\":\"SHOPATOA Digital s.r.o.\",\"url\":\"https:\\\/\\\/shopatoa.com\\\/cz\\\/\",\"logo\":{\"@type\":\"ImageObject\",\"inLanguage\":\"cs\",\"@id\":\"https:\\\/\\\/shopatoa.com\\\/cz\\\/#\\\/schema\\\/logo\\\/image\\\/\",\"url\":\"https:\\\/\\\/storage.googleapis.com\\\/cz-shopatoa-img\\\/cz\\\/ebccf434-shopatoa_logo.png\",\"contentUrl\":\"https:\\\/\\\/storage.googleapis.com\\\/cz-shopatoa-img\\\/cz\\\/ebccf434-shopatoa_logo.png\",\"width\":416,\"height\":63,\"caption\":\"SHOPATOA Digital s.r.o.\"},\"image\":{\"@id\":\"https:\\\/\\\/shopatoa.com\\\/cz\\\/#\\\/schema\\\/logo\\\/image\\\/\"}}]}<\/script>\n<!-- \/ Yoast SEO plugin. -->","yoast_head_json":{"title":"Carnilove Dog Crunchy Snack Mackerel with Raspberries 200g - SHOPATOA.COM","robots":{"index":"index","follow":"follow","max-snippet":"max-snippet:-1","max-image-preview":"max-image-preview:large","max-video-preview":"max-video-preview:-1"},"canonical":"https:\/\/shopatoa.com\/cz\/carnilove-dog-crunchy-snack-mackerel-with-raspberries-200g\/","og_locale":"cs_CZ","og_type":"article","og_title":"Carnilove Dog Crunchy Snack Mackerel with Raspberries 200g - SHOPATOA.COM","og_description":"Lahodn\u00fd pamlsek z makrely. Vhodn\u00fd pro v\u0161echny psy S malinami, p\u0159\u00edrodn\u00edm zdrojem antioxidant\u016f pro silnou imunitu Bez obilovin a p\u0159idan\u00e9ho cukru. Krmn\u00fd n\u00e1vod: K\u0159upav\u00e9 ob\u010derstven\u00ed s \u010derstv\u00fdm masem pro dokonal\u00e9 chutn\u00e9 o\u0161et\u0159en\u00ed a perfektn\u00ed dopln\u011bn\u00ed pravideln\u00e9 stravy va\u0161eho psa. Pod\u00e1vat denn\u011b jako odm\u011bnu, pro pozitivn\u00ed motiva\u010dn\u00ed tr\u00e9nink nebo jako l\u00e9\u010dbu pro spole\u010dn\u00e9 okam\u017eiky b\u011bhem dne....","og_url":"https:\/\/shopatoa.com\/cz\/carnilove-dog-crunchy-snack-mackerel-with-raspberries-200g\/","og_site_name":"SHOPATOA","article_modified_time":"2026-02-01T20:41:37+00:00","og_image":[{"width":600,"height":600,"url":"https:\/\/storage.googleapis.com\/cz-shopatoa-img\/cz\/6d181ee2-1_51987.jpg","type":"image\/jpeg"}],"twitter_card":"summary_large_image","twitter_misc":{"Odhadovan\u00e1 doba \u010dten\u00ed":"1 minuta"},"schema":{"@context":"https:\/\/schema.org","@graph":[{"@type":"WebPage","@id":"https:\/\/shopatoa.com\/cz\/carnilove-dog-crunchy-snack-mackerel-with-raspberries-200g\/","url":"https:\/\/shopatoa.com\/cz\/carnilove-dog-crunchy-snack-mackerel-with-raspberries-200g\/","name":"Carnilove Dog Crunchy Snack Mackerel with Raspberries 200g - SHOPATOA.COM","isPartOf":{"@id":"https:\/\/shopatoa.com\/cz\/#website"},"primaryImageOfPage":{"@id":"https:\/\/shopatoa.com\/cz\/carnilove-dog-crunchy-snack-mackerel-with-raspberries-200g\/#primaryimage"},"image":{"@id":"https:\/\/shopatoa.com\/cz\/carnilove-dog-crunchy-snack-mackerel-with-raspberries-200g\/#primaryimage"},"thumbnailUrl":"https:\/\/storage.googleapis.com\/cz-shopatoa-img\/cz\/6d181ee2-1_51987.jpg","datePublished":"2025-04-02T21:36:22+00:00","dateModified":"2026-02-01T20:41:37+00:00","breadcrumb":{"@id":"https:\/\/shopatoa.com\/cz\/carnilove-dog-crunchy-snack-mackerel-with-raspberries-200g\/#breadcrumb"},"inLanguage":"cs","potentialAction":[{"@type":"ReadAction","target":["https:\/\/shopatoa.com\/cz\/carnilove-dog-crunchy-snack-mackerel-with-raspberries-200g\/"]}]},{"@type":"ImageObject","inLanguage":"cs","@id":"https:\/\/shopatoa.com\/cz\/carnilove-dog-crunchy-snack-mackerel-with-raspberries-200g\/#primaryimage","url":"https:\/\/storage.googleapis.com\/cz-shopatoa-img\/cz\/6d181ee2-1_51987.jpg","contentUrl":"https:\/\/storage.googleapis.com\/cz-shopatoa-img\/cz\/6d181ee2-1_51987.jpg","width":600,"height":600},{"@type":"BreadcrumbList","@id":"https:\/\/shopatoa.com\/cz\/carnilove-dog-crunchy-snack-mackerel-with-raspberries-200g\/#breadcrumb","itemListElement":[{"@type":"ListItem","position":1,"name":"Dom\u016f","item":"https:\/\/shopatoa.com\/cz\/"},{"@type":"ListItem","position":2,"name":"Produkty","item":"https:\/\/shopatoa.com\/cz\/shop\/"},{"@type":"ListItem","position":3,"name":"Chovatelsk\u00e9 pot\u0159eby","item":"https:\/\/shopatoa.com\/cz\/chovatelske-potreby-2\/"},{"@type":"ListItem","position":4,"name":"Pro psy","item":"https:\/\/shopatoa.com\/cz\/pro-psy-chovatelske-potreby-2\/"},{"@type":"ListItem","position":5,"name":"Krmivo pro psy","item":"https:\/\/shopatoa.com\/cz\/krmivo-pro-psy-pro-psy-chovatelske-potreby-2\/"},{"@type":"ListItem","position":6,"name":"Pamlsky pro psy","item":"https:\/\/shopatoa.com\/cz\/pamlsky-pro-psy\/"},{"@type":"ListItem","position":7,"name":"Carnilove Dog Crunchy Snack Mackerel with Raspberries 200g"}]},{"@type":"WebSite","@id":"https:\/\/shopatoa.com\/cz\/#website","url":"https:\/\/shopatoa.com\/cz\/","name":"SHOPATOA","description":"","publisher":{"@id":"https:\/\/shopatoa.com\/cz\/#organization"},"potentialAction":[{"@type":"SearchAction","target":{"@type":"EntryPoint","urlTemplate":"https:\/\/shopatoa.com\/cz\/?s={search_term_string}"},"query-input":{"@type":"PropertyValueSpecification","valueRequired":true,"valueName":"search_term_string"}}],"inLanguage":"cs"},{"@type":"Organization","@id":"https:\/\/shopatoa.com\/cz\/#organization","name":"SHOPATOA Digital s.r.o.","url":"https:\/\/shopatoa.com\/cz\/","logo":{"@type":"ImageObject","inLanguage":"cs","@id":"https:\/\/shopatoa.com\/cz\/#\/schema\/logo\/image\/","url":"https:\/\/storage.googleapis.com\/cz-shopatoa-img\/cz\/ebccf434-shopatoa_logo.png","contentUrl":"https:\/\/storage.googleapis.com\/cz-shopatoa-img\/cz\/ebccf434-shopatoa_logo.png","width":416,"height":63,"caption":"SHOPATOA Digital s.r.o."},"image":{"@id":"https:\/\/shopatoa.com\/cz\/#\/schema\/logo\/image\/"}}]}},"_links":{"self":[{"href":"https:\/\/shopatoa.com\/cz\/wp-json\/wp\/v2\/product\/247538","targetHints":{"allow":["GET"]}}],"collection":[{"href":"https:\/\/shopatoa.com\/cz\/wp-json\/wp\/v2\/product"}],"about":[{"href":"https:\/\/shopatoa.com\/cz\/wp-json\/wp\/v2\/types\/product"}],"replies":[{"embeddable":true,"href":"https:\/\/shopatoa.com\/cz\/wp-json\/wp\/v2\/comments?post=247538"}],"wp:featuredmedia":[{"embeddable":true,"href":"https:\/\/shopatoa.com\/cz\/wp-json\/wp\/v2\/media\/247539"}],"wp:attachment":[{"href":"https:\/\/shopatoa.com\/cz\/wp-json\/wp\/v2\/media?parent=247538"}],"wp:term":[{"taxonomy":"product_brand","embeddable":true,"href":"https:\/\/shopatoa.com\/cz\/wp-json\/wp\/v2\/product_brand?post=247538"},{"taxonomy":"product_cat","embeddable":true,"href":"https:\/\/shopatoa.com\/cz\/wp-json\/wp\/v2\/product_cat?post=247538"},{"taxonomy":"product_tag","embeddable":true,"href":"https:\/\/shopatoa.com\/cz\/wp-json\/wp\/v2\/product_tag?post=247538"}],"curies":[{"name":"wp","href":"https:\/\/api.w.org\/{rel}","templated":true}]}}