{"id":247558,"date":"2025-04-02T23:40:49","date_gmt":"2025-04-02T21:40:49","guid":{"rendered":"https:\/\/shopatoa.com\/cz\/?post_type=product&#038;p=247558"},"modified":"2026-02-01T16:38:52","modified_gmt":"2026-02-01T15:38:52","slug":"brit-premium-by-nature-light-15kg","status":"publish","type":"product","link":"https:\/\/shopatoa.com\/cz\/brit-premium-by-nature-light-15kg\/","title":{"rendered":"Brit Premium by Nature Light 15kg"},"content":{"rendered":"<p>Kompletn\u00ed krmivo pro psy. Receptura s kr\u016ftou a ku\u0159etem pro psy s nadv\u00e1hou v\u0161ech plemen.<\/p>\n<p>\toptim\u00e1ln\u00ed regulace hmotnosti<br \/>\n\tkloubn\u00ed v\u00fd\u017eiva a podpora pohyblivosti<br \/>\n\tantistresov\u00fd faktor pro podporu srde\u010dn\u00edch funkc\u00ed<br \/>\n\tbezlepkov\u00e1 obilovina s vysokou nutri\u010dn\u00ed hodnotou<br \/>\n\tlep\u0161\u00ed chu\u0165 a stravitelnost<br \/>\n\tkolagen, sl\u00e1vka zeleno\u00fast\u00e1 a schr\u00e1nky kor\u00fd\u0161\u016f na klouby a chrupavky<br \/>\n\tvysok\u00e1 hladina omega-3 pro zdrav\u00e9 srdce, zdravou k\u016f\u017ei a lesklou srst<br \/>\n\tovoce a byliny pro dobr\u00e9 tr\u00e1ven\u00ed a imunitu<\/p>\n<p>Slo\u017een\u00ed<\/p>\n<p>kr\u016fta 30 % (dehydrovan\u00e1 20 %, vykost\u011bn\u00e1 10 %), ku\u0159e dehydrovan\u00e9 (10 %), oves, p\u0161enice, su\u0161en\u00e1 jablka, bambusov\u00e1 lignocelul\u00f3za, kuku\u0159ice, lososov\u00fd olej (2 %), hydrolyzovan\u00e1 ku\u0159ec\u00ed j\u00e1tra, ku\u0159ec\u00ed tuk (konzervovan\u00fd sm\u011bs\u00ed tokoferol\u016f), pivovarsk\u00e9 kvasnice, kolagen, ulity kor\u00fd\u0161\u016f (zdroj glukosaminu, 260 mg\/kg), chrupavky (zdroj chondroitinu, 180 mg\/kg), byliny a ovoce (h\u0159eb\u00ed\u010dek, citrusy, rozmar\u00fdn, kurkuma, 150 mg\/kg), mannan-oligosacharidy (150 mg\/kg), fruktooligosacharidy (100 mg\/kg), juka, mohave (100&#8230;<\/p>\n","protected":false},"excerpt":{"rendered":"<p>Kompletn\u00ed krmivo pro psy. Receptura s kr\u016ftou a ku\u0159etem pro psy s nadv\u00e1hou v\u0161ech plemen. optim\u00e1ln\u00ed regulace hmotnosti kloubn\u00ed v\u00fd\u017eiva a podpora pohyblivosti antistresov\u00fd faktor pro podporu srde\u010dn\u00edch funkc\u00ed bezlepkov\u00e1 obilovina s vysokou nutri\u010dn\u00ed hodnotou lep\u0161\u00ed chu\u0165 a stravitelnost kolagen, sl\u00e1vka zeleno\u00fast\u00e1 a schr\u00e1nky kor\u00fd\u0161\u016f na klouby a chrupavky vysok\u00e1 hladina omega-3 pro zdrav\u00e9 srdce,&#8230;<\/p>\n","protected":false},"featured_media":247559,"comment_status":"closed","ping_status":"open","template":"","meta":{"_acf_changed":false,"_kadence_starter_templates_imported_post":false,"_kad_post_transparent":"","_kad_post_title":"","_kad_post_layout":"","_kad_post_sidebar_id":"","_kad_post_content_style":"","_kad_post_vertical_padding":"","_kad_post_feature":"","_kad_post_feature_position":"","_kad_post_header":false,"_kad_post_footer":false,"_kad_post_classname":""},"product_brand":[2730],"product_cat":[436,2569,2568,739],"product_tag":[],"class_list":{"0":"post-247558","1":"product","2":"type-product","3":"status-publish","4":"has-post-thumbnail","6":"product_brand-brit-premium-by-nature","7":"product_cat-chovatelske-potreby-2","8":"product_cat-granule-pro-psy","9":"product_cat-krmivo-pro-psy-pro-psy-chovatelske-potreby-2","10":"product_cat-pro-psy-chovatelske-potreby-2","11":"pa_obchod-superzoo-cz","13":"first","14":"instock","15":"product-type-external","16":"entry","17":"content-bg","18":"loop-entry"},"acf":[],"yoast_head":"<!-- This site is optimized with the Yoast SEO plugin v27.4 - https:\/\/yoast.com\/product\/yoast-seo-wordpress\/ -->\n<title>Brit Premium by Nature Light 15kg - SHOPATOA.COM<\/title>\n<meta name=\"robots\" content=\"index, follow, max-snippet:-1, max-image-preview:large, max-video-preview:-1\" \/>\n<link rel=\"canonical\" href=\"https:\/\/shopatoa.com\/cz\/brit-premium-by-nature-light-15kg\/\" \/>\n<meta property=\"og:locale\" content=\"cs_CZ\" \/>\n<meta property=\"og:type\" content=\"article\" \/>\n<meta property=\"og:title\" content=\"Brit Premium by Nature Light 15kg - SHOPATOA.COM\" \/>\n<meta property=\"og:description\" content=\"Kompletn\u00ed krmivo pro psy. Receptura s kr\u016ftou a ku\u0159etem pro psy s nadv\u00e1hou v\u0161ech plemen. optim\u00e1ln\u00ed regulace hmotnosti kloubn\u00ed v\u00fd\u017eiva a podpora pohyblivosti antistresov\u00fd faktor pro podporu srde\u010dn\u00edch funkc\u00ed bezlepkov\u00e1 obilovina s vysokou nutri\u010dn\u00ed hodnotou lep\u0161\u00ed chu\u0165 a stravitelnost kolagen, sl\u00e1vka zeleno\u00fast\u00e1 a schr\u00e1nky kor\u00fd\u0161\u016f na klouby a chrupavky vysok\u00e1 hladina omega-3 pro zdrav\u00e9 srdce,...\" \/>\n<meta property=\"og:url\" content=\"https:\/\/shopatoa.com\/cz\/brit-premium-by-nature-light-15kg\/\" \/>\n<meta property=\"og:site_name\" content=\"SHOPATOA\" \/>\n<meta property=\"article:modified_time\" content=\"2026-02-01T15:38:52+00:00\" \/>\n<meta property=\"og:image\" content=\"https:\/\/storage.googleapis.com\/cz-shopatoa-img\/cz\/904f7143-1_52082.jpg\" \/>\n\t<meta property=\"og:image:width\" content=\"600\" \/>\n\t<meta property=\"og:image:height\" content=\"600\" \/>\n\t<meta property=\"og:image:type\" content=\"image\/jpeg\" \/>\n<meta name=\"twitter:card\" content=\"summary_large_image\" \/>\n<meta name=\"twitter:label1\" content=\"Odhadovan\u00e1 doba \u010dten\u00ed\" \/>\n\t<meta name=\"twitter:data1\" content=\"1 minuta\" \/>\n<script type=\"application\/ld+json\" class=\"yoast-schema-graph\">{\"@context\":\"https:\\\/\\\/schema.org\",\"@graph\":[{\"@type\":\"WebPage\",\"@id\":\"https:\\\/\\\/shopatoa.com\\\/cz\\\/brit-premium-by-nature-light-15kg\\\/\",\"url\":\"https:\\\/\\\/shopatoa.com\\\/cz\\\/brit-premium-by-nature-light-15kg\\\/\",\"name\":\"Brit Premium by Nature Light 15kg - SHOPATOA.COM\",\"isPartOf\":{\"@id\":\"https:\\\/\\\/shopatoa.com\\\/cz\\\/#website\"},\"primaryImageOfPage\":{\"@id\":\"https:\\\/\\\/shopatoa.com\\\/cz\\\/brit-premium-by-nature-light-15kg\\\/#primaryimage\"},\"image\":{\"@id\":\"https:\\\/\\\/shopatoa.com\\\/cz\\\/brit-premium-by-nature-light-15kg\\\/#primaryimage\"},\"thumbnailUrl\":\"https:\\\/\\\/storage.googleapis.com\\\/cz-shopatoa-img\\\/cz\\\/904f7143-1_52082.jpg\",\"datePublished\":\"2025-04-02T21:40:49+00:00\",\"dateModified\":\"2026-02-01T15:38:52+00:00\",\"breadcrumb\":{\"@id\":\"https:\\\/\\\/shopatoa.com\\\/cz\\\/brit-premium-by-nature-light-15kg\\\/#breadcrumb\"},\"inLanguage\":\"cs\",\"potentialAction\":[{\"@type\":\"ReadAction\",\"target\":[\"https:\\\/\\\/shopatoa.com\\\/cz\\\/brit-premium-by-nature-light-15kg\\\/\"]}]},{\"@type\":\"ImageObject\",\"inLanguage\":\"cs\",\"@id\":\"https:\\\/\\\/shopatoa.com\\\/cz\\\/brit-premium-by-nature-light-15kg\\\/#primaryimage\",\"url\":\"https:\\\/\\\/storage.googleapis.com\\\/cz-shopatoa-img\\\/cz\\\/904f7143-1_52082.jpg\",\"contentUrl\":\"https:\\\/\\\/storage.googleapis.com\\\/cz-shopatoa-img\\\/cz\\\/904f7143-1_52082.jpg\",\"width\":600,\"height\":600},{\"@type\":\"BreadcrumbList\",\"@id\":\"https:\\\/\\\/shopatoa.com\\\/cz\\\/brit-premium-by-nature-light-15kg\\\/#breadcrumb\",\"itemListElement\":[{\"@type\":\"ListItem\",\"position\":1,\"name\":\"Dom\u016f\",\"item\":\"https:\\\/\\\/shopatoa.com\\\/cz\\\/\"},{\"@type\":\"ListItem\",\"position\":2,\"name\":\"Produkty\",\"item\":\"https:\\\/\\\/shopatoa.com\\\/cz\\\/shop\\\/\"},{\"@type\":\"ListItem\",\"position\":3,\"name\":\"Chovatelsk\u00e9 pot\u0159eby\",\"item\":\"https:\\\/\\\/shopatoa.com\\\/cz\\\/chovatelske-potreby-2\\\/\"},{\"@type\":\"ListItem\",\"position\":4,\"name\":\"Pro psy\",\"item\":\"https:\\\/\\\/shopatoa.com\\\/cz\\\/pro-psy-chovatelske-potreby-2\\\/\"},{\"@type\":\"ListItem\",\"position\":5,\"name\":\"Krmivo pro psy\",\"item\":\"https:\\\/\\\/shopatoa.com\\\/cz\\\/krmivo-pro-psy-pro-psy-chovatelske-potreby-2\\\/\"},{\"@type\":\"ListItem\",\"position\":6,\"name\":\"Granule pro psy\",\"item\":\"https:\\\/\\\/shopatoa.com\\\/cz\\\/granule-pro-psy\\\/\"},{\"@type\":\"ListItem\",\"position\":7,\"name\":\"Brit Premium by Nature Light 15kg\"}]},{\"@type\":\"WebSite\",\"@id\":\"https:\\\/\\\/shopatoa.com\\\/cz\\\/#website\",\"url\":\"https:\\\/\\\/shopatoa.com\\\/cz\\\/\",\"name\":\"SHOPATOA\",\"description\":\"\",\"publisher\":{\"@id\":\"https:\\\/\\\/shopatoa.com\\\/cz\\\/#organization\"},\"potentialAction\":[{\"@type\":\"SearchAction\",\"target\":{\"@type\":\"EntryPoint\",\"urlTemplate\":\"https:\\\/\\\/shopatoa.com\\\/cz\\\/?s={search_term_string}\"},\"query-input\":{\"@type\":\"PropertyValueSpecification\",\"valueRequired\":true,\"valueName\":\"search_term_string\"}}],\"inLanguage\":\"cs\"},{\"@type\":\"Organization\",\"@id\":\"https:\\\/\\\/shopatoa.com\\\/cz\\\/#organization\",\"name\":\"SHOPATOA Digital s.r.o.\",\"url\":\"https:\\\/\\\/shopatoa.com\\\/cz\\\/\",\"logo\":{\"@type\":\"ImageObject\",\"inLanguage\":\"cs\",\"@id\":\"https:\\\/\\\/shopatoa.com\\\/cz\\\/#\\\/schema\\\/logo\\\/image\\\/\",\"url\":\"https:\\\/\\\/storage.googleapis.com\\\/cz-shopatoa-img\\\/cz\\\/ebccf434-shopatoa_logo.png\",\"contentUrl\":\"https:\\\/\\\/storage.googleapis.com\\\/cz-shopatoa-img\\\/cz\\\/ebccf434-shopatoa_logo.png\",\"width\":416,\"height\":63,\"caption\":\"SHOPATOA Digital s.r.o.\"},\"image\":{\"@id\":\"https:\\\/\\\/shopatoa.com\\\/cz\\\/#\\\/schema\\\/logo\\\/image\\\/\"}}]}<\/script>\n<!-- \/ Yoast SEO plugin. -->","yoast_head_json":{"title":"Brit Premium by Nature Light 15kg - SHOPATOA.COM","robots":{"index":"index","follow":"follow","max-snippet":"max-snippet:-1","max-image-preview":"max-image-preview:large","max-video-preview":"max-video-preview:-1"},"canonical":"https:\/\/shopatoa.com\/cz\/brit-premium-by-nature-light-15kg\/","og_locale":"cs_CZ","og_type":"article","og_title":"Brit Premium by Nature Light 15kg - SHOPATOA.COM","og_description":"Kompletn\u00ed krmivo pro psy. Receptura s kr\u016ftou a ku\u0159etem pro psy s nadv\u00e1hou v\u0161ech plemen. optim\u00e1ln\u00ed regulace hmotnosti kloubn\u00ed v\u00fd\u017eiva a podpora pohyblivosti antistresov\u00fd faktor pro podporu srde\u010dn\u00edch funkc\u00ed bezlepkov\u00e1 obilovina s vysokou nutri\u010dn\u00ed hodnotou lep\u0161\u00ed chu\u0165 a stravitelnost kolagen, sl\u00e1vka zeleno\u00fast\u00e1 a schr\u00e1nky kor\u00fd\u0161\u016f na klouby a chrupavky vysok\u00e1 hladina omega-3 pro zdrav\u00e9 srdce,...","og_url":"https:\/\/shopatoa.com\/cz\/brit-premium-by-nature-light-15kg\/","og_site_name":"SHOPATOA","article_modified_time":"2026-02-01T15:38:52+00:00","og_image":[{"width":600,"height":600,"url":"https:\/\/storage.googleapis.com\/cz-shopatoa-img\/cz\/904f7143-1_52082.jpg","type":"image\/jpeg"}],"twitter_card":"summary_large_image","twitter_misc":{"Odhadovan\u00e1 doba \u010dten\u00ed":"1 minuta"},"schema":{"@context":"https:\/\/schema.org","@graph":[{"@type":"WebPage","@id":"https:\/\/shopatoa.com\/cz\/brit-premium-by-nature-light-15kg\/","url":"https:\/\/shopatoa.com\/cz\/brit-premium-by-nature-light-15kg\/","name":"Brit Premium by Nature Light 15kg - SHOPATOA.COM","isPartOf":{"@id":"https:\/\/shopatoa.com\/cz\/#website"},"primaryImageOfPage":{"@id":"https:\/\/shopatoa.com\/cz\/brit-premium-by-nature-light-15kg\/#primaryimage"},"image":{"@id":"https:\/\/shopatoa.com\/cz\/brit-premium-by-nature-light-15kg\/#primaryimage"},"thumbnailUrl":"https:\/\/storage.googleapis.com\/cz-shopatoa-img\/cz\/904f7143-1_52082.jpg","datePublished":"2025-04-02T21:40:49+00:00","dateModified":"2026-02-01T15:38:52+00:00","breadcrumb":{"@id":"https:\/\/shopatoa.com\/cz\/brit-premium-by-nature-light-15kg\/#breadcrumb"},"inLanguage":"cs","potentialAction":[{"@type":"ReadAction","target":["https:\/\/shopatoa.com\/cz\/brit-premium-by-nature-light-15kg\/"]}]},{"@type":"ImageObject","inLanguage":"cs","@id":"https:\/\/shopatoa.com\/cz\/brit-premium-by-nature-light-15kg\/#primaryimage","url":"https:\/\/storage.googleapis.com\/cz-shopatoa-img\/cz\/904f7143-1_52082.jpg","contentUrl":"https:\/\/storage.googleapis.com\/cz-shopatoa-img\/cz\/904f7143-1_52082.jpg","width":600,"height":600},{"@type":"BreadcrumbList","@id":"https:\/\/shopatoa.com\/cz\/brit-premium-by-nature-light-15kg\/#breadcrumb","itemListElement":[{"@type":"ListItem","position":1,"name":"Dom\u016f","item":"https:\/\/shopatoa.com\/cz\/"},{"@type":"ListItem","position":2,"name":"Produkty","item":"https:\/\/shopatoa.com\/cz\/shop\/"},{"@type":"ListItem","position":3,"name":"Chovatelsk\u00e9 pot\u0159eby","item":"https:\/\/shopatoa.com\/cz\/chovatelske-potreby-2\/"},{"@type":"ListItem","position":4,"name":"Pro psy","item":"https:\/\/shopatoa.com\/cz\/pro-psy-chovatelske-potreby-2\/"},{"@type":"ListItem","position":5,"name":"Krmivo pro psy","item":"https:\/\/shopatoa.com\/cz\/krmivo-pro-psy-pro-psy-chovatelske-potreby-2\/"},{"@type":"ListItem","position":6,"name":"Granule pro psy","item":"https:\/\/shopatoa.com\/cz\/granule-pro-psy\/"},{"@type":"ListItem","position":7,"name":"Brit Premium by Nature Light 15kg"}]},{"@type":"WebSite","@id":"https:\/\/shopatoa.com\/cz\/#website","url":"https:\/\/shopatoa.com\/cz\/","name":"SHOPATOA","description":"","publisher":{"@id":"https:\/\/shopatoa.com\/cz\/#organization"},"potentialAction":[{"@type":"SearchAction","target":{"@type":"EntryPoint","urlTemplate":"https:\/\/shopatoa.com\/cz\/?s={search_term_string}"},"query-input":{"@type":"PropertyValueSpecification","valueRequired":true,"valueName":"search_term_string"}}],"inLanguage":"cs"},{"@type":"Organization","@id":"https:\/\/shopatoa.com\/cz\/#organization","name":"SHOPATOA Digital s.r.o.","url":"https:\/\/shopatoa.com\/cz\/","logo":{"@type":"ImageObject","inLanguage":"cs","@id":"https:\/\/shopatoa.com\/cz\/#\/schema\/logo\/image\/","url":"https:\/\/storage.googleapis.com\/cz-shopatoa-img\/cz\/ebccf434-shopatoa_logo.png","contentUrl":"https:\/\/storage.googleapis.com\/cz-shopatoa-img\/cz\/ebccf434-shopatoa_logo.png","width":416,"height":63,"caption":"SHOPATOA Digital s.r.o."},"image":{"@id":"https:\/\/shopatoa.com\/cz\/#\/schema\/logo\/image\/"}}]}},"_links":{"self":[{"href":"https:\/\/shopatoa.com\/cz\/wp-json\/wp\/v2\/product\/247558","targetHints":{"allow":["GET"]}}],"collection":[{"href":"https:\/\/shopatoa.com\/cz\/wp-json\/wp\/v2\/product"}],"about":[{"href":"https:\/\/shopatoa.com\/cz\/wp-json\/wp\/v2\/types\/product"}],"replies":[{"embeddable":true,"href":"https:\/\/shopatoa.com\/cz\/wp-json\/wp\/v2\/comments?post=247558"}],"wp:featuredmedia":[{"embeddable":true,"href":"https:\/\/shopatoa.com\/cz\/wp-json\/wp\/v2\/media\/247559"}],"wp:attachment":[{"href":"https:\/\/shopatoa.com\/cz\/wp-json\/wp\/v2\/media?parent=247558"}],"wp:term":[{"taxonomy":"product_brand","embeddable":true,"href":"https:\/\/shopatoa.com\/cz\/wp-json\/wp\/v2\/product_brand?post=247558"},{"taxonomy":"product_cat","embeddable":true,"href":"https:\/\/shopatoa.com\/cz\/wp-json\/wp\/v2\/product_cat?post=247558"},{"taxonomy":"product_tag","embeddable":true,"href":"https:\/\/shopatoa.com\/cz\/wp-json\/wp\/v2\/product_tag?post=247558"}],"curies":[{"name":"wp","href":"https:\/\/api.w.org\/{rel}","templated":true}]}}