{"id":247614,"date":"2025-04-02T23:50:49","date_gmt":"2025-04-02T21:50:49","guid":{"rendered":"https:\/\/shopatoa.com\/cz\/?post_type=product&#038;p=247614"},"modified":"2026-01-31T14:10:22","modified_gmt":"2026-01-31T13:10:22","slug":"fontana-mini-catit-senses-2-0-flower","status":"publish","type":"product","link":"https:\/\/shopatoa.com\/cz\/fontana-mini-catit-senses-2-0-flower\/","title":{"rendered":"Font\u00e1na Mini Catit Senses 2.0 Flower"},"content":{"rendered":"<p>U\u017e nemus\u00edte b\u011bhem dne kontrolovat vodu v misce a p\u0159esto z\u016fstane \u010derstv\u00e1.<\/p>\n<p>Font\u00e1na je lehce p\u0159\u00edstupn\u00e1 tak\u00e9 ko\u0165at\u016fm a men\u0161\u00edm ko\u010dk\u00e1m.<\/p>\n<p>3 stupn\u011b pr\u016ftoku pro vyb\u00edrav\u00e9 ko\u010dky<\/p>\n<p>Vzhledem k tomu, \u017ee ko\u010dky jsou vyb\u00edrav\u00e9, Catit vyvinul kv\u011btinovou font\u00e1nu na pit\u00ed s 3 r\u016fzn\u00fdmi nastaven\u00edmi: m\u00edrn\u00fdm proud\u011bn\u00edm vody, bublinkovou \u0161pi\u010dkou nebo klidn\u00fdmi proudy.<\/p>\n<p>Pro zdrav\u00ed Va\u0161\u00ed ko\u010dky<\/p>\n<p>Pravideln\u00e9 pit\u00ed je d\u016fle\u017eit\u00e9 pro zdrav\u00ed Va\u0161\u00ed ko\u010dky, proto\u017ee pom\u00e1h\u00e1 zajistit spr\u00e1vnou funkci ledvin a p\u0159edch\u00e1z\u00ed tvorb\u011b krystal\u016f, kter\u00e9 mohou v\u00e9st k onemocn\u011bn\u00ed mo\u010dov\u00fdch cest.<\/p>\n<p>Snadn\u00e1 mont\u00e1\u017e a \u010di\u0161t\u011bn\u00ed<\/p>\n<p>Font\u00e1na Mini Flower se snadno \u010dist\u00ed. Ka\u017ed\u00fd komponent je snadno p\u0159\u00edstupn\u00fd a lze jej \u010distit vodou a p\u0159\u00edrodn\u00edm m\u00fddlem. Po \u010di\u0161t\u011bn\u00ed v\u017edy d\u016fkladn\u011b opl\u00e1chn\u011bte proudem vody.<\/p>\n<p>Filtra\u010dn\u00ed n\u00e1pln\u011b jsou sou\u010d\u00e1st\u00ed balen\u00ed<\/p>\n<p>Ujist\u011bte se, \u017ee pou\u017e\u00edv\u00e1te filtry Catit Mini pro Va\u0161i Mini Flower font\u00e1nu.<\/p>\n","protected":false},"excerpt":{"rendered":"<p>U\u017e nemus\u00edte b\u011bhem dne kontrolovat vodu v misce a p\u0159esto z\u016fstane \u010derstv\u00e1. Font\u00e1na je lehce p\u0159\u00edstupn\u00e1 tak\u00e9 ko\u0165at\u016fm a men\u0161\u00edm ko\u010dk\u00e1m. 3 stupn\u011b pr\u016ftoku pro vyb\u00edrav\u00e9 ko\u010dky Vzhledem k tomu, \u017ee ko\u010dky jsou vyb\u00edrav\u00e9, Catit vyvinul kv\u011btinovou font\u00e1nu na pit\u00ed s 3 r\u016fzn\u00fdmi nastaven\u00edmi: m\u00edrn\u00fdm proud\u011bn\u00edm vody, bublinkovou \u0161pi\u010dkou nebo klidn\u00fdmi proudy. Pro zdrav\u00ed Va\u0161\u00ed&#8230;<\/p>\n","protected":false},"featured_media":247615,"comment_status":"closed","ping_status":"open","template":"","meta":{"_acf_changed":false,"_kadence_starter_templates_imported_post":false,"_kad_post_transparent":"","_kad_post_title":"","_kad_post_layout":"","_kad_post_sidebar_id":"","_kad_post_content_style":"","_kad_post_vertical_padding":"","_kad_post_feature":"","_kad_post_feature_position":"","_kad_post_header":false,"_kad_post_footer":false,"_kad_post_classname":""},"product_brand":[2532],"product_cat":[436,2533,1464],"product_tag":[],"class_list":{"0":"post-247614","1":"product","2":"type-product","3":"status-publish","4":"has-post-thumbnail","6":"product_brand-cat-it","7":"product_cat-chovatelske-potreby-2","8":"product_cat-hracky-pro-kocky","9":"product_cat-pro-kocky-chovatelske-potreby-2","10":"pa_obchod-superzoo-cz","12":"first","13":"instock","14":"product-type-external","15":"entry","16":"content-bg","17":"loop-entry"},"acf":[],"yoast_head":"<!-- This site is optimized with the Yoast SEO plugin v27.4 - https:\/\/yoast.com\/product\/yoast-seo-wordpress\/ -->\n<title>Font\u00e1na Mini Catit Senses 2.0 Flower - SHOPATOA.COM<\/title>\n<meta name=\"robots\" content=\"index, follow, max-snippet:-1, max-image-preview:large, max-video-preview:-1\" \/>\n<link rel=\"canonical\" href=\"https:\/\/shopatoa.com\/cz\/fontana-mini-catit-senses-2-0-flower\/\" \/>\n<meta property=\"og:locale\" content=\"cs_CZ\" \/>\n<meta property=\"og:type\" content=\"article\" \/>\n<meta property=\"og:title\" content=\"Font\u00e1na Mini Catit Senses 2.0 Flower - SHOPATOA.COM\" \/>\n<meta property=\"og:description\" content=\"U\u017e nemus\u00edte b\u011bhem dne kontrolovat vodu v misce a p\u0159esto z\u016fstane \u010derstv\u00e1. Font\u00e1na je lehce p\u0159\u00edstupn\u00e1 tak\u00e9 ko\u0165at\u016fm a men\u0161\u00edm ko\u010dk\u00e1m. 3 stupn\u011b pr\u016ftoku pro vyb\u00edrav\u00e9 ko\u010dky Vzhledem k tomu, \u017ee ko\u010dky jsou vyb\u00edrav\u00e9, Catit vyvinul kv\u011btinovou font\u00e1nu na pit\u00ed s 3 r\u016fzn\u00fdmi nastaven\u00edmi: m\u00edrn\u00fdm proud\u011bn\u00edm vody, bublinkovou \u0161pi\u010dkou nebo klidn\u00fdmi proudy. Pro zdrav\u00ed Va\u0161\u00ed...\" \/>\n<meta property=\"og:url\" content=\"https:\/\/shopatoa.com\/cz\/fontana-mini-catit-senses-2-0-flower\/\" \/>\n<meta property=\"og:site_name\" content=\"SHOPATOA\" \/>\n<meta property=\"article:modified_time\" content=\"2026-01-31T13:10:22+00:00\" \/>\n<meta property=\"og:image\" content=\"https:\/\/storage.googleapis.com\/cz-shopatoa-img\/cz\/8ec5706b-1_52365.jpg\" \/>\n\t<meta property=\"og:image:width\" content=\"600\" \/>\n\t<meta property=\"og:image:height\" content=\"600\" \/>\n\t<meta property=\"og:image:type\" content=\"image\/jpeg\" \/>\n<meta name=\"twitter:card\" content=\"summary_large_image\" \/>\n<meta name=\"twitter:label1\" content=\"Odhadovan\u00e1 doba \u010dten\u00ed\" \/>\n\t<meta name=\"twitter:data1\" content=\"1 minuta\" \/>\n<script type=\"application\/ld+json\" class=\"yoast-schema-graph\">{\"@context\":\"https:\\\/\\\/schema.org\",\"@graph\":[{\"@type\":\"WebPage\",\"@id\":\"https:\\\/\\\/shopatoa.com\\\/cz\\\/fontana-mini-catit-senses-2-0-flower\\\/\",\"url\":\"https:\\\/\\\/shopatoa.com\\\/cz\\\/fontana-mini-catit-senses-2-0-flower\\\/\",\"name\":\"Font\u00e1na Mini Catit Senses 2.0 Flower - SHOPATOA.COM\",\"isPartOf\":{\"@id\":\"https:\\\/\\\/shopatoa.com\\\/cz\\\/#website\"},\"primaryImageOfPage\":{\"@id\":\"https:\\\/\\\/shopatoa.com\\\/cz\\\/fontana-mini-catit-senses-2-0-flower\\\/#primaryimage\"},\"image\":{\"@id\":\"https:\\\/\\\/shopatoa.com\\\/cz\\\/fontana-mini-catit-senses-2-0-flower\\\/#primaryimage\"},\"thumbnailUrl\":\"https:\\\/\\\/storage.googleapis.com\\\/cz-shopatoa-img\\\/cz\\\/8ec5706b-1_52365.jpg\",\"datePublished\":\"2025-04-02T21:50:49+00:00\",\"dateModified\":\"2026-01-31T13:10:22+00:00\",\"breadcrumb\":{\"@id\":\"https:\\\/\\\/shopatoa.com\\\/cz\\\/fontana-mini-catit-senses-2-0-flower\\\/#breadcrumb\"},\"inLanguage\":\"cs\",\"potentialAction\":[{\"@type\":\"ReadAction\",\"target\":[\"https:\\\/\\\/shopatoa.com\\\/cz\\\/fontana-mini-catit-senses-2-0-flower\\\/\"]}]},{\"@type\":\"ImageObject\",\"inLanguage\":\"cs\",\"@id\":\"https:\\\/\\\/shopatoa.com\\\/cz\\\/fontana-mini-catit-senses-2-0-flower\\\/#primaryimage\",\"url\":\"https:\\\/\\\/storage.googleapis.com\\\/cz-shopatoa-img\\\/cz\\\/8ec5706b-1_52365.jpg\",\"contentUrl\":\"https:\\\/\\\/storage.googleapis.com\\\/cz-shopatoa-img\\\/cz\\\/8ec5706b-1_52365.jpg\",\"width\":600,\"height\":600},{\"@type\":\"BreadcrumbList\",\"@id\":\"https:\\\/\\\/shopatoa.com\\\/cz\\\/fontana-mini-catit-senses-2-0-flower\\\/#breadcrumb\",\"itemListElement\":[{\"@type\":\"ListItem\",\"position\":1,\"name\":\"Dom\u016f\",\"item\":\"https:\\\/\\\/shopatoa.com\\\/cz\\\/\"},{\"@type\":\"ListItem\",\"position\":2,\"name\":\"Produkty\",\"item\":\"https:\\\/\\\/shopatoa.com\\\/cz\\\/shop\\\/\"},{\"@type\":\"ListItem\",\"position\":3,\"name\":\"Chovatelsk\u00e9 pot\u0159eby\",\"item\":\"https:\\\/\\\/shopatoa.com\\\/cz\\\/chovatelske-potreby-2\\\/\"},{\"@type\":\"ListItem\",\"position\":4,\"name\":\"Pro ko\u010dky\",\"item\":\"https:\\\/\\\/shopatoa.com\\\/cz\\\/pro-kocky-chovatelske-potreby-2\\\/\"},{\"@type\":\"ListItem\",\"position\":5,\"name\":\"Hra\u010dky pro ko\u010dky\",\"item\":\"https:\\\/\\\/shopatoa.com\\\/cz\\\/hracky-pro-kocky\\\/\"},{\"@type\":\"ListItem\",\"position\":6,\"name\":\"Font\u00e1na Mini Catit Senses 2.0 Flower\"}]},{\"@type\":\"WebSite\",\"@id\":\"https:\\\/\\\/shopatoa.com\\\/cz\\\/#website\",\"url\":\"https:\\\/\\\/shopatoa.com\\\/cz\\\/\",\"name\":\"SHOPATOA\",\"description\":\"\",\"publisher\":{\"@id\":\"https:\\\/\\\/shopatoa.com\\\/cz\\\/#organization\"},\"potentialAction\":[{\"@type\":\"SearchAction\",\"target\":{\"@type\":\"EntryPoint\",\"urlTemplate\":\"https:\\\/\\\/shopatoa.com\\\/cz\\\/?s={search_term_string}\"},\"query-input\":{\"@type\":\"PropertyValueSpecification\",\"valueRequired\":true,\"valueName\":\"search_term_string\"}}],\"inLanguage\":\"cs\"},{\"@type\":\"Organization\",\"@id\":\"https:\\\/\\\/shopatoa.com\\\/cz\\\/#organization\",\"name\":\"SHOPATOA Digital s.r.o.\",\"url\":\"https:\\\/\\\/shopatoa.com\\\/cz\\\/\",\"logo\":{\"@type\":\"ImageObject\",\"inLanguage\":\"cs\",\"@id\":\"https:\\\/\\\/shopatoa.com\\\/cz\\\/#\\\/schema\\\/logo\\\/image\\\/\",\"url\":\"https:\\\/\\\/storage.googleapis.com\\\/cz-shopatoa-img\\\/cz\\\/ebccf434-shopatoa_logo.png\",\"contentUrl\":\"https:\\\/\\\/storage.googleapis.com\\\/cz-shopatoa-img\\\/cz\\\/ebccf434-shopatoa_logo.png\",\"width\":416,\"height\":63,\"caption\":\"SHOPATOA Digital s.r.o.\"},\"image\":{\"@id\":\"https:\\\/\\\/shopatoa.com\\\/cz\\\/#\\\/schema\\\/logo\\\/image\\\/\"}}]}<\/script>\n<!-- \/ Yoast SEO plugin. -->","yoast_head_json":{"title":"Font\u00e1na Mini Catit Senses 2.0 Flower - SHOPATOA.COM","robots":{"index":"index","follow":"follow","max-snippet":"max-snippet:-1","max-image-preview":"max-image-preview:large","max-video-preview":"max-video-preview:-1"},"canonical":"https:\/\/shopatoa.com\/cz\/fontana-mini-catit-senses-2-0-flower\/","og_locale":"cs_CZ","og_type":"article","og_title":"Font\u00e1na Mini Catit Senses 2.0 Flower - SHOPATOA.COM","og_description":"U\u017e nemus\u00edte b\u011bhem dne kontrolovat vodu v misce a p\u0159esto z\u016fstane \u010derstv\u00e1. Font\u00e1na je lehce p\u0159\u00edstupn\u00e1 tak\u00e9 ko\u0165at\u016fm a men\u0161\u00edm ko\u010dk\u00e1m. 3 stupn\u011b pr\u016ftoku pro vyb\u00edrav\u00e9 ko\u010dky Vzhledem k tomu, \u017ee ko\u010dky jsou vyb\u00edrav\u00e9, Catit vyvinul kv\u011btinovou font\u00e1nu na pit\u00ed s 3 r\u016fzn\u00fdmi nastaven\u00edmi: m\u00edrn\u00fdm proud\u011bn\u00edm vody, bublinkovou \u0161pi\u010dkou nebo klidn\u00fdmi proudy. Pro zdrav\u00ed Va\u0161\u00ed...","og_url":"https:\/\/shopatoa.com\/cz\/fontana-mini-catit-senses-2-0-flower\/","og_site_name":"SHOPATOA","article_modified_time":"2026-01-31T13:10:22+00:00","og_image":[{"width":600,"height":600,"url":"https:\/\/storage.googleapis.com\/cz-shopatoa-img\/cz\/8ec5706b-1_52365.jpg","type":"image\/jpeg"}],"twitter_card":"summary_large_image","twitter_misc":{"Odhadovan\u00e1 doba \u010dten\u00ed":"1 minuta"},"schema":{"@context":"https:\/\/schema.org","@graph":[{"@type":"WebPage","@id":"https:\/\/shopatoa.com\/cz\/fontana-mini-catit-senses-2-0-flower\/","url":"https:\/\/shopatoa.com\/cz\/fontana-mini-catit-senses-2-0-flower\/","name":"Font\u00e1na Mini Catit Senses 2.0 Flower - SHOPATOA.COM","isPartOf":{"@id":"https:\/\/shopatoa.com\/cz\/#website"},"primaryImageOfPage":{"@id":"https:\/\/shopatoa.com\/cz\/fontana-mini-catit-senses-2-0-flower\/#primaryimage"},"image":{"@id":"https:\/\/shopatoa.com\/cz\/fontana-mini-catit-senses-2-0-flower\/#primaryimage"},"thumbnailUrl":"https:\/\/storage.googleapis.com\/cz-shopatoa-img\/cz\/8ec5706b-1_52365.jpg","datePublished":"2025-04-02T21:50:49+00:00","dateModified":"2026-01-31T13:10:22+00:00","breadcrumb":{"@id":"https:\/\/shopatoa.com\/cz\/fontana-mini-catit-senses-2-0-flower\/#breadcrumb"},"inLanguage":"cs","potentialAction":[{"@type":"ReadAction","target":["https:\/\/shopatoa.com\/cz\/fontana-mini-catit-senses-2-0-flower\/"]}]},{"@type":"ImageObject","inLanguage":"cs","@id":"https:\/\/shopatoa.com\/cz\/fontana-mini-catit-senses-2-0-flower\/#primaryimage","url":"https:\/\/storage.googleapis.com\/cz-shopatoa-img\/cz\/8ec5706b-1_52365.jpg","contentUrl":"https:\/\/storage.googleapis.com\/cz-shopatoa-img\/cz\/8ec5706b-1_52365.jpg","width":600,"height":600},{"@type":"BreadcrumbList","@id":"https:\/\/shopatoa.com\/cz\/fontana-mini-catit-senses-2-0-flower\/#breadcrumb","itemListElement":[{"@type":"ListItem","position":1,"name":"Dom\u016f","item":"https:\/\/shopatoa.com\/cz\/"},{"@type":"ListItem","position":2,"name":"Produkty","item":"https:\/\/shopatoa.com\/cz\/shop\/"},{"@type":"ListItem","position":3,"name":"Chovatelsk\u00e9 pot\u0159eby","item":"https:\/\/shopatoa.com\/cz\/chovatelske-potreby-2\/"},{"@type":"ListItem","position":4,"name":"Pro ko\u010dky","item":"https:\/\/shopatoa.com\/cz\/pro-kocky-chovatelske-potreby-2\/"},{"@type":"ListItem","position":5,"name":"Hra\u010dky pro ko\u010dky","item":"https:\/\/shopatoa.com\/cz\/hracky-pro-kocky\/"},{"@type":"ListItem","position":6,"name":"Font\u00e1na Mini Catit Senses 2.0 Flower"}]},{"@type":"WebSite","@id":"https:\/\/shopatoa.com\/cz\/#website","url":"https:\/\/shopatoa.com\/cz\/","name":"SHOPATOA","description":"","publisher":{"@id":"https:\/\/shopatoa.com\/cz\/#organization"},"potentialAction":[{"@type":"SearchAction","target":{"@type":"EntryPoint","urlTemplate":"https:\/\/shopatoa.com\/cz\/?s={search_term_string}"},"query-input":{"@type":"PropertyValueSpecification","valueRequired":true,"valueName":"search_term_string"}}],"inLanguage":"cs"},{"@type":"Organization","@id":"https:\/\/shopatoa.com\/cz\/#organization","name":"SHOPATOA Digital s.r.o.","url":"https:\/\/shopatoa.com\/cz\/","logo":{"@type":"ImageObject","inLanguage":"cs","@id":"https:\/\/shopatoa.com\/cz\/#\/schema\/logo\/image\/","url":"https:\/\/storage.googleapis.com\/cz-shopatoa-img\/cz\/ebccf434-shopatoa_logo.png","contentUrl":"https:\/\/storage.googleapis.com\/cz-shopatoa-img\/cz\/ebccf434-shopatoa_logo.png","width":416,"height":63,"caption":"SHOPATOA Digital s.r.o."},"image":{"@id":"https:\/\/shopatoa.com\/cz\/#\/schema\/logo\/image\/"}}]}},"_links":{"self":[{"href":"https:\/\/shopatoa.com\/cz\/wp-json\/wp\/v2\/product\/247614","targetHints":{"allow":["GET"]}}],"collection":[{"href":"https:\/\/shopatoa.com\/cz\/wp-json\/wp\/v2\/product"}],"about":[{"href":"https:\/\/shopatoa.com\/cz\/wp-json\/wp\/v2\/types\/product"}],"replies":[{"embeddable":true,"href":"https:\/\/shopatoa.com\/cz\/wp-json\/wp\/v2\/comments?post=247614"}],"wp:featuredmedia":[{"embeddable":true,"href":"https:\/\/shopatoa.com\/cz\/wp-json\/wp\/v2\/media\/247615"}],"wp:attachment":[{"href":"https:\/\/shopatoa.com\/cz\/wp-json\/wp\/v2\/media?parent=247614"}],"wp:term":[{"taxonomy":"product_brand","embeddable":true,"href":"https:\/\/shopatoa.com\/cz\/wp-json\/wp\/v2\/product_brand?post=247614"},{"taxonomy":"product_cat","embeddable":true,"href":"https:\/\/shopatoa.com\/cz\/wp-json\/wp\/v2\/product_cat?post=247614"},{"taxonomy":"product_tag","embeddable":true,"href":"https:\/\/shopatoa.com\/cz\/wp-json\/wp\/v2\/product_tag?post=247614"}],"curies":[{"name":"wp","href":"https:\/\/api.w.org\/{rel}","templated":true}]}}