{"id":247618,"date":"2025-04-02T23:51:07","date_gmt":"2025-04-02T21:51:07","guid":{"rendered":"https:\/\/shopatoa.com\/cz\/?post_type=product&#038;p=247618"},"modified":"2026-01-31T16:58:59","modified_gmt":"2026-01-31T15:58:59","slug":"carnilove-cat-semi-moist-snack-chicken-enriched-with-thyme-50g","status":"publish","type":"product","link":"https:\/\/shopatoa.com\/cz\/carnilove-cat-semi-moist-snack-chicken-enriched-with-thyme-50g\/","title":{"rendered":"Carnilove Cat Semi Moist Snack Chicken enriched with Thyme 50g"},"content":{"rendered":"<p>Lahodn\u00fd polom\u011bkk\u00fd pamlsek vhodn\u00fd pro v\u0161echny ko\u010dky.<\/p>\n<p>S tymi\u00e1nem, kter\u00fd pom\u00e1h\u00e1 udr\u017eet zdrav\u00e9 mo\u010dov\u00e9 cesty. <\/p>\n<p>S \u010derstv\u00fdm masem, bez obilovin a p\u0159idan\u00e9ho cukru. <\/p>\n<p>Krmn\u00fd n\u00e1vod: pou\u017eijte polom\u011bkk\u00e9 pamlsky jako odm\u011bnu k vytvo\u0159en\u00ed siln\u00e9ho vztahu se svou ko\u010dkou.<\/p>\n<p>Slo\u017een\u00ed: 40% su\u0161en\u00e9 ku\u0159ec\u00ed maso, \u017elut\u00fd hr\u00e1ch, tekut\u00fd zeleninov\u00fd \u0161krob, \u0161\u0165\u00e1va z ku\u0159ete, \u0161\u0165\u00e1va z dr\u016fbe\u017ee, kolagen, 1% tymi\u00e1n, lososov\u00fd olej. Jakostn\u00ed znaky: hrub\u00e9 proteiny 34%, vlhkost 17,0 %,hrub\u00e9 oleje a tuky 5%, hrub\u00e9 popeloviny 7%, hrub\u00e1 vl\u00e1knina 1,5%, v\u00e1pn\u00edk 0,8%, fosfor 0,7%, omega-3 mastn\u00e9 kyseliny 0,1%, omega-6 mastn\u00e9 kyseliny 0,6%. Metabolizovateln\u00e1 energie: 3130 kcal \/ kg.Polom\u011bkk\u00fd ku\u0159ec\u00ed pamlsek obohacen\u00fd o tymi\u00e1n.<\/p>\n","protected":false},"excerpt":{"rendered":"<p>Lahodn\u00fd polom\u011bkk\u00fd pamlsek vhodn\u00fd pro v\u0161echny ko\u010dky. S tymi\u00e1nem, kter\u00fd pom\u00e1h\u00e1 udr\u017eet zdrav\u00e9 mo\u010dov\u00e9 cesty. S \u010derstv\u00fdm masem, bez obilovin a p\u0159idan\u00e9ho cukru. Krmn\u00fd n\u00e1vod: pou\u017eijte polom\u011bkk\u00e9 pamlsky jako odm\u011bnu k vytvo\u0159en\u00ed siln\u00e9ho vztahu se svou ko\u010dkou. Slo\u017een\u00ed: 40% su\u0161en\u00e9 ku\u0159ec\u00ed maso, \u017elut\u00fd hr\u00e1ch, tekut\u00fd zeleninov\u00fd \u0161krob, \u0161\u0165\u00e1va z ku\u0159ete, \u0161\u0165\u00e1va z dr\u016fbe\u017ee, kolagen, 1%&#8230;<\/p>\n","protected":false},"featured_media":247619,"comment_status":"closed","ping_status":"open","template":"","meta":{"_acf_changed":false,"_kadence_starter_templates_imported_post":false,"_kad_post_transparent":"","_kad_post_title":"","_kad_post_layout":"","_kad_post_sidebar_id":"","_kad_post_content_style":"","_kad_post_vertical_padding":"","_kad_post_feature":"","_kad_post_feature_position":"","_kad_post_header":false,"_kad_post_footer":false,"_kad_post_classname":""},"product_brand":[2684],"product_cat":[436,1465,2581,1464],"product_tag":[],"class_list":{"0":"post-247618","1":"product","2":"type-product","3":"status-publish","4":"has-post-thumbnail","6":"product_brand-carnilove","7":"product_cat-chovatelske-potreby-2","8":"product_cat-krmivo-pro-kocky-pro-kocky-chovatelske-potreby-2","9":"product_cat-pamlsky-pro-kocky","10":"product_cat-pro-kocky-chovatelske-potreby-2","11":"pa_obchod-superzoo-cz","13":"first","14":"instock","15":"product-type-external","16":"entry","17":"content-bg","18":"loop-entry"},"acf":[],"yoast_head":"<!-- This site is optimized with the Yoast SEO plugin v27.4 - https:\/\/yoast.com\/product\/yoast-seo-wordpress\/ -->\n<title>Carnilove Cat Semi Moist Snack Chicken enriched with Thyme 50g - SHOPATOA.COM<\/title>\n<meta name=\"robots\" content=\"index, follow, max-snippet:-1, max-image-preview:large, max-video-preview:-1\" \/>\n<link rel=\"canonical\" href=\"https:\/\/shopatoa.com\/cz\/carnilove-cat-semi-moist-snack-chicken-enriched-with-thyme-50g\/\" \/>\n<meta property=\"og:locale\" content=\"cs_CZ\" \/>\n<meta property=\"og:type\" content=\"article\" \/>\n<meta property=\"og:title\" content=\"Carnilove Cat Semi Moist Snack Chicken enriched with Thyme 50g - SHOPATOA.COM\" \/>\n<meta property=\"og:description\" content=\"Lahodn\u00fd polom\u011bkk\u00fd pamlsek vhodn\u00fd pro v\u0161echny ko\u010dky. S tymi\u00e1nem, kter\u00fd pom\u00e1h\u00e1 udr\u017eet zdrav\u00e9 mo\u010dov\u00e9 cesty. S \u010derstv\u00fdm masem, bez obilovin a p\u0159idan\u00e9ho cukru. Krmn\u00fd n\u00e1vod: pou\u017eijte polom\u011bkk\u00e9 pamlsky jako odm\u011bnu k vytvo\u0159en\u00ed siln\u00e9ho vztahu se svou ko\u010dkou. Slo\u017een\u00ed: 40% su\u0161en\u00e9 ku\u0159ec\u00ed maso, \u017elut\u00fd hr\u00e1ch, tekut\u00fd zeleninov\u00fd \u0161krob, \u0161\u0165\u00e1va z ku\u0159ete, \u0161\u0165\u00e1va z dr\u016fbe\u017ee, kolagen, 1%...\" \/>\n<meta property=\"og:url\" content=\"https:\/\/shopatoa.com\/cz\/carnilove-cat-semi-moist-snack-chicken-enriched-with-thyme-50g\/\" \/>\n<meta property=\"og:site_name\" content=\"SHOPATOA\" \/>\n<meta property=\"article:modified_time\" content=\"2026-01-31T15:58:59+00:00\" \/>\n<meta property=\"og:image\" content=\"https:\/\/storage.googleapis.com\/cz-shopatoa-img\/cz\/5c91a636-1_52002.jpg\" \/>\n\t<meta property=\"og:image:width\" content=\"600\" \/>\n\t<meta property=\"og:image:height\" content=\"600\" \/>\n\t<meta property=\"og:image:type\" content=\"image\/jpeg\" \/>\n<meta name=\"twitter:card\" content=\"summary_large_image\" \/>\n<meta name=\"twitter:label1\" content=\"Odhadovan\u00e1 doba \u010dten\u00ed\" \/>\n\t<meta name=\"twitter:data1\" content=\"1 minuta\" \/>\n<script type=\"application\/ld+json\" class=\"yoast-schema-graph\">{\"@context\":\"https:\\\/\\\/schema.org\",\"@graph\":[{\"@type\":\"WebPage\",\"@id\":\"https:\\\/\\\/shopatoa.com\\\/cz\\\/carnilove-cat-semi-moist-snack-chicken-enriched-with-thyme-50g\\\/\",\"url\":\"https:\\\/\\\/shopatoa.com\\\/cz\\\/carnilove-cat-semi-moist-snack-chicken-enriched-with-thyme-50g\\\/\",\"name\":\"Carnilove Cat Semi Moist Snack Chicken enriched with Thyme 50g - SHOPATOA.COM\",\"isPartOf\":{\"@id\":\"https:\\\/\\\/shopatoa.com\\\/cz\\\/#website\"},\"primaryImageOfPage\":{\"@id\":\"https:\\\/\\\/shopatoa.com\\\/cz\\\/carnilove-cat-semi-moist-snack-chicken-enriched-with-thyme-50g\\\/#primaryimage\"},\"image\":{\"@id\":\"https:\\\/\\\/shopatoa.com\\\/cz\\\/carnilove-cat-semi-moist-snack-chicken-enriched-with-thyme-50g\\\/#primaryimage\"},\"thumbnailUrl\":\"https:\\\/\\\/storage.googleapis.com\\\/cz-shopatoa-img\\\/cz\\\/5c91a636-1_52002.jpg\",\"datePublished\":\"2025-04-02T21:51:07+00:00\",\"dateModified\":\"2026-01-31T15:58:59+00:00\",\"breadcrumb\":{\"@id\":\"https:\\\/\\\/shopatoa.com\\\/cz\\\/carnilove-cat-semi-moist-snack-chicken-enriched-with-thyme-50g\\\/#breadcrumb\"},\"inLanguage\":\"cs\",\"potentialAction\":[{\"@type\":\"ReadAction\",\"target\":[\"https:\\\/\\\/shopatoa.com\\\/cz\\\/carnilove-cat-semi-moist-snack-chicken-enriched-with-thyme-50g\\\/\"]}]},{\"@type\":\"ImageObject\",\"inLanguage\":\"cs\",\"@id\":\"https:\\\/\\\/shopatoa.com\\\/cz\\\/carnilove-cat-semi-moist-snack-chicken-enriched-with-thyme-50g\\\/#primaryimage\",\"url\":\"https:\\\/\\\/storage.googleapis.com\\\/cz-shopatoa-img\\\/cz\\\/5c91a636-1_52002.jpg\",\"contentUrl\":\"https:\\\/\\\/storage.googleapis.com\\\/cz-shopatoa-img\\\/cz\\\/5c91a636-1_52002.jpg\",\"width\":600,\"height\":600},{\"@type\":\"BreadcrumbList\",\"@id\":\"https:\\\/\\\/shopatoa.com\\\/cz\\\/carnilove-cat-semi-moist-snack-chicken-enriched-with-thyme-50g\\\/#breadcrumb\",\"itemListElement\":[{\"@type\":\"ListItem\",\"position\":1,\"name\":\"Dom\u016f\",\"item\":\"https:\\\/\\\/shopatoa.com\\\/cz\\\/\"},{\"@type\":\"ListItem\",\"position\":2,\"name\":\"Produkty\",\"item\":\"https:\\\/\\\/shopatoa.com\\\/cz\\\/shop\\\/\"},{\"@type\":\"ListItem\",\"position\":3,\"name\":\"Chovatelsk\u00e9 pot\u0159eby\",\"item\":\"https:\\\/\\\/shopatoa.com\\\/cz\\\/chovatelske-potreby-2\\\/\"},{\"@type\":\"ListItem\",\"position\":4,\"name\":\"Pro ko\u010dky\",\"item\":\"https:\\\/\\\/shopatoa.com\\\/cz\\\/pro-kocky-chovatelske-potreby-2\\\/\"},{\"@type\":\"ListItem\",\"position\":5,\"name\":\"Krmivo pro ko\u010dky\",\"item\":\"https:\\\/\\\/shopatoa.com\\\/cz\\\/krmivo-pro-kocky-pro-kocky-chovatelske-potreby-2\\\/\"},{\"@type\":\"ListItem\",\"position\":6,\"name\":\"Pamlsky pro ko\u010dky\",\"item\":\"https:\\\/\\\/shopatoa.com\\\/cz\\\/pamlsky-pro-kocky\\\/\"},{\"@type\":\"ListItem\",\"position\":7,\"name\":\"Carnilove Cat Semi Moist Snack Chicken enriched with Thyme 50g\"}]},{\"@type\":\"WebSite\",\"@id\":\"https:\\\/\\\/shopatoa.com\\\/cz\\\/#website\",\"url\":\"https:\\\/\\\/shopatoa.com\\\/cz\\\/\",\"name\":\"SHOPATOA\",\"description\":\"\",\"publisher\":{\"@id\":\"https:\\\/\\\/shopatoa.com\\\/cz\\\/#organization\"},\"potentialAction\":[{\"@type\":\"SearchAction\",\"target\":{\"@type\":\"EntryPoint\",\"urlTemplate\":\"https:\\\/\\\/shopatoa.com\\\/cz\\\/?s={search_term_string}\"},\"query-input\":{\"@type\":\"PropertyValueSpecification\",\"valueRequired\":true,\"valueName\":\"search_term_string\"}}],\"inLanguage\":\"cs\"},{\"@type\":\"Organization\",\"@id\":\"https:\\\/\\\/shopatoa.com\\\/cz\\\/#organization\",\"name\":\"SHOPATOA Digital s.r.o.\",\"url\":\"https:\\\/\\\/shopatoa.com\\\/cz\\\/\",\"logo\":{\"@type\":\"ImageObject\",\"inLanguage\":\"cs\",\"@id\":\"https:\\\/\\\/shopatoa.com\\\/cz\\\/#\\\/schema\\\/logo\\\/image\\\/\",\"url\":\"https:\\\/\\\/storage.googleapis.com\\\/cz-shopatoa-img\\\/cz\\\/ebccf434-shopatoa_logo.png\",\"contentUrl\":\"https:\\\/\\\/storage.googleapis.com\\\/cz-shopatoa-img\\\/cz\\\/ebccf434-shopatoa_logo.png\",\"width\":416,\"height\":63,\"caption\":\"SHOPATOA Digital s.r.o.\"},\"image\":{\"@id\":\"https:\\\/\\\/shopatoa.com\\\/cz\\\/#\\\/schema\\\/logo\\\/image\\\/\"}}]}<\/script>\n<!-- \/ Yoast SEO plugin. -->","yoast_head_json":{"title":"Carnilove Cat Semi Moist Snack Chicken enriched with Thyme 50g - SHOPATOA.COM","robots":{"index":"index","follow":"follow","max-snippet":"max-snippet:-1","max-image-preview":"max-image-preview:large","max-video-preview":"max-video-preview:-1"},"canonical":"https:\/\/shopatoa.com\/cz\/carnilove-cat-semi-moist-snack-chicken-enriched-with-thyme-50g\/","og_locale":"cs_CZ","og_type":"article","og_title":"Carnilove Cat Semi Moist Snack Chicken enriched with Thyme 50g - SHOPATOA.COM","og_description":"Lahodn\u00fd polom\u011bkk\u00fd pamlsek vhodn\u00fd pro v\u0161echny ko\u010dky. S tymi\u00e1nem, kter\u00fd pom\u00e1h\u00e1 udr\u017eet zdrav\u00e9 mo\u010dov\u00e9 cesty. S \u010derstv\u00fdm masem, bez obilovin a p\u0159idan\u00e9ho cukru. Krmn\u00fd n\u00e1vod: pou\u017eijte polom\u011bkk\u00e9 pamlsky jako odm\u011bnu k vytvo\u0159en\u00ed siln\u00e9ho vztahu se svou ko\u010dkou. Slo\u017een\u00ed: 40% su\u0161en\u00e9 ku\u0159ec\u00ed maso, \u017elut\u00fd hr\u00e1ch, tekut\u00fd zeleninov\u00fd \u0161krob, \u0161\u0165\u00e1va z ku\u0159ete, \u0161\u0165\u00e1va z dr\u016fbe\u017ee, kolagen, 1%...","og_url":"https:\/\/shopatoa.com\/cz\/carnilove-cat-semi-moist-snack-chicken-enriched-with-thyme-50g\/","og_site_name":"SHOPATOA","article_modified_time":"2026-01-31T15:58:59+00:00","og_image":[{"width":600,"height":600,"url":"https:\/\/storage.googleapis.com\/cz-shopatoa-img\/cz\/5c91a636-1_52002.jpg","type":"image\/jpeg"}],"twitter_card":"summary_large_image","twitter_misc":{"Odhadovan\u00e1 doba \u010dten\u00ed":"1 minuta"},"schema":{"@context":"https:\/\/schema.org","@graph":[{"@type":"WebPage","@id":"https:\/\/shopatoa.com\/cz\/carnilove-cat-semi-moist-snack-chicken-enriched-with-thyme-50g\/","url":"https:\/\/shopatoa.com\/cz\/carnilove-cat-semi-moist-snack-chicken-enriched-with-thyme-50g\/","name":"Carnilove Cat Semi Moist Snack Chicken enriched with Thyme 50g - SHOPATOA.COM","isPartOf":{"@id":"https:\/\/shopatoa.com\/cz\/#website"},"primaryImageOfPage":{"@id":"https:\/\/shopatoa.com\/cz\/carnilove-cat-semi-moist-snack-chicken-enriched-with-thyme-50g\/#primaryimage"},"image":{"@id":"https:\/\/shopatoa.com\/cz\/carnilove-cat-semi-moist-snack-chicken-enriched-with-thyme-50g\/#primaryimage"},"thumbnailUrl":"https:\/\/storage.googleapis.com\/cz-shopatoa-img\/cz\/5c91a636-1_52002.jpg","datePublished":"2025-04-02T21:51:07+00:00","dateModified":"2026-01-31T15:58:59+00:00","breadcrumb":{"@id":"https:\/\/shopatoa.com\/cz\/carnilove-cat-semi-moist-snack-chicken-enriched-with-thyme-50g\/#breadcrumb"},"inLanguage":"cs","potentialAction":[{"@type":"ReadAction","target":["https:\/\/shopatoa.com\/cz\/carnilove-cat-semi-moist-snack-chicken-enriched-with-thyme-50g\/"]}]},{"@type":"ImageObject","inLanguage":"cs","@id":"https:\/\/shopatoa.com\/cz\/carnilove-cat-semi-moist-snack-chicken-enriched-with-thyme-50g\/#primaryimage","url":"https:\/\/storage.googleapis.com\/cz-shopatoa-img\/cz\/5c91a636-1_52002.jpg","contentUrl":"https:\/\/storage.googleapis.com\/cz-shopatoa-img\/cz\/5c91a636-1_52002.jpg","width":600,"height":600},{"@type":"BreadcrumbList","@id":"https:\/\/shopatoa.com\/cz\/carnilove-cat-semi-moist-snack-chicken-enriched-with-thyme-50g\/#breadcrumb","itemListElement":[{"@type":"ListItem","position":1,"name":"Dom\u016f","item":"https:\/\/shopatoa.com\/cz\/"},{"@type":"ListItem","position":2,"name":"Produkty","item":"https:\/\/shopatoa.com\/cz\/shop\/"},{"@type":"ListItem","position":3,"name":"Chovatelsk\u00e9 pot\u0159eby","item":"https:\/\/shopatoa.com\/cz\/chovatelske-potreby-2\/"},{"@type":"ListItem","position":4,"name":"Pro ko\u010dky","item":"https:\/\/shopatoa.com\/cz\/pro-kocky-chovatelske-potreby-2\/"},{"@type":"ListItem","position":5,"name":"Krmivo pro ko\u010dky","item":"https:\/\/shopatoa.com\/cz\/krmivo-pro-kocky-pro-kocky-chovatelske-potreby-2\/"},{"@type":"ListItem","position":6,"name":"Pamlsky pro ko\u010dky","item":"https:\/\/shopatoa.com\/cz\/pamlsky-pro-kocky\/"},{"@type":"ListItem","position":7,"name":"Carnilove Cat Semi Moist Snack Chicken enriched with Thyme 50g"}]},{"@type":"WebSite","@id":"https:\/\/shopatoa.com\/cz\/#website","url":"https:\/\/shopatoa.com\/cz\/","name":"SHOPATOA","description":"","publisher":{"@id":"https:\/\/shopatoa.com\/cz\/#organization"},"potentialAction":[{"@type":"SearchAction","target":{"@type":"EntryPoint","urlTemplate":"https:\/\/shopatoa.com\/cz\/?s={search_term_string}"},"query-input":{"@type":"PropertyValueSpecification","valueRequired":true,"valueName":"search_term_string"}}],"inLanguage":"cs"},{"@type":"Organization","@id":"https:\/\/shopatoa.com\/cz\/#organization","name":"SHOPATOA Digital s.r.o.","url":"https:\/\/shopatoa.com\/cz\/","logo":{"@type":"ImageObject","inLanguage":"cs","@id":"https:\/\/shopatoa.com\/cz\/#\/schema\/logo\/image\/","url":"https:\/\/storage.googleapis.com\/cz-shopatoa-img\/cz\/ebccf434-shopatoa_logo.png","contentUrl":"https:\/\/storage.googleapis.com\/cz-shopatoa-img\/cz\/ebccf434-shopatoa_logo.png","width":416,"height":63,"caption":"SHOPATOA Digital s.r.o."},"image":{"@id":"https:\/\/shopatoa.com\/cz\/#\/schema\/logo\/image\/"}}]}},"_links":{"self":[{"href":"https:\/\/shopatoa.com\/cz\/wp-json\/wp\/v2\/product\/247618","targetHints":{"allow":["GET"]}}],"collection":[{"href":"https:\/\/shopatoa.com\/cz\/wp-json\/wp\/v2\/product"}],"about":[{"href":"https:\/\/shopatoa.com\/cz\/wp-json\/wp\/v2\/types\/product"}],"replies":[{"embeddable":true,"href":"https:\/\/shopatoa.com\/cz\/wp-json\/wp\/v2\/comments?post=247618"}],"wp:featuredmedia":[{"embeddable":true,"href":"https:\/\/shopatoa.com\/cz\/wp-json\/wp\/v2\/media\/247619"}],"wp:attachment":[{"href":"https:\/\/shopatoa.com\/cz\/wp-json\/wp\/v2\/media?parent=247618"}],"wp:term":[{"taxonomy":"product_brand","embeddable":true,"href":"https:\/\/shopatoa.com\/cz\/wp-json\/wp\/v2\/product_brand?post=247618"},{"taxonomy":"product_cat","embeddable":true,"href":"https:\/\/shopatoa.com\/cz\/wp-json\/wp\/v2\/product_cat?post=247618"},{"taxonomy":"product_tag","embeddable":true,"href":"https:\/\/shopatoa.com\/cz\/wp-json\/wp\/v2\/product_tag?post=247618"}],"curies":[{"name":"wp","href":"https:\/\/api.w.org\/{rel}","templated":true}]}}