{"id":247636,"date":"2025-04-02T23:55:20","date_gmt":"2025-04-02T21:55:20","guid":{"rendered":"https:\/\/shopatoa.com\/cz\/?post_type=product&#038;p=247636"},"modified":"2025-04-25T22:41:43","modified_gmt":"2025-04-25T20:41:43","slug":"eukanuba-vd-restricted-calorie-form-dog-5kg","status":"publish","type":"product","link":"https:\/\/shopatoa.com\/cz\/eukanuba-vd-restricted-calorie-form-dog-5kg\/","title":{"rendered":"Eukanuba VD Restricted Calorie Form Dog 5kg"},"content":{"rendered":"<p>Bezpe\u010dn\u00e1 a efektivn\u00ed redukce hmotnosti bez zv\u00fd\u0161en\u00e9ho obsahu vl\u00e1kniny v\u00a0krmivu.<\/p>\n<p>\u00a0Indikace:\u00a0obezita.<\/p>\n<p>Optim\u00e1ln\u00ed slo\u017een\u00ed diety ur\u010den\u00e9 k redukci hmotnosti: 66% energie ve form\u011b karbohydr\u00e1t\u016f, 18% ve form\u011b protein\u016f a 16% ve form\u011b tuk\u016f vysoce kvalitn\u00ed \u017eivo\u010di\u0161n\u00fd protein zaji\u0161\u0165uj\u00edc\u00ed dostate\u010dn\u00fd p\u0159\u00edsun \u017eivin, *sn\u00ed\u017een\u00ed celkov\u00e9ho kalorick\u00e9ho p\u0159\u00edsunu bez zv\u00fd\u0161en\u00ed procenta vl\u00e1kniny *rostlinn\u00e9ho p\u016fvodu, n\u00edzk\u00fd obsah vl\u00e1kniny pro optim\u00e1ln\u00ed tr\u00e1ven\u00ed, sn\u00ed\u017e\u00ed se objem formovan\u00e9, pevn\u00e9 stolice.<\/p>\n<p>Denn\u00ed re\u017eim:\u00a0(d\u00e1vkov\u00e1n\u00ed viz tabulka na obale) navyk\u00e1n\u00ed psa na krmivo se sn\u00ed\u017een\u00fdm obsahem kalori\u00ed mus\u00ed b\u00fdt pozvoln\u00e9, pokles hmotnosti psa by nem\u011bl p\u0159es\u00e1hnout 1-2% t\u00fddn\u011b. Pes by m\u011bl m\u00edt p\u0159\u00edstup k vod\u011b.<\/p>\n<p>Pomal\u00fd re\u017eim &#8211; 70% p\u016fvodn\u00ed kalorick\u00e9 hodnoty &#8211; pro psy v z\u00e1t\u011b\u017ei v\u00fdrazn\u00e1 redukce hmotnosti vhodn\u00fd pro psy obt\u00ed\u017en\u011b se adaptuj\u00edc\u00ed<\/p>\n<p>Re\u017eim st\u0159edn\u00edho stupn\u011b &#8211; 60% p\u016fvodn\u00ed kalorick\u00e9 hodnoty &#8211; doporu\u010diteln\u00e1 v\u011bt\u0161in\u011b ps\u016f.<\/p>\n<p>Re\u017eim rychl\u00fd &#8211; 50% p\u016fvodn\u00ed kalorick\u00e9 hodnoty &#8211; pro psy, kte\u0159\u00ed p\u0159i st\u0159edn\u00ed restrikci&#8230;<\/p>\n","protected":false},"excerpt":{"rendered":"<p>Bezpe\u010dn\u00e1 a efektivn\u00ed redukce hmotnosti bez zv\u00fd\u0161en\u00e9ho obsahu vl\u00e1kniny v\u00a0krmivu. \u00a0Indikace:\u00a0obezita. Optim\u00e1ln\u00ed slo\u017een\u00ed diety ur\u010den\u00e9 k redukci hmotnosti: 66% energie ve form\u011b karbohydr\u00e1t\u016f, 18% ve form\u011b protein\u016f a 16% ve form\u011b tuk\u016f vysoce kvalitn\u00ed \u017eivo\u010di\u0161n\u00fd protein zaji\u0161\u0165uj\u00edc\u00ed dostate\u010dn\u00fd p\u0159\u00edsun \u017eivin, *sn\u00ed\u017een\u00ed celkov\u00e9ho kalorick\u00e9ho p\u0159\u00edsunu bez zv\u00fd\u0161en\u00ed procenta vl\u00e1kniny *rostlinn\u00e9ho p\u016fvodu, n\u00edzk\u00fd obsah vl\u00e1kniny pro optim\u00e1ln\u00ed&#8230;<\/p>\n","protected":false},"featured_media":247637,"comment_status":"closed","ping_status":"open","template":"","meta":{"_acf_changed":false,"_kadence_starter_templates_imported_post":false,"_kad_post_transparent":"","_kad_post_title":"","_kad_post_layout":"","_kad_post_sidebar_id":"","_kad_post_content_style":"","_kad_post_vertical_padding":"","_kad_post_feature":"","_kad_post_feature_position":"","_kad_post_header":false,"_kad_post_footer":false,"_kad_post_classname":""},"product_brand":[2048],"product_cat":[436,2569,2568,739],"product_tag":[],"class_list":{"0":"post-247636","1":"product","2":"type-product","3":"status-publish","4":"has-post-thumbnail","6":"product_brand-eukanuba","7":"product_cat-chovatelske-potreby-2","8":"product_cat-granule-pro-psy","9":"product_cat-krmivo-pro-psy-pro-psy-chovatelske-potreby-2","10":"product_cat-pro-psy-chovatelske-potreby-2","11":"pa_obchod-superzoo-cz","13":"first","14":"instock","15":"product-type-external","16":"entry","17":"content-bg","18":"loop-entry"},"acf":[],"yoast_head":"<!-- This site is optimized with the Yoast SEO plugin v27.4 - https:\/\/yoast.com\/product\/yoast-seo-wordpress\/ -->\n<title>Eukanuba VD Restricted Calorie Form Dog 5kg - SHOPATOA.COM<\/title>\n<meta name=\"robots\" content=\"index, follow, max-snippet:-1, max-image-preview:large, max-video-preview:-1\" \/>\n<link rel=\"canonical\" href=\"https:\/\/shopatoa.com\/cz\/eukanuba-vd-restricted-calorie-form-dog-5kg\/\" \/>\n<meta property=\"og:locale\" content=\"cs_CZ\" \/>\n<meta property=\"og:type\" content=\"article\" \/>\n<meta property=\"og:title\" content=\"Eukanuba VD Restricted Calorie Form Dog 5kg - SHOPATOA.COM\" \/>\n<meta property=\"og:description\" content=\"Bezpe\u010dn\u00e1 a efektivn\u00ed redukce hmotnosti bez zv\u00fd\u0161en\u00e9ho obsahu vl\u00e1kniny v\u00a0krmivu. \u00a0Indikace:\u00a0obezita. Optim\u00e1ln\u00ed slo\u017een\u00ed diety ur\u010den\u00e9 k redukci hmotnosti: 66% energie ve form\u011b karbohydr\u00e1t\u016f, 18% ve form\u011b protein\u016f a 16% ve form\u011b tuk\u016f vysoce kvalitn\u00ed \u017eivo\u010di\u0161n\u00fd protein zaji\u0161\u0165uj\u00edc\u00ed dostate\u010dn\u00fd p\u0159\u00edsun \u017eivin, *sn\u00ed\u017een\u00ed celkov\u00e9ho kalorick\u00e9ho p\u0159\u00edsunu bez zv\u00fd\u0161en\u00ed procenta vl\u00e1kniny *rostlinn\u00e9ho p\u016fvodu, n\u00edzk\u00fd obsah vl\u00e1kniny pro optim\u00e1ln\u00ed...\" \/>\n<meta property=\"og:url\" content=\"https:\/\/shopatoa.com\/cz\/eukanuba-vd-restricted-calorie-form-dog-5kg\/\" \/>\n<meta property=\"og:site_name\" content=\"SHOPATOA\" \/>\n<meta property=\"article:modified_time\" content=\"2025-04-25T20:41:43+00:00\" \/>\n<meta property=\"og:image\" content=\"https:\/\/storage.googleapis.com\/cz-shopatoa-img\/cz\/9359d723-1_80477.jpg\" \/>\n\t<meta property=\"og:image:width\" content=\"600\" \/>\n\t<meta property=\"og:image:height\" content=\"600\" \/>\n\t<meta property=\"og:image:type\" content=\"image\/jpeg\" \/>\n<meta name=\"twitter:card\" content=\"summary_large_image\" \/>\n<meta name=\"twitter:label1\" content=\"Odhadovan\u00e1 doba \u010dten\u00ed\" \/>\n\t<meta name=\"twitter:data1\" content=\"1 minuta\" \/>\n<script type=\"application\/ld+json\" class=\"yoast-schema-graph\">{\"@context\":\"https:\\\/\\\/schema.org\",\"@graph\":[{\"@type\":\"WebPage\",\"@id\":\"https:\\\/\\\/shopatoa.com\\\/cz\\\/eukanuba-vd-restricted-calorie-form-dog-5kg\\\/\",\"url\":\"https:\\\/\\\/shopatoa.com\\\/cz\\\/eukanuba-vd-restricted-calorie-form-dog-5kg\\\/\",\"name\":\"Eukanuba VD Restricted Calorie Form Dog 5kg - SHOPATOA.COM\",\"isPartOf\":{\"@id\":\"https:\\\/\\\/shopatoa.com\\\/cz\\\/#website\"},\"primaryImageOfPage\":{\"@id\":\"https:\\\/\\\/shopatoa.com\\\/cz\\\/eukanuba-vd-restricted-calorie-form-dog-5kg\\\/#primaryimage\"},\"image\":{\"@id\":\"https:\\\/\\\/shopatoa.com\\\/cz\\\/eukanuba-vd-restricted-calorie-form-dog-5kg\\\/#primaryimage\"},\"thumbnailUrl\":\"https:\\\/\\\/storage.googleapis.com\\\/cz-shopatoa-img\\\/cz\\\/9359d723-1_80477.jpg\",\"datePublished\":\"2025-04-02T21:55:20+00:00\",\"dateModified\":\"2025-04-25T20:41:43+00:00\",\"breadcrumb\":{\"@id\":\"https:\\\/\\\/shopatoa.com\\\/cz\\\/eukanuba-vd-restricted-calorie-form-dog-5kg\\\/#breadcrumb\"},\"inLanguage\":\"cs\",\"potentialAction\":[{\"@type\":\"ReadAction\",\"target\":[\"https:\\\/\\\/shopatoa.com\\\/cz\\\/eukanuba-vd-restricted-calorie-form-dog-5kg\\\/\"]}]},{\"@type\":\"ImageObject\",\"inLanguage\":\"cs\",\"@id\":\"https:\\\/\\\/shopatoa.com\\\/cz\\\/eukanuba-vd-restricted-calorie-form-dog-5kg\\\/#primaryimage\",\"url\":\"https:\\\/\\\/storage.googleapis.com\\\/cz-shopatoa-img\\\/cz\\\/9359d723-1_80477.jpg\",\"contentUrl\":\"https:\\\/\\\/storage.googleapis.com\\\/cz-shopatoa-img\\\/cz\\\/9359d723-1_80477.jpg\",\"width\":600,\"height\":600},{\"@type\":\"BreadcrumbList\",\"@id\":\"https:\\\/\\\/shopatoa.com\\\/cz\\\/eukanuba-vd-restricted-calorie-form-dog-5kg\\\/#breadcrumb\",\"itemListElement\":[{\"@type\":\"ListItem\",\"position\":1,\"name\":\"Dom\u016f\",\"item\":\"https:\\\/\\\/shopatoa.com\\\/cz\\\/\"},{\"@type\":\"ListItem\",\"position\":2,\"name\":\"Produkty\",\"item\":\"https:\\\/\\\/shopatoa.com\\\/cz\\\/shop\\\/\"},{\"@type\":\"ListItem\",\"position\":3,\"name\":\"Chovatelsk\u00e9 pot\u0159eby\",\"item\":\"https:\\\/\\\/shopatoa.com\\\/cz\\\/chovatelske-potreby-2\\\/\"},{\"@type\":\"ListItem\",\"position\":4,\"name\":\"Pro psy\",\"item\":\"https:\\\/\\\/shopatoa.com\\\/cz\\\/pro-psy-chovatelske-potreby-2\\\/\"},{\"@type\":\"ListItem\",\"position\":5,\"name\":\"Krmivo pro psy\",\"item\":\"https:\\\/\\\/shopatoa.com\\\/cz\\\/krmivo-pro-psy-pro-psy-chovatelske-potreby-2\\\/\"},{\"@type\":\"ListItem\",\"position\":6,\"name\":\"Granule pro psy\",\"item\":\"https:\\\/\\\/shopatoa.com\\\/cz\\\/granule-pro-psy\\\/\"},{\"@type\":\"ListItem\",\"position\":7,\"name\":\"Eukanuba VD Restricted Calorie Form Dog 5kg\"}]},{\"@type\":\"WebSite\",\"@id\":\"https:\\\/\\\/shopatoa.com\\\/cz\\\/#website\",\"url\":\"https:\\\/\\\/shopatoa.com\\\/cz\\\/\",\"name\":\"SHOPATOA\",\"description\":\"\",\"publisher\":{\"@id\":\"https:\\\/\\\/shopatoa.com\\\/cz\\\/#organization\"},\"potentialAction\":[{\"@type\":\"SearchAction\",\"target\":{\"@type\":\"EntryPoint\",\"urlTemplate\":\"https:\\\/\\\/shopatoa.com\\\/cz\\\/?s={search_term_string}\"},\"query-input\":{\"@type\":\"PropertyValueSpecification\",\"valueRequired\":true,\"valueName\":\"search_term_string\"}}],\"inLanguage\":\"cs\"},{\"@type\":\"Organization\",\"@id\":\"https:\\\/\\\/shopatoa.com\\\/cz\\\/#organization\",\"name\":\"SHOPATOA Digital s.r.o.\",\"url\":\"https:\\\/\\\/shopatoa.com\\\/cz\\\/\",\"logo\":{\"@type\":\"ImageObject\",\"inLanguage\":\"cs\",\"@id\":\"https:\\\/\\\/shopatoa.com\\\/cz\\\/#\\\/schema\\\/logo\\\/image\\\/\",\"url\":\"https:\\\/\\\/storage.googleapis.com\\\/cz-shopatoa-img\\\/cz\\\/ebccf434-shopatoa_logo.png\",\"contentUrl\":\"https:\\\/\\\/storage.googleapis.com\\\/cz-shopatoa-img\\\/cz\\\/ebccf434-shopatoa_logo.png\",\"width\":416,\"height\":63,\"caption\":\"SHOPATOA Digital s.r.o.\"},\"image\":{\"@id\":\"https:\\\/\\\/shopatoa.com\\\/cz\\\/#\\\/schema\\\/logo\\\/image\\\/\"}}]}<\/script>\n<!-- \/ Yoast SEO plugin. -->","yoast_head_json":{"title":"Eukanuba VD Restricted Calorie Form Dog 5kg - SHOPATOA.COM","robots":{"index":"index","follow":"follow","max-snippet":"max-snippet:-1","max-image-preview":"max-image-preview:large","max-video-preview":"max-video-preview:-1"},"canonical":"https:\/\/shopatoa.com\/cz\/eukanuba-vd-restricted-calorie-form-dog-5kg\/","og_locale":"cs_CZ","og_type":"article","og_title":"Eukanuba VD Restricted Calorie Form Dog 5kg - SHOPATOA.COM","og_description":"Bezpe\u010dn\u00e1 a efektivn\u00ed redukce hmotnosti bez zv\u00fd\u0161en\u00e9ho obsahu vl\u00e1kniny v\u00a0krmivu. \u00a0Indikace:\u00a0obezita. Optim\u00e1ln\u00ed slo\u017een\u00ed diety ur\u010den\u00e9 k redukci hmotnosti: 66% energie ve form\u011b karbohydr\u00e1t\u016f, 18% ve form\u011b protein\u016f a 16% ve form\u011b tuk\u016f vysoce kvalitn\u00ed \u017eivo\u010di\u0161n\u00fd protein zaji\u0161\u0165uj\u00edc\u00ed dostate\u010dn\u00fd p\u0159\u00edsun \u017eivin, *sn\u00ed\u017een\u00ed celkov\u00e9ho kalorick\u00e9ho p\u0159\u00edsunu bez zv\u00fd\u0161en\u00ed procenta vl\u00e1kniny *rostlinn\u00e9ho p\u016fvodu, n\u00edzk\u00fd obsah vl\u00e1kniny pro optim\u00e1ln\u00ed...","og_url":"https:\/\/shopatoa.com\/cz\/eukanuba-vd-restricted-calorie-form-dog-5kg\/","og_site_name":"SHOPATOA","article_modified_time":"2025-04-25T20:41:43+00:00","og_image":[{"width":600,"height":600,"url":"https:\/\/storage.googleapis.com\/cz-shopatoa-img\/cz\/9359d723-1_80477.jpg","type":"image\/jpeg"}],"twitter_card":"summary_large_image","twitter_misc":{"Odhadovan\u00e1 doba \u010dten\u00ed":"1 minuta"},"schema":{"@context":"https:\/\/schema.org","@graph":[{"@type":"WebPage","@id":"https:\/\/shopatoa.com\/cz\/eukanuba-vd-restricted-calorie-form-dog-5kg\/","url":"https:\/\/shopatoa.com\/cz\/eukanuba-vd-restricted-calorie-form-dog-5kg\/","name":"Eukanuba VD Restricted Calorie Form Dog 5kg - SHOPATOA.COM","isPartOf":{"@id":"https:\/\/shopatoa.com\/cz\/#website"},"primaryImageOfPage":{"@id":"https:\/\/shopatoa.com\/cz\/eukanuba-vd-restricted-calorie-form-dog-5kg\/#primaryimage"},"image":{"@id":"https:\/\/shopatoa.com\/cz\/eukanuba-vd-restricted-calorie-form-dog-5kg\/#primaryimage"},"thumbnailUrl":"https:\/\/storage.googleapis.com\/cz-shopatoa-img\/cz\/9359d723-1_80477.jpg","datePublished":"2025-04-02T21:55:20+00:00","dateModified":"2025-04-25T20:41:43+00:00","breadcrumb":{"@id":"https:\/\/shopatoa.com\/cz\/eukanuba-vd-restricted-calorie-form-dog-5kg\/#breadcrumb"},"inLanguage":"cs","potentialAction":[{"@type":"ReadAction","target":["https:\/\/shopatoa.com\/cz\/eukanuba-vd-restricted-calorie-form-dog-5kg\/"]}]},{"@type":"ImageObject","inLanguage":"cs","@id":"https:\/\/shopatoa.com\/cz\/eukanuba-vd-restricted-calorie-form-dog-5kg\/#primaryimage","url":"https:\/\/storage.googleapis.com\/cz-shopatoa-img\/cz\/9359d723-1_80477.jpg","contentUrl":"https:\/\/storage.googleapis.com\/cz-shopatoa-img\/cz\/9359d723-1_80477.jpg","width":600,"height":600},{"@type":"BreadcrumbList","@id":"https:\/\/shopatoa.com\/cz\/eukanuba-vd-restricted-calorie-form-dog-5kg\/#breadcrumb","itemListElement":[{"@type":"ListItem","position":1,"name":"Dom\u016f","item":"https:\/\/shopatoa.com\/cz\/"},{"@type":"ListItem","position":2,"name":"Produkty","item":"https:\/\/shopatoa.com\/cz\/shop\/"},{"@type":"ListItem","position":3,"name":"Chovatelsk\u00e9 pot\u0159eby","item":"https:\/\/shopatoa.com\/cz\/chovatelske-potreby-2\/"},{"@type":"ListItem","position":4,"name":"Pro psy","item":"https:\/\/shopatoa.com\/cz\/pro-psy-chovatelske-potreby-2\/"},{"@type":"ListItem","position":5,"name":"Krmivo pro psy","item":"https:\/\/shopatoa.com\/cz\/krmivo-pro-psy-pro-psy-chovatelske-potreby-2\/"},{"@type":"ListItem","position":6,"name":"Granule pro psy","item":"https:\/\/shopatoa.com\/cz\/granule-pro-psy\/"},{"@type":"ListItem","position":7,"name":"Eukanuba VD Restricted Calorie Form Dog 5kg"}]},{"@type":"WebSite","@id":"https:\/\/shopatoa.com\/cz\/#website","url":"https:\/\/shopatoa.com\/cz\/","name":"SHOPATOA","description":"","publisher":{"@id":"https:\/\/shopatoa.com\/cz\/#organization"},"potentialAction":[{"@type":"SearchAction","target":{"@type":"EntryPoint","urlTemplate":"https:\/\/shopatoa.com\/cz\/?s={search_term_string}"},"query-input":{"@type":"PropertyValueSpecification","valueRequired":true,"valueName":"search_term_string"}}],"inLanguage":"cs"},{"@type":"Organization","@id":"https:\/\/shopatoa.com\/cz\/#organization","name":"SHOPATOA Digital s.r.o.","url":"https:\/\/shopatoa.com\/cz\/","logo":{"@type":"ImageObject","inLanguage":"cs","@id":"https:\/\/shopatoa.com\/cz\/#\/schema\/logo\/image\/","url":"https:\/\/storage.googleapis.com\/cz-shopatoa-img\/cz\/ebccf434-shopatoa_logo.png","contentUrl":"https:\/\/storage.googleapis.com\/cz-shopatoa-img\/cz\/ebccf434-shopatoa_logo.png","width":416,"height":63,"caption":"SHOPATOA Digital s.r.o."},"image":{"@id":"https:\/\/shopatoa.com\/cz\/#\/schema\/logo\/image\/"}}]}},"_links":{"self":[{"href":"https:\/\/shopatoa.com\/cz\/wp-json\/wp\/v2\/product\/247636","targetHints":{"allow":["GET"]}}],"collection":[{"href":"https:\/\/shopatoa.com\/cz\/wp-json\/wp\/v2\/product"}],"about":[{"href":"https:\/\/shopatoa.com\/cz\/wp-json\/wp\/v2\/types\/product"}],"replies":[{"embeddable":true,"href":"https:\/\/shopatoa.com\/cz\/wp-json\/wp\/v2\/comments?post=247636"}],"wp:featuredmedia":[{"embeddable":true,"href":"https:\/\/shopatoa.com\/cz\/wp-json\/wp\/v2\/media\/247637"}],"wp:attachment":[{"href":"https:\/\/shopatoa.com\/cz\/wp-json\/wp\/v2\/media?parent=247636"}],"wp:term":[{"taxonomy":"product_brand","embeddable":true,"href":"https:\/\/shopatoa.com\/cz\/wp-json\/wp\/v2\/product_brand?post=247636"},{"taxonomy":"product_cat","embeddable":true,"href":"https:\/\/shopatoa.com\/cz\/wp-json\/wp\/v2\/product_cat?post=247636"},{"taxonomy":"product_tag","embeddable":true,"href":"https:\/\/shopatoa.com\/cz\/wp-json\/wp\/v2\/product_tag?post=247636"}],"curies":[{"name":"wp","href":"https:\/\/api.w.org\/{rel}","templated":true}]}}