{"id":247640,"date":"2025-04-02T23:55:37","date_gmt":"2025-04-02T21:55:37","guid":{"rendered":"https:\/\/shopatoa.com\/cz\/?post_type=product&#038;p=247640"},"modified":"2025-04-25T22:41:32","modified_gmt":"2025-04-25T20:41:32","slug":"eukanuba-vd-dermatosis-fp-response-formula-5kg","status":"publish","type":"product","link":"https:\/\/shopatoa.com\/cz\/eukanuba-vd-dermatosis-fp-response-formula-5kg\/","title":{"rendered":"Eukanuba VD Dermatosis FP Response Formula 5kg"},"content":{"rendered":"<p>Terapie z\u00e1n\u011btliv\u00fdch stav\u016f zp\u016fsoben\u00fdch atopi\u00ed, alergi\u00ed na ble\u0161\u00ed kousnut\u00ed, nebo potravn\u00ed hypersenzitivity\/intolerance.<\/p>\n<p>Indikace:\u00a0dermatitida vyvolan\u00e1 alergickou reakc\u00ed na ble\u0161\u00ed alergen, atopie, potravn\u00ed alergie \/ intolerance, z\u00e1n\u011bt st\u0159ev zp\u016fsoben\u00fd reakc\u00ed na krmivo, dal\u0161\u00ed z\u00e1n\u011btliv\u00e9 stavy.<\/p>\n<p>Specifika diety:<\/p>\n<p>\tobsahuje pouze vybran\u00e9 zdroje protein\u016f (ryba) a karbohydr\u00e1t\u016f (bramborov\u00fd \u0161krob), minimalizuje se tak riziko vystaven\u00ed organismu nej\u010dast\u011bj\u0161\u00edm alergen\u016fm a z\u00e1rove\u0148 je vhodn\u00fdm zdrojem aminokyselin<br \/>\n\tp\u0159\u00eddavek omega-6 : omega-3 mastn\u00fdch kyselin v pom\u011bru 5:1 a\u017e 10:1 redukuje hladinu cirkuluj\u00edc\u00edch z\u00e1n\u011btliv\u00fdch medi\u00e1tor\u016f a zvy\u0161uje kvalitu k\u016f\u017ee a srsti<br \/>\n\tforma granulovan\u00e1 a konzervovan\u00e1 obsahuj\u00ed shodn\u00e9 zdroje protein\u016f a karbohydr\u00e1t\u016f, oba typy krmiva se mohou st\u0159\u00eddat nebo m\u00edchat, ani\u017e by to po\u0161kodilo zdrav\u00ed pacienta<\/p>\n<p>D\u00e1vkov\u00e1n\u00ed:\u00a0viz tabulka na obale &#8211; denn\u00ed krmnou d\u00e1vku je nutno vzt\u00e1hnout k v\u011bku, povaze psa a z\u00e1t\u011b\u017ei. Doporu\u010den\u00e1 d\u00e9lka aplikace: minim\u00e1ln\u011b 2 m\u011bs\u00edce, pokud se&#8230;<\/p>\n","protected":false},"excerpt":{"rendered":"<p>Terapie z\u00e1n\u011btliv\u00fdch stav\u016f zp\u016fsoben\u00fdch atopi\u00ed, alergi\u00ed na ble\u0161\u00ed kousnut\u00ed, nebo potravn\u00ed hypersenzitivity\/intolerance. Indikace:\u00a0dermatitida vyvolan\u00e1 alergickou reakc\u00ed na ble\u0161\u00ed alergen, atopie, potravn\u00ed alergie \/ intolerance, z\u00e1n\u011bt st\u0159ev zp\u016fsoben\u00fd reakc\u00ed na krmivo, dal\u0161\u00ed z\u00e1n\u011btliv\u00e9 stavy. Specifika diety: obsahuje pouze vybran\u00e9 zdroje protein\u016f (ryba) a karbohydr\u00e1t\u016f (bramborov\u00fd \u0161krob), minimalizuje se tak riziko vystaven\u00ed organismu nej\u010dast\u011bj\u0161\u00edm alergen\u016fm a z\u00e1rove\u0148&#8230;<\/p>\n","protected":false},"featured_media":247641,"comment_status":"closed","ping_status":"open","template":"","meta":{"_acf_changed":false,"_kadence_starter_templates_imported_post":false,"_kad_post_transparent":"","_kad_post_title":"","_kad_post_layout":"","_kad_post_sidebar_id":"","_kad_post_content_style":"","_kad_post_vertical_padding":"","_kad_post_feature":"","_kad_post_feature_position":"","_kad_post_header":false,"_kad_post_footer":false,"_kad_post_classname":""},"product_brand":[2048],"product_cat":[436,2569,2568,739],"product_tag":[],"class_list":{"0":"post-247640","1":"product","2":"type-product","3":"status-publish","4":"has-post-thumbnail","6":"product_brand-eukanuba","7":"product_cat-chovatelske-potreby-2","8":"product_cat-granule-pro-psy","9":"product_cat-krmivo-pro-psy-pro-psy-chovatelske-potreby-2","10":"product_cat-pro-psy-chovatelske-potreby-2","11":"pa_obchod-superzoo-cz","13":"first","14":"instock","15":"product-type-external","16":"entry","17":"content-bg","18":"loop-entry"},"acf":[],"yoast_head":"<!-- This site is optimized with the Yoast SEO plugin v27.4 - https:\/\/yoast.com\/product\/yoast-seo-wordpress\/ -->\n<title>Eukanuba VD Dermatosis FP Response Formula 5kg - SHOPATOA.COM<\/title>\n<meta name=\"robots\" content=\"index, follow, max-snippet:-1, max-image-preview:large, max-video-preview:-1\" \/>\n<link rel=\"canonical\" href=\"https:\/\/shopatoa.com\/cz\/eukanuba-vd-dermatosis-fp-response-formula-5kg\/\" \/>\n<meta property=\"og:locale\" content=\"cs_CZ\" \/>\n<meta property=\"og:type\" content=\"article\" \/>\n<meta property=\"og:title\" content=\"Eukanuba VD Dermatosis FP Response Formula 5kg - SHOPATOA.COM\" \/>\n<meta property=\"og:description\" content=\"Terapie z\u00e1n\u011btliv\u00fdch stav\u016f zp\u016fsoben\u00fdch atopi\u00ed, alergi\u00ed na ble\u0161\u00ed kousnut\u00ed, nebo potravn\u00ed hypersenzitivity\/intolerance. Indikace:\u00a0dermatitida vyvolan\u00e1 alergickou reakc\u00ed na ble\u0161\u00ed alergen, atopie, potravn\u00ed alergie \/ intolerance, z\u00e1n\u011bt st\u0159ev zp\u016fsoben\u00fd reakc\u00ed na krmivo, dal\u0161\u00ed z\u00e1n\u011btliv\u00e9 stavy. Specifika diety: obsahuje pouze vybran\u00e9 zdroje protein\u016f (ryba) a karbohydr\u00e1t\u016f (bramborov\u00fd \u0161krob), minimalizuje se tak riziko vystaven\u00ed organismu nej\u010dast\u011bj\u0161\u00edm alergen\u016fm a z\u00e1rove\u0148...\" \/>\n<meta property=\"og:url\" content=\"https:\/\/shopatoa.com\/cz\/eukanuba-vd-dermatosis-fp-response-formula-5kg\/\" \/>\n<meta property=\"og:site_name\" content=\"SHOPATOA\" \/>\n<meta property=\"article:modified_time\" content=\"2025-04-25T20:41:32+00:00\" \/>\n<meta property=\"og:image\" content=\"https:\/\/storage.googleapis.com\/cz-shopatoa-img\/cz\/bb6b191d-1_80457.jpg\" \/>\n\t<meta property=\"og:image:width\" content=\"600\" \/>\n\t<meta property=\"og:image:height\" content=\"600\" \/>\n\t<meta property=\"og:image:type\" content=\"image\/jpeg\" \/>\n<meta name=\"twitter:card\" content=\"summary_large_image\" \/>\n<meta name=\"twitter:label1\" content=\"Odhadovan\u00e1 doba \u010dten\u00ed\" \/>\n\t<meta name=\"twitter:data1\" content=\"1 minuta\" \/>\n<script type=\"application\/ld+json\" class=\"yoast-schema-graph\">{\"@context\":\"https:\\\/\\\/schema.org\",\"@graph\":[{\"@type\":\"WebPage\",\"@id\":\"https:\\\/\\\/shopatoa.com\\\/cz\\\/eukanuba-vd-dermatosis-fp-response-formula-5kg\\\/\",\"url\":\"https:\\\/\\\/shopatoa.com\\\/cz\\\/eukanuba-vd-dermatosis-fp-response-formula-5kg\\\/\",\"name\":\"Eukanuba VD Dermatosis FP Response Formula 5kg - SHOPATOA.COM\",\"isPartOf\":{\"@id\":\"https:\\\/\\\/shopatoa.com\\\/cz\\\/#website\"},\"primaryImageOfPage\":{\"@id\":\"https:\\\/\\\/shopatoa.com\\\/cz\\\/eukanuba-vd-dermatosis-fp-response-formula-5kg\\\/#primaryimage\"},\"image\":{\"@id\":\"https:\\\/\\\/shopatoa.com\\\/cz\\\/eukanuba-vd-dermatosis-fp-response-formula-5kg\\\/#primaryimage\"},\"thumbnailUrl\":\"https:\\\/\\\/storage.googleapis.com\\\/cz-shopatoa-img\\\/cz\\\/bb6b191d-1_80457.jpg\",\"datePublished\":\"2025-04-02T21:55:37+00:00\",\"dateModified\":\"2025-04-25T20:41:32+00:00\",\"breadcrumb\":{\"@id\":\"https:\\\/\\\/shopatoa.com\\\/cz\\\/eukanuba-vd-dermatosis-fp-response-formula-5kg\\\/#breadcrumb\"},\"inLanguage\":\"cs\",\"potentialAction\":[{\"@type\":\"ReadAction\",\"target\":[\"https:\\\/\\\/shopatoa.com\\\/cz\\\/eukanuba-vd-dermatosis-fp-response-formula-5kg\\\/\"]}]},{\"@type\":\"ImageObject\",\"inLanguage\":\"cs\",\"@id\":\"https:\\\/\\\/shopatoa.com\\\/cz\\\/eukanuba-vd-dermatosis-fp-response-formula-5kg\\\/#primaryimage\",\"url\":\"https:\\\/\\\/storage.googleapis.com\\\/cz-shopatoa-img\\\/cz\\\/bb6b191d-1_80457.jpg\",\"contentUrl\":\"https:\\\/\\\/storage.googleapis.com\\\/cz-shopatoa-img\\\/cz\\\/bb6b191d-1_80457.jpg\",\"width\":600,\"height\":600},{\"@type\":\"BreadcrumbList\",\"@id\":\"https:\\\/\\\/shopatoa.com\\\/cz\\\/eukanuba-vd-dermatosis-fp-response-formula-5kg\\\/#breadcrumb\",\"itemListElement\":[{\"@type\":\"ListItem\",\"position\":1,\"name\":\"Dom\u016f\",\"item\":\"https:\\\/\\\/shopatoa.com\\\/cz\\\/\"},{\"@type\":\"ListItem\",\"position\":2,\"name\":\"Produkty\",\"item\":\"https:\\\/\\\/shopatoa.com\\\/cz\\\/shop\\\/\"},{\"@type\":\"ListItem\",\"position\":3,\"name\":\"Chovatelsk\u00e9 pot\u0159eby\",\"item\":\"https:\\\/\\\/shopatoa.com\\\/cz\\\/chovatelske-potreby-2\\\/\"},{\"@type\":\"ListItem\",\"position\":4,\"name\":\"Pro psy\",\"item\":\"https:\\\/\\\/shopatoa.com\\\/cz\\\/pro-psy-chovatelske-potreby-2\\\/\"},{\"@type\":\"ListItem\",\"position\":5,\"name\":\"Krmivo pro psy\",\"item\":\"https:\\\/\\\/shopatoa.com\\\/cz\\\/krmivo-pro-psy-pro-psy-chovatelske-potreby-2\\\/\"},{\"@type\":\"ListItem\",\"position\":6,\"name\":\"Granule pro psy\",\"item\":\"https:\\\/\\\/shopatoa.com\\\/cz\\\/granule-pro-psy\\\/\"},{\"@type\":\"ListItem\",\"position\":7,\"name\":\"Eukanuba VD Dermatosis FP Response Formula 5kg\"}]},{\"@type\":\"WebSite\",\"@id\":\"https:\\\/\\\/shopatoa.com\\\/cz\\\/#website\",\"url\":\"https:\\\/\\\/shopatoa.com\\\/cz\\\/\",\"name\":\"SHOPATOA\",\"description\":\"\",\"publisher\":{\"@id\":\"https:\\\/\\\/shopatoa.com\\\/cz\\\/#organization\"},\"potentialAction\":[{\"@type\":\"SearchAction\",\"target\":{\"@type\":\"EntryPoint\",\"urlTemplate\":\"https:\\\/\\\/shopatoa.com\\\/cz\\\/?s={search_term_string}\"},\"query-input\":{\"@type\":\"PropertyValueSpecification\",\"valueRequired\":true,\"valueName\":\"search_term_string\"}}],\"inLanguage\":\"cs\"},{\"@type\":\"Organization\",\"@id\":\"https:\\\/\\\/shopatoa.com\\\/cz\\\/#organization\",\"name\":\"SHOPATOA Digital s.r.o.\",\"url\":\"https:\\\/\\\/shopatoa.com\\\/cz\\\/\",\"logo\":{\"@type\":\"ImageObject\",\"inLanguage\":\"cs\",\"@id\":\"https:\\\/\\\/shopatoa.com\\\/cz\\\/#\\\/schema\\\/logo\\\/image\\\/\",\"url\":\"https:\\\/\\\/storage.googleapis.com\\\/cz-shopatoa-img\\\/cz\\\/ebccf434-shopatoa_logo.png\",\"contentUrl\":\"https:\\\/\\\/storage.googleapis.com\\\/cz-shopatoa-img\\\/cz\\\/ebccf434-shopatoa_logo.png\",\"width\":416,\"height\":63,\"caption\":\"SHOPATOA Digital s.r.o.\"},\"image\":{\"@id\":\"https:\\\/\\\/shopatoa.com\\\/cz\\\/#\\\/schema\\\/logo\\\/image\\\/\"}}]}<\/script>\n<!-- \/ Yoast SEO plugin. -->","yoast_head_json":{"title":"Eukanuba VD Dermatosis FP Response Formula 5kg - SHOPATOA.COM","robots":{"index":"index","follow":"follow","max-snippet":"max-snippet:-1","max-image-preview":"max-image-preview:large","max-video-preview":"max-video-preview:-1"},"canonical":"https:\/\/shopatoa.com\/cz\/eukanuba-vd-dermatosis-fp-response-formula-5kg\/","og_locale":"cs_CZ","og_type":"article","og_title":"Eukanuba VD Dermatosis FP Response Formula 5kg - SHOPATOA.COM","og_description":"Terapie z\u00e1n\u011btliv\u00fdch stav\u016f zp\u016fsoben\u00fdch atopi\u00ed, alergi\u00ed na ble\u0161\u00ed kousnut\u00ed, nebo potravn\u00ed hypersenzitivity\/intolerance. Indikace:\u00a0dermatitida vyvolan\u00e1 alergickou reakc\u00ed na ble\u0161\u00ed alergen, atopie, potravn\u00ed alergie \/ intolerance, z\u00e1n\u011bt st\u0159ev zp\u016fsoben\u00fd reakc\u00ed na krmivo, dal\u0161\u00ed z\u00e1n\u011btliv\u00e9 stavy. Specifika diety: obsahuje pouze vybran\u00e9 zdroje protein\u016f (ryba) a karbohydr\u00e1t\u016f (bramborov\u00fd \u0161krob), minimalizuje se tak riziko vystaven\u00ed organismu nej\u010dast\u011bj\u0161\u00edm alergen\u016fm a z\u00e1rove\u0148...","og_url":"https:\/\/shopatoa.com\/cz\/eukanuba-vd-dermatosis-fp-response-formula-5kg\/","og_site_name":"SHOPATOA","article_modified_time":"2025-04-25T20:41:32+00:00","og_image":[{"width":600,"height":600,"url":"https:\/\/storage.googleapis.com\/cz-shopatoa-img\/cz\/bb6b191d-1_80457.jpg","type":"image\/jpeg"}],"twitter_card":"summary_large_image","twitter_misc":{"Odhadovan\u00e1 doba \u010dten\u00ed":"1 minuta"},"schema":{"@context":"https:\/\/schema.org","@graph":[{"@type":"WebPage","@id":"https:\/\/shopatoa.com\/cz\/eukanuba-vd-dermatosis-fp-response-formula-5kg\/","url":"https:\/\/shopatoa.com\/cz\/eukanuba-vd-dermatosis-fp-response-formula-5kg\/","name":"Eukanuba VD Dermatosis FP Response Formula 5kg - SHOPATOA.COM","isPartOf":{"@id":"https:\/\/shopatoa.com\/cz\/#website"},"primaryImageOfPage":{"@id":"https:\/\/shopatoa.com\/cz\/eukanuba-vd-dermatosis-fp-response-formula-5kg\/#primaryimage"},"image":{"@id":"https:\/\/shopatoa.com\/cz\/eukanuba-vd-dermatosis-fp-response-formula-5kg\/#primaryimage"},"thumbnailUrl":"https:\/\/storage.googleapis.com\/cz-shopatoa-img\/cz\/bb6b191d-1_80457.jpg","datePublished":"2025-04-02T21:55:37+00:00","dateModified":"2025-04-25T20:41:32+00:00","breadcrumb":{"@id":"https:\/\/shopatoa.com\/cz\/eukanuba-vd-dermatosis-fp-response-formula-5kg\/#breadcrumb"},"inLanguage":"cs","potentialAction":[{"@type":"ReadAction","target":["https:\/\/shopatoa.com\/cz\/eukanuba-vd-dermatosis-fp-response-formula-5kg\/"]}]},{"@type":"ImageObject","inLanguage":"cs","@id":"https:\/\/shopatoa.com\/cz\/eukanuba-vd-dermatosis-fp-response-formula-5kg\/#primaryimage","url":"https:\/\/storage.googleapis.com\/cz-shopatoa-img\/cz\/bb6b191d-1_80457.jpg","contentUrl":"https:\/\/storage.googleapis.com\/cz-shopatoa-img\/cz\/bb6b191d-1_80457.jpg","width":600,"height":600},{"@type":"BreadcrumbList","@id":"https:\/\/shopatoa.com\/cz\/eukanuba-vd-dermatosis-fp-response-formula-5kg\/#breadcrumb","itemListElement":[{"@type":"ListItem","position":1,"name":"Dom\u016f","item":"https:\/\/shopatoa.com\/cz\/"},{"@type":"ListItem","position":2,"name":"Produkty","item":"https:\/\/shopatoa.com\/cz\/shop\/"},{"@type":"ListItem","position":3,"name":"Chovatelsk\u00e9 pot\u0159eby","item":"https:\/\/shopatoa.com\/cz\/chovatelske-potreby-2\/"},{"@type":"ListItem","position":4,"name":"Pro psy","item":"https:\/\/shopatoa.com\/cz\/pro-psy-chovatelske-potreby-2\/"},{"@type":"ListItem","position":5,"name":"Krmivo pro psy","item":"https:\/\/shopatoa.com\/cz\/krmivo-pro-psy-pro-psy-chovatelske-potreby-2\/"},{"@type":"ListItem","position":6,"name":"Granule pro psy","item":"https:\/\/shopatoa.com\/cz\/granule-pro-psy\/"},{"@type":"ListItem","position":7,"name":"Eukanuba VD Dermatosis FP Response Formula 5kg"}]},{"@type":"WebSite","@id":"https:\/\/shopatoa.com\/cz\/#website","url":"https:\/\/shopatoa.com\/cz\/","name":"SHOPATOA","description":"","publisher":{"@id":"https:\/\/shopatoa.com\/cz\/#organization"},"potentialAction":[{"@type":"SearchAction","target":{"@type":"EntryPoint","urlTemplate":"https:\/\/shopatoa.com\/cz\/?s={search_term_string}"},"query-input":{"@type":"PropertyValueSpecification","valueRequired":true,"valueName":"search_term_string"}}],"inLanguage":"cs"},{"@type":"Organization","@id":"https:\/\/shopatoa.com\/cz\/#organization","name":"SHOPATOA Digital s.r.o.","url":"https:\/\/shopatoa.com\/cz\/","logo":{"@type":"ImageObject","inLanguage":"cs","@id":"https:\/\/shopatoa.com\/cz\/#\/schema\/logo\/image\/","url":"https:\/\/storage.googleapis.com\/cz-shopatoa-img\/cz\/ebccf434-shopatoa_logo.png","contentUrl":"https:\/\/storage.googleapis.com\/cz-shopatoa-img\/cz\/ebccf434-shopatoa_logo.png","width":416,"height":63,"caption":"SHOPATOA Digital s.r.o."},"image":{"@id":"https:\/\/shopatoa.com\/cz\/#\/schema\/logo\/image\/"}}]}},"_links":{"self":[{"href":"https:\/\/shopatoa.com\/cz\/wp-json\/wp\/v2\/product\/247640","targetHints":{"allow":["GET"]}}],"collection":[{"href":"https:\/\/shopatoa.com\/cz\/wp-json\/wp\/v2\/product"}],"about":[{"href":"https:\/\/shopatoa.com\/cz\/wp-json\/wp\/v2\/types\/product"}],"replies":[{"embeddable":true,"href":"https:\/\/shopatoa.com\/cz\/wp-json\/wp\/v2\/comments?post=247640"}],"wp:featuredmedia":[{"embeddable":true,"href":"https:\/\/shopatoa.com\/cz\/wp-json\/wp\/v2\/media\/247641"}],"wp:attachment":[{"href":"https:\/\/shopatoa.com\/cz\/wp-json\/wp\/v2\/media?parent=247640"}],"wp:term":[{"taxonomy":"product_brand","embeddable":true,"href":"https:\/\/shopatoa.com\/cz\/wp-json\/wp\/v2\/product_brand?post=247640"},{"taxonomy":"product_cat","embeddable":true,"href":"https:\/\/shopatoa.com\/cz\/wp-json\/wp\/v2\/product_cat?post=247640"},{"taxonomy":"product_tag","embeddable":true,"href":"https:\/\/shopatoa.com\/cz\/wp-json\/wp\/v2\/product_tag?post=247640"}],"curies":[{"name":"wp","href":"https:\/\/api.w.org\/{rel}","templated":true}]}}