{"id":247670,"date":"2025-04-03T00:00:57","date_gmt":"2025-04-02T22:00:57","guid":{"rendered":"https:\/\/shopatoa.com\/cz\/?post_type=product&#038;p=247670"},"modified":"2026-02-04T02:01:18","modified_gmt":"2026-02-04T01:01:18","slug":"terarium-repti-planet-sestavitelne-120x45x32cm","status":"publish","type":"product","link":"https:\/\/shopatoa.com\/cz\/terarium-repti-planet-sestavitelne-120x45x32cm\/","title":{"rendered":"Ter\u00e1rium Repti Planet sestaviteln\u00e9 120x45x32cm"},"content":{"rendered":"<p>Jedine\u010dn\u00e1 ter\u00e1ria, snadno sestaviteln\u00e1. Ter\u00e1ria jsou dod\u00e1v\u00e1na v balen\u00ed, kter\u00e9 je ide\u00e1ln\u00ed pro dopravu a manipulaci. Z\u00e1kladna ter\u00e1ria je v\u017edy smontovan\u00e1 a lepen\u00e1, t\u00edm p\u00e1dem se d\u00e1 pou\u017e\u00edt pro realizaci palud\u00e1ria. Jednoduch\u00fd syst\u00e9m konstrukce a p\u0159esn\u00e9 d\u00edlensk\u00e9 zpracov\u00e1n\u00ed umo\u017e\u0148uje snadn\u00e9 sestaven\u00ed b\u011bhem n\u011bkolika minut.<\/p>\n<p>Pro dostate\u010dn\u00e9 v\u011btr\u00e1n\u00ed je horn\u00ed \u010d\u00e1st ter\u00e1ria vybavena kovov\u00fdm pletivem, kter\u00e9 zabra\u0148uje \u00faniku chovan\u00fdch zv\u00ed\u0159at a krmn\u00e9ho hmyzu. V\u017edy, kdy\u017e otev\u00edr\u00e1te vrchn\u00ed d\u00edl ter\u00e1ria, se p\u0159esv\u011bd\u010dte, \u017ee nehroz\u00ed \u00fat\u011bk zv\u00ed\u0159ete z\u00a0ter\u00e1ria. <\/p>\n<p>Ter\u00e1ria jsou vybavena horn\u00edm a spodn\u00edm plastov\u00fdm r\u00e1me\u010dkem, kter\u00fd umo\u017e\u0148uje stohov\u00e1n\u00ed ter\u00e1ri\u00ed a um\u00edst\u011bn\u00ed topn\u00fdch desek p\u0159\u00edmo na vn\u011bj\u0161\u00ed stranu spodn\u00ed skla.<\/p>\n<p>Ter\u00e1rium je bez pozad\u00ed a dekorace.<\/p>\n","protected":false},"excerpt":{"rendered":"<p>Jedine\u010dn\u00e1 ter\u00e1ria, snadno sestaviteln\u00e1. Ter\u00e1ria jsou dod\u00e1v\u00e1na v balen\u00ed, kter\u00e9 je ide\u00e1ln\u00ed pro dopravu a manipulaci. Z\u00e1kladna ter\u00e1ria je v\u017edy smontovan\u00e1 a lepen\u00e1, t\u00edm p\u00e1dem se d\u00e1 pou\u017e\u00edt pro realizaci palud\u00e1ria. Jednoduch\u00fd syst\u00e9m konstrukce a p\u0159esn\u00e9 d\u00edlensk\u00e9 zpracov\u00e1n\u00ed umo\u017e\u0148uje snadn\u00e9 sestaven\u00ed b\u011bhem n\u011bkolika minut. Pro dostate\u010dn\u00e9 v\u011btr\u00e1n\u00ed je horn\u00ed \u010d\u00e1st ter\u00e1ria vybavena kovov\u00fdm pletivem, kter\u00e9&#8230;<\/p>\n","protected":false},"featured_media":247671,"comment_status":"closed","ping_status":"open","template":"","meta":{"_acf_changed":false,"_kadence_starter_templates_imported_post":false,"_kad_post_transparent":"","_kad_post_title":"","_kad_post_layout":"","_kad_post_sidebar_id":"","_kad_post_content_style":"","_kad_post_vertical_padding":"","_kad_post_feature":"","_kad_post_feature_position":"","_kad_post_header":false,"_kad_post_footer":false,"_kad_post_classname":""},"product_brand":[2722],"product_cat":[436,2555,2528],"product_tag":[],"class_list":{"0":"post-247670","1":"product","2":"type-product","3":"status-publish","4":"has-post-thumbnail","6":"product_brand-repti-planet","7":"product_cat-chovatelske-potreby-2","8":"product_cat-teraria","9":"product_cat-teraristika","10":"pa_obchod-superzoo-cz","12":"first","13":"instock","14":"product-type-external","15":"entry","16":"content-bg","17":"loop-entry"},"acf":[],"yoast_head":"<!-- This site is optimized with the Yoast SEO plugin v27.4 - https:\/\/yoast.com\/product\/yoast-seo-wordpress\/ -->\n<title>Ter\u00e1rium Repti Planet sestaviteln\u00e9 120x45x32cm - SHOPATOA.COM<\/title>\n<meta name=\"robots\" content=\"index, follow, max-snippet:-1, max-image-preview:large, max-video-preview:-1\" \/>\n<link rel=\"canonical\" href=\"https:\/\/shopatoa.com\/cz\/terarium-repti-planet-sestavitelne-120x45x32cm\/\" \/>\n<meta property=\"og:locale\" content=\"cs_CZ\" \/>\n<meta property=\"og:type\" content=\"article\" \/>\n<meta property=\"og:title\" content=\"Ter\u00e1rium Repti Planet sestaviteln\u00e9 120x45x32cm - SHOPATOA.COM\" \/>\n<meta property=\"og:description\" content=\"Jedine\u010dn\u00e1 ter\u00e1ria, snadno sestaviteln\u00e1. Ter\u00e1ria jsou dod\u00e1v\u00e1na v balen\u00ed, kter\u00e9 je ide\u00e1ln\u00ed pro dopravu a manipulaci. Z\u00e1kladna ter\u00e1ria je v\u017edy smontovan\u00e1 a lepen\u00e1, t\u00edm p\u00e1dem se d\u00e1 pou\u017e\u00edt pro realizaci palud\u00e1ria. Jednoduch\u00fd syst\u00e9m konstrukce a p\u0159esn\u00e9 d\u00edlensk\u00e9 zpracov\u00e1n\u00ed umo\u017e\u0148uje snadn\u00e9 sestaven\u00ed b\u011bhem n\u011bkolika minut. Pro dostate\u010dn\u00e9 v\u011btr\u00e1n\u00ed je horn\u00ed \u010d\u00e1st ter\u00e1ria vybavena kovov\u00fdm pletivem, kter\u00e9...\" \/>\n<meta property=\"og:url\" content=\"https:\/\/shopatoa.com\/cz\/terarium-repti-planet-sestavitelne-120x45x32cm\/\" \/>\n<meta property=\"og:site_name\" content=\"SHOPATOA\" \/>\n<meta property=\"article:modified_time\" content=\"2026-02-04T01:01:18+00:00\" \/>\n<meta property=\"og:image\" content=\"https:\/\/storage.googleapis.com\/cz-shopatoa-img\/cz\/bb2f1f77-1_53875.jpg\" \/>\n\t<meta property=\"og:image:width\" content=\"600\" \/>\n\t<meta property=\"og:image:height\" content=\"600\" \/>\n\t<meta property=\"og:image:type\" content=\"image\/jpeg\" \/>\n<meta name=\"twitter:card\" content=\"summary_large_image\" \/>\n<meta name=\"twitter:label1\" content=\"Odhadovan\u00e1 doba \u010dten\u00ed\" \/>\n\t<meta name=\"twitter:data1\" content=\"1 minuta\" \/>\n<script type=\"application\/ld+json\" class=\"yoast-schema-graph\">{\"@context\":\"https:\\\/\\\/schema.org\",\"@graph\":[{\"@type\":\"WebPage\",\"@id\":\"https:\\\/\\\/shopatoa.com\\\/cz\\\/terarium-repti-planet-sestavitelne-120x45x32cm\\\/\",\"url\":\"https:\\\/\\\/shopatoa.com\\\/cz\\\/terarium-repti-planet-sestavitelne-120x45x32cm\\\/\",\"name\":\"Ter\u00e1rium Repti Planet sestaviteln\u00e9 120x45x32cm - SHOPATOA.COM\",\"isPartOf\":{\"@id\":\"https:\\\/\\\/shopatoa.com\\\/cz\\\/#website\"},\"primaryImageOfPage\":{\"@id\":\"https:\\\/\\\/shopatoa.com\\\/cz\\\/terarium-repti-planet-sestavitelne-120x45x32cm\\\/#primaryimage\"},\"image\":{\"@id\":\"https:\\\/\\\/shopatoa.com\\\/cz\\\/terarium-repti-planet-sestavitelne-120x45x32cm\\\/#primaryimage\"},\"thumbnailUrl\":\"https:\\\/\\\/storage.googleapis.com\\\/cz-shopatoa-img\\\/cz\\\/bb2f1f77-1_53875.jpg\",\"datePublished\":\"2025-04-02T22:00:57+00:00\",\"dateModified\":\"2026-02-04T01:01:18+00:00\",\"breadcrumb\":{\"@id\":\"https:\\\/\\\/shopatoa.com\\\/cz\\\/terarium-repti-planet-sestavitelne-120x45x32cm\\\/#breadcrumb\"},\"inLanguage\":\"cs\",\"potentialAction\":[{\"@type\":\"ReadAction\",\"target\":[\"https:\\\/\\\/shopatoa.com\\\/cz\\\/terarium-repti-planet-sestavitelne-120x45x32cm\\\/\"]}]},{\"@type\":\"ImageObject\",\"inLanguage\":\"cs\",\"@id\":\"https:\\\/\\\/shopatoa.com\\\/cz\\\/terarium-repti-planet-sestavitelne-120x45x32cm\\\/#primaryimage\",\"url\":\"https:\\\/\\\/storage.googleapis.com\\\/cz-shopatoa-img\\\/cz\\\/bb2f1f77-1_53875.jpg\",\"contentUrl\":\"https:\\\/\\\/storage.googleapis.com\\\/cz-shopatoa-img\\\/cz\\\/bb2f1f77-1_53875.jpg\",\"width\":600,\"height\":600},{\"@type\":\"BreadcrumbList\",\"@id\":\"https:\\\/\\\/shopatoa.com\\\/cz\\\/terarium-repti-planet-sestavitelne-120x45x32cm\\\/#breadcrumb\",\"itemListElement\":[{\"@type\":\"ListItem\",\"position\":1,\"name\":\"Dom\u016f\",\"item\":\"https:\\\/\\\/shopatoa.com\\\/cz\\\/\"},{\"@type\":\"ListItem\",\"position\":2,\"name\":\"Produkty\",\"item\":\"https:\\\/\\\/shopatoa.com\\\/cz\\\/shop\\\/\"},{\"@type\":\"ListItem\",\"position\":3,\"name\":\"Chovatelsk\u00e9 pot\u0159eby\",\"item\":\"https:\\\/\\\/shopatoa.com\\\/cz\\\/chovatelske-potreby-2\\\/\"},{\"@type\":\"ListItem\",\"position\":4,\"name\":\"Teraristika\",\"item\":\"https:\\\/\\\/shopatoa.com\\\/cz\\\/teraristika\\\/\"},{\"@type\":\"ListItem\",\"position\":5,\"name\":\"Ter\u00e1ria\",\"item\":\"https:\\\/\\\/shopatoa.com\\\/cz\\\/teraria\\\/\"},{\"@type\":\"ListItem\",\"position\":6,\"name\":\"Ter\u00e1rium Repti Planet sestaviteln\u00e9 120x45x32cm\"}]},{\"@type\":\"WebSite\",\"@id\":\"https:\\\/\\\/shopatoa.com\\\/cz\\\/#website\",\"url\":\"https:\\\/\\\/shopatoa.com\\\/cz\\\/\",\"name\":\"SHOPATOA\",\"description\":\"\",\"publisher\":{\"@id\":\"https:\\\/\\\/shopatoa.com\\\/cz\\\/#organization\"},\"potentialAction\":[{\"@type\":\"SearchAction\",\"target\":{\"@type\":\"EntryPoint\",\"urlTemplate\":\"https:\\\/\\\/shopatoa.com\\\/cz\\\/?s={search_term_string}\"},\"query-input\":{\"@type\":\"PropertyValueSpecification\",\"valueRequired\":true,\"valueName\":\"search_term_string\"}}],\"inLanguage\":\"cs\"},{\"@type\":\"Organization\",\"@id\":\"https:\\\/\\\/shopatoa.com\\\/cz\\\/#organization\",\"name\":\"SHOPATOA Digital s.r.o.\",\"url\":\"https:\\\/\\\/shopatoa.com\\\/cz\\\/\",\"logo\":{\"@type\":\"ImageObject\",\"inLanguage\":\"cs\",\"@id\":\"https:\\\/\\\/shopatoa.com\\\/cz\\\/#\\\/schema\\\/logo\\\/image\\\/\",\"url\":\"https:\\\/\\\/storage.googleapis.com\\\/cz-shopatoa-img\\\/cz\\\/ebccf434-shopatoa_logo.png\",\"contentUrl\":\"https:\\\/\\\/storage.googleapis.com\\\/cz-shopatoa-img\\\/cz\\\/ebccf434-shopatoa_logo.png\",\"width\":416,\"height\":63,\"caption\":\"SHOPATOA Digital s.r.o.\"},\"image\":{\"@id\":\"https:\\\/\\\/shopatoa.com\\\/cz\\\/#\\\/schema\\\/logo\\\/image\\\/\"}}]}<\/script>\n<!-- \/ Yoast SEO plugin. -->","yoast_head_json":{"title":"Ter\u00e1rium Repti Planet sestaviteln\u00e9 120x45x32cm - SHOPATOA.COM","robots":{"index":"index","follow":"follow","max-snippet":"max-snippet:-1","max-image-preview":"max-image-preview:large","max-video-preview":"max-video-preview:-1"},"canonical":"https:\/\/shopatoa.com\/cz\/terarium-repti-planet-sestavitelne-120x45x32cm\/","og_locale":"cs_CZ","og_type":"article","og_title":"Ter\u00e1rium Repti Planet sestaviteln\u00e9 120x45x32cm - SHOPATOA.COM","og_description":"Jedine\u010dn\u00e1 ter\u00e1ria, snadno sestaviteln\u00e1. Ter\u00e1ria jsou dod\u00e1v\u00e1na v balen\u00ed, kter\u00e9 je ide\u00e1ln\u00ed pro dopravu a manipulaci. Z\u00e1kladna ter\u00e1ria je v\u017edy smontovan\u00e1 a lepen\u00e1, t\u00edm p\u00e1dem se d\u00e1 pou\u017e\u00edt pro realizaci palud\u00e1ria. Jednoduch\u00fd syst\u00e9m konstrukce a p\u0159esn\u00e9 d\u00edlensk\u00e9 zpracov\u00e1n\u00ed umo\u017e\u0148uje snadn\u00e9 sestaven\u00ed b\u011bhem n\u011bkolika minut. Pro dostate\u010dn\u00e9 v\u011btr\u00e1n\u00ed je horn\u00ed \u010d\u00e1st ter\u00e1ria vybavena kovov\u00fdm pletivem, kter\u00e9...","og_url":"https:\/\/shopatoa.com\/cz\/terarium-repti-planet-sestavitelne-120x45x32cm\/","og_site_name":"SHOPATOA","article_modified_time":"2026-02-04T01:01:18+00:00","og_image":[{"width":600,"height":600,"url":"https:\/\/storage.googleapis.com\/cz-shopatoa-img\/cz\/bb2f1f77-1_53875.jpg","type":"image\/jpeg"}],"twitter_card":"summary_large_image","twitter_misc":{"Odhadovan\u00e1 doba \u010dten\u00ed":"1 minuta"},"schema":{"@context":"https:\/\/schema.org","@graph":[{"@type":"WebPage","@id":"https:\/\/shopatoa.com\/cz\/terarium-repti-planet-sestavitelne-120x45x32cm\/","url":"https:\/\/shopatoa.com\/cz\/terarium-repti-planet-sestavitelne-120x45x32cm\/","name":"Ter\u00e1rium Repti Planet sestaviteln\u00e9 120x45x32cm - SHOPATOA.COM","isPartOf":{"@id":"https:\/\/shopatoa.com\/cz\/#website"},"primaryImageOfPage":{"@id":"https:\/\/shopatoa.com\/cz\/terarium-repti-planet-sestavitelne-120x45x32cm\/#primaryimage"},"image":{"@id":"https:\/\/shopatoa.com\/cz\/terarium-repti-planet-sestavitelne-120x45x32cm\/#primaryimage"},"thumbnailUrl":"https:\/\/storage.googleapis.com\/cz-shopatoa-img\/cz\/bb2f1f77-1_53875.jpg","datePublished":"2025-04-02T22:00:57+00:00","dateModified":"2026-02-04T01:01:18+00:00","breadcrumb":{"@id":"https:\/\/shopatoa.com\/cz\/terarium-repti-planet-sestavitelne-120x45x32cm\/#breadcrumb"},"inLanguage":"cs","potentialAction":[{"@type":"ReadAction","target":["https:\/\/shopatoa.com\/cz\/terarium-repti-planet-sestavitelne-120x45x32cm\/"]}]},{"@type":"ImageObject","inLanguage":"cs","@id":"https:\/\/shopatoa.com\/cz\/terarium-repti-planet-sestavitelne-120x45x32cm\/#primaryimage","url":"https:\/\/storage.googleapis.com\/cz-shopatoa-img\/cz\/bb2f1f77-1_53875.jpg","contentUrl":"https:\/\/storage.googleapis.com\/cz-shopatoa-img\/cz\/bb2f1f77-1_53875.jpg","width":600,"height":600},{"@type":"BreadcrumbList","@id":"https:\/\/shopatoa.com\/cz\/terarium-repti-planet-sestavitelne-120x45x32cm\/#breadcrumb","itemListElement":[{"@type":"ListItem","position":1,"name":"Dom\u016f","item":"https:\/\/shopatoa.com\/cz\/"},{"@type":"ListItem","position":2,"name":"Produkty","item":"https:\/\/shopatoa.com\/cz\/shop\/"},{"@type":"ListItem","position":3,"name":"Chovatelsk\u00e9 pot\u0159eby","item":"https:\/\/shopatoa.com\/cz\/chovatelske-potreby-2\/"},{"@type":"ListItem","position":4,"name":"Teraristika","item":"https:\/\/shopatoa.com\/cz\/teraristika\/"},{"@type":"ListItem","position":5,"name":"Ter\u00e1ria","item":"https:\/\/shopatoa.com\/cz\/teraria\/"},{"@type":"ListItem","position":6,"name":"Ter\u00e1rium Repti Planet sestaviteln\u00e9 120x45x32cm"}]},{"@type":"WebSite","@id":"https:\/\/shopatoa.com\/cz\/#website","url":"https:\/\/shopatoa.com\/cz\/","name":"SHOPATOA","description":"","publisher":{"@id":"https:\/\/shopatoa.com\/cz\/#organization"},"potentialAction":[{"@type":"SearchAction","target":{"@type":"EntryPoint","urlTemplate":"https:\/\/shopatoa.com\/cz\/?s={search_term_string}"},"query-input":{"@type":"PropertyValueSpecification","valueRequired":true,"valueName":"search_term_string"}}],"inLanguage":"cs"},{"@type":"Organization","@id":"https:\/\/shopatoa.com\/cz\/#organization","name":"SHOPATOA Digital s.r.o.","url":"https:\/\/shopatoa.com\/cz\/","logo":{"@type":"ImageObject","inLanguage":"cs","@id":"https:\/\/shopatoa.com\/cz\/#\/schema\/logo\/image\/","url":"https:\/\/storage.googleapis.com\/cz-shopatoa-img\/cz\/ebccf434-shopatoa_logo.png","contentUrl":"https:\/\/storage.googleapis.com\/cz-shopatoa-img\/cz\/ebccf434-shopatoa_logo.png","width":416,"height":63,"caption":"SHOPATOA Digital s.r.o."},"image":{"@id":"https:\/\/shopatoa.com\/cz\/#\/schema\/logo\/image\/"}}]}},"_links":{"self":[{"href":"https:\/\/shopatoa.com\/cz\/wp-json\/wp\/v2\/product\/247670","targetHints":{"allow":["GET"]}}],"collection":[{"href":"https:\/\/shopatoa.com\/cz\/wp-json\/wp\/v2\/product"}],"about":[{"href":"https:\/\/shopatoa.com\/cz\/wp-json\/wp\/v2\/types\/product"}],"replies":[{"embeddable":true,"href":"https:\/\/shopatoa.com\/cz\/wp-json\/wp\/v2\/comments?post=247670"}],"wp:featuredmedia":[{"embeddable":true,"href":"https:\/\/shopatoa.com\/cz\/wp-json\/wp\/v2\/media\/247671"}],"wp:attachment":[{"href":"https:\/\/shopatoa.com\/cz\/wp-json\/wp\/v2\/media?parent=247670"}],"wp:term":[{"taxonomy":"product_brand","embeddable":true,"href":"https:\/\/shopatoa.com\/cz\/wp-json\/wp\/v2\/product_brand?post=247670"},{"taxonomy":"product_cat","embeddable":true,"href":"https:\/\/shopatoa.com\/cz\/wp-json\/wp\/v2\/product_cat?post=247670"},{"taxonomy":"product_tag","embeddable":true,"href":"https:\/\/shopatoa.com\/cz\/wp-json\/wp\/v2\/product_tag?post=247670"}],"curies":[{"name":"wp","href":"https:\/\/api.w.org\/{rel}","templated":true}]}}