{"id":247798,"date":"2025-04-03T00:25:11","date_gmt":"2025-04-02T22:25:11","guid":{"rendered":"https:\/\/shopatoa.com\/cz\/?post_type=product&#038;p=247798"},"modified":"2026-02-02T01:18:11","modified_gmt":"2026-02-02T00:18:11","slug":"repti-planet-rozprasovac-15l","status":"publish","type":"product","link":"https:\/\/shopatoa.com\/cz\/repti-planet-rozprasovac-15l\/","title":{"rendered":"Repti Planet Rozpra\u0161ova\u010d 1,5L"},"content":{"rendered":"<p>Snadno pou\u017eiteln\u00fd tlakov\u00fd post\u0159ikova\u010d.<\/p>\n<p>\tPom\u00e1h\u00e1 udr\u017eovat optim\u00e1ln\u00ed podm\u00ednky ter\u00e1ria<br \/>\n\tVelk\u00fd z\u00e1sobn\u00edk na vodu &#8211; 1,5 litru<br \/>\n\tNastaviteln\u00e1 rozpra\u0161ovac\u00ed tryska<br \/>\n\tUzamykac\u00ed mechanismus pro nep\u0159etr\u017eit\u00e9 post\u0159ikov\u00e1n\u00ed<br \/>\n\tKompaktn\u00ed, lehk\u00fd a snadno ovladateln\u00fd<\/p>\n","protected":false},"excerpt":{"rendered":"<p>Snadno pou\u017eiteln\u00fd tlakov\u00fd post\u0159ikova\u010d. Pom\u00e1h\u00e1 udr\u017eovat optim\u00e1ln\u00ed podm\u00ednky ter\u00e1ria Velk\u00fd z\u00e1sobn\u00edk na vodu &#8211; 1,5 litru Nastaviteln\u00e1 rozpra\u0161ovac\u00ed tryska Uzamykac\u00ed mechanismus pro nep\u0159etr\u017eit\u00e9 post\u0159ikov\u00e1n\u00ed Kompaktn\u00ed, lehk\u00fd a snadno ovladateln\u00fd<\/p>\n","protected":false},"featured_media":247799,"comment_status":"closed","ping_status":"open","template":"","meta":{"_acf_changed":false,"_kadence_starter_templates_imported_post":false,"_kad_post_transparent":"","_kad_post_title":"","_kad_post_layout":"","_kad_post_sidebar_id":"","_kad_post_content_style":"","_kad_post_vertical_padding":"","_kad_post_feature":"","_kad_post_feature_position":"","_kad_post_header":false,"_kad_post_footer":false,"_kad_post_classname":""},"product_brand":[2722],"product_cat":[358,2731],"product_tag":[],"class_list":{"0":"post-247798","1":"product","2":"type-product","3":"status-publish","4":"has-post-thumbnail","6":"product_brand-repti-planet","7":"product_cat-eroticke-pomucky","8":"product_cat-eroticke-pomucky-pro-zeny","9":"pa_obchod-superzoo-cz","11":"first","12":"instock","13":"product-type-external","14":"entry","15":"content-bg","16":"loop-entry"},"acf":[],"yoast_head":"<!-- This site is optimized with the Yoast SEO plugin v27.4 - https:\/\/yoast.com\/product\/yoast-seo-wordpress\/ -->\n<title>Repti Planet Rozpra\u0161ova\u010d 1,5L - SHOPATOA.COM<\/title>\n<meta name=\"robots\" content=\"index, follow, max-snippet:-1, max-image-preview:large, max-video-preview:-1\" \/>\n<link rel=\"canonical\" href=\"https:\/\/shopatoa.com\/cz\/repti-planet-rozprasovac-15l\/\" \/>\n<meta property=\"og:locale\" content=\"cs_CZ\" \/>\n<meta property=\"og:type\" content=\"article\" \/>\n<meta property=\"og:title\" content=\"Repti Planet Rozpra\u0161ova\u010d 1,5L - SHOPATOA.COM\" \/>\n<meta property=\"og:description\" content=\"Snadno pou\u017eiteln\u00fd tlakov\u00fd post\u0159ikova\u010d. Pom\u00e1h\u00e1 udr\u017eovat optim\u00e1ln\u00ed podm\u00ednky ter\u00e1ria Velk\u00fd z\u00e1sobn\u00edk na vodu &#8211; 1,5 litru Nastaviteln\u00e1 rozpra\u0161ovac\u00ed tryska Uzamykac\u00ed mechanismus pro nep\u0159etr\u017eit\u00e9 post\u0159ikov\u00e1n\u00ed Kompaktn\u00ed, lehk\u00fd a snadno ovladateln\u00fd\" \/>\n<meta property=\"og:url\" content=\"https:\/\/shopatoa.com\/cz\/repti-planet-rozprasovac-15l\/\" \/>\n<meta property=\"og:site_name\" content=\"SHOPATOA\" \/>\n<meta property=\"article:modified_time\" content=\"2026-02-02T00:18:11+00:00\" \/>\n<meta property=\"og:image\" content=\"https:\/\/storage.googleapis.com\/cz-shopatoa-img\/cz\/d20ddb41-1_53853.jpg\" \/>\n\t<meta property=\"og:image:width\" content=\"600\" \/>\n\t<meta property=\"og:image:height\" content=\"600\" \/>\n\t<meta property=\"og:image:type\" content=\"image\/jpeg\" \/>\n<meta name=\"twitter:card\" content=\"summary_large_image\" \/>\n<script type=\"application\/ld+json\" class=\"yoast-schema-graph\">{\"@context\":\"https:\\\/\\\/schema.org\",\"@graph\":[{\"@type\":\"WebPage\",\"@id\":\"https:\\\/\\\/shopatoa.com\\\/cz\\\/repti-planet-rozprasovac-15l\\\/\",\"url\":\"https:\\\/\\\/shopatoa.com\\\/cz\\\/repti-planet-rozprasovac-15l\\\/\",\"name\":\"Repti Planet Rozpra\u0161ova\u010d 1,5L - SHOPATOA.COM\",\"isPartOf\":{\"@id\":\"https:\\\/\\\/shopatoa.com\\\/cz\\\/#website\"},\"primaryImageOfPage\":{\"@id\":\"https:\\\/\\\/shopatoa.com\\\/cz\\\/repti-planet-rozprasovac-15l\\\/#primaryimage\"},\"image\":{\"@id\":\"https:\\\/\\\/shopatoa.com\\\/cz\\\/repti-planet-rozprasovac-15l\\\/#primaryimage\"},\"thumbnailUrl\":\"https:\\\/\\\/storage.googleapis.com\\\/cz-shopatoa-img\\\/cz\\\/d20ddb41-1_53853.jpg\",\"datePublished\":\"2025-04-02T22:25:11+00:00\",\"dateModified\":\"2026-02-02T00:18:11+00:00\",\"breadcrumb\":{\"@id\":\"https:\\\/\\\/shopatoa.com\\\/cz\\\/repti-planet-rozprasovac-15l\\\/#breadcrumb\"},\"inLanguage\":\"cs\",\"potentialAction\":[{\"@type\":\"ReadAction\",\"target\":[\"https:\\\/\\\/shopatoa.com\\\/cz\\\/repti-planet-rozprasovac-15l\\\/\"]}]},{\"@type\":\"ImageObject\",\"inLanguage\":\"cs\",\"@id\":\"https:\\\/\\\/shopatoa.com\\\/cz\\\/repti-planet-rozprasovac-15l\\\/#primaryimage\",\"url\":\"https:\\\/\\\/storage.googleapis.com\\\/cz-shopatoa-img\\\/cz\\\/d20ddb41-1_53853.jpg\",\"contentUrl\":\"https:\\\/\\\/storage.googleapis.com\\\/cz-shopatoa-img\\\/cz\\\/d20ddb41-1_53853.jpg\",\"width\":600,\"height\":600},{\"@type\":\"BreadcrumbList\",\"@id\":\"https:\\\/\\\/shopatoa.com\\\/cz\\\/repti-planet-rozprasovac-15l\\\/#breadcrumb\",\"itemListElement\":[{\"@type\":\"ListItem\",\"position\":1,\"name\":\"Dom\u016f\",\"item\":\"https:\\\/\\\/shopatoa.com\\\/cz\\\/\"},{\"@type\":\"ListItem\",\"position\":2,\"name\":\"Produkty\",\"item\":\"https:\\\/\\\/shopatoa.com\\\/cz\\\/shop\\\/\"},{\"@type\":\"ListItem\",\"position\":3,\"name\":\"Erotick\u00e9 pom\u016fcky\",\"item\":\"https:\\\/\\\/shopatoa.com\\\/cz\\\/eroticke-pomucky\\\/\"},{\"@type\":\"ListItem\",\"position\":4,\"name\":\"Erotick\u00e9 pom\u016fcky pro \u017eeny\",\"item\":\"https:\\\/\\\/shopatoa.com\\\/cz\\\/eroticke-pomucky-pro-zeny\\\/\"},{\"@type\":\"ListItem\",\"position\":5,\"name\":\"Repti Planet Rozpra\u0161ova\u010d 1,5L\"}]},{\"@type\":\"WebSite\",\"@id\":\"https:\\\/\\\/shopatoa.com\\\/cz\\\/#website\",\"url\":\"https:\\\/\\\/shopatoa.com\\\/cz\\\/\",\"name\":\"SHOPATOA\",\"description\":\"\",\"publisher\":{\"@id\":\"https:\\\/\\\/shopatoa.com\\\/cz\\\/#organization\"},\"potentialAction\":[{\"@type\":\"SearchAction\",\"target\":{\"@type\":\"EntryPoint\",\"urlTemplate\":\"https:\\\/\\\/shopatoa.com\\\/cz\\\/?s={search_term_string}\"},\"query-input\":{\"@type\":\"PropertyValueSpecification\",\"valueRequired\":true,\"valueName\":\"search_term_string\"}}],\"inLanguage\":\"cs\"},{\"@type\":\"Organization\",\"@id\":\"https:\\\/\\\/shopatoa.com\\\/cz\\\/#organization\",\"name\":\"SHOPATOA Digital s.r.o.\",\"url\":\"https:\\\/\\\/shopatoa.com\\\/cz\\\/\",\"logo\":{\"@type\":\"ImageObject\",\"inLanguage\":\"cs\",\"@id\":\"https:\\\/\\\/shopatoa.com\\\/cz\\\/#\\\/schema\\\/logo\\\/image\\\/\",\"url\":\"https:\\\/\\\/storage.googleapis.com\\\/cz-shopatoa-img\\\/cz\\\/ebccf434-shopatoa_logo.png\",\"contentUrl\":\"https:\\\/\\\/storage.googleapis.com\\\/cz-shopatoa-img\\\/cz\\\/ebccf434-shopatoa_logo.png\",\"width\":416,\"height\":63,\"caption\":\"SHOPATOA Digital s.r.o.\"},\"image\":{\"@id\":\"https:\\\/\\\/shopatoa.com\\\/cz\\\/#\\\/schema\\\/logo\\\/image\\\/\"}}]}<\/script>\n<!-- \/ Yoast SEO plugin. -->","yoast_head_json":{"title":"Repti Planet Rozpra\u0161ova\u010d 1,5L - SHOPATOA.COM","robots":{"index":"index","follow":"follow","max-snippet":"max-snippet:-1","max-image-preview":"max-image-preview:large","max-video-preview":"max-video-preview:-1"},"canonical":"https:\/\/shopatoa.com\/cz\/repti-planet-rozprasovac-15l\/","og_locale":"cs_CZ","og_type":"article","og_title":"Repti Planet Rozpra\u0161ova\u010d 1,5L - SHOPATOA.COM","og_description":"Snadno pou\u017eiteln\u00fd tlakov\u00fd post\u0159ikova\u010d. Pom\u00e1h\u00e1 udr\u017eovat optim\u00e1ln\u00ed podm\u00ednky ter\u00e1ria Velk\u00fd z\u00e1sobn\u00edk na vodu &#8211; 1,5 litru Nastaviteln\u00e1 rozpra\u0161ovac\u00ed tryska Uzamykac\u00ed mechanismus pro nep\u0159etr\u017eit\u00e9 post\u0159ikov\u00e1n\u00ed Kompaktn\u00ed, lehk\u00fd a snadno ovladateln\u00fd","og_url":"https:\/\/shopatoa.com\/cz\/repti-planet-rozprasovac-15l\/","og_site_name":"SHOPATOA","article_modified_time":"2026-02-02T00:18:11+00:00","og_image":[{"width":600,"height":600,"url":"https:\/\/storage.googleapis.com\/cz-shopatoa-img\/cz\/d20ddb41-1_53853.jpg","type":"image\/jpeg"}],"twitter_card":"summary_large_image","schema":{"@context":"https:\/\/schema.org","@graph":[{"@type":"WebPage","@id":"https:\/\/shopatoa.com\/cz\/repti-planet-rozprasovac-15l\/","url":"https:\/\/shopatoa.com\/cz\/repti-planet-rozprasovac-15l\/","name":"Repti Planet Rozpra\u0161ova\u010d 1,5L - SHOPATOA.COM","isPartOf":{"@id":"https:\/\/shopatoa.com\/cz\/#website"},"primaryImageOfPage":{"@id":"https:\/\/shopatoa.com\/cz\/repti-planet-rozprasovac-15l\/#primaryimage"},"image":{"@id":"https:\/\/shopatoa.com\/cz\/repti-planet-rozprasovac-15l\/#primaryimage"},"thumbnailUrl":"https:\/\/storage.googleapis.com\/cz-shopatoa-img\/cz\/d20ddb41-1_53853.jpg","datePublished":"2025-04-02T22:25:11+00:00","dateModified":"2026-02-02T00:18:11+00:00","breadcrumb":{"@id":"https:\/\/shopatoa.com\/cz\/repti-planet-rozprasovac-15l\/#breadcrumb"},"inLanguage":"cs","potentialAction":[{"@type":"ReadAction","target":["https:\/\/shopatoa.com\/cz\/repti-planet-rozprasovac-15l\/"]}]},{"@type":"ImageObject","inLanguage":"cs","@id":"https:\/\/shopatoa.com\/cz\/repti-planet-rozprasovac-15l\/#primaryimage","url":"https:\/\/storage.googleapis.com\/cz-shopatoa-img\/cz\/d20ddb41-1_53853.jpg","contentUrl":"https:\/\/storage.googleapis.com\/cz-shopatoa-img\/cz\/d20ddb41-1_53853.jpg","width":600,"height":600},{"@type":"BreadcrumbList","@id":"https:\/\/shopatoa.com\/cz\/repti-planet-rozprasovac-15l\/#breadcrumb","itemListElement":[{"@type":"ListItem","position":1,"name":"Dom\u016f","item":"https:\/\/shopatoa.com\/cz\/"},{"@type":"ListItem","position":2,"name":"Produkty","item":"https:\/\/shopatoa.com\/cz\/shop\/"},{"@type":"ListItem","position":3,"name":"Erotick\u00e9 pom\u016fcky","item":"https:\/\/shopatoa.com\/cz\/eroticke-pomucky\/"},{"@type":"ListItem","position":4,"name":"Erotick\u00e9 pom\u016fcky pro \u017eeny","item":"https:\/\/shopatoa.com\/cz\/eroticke-pomucky-pro-zeny\/"},{"@type":"ListItem","position":5,"name":"Repti Planet Rozpra\u0161ova\u010d 1,5L"}]},{"@type":"WebSite","@id":"https:\/\/shopatoa.com\/cz\/#website","url":"https:\/\/shopatoa.com\/cz\/","name":"SHOPATOA","description":"","publisher":{"@id":"https:\/\/shopatoa.com\/cz\/#organization"},"potentialAction":[{"@type":"SearchAction","target":{"@type":"EntryPoint","urlTemplate":"https:\/\/shopatoa.com\/cz\/?s={search_term_string}"},"query-input":{"@type":"PropertyValueSpecification","valueRequired":true,"valueName":"search_term_string"}}],"inLanguage":"cs"},{"@type":"Organization","@id":"https:\/\/shopatoa.com\/cz\/#organization","name":"SHOPATOA Digital s.r.o.","url":"https:\/\/shopatoa.com\/cz\/","logo":{"@type":"ImageObject","inLanguage":"cs","@id":"https:\/\/shopatoa.com\/cz\/#\/schema\/logo\/image\/","url":"https:\/\/storage.googleapis.com\/cz-shopatoa-img\/cz\/ebccf434-shopatoa_logo.png","contentUrl":"https:\/\/storage.googleapis.com\/cz-shopatoa-img\/cz\/ebccf434-shopatoa_logo.png","width":416,"height":63,"caption":"SHOPATOA Digital s.r.o."},"image":{"@id":"https:\/\/shopatoa.com\/cz\/#\/schema\/logo\/image\/"}}]}},"_links":{"self":[{"href":"https:\/\/shopatoa.com\/cz\/wp-json\/wp\/v2\/product\/247798","targetHints":{"allow":["GET"]}}],"collection":[{"href":"https:\/\/shopatoa.com\/cz\/wp-json\/wp\/v2\/product"}],"about":[{"href":"https:\/\/shopatoa.com\/cz\/wp-json\/wp\/v2\/types\/product"}],"replies":[{"embeddable":true,"href":"https:\/\/shopatoa.com\/cz\/wp-json\/wp\/v2\/comments?post=247798"}],"wp:featuredmedia":[{"embeddable":true,"href":"https:\/\/shopatoa.com\/cz\/wp-json\/wp\/v2\/media\/247799"}],"wp:attachment":[{"href":"https:\/\/shopatoa.com\/cz\/wp-json\/wp\/v2\/media?parent=247798"}],"wp:term":[{"taxonomy":"product_brand","embeddable":true,"href":"https:\/\/shopatoa.com\/cz\/wp-json\/wp\/v2\/product_brand?post=247798"},{"taxonomy":"product_cat","embeddable":true,"href":"https:\/\/shopatoa.com\/cz\/wp-json\/wp\/v2\/product_cat?post=247798"},{"taxonomy":"product_tag","embeddable":true,"href":"https:\/\/shopatoa.com\/cz\/wp-json\/wp\/v2\/product_tag?post=247798"}],"curies":[{"name":"wp","href":"https:\/\/api.w.org\/{rel}","templated":true}]}}