{"id":247800,"date":"2025-04-03T00:25:20","date_gmt":"2025-04-02T22:25:20","guid":{"rendered":"https:\/\/shopatoa.com\/cz\/?post_type=product&#038;p=247800"},"modified":"2026-02-02T01:18:09","modified_gmt":"2026-02-02T00:18:09","slug":"repti-planet-mlhovac","status":"publish","type":"product","link":"https:\/\/shopatoa.com\/cz\/repti-planet-mlhovac\/","title":{"rendered":"Repti Planet Mlhova\u010d"},"content":{"rendered":"<p>Imituje rann\u00ed mlhu v\u00a0pou\u0161tn\u00edch ter\u00e1ri\u00edch a simuluje tropickou mlhu v\u00a0tropick\u00fdch ter\u00e1ri\u00edch.<\/p>\n<p>V\u00a0z\u00e1vislosti na velikosti ter\u00e1ria zvy\u0161uje vlhkost vzduchu a\u017e na 100%.<\/p>\n<p>Automatick\u00e1 ochrana p\u0159i n\u00edzk\u00e9 hladin\u011b vody: V\u00a0p\u0159\u00edpad\u011b nedostatku vody (&lt; 3cm) se Mlhova\u010d automaticky vypne<\/p>\n<p>\tVhodn\u00e9 nejen pro ter\u00e1ria, ale i pro dal\u0161\u00ed n\u00e1doby s\u00a0vodou<br \/>\n\t\u00da\u017easn\u00fd vizu\u00e1ln\u00ed efekt<br \/>\n\tN\u00e1hradn\u00ed membr\u00e1ny REPTI PLANET je mo\u017en\u00e9 zakoupit samostatn\u011b<\/p>\n<p>Tento v\u00fdrobek vytv\u00e1\u0159\u00ed pomoc\u00ed ultrazvukov\u00e9 keramick\u00e9 membr\u00e1ny p\u0159i norm\u00e1ln\u00ed teplot\u011b studenou vodn\u00ed mlhu, kter\u00e1 m\u016f\u017ee zv\u00fd\u0161it vlhkost v\u00a0ter\u00e1riu (m\u00edstnosti) a vytv\u00e1\u0159\u00ed negativn\u00ed ionty pro osv\u011b\u017een\u00ed vzduchu. Produkt je mo\u017en\u00e9 pou\u017e\u00edt i jako dekoraci \u2013 nap\u0159. miniaturn\u00ed font\u00e1na se zaj\u00edmav\u00fdm ml\u017en\u00fdm efektem.<\/p>\n<p>Specifikace provozu:<br \/>\n1. Um\u00edst\u011bte mlhova\u010d do n\u00e1doby na vodu a udr\u017eujte jej v rovin\u011b (optim\u00e1ln\u00ed v\u00fd\u0161ka hladiny vody je 20mm a\u017e 40mm nad keramick\u00fdm kotou\u010dem).<br \/>\n2. P\u0159ipojte nap\u00e1jec\u00ed kabel mlhova\u010de k transform\u00e1toru. Kabel od transform\u00e1toru zapojte do elektrick\u00e9 z\u00e1suvky&#8230;.<\/p>\n","protected":false},"excerpt":{"rendered":"<p>Imituje rann\u00ed mlhu v\u00a0pou\u0161tn\u00edch ter\u00e1ri\u00edch a simuluje tropickou mlhu v\u00a0tropick\u00fdch ter\u00e1ri\u00edch. V\u00a0z\u00e1vislosti na velikosti ter\u00e1ria zvy\u0161uje vlhkost vzduchu a\u017e na 100%. Automatick\u00e1 ochrana p\u0159i n\u00edzk\u00e9 hladin\u011b vody: V\u00a0p\u0159\u00edpad\u011b nedostatku vody (&lt; 3cm) se Mlhova\u010d automaticky vypne Vhodn\u00e9 nejen pro ter\u00e1ria, ale i pro dal\u0161\u00ed n\u00e1doby s\u00a0vodou \u00da\u017easn\u00fd vizu\u00e1ln\u00ed efekt N\u00e1hradn\u00ed membr\u00e1ny REPTI PLANET je mo\u017en\u00e9&#8230;<\/p>\n","protected":false},"featured_media":247801,"comment_status":"closed","ping_status":"open","template":"","meta":{"_acf_changed":false,"_kadence_starter_templates_imported_post":false,"_kad_post_transparent":"","_kad_post_title":"","_kad_post_layout":"","_kad_post_sidebar_id":"","_kad_post_content_style":"","_kad_post_vertical_padding":"","_kad_post_feature":"","_kad_post_feature_position":"","_kad_post_header":false,"_kad_post_footer":false,"_kad_post_classname":""},"product_brand":[2722],"product_cat":[436,2553,2528],"product_tag":[],"class_list":{"0":"post-247800","1":"product","2":"type-product","3":"status-publish","4":"has-post-thumbnail","6":"product_brand-repti-planet","7":"product_cat-chovatelske-potreby-2","8":"product_cat-terarijni-technika","9":"product_cat-teraristika","10":"pa_obchod-superzoo-cz","12":"first","13":"instock","14":"product-type-external","15":"entry","16":"content-bg","17":"loop-entry"},"acf":[],"yoast_head":"<!-- This site is optimized with the Yoast SEO plugin v27.4 - https:\/\/yoast.com\/product\/yoast-seo-wordpress\/ -->\n<title>Repti Planet Mlhova\u010d - SHOPATOA.COM<\/title>\n<meta name=\"robots\" content=\"index, follow, max-snippet:-1, max-image-preview:large, max-video-preview:-1\" \/>\n<link rel=\"canonical\" href=\"https:\/\/shopatoa.com\/cz\/repti-planet-mlhovac\/\" \/>\n<meta property=\"og:locale\" content=\"cs_CZ\" \/>\n<meta property=\"og:type\" content=\"article\" \/>\n<meta property=\"og:title\" content=\"Repti Planet Mlhova\u010d - SHOPATOA.COM\" \/>\n<meta property=\"og:description\" content=\"Imituje rann\u00ed mlhu v\u00a0pou\u0161tn\u00edch ter\u00e1ri\u00edch a simuluje tropickou mlhu v\u00a0tropick\u00fdch ter\u00e1ri\u00edch. V\u00a0z\u00e1vislosti na velikosti ter\u00e1ria zvy\u0161uje vlhkost vzduchu a\u017e na 100%. Automatick\u00e1 ochrana p\u0159i n\u00edzk\u00e9 hladin\u011b vody: V\u00a0p\u0159\u00edpad\u011b nedostatku vody (&lt; 3cm) se Mlhova\u010d automaticky vypne Vhodn\u00e9 nejen pro ter\u00e1ria, ale i pro dal\u0161\u00ed n\u00e1doby s\u00a0vodou \u00da\u017easn\u00fd vizu\u00e1ln\u00ed efekt N\u00e1hradn\u00ed membr\u00e1ny REPTI PLANET je mo\u017en\u00e9...\" \/>\n<meta property=\"og:url\" content=\"https:\/\/shopatoa.com\/cz\/repti-planet-mlhovac\/\" \/>\n<meta property=\"og:site_name\" content=\"SHOPATOA\" \/>\n<meta property=\"article:modified_time\" content=\"2026-02-02T00:18:09+00:00\" \/>\n<meta property=\"og:image\" content=\"https:\/\/storage.googleapis.com\/cz-shopatoa-img\/cz\/7976c861-1_53855.jpg\" \/>\n\t<meta property=\"og:image:width\" content=\"600\" \/>\n\t<meta property=\"og:image:height\" content=\"600\" \/>\n\t<meta property=\"og:image:type\" content=\"image\/jpeg\" \/>\n<meta name=\"twitter:card\" content=\"summary_large_image\" \/>\n<meta name=\"twitter:label1\" content=\"Odhadovan\u00e1 doba \u010dten\u00ed\" \/>\n\t<meta name=\"twitter:data1\" content=\"1 minuta\" \/>\n<script type=\"application\/ld+json\" class=\"yoast-schema-graph\">{\"@context\":\"https:\\\/\\\/schema.org\",\"@graph\":[{\"@type\":\"WebPage\",\"@id\":\"https:\\\/\\\/shopatoa.com\\\/cz\\\/repti-planet-mlhovac\\\/\",\"url\":\"https:\\\/\\\/shopatoa.com\\\/cz\\\/repti-planet-mlhovac\\\/\",\"name\":\"Repti Planet Mlhova\u010d - SHOPATOA.COM\",\"isPartOf\":{\"@id\":\"https:\\\/\\\/shopatoa.com\\\/cz\\\/#website\"},\"primaryImageOfPage\":{\"@id\":\"https:\\\/\\\/shopatoa.com\\\/cz\\\/repti-planet-mlhovac\\\/#primaryimage\"},\"image\":{\"@id\":\"https:\\\/\\\/shopatoa.com\\\/cz\\\/repti-planet-mlhovac\\\/#primaryimage\"},\"thumbnailUrl\":\"https:\\\/\\\/storage.googleapis.com\\\/cz-shopatoa-img\\\/cz\\\/7976c861-1_53855.jpg\",\"datePublished\":\"2025-04-02T22:25:20+00:00\",\"dateModified\":\"2026-02-02T00:18:09+00:00\",\"breadcrumb\":{\"@id\":\"https:\\\/\\\/shopatoa.com\\\/cz\\\/repti-planet-mlhovac\\\/#breadcrumb\"},\"inLanguage\":\"cs\",\"potentialAction\":[{\"@type\":\"ReadAction\",\"target\":[\"https:\\\/\\\/shopatoa.com\\\/cz\\\/repti-planet-mlhovac\\\/\"]}]},{\"@type\":\"ImageObject\",\"inLanguage\":\"cs\",\"@id\":\"https:\\\/\\\/shopatoa.com\\\/cz\\\/repti-planet-mlhovac\\\/#primaryimage\",\"url\":\"https:\\\/\\\/storage.googleapis.com\\\/cz-shopatoa-img\\\/cz\\\/7976c861-1_53855.jpg\",\"contentUrl\":\"https:\\\/\\\/storage.googleapis.com\\\/cz-shopatoa-img\\\/cz\\\/7976c861-1_53855.jpg\",\"width\":600,\"height\":600},{\"@type\":\"BreadcrumbList\",\"@id\":\"https:\\\/\\\/shopatoa.com\\\/cz\\\/repti-planet-mlhovac\\\/#breadcrumb\",\"itemListElement\":[{\"@type\":\"ListItem\",\"position\":1,\"name\":\"Dom\u016f\",\"item\":\"https:\\\/\\\/shopatoa.com\\\/cz\\\/\"},{\"@type\":\"ListItem\",\"position\":2,\"name\":\"Produkty\",\"item\":\"https:\\\/\\\/shopatoa.com\\\/cz\\\/shop\\\/\"},{\"@type\":\"ListItem\",\"position\":3,\"name\":\"Chovatelsk\u00e9 pot\u0159eby\",\"item\":\"https:\\\/\\\/shopatoa.com\\\/cz\\\/chovatelske-potreby-2\\\/\"},{\"@type\":\"ListItem\",\"position\":4,\"name\":\"Teraristika\",\"item\":\"https:\\\/\\\/shopatoa.com\\\/cz\\\/teraristika\\\/\"},{\"@type\":\"ListItem\",\"position\":5,\"name\":\"Terarijn\u00ed technika\",\"item\":\"https:\\\/\\\/shopatoa.com\\\/cz\\\/terarijni-technika\\\/\"},{\"@type\":\"ListItem\",\"position\":6,\"name\":\"Repti Planet Mlhova\u010d\"}]},{\"@type\":\"WebSite\",\"@id\":\"https:\\\/\\\/shopatoa.com\\\/cz\\\/#website\",\"url\":\"https:\\\/\\\/shopatoa.com\\\/cz\\\/\",\"name\":\"SHOPATOA\",\"description\":\"\",\"publisher\":{\"@id\":\"https:\\\/\\\/shopatoa.com\\\/cz\\\/#organization\"},\"potentialAction\":[{\"@type\":\"SearchAction\",\"target\":{\"@type\":\"EntryPoint\",\"urlTemplate\":\"https:\\\/\\\/shopatoa.com\\\/cz\\\/?s={search_term_string}\"},\"query-input\":{\"@type\":\"PropertyValueSpecification\",\"valueRequired\":true,\"valueName\":\"search_term_string\"}}],\"inLanguage\":\"cs\"},{\"@type\":\"Organization\",\"@id\":\"https:\\\/\\\/shopatoa.com\\\/cz\\\/#organization\",\"name\":\"SHOPATOA Digital s.r.o.\",\"url\":\"https:\\\/\\\/shopatoa.com\\\/cz\\\/\",\"logo\":{\"@type\":\"ImageObject\",\"inLanguage\":\"cs\",\"@id\":\"https:\\\/\\\/shopatoa.com\\\/cz\\\/#\\\/schema\\\/logo\\\/image\\\/\",\"url\":\"https:\\\/\\\/storage.googleapis.com\\\/cz-shopatoa-img\\\/cz\\\/ebccf434-shopatoa_logo.png\",\"contentUrl\":\"https:\\\/\\\/storage.googleapis.com\\\/cz-shopatoa-img\\\/cz\\\/ebccf434-shopatoa_logo.png\",\"width\":416,\"height\":63,\"caption\":\"SHOPATOA Digital s.r.o.\"},\"image\":{\"@id\":\"https:\\\/\\\/shopatoa.com\\\/cz\\\/#\\\/schema\\\/logo\\\/image\\\/\"}}]}<\/script>\n<!-- \/ Yoast SEO plugin. -->","yoast_head_json":{"title":"Repti Planet Mlhova\u010d - SHOPATOA.COM","robots":{"index":"index","follow":"follow","max-snippet":"max-snippet:-1","max-image-preview":"max-image-preview:large","max-video-preview":"max-video-preview:-1"},"canonical":"https:\/\/shopatoa.com\/cz\/repti-planet-mlhovac\/","og_locale":"cs_CZ","og_type":"article","og_title":"Repti Planet Mlhova\u010d - SHOPATOA.COM","og_description":"Imituje rann\u00ed mlhu v\u00a0pou\u0161tn\u00edch ter\u00e1ri\u00edch a simuluje tropickou mlhu v\u00a0tropick\u00fdch ter\u00e1ri\u00edch. V\u00a0z\u00e1vislosti na velikosti ter\u00e1ria zvy\u0161uje vlhkost vzduchu a\u017e na 100%. Automatick\u00e1 ochrana p\u0159i n\u00edzk\u00e9 hladin\u011b vody: V\u00a0p\u0159\u00edpad\u011b nedostatku vody (&lt; 3cm) se Mlhova\u010d automaticky vypne Vhodn\u00e9 nejen pro ter\u00e1ria, ale i pro dal\u0161\u00ed n\u00e1doby s\u00a0vodou \u00da\u017easn\u00fd vizu\u00e1ln\u00ed efekt N\u00e1hradn\u00ed membr\u00e1ny REPTI PLANET je mo\u017en\u00e9...","og_url":"https:\/\/shopatoa.com\/cz\/repti-planet-mlhovac\/","og_site_name":"SHOPATOA","article_modified_time":"2026-02-02T00:18:09+00:00","og_image":[{"width":600,"height":600,"url":"https:\/\/storage.googleapis.com\/cz-shopatoa-img\/cz\/7976c861-1_53855.jpg","type":"image\/jpeg"}],"twitter_card":"summary_large_image","twitter_misc":{"Odhadovan\u00e1 doba \u010dten\u00ed":"1 minuta"},"schema":{"@context":"https:\/\/schema.org","@graph":[{"@type":"WebPage","@id":"https:\/\/shopatoa.com\/cz\/repti-planet-mlhovac\/","url":"https:\/\/shopatoa.com\/cz\/repti-planet-mlhovac\/","name":"Repti Planet Mlhova\u010d - SHOPATOA.COM","isPartOf":{"@id":"https:\/\/shopatoa.com\/cz\/#website"},"primaryImageOfPage":{"@id":"https:\/\/shopatoa.com\/cz\/repti-planet-mlhovac\/#primaryimage"},"image":{"@id":"https:\/\/shopatoa.com\/cz\/repti-planet-mlhovac\/#primaryimage"},"thumbnailUrl":"https:\/\/storage.googleapis.com\/cz-shopatoa-img\/cz\/7976c861-1_53855.jpg","datePublished":"2025-04-02T22:25:20+00:00","dateModified":"2026-02-02T00:18:09+00:00","breadcrumb":{"@id":"https:\/\/shopatoa.com\/cz\/repti-planet-mlhovac\/#breadcrumb"},"inLanguage":"cs","potentialAction":[{"@type":"ReadAction","target":["https:\/\/shopatoa.com\/cz\/repti-planet-mlhovac\/"]}]},{"@type":"ImageObject","inLanguage":"cs","@id":"https:\/\/shopatoa.com\/cz\/repti-planet-mlhovac\/#primaryimage","url":"https:\/\/storage.googleapis.com\/cz-shopatoa-img\/cz\/7976c861-1_53855.jpg","contentUrl":"https:\/\/storage.googleapis.com\/cz-shopatoa-img\/cz\/7976c861-1_53855.jpg","width":600,"height":600},{"@type":"BreadcrumbList","@id":"https:\/\/shopatoa.com\/cz\/repti-planet-mlhovac\/#breadcrumb","itemListElement":[{"@type":"ListItem","position":1,"name":"Dom\u016f","item":"https:\/\/shopatoa.com\/cz\/"},{"@type":"ListItem","position":2,"name":"Produkty","item":"https:\/\/shopatoa.com\/cz\/shop\/"},{"@type":"ListItem","position":3,"name":"Chovatelsk\u00e9 pot\u0159eby","item":"https:\/\/shopatoa.com\/cz\/chovatelske-potreby-2\/"},{"@type":"ListItem","position":4,"name":"Teraristika","item":"https:\/\/shopatoa.com\/cz\/teraristika\/"},{"@type":"ListItem","position":5,"name":"Terarijn\u00ed technika","item":"https:\/\/shopatoa.com\/cz\/terarijni-technika\/"},{"@type":"ListItem","position":6,"name":"Repti Planet Mlhova\u010d"}]},{"@type":"WebSite","@id":"https:\/\/shopatoa.com\/cz\/#website","url":"https:\/\/shopatoa.com\/cz\/","name":"SHOPATOA","description":"","publisher":{"@id":"https:\/\/shopatoa.com\/cz\/#organization"},"potentialAction":[{"@type":"SearchAction","target":{"@type":"EntryPoint","urlTemplate":"https:\/\/shopatoa.com\/cz\/?s={search_term_string}"},"query-input":{"@type":"PropertyValueSpecification","valueRequired":true,"valueName":"search_term_string"}}],"inLanguage":"cs"},{"@type":"Organization","@id":"https:\/\/shopatoa.com\/cz\/#organization","name":"SHOPATOA Digital s.r.o.","url":"https:\/\/shopatoa.com\/cz\/","logo":{"@type":"ImageObject","inLanguage":"cs","@id":"https:\/\/shopatoa.com\/cz\/#\/schema\/logo\/image\/","url":"https:\/\/storage.googleapis.com\/cz-shopatoa-img\/cz\/ebccf434-shopatoa_logo.png","contentUrl":"https:\/\/storage.googleapis.com\/cz-shopatoa-img\/cz\/ebccf434-shopatoa_logo.png","width":416,"height":63,"caption":"SHOPATOA Digital s.r.o."},"image":{"@id":"https:\/\/shopatoa.com\/cz\/#\/schema\/logo\/image\/"}}]}},"_links":{"self":[{"href":"https:\/\/shopatoa.com\/cz\/wp-json\/wp\/v2\/product\/247800","targetHints":{"allow":["GET"]}}],"collection":[{"href":"https:\/\/shopatoa.com\/cz\/wp-json\/wp\/v2\/product"}],"about":[{"href":"https:\/\/shopatoa.com\/cz\/wp-json\/wp\/v2\/types\/product"}],"replies":[{"embeddable":true,"href":"https:\/\/shopatoa.com\/cz\/wp-json\/wp\/v2\/comments?post=247800"}],"wp:featuredmedia":[{"embeddable":true,"href":"https:\/\/shopatoa.com\/cz\/wp-json\/wp\/v2\/media\/247801"}],"wp:attachment":[{"href":"https:\/\/shopatoa.com\/cz\/wp-json\/wp\/v2\/media?parent=247800"}],"wp:term":[{"taxonomy":"product_brand","embeddable":true,"href":"https:\/\/shopatoa.com\/cz\/wp-json\/wp\/v2\/product_brand?post=247800"},{"taxonomy":"product_cat","embeddable":true,"href":"https:\/\/shopatoa.com\/cz\/wp-json\/wp\/v2\/product_cat?post=247800"},{"taxonomy":"product_tag","embeddable":true,"href":"https:\/\/shopatoa.com\/cz\/wp-json\/wp\/v2\/product_tag?post=247800"}],"curies":[{"name":"wp","href":"https:\/\/api.w.org\/{rel}","templated":true}]}}