{"id":247802,"date":"2025-04-03T00:25:28","date_gmt":"2025-04-02T22:25:28","guid":{"rendered":"https:\/\/shopatoa.com\/cz\/?post_type=product&#038;p=247802"},"modified":"2026-02-02T01:18:07","modified_gmt":"2026-02-02T00:18:07","slug":"repti-planet-membrana-a-klic-pro-mlhovac","status":"publish","type":"product","link":"https:\/\/shopatoa.com\/cz\/repti-planet-membrana-a-klic-pro-mlhovac\/","title":{"rendered":"Repti Planet Membr\u00e1na a kl\u00ed\u010d pro mlhova\u010d"},"content":{"rendered":"<p>N\u00e1hradn\u00ed membr\u00e1na pro mlhova\u010de REPTI PLANET 007-52770.<\/p>\n<p>Keramick\u00e1 membr\u00e1na je spot\u0159ebn\u00edm zbo\u017e\u00edm a jej\u00ed \u017eivotnost je p\u0159ibli\u017en\u011b 3000 hodin. Membr\u00e1na mus\u00ed b\u00fdt vym\u011bn\u011bna, jakmile se za\u010dne zpomalovat efekt mlhy. \u017divotnost membr\u00e1ny z\u00e1vis\u00ed na \u0159ad\u011b faktor\u016f, v\u010detn\u011b \u010distoty vody, doby provozu, tvrdosti vody atd.<\/p>\n<p>Balen\u00ed obsahuje membr\u00e1nu a kl\u00ed\u010d pro v\u00fdm\u011bnu n\u00e1hradn\u00ed membr\u00e1ny.<\/p>\n","protected":false},"excerpt":{"rendered":"<p>N\u00e1hradn\u00ed membr\u00e1na pro mlhova\u010de REPTI PLANET 007-52770. Keramick\u00e1 membr\u00e1na je spot\u0159ebn\u00edm zbo\u017e\u00edm a jej\u00ed \u017eivotnost je p\u0159ibli\u017en\u011b 3000 hodin. Membr\u00e1na mus\u00ed b\u00fdt vym\u011bn\u011bna, jakmile se za\u010dne zpomalovat efekt mlhy. \u017divotnost membr\u00e1ny z\u00e1vis\u00ed na \u0159ad\u011b faktor\u016f, v\u010detn\u011b \u010distoty vody, doby provozu, tvrdosti vody atd. Balen\u00ed obsahuje membr\u00e1nu a kl\u00ed\u010d pro v\u00fdm\u011bnu n\u00e1hradn\u00ed membr\u00e1ny.<\/p>\n","protected":false},"featured_media":247803,"comment_status":"closed","ping_status":"open","template":"","meta":{"_acf_changed":false,"_kadence_starter_templates_imported_post":false,"_kad_post_transparent":"","_kad_post_title":"","_kad_post_layout":"","_kad_post_sidebar_id":"","_kad_post_content_style":"","_kad_post_vertical_padding":"","_kad_post_feature":"","_kad_post_feature_position":"","_kad_post_header":false,"_kad_post_footer":false,"_kad_post_classname":""},"product_brand":[2722],"product_cat":[436,2553,2528],"product_tag":[],"class_list":{"0":"post-247802","1":"product","2":"type-product","3":"status-publish","4":"has-post-thumbnail","6":"product_brand-repti-planet","7":"product_cat-chovatelske-potreby-2","8":"product_cat-terarijni-technika","9":"product_cat-teraristika","10":"pa_obchod-superzoo-cz","12":"first","13":"instock","14":"product-type-external","15":"entry","16":"content-bg","17":"loop-entry"},"acf":[],"yoast_head":"<!-- This site is optimized with the Yoast SEO plugin v27.4 - https:\/\/yoast.com\/product\/yoast-seo-wordpress\/ -->\n<title>Repti Planet Membr\u00e1na a kl\u00ed\u010d pro mlhova\u010d - SHOPATOA.COM<\/title>\n<meta name=\"robots\" content=\"index, follow, max-snippet:-1, max-image-preview:large, max-video-preview:-1\" \/>\n<link rel=\"canonical\" href=\"https:\/\/shopatoa.com\/cz\/repti-planet-membrana-a-klic-pro-mlhovac\/\" \/>\n<meta property=\"og:locale\" content=\"cs_CZ\" \/>\n<meta property=\"og:type\" content=\"article\" \/>\n<meta property=\"og:title\" content=\"Repti Planet Membr\u00e1na a kl\u00ed\u010d pro mlhova\u010d - SHOPATOA.COM\" \/>\n<meta property=\"og:description\" content=\"N\u00e1hradn\u00ed membr\u00e1na pro mlhova\u010de REPTI PLANET 007-52770. Keramick\u00e1 membr\u00e1na je spot\u0159ebn\u00edm zbo\u017e\u00edm a jej\u00ed \u017eivotnost je p\u0159ibli\u017en\u011b 3000 hodin. Membr\u00e1na mus\u00ed b\u00fdt vym\u011bn\u011bna, jakmile se za\u010dne zpomalovat efekt mlhy. \u017divotnost membr\u00e1ny z\u00e1vis\u00ed na \u0159ad\u011b faktor\u016f, v\u010detn\u011b \u010distoty vody, doby provozu, tvrdosti vody atd. Balen\u00ed obsahuje membr\u00e1nu a kl\u00ed\u010d pro v\u00fdm\u011bnu n\u00e1hradn\u00ed membr\u00e1ny.\" \/>\n<meta property=\"og:url\" content=\"https:\/\/shopatoa.com\/cz\/repti-planet-membrana-a-klic-pro-mlhovac\/\" \/>\n<meta property=\"og:site_name\" content=\"SHOPATOA\" \/>\n<meta property=\"article:modified_time\" content=\"2026-02-02T00:18:07+00:00\" \/>\n<meta property=\"og:image\" content=\"https:\/\/storage.googleapis.com\/cz-shopatoa-img\/cz\/51ba1260-1_53857.jpg\" \/>\n\t<meta property=\"og:image:width\" content=\"600\" \/>\n\t<meta property=\"og:image:height\" content=\"600\" \/>\n\t<meta property=\"og:image:type\" content=\"image\/jpeg\" \/>\n<meta name=\"twitter:card\" content=\"summary_large_image\" \/>\n<script type=\"application\/ld+json\" class=\"yoast-schema-graph\">{\"@context\":\"https:\\\/\\\/schema.org\",\"@graph\":[{\"@type\":\"WebPage\",\"@id\":\"https:\\\/\\\/shopatoa.com\\\/cz\\\/repti-planet-membrana-a-klic-pro-mlhovac\\\/\",\"url\":\"https:\\\/\\\/shopatoa.com\\\/cz\\\/repti-planet-membrana-a-klic-pro-mlhovac\\\/\",\"name\":\"Repti Planet Membr\u00e1na a kl\u00ed\u010d pro mlhova\u010d - SHOPATOA.COM\",\"isPartOf\":{\"@id\":\"https:\\\/\\\/shopatoa.com\\\/cz\\\/#website\"},\"primaryImageOfPage\":{\"@id\":\"https:\\\/\\\/shopatoa.com\\\/cz\\\/repti-planet-membrana-a-klic-pro-mlhovac\\\/#primaryimage\"},\"image\":{\"@id\":\"https:\\\/\\\/shopatoa.com\\\/cz\\\/repti-planet-membrana-a-klic-pro-mlhovac\\\/#primaryimage\"},\"thumbnailUrl\":\"https:\\\/\\\/storage.googleapis.com\\\/cz-shopatoa-img\\\/cz\\\/51ba1260-1_53857.jpg\",\"datePublished\":\"2025-04-02T22:25:28+00:00\",\"dateModified\":\"2026-02-02T00:18:07+00:00\",\"breadcrumb\":{\"@id\":\"https:\\\/\\\/shopatoa.com\\\/cz\\\/repti-planet-membrana-a-klic-pro-mlhovac\\\/#breadcrumb\"},\"inLanguage\":\"cs\",\"potentialAction\":[{\"@type\":\"ReadAction\",\"target\":[\"https:\\\/\\\/shopatoa.com\\\/cz\\\/repti-planet-membrana-a-klic-pro-mlhovac\\\/\"]}]},{\"@type\":\"ImageObject\",\"inLanguage\":\"cs\",\"@id\":\"https:\\\/\\\/shopatoa.com\\\/cz\\\/repti-planet-membrana-a-klic-pro-mlhovac\\\/#primaryimage\",\"url\":\"https:\\\/\\\/storage.googleapis.com\\\/cz-shopatoa-img\\\/cz\\\/51ba1260-1_53857.jpg\",\"contentUrl\":\"https:\\\/\\\/storage.googleapis.com\\\/cz-shopatoa-img\\\/cz\\\/51ba1260-1_53857.jpg\",\"width\":600,\"height\":600},{\"@type\":\"BreadcrumbList\",\"@id\":\"https:\\\/\\\/shopatoa.com\\\/cz\\\/repti-planet-membrana-a-klic-pro-mlhovac\\\/#breadcrumb\",\"itemListElement\":[{\"@type\":\"ListItem\",\"position\":1,\"name\":\"Dom\u016f\",\"item\":\"https:\\\/\\\/shopatoa.com\\\/cz\\\/\"},{\"@type\":\"ListItem\",\"position\":2,\"name\":\"Produkty\",\"item\":\"https:\\\/\\\/shopatoa.com\\\/cz\\\/shop\\\/\"},{\"@type\":\"ListItem\",\"position\":3,\"name\":\"Chovatelsk\u00e9 pot\u0159eby\",\"item\":\"https:\\\/\\\/shopatoa.com\\\/cz\\\/chovatelske-potreby-2\\\/\"},{\"@type\":\"ListItem\",\"position\":4,\"name\":\"Teraristika\",\"item\":\"https:\\\/\\\/shopatoa.com\\\/cz\\\/teraristika\\\/\"},{\"@type\":\"ListItem\",\"position\":5,\"name\":\"Terarijn\u00ed technika\",\"item\":\"https:\\\/\\\/shopatoa.com\\\/cz\\\/terarijni-technika\\\/\"},{\"@type\":\"ListItem\",\"position\":6,\"name\":\"Repti Planet Membr\u00e1na a kl\u00ed\u010d pro mlhova\u010d\"}]},{\"@type\":\"WebSite\",\"@id\":\"https:\\\/\\\/shopatoa.com\\\/cz\\\/#website\",\"url\":\"https:\\\/\\\/shopatoa.com\\\/cz\\\/\",\"name\":\"SHOPATOA\",\"description\":\"\",\"publisher\":{\"@id\":\"https:\\\/\\\/shopatoa.com\\\/cz\\\/#organization\"},\"potentialAction\":[{\"@type\":\"SearchAction\",\"target\":{\"@type\":\"EntryPoint\",\"urlTemplate\":\"https:\\\/\\\/shopatoa.com\\\/cz\\\/?s={search_term_string}\"},\"query-input\":{\"@type\":\"PropertyValueSpecification\",\"valueRequired\":true,\"valueName\":\"search_term_string\"}}],\"inLanguage\":\"cs\"},{\"@type\":\"Organization\",\"@id\":\"https:\\\/\\\/shopatoa.com\\\/cz\\\/#organization\",\"name\":\"SHOPATOA Digital s.r.o.\",\"url\":\"https:\\\/\\\/shopatoa.com\\\/cz\\\/\",\"logo\":{\"@type\":\"ImageObject\",\"inLanguage\":\"cs\",\"@id\":\"https:\\\/\\\/shopatoa.com\\\/cz\\\/#\\\/schema\\\/logo\\\/image\\\/\",\"url\":\"https:\\\/\\\/storage.googleapis.com\\\/cz-shopatoa-img\\\/cz\\\/ebccf434-shopatoa_logo.png\",\"contentUrl\":\"https:\\\/\\\/storage.googleapis.com\\\/cz-shopatoa-img\\\/cz\\\/ebccf434-shopatoa_logo.png\",\"width\":416,\"height\":63,\"caption\":\"SHOPATOA Digital s.r.o.\"},\"image\":{\"@id\":\"https:\\\/\\\/shopatoa.com\\\/cz\\\/#\\\/schema\\\/logo\\\/image\\\/\"}}]}<\/script>\n<!-- \/ Yoast SEO plugin. -->","yoast_head_json":{"title":"Repti Planet Membr\u00e1na a kl\u00ed\u010d pro mlhova\u010d - SHOPATOA.COM","robots":{"index":"index","follow":"follow","max-snippet":"max-snippet:-1","max-image-preview":"max-image-preview:large","max-video-preview":"max-video-preview:-1"},"canonical":"https:\/\/shopatoa.com\/cz\/repti-planet-membrana-a-klic-pro-mlhovac\/","og_locale":"cs_CZ","og_type":"article","og_title":"Repti Planet Membr\u00e1na a kl\u00ed\u010d pro mlhova\u010d - SHOPATOA.COM","og_description":"N\u00e1hradn\u00ed membr\u00e1na pro mlhova\u010de REPTI PLANET 007-52770. Keramick\u00e1 membr\u00e1na je spot\u0159ebn\u00edm zbo\u017e\u00edm a jej\u00ed \u017eivotnost je p\u0159ibli\u017en\u011b 3000 hodin. Membr\u00e1na mus\u00ed b\u00fdt vym\u011bn\u011bna, jakmile se za\u010dne zpomalovat efekt mlhy. \u017divotnost membr\u00e1ny z\u00e1vis\u00ed na \u0159ad\u011b faktor\u016f, v\u010detn\u011b \u010distoty vody, doby provozu, tvrdosti vody atd. Balen\u00ed obsahuje membr\u00e1nu a kl\u00ed\u010d pro v\u00fdm\u011bnu n\u00e1hradn\u00ed membr\u00e1ny.","og_url":"https:\/\/shopatoa.com\/cz\/repti-planet-membrana-a-klic-pro-mlhovac\/","og_site_name":"SHOPATOA","article_modified_time":"2026-02-02T00:18:07+00:00","og_image":[{"width":600,"height":600,"url":"https:\/\/storage.googleapis.com\/cz-shopatoa-img\/cz\/51ba1260-1_53857.jpg","type":"image\/jpeg"}],"twitter_card":"summary_large_image","schema":{"@context":"https:\/\/schema.org","@graph":[{"@type":"WebPage","@id":"https:\/\/shopatoa.com\/cz\/repti-planet-membrana-a-klic-pro-mlhovac\/","url":"https:\/\/shopatoa.com\/cz\/repti-planet-membrana-a-klic-pro-mlhovac\/","name":"Repti Planet Membr\u00e1na a kl\u00ed\u010d pro mlhova\u010d - SHOPATOA.COM","isPartOf":{"@id":"https:\/\/shopatoa.com\/cz\/#website"},"primaryImageOfPage":{"@id":"https:\/\/shopatoa.com\/cz\/repti-planet-membrana-a-klic-pro-mlhovac\/#primaryimage"},"image":{"@id":"https:\/\/shopatoa.com\/cz\/repti-planet-membrana-a-klic-pro-mlhovac\/#primaryimage"},"thumbnailUrl":"https:\/\/storage.googleapis.com\/cz-shopatoa-img\/cz\/51ba1260-1_53857.jpg","datePublished":"2025-04-02T22:25:28+00:00","dateModified":"2026-02-02T00:18:07+00:00","breadcrumb":{"@id":"https:\/\/shopatoa.com\/cz\/repti-planet-membrana-a-klic-pro-mlhovac\/#breadcrumb"},"inLanguage":"cs","potentialAction":[{"@type":"ReadAction","target":["https:\/\/shopatoa.com\/cz\/repti-planet-membrana-a-klic-pro-mlhovac\/"]}]},{"@type":"ImageObject","inLanguage":"cs","@id":"https:\/\/shopatoa.com\/cz\/repti-planet-membrana-a-klic-pro-mlhovac\/#primaryimage","url":"https:\/\/storage.googleapis.com\/cz-shopatoa-img\/cz\/51ba1260-1_53857.jpg","contentUrl":"https:\/\/storage.googleapis.com\/cz-shopatoa-img\/cz\/51ba1260-1_53857.jpg","width":600,"height":600},{"@type":"BreadcrumbList","@id":"https:\/\/shopatoa.com\/cz\/repti-planet-membrana-a-klic-pro-mlhovac\/#breadcrumb","itemListElement":[{"@type":"ListItem","position":1,"name":"Dom\u016f","item":"https:\/\/shopatoa.com\/cz\/"},{"@type":"ListItem","position":2,"name":"Produkty","item":"https:\/\/shopatoa.com\/cz\/shop\/"},{"@type":"ListItem","position":3,"name":"Chovatelsk\u00e9 pot\u0159eby","item":"https:\/\/shopatoa.com\/cz\/chovatelske-potreby-2\/"},{"@type":"ListItem","position":4,"name":"Teraristika","item":"https:\/\/shopatoa.com\/cz\/teraristika\/"},{"@type":"ListItem","position":5,"name":"Terarijn\u00ed technika","item":"https:\/\/shopatoa.com\/cz\/terarijni-technika\/"},{"@type":"ListItem","position":6,"name":"Repti Planet Membr\u00e1na a kl\u00ed\u010d pro mlhova\u010d"}]},{"@type":"WebSite","@id":"https:\/\/shopatoa.com\/cz\/#website","url":"https:\/\/shopatoa.com\/cz\/","name":"SHOPATOA","description":"","publisher":{"@id":"https:\/\/shopatoa.com\/cz\/#organization"},"potentialAction":[{"@type":"SearchAction","target":{"@type":"EntryPoint","urlTemplate":"https:\/\/shopatoa.com\/cz\/?s={search_term_string}"},"query-input":{"@type":"PropertyValueSpecification","valueRequired":true,"valueName":"search_term_string"}}],"inLanguage":"cs"},{"@type":"Organization","@id":"https:\/\/shopatoa.com\/cz\/#organization","name":"SHOPATOA Digital s.r.o.","url":"https:\/\/shopatoa.com\/cz\/","logo":{"@type":"ImageObject","inLanguage":"cs","@id":"https:\/\/shopatoa.com\/cz\/#\/schema\/logo\/image\/","url":"https:\/\/storage.googleapis.com\/cz-shopatoa-img\/cz\/ebccf434-shopatoa_logo.png","contentUrl":"https:\/\/storage.googleapis.com\/cz-shopatoa-img\/cz\/ebccf434-shopatoa_logo.png","width":416,"height":63,"caption":"SHOPATOA Digital s.r.o."},"image":{"@id":"https:\/\/shopatoa.com\/cz\/#\/schema\/logo\/image\/"}}]}},"_links":{"self":[{"href":"https:\/\/shopatoa.com\/cz\/wp-json\/wp\/v2\/product\/247802","targetHints":{"allow":["GET"]}}],"collection":[{"href":"https:\/\/shopatoa.com\/cz\/wp-json\/wp\/v2\/product"}],"about":[{"href":"https:\/\/shopatoa.com\/cz\/wp-json\/wp\/v2\/types\/product"}],"replies":[{"embeddable":true,"href":"https:\/\/shopatoa.com\/cz\/wp-json\/wp\/v2\/comments?post=247802"}],"wp:featuredmedia":[{"embeddable":true,"href":"https:\/\/shopatoa.com\/cz\/wp-json\/wp\/v2\/media\/247803"}],"wp:attachment":[{"href":"https:\/\/shopatoa.com\/cz\/wp-json\/wp\/v2\/media?parent=247802"}],"wp:term":[{"taxonomy":"product_brand","embeddable":true,"href":"https:\/\/shopatoa.com\/cz\/wp-json\/wp\/v2\/product_brand?post=247802"},{"taxonomy":"product_cat","embeddable":true,"href":"https:\/\/shopatoa.com\/cz\/wp-json\/wp\/v2\/product_cat?post=247802"},{"taxonomy":"product_tag","embeddable":true,"href":"https:\/\/shopatoa.com\/cz\/wp-json\/wp\/v2\/product_tag?post=247802"}],"curies":[{"name":"wp","href":"https:\/\/api.w.org\/{rel}","templated":true}]}}