{"id":247884,"date":"2025-04-03T00:40:29","date_gmt":"2025-04-02T22:40:29","guid":{"rendered":"https:\/\/shopatoa.com\/cz\/?post_type=product&#038;p=247884"},"modified":"2026-02-01T22:39:42","modified_gmt":"2026-02-01T21:39:42","slug":"canvit-barf-mineral-balancer-260g","status":"publish","type":"product","link":"https:\/\/shopatoa.com\/cz\/canvit-barf-mineral-balancer-260g\/","title":{"rendered":"Canvit BARF Mineral Balancer 260g"},"content":{"rendered":"<p>Zdroj v\u00e1pn\u00edku, miner\u00e1ln\u00edch l\u00e1tek a vitam\u00edn\u016f ze su\u0161en\u00fdch vaje\u010dn\u00fdch sko\u0159\u00e1pek, pivovarsk\u00fdch kvasnic, kelpy a chlorely pro vybalancov\u00e1n\u00ed BARF stravy.<\/p>\n<p>Maso obsahuje velk\u00e9 mno\u017estv\u00ed fosforu a minimum v\u00e1pn\u00edku a ostatn\u00edch mikroelement\u016f. Pro spr\u00e1vn\u00fd metabolismus v\u00e1pn\u00edku a r\u016fst kost\u00ed je d\u016fle\u017eit\u00e9 dod\u00e1vat pravideln\u011b v\u00e1pn\u00edk zejm\u00e9na u rostouc\u00edch \u0161t\u011b\u0148at, mlad\u00fdch ps\u016f, b\u0159ez\u00edch a koj\u00edc\u00edch fen. Jedn\u00edm z\u00a0nejlep\u0161\u00edch p\u0159\u00edrodn\u00edch zdroj\u016f biologicky dostupn\u00e9ho v\u00e1pn\u00edku jsou vaje\u010dn\u00e9 sko\u0159\u00e1pky, kter\u00e9 v\u00a0kombinaci s\u00a0pivovarsk\u00fdmi kvasnicemi, kelpou a chlorelou jsou plnohodnotn\u00fdm zdrojem v\u00e1pn\u00edku, mikroelement\u016f a vitam\u00edn\u016f.<\/p>\n<p>Indikace<\/p>\n<p>Vybalancov\u00e1n\u00ed BARF stravy v\u00e1pn\u00edkem, mikroelementy a vitam\u00edny.<\/p>\n<p>Slo\u017een\u00ed<br \/>\nSu\u0161en\u00e9 vaje\u010dn\u00e9 sko\u0159\u00e1pky, Kelp (Ascophyllum nodosum), pivovarsk\u00e9 kvasnice, Chlorela, Yucca Schidigera.<\/p>\n<p>Analytick\u00e9 slo\u017eky<br \/>\nHrub\u00e1 vl\u00e1knina 1 %, obsah tuku 11 %, hrub\u00fd protein 4,1 %, popel 66,9 %, v\u00e1pn\u00edk 25%, fosfor 0,2%.<\/p>\n<p>Krmn\u00e1 tabulka<\/p>\n<p>\t\t\tMal\u00e1 plemena a ko\u010dky (1-10kg)<\/p>\n<p>\t\t\t1\/4&#8230;<\/p>\n","protected":false},"excerpt":{"rendered":"<p>Zdroj v\u00e1pn\u00edku, miner\u00e1ln\u00edch l\u00e1tek a vitam\u00edn\u016f ze su\u0161en\u00fdch vaje\u010dn\u00fdch sko\u0159\u00e1pek, pivovarsk\u00fdch kvasnic, kelpy a chlorely pro vybalancov\u00e1n\u00ed BARF stravy. Maso obsahuje velk\u00e9 mno\u017estv\u00ed fosforu a minimum v\u00e1pn\u00edku a ostatn\u00edch mikroelement\u016f. Pro spr\u00e1vn\u00fd metabolismus v\u00e1pn\u00edku a r\u016fst kost\u00ed je d\u016fle\u017eit\u00e9 dod\u00e1vat pravideln\u011b v\u00e1pn\u00edk zejm\u00e9na u rostouc\u00edch \u0161t\u011b\u0148at, mlad\u00fdch ps\u016f, b\u0159ez\u00edch a koj\u00edc\u00edch fen. Jedn\u00edm z\u00a0nejlep\u0161\u00edch p\u0159\u00edrodn\u00edch&#8230;<\/p>\n","protected":false},"featured_media":247885,"comment_status":"closed","ping_status":"open","template":"","meta":{"_acf_changed":false,"_kadence_starter_templates_imported_post":false,"_kad_post_transparent":"","_kad_post_title":"","_kad_post_layout":"","_kad_post_sidebar_id":"","_kad_post_content_style":"","_kad_post_vertical_padding":"","_kad_post_feature":"","_kad_post_feature_position":"","_kad_post_header":false,"_kad_post_footer":false,"_kad_post_classname":""},"product_brand":[632],"product_cat":[436,2568,2576,739],"product_tag":[],"class_list":{"0":"post-247884","1":"product","2":"type-product","3":"status-publish","4":"has-post-thumbnail","6":"product_brand-canvit","7":"product_cat-chovatelske-potreby-2","8":"product_cat-krmivo-pro-psy-pro-psy-chovatelske-potreby-2","9":"product_cat-pamlsky-pro-psy","10":"product_cat-pro-psy-chovatelske-potreby-2","11":"pa_obchod-superzoo-cz","13":"first","14":"instock","15":"product-type-external","16":"entry","17":"content-bg","18":"loop-entry"},"acf":[],"yoast_head":"<!-- This site is optimized with the Yoast SEO plugin v27.4 - https:\/\/yoast.com\/product\/yoast-seo-wordpress\/ -->\n<title>Canvit BARF Mineral Balancer 260g - SHOPATOA.COM<\/title>\n<meta name=\"robots\" content=\"index, follow, max-snippet:-1, max-image-preview:large, max-video-preview:-1\" \/>\n<link rel=\"canonical\" href=\"https:\/\/shopatoa.com\/cz\/canvit-barf-mineral-balancer-260g\/\" \/>\n<meta property=\"og:locale\" content=\"cs_CZ\" \/>\n<meta property=\"og:type\" content=\"article\" \/>\n<meta property=\"og:title\" content=\"Canvit BARF Mineral Balancer 260g - SHOPATOA.COM\" \/>\n<meta property=\"og:description\" content=\"Zdroj v\u00e1pn\u00edku, miner\u00e1ln\u00edch l\u00e1tek a vitam\u00edn\u016f ze su\u0161en\u00fdch vaje\u010dn\u00fdch sko\u0159\u00e1pek, pivovarsk\u00fdch kvasnic, kelpy a chlorely pro vybalancov\u00e1n\u00ed BARF stravy. Maso obsahuje velk\u00e9 mno\u017estv\u00ed fosforu a minimum v\u00e1pn\u00edku a ostatn\u00edch mikroelement\u016f. Pro spr\u00e1vn\u00fd metabolismus v\u00e1pn\u00edku a r\u016fst kost\u00ed je d\u016fle\u017eit\u00e9 dod\u00e1vat pravideln\u011b v\u00e1pn\u00edk zejm\u00e9na u rostouc\u00edch \u0161t\u011b\u0148at, mlad\u00fdch ps\u016f, b\u0159ez\u00edch a koj\u00edc\u00edch fen. Jedn\u00edm z\u00a0nejlep\u0161\u00edch p\u0159\u00edrodn\u00edch...\" \/>\n<meta property=\"og:url\" content=\"https:\/\/shopatoa.com\/cz\/canvit-barf-mineral-balancer-260g\/\" \/>\n<meta property=\"og:site_name\" content=\"SHOPATOA\" \/>\n<meta property=\"article:modified_time\" content=\"2026-02-01T21:39:42+00:00\" \/>\n<meta property=\"og:image\" content=\"https:\/\/storage.googleapis.com\/cz-shopatoa-img\/cz\/1d2db308-1_53057.jpg\" \/>\n\t<meta property=\"og:image:width\" content=\"600\" \/>\n\t<meta property=\"og:image:height\" content=\"600\" \/>\n\t<meta property=\"og:image:type\" content=\"image\/jpeg\" \/>\n<meta name=\"twitter:card\" content=\"summary_large_image\" \/>\n<meta name=\"twitter:label1\" content=\"Odhadovan\u00e1 doba \u010dten\u00ed\" \/>\n\t<meta name=\"twitter:data1\" content=\"1 minuta\" \/>\n<script type=\"application\/ld+json\" class=\"yoast-schema-graph\">{\"@context\":\"https:\\\/\\\/schema.org\",\"@graph\":[{\"@type\":\"WebPage\",\"@id\":\"https:\\\/\\\/shopatoa.com\\\/cz\\\/canvit-barf-mineral-balancer-260g\\\/\",\"url\":\"https:\\\/\\\/shopatoa.com\\\/cz\\\/canvit-barf-mineral-balancer-260g\\\/\",\"name\":\"Canvit BARF Mineral Balancer 260g - SHOPATOA.COM\",\"isPartOf\":{\"@id\":\"https:\\\/\\\/shopatoa.com\\\/cz\\\/#website\"},\"primaryImageOfPage\":{\"@id\":\"https:\\\/\\\/shopatoa.com\\\/cz\\\/canvit-barf-mineral-balancer-260g\\\/#primaryimage\"},\"image\":{\"@id\":\"https:\\\/\\\/shopatoa.com\\\/cz\\\/canvit-barf-mineral-balancer-260g\\\/#primaryimage\"},\"thumbnailUrl\":\"https:\\\/\\\/storage.googleapis.com\\\/cz-shopatoa-img\\\/cz\\\/1d2db308-1_53057.jpg\",\"datePublished\":\"2025-04-02T22:40:29+00:00\",\"dateModified\":\"2026-02-01T21:39:42+00:00\",\"breadcrumb\":{\"@id\":\"https:\\\/\\\/shopatoa.com\\\/cz\\\/canvit-barf-mineral-balancer-260g\\\/#breadcrumb\"},\"inLanguage\":\"cs\",\"potentialAction\":[{\"@type\":\"ReadAction\",\"target\":[\"https:\\\/\\\/shopatoa.com\\\/cz\\\/canvit-barf-mineral-balancer-260g\\\/\"]}]},{\"@type\":\"ImageObject\",\"inLanguage\":\"cs\",\"@id\":\"https:\\\/\\\/shopatoa.com\\\/cz\\\/canvit-barf-mineral-balancer-260g\\\/#primaryimage\",\"url\":\"https:\\\/\\\/storage.googleapis.com\\\/cz-shopatoa-img\\\/cz\\\/1d2db308-1_53057.jpg\",\"contentUrl\":\"https:\\\/\\\/storage.googleapis.com\\\/cz-shopatoa-img\\\/cz\\\/1d2db308-1_53057.jpg\",\"width\":600,\"height\":600},{\"@type\":\"BreadcrumbList\",\"@id\":\"https:\\\/\\\/shopatoa.com\\\/cz\\\/canvit-barf-mineral-balancer-260g\\\/#breadcrumb\",\"itemListElement\":[{\"@type\":\"ListItem\",\"position\":1,\"name\":\"Dom\u016f\",\"item\":\"https:\\\/\\\/shopatoa.com\\\/cz\\\/\"},{\"@type\":\"ListItem\",\"position\":2,\"name\":\"Produkty\",\"item\":\"https:\\\/\\\/shopatoa.com\\\/cz\\\/shop\\\/\"},{\"@type\":\"ListItem\",\"position\":3,\"name\":\"Chovatelsk\u00e9 pot\u0159eby\",\"item\":\"https:\\\/\\\/shopatoa.com\\\/cz\\\/chovatelske-potreby-2\\\/\"},{\"@type\":\"ListItem\",\"position\":4,\"name\":\"Pro psy\",\"item\":\"https:\\\/\\\/shopatoa.com\\\/cz\\\/pro-psy-chovatelske-potreby-2\\\/\"},{\"@type\":\"ListItem\",\"position\":5,\"name\":\"Krmivo pro psy\",\"item\":\"https:\\\/\\\/shopatoa.com\\\/cz\\\/krmivo-pro-psy-pro-psy-chovatelske-potreby-2\\\/\"},{\"@type\":\"ListItem\",\"position\":6,\"name\":\"Pamlsky pro psy\",\"item\":\"https:\\\/\\\/shopatoa.com\\\/cz\\\/pamlsky-pro-psy\\\/\"},{\"@type\":\"ListItem\",\"position\":7,\"name\":\"Canvit BARF Mineral Balancer 260g\"}]},{\"@type\":\"WebSite\",\"@id\":\"https:\\\/\\\/shopatoa.com\\\/cz\\\/#website\",\"url\":\"https:\\\/\\\/shopatoa.com\\\/cz\\\/\",\"name\":\"SHOPATOA\",\"description\":\"\",\"publisher\":{\"@id\":\"https:\\\/\\\/shopatoa.com\\\/cz\\\/#organization\"},\"potentialAction\":[{\"@type\":\"SearchAction\",\"target\":{\"@type\":\"EntryPoint\",\"urlTemplate\":\"https:\\\/\\\/shopatoa.com\\\/cz\\\/?s={search_term_string}\"},\"query-input\":{\"@type\":\"PropertyValueSpecification\",\"valueRequired\":true,\"valueName\":\"search_term_string\"}}],\"inLanguage\":\"cs\"},{\"@type\":\"Organization\",\"@id\":\"https:\\\/\\\/shopatoa.com\\\/cz\\\/#organization\",\"name\":\"SHOPATOA Digital s.r.o.\",\"url\":\"https:\\\/\\\/shopatoa.com\\\/cz\\\/\",\"logo\":{\"@type\":\"ImageObject\",\"inLanguage\":\"cs\",\"@id\":\"https:\\\/\\\/shopatoa.com\\\/cz\\\/#\\\/schema\\\/logo\\\/image\\\/\",\"url\":\"https:\\\/\\\/storage.googleapis.com\\\/cz-shopatoa-img\\\/cz\\\/ebccf434-shopatoa_logo.png\",\"contentUrl\":\"https:\\\/\\\/storage.googleapis.com\\\/cz-shopatoa-img\\\/cz\\\/ebccf434-shopatoa_logo.png\",\"width\":416,\"height\":63,\"caption\":\"SHOPATOA Digital s.r.o.\"},\"image\":{\"@id\":\"https:\\\/\\\/shopatoa.com\\\/cz\\\/#\\\/schema\\\/logo\\\/image\\\/\"}}]}<\/script>\n<!-- \/ Yoast SEO plugin. -->","yoast_head_json":{"title":"Canvit BARF Mineral Balancer 260g - SHOPATOA.COM","robots":{"index":"index","follow":"follow","max-snippet":"max-snippet:-1","max-image-preview":"max-image-preview:large","max-video-preview":"max-video-preview:-1"},"canonical":"https:\/\/shopatoa.com\/cz\/canvit-barf-mineral-balancer-260g\/","og_locale":"cs_CZ","og_type":"article","og_title":"Canvit BARF Mineral Balancer 260g - SHOPATOA.COM","og_description":"Zdroj v\u00e1pn\u00edku, miner\u00e1ln\u00edch l\u00e1tek a vitam\u00edn\u016f ze su\u0161en\u00fdch vaje\u010dn\u00fdch sko\u0159\u00e1pek, pivovarsk\u00fdch kvasnic, kelpy a chlorely pro vybalancov\u00e1n\u00ed BARF stravy. Maso obsahuje velk\u00e9 mno\u017estv\u00ed fosforu a minimum v\u00e1pn\u00edku a ostatn\u00edch mikroelement\u016f. Pro spr\u00e1vn\u00fd metabolismus v\u00e1pn\u00edku a r\u016fst kost\u00ed je d\u016fle\u017eit\u00e9 dod\u00e1vat pravideln\u011b v\u00e1pn\u00edk zejm\u00e9na u rostouc\u00edch \u0161t\u011b\u0148at, mlad\u00fdch ps\u016f, b\u0159ez\u00edch a koj\u00edc\u00edch fen. Jedn\u00edm z\u00a0nejlep\u0161\u00edch p\u0159\u00edrodn\u00edch...","og_url":"https:\/\/shopatoa.com\/cz\/canvit-barf-mineral-balancer-260g\/","og_site_name":"SHOPATOA","article_modified_time":"2026-02-01T21:39:42+00:00","og_image":[{"width":600,"height":600,"url":"https:\/\/storage.googleapis.com\/cz-shopatoa-img\/cz\/1d2db308-1_53057.jpg","type":"image\/jpeg"}],"twitter_card":"summary_large_image","twitter_misc":{"Odhadovan\u00e1 doba \u010dten\u00ed":"1 minuta"},"schema":{"@context":"https:\/\/schema.org","@graph":[{"@type":"WebPage","@id":"https:\/\/shopatoa.com\/cz\/canvit-barf-mineral-balancer-260g\/","url":"https:\/\/shopatoa.com\/cz\/canvit-barf-mineral-balancer-260g\/","name":"Canvit BARF Mineral Balancer 260g - SHOPATOA.COM","isPartOf":{"@id":"https:\/\/shopatoa.com\/cz\/#website"},"primaryImageOfPage":{"@id":"https:\/\/shopatoa.com\/cz\/canvit-barf-mineral-balancer-260g\/#primaryimage"},"image":{"@id":"https:\/\/shopatoa.com\/cz\/canvit-barf-mineral-balancer-260g\/#primaryimage"},"thumbnailUrl":"https:\/\/storage.googleapis.com\/cz-shopatoa-img\/cz\/1d2db308-1_53057.jpg","datePublished":"2025-04-02T22:40:29+00:00","dateModified":"2026-02-01T21:39:42+00:00","breadcrumb":{"@id":"https:\/\/shopatoa.com\/cz\/canvit-barf-mineral-balancer-260g\/#breadcrumb"},"inLanguage":"cs","potentialAction":[{"@type":"ReadAction","target":["https:\/\/shopatoa.com\/cz\/canvit-barf-mineral-balancer-260g\/"]}]},{"@type":"ImageObject","inLanguage":"cs","@id":"https:\/\/shopatoa.com\/cz\/canvit-barf-mineral-balancer-260g\/#primaryimage","url":"https:\/\/storage.googleapis.com\/cz-shopatoa-img\/cz\/1d2db308-1_53057.jpg","contentUrl":"https:\/\/storage.googleapis.com\/cz-shopatoa-img\/cz\/1d2db308-1_53057.jpg","width":600,"height":600},{"@type":"BreadcrumbList","@id":"https:\/\/shopatoa.com\/cz\/canvit-barf-mineral-balancer-260g\/#breadcrumb","itemListElement":[{"@type":"ListItem","position":1,"name":"Dom\u016f","item":"https:\/\/shopatoa.com\/cz\/"},{"@type":"ListItem","position":2,"name":"Produkty","item":"https:\/\/shopatoa.com\/cz\/shop\/"},{"@type":"ListItem","position":3,"name":"Chovatelsk\u00e9 pot\u0159eby","item":"https:\/\/shopatoa.com\/cz\/chovatelske-potreby-2\/"},{"@type":"ListItem","position":4,"name":"Pro psy","item":"https:\/\/shopatoa.com\/cz\/pro-psy-chovatelske-potreby-2\/"},{"@type":"ListItem","position":5,"name":"Krmivo pro psy","item":"https:\/\/shopatoa.com\/cz\/krmivo-pro-psy-pro-psy-chovatelske-potreby-2\/"},{"@type":"ListItem","position":6,"name":"Pamlsky pro psy","item":"https:\/\/shopatoa.com\/cz\/pamlsky-pro-psy\/"},{"@type":"ListItem","position":7,"name":"Canvit BARF Mineral Balancer 260g"}]},{"@type":"WebSite","@id":"https:\/\/shopatoa.com\/cz\/#website","url":"https:\/\/shopatoa.com\/cz\/","name":"SHOPATOA","description":"","publisher":{"@id":"https:\/\/shopatoa.com\/cz\/#organization"},"potentialAction":[{"@type":"SearchAction","target":{"@type":"EntryPoint","urlTemplate":"https:\/\/shopatoa.com\/cz\/?s={search_term_string}"},"query-input":{"@type":"PropertyValueSpecification","valueRequired":true,"valueName":"search_term_string"}}],"inLanguage":"cs"},{"@type":"Organization","@id":"https:\/\/shopatoa.com\/cz\/#organization","name":"SHOPATOA Digital s.r.o.","url":"https:\/\/shopatoa.com\/cz\/","logo":{"@type":"ImageObject","inLanguage":"cs","@id":"https:\/\/shopatoa.com\/cz\/#\/schema\/logo\/image\/","url":"https:\/\/storage.googleapis.com\/cz-shopatoa-img\/cz\/ebccf434-shopatoa_logo.png","contentUrl":"https:\/\/storage.googleapis.com\/cz-shopatoa-img\/cz\/ebccf434-shopatoa_logo.png","width":416,"height":63,"caption":"SHOPATOA Digital s.r.o."},"image":{"@id":"https:\/\/shopatoa.com\/cz\/#\/schema\/logo\/image\/"}}]}},"_links":{"self":[{"href":"https:\/\/shopatoa.com\/cz\/wp-json\/wp\/v2\/product\/247884","targetHints":{"allow":["GET"]}}],"collection":[{"href":"https:\/\/shopatoa.com\/cz\/wp-json\/wp\/v2\/product"}],"about":[{"href":"https:\/\/shopatoa.com\/cz\/wp-json\/wp\/v2\/types\/product"}],"replies":[{"embeddable":true,"href":"https:\/\/shopatoa.com\/cz\/wp-json\/wp\/v2\/comments?post=247884"}],"wp:featuredmedia":[{"embeddable":true,"href":"https:\/\/shopatoa.com\/cz\/wp-json\/wp\/v2\/media\/247885"}],"wp:attachment":[{"href":"https:\/\/shopatoa.com\/cz\/wp-json\/wp\/v2\/media?parent=247884"}],"wp:term":[{"taxonomy":"product_brand","embeddable":true,"href":"https:\/\/shopatoa.com\/cz\/wp-json\/wp\/v2\/product_brand?post=247884"},{"taxonomy":"product_cat","embeddable":true,"href":"https:\/\/shopatoa.com\/cz\/wp-json\/wp\/v2\/product_cat?post=247884"},{"taxonomy":"product_tag","embeddable":true,"href":"https:\/\/shopatoa.com\/cz\/wp-json\/wp\/v2\/product_tag?post=247884"}],"curies":[{"name":"wp","href":"https:\/\/api.w.org\/{rel}","templated":true}]}}