{"id":247988,"date":"2025-04-03T00:57:00","date_gmt":"2025-04-02T22:57:00","guid":{"rendered":"https:\/\/shopatoa.com\/cz\/?post_type=product&#038;p=247988"},"modified":"2026-02-02T01:08:16","modified_gmt":"2026-02-02T00:08:16","slug":"repti-planet-destovac-terrarain-2-0","status":"publish","type":"product","link":"https:\/\/shopatoa.com\/cz\/repti-planet-destovac-terrarain-2-0\/","title":{"rendered":"Repti Planet De\u0161\u0165ova\u010d Terrarain 2.0"},"content":{"rendered":"<p>V\u00fdkonn\u00fd ros\u00edc\u00ed syst\u00e9m s\u00a0p\u0159\u00edslu\u0161enstv\u00edm.<\/p>\n<p>\tIde\u00e1ln\u00ed pro tropick\u00e1 a subtropick\u00e1 ter\u00e1ria<br \/>\n\tNapom\u00e1h\u00e1 vytvo\u0159it prost\u0159ed\u00ed de\u0161tn\u00e9ho pralesa<br \/>\n\tIde\u00e1ln\u00ed pro zavla\u017eov\u00e1n\u00ed rostlin<br \/>\n\t4 nastaviteln\u00e9 trysky skovovou hlavic\u00ed a p\u0159\u00edsavkami<\/p>\n<p>D\u00e9lka hadice: 5 m<\/p>\n<p>Ide\u00e1ln\u00ed pro mnoho druh\u016f plaz\u016f a oboj\u017eiveln\u00edk\u016f, v\u010detn\u011b: agam, gekon\u016f, had\u016f, \u017eelv, legu\u00e1n\u016f, je\u0161t\u011brek, chameleon\u016f, \u017eab, krab\u016f &#8230;<\/p>\n<p>Obsah balen\u00ed: ros\u00edc\u00ed syst\u00e9m Terrarain2.0, nastaviteln\u00e9 trysky sp\u0159\u00edsavkami 4ks, spojovac\u00ed d\u00edl 8ks, ukon\u010dovac\u00ed d\u00edl (z\u00e1slepka), hadice 5m, kovov\u00e9 s\u00edtko, s\u00ed\u0165ov\u00fd adapt\u00e9r, \u0159ezac\u00ed n\u016f\u017e, (pozor \u2013 n\u00e1doba na vodu nen\u00ed sou\u010d\u00e1st\u00ed, lze pou\u017e\u00edt libovoulnou n\u00e1dr\u017e).<\/p>\n","protected":false},"excerpt":{"rendered":"<p>V\u00fdkonn\u00fd ros\u00edc\u00ed syst\u00e9m s\u00a0p\u0159\u00edslu\u0161enstv\u00edm. Ide\u00e1ln\u00ed pro tropick\u00e1 a subtropick\u00e1 ter\u00e1ria Napom\u00e1h\u00e1 vytvo\u0159it prost\u0159ed\u00ed de\u0161tn\u00e9ho pralesa Ide\u00e1ln\u00ed pro zavla\u017eov\u00e1n\u00ed rostlin 4 nastaviteln\u00e9 trysky skovovou hlavic\u00ed a p\u0159\u00edsavkami D\u00e9lka hadice: 5 m Ide\u00e1ln\u00ed pro mnoho druh\u016f plaz\u016f a oboj\u017eiveln\u00edk\u016f, v\u010detn\u011b: agam, gekon\u016f, had\u016f, \u017eelv, legu\u00e1n\u016f, je\u0161t\u011brek, chameleon\u016f, \u017eab, krab\u016f &#8230; Obsah balen\u00ed: ros\u00edc\u00ed syst\u00e9m Terrarain2.0, nastaviteln\u00e9 trysky&#8230;<\/p>\n","protected":false},"featured_media":247989,"comment_status":"closed","ping_status":"open","template":"","meta":{"_acf_changed":false,"_kadence_starter_templates_imported_post":false,"_kad_post_transparent":"","_kad_post_title":"","_kad_post_layout":"","_kad_post_sidebar_id":"","_kad_post_content_style":"","_kad_post_vertical_padding":"","_kad_post_feature":"","_kad_post_feature_position":"","_kad_post_header":false,"_kad_post_footer":false,"_kad_post_classname":""},"product_brand":[2722],"product_cat":[436,2553,2528],"product_tag":[],"class_list":{"0":"post-247988","1":"product","2":"type-product","3":"status-publish","4":"has-post-thumbnail","6":"product_brand-repti-planet","7":"product_cat-chovatelske-potreby-2","8":"product_cat-terarijni-technika","9":"product_cat-teraristika","10":"pa_obchod-superzoo-cz","12":"first","13":"instock","14":"product-type-external","15":"entry","16":"content-bg","17":"loop-entry"},"acf":[],"yoast_head":"<!-- This site is optimized with the Yoast SEO plugin v27.4 - https:\/\/yoast.com\/product\/yoast-seo-wordpress\/ -->\n<title>Repti Planet De\u0161\u0165ova\u010d Terrarain 2.0 - SHOPATOA.COM<\/title>\n<meta name=\"robots\" content=\"index, follow, max-snippet:-1, max-image-preview:large, max-video-preview:-1\" \/>\n<link rel=\"canonical\" href=\"https:\/\/shopatoa.com\/cz\/repti-planet-destovac-terrarain-2-0\/\" \/>\n<meta property=\"og:locale\" content=\"cs_CZ\" \/>\n<meta property=\"og:type\" content=\"article\" \/>\n<meta property=\"og:title\" content=\"Repti Planet De\u0161\u0165ova\u010d Terrarain 2.0 - SHOPATOA.COM\" \/>\n<meta property=\"og:description\" content=\"V\u00fdkonn\u00fd ros\u00edc\u00ed syst\u00e9m s\u00a0p\u0159\u00edslu\u0161enstv\u00edm. Ide\u00e1ln\u00ed pro tropick\u00e1 a subtropick\u00e1 ter\u00e1ria Napom\u00e1h\u00e1 vytvo\u0159it prost\u0159ed\u00ed de\u0161tn\u00e9ho pralesa Ide\u00e1ln\u00ed pro zavla\u017eov\u00e1n\u00ed rostlin 4 nastaviteln\u00e9 trysky skovovou hlavic\u00ed a p\u0159\u00edsavkami D\u00e9lka hadice: 5 m Ide\u00e1ln\u00ed pro mnoho druh\u016f plaz\u016f a oboj\u017eiveln\u00edk\u016f, v\u010detn\u011b: agam, gekon\u016f, had\u016f, \u017eelv, legu\u00e1n\u016f, je\u0161t\u011brek, chameleon\u016f, \u017eab, krab\u016f &#8230; Obsah balen\u00ed: ros\u00edc\u00ed syst\u00e9m Terrarain2.0, nastaviteln\u00e9 trysky...\" \/>\n<meta property=\"og:url\" content=\"https:\/\/shopatoa.com\/cz\/repti-planet-destovac-terrarain-2-0\/\" \/>\n<meta property=\"og:site_name\" content=\"SHOPATOA\" \/>\n<meta property=\"article:modified_time\" content=\"2026-02-02T00:08:16+00:00\" \/>\n<meta property=\"og:image\" content=\"https:\/\/storage.googleapis.com\/cz-shopatoa-img\/cz\/cad4a167-1_58447.jpg\" \/>\n\t<meta property=\"og:image:width\" content=\"600\" \/>\n\t<meta property=\"og:image:height\" content=\"600\" \/>\n\t<meta property=\"og:image:type\" content=\"image\/jpeg\" \/>\n<meta name=\"twitter:card\" content=\"summary_large_image\" \/>\n<meta name=\"twitter:label1\" content=\"Odhadovan\u00e1 doba \u010dten\u00ed\" \/>\n\t<meta name=\"twitter:data1\" content=\"1 minuta\" \/>\n<script type=\"application\/ld+json\" class=\"yoast-schema-graph\">{\"@context\":\"https:\\\/\\\/schema.org\",\"@graph\":[{\"@type\":\"WebPage\",\"@id\":\"https:\\\/\\\/shopatoa.com\\\/cz\\\/repti-planet-destovac-terrarain-2-0\\\/\",\"url\":\"https:\\\/\\\/shopatoa.com\\\/cz\\\/repti-planet-destovac-terrarain-2-0\\\/\",\"name\":\"Repti Planet De\u0161\u0165ova\u010d Terrarain 2.0 - SHOPATOA.COM\",\"isPartOf\":{\"@id\":\"https:\\\/\\\/shopatoa.com\\\/cz\\\/#website\"},\"primaryImageOfPage\":{\"@id\":\"https:\\\/\\\/shopatoa.com\\\/cz\\\/repti-planet-destovac-terrarain-2-0\\\/#primaryimage\"},\"image\":{\"@id\":\"https:\\\/\\\/shopatoa.com\\\/cz\\\/repti-planet-destovac-terrarain-2-0\\\/#primaryimage\"},\"thumbnailUrl\":\"https:\\\/\\\/storage.googleapis.com\\\/cz-shopatoa-img\\\/cz\\\/cad4a167-1_58447.jpg\",\"datePublished\":\"2025-04-02T22:57:00+00:00\",\"dateModified\":\"2026-02-02T00:08:16+00:00\",\"breadcrumb\":{\"@id\":\"https:\\\/\\\/shopatoa.com\\\/cz\\\/repti-planet-destovac-terrarain-2-0\\\/#breadcrumb\"},\"inLanguage\":\"cs\",\"potentialAction\":[{\"@type\":\"ReadAction\",\"target\":[\"https:\\\/\\\/shopatoa.com\\\/cz\\\/repti-planet-destovac-terrarain-2-0\\\/\"]}]},{\"@type\":\"ImageObject\",\"inLanguage\":\"cs\",\"@id\":\"https:\\\/\\\/shopatoa.com\\\/cz\\\/repti-planet-destovac-terrarain-2-0\\\/#primaryimage\",\"url\":\"https:\\\/\\\/storage.googleapis.com\\\/cz-shopatoa-img\\\/cz\\\/cad4a167-1_58447.jpg\",\"contentUrl\":\"https:\\\/\\\/storage.googleapis.com\\\/cz-shopatoa-img\\\/cz\\\/cad4a167-1_58447.jpg\",\"width\":600,\"height\":600},{\"@type\":\"BreadcrumbList\",\"@id\":\"https:\\\/\\\/shopatoa.com\\\/cz\\\/repti-planet-destovac-terrarain-2-0\\\/#breadcrumb\",\"itemListElement\":[{\"@type\":\"ListItem\",\"position\":1,\"name\":\"Dom\u016f\",\"item\":\"https:\\\/\\\/shopatoa.com\\\/cz\\\/\"},{\"@type\":\"ListItem\",\"position\":2,\"name\":\"Produkty\",\"item\":\"https:\\\/\\\/shopatoa.com\\\/cz\\\/shop\\\/\"},{\"@type\":\"ListItem\",\"position\":3,\"name\":\"Chovatelsk\u00e9 pot\u0159eby\",\"item\":\"https:\\\/\\\/shopatoa.com\\\/cz\\\/chovatelske-potreby-2\\\/\"},{\"@type\":\"ListItem\",\"position\":4,\"name\":\"Teraristika\",\"item\":\"https:\\\/\\\/shopatoa.com\\\/cz\\\/teraristika\\\/\"},{\"@type\":\"ListItem\",\"position\":5,\"name\":\"Terarijn\u00ed technika\",\"item\":\"https:\\\/\\\/shopatoa.com\\\/cz\\\/terarijni-technika\\\/\"},{\"@type\":\"ListItem\",\"position\":6,\"name\":\"Repti Planet De\u0161\u0165ova\u010d Terrarain 2.0\"}]},{\"@type\":\"WebSite\",\"@id\":\"https:\\\/\\\/shopatoa.com\\\/cz\\\/#website\",\"url\":\"https:\\\/\\\/shopatoa.com\\\/cz\\\/\",\"name\":\"SHOPATOA\",\"description\":\"\",\"publisher\":{\"@id\":\"https:\\\/\\\/shopatoa.com\\\/cz\\\/#organization\"},\"potentialAction\":[{\"@type\":\"SearchAction\",\"target\":{\"@type\":\"EntryPoint\",\"urlTemplate\":\"https:\\\/\\\/shopatoa.com\\\/cz\\\/?s={search_term_string}\"},\"query-input\":{\"@type\":\"PropertyValueSpecification\",\"valueRequired\":true,\"valueName\":\"search_term_string\"}}],\"inLanguage\":\"cs\"},{\"@type\":\"Organization\",\"@id\":\"https:\\\/\\\/shopatoa.com\\\/cz\\\/#organization\",\"name\":\"SHOPATOA Digital s.r.o.\",\"url\":\"https:\\\/\\\/shopatoa.com\\\/cz\\\/\",\"logo\":{\"@type\":\"ImageObject\",\"inLanguage\":\"cs\",\"@id\":\"https:\\\/\\\/shopatoa.com\\\/cz\\\/#\\\/schema\\\/logo\\\/image\\\/\",\"url\":\"https:\\\/\\\/storage.googleapis.com\\\/cz-shopatoa-img\\\/cz\\\/ebccf434-shopatoa_logo.png\",\"contentUrl\":\"https:\\\/\\\/storage.googleapis.com\\\/cz-shopatoa-img\\\/cz\\\/ebccf434-shopatoa_logo.png\",\"width\":416,\"height\":63,\"caption\":\"SHOPATOA Digital s.r.o.\"},\"image\":{\"@id\":\"https:\\\/\\\/shopatoa.com\\\/cz\\\/#\\\/schema\\\/logo\\\/image\\\/\"}}]}<\/script>\n<!-- \/ Yoast SEO plugin. -->","yoast_head_json":{"title":"Repti Planet De\u0161\u0165ova\u010d Terrarain 2.0 - SHOPATOA.COM","robots":{"index":"index","follow":"follow","max-snippet":"max-snippet:-1","max-image-preview":"max-image-preview:large","max-video-preview":"max-video-preview:-1"},"canonical":"https:\/\/shopatoa.com\/cz\/repti-planet-destovac-terrarain-2-0\/","og_locale":"cs_CZ","og_type":"article","og_title":"Repti Planet De\u0161\u0165ova\u010d Terrarain 2.0 - SHOPATOA.COM","og_description":"V\u00fdkonn\u00fd ros\u00edc\u00ed syst\u00e9m s\u00a0p\u0159\u00edslu\u0161enstv\u00edm. Ide\u00e1ln\u00ed pro tropick\u00e1 a subtropick\u00e1 ter\u00e1ria Napom\u00e1h\u00e1 vytvo\u0159it prost\u0159ed\u00ed de\u0161tn\u00e9ho pralesa Ide\u00e1ln\u00ed pro zavla\u017eov\u00e1n\u00ed rostlin 4 nastaviteln\u00e9 trysky skovovou hlavic\u00ed a p\u0159\u00edsavkami D\u00e9lka hadice: 5 m Ide\u00e1ln\u00ed pro mnoho druh\u016f plaz\u016f a oboj\u017eiveln\u00edk\u016f, v\u010detn\u011b: agam, gekon\u016f, had\u016f, \u017eelv, legu\u00e1n\u016f, je\u0161t\u011brek, chameleon\u016f, \u017eab, krab\u016f &#8230; Obsah balen\u00ed: ros\u00edc\u00ed syst\u00e9m Terrarain2.0, nastaviteln\u00e9 trysky...","og_url":"https:\/\/shopatoa.com\/cz\/repti-planet-destovac-terrarain-2-0\/","og_site_name":"SHOPATOA","article_modified_time":"2026-02-02T00:08:16+00:00","og_image":[{"width":600,"height":600,"url":"https:\/\/storage.googleapis.com\/cz-shopatoa-img\/cz\/cad4a167-1_58447.jpg","type":"image\/jpeg"}],"twitter_card":"summary_large_image","twitter_misc":{"Odhadovan\u00e1 doba \u010dten\u00ed":"1 minuta"},"schema":{"@context":"https:\/\/schema.org","@graph":[{"@type":"WebPage","@id":"https:\/\/shopatoa.com\/cz\/repti-planet-destovac-terrarain-2-0\/","url":"https:\/\/shopatoa.com\/cz\/repti-planet-destovac-terrarain-2-0\/","name":"Repti Planet De\u0161\u0165ova\u010d Terrarain 2.0 - SHOPATOA.COM","isPartOf":{"@id":"https:\/\/shopatoa.com\/cz\/#website"},"primaryImageOfPage":{"@id":"https:\/\/shopatoa.com\/cz\/repti-planet-destovac-terrarain-2-0\/#primaryimage"},"image":{"@id":"https:\/\/shopatoa.com\/cz\/repti-planet-destovac-terrarain-2-0\/#primaryimage"},"thumbnailUrl":"https:\/\/storage.googleapis.com\/cz-shopatoa-img\/cz\/cad4a167-1_58447.jpg","datePublished":"2025-04-02T22:57:00+00:00","dateModified":"2026-02-02T00:08:16+00:00","breadcrumb":{"@id":"https:\/\/shopatoa.com\/cz\/repti-planet-destovac-terrarain-2-0\/#breadcrumb"},"inLanguage":"cs","potentialAction":[{"@type":"ReadAction","target":["https:\/\/shopatoa.com\/cz\/repti-planet-destovac-terrarain-2-0\/"]}]},{"@type":"ImageObject","inLanguage":"cs","@id":"https:\/\/shopatoa.com\/cz\/repti-planet-destovac-terrarain-2-0\/#primaryimage","url":"https:\/\/storage.googleapis.com\/cz-shopatoa-img\/cz\/cad4a167-1_58447.jpg","contentUrl":"https:\/\/storage.googleapis.com\/cz-shopatoa-img\/cz\/cad4a167-1_58447.jpg","width":600,"height":600},{"@type":"BreadcrumbList","@id":"https:\/\/shopatoa.com\/cz\/repti-planet-destovac-terrarain-2-0\/#breadcrumb","itemListElement":[{"@type":"ListItem","position":1,"name":"Dom\u016f","item":"https:\/\/shopatoa.com\/cz\/"},{"@type":"ListItem","position":2,"name":"Produkty","item":"https:\/\/shopatoa.com\/cz\/shop\/"},{"@type":"ListItem","position":3,"name":"Chovatelsk\u00e9 pot\u0159eby","item":"https:\/\/shopatoa.com\/cz\/chovatelske-potreby-2\/"},{"@type":"ListItem","position":4,"name":"Teraristika","item":"https:\/\/shopatoa.com\/cz\/teraristika\/"},{"@type":"ListItem","position":5,"name":"Terarijn\u00ed technika","item":"https:\/\/shopatoa.com\/cz\/terarijni-technika\/"},{"@type":"ListItem","position":6,"name":"Repti Planet De\u0161\u0165ova\u010d Terrarain 2.0"}]},{"@type":"WebSite","@id":"https:\/\/shopatoa.com\/cz\/#website","url":"https:\/\/shopatoa.com\/cz\/","name":"SHOPATOA","description":"","publisher":{"@id":"https:\/\/shopatoa.com\/cz\/#organization"},"potentialAction":[{"@type":"SearchAction","target":{"@type":"EntryPoint","urlTemplate":"https:\/\/shopatoa.com\/cz\/?s={search_term_string}"},"query-input":{"@type":"PropertyValueSpecification","valueRequired":true,"valueName":"search_term_string"}}],"inLanguage":"cs"},{"@type":"Organization","@id":"https:\/\/shopatoa.com\/cz\/#organization","name":"SHOPATOA Digital s.r.o.","url":"https:\/\/shopatoa.com\/cz\/","logo":{"@type":"ImageObject","inLanguage":"cs","@id":"https:\/\/shopatoa.com\/cz\/#\/schema\/logo\/image\/","url":"https:\/\/storage.googleapis.com\/cz-shopatoa-img\/cz\/ebccf434-shopatoa_logo.png","contentUrl":"https:\/\/storage.googleapis.com\/cz-shopatoa-img\/cz\/ebccf434-shopatoa_logo.png","width":416,"height":63,"caption":"SHOPATOA Digital s.r.o."},"image":{"@id":"https:\/\/shopatoa.com\/cz\/#\/schema\/logo\/image\/"}}]}},"_links":{"self":[{"href":"https:\/\/shopatoa.com\/cz\/wp-json\/wp\/v2\/product\/247988","targetHints":{"allow":["GET"]}}],"collection":[{"href":"https:\/\/shopatoa.com\/cz\/wp-json\/wp\/v2\/product"}],"about":[{"href":"https:\/\/shopatoa.com\/cz\/wp-json\/wp\/v2\/types\/product"}],"replies":[{"embeddable":true,"href":"https:\/\/shopatoa.com\/cz\/wp-json\/wp\/v2\/comments?post=247988"}],"wp:featuredmedia":[{"embeddable":true,"href":"https:\/\/shopatoa.com\/cz\/wp-json\/wp\/v2\/media\/247989"}],"wp:attachment":[{"href":"https:\/\/shopatoa.com\/cz\/wp-json\/wp\/v2\/media?parent=247988"}],"wp:term":[{"taxonomy":"product_brand","embeddable":true,"href":"https:\/\/shopatoa.com\/cz\/wp-json\/wp\/v2\/product_brand?post=247988"},{"taxonomy":"product_cat","embeddable":true,"href":"https:\/\/shopatoa.com\/cz\/wp-json\/wp\/v2\/product_cat?post=247988"},{"taxonomy":"product_tag","embeddable":true,"href":"https:\/\/shopatoa.com\/cz\/wp-json\/wp\/v2\/product_tag?post=247988"}],"curies":[{"name":"wp","href":"https:\/\/api.w.org\/{rel}","templated":true}]}}