{"id":247994,"date":"2025-04-03T01:00:23","date_gmt":"2025-04-02T23:00:23","guid":{"rendered":"https:\/\/shopatoa.com\/cz\/?post_type=product&#038;p=247994"},"modified":"2026-02-02T01:08:10","modified_gmt":"2026-02-02T00:08:10","slug":"osvetleni-repti-planet-compact-hood-66x12x9cm","status":"publish","type":"product","link":"https:\/\/shopatoa.com\/cz\/osvetleni-repti-planet-compact-hood-66x12x9cm\/","title":{"rendered":"Osv\u011btlen\u00ed Repti Planet Compact Hood 66x12x9cm"},"content":{"rendered":"<p>Porcel\u00e1nov\u00fd z\u00e1vit\u00a0pro \u017e\u00e1rovky E27.<\/p>\n<p>Kvalitn\u011b zpracovan\u00e9 osv\u011btlen\u00ed pro terarijn\u00ed \u017e\u00e1rovky. Konstrukce umo\u017e\u0148uje horizont\u00e1ln\u00ed pou\u017eit\u00ed \u017e\u00e1rovek, co\u017e je\u00a0ide\u00e1ln\u00ed varianta pro UVB \u017e\u00e1rovky, kter\u00e9 touto instalac\u00ed nab\u00edzej\u00ed vy\u0161\u0161\u00ed v\u00fdkon UVB z\u00e1\u0159en\u00ed.\u00a0Pro v\u00fdh\u0159evn\u00e9 \u017e\u00e1rovky je tento syst\u00e9m nevhodn\u00fd, nebo\u0165 se v\u00a0drtiv\u00e9 v\u011bt\u0161in\u011b jedn\u00e1 o \u017e\u00e1rovky s\u00a0reflektorov\u00fdm syst\u00e9mem a \u017e\u00e1rovka by tedy oh\u0159\u00edvala pouze vnit\u0159n\u00ed \u010d\u00e1st sv\u011btla a sm\u011brem dol\u016f by nem\u011bla t\u00e9m\u011b\u0159 \u017e\u00e1dnou \u00fa\u010dinnost.<\/p>\n<p>\tKompaktn\u00ed osv\u011btlen\u00ed na ter\u00e1ria<br \/>\n\tIde\u00e1ln\u00ed pro pou\u017eit\u00ed s UVB \u017e\u00e1rovkami<br \/>\n\tPou\u017eiteln\u00e9 nejen na ter\u00e1ria REPTI PLANET<br \/>\n\tMo\u017enost um\u00edst\u011bn\u00ed na horn\u00ed s\u00ed\u0165ovan\u00fd kryt ter\u00e1ria<br \/>\n\tPou\u017eiteln\u00e9 pro \u017e\u00e1rovky o v\u00fdkonu do 26W<br \/>\n\tVarianta pro jednu, dn\u011b nebo t\u0159i \u017e\u00e1rovky<\/p>\n","protected":false},"excerpt":{"rendered":"<p>Porcel\u00e1nov\u00fd z\u00e1vit\u00a0pro \u017e\u00e1rovky E27. Kvalitn\u011b zpracovan\u00e9 osv\u011btlen\u00ed pro terarijn\u00ed \u017e\u00e1rovky. Konstrukce umo\u017e\u0148uje horizont\u00e1ln\u00ed pou\u017eit\u00ed \u017e\u00e1rovek, co\u017e je\u00a0ide\u00e1ln\u00ed varianta pro UVB \u017e\u00e1rovky, kter\u00e9 touto instalac\u00ed nab\u00edzej\u00ed vy\u0161\u0161\u00ed v\u00fdkon UVB z\u00e1\u0159en\u00ed.\u00a0Pro v\u00fdh\u0159evn\u00e9 \u017e\u00e1rovky je tento syst\u00e9m nevhodn\u00fd, nebo\u0165 se v\u00a0drtiv\u00e9 v\u011bt\u0161in\u011b jedn\u00e1 o \u017e\u00e1rovky s\u00a0reflektorov\u00fdm syst\u00e9mem a \u017e\u00e1rovka by tedy oh\u0159\u00edvala pouze vnit\u0159n\u00ed \u010d\u00e1st sv\u011btla a sm\u011brem&#8230;<\/p>\n","protected":false},"featured_media":247995,"comment_status":"closed","ping_status":"open","template":"","meta":{"_acf_changed":false,"_kadence_starter_templates_imported_post":false,"_kad_post_transparent":"","_kad_post_title":"","_kad_post_layout":"","_kad_post_sidebar_id":"","_kad_post_content_style":"","_kad_post_vertical_padding":"","_kad_post_feature":"","_kad_post_feature_position":"","_kad_post_header":false,"_kad_post_footer":false,"_kad_post_classname":""},"product_brand":[2722],"product_cat":[436,2554,2553,2528],"product_tag":[],"class_list":{"0":"post-247994","1":"product","2":"type-product","3":"status-publish","4":"has-post-thumbnail","6":"product_brand-repti-planet","7":"product_cat-chovatelske-potreby-2","8":"product_cat-osvetleni-do-terarii","9":"product_cat-terarijni-technika","10":"product_cat-teraristika","11":"pa_obchod-superzoo-cz","13":"first","14":"instock","15":"product-type-external","16":"entry","17":"content-bg","18":"loop-entry"},"acf":[],"yoast_head":"<!-- This site is optimized with the Yoast SEO plugin v27.4 - https:\/\/yoast.com\/product\/yoast-seo-wordpress\/ -->\n<title>Osv\u011btlen\u00ed Repti Planet Compact Hood 66x12x9cm - SHOPATOA.COM<\/title>\n<meta name=\"robots\" content=\"index, follow, max-snippet:-1, max-image-preview:large, max-video-preview:-1\" \/>\n<link rel=\"canonical\" href=\"https:\/\/shopatoa.com\/cz\/osvetleni-repti-planet-compact-hood-66x12x9cm\/\" \/>\n<meta property=\"og:locale\" content=\"cs_CZ\" \/>\n<meta property=\"og:type\" content=\"article\" \/>\n<meta property=\"og:title\" content=\"Osv\u011btlen\u00ed Repti Planet Compact Hood 66x12x9cm - SHOPATOA.COM\" \/>\n<meta property=\"og:description\" content=\"Porcel\u00e1nov\u00fd z\u00e1vit\u00a0pro \u017e\u00e1rovky E27. Kvalitn\u011b zpracovan\u00e9 osv\u011btlen\u00ed pro terarijn\u00ed \u017e\u00e1rovky. Konstrukce umo\u017e\u0148uje horizont\u00e1ln\u00ed pou\u017eit\u00ed \u017e\u00e1rovek, co\u017e je\u00a0ide\u00e1ln\u00ed varianta pro UVB \u017e\u00e1rovky, kter\u00e9 touto instalac\u00ed nab\u00edzej\u00ed vy\u0161\u0161\u00ed v\u00fdkon UVB z\u00e1\u0159en\u00ed.\u00a0Pro v\u00fdh\u0159evn\u00e9 \u017e\u00e1rovky je tento syst\u00e9m nevhodn\u00fd, nebo\u0165 se v\u00a0drtiv\u00e9 v\u011bt\u0161in\u011b jedn\u00e1 o \u017e\u00e1rovky s\u00a0reflektorov\u00fdm syst\u00e9mem a \u017e\u00e1rovka by tedy oh\u0159\u00edvala pouze vnit\u0159n\u00ed \u010d\u00e1st sv\u011btla a sm\u011brem...\" \/>\n<meta property=\"og:url\" content=\"https:\/\/shopatoa.com\/cz\/osvetleni-repti-planet-compact-hood-66x12x9cm\/\" \/>\n<meta property=\"og:site_name\" content=\"SHOPATOA\" \/>\n<meta property=\"article:modified_time\" content=\"2026-02-02T00:08:10+00:00\" \/>\n<meta property=\"og:image\" content=\"https:\/\/storage.googleapis.com\/cz-shopatoa-img\/cz\/97515412-1_59359.jpg\" \/>\n\t<meta property=\"og:image:width\" content=\"600\" \/>\n\t<meta property=\"og:image:height\" content=\"600\" \/>\n\t<meta property=\"og:image:type\" content=\"image\/jpeg\" \/>\n<meta name=\"twitter:card\" content=\"summary_large_image\" \/>\n<meta name=\"twitter:label1\" content=\"Odhadovan\u00e1 doba \u010dten\u00ed\" \/>\n\t<meta name=\"twitter:data1\" content=\"1 minuta\" \/>\n<script type=\"application\/ld+json\" class=\"yoast-schema-graph\">{\"@context\":\"https:\\\/\\\/schema.org\",\"@graph\":[{\"@type\":\"WebPage\",\"@id\":\"https:\\\/\\\/shopatoa.com\\\/cz\\\/osvetleni-repti-planet-compact-hood-66x12x9cm\\\/\",\"url\":\"https:\\\/\\\/shopatoa.com\\\/cz\\\/osvetleni-repti-planet-compact-hood-66x12x9cm\\\/\",\"name\":\"Osv\u011btlen\u00ed Repti Planet Compact Hood 66x12x9cm - SHOPATOA.COM\",\"isPartOf\":{\"@id\":\"https:\\\/\\\/shopatoa.com\\\/cz\\\/#website\"},\"primaryImageOfPage\":{\"@id\":\"https:\\\/\\\/shopatoa.com\\\/cz\\\/osvetleni-repti-planet-compact-hood-66x12x9cm\\\/#primaryimage\"},\"image\":{\"@id\":\"https:\\\/\\\/shopatoa.com\\\/cz\\\/osvetleni-repti-planet-compact-hood-66x12x9cm\\\/#primaryimage\"},\"thumbnailUrl\":\"https:\\\/\\\/storage.googleapis.com\\\/cz-shopatoa-img\\\/cz\\\/97515412-1_59359.jpg\",\"datePublished\":\"2025-04-02T23:00:23+00:00\",\"dateModified\":\"2026-02-02T00:08:10+00:00\",\"breadcrumb\":{\"@id\":\"https:\\\/\\\/shopatoa.com\\\/cz\\\/osvetleni-repti-planet-compact-hood-66x12x9cm\\\/#breadcrumb\"},\"inLanguage\":\"cs\",\"potentialAction\":[{\"@type\":\"ReadAction\",\"target\":[\"https:\\\/\\\/shopatoa.com\\\/cz\\\/osvetleni-repti-planet-compact-hood-66x12x9cm\\\/\"]}]},{\"@type\":\"ImageObject\",\"inLanguage\":\"cs\",\"@id\":\"https:\\\/\\\/shopatoa.com\\\/cz\\\/osvetleni-repti-planet-compact-hood-66x12x9cm\\\/#primaryimage\",\"url\":\"https:\\\/\\\/storage.googleapis.com\\\/cz-shopatoa-img\\\/cz\\\/97515412-1_59359.jpg\",\"contentUrl\":\"https:\\\/\\\/storage.googleapis.com\\\/cz-shopatoa-img\\\/cz\\\/97515412-1_59359.jpg\",\"width\":600,\"height\":600},{\"@type\":\"BreadcrumbList\",\"@id\":\"https:\\\/\\\/shopatoa.com\\\/cz\\\/osvetleni-repti-planet-compact-hood-66x12x9cm\\\/#breadcrumb\",\"itemListElement\":[{\"@type\":\"ListItem\",\"position\":1,\"name\":\"Dom\u016f\",\"item\":\"https:\\\/\\\/shopatoa.com\\\/cz\\\/\"},{\"@type\":\"ListItem\",\"position\":2,\"name\":\"Produkty\",\"item\":\"https:\\\/\\\/shopatoa.com\\\/cz\\\/shop\\\/\"},{\"@type\":\"ListItem\",\"position\":3,\"name\":\"Chovatelsk\u00e9 pot\u0159eby\",\"item\":\"https:\\\/\\\/shopatoa.com\\\/cz\\\/chovatelske-potreby-2\\\/\"},{\"@type\":\"ListItem\",\"position\":4,\"name\":\"Teraristika\",\"item\":\"https:\\\/\\\/shopatoa.com\\\/cz\\\/teraristika\\\/\"},{\"@type\":\"ListItem\",\"position\":5,\"name\":\"Terarijn\u00ed technika\",\"item\":\"https:\\\/\\\/shopatoa.com\\\/cz\\\/terarijni-technika\\\/\"},{\"@type\":\"ListItem\",\"position\":6,\"name\":\"Osv\u011btlen\u00ed do ter\u00e1ri\u00ed\",\"item\":\"https:\\\/\\\/shopatoa.com\\\/cz\\\/osvetleni-do-terarii\\\/\"},{\"@type\":\"ListItem\",\"position\":7,\"name\":\"Osv\u011btlen\u00ed Repti Planet Compact Hood 66x12x9cm\"}]},{\"@type\":\"WebSite\",\"@id\":\"https:\\\/\\\/shopatoa.com\\\/cz\\\/#website\",\"url\":\"https:\\\/\\\/shopatoa.com\\\/cz\\\/\",\"name\":\"SHOPATOA\",\"description\":\"\",\"publisher\":{\"@id\":\"https:\\\/\\\/shopatoa.com\\\/cz\\\/#organization\"},\"potentialAction\":[{\"@type\":\"SearchAction\",\"target\":{\"@type\":\"EntryPoint\",\"urlTemplate\":\"https:\\\/\\\/shopatoa.com\\\/cz\\\/?s={search_term_string}\"},\"query-input\":{\"@type\":\"PropertyValueSpecification\",\"valueRequired\":true,\"valueName\":\"search_term_string\"}}],\"inLanguage\":\"cs\"},{\"@type\":\"Organization\",\"@id\":\"https:\\\/\\\/shopatoa.com\\\/cz\\\/#organization\",\"name\":\"SHOPATOA Digital s.r.o.\",\"url\":\"https:\\\/\\\/shopatoa.com\\\/cz\\\/\",\"logo\":{\"@type\":\"ImageObject\",\"inLanguage\":\"cs\",\"@id\":\"https:\\\/\\\/shopatoa.com\\\/cz\\\/#\\\/schema\\\/logo\\\/image\\\/\",\"url\":\"https:\\\/\\\/storage.googleapis.com\\\/cz-shopatoa-img\\\/cz\\\/ebccf434-shopatoa_logo.png\",\"contentUrl\":\"https:\\\/\\\/storage.googleapis.com\\\/cz-shopatoa-img\\\/cz\\\/ebccf434-shopatoa_logo.png\",\"width\":416,\"height\":63,\"caption\":\"SHOPATOA Digital s.r.o.\"},\"image\":{\"@id\":\"https:\\\/\\\/shopatoa.com\\\/cz\\\/#\\\/schema\\\/logo\\\/image\\\/\"}}]}<\/script>\n<!-- \/ Yoast SEO plugin. -->","yoast_head_json":{"title":"Osv\u011btlen\u00ed Repti Planet Compact Hood 66x12x9cm - SHOPATOA.COM","robots":{"index":"index","follow":"follow","max-snippet":"max-snippet:-1","max-image-preview":"max-image-preview:large","max-video-preview":"max-video-preview:-1"},"canonical":"https:\/\/shopatoa.com\/cz\/osvetleni-repti-planet-compact-hood-66x12x9cm\/","og_locale":"cs_CZ","og_type":"article","og_title":"Osv\u011btlen\u00ed Repti Planet Compact Hood 66x12x9cm - SHOPATOA.COM","og_description":"Porcel\u00e1nov\u00fd z\u00e1vit\u00a0pro \u017e\u00e1rovky E27. Kvalitn\u011b zpracovan\u00e9 osv\u011btlen\u00ed pro terarijn\u00ed \u017e\u00e1rovky. Konstrukce umo\u017e\u0148uje horizont\u00e1ln\u00ed pou\u017eit\u00ed \u017e\u00e1rovek, co\u017e je\u00a0ide\u00e1ln\u00ed varianta pro UVB \u017e\u00e1rovky, kter\u00e9 touto instalac\u00ed nab\u00edzej\u00ed vy\u0161\u0161\u00ed v\u00fdkon UVB z\u00e1\u0159en\u00ed.\u00a0Pro v\u00fdh\u0159evn\u00e9 \u017e\u00e1rovky je tento syst\u00e9m nevhodn\u00fd, nebo\u0165 se v\u00a0drtiv\u00e9 v\u011bt\u0161in\u011b jedn\u00e1 o \u017e\u00e1rovky s\u00a0reflektorov\u00fdm syst\u00e9mem a \u017e\u00e1rovka by tedy oh\u0159\u00edvala pouze vnit\u0159n\u00ed \u010d\u00e1st sv\u011btla a sm\u011brem...","og_url":"https:\/\/shopatoa.com\/cz\/osvetleni-repti-planet-compact-hood-66x12x9cm\/","og_site_name":"SHOPATOA","article_modified_time":"2026-02-02T00:08:10+00:00","og_image":[{"width":600,"height":600,"url":"https:\/\/storage.googleapis.com\/cz-shopatoa-img\/cz\/97515412-1_59359.jpg","type":"image\/jpeg"}],"twitter_card":"summary_large_image","twitter_misc":{"Odhadovan\u00e1 doba \u010dten\u00ed":"1 minuta"},"schema":{"@context":"https:\/\/schema.org","@graph":[{"@type":"WebPage","@id":"https:\/\/shopatoa.com\/cz\/osvetleni-repti-planet-compact-hood-66x12x9cm\/","url":"https:\/\/shopatoa.com\/cz\/osvetleni-repti-planet-compact-hood-66x12x9cm\/","name":"Osv\u011btlen\u00ed Repti Planet Compact Hood 66x12x9cm - SHOPATOA.COM","isPartOf":{"@id":"https:\/\/shopatoa.com\/cz\/#website"},"primaryImageOfPage":{"@id":"https:\/\/shopatoa.com\/cz\/osvetleni-repti-planet-compact-hood-66x12x9cm\/#primaryimage"},"image":{"@id":"https:\/\/shopatoa.com\/cz\/osvetleni-repti-planet-compact-hood-66x12x9cm\/#primaryimage"},"thumbnailUrl":"https:\/\/storage.googleapis.com\/cz-shopatoa-img\/cz\/97515412-1_59359.jpg","datePublished":"2025-04-02T23:00:23+00:00","dateModified":"2026-02-02T00:08:10+00:00","breadcrumb":{"@id":"https:\/\/shopatoa.com\/cz\/osvetleni-repti-planet-compact-hood-66x12x9cm\/#breadcrumb"},"inLanguage":"cs","potentialAction":[{"@type":"ReadAction","target":["https:\/\/shopatoa.com\/cz\/osvetleni-repti-planet-compact-hood-66x12x9cm\/"]}]},{"@type":"ImageObject","inLanguage":"cs","@id":"https:\/\/shopatoa.com\/cz\/osvetleni-repti-planet-compact-hood-66x12x9cm\/#primaryimage","url":"https:\/\/storage.googleapis.com\/cz-shopatoa-img\/cz\/97515412-1_59359.jpg","contentUrl":"https:\/\/storage.googleapis.com\/cz-shopatoa-img\/cz\/97515412-1_59359.jpg","width":600,"height":600},{"@type":"BreadcrumbList","@id":"https:\/\/shopatoa.com\/cz\/osvetleni-repti-planet-compact-hood-66x12x9cm\/#breadcrumb","itemListElement":[{"@type":"ListItem","position":1,"name":"Dom\u016f","item":"https:\/\/shopatoa.com\/cz\/"},{"@type":"ListItem","position":2,"name":"Produkty","item":"https:\/\/shopatoa.com\/cz\/shop\/"},{"@type":"ListItem","position":3,"name":"Chovatelsk\u00e9 pot\u0159eby","item":"https:\/\/shopatoa.com\/cz\/chovatelske-potreby-2\/"},{"@type":"ListItem","position":4,"name":"Teraristika","item":"https:\/\/shopatoa.com\/cz\/teraristika\/"},{"@type":"ListItem","position":5,"name":"Terarijn\u00ed technika","item":"https:\/\/shopatoa.com\/cz\/terarijni-technika\/"},{"@type":"ListItem","position":6,"name":"Osv\u011btlen\u00ed do ter\u00e1ri\u00ed","item":"https:\/\/shopatoa.com\/cz\/osvetleni-do-terarii\/"},{"@type":"ListItem","position":7,"name":"Osv\u011btlen\u00ed Repti Planet Compact Hood 66x12x9cm"}]},{"@type":"WebSite","@id":"https:\/\/shopatoa.com\/cz\/#website","url":"https:\/\/shopatoa.com\/cz\/","name":"SHOPATOA","description":"","publisher":{"@id":"https:\/\/shopatoa.com\/cz\/#organization"},"potentialAction":[{"@type":"SearchAction","target":{"@type":"EntryPoint","urlTemplate":"https:\/\/shopatoa.com\/cz\/?s={search_term_string}"},"query-input":{"@type":"PropertyValueSpecification","valueRequired":true,"valueName":"search_term_string"}}],"inLanguage":"cs"},{"@type":"Organization","@id":"https:\/\/shopatoa.com\/cz\/#organization","name":"SHOPATOA Digital s.r.o.","url":"https:\/\/shopatoa.com\/cz\/","logo":{"@type":"ImageObject","inLanguage":"cs","@id":"https:\/\/shopatoa.com\/cz\/#\/schema\/logo\/image\/","url":"https:\/\/storage.googleapis.com\/cz-shopatoa-img\/cz\/ebccf434-shopatoa_logo.png","contentUrl":"https:\/\/storage.googleapis.com\/cz-shopatoa-img\/cz\/ebccf434-shopatoa_logo.png","width":416,"height":63,"caption":"SHOPATOA Digital s.r.o."},"image":{"@id":"https:\/\/shopatoa.com\/cz\/#\/schema\/logo\/image\/"}}]}},"_links":{"self":[{"href":"https:\/\/shopatoa.com\/cz\/wp-json\/wp\/v2\/product\/247994","targetHints":{"allow":["GET"]}}],"collection":[{"href":"https:\/\/shopatoa.com\/cz\/wp-json\/wp\/v2\/product"}],"about":[{"href":"https:\/\/shopatoa.com\/cz\/wp-json\/wp\/v2\/types\/product"}],"replies":[{"embeddable":true,"href":"https:\/\/shopatoa.com\/cz\/wp-json\/wp\/v2\/comments?post=247994"}],"wp:featuredmedia":[{"embeddable":true,"href":"https:\/\/shopatoa.com\/cz\/wp-json\/wp\/v2\/media\/247995"}],"wp:attachment":[{"href":"https:\/\/shopatoa.com\/cz\/wp-json\/wp\/v2\/media?parent=247994"}],"wp:term":[{"taxonomy":"product_brand","embeddable":true,"href":"https:\/\/shopatoa.com\/cz\/wp-json\/wp\/v2\/product_brand?post=247994"},{"taxonomy":"product_cat","embeddable":true,"href":"https:\/\/shopatoa.com\/cz\/wp-json\/wp\/v2\/product_cat?post=247994"},{"taxonomy":"product_tag","embeddable":true,"href":"https:\/\/shopatoa.com\/cz\/wp-json\/wp\/v2\/product_tag?post=247994"}],"curies":[{"name":"wp","href":"https:\/\/api.w.org\/{rel}","templated":true}]}}