{"id":248112,"date":"2025-04-03T01:21:13","date_gmt":"2025-04-02T23:21:13","guid":{"rendered":"https:\/\/shopatoa.com\/cz\/?post_type=product&#038;p=248112"},"modified":"2025-04-25T22:24:12","modified_gmt":"2025-04-25T20:24:12","slug":"prepravka-atlas-car-80-cerna","status":"publish","type":"product","link":"https:\/\/shopatoa.com\/cz\/prepravka-atlas-car-80-cerna\/","title":{"rendered":"P\u0159epravka Atlas Car 80 \u010dern\u00e1"},"content":{"rendered":"<p>P\u0159epravka Atlas Car 80 je ur\u010dena pro bezpe\u010dn\u00e9 a komfortn\u00ed cestov\u00e1n\u00ed.<\/p>\n<p>\tTvar p\u0159epravky je p\u0159izp\u016fsoben do kufru auta.<br \/>\n\tP\u0159epravka je vybavena praktickou rukojet\u00ed pro snadnou manipulaci.<br \/>\n\tOboustrann\u011b posuvn\u00e1 dv\u00ed\u0159ka s\u00a0bezpe\u010dnostn\u00ed z\u00e1padkou.<br \/>\n\tHygienick\u00e1 plastov\u00e1 dren\u00e1\u017en\u00ed vlo\u017eka.<br \/>\n\tDv\u011b p\u0159ihr\u00e1dky na p\u0159edm\u011bty.<\/p>\n<p>Velikost<\/p>\n<p>82 x 51 x 61 cm<\/p>\n<p>V\u00e1ha <\/p>\n<p>7 kg<\/p>\n","protected":false},"excerpt":{"rendered":"<p>P\u0159epravka Atlas Car 80 je ur\u010dena pro bezpe\u010dn\u00e9 a komfortn\u00ed cestov\u00e1n\u00ed. Tvar p\u0159epravky je p\u0159izp\u016fsoben do kufru auta. P\u0159epravka je vybavena praktickou rukojet\u00ed pro snadnou manipulaci. Oboustrann\u011b posuvn\u00e1 dv\u00ed\u0159ka s\u00a0bezpe\u010dnostn\u00ed z\u00e1padkou. Hygienick\u00e1 plastov\u00e1 dren\u00e1\u017en\u00ed vlo\u017eka. Dv\u011b p\u0159ihr\u00e1dky na p\u0159edm\u011bty. Velikost 82 x 51 x 61 cm V\u00e1ha 7 kg<\/p>\n","protected":false},"featured_media":248113,"comment_status":"closed","ping_status":"open","template":"","meta":{"_acf_changed":false,"_kadence_starter_templates_imported_post":false,"_kad_post_transparent":"","_kad_post_title":"","_kad_post_layout":"","_kad_post_sidebar_id":"","_kad_post_content_style":"","_kad_post_vertical_padding":"","_kad_post_feature":"","_kad_post_feature_position":"","_kad_post_header":false,"_kad_post_footer":false,"_kad_post_classname":""},"product_brand":[2688],"product_cat":[2577,436,2632,739],"product_tag":[],"class_list":{"0":"post-248112","1":"product","2":"type-product","3":"status-publish","4":"has-post-thumbnail","6":"product_brand-ferplast","7":"product_cat-cestovani-se-psy","8":"product_cat-chovatelske-potreby-2","9":"product_cat-ostatni-potreby-pro-cestovani-se-psem","10":"product_cat-pro-psy-chovatelske-potreby-2","11":"pa_obchod-superzoo-cz","13":"first","14":"instock","15":"product-type-external","16":"entry","17":"content-bg","18":"loop-entry"},"acf":[],"yoast_head":"<!-- This site is optimized with the Yoast SEO plugin v27.4 - https:\/\/yoast.com\/product\/yoast-seo-wordpress\/ -->\n<title>P\u0159epravka Atlas Car 80 \u010dern\u00e1 - SHOPATOA.COM<\/title>\n<meta name=\"robots\" content=\"index, follow, max-snippet:-1, max-image-preview:large, max-video-preview:-1\" \/>\n<link rel=\"canonical\" href=\"https:\/\/shopatoa.com\/cz\/prepravka-atlas-car-80-cerna\/\" \/>\n<meta property=\"og:locale\" content=\"cs_CZ\" \/>\n<meta property=\"og:type\" content=\"article\" \/>\n<meta property=\"og:title\" content=\"P\u0159epravka Atlas Car 80 \u010dern\u00e1 - SHOPATOA.COM\" \/>\n<meta property=\"og:description\" content=\"P\u0159epravka Atlas Car 80 je ur\u010dena pro bezpe\u010dn\u00e9 a komfortn\u00ed cestov\u00e1n\u00ed. Tvar p\u0159epravky je p\u0159izp\u016fsoben do kufru auta. P\u0159epravka je vybavena praktickou rukojet\u00ed pro snadnou manipulaci. Oboustrann\u011b posuvn\u00e1 dv\u00ed\u0159ka s\u00a0bezpe\u010dnostn\u00ed z\u00e1padkou. Hygienick\u00e1 plastov\u00e1 dren\u00e1\u017en\u00ed vlo\u017eka. Dv\u011b p\u0159ihr\u00e1dky na p\u0159edm\u011bty. Velikost 82 x 51 x 61 cm V\u00e1ha 7 kg\" \/>\n<meta property=\"og:url\" content=\"https:\/\/shopatoa.com\/cz\/prepravka-atlas-car-80-cerna\/\" \/>\n<meta property=\"og:site_name\" content=\"SHOPATOA\" \/>\n<meta property=\"article:modified_time\" content=\"2025-04-25T20:24:12+00:00\" \/>\n<meta property=\"og:image\" content=\"https:\/\/storage.googleapis.com\/cz-shopatoa-img\/cz\/b9111448-1_55436.jpg\" \/>\n\t<meta property=\"og:image:width\" content=\"600\" \/>\n\t<meta property=\"og:image:height\" content=\"600\" \/>\n\t<meta property=\"og:image:type\" content=\"image\/jpeg\" \/>\n<meta name=\"twitter:card\" content=\"summary_large_image\" \/>\n<script type=\"application\/ld+json\" class=\"yoast-schema-graph\">{\"@context\":\"https:\\\/\\\/schema.org\",\"@graph\":[{\"@type\":\"WebPage\",\"@id\":\"https:\\\/\\\/shopatoa.com\\\/cz\\\/prepravka-atlas-car-80-cerna\\\/\",\"url\":\"https:\\\/\\\/shopatoa.com\\\/cz\\\/prepravka-atlas-car-80-cerna\\\/\",\"name\":\"P\u0159epravka Atlas Car 80 \u010dern\u00e1 - SHOPATOA.COM\",\"isPartOf\":{\"@id\":\"https:\\\/\\\/shopatoa.com\\\/cz\\\/#website\"},\"primaryImageOfPage\":{\"@id\":\"https:\\\/\\\/shopatoa.com\\\/cz\\\/prepravka-atlas-car-80-cerna\\\/#primaryimage\"},\"image\":{\"@id\":\"https:\\\/\\\/shopatoa.com\\\/cz\\\/prepravka-atlas-car-80-cerna\\\/#primaryimage\"},\"thumbnailUrl\":\"https:\\\/\\\/storage.googleapis.com\\\/cz-shopatoa-img\\\/cz\\\/b9111448-1_55436.jpg\",\"datePublished\":\"2025-04-02T23:21:13+00:00\",\"dateModified\":\"2025-04-25T20:24:12+00:00\",\"breadcrumb\":{\"@id\":\"https:\\\/\\\/shopatoa.com\\\/cz\\\/prepravka-atlas-car-80-cerna\\\/#breadcrumb\"},\"inLanguage\":\"cs\",\"potentialAction\":[{\"@type\":\"ReadAction\",\"target\":[\"https:\\\/\\\/shopatoa.com\\\/cz\\\/prepravka-atlas-car-80-cerna\\\/\"]}]},{\"@type\":\"ImageObject\",\"inLanguage\":\"cs\",\"@id\":\"https:\\\/\\\/shopatoa.com\\\/cz\\\/prepravka-atlas-car-80-cerna\\\/#primaryimage\",\"url\":\"https:\\\/\\\/storage.googleapis.com\\\/cz-shopatoa-img\\\/cz\\\/b9111448-1_55436.jpg\",\"contentUrl\":\"https:\\\/\\\/storage.googleapis.com\\\/cz-shopatoa-img\\\/cz\\\/b9111448-1_55436.jpg\",\"width\":600,\"height\":600},{\"@type\":\"BreadcrumbList\",\"@id\":\"https:\\\/\\\/shopatoa.com\\\/cz\\\/prepravka-atlas-car-80-cerna\\\/#breadcrumb\",\"itemListElement\":[{\"@type\":\"ListItem\",\"position\":1,\"name\":\"Dom\u016f\",\"item\":\"https:\\\/\\\/shopatoa.com\\\/cz\\\/\"},{\"@type\":\"ListItem\",\"position\":2,\"name\":\"Produkty\",\"item\":\"https:\\\/\\\/shopatoa.com\\\/cz\\\/shop\\\/\"},{\"@type\":\"ListItem\",\"position\":3,\"name\":\"Chovatelsk\u00e9 pot\u0159eby\",\"item\":\"https:\\\/\\\/shopatoa.com\\\/cz\\\/chovatelske-potreby-2\\\/\"},{\"@type\":\"ListItem\",\"position\":4,\"name\":\"Pro psy\",\"item\":\"https:\\\/\\\/shopatoa.com\\\/cz\\\/pro-psy-chovatelske-potreby-2\\\/\"},{\"@type\":\"ListItem\",\"position\":5,\"name\":\"Cestov\u00e1n\u00ed se psy\",\"item\":\"https:\\\/\\\/shopatoa.com\\\/cz\\\/cestovani-se-psy\\\/\"},{\"@type\":\"ListItem\",\"position\":6,\"name\":\"Ostatn\u00ed pot\u0159eby pro cestov\u00e1n\u00ed se psem\",\"item\":\"https:\\\/\\\/shopatoa.com\\\/cz\\\/ostatni-potreby-pro-cestovani-se-psem\\\/\"},{\"@type\":\"ListItem\",\"position\":7,\"name\":\"P\u0159epravka Atlas Car 80 \u010dern\u00e1\"}]},{\"@type\":\"WebSite\",\"@id\":\"https:\\\/\\\/shopatoa.com\\\/cz\\\/#website\",\"url\":\"https:\\\/\\\/shopatoa.com\\\/cz\\\/\",\"name\":\"SHOPATOA\",\"description\":\"\",\"publisher\":{\"@id\":\"https:\\\/\\\/shopatoa.com\\\/cz\\\/#organization\"},\"potentialAction\":[{\"@type\":\"SearchAction\",\"target\":{\"@type\":\"EntryPoint\",\"urlTemplate\":\"https:\\\/\\\/shopatoa.com\\\/cz\\\/?s={search_term_string}\"},\"query-input\":{\"@type\":\"PropertyValueSpecification\",\"valueRequired\":true,\"valueName\":\"search_term_string\"}}],\"inLanguage\":\"cs\"},{\"@type\":\"Organization\",\"@id\":\"https:\\\/\\\/shopatoa.com\\\/cz\\\/#organization\",\"name\":\"SHOPATOA Digital s.r.o.\",\"url\":\"https:\\\/\\\/shopatoa.com\\\/cz\\\/\",\"logo\":{\"@type\":\"ImageObject\",\"inLanguage\":\"cs\",\"@id\":\"https:\\\/\\\/shopatoa.com\\\/cz\\\/#\\\/schema\\\/logo\\\/image\\\/\",\"url\":\"https:\\\/\\\/storage.googleapis.com\\\/cz-shopatoa-img\\\/cz\\\/ebccf434-shopatoa_logo.png\",\"contentUrl\":\"https:\\\/\\\/storage.googleapis.com\\\/cz-shopatoa-img\\\/cz\\\/ebccf434-shopatoa_logo.png\",\"width\":416,\"height\":63,\"caption\":\"SHOPATOA Digital s.r.o.\"},\"image\":{\"@id\":\"https:\\\/\\\/shopatoa.com\\\/cz\\\/#\\\/schema\\\/logo\\\/image\\\/\"}}]}<\/script>\n<!-- \/ Yoast SEO plugin. -->","yoast_head_json":{"title":"P\u0159epravka Atlas Car 80 \u010dern\u00e1 - SHOPATOA.COM","robots":{"index":"index","follow":"follow","max-snippet":"max-snippet:-1","max-image-preview":"max-image-preview:large","max-video-preview":"max-video-preview:-1"},"canonical":"https:\/\/shopatoa.com\/cz\/prepravka-atlas-car-80-cerna\/","og_locale":"cs_CZ","og_type":"article","og_title":"P\u0159epravka Atlas Car 80 \u010dern\u00e1 - SHOPATOA.COM","og_description":"P\u0159epravka Atlas Car 80 je ur\u010dena pro bezpe\u010dn\u00e9 a komfortn\u00ed cestov\u00e1n\u00ed. Tvar p\u0159epravky je p\u0159izp\u016fsoben do kufru auta. P\u0159epravka je vybavena praktickou rukojet\u00ed pro snadnou manipulaci. Oboustrann\u011b posuvn\u00e1 dv\u00ed\u0159ka s\u00a0bezpe\u010dnostn\u00ed z\u00e1padkou. Hygienick\u00e1 plastov\u00e1 dren\u00e1\u017en\u00ed vlo\u017eka. Dv\u011b p\u0159ihr\u00e1dky na p\u0159edm\u011bty. Velikost 82 x 51 x 61 cm V\u00e1ha 7 kg","og_url":"https:\/\/shopatoa.com\/cz\/prepravka-atlas-car-80-cerna\/","og_site_name":"SHOPATOA","article_modified_time":"2025-04-25T20:24:12+00:00","og_image":[{"width":600,"height":600,"url":"https:\/\/storage.googleapis.com\/cz-shopatoa-img\/cz\/b9111448-1_55436.jpg","type":"image\/jpeg"}],"twitter_card":"summary_large_image","schema":{"@context":"https:\/\/schema.org","@graph":[{"@type":"WebPage","@id":"https:\/\/shopatoa.com\/cz\/prepravka-atlas-car-80-cerna\/","url":"https:\/\/shopatoa.com\/cz\/prepravka-atlas-car-80-cerna\/","name":"P\u0159epravka Atlas Car 80 \u010dern\u00e1 - SHOPATOA.COM","isPartOf":{"@id":"https:\/\/shopatoa.com\/cz\/#website"},"primaryImageOfPage":{"@id":"https:\/\/shopatoa.com\/cz\/prepravka-atlas-car-80-cerna\/#primaryimage"},"image":{"@id":"https:\/\/shopatoa.com\/cz\/prepravka-atlas-car-80-cerna\/#primaryimage"},"thumbnailUrl":"https:\/\/storage.googleapis.com\/cz-shopatoa-img\/cz\/b9111448-1_55436.jpg","datePublished":"2025-04-02T23:21:13+00:00","dateModified":"2025-04-25T20:24:12+00:00","breadcrumb":{"@id":"https:\/\/shopatoa.com\/cz\/prepravka-atlas-car-80-cerna\/#breadcrumb"},"inLanguage":"cs","potentialAction":[{"@type":"ReadAction","target":["https:\/\/shopatoa.com\/cz\/prepravka-atlas-car-80-cerna\/"]}]},{"@type":"ImageObject","inLanguage":"cs","@id":"https:\/\/shopatoa.com\/cz\/prepravka-atlas-car-80-cerna\/#primaryimage","url":"https:\/\/storage.googleapis.com\/cz-shopatoa-img\/cz\/b9111448-1_55436.jpg","contentUrl":"https:\/\/storage.googleapis.com\/cz-shopatoa-img\/cz\/b9111448-1_55436.jpg","width":600,"height":600},{"@type":"BreadcrumbList","@id":"https:\/\/shopatoa.com\/cz\/prepravka-atlas-car-80-cerna\/#breadcrumb","itemListElement":[{"@type":"ListItem","position":1,"name":"Dom\u016f","item":"https:\/\/shopatoa.com\/cz\/"},{"@type":"ListItem","position":2,"name":"Produkty","item":"https:\/\/shopatoa.com\/cz\/shop\/"},{"@type":"ListItem","position":3,"name":"Chovatelsk\u00e9 pot\u0159eby","item":"https:\/\/shopatoa.com\/cz\/chovatelske-potreby-2\/"},{"@type":"ListItem","position":4,"name":"Pro psy","item":"https:\/\/shopatoa.com\/cz\/pro-psy-chovatelske-potreby-2\/"},{"@type":"ListItem","position":5,"name":"Cestov\u00e1n\u00ed se psy","item":"https:\/\/shopatoa.com\/cz\/cestovani-se-psy\/"},{"@type":"ListItem","position":6,"name":"Ostatn\u00ed pot\u0159eby pro cestov\u00e1n\u00ed se psem","item":"https:\/\/shopatoa.com\/cz\/ostatni-potreby-pro-cestovani-se-psem\/"},{"@type":"ListItem","position":7,"name":"P\u0159epravka Atlas Car 80 \u010dern\u00e1"}]},{"@type":"WebSite","@id":"https:\/\/shopatoa.com\/cz\/#website","url":"https:\/\/shopatoa.com\/cz\/","name":"SHOPATOA","description":"","publisher":{"@id":"https:\/\/shopatoa.com\/cz\/#organization"},"potentialAction":[{"@type":"SearchAction","target":{"@type":"EntryPoint","urlTemplate":"https:\/\/shopatoa.com\/cz\/?s={search_term_string}"},"query-input":{"@type":"PropertyValueSpecification","valueRequired":true,"valueName":"search_term_string"}}],"inLanguage":"cs"},{"@type":"Organization","@id":"https:\/\/shopatoa.com\/cz\/#organization","name":"SHOPATOA Digital s.r.o.","url":"https:\/\/shopatoa.com\/cz\/","logo":{"@type":"ImageObject","inLanguage":"cs","@id":"https:\/\/shopatoa.com\/cz\/#\/schema\/logo\/image\/","url":"https:\/\/storage.googleapis.com\/cz-shopatoa-img\/cz\/ebccf434-shopatoa_logo.png","contentUrl":"https:\/\/storage.googleapis.com\/cz-shopatoa-img\/cz\/ebccf434-shopatoa_logo.png","width":416,"height":63,"caption":"SHOPATOA Digital s.r.o."},"image":{"@id":"https:\/\/shopatoa.com\/cz\/#\/schema\/logo\/image\/"}}]}},"_links":{"self":[{"href":"https:\/\/shopatoa.com\/cz\/wp-json\/wp\/v2\/product\/248112","targetHints":{"allow":["GET"]}}],"collection":[{"href":"https:\/\/shopatoa.com\/cz\/wp-json\/wp\/v2\/product"}],"about":[{"href":"https:\/\/shopatoa.com\/cz\/wp-json\/wp\/v2\/types\/product"}],"replies":[{"embeddable":true,"href":"https:\/\/shopatoa.com\/cz\/wp-json\/wp\/v2\/comments?post=248112"}],"wp:featuredmedia":[{"embeddable":true,"href":"https:\/\/shopatoa.com\/cz\/wp-json\/wp\/v2\/media\/248113"}],"wp:attachment":[{"href":"https:\/\/shopatoa.com\/cz\/wp-json\/wp\/v2\/media?parent=248112"}],"wp:term":[{"taxonomy":"product_brand","embeddable":true,"href":"https:\/\/shopatoa.com\/cz\/wp-json\/wp\/v2\/product_brand?post=248112"},{"taxonomy":"product_cat","embeddable":true,"href":"https:\/\/shopatoa.com\/cz\/wp-json\/wp\/v2\/product_cat?post=248112"},{"taxonomy":"product_tag","embeddable":true,"href":"https:\/\/shopatoa.com\/cz\/wp-json\/wp\/v2\/product_tag?post=248112"}],"curies":[{"name":"wp","href":"https:\/\/api.w.org\/{rel}","templated":true}]}}