{"id":248154,"date":"2025-04-03T01:31:30","date_gmt":"2025-04-02T23:31:30","guid":{"rendered":"https:\/\/shopatoa.com\/cz\/?post_type=product&#038;p=248154"},"modified":"2025-04-25T22:22:29","modified_gmt":"2025-04-25T20:22:29","slug":"postroj-non-stop-free-motion-10","status":"publish","type":"product","link":"https:\/\/shopatoa.com\/cz\/postroj-non-stop-free-motion-10\/","title":{"rendered":"Postroj Non-stop Free motion 10"},"content":{"rendered":"<p>Postroj, kter\u00fd byl u\u0161it ze zku\u0161enost\u00ed t\u011bch nejlep\u0161\u00edch z\u00e1vodn\u00edk\u016f, aby skv\u011ble padnul ka\u017ed\u00e9mu psovi.<\/p>\n<p>\tVoln\u00e9 d\u00fdchac\u00ed cesty<br \/>\n\tOptim\u00e1ln\u011b rozlo\u017een\u00fd tah<br \/>\n\tNastaviteln\u00e1 velikost \u2013 padne ka\u017ed\u00e9mu psovi.<\/p>\n<p>Speci\u00e1ln\u00ed konstrukce postroje Freemotion umo\u017en\u00ed psovi zv\u011bt\u0161it rozsah pohyb\u016f a z\u00edskat tak z ka\u017ed\u00e9ho kroku a z ka\u017ed\u00e9ho odrazu maximum. Postroj psovi netla\u010d\u00ed na d\u00fdchac\u00ed cesty a nav\u00edc umo\u017e\u0148uje nastaven\u00ed d\u00e9lky, \u0161\u00ed\u0159ky zad a hloubky hrudn\u00edku. Free motion padne ka\u017ed\u00e9mu psovi a\u00a0 respektuje p\u0159irozenost jeho pohybu.\u00a0To je d\u016fvod pro\u010d se v postroji Free motion na\u0161i \u010dty\u0159noz\u00ed kamar\u00e1di c\u00edt\u00ed tak dob\u0159e.<\/p>\n<p>Otvor pro hlavu: 69 cm<\/p>\n<p>Obvod krku: 56-62 cm<\/p>\n","protected":false},"excerpt":{"rendered":"<p>Postroj, kter\u00fd byl u\u0161it ze zku\u0161enost\u00ed t\u011bch nejlep\u0161\u00edch z\u00e1vodn\u00edk\u016f, aby skv\u011ble padnul ka\u017ed\u00e9mu psovi. Voln\u00e9 d\u00fdchac\u00ed cesty Optim\u00e1ln\u011b rozlo\u017een\u00fd tah Nastaviteln\u00e1 velikost \u2013 padne ka\u017ed\u00e9mu psovi. Speci\u00e1ln\u00ed konstrukce postroje Freemotion umo\u017en\u00ed psovi zv\u011bt\u0161it rozsah pohyb\u016f a z\u00edskat tak z ka\u017ed\u00e9ho kroku a z ka\u017ed\u00e9ho odrazu maximum. Postroj psovi netla\u010d\u00ed na d\u00fdchac\u00ed cesty a nav\u00edc umo\u017e\u0148uje&#8230;<\/p>\n","protected":false},"featured_media":248155,"comment_status":"closed","ping_status":"open","template":"","meta":{"_acf_changed":false,"_kadence_starter_templates_imported_post":false,"_kad_post_transparent":"","_kad_post_title":"","_kad_post_layout":"","_kad_post_sidebar_id":"","_kad_post_content_style":"","_kad_post_vertical_padding":"","_kad_post_feature":"","_kad_post_feature_position":"","_kad_post_header":false,"_kad_post_footer":false,"_kad_post_classname":""},"product_brand":[2734],"product_cat":[2729,2728,354,355],"product_tag":[],"class_list":{"0":"post-248154","1":"product","2":"type-product","3":"status-publish","4":"has-post-thumbnail","6":"product_brand-non-stop","7":"product_cat-behani","8":"product_cat-ostatni-sporty","9":"product_cat-sport-a-outdoor","10":"product_cat-sporty","11":"pa_obchod-superzoo-cz","13":"first","14":"instock","15":"product-type-external","16":"entry","17":"content-bg","18":"loop-entry"},"acf":[],"yoast_head":"<!-- This site is optimized with the Yoast SEO plugin v27.4 - https:\/\/yoast.com\/product\/yoast-seo-wordpress\/ -->\n<title>Postroj Non-stop Free motion 10 - SHOPATOA.COM<\/title>\n<meta name=\"robots\" content=\"index, follow, max-snippet:-1, max-image-preview:large, max-video-preview:-1\" \/>\n<link rel=\"canonical\" href=\"https:\/\/shopatoa.com\/cz\/postroj-non-stop-free-motion-10\/\" \/>\n<meta property=\"og:locale\" content=\"cs_CZ\" \/>\n<meta property=\"og:type\" content=\"article\" \/>\n<meta property=\"og:title\" content=\"Postroj Non-stop Free motion 10 - SHOPATOA.COM\" \/>\n<meta property=\"og:description\" content=\"Postroj, kter\u00fd byl u\u0161it ze zku\u0161enost\u00ed t\u011bch nejlep\u0161\u00edch z\u00e1vodn\u00edk\u016f, aby skv\u011ble padnul ka\u017ed\u00e9mu psovi. Voln\u00e9 d\u00fdchac\u00ed cesty Optim\u00e1ln\u011b rozlo\u017een\u00fd tah Nastaviteln\u00e1 velikost \u2013 padne ka\u017ed\u00e9mu psovi. Speci\u00e1ln\u00ed konstrukce postroje Freemotion umo\u017en\u00ed psovi zv\u011bt\u0161it rozsah pohyb\u016f a z\u00edskat tak z ka\u017ed\u00e9ho kroku a z ka\u017ed\u00e9ho odrazu maximum. Postroj psovi netla\u010d\u00ed na d\u00fdchac\u00ed cesty a nav\u00edc umo\u017e\u0148uje...\" \/>\n<meta property=\"og:url\" content=\"https:\/\/shopatoa.com\/cz\/postroj-non-stop-free-motion-10\/\" \/>\n<meta property=\"og:site_name\" content=\"SHOPATOA\" \/>\n<meta property=\"article:modified_time\" content=\"2025-04-25T20:22:29+00:00\" \/>\n<meta property=\"og:image\" content=\"https:\/\/storage.googleapis.com\/cz-shopatoa-img\/cz\/f35dc733-1_56246.jpg\" \/>\n\t<meta property=\"og:image:width\" content=\"600\" \/>\n\t<meta property=\"og:image:height\" content=\"600\" \/>\n\t<meta property=\"og:image:type\" content=\"image\/jpeg\" \/>\n<meta name=\"twitter:card\" content=\"summary_large_image\" \/>\n<meta name=\"twitter:label1\" content=\"Odhadovan\u00e1 doba \u010dten\u00ed\" \/>\n\t<meta name=\"twitter:data1\" content=\"1 minuta\" \/>\n<script type=\"application\/ld+json\" class=\"yoast-schema-graph\">{\"@context\":\"https:\\\/\\\/schema.org\",\"@graph\":[{\"@type\":\"WebPage\",\"@id\":\"https:\\\/\\\/shopatoa.com\\\/cz\\\/postroj-non-stop-free-motion-10\\\/\",\"url\":\"https:\\\/\\\/shopatoa.com\\\/cz\\\/postroj-non-stop-free-motion-10\\\/\",\"name\":\"Postroj Non-stop Free motion 10 - SHOPATOA.COM\",\"isPartOf\":{\"@id\":\"https:\\\/\\\/shopatoa.com\\\/cz\\\/#website\"},\"primaryImageOfPage\":{\"@id\":\"https:\\\/\\\/shopatoa.com\\\/cz\\\/postroj-non-stop-free-motion-10\\\/#primaryimage\"},\"image\":{\"@id\":\"https:\\\/\\\/shopatoa.com\\\/cz\\\/postroj-non-stop-free-motion-10\\\/#primaryimage\"},\"thumbnailUrl\":\"https:\\\/\\\/storage.googleapis.com\\\/cz-shopatoa-img\\\/cz\\\/f35dc733-1_56246.jpg\",\"datePublished\":\"2025-04-02T23:31:30+00:00\",\"dateModified\":\"2025-04-25T20:22:29+00:00\",\"breadcrumb\":{\"@id\":\"https:\\\/\\\/shopatoa.com\\\/cz\\\/postroj-non-stop-free-motion-10\\\/#breadcrumb\"},\"inLanguage\":\"cs\",\"potentialAction\":[{\"@type\":\"ReadAction\",\"target\":[\"https:\\\/\\\/shopatoa.com\\\/cz\\\/postroj-non-stop-free-motion-10\\\/\"]}]},{\"@type\":\"ImageObject\",\"inLanguage\":\"cs\",\"@id\":\"https:\\\/\\\/shopatoa.com\\\/cz\\\/postroj-non-stop-free-motion-10\\\/#primaryimage\",\"url\":\"https:\\\/\\\/storage.googleapis.com\\\/cz-shopatoa-img\\\/cz\\\/f35dc733-1_56246.jpg\",\"contentUrl\":\"https:\\\/\\\/storage.googleapis.com\\\/cz-shopatoa-img\\\/cz\\\/f35dc733-1_56246.jpg\",\"width\":600,\"height\":600},{\"@type\":\"BreadcrumbList\",\"@id\":\"https:\\\/\\\/shopatoa.com\\\/cz\\\/postroj-non-stop-free-motion-10\\\/#breadcrumb\",\"itemListElement\":[{\"@type\":\"ListItem\",\"position\":1,\"name\":\"Dom\u016f\",\"item\":\"https:\\\/\\\/shopatoa.com\\\/cz\\\/\"},{\"@type\":\"ListItem\",\"position\":2,\"name\":\"Produkty\",\"item\":\"https:\\\/\\\/shopatoa.com\\\/cz\\\/shop\\\/\"},{\"@type\":\"ListItem\",\"position\":3,\"name\":\"Sport a outdoor\",\"item\":\"https:\\\/\\\/shopatoa.com\\\/cz\\\/sport-a-outdoor\\\/\"},{\"@type\":\"ListItem\",\"position\":4,\"name\":\"Sporty\",\"item\":\"https:\\\/\\\/shopatoa.com\\\/cz\\\/sporty\\\/\"},{\"@type\":\"ListItem\",\"position\":5,\"name\":\"Ostatn\u00ed sporty\",\"item\":\"https:\\\/\\\/shopatoa.com\\\/cz\\\/ostatni-sporty\\\/\"},{\"@type\":\"ListItem\",\"position\":6,\"name\":\"B\u011bh\u00e1n\u00ed\",\"item\":\"https:\\\/\\\/shopatoa.com\\\/cz\\\/behani\\\/\"},{\"@type\":\"ListItem\",\"position\":7,\"name\":\"Postroj Non-stop Free motion 10\"}]},{\"@type\":\"WebSite\",\"@id\":\"https:\\\/\\\/shopatoa.com\\\/cz\\\/#website\",\"url\":\"https:\\\/\\\/shopatoa.com\\\/cz\\\/\",\"name\":\"SHOPATOA\",\"description\":\"\",\"publisher\":{\"@id\":\"https:\\\/\\\/shopatoa.com\\\/cz\\\/#organization\"},\"potentialAction\":[{\"@type\":\"SearchAction\",\"target\":{\"@type\":\"EntryPoint\",\"urlTemplate\":\"https:\\\/\\\/shopatoa.com\\\/cz\\\/?s={search_term_string}\"},\"query-input\":{\"@type\":\"PropertyValueSpecification\",\"valueRequired\":true,\"valueName\":\"search_term_string\"}}],\"inLanguage\":\"cs\"},{\"@type\":\"Organization\",\"@id\":\"https:\\\/\\\/shopatoa.com\\\/cz\\\/#organization\",\"name\":\"SHOPATOA Digital s.r.o.\",\"url\":\"https:\\\/\\\/shopatoa.com\\\/cz\\\/\",\"logo\":{\"@type\":\"ImageObject\",\"inLanguage\":\"cs\",\"@id\":\"https:\\\/\\\/shopatoa.com\\\/cz\\\/#\\\/schema\\\/logo\\\/image\\\/\",\"url\":\"https:\\\/\\\/storage.googleapis.com\\\/cz-shopatoa-img\\\/cz\\\/ebccf434-shopatoa_logo.png\",\"contentUrl\":\"https:\\\/\\\/storage.googleapis.com\\\/cz-shopatoa-img\\\/cz\\\/ebccf434-shopatoa_logo.png\",\"width\":416,\"height\":63,\"caption\":\"SHOPATOA Digital s.r.o.\"},\"image\":{\"@id\":\"https:\\\/\\\/shopatoa.com\\\/cz\\\/#\\\/schema\\\/logo\\\/image\\\/\"}}]}<\/script>\n<!-- \/ Yoast SEO plugin. -->","yoast_head_json":{"title":"Postroj Non-stop Free motion 10 - SHOPATOA.COM","robots":{"index":"index","follow":"follow","max-snippet":"max-snippet:-1","max-image-preview":"max-image-preview:large","max-video-preview":"max-video-preview:-1"},"canonical":"https:\/\/shopatoa.com\/cz\/postroj-non-stop-free-motion-10\/","og_locale":"cs_CZ","og_type":"article","og_title":"Postroj Non-stop Free motion 10 - SHOPATOA.COM","og_description":"Postroj, kter\u00fd byl u\u0161it ze zku\u0161enost\u00ed t\u011bch nejlep\u0161\u00edch z\u00e1vodn\u00edk\u016f, aby skv\u011ble padnul ka\u017ed\u00e9mu psovi. Voln\u00e9 d\u00fdchac\u00ed cesty Optim\u00e1ln\u011b rozlo\u017een\u00fd tah Nastaviteln\u00e1 velikost \u2013 padne ka\u017ed\u00e9mu psovi. Speci\u00e1ln\u00ed konstrukce postroje Freemotion umo\u017en\u00ed psovi zv\u011bt\u0161it rozsah pohyb\u016f a z\u00edskat tak z ka\u017ed\u00e9ho kroku a z ka\u017ed\u00e9ho odrazu maximum. Postroj psovi netla\u010d\u00ed na d\u00fdchac\u00ed cesty a nav\u00edc umo\u017e\u0148uje...","og_url":"https:\/\/shopatoa.com\/cz\/postroj-non-stop-free-motion-10\/","og_site_name":"SHOPATOA","article_modified_time":"2025-04-25T20:22:29+00:00","og_image":[{"width":600,"height":600,"url":"https:\/\/storage.googleapis.com\/cz-shopatoa-img\/cz\/f35dc733-1_56246.jpg","type":"image\/jpeg"}],"twitter_card":"summary_large_image","twitter_misc":{"Odhadovan\u00e1 doba \u010dten\u00ed":"1 minuta"},"schema":{"@context":"https:\/\/schema.org","@graph":[{"@type":"WebPage","@id":"https:\/\/shopatoa.com\/cz\/postroj-non-stop-free-motion-10\/","url":"https:\/\/shopatoa.com\/cz\/postroj-non-stop-free-motion-10\/","name":"Postroj Non-stop Free motion 10 - SHOPATOA.COM","isPartOf":{"@id":"https:\/\/shopatoa.com\/cz\/#website"},"primaryImageOfPage":{"@id":"https:\/\/shopatoa.com\/cz\/postroj-non-stop-free-motion-10\/#primaryimage"},"image":{"@id":"https:\/\/shopatoa.com\/cz\/postroj-non-stop-free-motion-10\/#primaryimage"},"thumbnailUrl":"https:\/\/storage.googleapis.com\/cz-shopatoa-img\/cz\/f35dc733-1_56246.jpg","datePublished":"2025-04-02T23:31:30+00:00","dateModified":"2025-04-25T20:22:29+00:00","breadcrumb":{"@id":"https:\/\/shopatoa.com\/cz\/postroj-non-stop-free-motion-10\/#breadcrumb"},"inLanguage":"cs","potentialAction":[{"@type":"ReadAction","target":["https:\/\/shopatoa.com\/cz\/postroj-non-stop-free-motion-10\/"]}]},{"@type":"ImageObject","inLanguage":"cs","@id":"https:\/\/shopatoa.com\/cz\/postroj-non-stop-free-motion-10\/#primaryimage","url":"https:\/\/storage.googleapis.com\/cz-shopatoa-img\/cz\/f35dc733-1_56246.jpg","contentUrl":"https:\/\/storage.googleapis.com\/cz-shopatoa-img\/cz\/f35dc733-1_56246.jpg","width":600,"height":600},{"@type":"BreadcrumbList","@id":"https:\/\/shopatoa.com\/cz\/postroj-non-stop-free-motion-10\/#breadcrumb","itemListElement":[{"@type":"ListItem","position":1,"name":"Dom\u016f","item":"https:\/\/shopatoa.com\/cz\/"},{"@type":"ListItem","position":2,"name":"Produkty","item":"https:\/\/shopatoa.com\/cz\/shop\/"},{"@type":"ListItem","position":3,"name":"Sport a outdoor","item":"https:\/\/shopatoa.com\/cz\/sport-a-outdoor\/"},{"@type":"ListItem","position":4,"name":"Sporty","item":"https:\/\/shopatoa.com\/cz\/sporty\/"},{"@type":"ListItem","position":5,"name":"Ostatn\u00ed sporty","item":"https:\/\/shopatoa.com\/cz\/ostatni-sporty\/"},{"@type":"ListItem","position":6,"name":"B\u011bh\u00e1n\u00ed","item":"https:\/\/shopatoa.com\/cz\/behani\/"},{"@type":"ListItem","position":7,"name":"Postroj Non-stop Free motion 10"}]},{"@type":"WebSite","@id":"https:\/\/shopatoa.com\/cz\/#website","url":"https:\/\/shopatoa.com\/cz\/","name":"SHOPATOA","description":"","publisher":{"@id":"https:\/\/shopatoa.com\/cz\/#organization"},"potentialAction":[{"@type":"SearchAction","target":{"@type":"EntryPoint","urlTemplate":"https:\/\/shopatoa.com\/cz\/?s={search_term_string}"},"query-input":{"@type":"PropertyValueSpecification","valueRequired":true,"valueName":"search_term_string"}}],"inLanguage":"cs"},{"@type":"Organization","@id":"https:\/\/shopatoa.com\/cz\/#organization","name":"SHOPATOA Digital s.r.o.","url":"https:\/\/shopatoa.com\/cz\/","logo":{"@type":"ImageObject","inLanguage":"cs","@id":"https:\/\/shopatoa.com\/cz\/#\/schema\/logo\/image\/","url":"https:\/\/storage.googleapis.com\/cz-shopatoa-img\/cz\/ebccf434-shopatoa_logo.png","contentUrl":"https:\/\/storage.googleapis.com\/cz-shopatoa-img\/cz\/ebccf434-shopatoa_logo.png","width":416,"height":63,"caption":"SHOPATOA Digital s.r.o."},"image":{"@id":"https:\/\/shopatoa.com\/cz\/#\/schema\/logo\/image\/"}}]}},"_links":{"self":[{"href":"https:\/\/shopatoa.com\/cz\/wp-json\/wp\/v2\/product\/248154","targetHints":{"allow":["GET"]}}],"collection":[{"href":"https:\/\/shopatoa.com\/cz\/wp-json\/wp\/v2\/product"}],"about":[{"href":"https:\/\/shopatoa.com\/cz\/wp-json\/wp\/v2\/types\/product"}],"replies":[{"embeddable":true,"href":"https:\/\/shopatoa.com\/cz\/wp-json\/wp\/v2\/comments?post=248154"}],"wp:featuredmedia":[{"embeddable":true,"href":"https:\/\/shopatoa.com\/cz\/wp-json\/wp\/v2\/media\/248155"}],"wp:attachment":[{"href":"https:\/\/shopatoa.com\/cz\/wp-json\/wp\/v2\/media?parent=248154"}],"wp:term":[{"taxonomy":"product_brand","embeddable":true,"href":"https:\/\/shopatoa.com\/cz\/wp-json\/wp\/v2\/product_brand?post=248154"},{"taxonomy":"product_cat","embeddable":true,"href":"https:\/\/shopatoa.com\/cz\/wp-json\/wp\/v2\/product_cat?post=248154"},{"taxonomy":"product_tag","embeddable":true,"href":"https:\/\/shopatoa.com\/cz\/wp-json\/wp\/v2\/product_tag?post=248154"}],"curies":[{"name":"wp","href":"https:\/\/api.w.org\/{rel}","templated":true}]}}