{"id":248158,"date":"2025-04-03T01:31:48","date_gmt":"2025-04-02T23:31:48","guid":{"rendered":"https:\/\/shopatoa.com\/cz\/?post_type=product&#038;p=248158"},"modified":"2026-02-04T01:51:12","modified_gmt":"2026-02-04T00:51:12","slug":"postroj-non-stop-free-motion-8","status":"publish","type":"product","link":"https:\/\/shopatoa.com\/cz\/postroj-non-stop-free-motion-8\/","title":{"rendered":"Postroj Non-stop Free motion 8"},"content":{"rendered":"<p>Postroj, kter\u00fd byl u\u0161it ze zku\u0161enost\u00ed t\u011bch nejlep\u0161\u00edch z\u00e1vodn\u00edk\u016f, aby skv\u011ble padnul ka\u017ed\u00e9mu psovi.<\/p>\n<p>\tVoln\u00e9 d\u00fdchac\u00ed cesty<br \/>\n\tOptim\u00e1ln\u011b rozlo\u017een\u00fd tah<br \/>\n\tNastaviteln\u00e1 velikost \u2013 padne ka\u017ed\u00e9mu psovi.<\/p>\n<p>Speci\u00e1ln\u00ed konstrukce postroje Freemotion\u00a0umo\u017en\u00ed psovi zv\u011bt\u0161it rozsah pohyb\u016f a z\u00edskat tak z ka\u017ed\u00e9ho kroku a z ka\u017ed\u00e9ho odrazu maximum. Postroj psovi netla\u010d\u00ed na d\u00fdchac\u00ed cesty a nav\u00edc umo\u017e\u0148uje nastaven\u00ed d\u00e9lky, \u0161\u00ed\u0159ky zad a hloubky hrudn\u00edku. Free motion padne ka\u017ed\u00e9mu psovi a\u00a0\u00a0respektuje p\u0159irozenost jeho pohybu.\u00a0To je d\u016fvod pro\u010d se v postroji Free motion na\u0161i \u010dty\u0159noz\u00ed kamar\u00e1di c\u00edt\u00ed tak dob\u0159e.<\/p>\n<p>Otvor pro hlavu: 56 cm<\/p>\n<p>Obvod krku: 48 &#8211; 52 cm<\/p>\n","protected":false},"excerpt":{"rendered":"<p>Postroj, kter\u00fd byl u\u0161it ze zku\u0161enost\u00ed t\u011bch nejlep\u0161\u00edch z\u00e1vodn\u00edk\u016f, aby skv\u011ble padnul ka\u017ed\u00e9mu psovi. Voln\u00e9 d\u00fdchac\u00ed cesty Optim\u00e1ln\u011b rozlo\u017een\u00fd tah Nastaviteln\u00e1 velikost \u2013 padne ka\u017ed\u00e9mu psovi. Speci\u00e1ln\u00ed konstrukce postroje Freemotion\u00a0umo\u017en\u00ed psovi zv\u011bt\u0161it rozsah pohyb\u016f a z\u00edskat tak z ka\u017ed\u00e9ho kroku a z ka\u017ed\u00e9ho odrazu maximum. Postroj psovi netla\u010d\u00ed na d\u00fdchac\u00ed cesty a nav\u00edc umo\u017e\u0148uje nastaven\u00ed&#8230;<\/p>\n","protected":false},"featured_media":248159,"comment_status":"closed","ping_status":"open","template":"","meta":{"_acf_changed":false,"_kadence_starter_templates_imported_post":false,"_kad_post_transparent":"","_kad_post_title":"","_kad_post_layout":"","_kad_post_sidebar_id":"","_kad_post_content_style":"","_kad_post_vertical_padding":"","_kad_post_feature":"","_kad_post_feature_position":"","_kad_post_header":false,"_kad_post_footer":false,"_kad_post_classname":""},"product_brand":[2734],"product_cat":[436,739,2546],"product_tag":[],"class_list":{"0":"post-248158","1":"product","2":"type-product","3":"status-publish","4":"has-post-thumbnail","6":"product_brand-non-stop","7":"product_cat-chovatelske-potreby-2","8":"product_cat-pro-psy-chovatelske-potreby-2","9":"product_cat-vycvik-a-psi-sporty","10":"pa_obchod-superzoo-cz","12":"first","13":"instock","14":"product-type-external","15":"entry","16":"content-bg","17":"loop-entry"},"acf":[],"yoast_head":"<!-- This site is optimized with the Yoast SEO plugin v27.4 - https:\/\/yoast.com\/product\/yoast-seo-wordpress\/ -->\n<title>Postroj Non-stop Free motion 8 - SHOPATOA.COM<\/title>\n<meta name=\"robots\" content=\"index, follow, max-snippet:-1, max-image-preview:large, max-video-preview:-1\" \/>\n<link rel=\"canonical\" href=\"https:\/\/shopatoa.com\/cz\/postroj-non-stop-free-motion-8\/\" \/>\n<meta property=\"og:locale\" content=\"cs_CZ\" \/>\n<meta property=\"og:type\" content=\"article\" \/>\n<meta property=\"og:title\" content=\"Postroj Non-stop Free motion 8 - SHOPATOA.COM\" \/>\n<meta property=\"og:description\" content=\"Postroj, kter\u00fd byl u\u0161it ze zku\u0161enost\u00ed t\u011bch nejlep\u0161\u00edch z\u00e1vodn\u00edk\u016f, aby skv\u011ble padnul ka\u017ed\u00e9mu psovi. Voln\u00e9 d\u00fdchac\u00ed cesty Optim\u00e1ln\u011b rozlo\u017een\u00fd tah Nastaviteln\u00e1 velikost \u2013 padne ka\u017ed\u00e9mu psovi. Speci\u00e1ln\u00ed konstrukce postroje Freemotion\u00a0umo\u017en\u00ed psovi zv\u011bt\u0161it rozsah pohyb\u016f a z\u00edskat tak z ka\u017ed\u00e9ho kroku a z ka\u017ed\u00e9ho odrazu maximum. Postroj psovi netla\u010d\u00ed na d\u00fdchac\u00ed cesty a nav\u00edc umo\u017e\u0148uje nastaven\u00ed...\" \/>\n<meta property=\"og:url\" content=\"https:\/\/shopatoa.com\/cz\/postroj-non-stop-free-motion-8\/\" \/>\n<meta property=\"og:site_name\" content=\"SHOPATOA\" \/>\n<meta property=\"article:modified_time\" content=\"2026-02-04T00:51:12+00:00\" \/>\n<meta property=\"og:image\" content=\"https:\/\/storage.googleapis.com\/cz-shopatoa-img\/cz\/1d320610-1_56270.jpg\" \/>\n\t<meta property=\"og:image:width\" content=\"600\" \/>\n\t<meta property=\"og:image:height\" content=\"600\" \/>\n\t<meta property=\"og:image:type\" content=\"image\/jpeg\" \/>\n<meta name=\"twitter:card\" content=\"summary_large_image\" \/>\n<meta name=\"twitter:label1\" content=\"Odhadovan\u00e1 doba \u010dten\u00ed\" \/>\n\t<meta name=\"twitter:data1\" content=\"1 minuta\" \/>\n<script type=\"application\/ld+json\" class=\"yoast-schema-graph\">{\"@context\":\"https:\\\/\\\/schema.org\",\"@graph\":[{\"@type\":\"WebPage\",\"@id\":\"https:\\\/\\\/shopatoa.com\\\/cz\\\/postroj-non-stop-free-motion-8\\\/\",\"url\":\"https:\\\/\\\/shopatoa.com\\\/cz\\\/postroj-non-stop-free-motion-8\\\/\",\"name\":\"Postroj Non-stop Free motion 8 - SHOPATOA.COM\",\"isPartOf\":{\"@id\":\"https:\\\/\\\/shopatoa.com\\\/cz\\\/#website\"},\"primaryImageOfPage\":{\"@id\":\"https:\\\/\\\/shopatoa.com\\\/cz\\\/postroj-non-stop-free-motion-8\\\/#primaryimage\"},\"image\":{\"@id\":\"https:\\\/\\\/shopatoa.com\\\/cz\\\/postroj-non-stop-free-motion-8\\\/#primaryimage\"},\"thumbnailUrl\":\"https:\\\/\\\/storage.googleapis.com\\\/cz-shopatoa-img\\\/cz\\\/1d320610-1_56270.jpg\",\"datePublished\":\"2025-04-02T23:31:48+00:00\",\"dateModified\":\"2026-02-04T00:51:12+00:00\",\"breadcrumb\":{\"@id\":\"https:\\\/\\\/shopatoa.com\\\/cz\\\/postroj-non-stop-free-motion-8\\\/#breadcrumb\"},\"inLanguage\":\"cs\",\"potentialAction\":[{\"@type\":\"ReadAction\",\"target\":[\"https:\\\/\\\/shopatoa.com\\\/cz\\\/postroj-non-stop-free-motion-8\\\/\"]}]},{\"@type\":\"ImageObject\",\"inLanguage\":\"cs\",\"@id\":\"https:\\\/\\\/shopatoa.com\\\/cz\\\/postroj-non-stop-free-motion-8\\\/#primaryimage\",\"url\":\"https:\\\/\\\/storage.googleapis.com\\\/cz-shopatoa-img\\\/cz\\\/1d320610-1_56270.jpg\",\"contentUrl\":\"https:\\\/\\\/storage.googleapis.com\\\/cz-shopatoa-img\\\/cz\\\/1d320610-1_56270.jpg\",\"width\":600,\"height\":600},{\"@type\":\"BreadcrumbList\",\"@id\":\"https:\\\/\\\/shopatoa.com\\\/cz\\\/postroj-non-stop-free-motion-8\\\/#breadcrumb\",\"itemListElement\":[{\"@type\":\"ListItem\",\"position\":1,\"name\":\"Dom\u016f\",\"item\":\"https:\\\/\\\/shopatoa.com\\\/cz\\\/\"},{\"@type\":\"ListItem\",\"position\":2,\"name\":\"Produkty\",\"item\":\"https:\\\/\\\/shopatoa.com\\\/cz\\\/shop\\\/\"},{\"@type\":\"ListItem\",\"position\":3,\"name\":\"Chovatelsk\u00e9 pot\u0159eby\",\"item\":\"https:\\\/\\\/shopatoa.com\\\/cz\\\/chovatelske-potreby-2\\\/\"},{\"@type\":\"ListItem\",\"position\":4,\"name\":\"Pro psy\",\"item\":\"https:\\\/\\\/shopatoa.com\\\/cz\\\/pro-psy-chovatelske-potreby-2\\\/\"},{\"@type\":\"ListItem\",\"position\":5,\"name\":\"V\u00fdcvik a ps\u00ed sporty\",\"item\":\"https:\\\/\\\/shopatoa.com\\\/cz\\\/vycvik-a-psi-sporty\\\/\"},{\"@type\":\"ListItem\",\"position\":6,\"name\":\"Postroj Non-stop Free motion 8\"}]},{\"@type\":\"WebSite\",\"@id\":\"https:\\\/\\\/shopatoa.com\\\/cz\\\/#website\",\"url\":\"https:\\\/\\\/shopatoa.com\\\/cz\\\/\",\"name\":\"SHOPATOA\",\"description\":\"\",\"publisher\":{\"@id\":\"https:\\\/\\\/shopatoa.com\\\/cz\\\/#organization\"},\"potentialAction\":[{\"@type\":\"SearchAction\",\"target\":{\"@type\":\"EntryPoint\",\"urlTemplate\":\"https:\\\/\\\/shopatoa.com\\\/cz\\\/?s={search_term_string}\"},\"query-input\":{\"@type\":\"PropertyValueSpecification\",\"valueRequired\":true,\"valueName\":\"search_term_string\"}}],\"inLanguage\":\"cs\"},{\"@type\":\"Organization\",\"@id\":\"https:\\\/\\\/shopatoa.com\\\/cz\\\/#organization\",\"name\":\"SHOPATOA Digital s.r.o.\",\"url\":\"https:\\\/\\\/shopatoa.com\\\/cz\\\/\",\"logo\":{\"@type\":\"ImageObject\",\"inLanguage\":\"cs\",\"@id\":\"https:\\\/\\\/shopatoa.com\\\/cz\\\/#\\\/schema\\\/logo\\\/image\\\/\",\"url\":\"https:\\\/\\\/storage.googleapis.com\\\/cz-shopatoa-img\\\/cz\\\/ebccf434-shopatoa_logo.png\",\"contentUrl\":\"https:\\\/\\\/storage.googleapis.com\\\/cz-shopatoa-img\\\/cz\\\/ebccf434-shopatoa_logo.png\",\"width\":416,\"height\":63,\"caption\":\"SHOPATOA Digital s.r.o.\"},\"image\":{\"@id\":\"https:\\\/\\\/shopatoa.com\\\/cz\\\/#\\\/schema\\\/logo\\\/image\\\/\"}}]}<\/script>\n<!-- \/ Yoast SEO plugin. -->","yoast_head_json":{"title":"Postroj Non-stop Free motion 8 - SHOPATOA.COM","robots":{"index":"index","follow":"follow","max-snippet":"max-snippet:-1","max-image-preview":"max-image-preview:large","max-video-preview":"max-video-preview:-1"},"canonical":"https:\/\/shopatoa.com\/cz\/postroj-non-stop-free-motion-8\/","og_locale":"cs_CZ","og_type":"article","og_title":"Postroj Non-stop Free motion 8 - SHOPATOA.COM","og_description":"Postroj, kter\u00fd byl u\u0161it ze zku\u0161enost\u00ed t\u011bch nejlep\u0161\u00edch z\u00e1vodn\u00edk\u016f, aby skv\u011ble padnul ka\u017ed\u00e9mu psovi. Voln\u00e9 d\u00fdchac\u00ed cesty Optim\u00e1ln\u011b rozlo\u017een\u00fd tah Nastaviteln\u00e1 velikost \u2013 padne ka\u017ed\u00e9mu psovi. Speci\u00e1ln\u00ed konstrukce postroje Freemotion\u00a0umo\u017en\u00ed psovi zv\u011bt\u0161it rozsah pohyb\u016f a z\u00edskat tak z ka\u017ed\u00e9ho kroku a z ka\u017ed\u00e9ho odrazu maximum. Postroj psovi netla\u010d\u00ed na d\u00fdchac\u00ed cesty a nav\u00edc umo\u017e\u0148uje nastaven\u00ed...","og_url":"https:\/\/shopatoa.com\/cz\/postroj-non-stop-free-motion-8\/","og_site_name":"SHOPATOA","article_modified_time":"2026-02-04T00:51:12+00:00","og_image":[{"width":600,"height":600,"url":"https:\/\/storage.googleapis.com\/cz-shopatoa-img\/cz\/1d320610-1_56270.jpg","type":"image\/jpeg"}],"twitter_card":"summary_large_image","twitter_misc":{"Odhadovan\u00e1 doba \u010dten\u00ed":"1 minuta"},"schema":{"@context":"https:\/\/schema.org","@graph":[{"@type":"WebPage","@id":"https:\/\/shopatoa.com\/cz\/postroj-non-stop-free-motion-8\/","url":"https:\/\/shopatoa.com\/cz\/postroj-non-stop-free-motion-8\/","name":"Postroj Non-stop Free motion 8 - SHOPATOA.COM","isPartOf":{"@id":"https:\/\/shopatoa.com\/cz\/#website"},"primaryImageOfPage":{"@id":"https:\/\/shopatoa.com\/cz\/postroj-non-stop-free-motion-8\/#primaryimage"},"image":{"@id":"https:\/\/shopatoa.com\/cz\/postroj-non-stop-free-motion-8\/#primaryimage"},"thumbnailUrl":"https:\/\/storage.googleapis.com\/cz-shopatoa-img\/cz\/1d320610-1_56270.jpg","datePublished":"2025-04-02T23:31:48+00:00","dateModified":"2026-02-04T00:51:12+00:00","breadcrumb":{"@id":"https:\/\/shopatoa.com\/cz\/postroj-non-stop-free-motion-8\/#breadcrumb"},"inLanguage":"cs","potentialAction":[{"@type":"ReadAction","target":["https:\/\/shopatoa.com\/cz\/postroj-non-stop-free-motion-8\/"]}]},{"@type":"ImageObject","inLanguage":"cs","@id":"https:\/\/shopatoa.com\/cz\/postroj-non-stop-free-motion-8\/#primaryimage","url":"https:\/\/storage.googleapis.com\/cz-shopatoa-img\/cz\/1d320610-1_56270.jpg","contentUrl":"https:\/\/storage.googleapis.com\/cz-shopatoa-img\/cz\/1d320610-1_56270.jpg","width":600,"height":600},{"@type":"BreadcrumbList","@id":"https:\/\/shopatoa.com\/cz\/postroj-non-stop-free-motion-8\/#breadcrumb","itemListElement":[{"@type":"ListItem","position":1,"name":"Dom\u016f","item":"https:\/\/shopatoa.com\/cz\/"},{"@type":"ListItem","position":2,"name":"Produkty","item":"https:\/\/shopatoa.com\/cz\/shop\/"},{"@type":"ListItem","position":3,"name":"Chovatelsk\u00e9 pot\u0159eby","item":"https:\/\/shopatoa.com\/cz\/chovatelske-potreby-2\/"},{"@type":"ListItem","position":4,"name":"Pro psy","item":"https:\/\/shopatoa.com\/cz\/pro-psy-chovatelske-potreby-2\/"},{"@type":"ListItem","position":5,"name":"V\u00fdcvik a ps\u00ed sporty","item":"https:\/\/shopatoa.com\/cz\/vycvik-a-psi-sporty\/"},{"@type":"ListItem","position":6,"name":"Postroj Non-stop Free motion 8"}]},{"@type":"WebSite","@id":"https:\/\/shopatoa.com\/cz\/#website","url":"https:\/\/shopatoa.com\/cz\/","name":"SHOPATOA","description":"","publisher":{"@id":"https:\/\/shopatoa.com\/cz\/#organization"},"potentialAction":[{"@type":"SearchAction","target":{"@type":"EntryPoint","urlTemplate":"https:\/\/shopatoa.com\/cz\/?s={search_term_string}"},"query-input":{"@type":"PropertyValueSpecification","valueRequired":true,"valueName":"search_term_string"}}],"inLanguage":"cs"},{"@type":"Organization","@id":"https:\/\/shopatoa.com\/cz\/#organization","name":"SHOPATOA Digital s.r.o.","url":"https:\/\/shopatoa.com\/cz\/","logo":{"@type":"ImageObject","inLanguage":"cs","@id":"https:\/\/shopatoa.com\/cz\/#\/schema\/logo\/image\/","url":"https:\/\/storage.googleapis.com\/cz-shopatoa-img\/cz\/ebccf434-shopatoa_logo.png","contentUrl":"https:\/\/storage.googleapis.com\/cz-shopatoa-img\/cz\/ebccf434-shopatoa_logo.png","width":416,"height":63,"caption":"SHOPATOA Digital s.r.o."},"image":{"@id":"https:\/\/shopatoa.com\/cz\/#\/schema\/logo\/image\/"}}]}},"_links":{"self":[{"href":"https:\/\/shopatoa.com\/cz\/wp-json\/wp\/v2\/product\/248158","targetHints":{"allow":["GET"]}}],"collection":[{"href":"https:\/\/shopatoa.com\/cz\/wp-json\/wp\/v2\/product"}],"about":[{"href":"https:\/\/shopatoa.com\/cz\/wp-json\/wp\/v2\/types\/product"}],"replies":[{"embeddable":true,"href":"https:\/\/shopatoa.com\/cz\/wp-json\/wp\/v2\/comments?post=248158"}],"wp:featuredmedia":[{"embeddable":true,"href":"https:\/\/shopatoa.com\/cz\/wp-json\/wp\/v2\/media\/248159"}],"wp:attachment":[{"href":"https:\/\/shopatoa.com\/cz\/wp-json\/wp\/v2\/media?parent=248158"}],"wp:term":[{"taxonomy":"product_brand","embeddable":true,"href":"https:\/\/shopatoa.com\/cz\/wp-json\/wp\/v2\/product_brand?post=248158"},{"taxonomy":"product_cat","embeddable":true,"href":"https:\/\/shopatoa.com\/cz\/wp-json\/wp\/v2\/product_cat?post=248158"},{"taxonomy":"product_tag","embeddable":true,"href":"https:\/\/shopatoa.com\/cz\/wp-json\/wp\/v2\/product_tag?post=248158"}],"curies":[{"name":"wp","href":"https:\/\/api.w.org\/{rel}","templated":true}]}}