{"id":248170,"date":"2025-04-03T01:35:40","date_gmt":"2025-04-02T23:35:40","guid":{"rendered":"https:\/\/shopatoa.com\/cz\/?post_type=product&#038;p=248170"},"modified":"2025-04-25T22:21:47","modified_gmt":"2025-04-25T20:21:47","slug":"bike-antena-non-stop","status":"publish","type":"product","link":"https:\/\/shopatoa.com\/cz\/bike-antena-non-stop\/","title":{"rendered":"Bike Antena Non-stop"},"content":{"rendered":"<p>Bike ant\u00e9na sni\u017euje na minimum pravd\u011bpodobnost, \u017ee se v\u00e1m vod\u00edtko zachyt\u00ed do p\u0159edn\u00edho kola, kdy\u017e pes p\u0159estane t\u00e1hnout. Bike ant\u00e9nu doporu\u010dujeme pou\u017e\u00edvat v\u017edy, kdy\u017e se psem vyr\u00e1\u017e\u00edte na kolo nebo kolob\u011b\u017eku.<\/p>\n<p>P\u0159edn\u00ed \u010d\u00e1st ant\u00e9ny \u2013 pru\u017einu \u2013 lze jednodu\u0161e pomoc\u00ed dvou \u0161roubk\u016f odmontovat pro j\u00edzdu bez psa a nezabere v\u00e1m to v\u00edce ne\u017e 30 vte\u0159in.<\/p>\n<p>Dr\u017e\u00e1k je vyroben\u00fd z hlin\u00edku, kter\u00fd je eloxov\u00e1n pro dlouhou \u017eivotnost a pru\u017eina je vyrobena z nerezov\u00e9 oceli. Minim\u00e1ln\u00ed v\u00fd\u0161ka mezi hlavov\u00fdm slo\u017een\u00edm kola\/kolob\u011b\u017eka a \u0159\u00edd\u00edtky pro pou\u017eit\u00ed Bike ant\u00e9ny je 10 mm.<\/p>\n","protected":false},"excerpt":{"rendered":"<p>Bike ant\u00e9na sni\u017euje na minimum pravd\u011bpodobnost, \u017ee se v\u00e1m vod\u00edtko zachyt\u00ed do p\u0159edn\u00edho kola, kdy\u017e pes p\u0159estane t\u00e1hnout. Bike ant\u00e9nu doporu\u010dujeme pou\u017e\u00edvat v\u017edy, kdy\u017e se psem vyr\u00e1\u017e\u00edte na kolo nebo kolob\u011b\u017eku. P\u0159edn\u00ed \u010d\u00e1st ant\u00e9ny \u2013 pru\u017einu \u2013 lze jednodu\u0161e pomoc\u00ed dvou \u0161roubk\u016f odmontovat pro j\u00edzdu bez psa a nezabere v\u00e1m to v\u00edce ne\u017e 30 vte\u0159in&#8230;.<\/p>\n","protected":false},"featured_media":248171,"comment_status":"closed","ping_status":"open","template":"","meta":{"_acf_changed":false,"_kadence_starter_templates_imported_post":false,"_kad_post_transparent":"","_kad_post_title":"","_kad_post_layout":"","_kad_post_sidebar_id":"","_kad_post_content_style":"","_kad_post_vertical_padding":"","_kad_post_feature":"","_kad_post_feature_position":"","_kad_post_header":false,"_kad_post_footer":false,"_kad_post_classname":""},"product_brand":[2734],"product_cat":[436,739,2546],"product_tag":[],"class_list":{"0":"post-248170","1":"product","2":"type-product","3":"status-publish","4":"has-post-thumbnail","6":"product_brand-non-stop","7":"product_cat-chovatelske-potreby-2","8":"product_cat-pro-psy-chovatelske-potreby-2","9":"product_cat-vycvik-a-psi-sporty","10":"pa_obchod-superzoo-cz","12":"first","13":"instock","14":"product-type-external","15":"entry","16":"content-bg","17":"loop-entry"},"acf":[],"yoast_head":"<!-- This site is optimized with the Yoast SEO plugin v27.4 - https:\/\/yoast.com\/product\/yoast-seo-wordpress\/ -->\n<title>Bike Antena Non-stop - SHOPATOA.COM<\/title>\n<meta name=\"robots\" content=\"index, follow, max-snippet:-1, max-image-preview:large, max-video-preview:-1\" \/>\n<link rel=\"canonical\" href=\"https:\/\/shopatoa.com\/cz\/bike-antena-non-stop\/\" \/>\n<meta property=\"og:locale\" content=\"cs_CZ\" \/>\n<meta property=\"og:type\" content=\"article\" \/>\n<meta property=\"og:title\" content=\"Bike Antena Non-stop - SHOPATOA.COM\" \/>\n<meta property=\"og:description\" content=\"Bike ant\u00e9na sni\u017euje na minimum pravd\u011bpodobnost, \u017ee se v\u00e1m vod\u00edtko zachyt\u00ed do p\u0159edn\u00edho kola, kdy\u017e pes p\u0159estane t\u00e1hnout. Bike ant\u00e9nu doporu\u010dujeme pou\u017e\u00edvat v\u017edy, kdy\u017e se psem vyr\u00e1\u017e\u00edte na kolo nebo kolob\u011b\u017eku. P\u0159edn\u00ed \u010d\u00e1st ant\u00e9ny \u2013 pru\u017einu \u2013 lze jednodu\u0161e pomoc\u00ed dvou \u0161roubk\u016f odmontovat pro j\u00edzdu bez psa a nezabere v\u00e1m to v\u00edce ne\u017e 30 vte\u0159in....\" \/>\n<meta property=\"og:url\" content=\"https:\/\/shopatoa.com\/cz\/bike-antena-non-stop\/\" \/>\n<meta property=\"og:site_name\" content=\"SHOPATOA\" \/>\n<meta property=\"article:modified_time\" content=\"2025-04-25T20:21:47+00:00\" \/>\n<meta property=\"og:image\" content=\"https:\/\/storage.googleapis.com\/cz-shopatoa-img\/cz\/29003194-1_55788.jpg\" \/>\n\t<meta property=\"og:image:width\" content=\"600\" \/>\n\t<meta property=\"og:image:height\" content=\"600\" \/>\n\t<meta property=\"og:image:type\" content=\"image\/jpeg\" \/>\n<meta name=\"twitter:card\" content=\"summary_large_image\" \/>\n<meta name=\"twitter:label1\" content=\"Odhadovan\u00e1 doba \u010dten\u00ed\" \/>\n\t<meta name=\"twitter:data1\" content=\"1 minuta\" \/>\n<script type=\"application\/ld+json\" class=\"yoast-schema-graph\">{\"@context\":\"https:\\\/\\\/schema.org\",\"@graph\":[{\"@type\":\"WebPage\",\"@id\":\"https:\\\/\\\/shopatoa.com\\\/cz\\\/bike-antena-non-stop\\\/\",\"url\":\"https:\\\/\\\/shopatoa.com\\\/cz\\\/bike-antena-non-stop\\\/\",\"name\":\"Bike Antena Non-stop - SHOPATOA.COM\",\"isPartOf\":{\"@id\":\"https:\\\/\\\/shopatoa.com\\\/cz\\\/#website\"},\"primaryImageOfPage\":{\"@id\":\"https:\\\/\\\/shopatoa.com\\\/cz\\\/bike-antena-non-stop\\\/#primaryimage\"},\"image\":{\"@id\":\"https:\\\/\\\/shopatoa.com\\\/cz\\\/bike-antena-non-stop\\\/#primaryimage\"},\"thumbnailUrl\":\"https:\\\/\\\/storage.googleapis.com\\\/cz-shopatoa-img\\\/cz\\\/29003194-1_55788.jpg\",\"datePublished\":\"2025-04-02T23:35:40+00:00\",\"dateModified\":\"2025-04-25T20:21:47+00:00\",\"breadcrumb\":{\"@id\":\"https:\\\/\\\/shopatoa.com\\\/cz\\\/bike-antena-non-stop\\\/#breadcrumb\"},\"inLanguage\":\"cs\",\"potentialAction\":[{\"@type\":\"ReadAction\",\"target\":[\"https:\\\/\\\/shopatoa.com\\\/cz\\\/bike-antena-non-stop\\\/\"]}]},{\"@type\":\"ImageObject\",\"inLanguage\":\"cs\",\"@id\":\"https:\\\/\\\/shopatoa.com\\\/cz\\\/bike-antena-non-stop\\\/#primaryimage\",\"url\":\"https:\\\/\\\/storage.googleapis.com\\\/cz-shopatoa-img\\\/cz\\\/29003194-1_55788.jpg\",\"contentUrl\":\"https:\\\/\\\/storage.googleapis.com\\\/cz-shopatoa-img\\\/cz\\\/29003194-1_55788.jpg\",\"width\":600,\"height\":600},{\"@type\":\"BreadcrumbList\",\"@id\":\"https:\\\/\\\/shopatoa.com\\\/cz\\\/bike-antena-non-stop\\\/#breadcrumb\",\"itemListElement\":[{\"@type\":\"ListItem\",\"position\":1,\"name\":\"Dom\u016f\",\"item\":\"https:\\\/\\\/shopatoa.com\\\/cz\\\/\"},{\"@type\":\"ListItem\",\"position\":2,\"name\":\"Produkty\",\"item\":\"https:\\\/\\\/shopatoa.com\\\/cz\\\/shop\\\/\"},{\"@type\":\"ListItem\",\"position\":3,\"name\":\"Chovatelsk\u00e9 pot\u0159eby\",\"item\":\"https:\\\/\\\/shopatoa.com\\\/cz\\\/chovatelske-potreby-2\\\/\"},{\"@type\":\"ListItem\",\"position\":4,\"name\":\"Pro psy\",\"item\":\"https:\\\/\\\/shopatoa.com\\\/cz\\\/pro-psy-chovatelske-potreby-2\\\/\"},{\"@type\":\"ListItem\",\"position\":5,\"name\":\"V\u00fdcvik a ps\u00ed sporty\",\"item\":\"https:\\\/\\\/shopatoa.com\\\/cz\\\/vycvik-a-psi-sporty\\\/\"},{\"@type\":\"ListItem\",\"position\":6,\"name\":\"Bike Antena Non-stop\"}]},{\"@type\":\"WebSite\",\"@id\":\"https:\\\/\\\/shopatoa.com\\\/cz\\\/#website\",\"url\":\"https:\\\/\\\/shopatoa.com\\\/cz\\\/\",\"name\":\"SHOPATOA\",\"description\":\"\",\"publisher\":{\"@id\":\"https:\\\/\\\/shopatoa.com\\\/cz\\\/#organization\"},\"potentialAction\":[{\"@type\":\"SearchAction\",\"target\":{\"@type\":\"EntryPoint\",\"urlTemplate\":\"https:\\\/\\\/shopatoa.com\\\/cz\\\/?s={search_term_string}\"},\"query-input\":{\"@type\":\"PropertyValueSpecification\",\"valueRequired\":true,\"valueName\":\"search_term_string\"}}],\"inLanguage\":\"cs\"},{\"@type\":\"Organization\",\"@id\":\"https:\\\/\\\/shopatoa.com\\\/cz\\\/#organization\",\"name\":\"SHOPATOA Digital s.r.o.\",\"url\":\"https:\\\/\\\/shopatoa.com\\\/cz\\\/\",\"logo\":{\"@type\":\"ImageObject\",\"inLanguage\":\"cs\",\"@id\":\"https:\\\/\\\/shopatoa.com\\\/cz\\\/#\\\/schema\\\/logo\\\/image\\\/\",\"url\":\"https:\\\/\\\/storage.googleapis.com\\\/cz-shopatoa-img\\\/cz\\\/ebccf434-shopatoa_logo.png\",\"contentUrl\":\"https:\\\/\\\/storage.googleapis.com\\\/cz-shopatoa-img\\\/cz\\\/ebccf434-shopatoa_logo.png\",\"width\":416,\"height\":63,\"caption\":\"SHOPATOA Digital s.r.o.\"},\"image\":{\"@id\":\"https:\\\/\\\/shopatoa.com\\\/cz\\\/#\\\/schema\\\/logo\\\/image\\\/\"}}]}<\/script>\n<!-- \/ Yoast SEO plugin. -->","yoast_head_json":{"title":"Bike Antena Non-stop - SHOPATOA.COM","robots":{"index":"index","follow":"follow","max-snippet":"max-snippet:-1","max-image-preview":"max-image-preview:large","max-video-preview":"max-video-preview:-1"},"canonical":"https:\/\/shopatoa.com\/cz\/bike-antena-non-stop\/","og_locale":"cs_CZ","og_type":"article","og_title":"Bike Antena Non-stop - SHOPATOA.COM","og_description":"Bike ant\u00e9na sni\u017euje na minimum pravd\u011bpodobnost, \u017ee se v\u00e1m vod\u00edtko zachyt\u00ed do p\u0159edn\u00edho kola, kdy\u017e pes p\u0159estane t\u00e1hnout. Bike ant\u00e9nu doporu\u010dujeme pou\u017e\u00edvat v\u017edy, kdy\u017e se psem vyr\u00e1\u017e\u00edte na kolo nebo kolob\u011b\u017eku. P\u0159edn\u00ed \u010d\u00e1st ant\u00e9ny \u2013 pru\u017einu \u2013 lze jednodu\u0161e pomoc\u00ed dvou \u0161roubk\u016f odmontovat pro j\u00edzdu bez psa a nezabere v\u00e1m to v\u00edce ne\u017e 30 vte\u0159in....","og_url":"https:\/\/shopatoa.com\/cz\/bike-antena-non-stop\/","og_site_name":"SHOPATOA","article_modified_time":"2025-04-25T20:21:47+00:00","og_image":[{"width":600,"height":600,"url":"https:\/\/storage.googleapis.com\/cz-shopatoa-img\/cz\/29003194-1_55788.jpg","type":"image\/jpeg"}],"twitter_card":"summary_large_image","twitter_misc":{"Odhadovan\u00e1 doba \u010dten\u00ed":"1 minuta"},"schema":{"@context":"https:\/\/schema.org","@graph":[{"@type":"WebPage","@id":"https:\/\/shopatoa.com\/cz\/bike-antena-non-stop\/","url":"https:\/\/shopatoa.com\/cz\/bike-antena-non-stop\/","name":"Bike Antena Non-stop - SHOPATOA.COM","isPartOf":{"@id":"https:\/\/shopatoa.com\/cz\/#website"},"primaryImageOfPage":{"@id":"https:\/\/shopatoa.com\/cz\/bike-antena-non-stop\/#primaryimage"},"image":{"@id":"https:\/\/shopatoa.com\/cz\/bike-antena-non-stop\/#primaryimage"},"thumbnailUrl":"https:\/\/storage.googleapis.com\/cz-shopatoa-img\/cz\/29003194-1_55788.jpg","datePublished":"2025-04-02T23:35:40+00:00","dateModified":"2025-04-25T20:21:47+00:00","breadcrumb":{"@id":"https:\/\/shopatoa.com\/cz\/bike-antena-non-stop\/#breadcrumb"},"inLanguage":"cs","potentialAction":[{"@type":"ReadAction","target":["https:\/\/shopatoa.com\/cz\/bike-antena-non-stop\/"]}]},{"@type":"ImageObject","inLanguage":"cs","@id":"https:\/\/shopatoa.com\/cz\/bike-antena-non-stop\/#primaryimage","url":"https:\/\/storage.googleapis.com\/cz-shopatoa-img\/cz\/29003194-1_55788.jpg","contentUrl":"https:\/\/storage.googleapis.com\/cz-shopatoa-img\/cz\/29003194-1_55788.jpg","width":600,"height":600},{"@type":"BreadcrumbList","@id":"https:\/\/shopatoa.com\/cz\/bike-antena-non-stop\/#breadcrumb","itemListElement":[{"@type":"ListItem","position":1,"name":"Dom\u016f","item":"https:\/\/shopatoa.com\/cz\/"},{"@type":"ListItem","position":2,"name":"Produkty","item":"https:\/\/shopatoa.com\/cz\/shop\/"},{"@type":"ListItem","position":3,"name":"Chovatelsk\u00e9 pot\u0159eby","item":"https:\/\/shopatoa.com\/cz\/chovatelske-potreby-2\/"},{"@type":"ListItem","position":4,"name":"Pro psy","item":"https:\/\/shopatoa.com\/cz\/pro-psy-chovatelske-potreby-2\/"},{"@type":"ListItem","position":5,"name":"V\u00fdcvik a ps\u00ed sporty","item":"https:\/\/shopatoa.com\/cz\/vycvik-a-psi-sporty\/"},{"@type":"ListItem","position":6,"name":"Bike Antena Non-stop"}]},{"@type":"WebSite","@id":"https:\/\/shopatoa.com\/cz\/#website","url":"https:\/\/shopatoa.com\/cz\/","name":"SHOPATOA","description":"","publisher":{"@id":"https:\/\/shopatoa.com\/cz\/#organization"},"potentialAction":[{"@type":"SearchAction","target":{"@type":"EntryPoint","urlTemplate":"https:\/\/shopatoa.com\/cz\/?s={search_term_string}"},"query-input":{"@type":"PropertyValueSpecification","valueRequired":true,"valueName":"search_term_string"}}],"inLanguage":"cs"},{"@type":"Organization","@id":"https:\/\/shopatoa.com\/cz\/#organization","name":"SHOPATOA Digital s.r.o.","url":"https:\/\/shopatoa.com\/cz\/","logo":{"@type":"ImageObject","inLanguage":"cs","@id":"https:\/\/shopatoa.com\/cz\/#\/schema\/logo\/image\/","url":"https:\/\/storage.googleapis.com\/cz-shopatoa-img\/cz\/ebccf434-shopatoa_logo.png","contentUrl":"https:\/\/storage.googleapis.com\/cz-shopatoa-img\/cz\/ebccf434-shopatoa_logo.png","width":416,"height":63,"caption":"SHOPATOA Digital s.r.o."},"image":{"@id":"https:\/\/shopatoa.com\/cz\/#\/schema\/logo\/image\/"}}]}},"_links":{"self":[{"href":"https:\/\/shopatoa.com\/cz\/wp-json\/wp\/v2\/product\/248170","targetHints":{"allow":["GET"]}}],"collection":[{"href":"https:\/\/shopatoa.com\/cz\/wp-json\/wp\/v2\/product"}],"about":[{"href":"https:\/\/shopatoa.com\/cz\/wp-json\/wp\/v2\/types\/product"}],"replies":[{"embeddable":true,"href":"https:\/\/shopatoa.com\/cz\/wp-json\/wp\/v2\/comments?post=248170"}],"wp:featuredmedia":[{"embeddable":true,"href":"https:\/\/shopatoa.com\/cz\/wp-json\/wp\/v2\/media\/248171"}],"wp:attachment":[{"href":"https:\/\/shopatoa.com\/cz\/wp-json\/wp\/v2\/media?parent=248170"}],"wp:term":[{"taxonomy":"product_brand","embeddable":true,"href":"https:\/\/shopatoa.com\/cz\/wp-json\/wp\/v2\/product_brand?post=248170"},{"taxonomy":"product_cat","embeddable":true,"href":"https:\/\/shopatoa.com\/cz\/wp-json\/wp\/v2\/product_cat?post=248170"},{"taxonomy":"product_tag","embeddable":true,"href":"https:\/\/shopatoa.com\/cz\/wp-json\/wp\/v2\/product_tag?post=248170"}],"curies":[{"name":"wp","href":"https:\/\/api.w.org\/{rel}","templated":true}]}}