{"id":248452,"date":"2025-04-03T02:26:45","date_gmt":"2025-04-03T00:26:45","guid":{"rendered":"https:\/\/shopatoa.com\/cz\/?post_type=product&#038;p=248452"},"modified":"2026-02-02T00:01:37","modified_gmt":"2026-02-01T23:01:37","slug":"krmivo-nature-chinchilla-pro-cincily-700g","status":"publish","type":"product","link":"https:\/\/shopatoa.com\/cz\/krmivo-nature-chinchilla-pro-cincily-700g\/","title":{"rendered":"Krmivo Nature Chinchilla pro \u010din\u010dily 700g"},"content":{"rendered":"<p>Kompletn\u00ed krmivo\u00a0pro \u010din\u010dily.<\/p>\n<p>\tKompozice bez obilovin s extra zeleninou plnou vitamin\u016f a miner\u00e1l\u016f<br \/>\n\tSm\u011bs s vysok\u00fdm obsahem vl\u00e1kniny pln\u00e1 travin, bylin a zeleniny<br \/>\n\tBez p\u0159idan\u00e9ho cukru pro tato citliv\u00e1 zv\u00ed\u0159ata<\/p>\n<p>Krmn\u00fd n\u00e1vod: pod\u00e1vejte 34-45 g denn\u011b.<\/p>\n<p>Slo\u017een\u00ed: deriv\u00e1ty rostlinn\u00e9ho p\u016fvodu (timothy, tr\u00e1vy a bylinky 23%), zelenina (zelen\u00fd hr\u00e1\u0161ek 14,6%, mrkev 5,9%, \u010derven\u00e1 paprika 2,8%), ovoce, semena, miner\u00e1ly, rostlinn\u00e9 b\u00edlkovinn\u00e9 extrakty, oleje a tuky, FOS, , \u0159asy, yucca.<\/p>\n<p>Jakostn\u00ed znaky: hrub\u00e9 proteiny 14,5%, hrub\u00e9 oleje a tuky 3,5%, hrub\u00e9 popeloviny 8,5%, hrub\u00e1 vl\u00e1knina 16,5%, v\u00e1pn\u00edk 0,8%, fosfor 0,6%, vitamin A 12000 m.j.\/ kg, vitam\u00edn D3 1430 m.j.\/ kg, vitamin E 95 mg \/ kg, vitamin C 60 mg \/ kg, \u017eelezo 119 mg \/ kg, j\u00f3d 2 mg \/ kg, m\u011b\u010f 11 mg \/ kg, mangan 90 mg \/ kg, zinek 83 mg \/ kg, selen 0,24 mg \/ kg.<\/p>\n","protected":false},"excerpt":{"rendered":"<p>Kompletn\u00ed krmivo\u00a0pro \u010din\u010dily. Kompozice bez obilovin s extra zeleninou plnou vitamin\u016f a miner\u00e1l\u016f Sm\u011bs s vysok\u00fdm obsahem vl\u00e1kniny pln\u00e1 travin, bylin a zeleniny Bez p\u0159idan\u00e9ho cukru pro tato citliv\u00e1 zv\u00ed\u0159ata Krmn\u00fd n\u00e1vod: pod\u00e1vejte 34-45 g denn\u011b. Slo\u017een\u00ed: deriv\u00e1ty rostlinn\u00e9ho p\u016fvodu (timothy, tr\u00e1vy a bylinky 23%), zelenina (zelen\u00fd hr\u00e1\u0161ek 14,6%, mrkev 5,9%, \u010derven\u00e1 paprika 2,8%), ovoce,&#8230;<\/p>\n","protected":false},"featured_media":248453,"comment_status":"closed","ping_status":"open","template":"","meta":{"_acf_changed":false,"_kadence_starter_templates_imported_post":false,"_kad_post_transparent":"","_kad_post_title":"","_kad_post_layout":"","_kad_post_sidebar_id":"","_kad_post_content_style":"","_kad_post_vertical_padding":"","_kad_post_feature":"","_kad_post_feature_position":"","_kad_post_header":false,"_kad_post_footer":false,"_kad_post_classname":""},"product_brand":[2476],"product_cat":[436,1465,1464],"product_tag":[],"class_list":{"0":"post-248452","1":"product","2":"type-product","3":"status-publish","4":"has-post-thumbnail","6":"product_brand-versele-laga","7":"product_cat-chovatelske-potreby-2","8":"product_cat-krmivo-pro-kocky-pro-kocky-chovatelske-potreby-2","9":"product_cat-pro-kocky-chovatelske-potreby-2","10":"pa_obchod-superzoo-cz","12":"first","13":"instock","14":"product-type-external","15":"entry","16":"content-bg","17":"loop-entry"},"acf":[],"yoast_head":"<!-- This site is optimized with the Yoast SEO plugin v27.4 - https:\/\/yoast.com\/product\/yoast-seo-wordpress\/ -->\n<title>Krmivo Nature Chinchilla pro \u010din\u010dily 700g - SHOPATOA.COM<\/title>\n<meta name=\"robots\" content=\"index, follow, max-snippet:-1, max-image-preview:large, max-video-preview:-1\" \/>\n<link rel=\"canonical\" href=\"https:\/\/shopatoa.com\/cz\/krmivo-nature-chinchilla-pro-cincily-700g\/\" \/>\n<meta property=\"og:locale\" content=\"cs_CZ\" \/>\n<meta property=\"og:type\" content=\"article\" \/>\n<meta property=\"og:title\" content=\"Krmivo Nature Chinchilla pro \u010din\u010dily 700g - SHOPATOA.COM\" \/>\n<meta property=\"og:description\" content=\"Kompletn\u00ed krmivo\u00a0pro \u010din\u010dily. Kompozice bez obilovin s extra zeleninou plnou vitamin\u016f a miner\u00e1l\u016f Sm\u011bs s vysok\u00fdm obsahem vl\u00e1kniny pln\u00e1 travin, bylin a zeleniny Bez p\u0159idan\u00e9ho cukru pro tato citliv\u00e1 zv\u00ed\u0159ata Krmn\u00fd n\u00e1vod: pod\u00e1vejte 34-45 g denn\u011b. Slo\u017een\u00ed: deriv\u00e1ty rostlinn\u00e9ho p\u016fvodu (timothy, tr\u00e1vy a bylinky 23%), zelenina (zelen\u00fd hr\u00e1\u0161ek 14,6%, mrkev 5,9%, \u010derven\u00e1 paprika 2,8%), ovoce,...\" \/>\n<meta property=\"og:url\" content=\"https:\/\/shopatoa.com\/cz\/krmivo-nature-chinchilla-pro-cincily-700g\/\" \/>\n<meta property=\"og:site_name\" content=\"SHOPATOA\" \/>\n<meta property=\"article:modified_time\" content=\"2026-02-01T23:01:37+00:00\" \/>\n<meta property=\"og:image\" content=\"https:\/\/storage.googleapis.com\/cz-shopatoa-img\/cz\/286c3594-1_57190.jpg\" \/>\n\t<meta property=\"og:image:width\" content=\"600\" \/>\n\t<meta property=\"og:image:height\" content=\"600\" \/>\n\t<meta property=\"og:image:type\" content=\"image\/jpeg\" \/>\n<meta name=\"twitter:card\" content=\"summary_large_image\" \/>\n<meta name=\"twitter:label1\" content=\"Odhadovan\u00e1 doba \u010dten\u00ed\" \/>\n\t<meta name=\"twitter:data1\" content=\"1 minuta\" \/>\n<script type=\"application\/ld+json\" class=\"yoast-schema-graph\">{\"@context\":\"https:\\\/\\\/schema.org\",\"@graph\":[{\"@type\":\"WebPage\",\"@id\":\"https:\\\/\\\/shopatoa.com\\\/cz\\\/krmivo-nature-chinchilla-pro-cincily-700g\\\/\",\"url\":\"https:\\\/\\\/shopatoa.com\\\/cz\\\/krmivo-nature-chinchilla-pro-cincily-700g\\\/\",\"name\":\"Krmivo Nature Chinchilla pro \u010din\u010dily 700g - SHOPATOA.COM\",\"isPartOf\":{\"@id\":\"https:\\\/\\\/shopatoa.com\\\/cz\\\/#website\"},\"primaryImageOfPage\":{\"@id\":\"https:\\\/\\\/shopatoa.com\\\/cz\\\/krmivo-nature-chinchilla-pro-cincily-700g\\\/#primaryimage\"},\"image\":{\"@id\":\"https:\\\/\\\/shopatoa.com\\\/cz\\\/krmivo-nature-chinchilla-pro-cincily-700g\\\/#primaryimage\"},\"thumbnailUrl\":\"https:\\\/\\\/storage.googleapis.com\\\/cz-shopatoa-img\\\/cz\\\/286c3594-1_57190.jpg\",\"datePublished\":\"2025-04-03T00:26:45+00:00\",\"dateModified\":\"2026-02-01T23:01:37+00:00\",\"breadcrumb\":{\"@id\":\"https:\\\/\\\/shopatoa.com\\\/cz\\\/krmivo-nature-chinchilla-pro-cincily-700g\\\/#breadcrumb\"},\"inLanguage\":\"cs\",\"potentialAction\":[{\"@type\":\"ReadAction\",\"target\":[\"https:\\\/\\\/shopatoa.com\\\/cz\\\/krmivo-nature-chinchilla-pro-cincily-700g\\\/\"]}]},{\"@type\":\"ImageObject\",\"inLanguage\":\"cs\",\"@id\":\"https:\\\/\\\/shopatoa.com\\\/cz\\\/krmivo-nature-chinchilla-pro-cincily-700g\\\/#primaryimage\",\"url\":\"https:\\\/\\\/storage.googleapis.com\\\/cz-shopatoa-img\\\/cz\\\/286c3594-1_57190.jpg\",\"contentUrl\":\"https:\\\/\\\/storage.googleapis.com\\\/cz-shopatoa-img\\\/cz\\\/286c3594-1_57190.jpg\",\"width\":600,\"height\":600},{\"@type\":\"BreadcrumbList\",\"@id\":\"https:\\\/\\\/shopatoa.com\\\/cz\\\/krmivo-nature-chinchilla-pro-cincily-700g\\\/#breadcrumb\",\"itemListElement\":[{\"@type\":\"ListItem\",\"position\":1,\"name\":\"Dom\u016f\",\"item\":\"https:\\\/\\\/shopatoa.com\\\/cz\\\/\"},{\"@type\":\"ListItem\",\"position\":2,\"name\":\"Produkty\",\"item\":\"https:\\\/\\\/shopatoa.com\\\/cz\\\/shop\\\/\"},{\"@type\":\"ListItem\",\"position\":3,\"name\":\"Chovatelsk\u00e9 pot\u0159eby\",\"item\":\"https:\\\/\\\/shopatoa.com\\\/cz\\\/chovatelske-potreby-2\\\/\"},{\"@type\":\"ListItem\",\"position\":4,\"name\":\"Pro ko\u010dky\",\"item\":\"https:\\\/\\\/shopatoa.com\\\/cz\\\/pro-kocky-chovatelske-potreby-2\\\/\"},{\"@type\":\"ListItem\",\"position\":5,\"name\":\"Krmivo pro ko\u010dky\",\"item\":\"https:\\\/\\\/shopatoa.com\\\/cz\\\/krmivo-pro-kocky-pro-kocky-chovatelske-potreby-2\\\/\"},{\"@type\":\"ListItem\",\"position\":6,\"name\":\"Krmivo Nature Chinchilla pro \u010din\u010dily 700g\"}]},{\"@type\":\"WebSite\",\"@id\":\"https:\\\/\\\/shopatoa.com\\\/cz\\\/#website\",\"url\":\"https:\\\/\\\/shopatoa.com\\\/cz\\\/\",\"name\":\"SHOPATOA\",\"description\":\"\",\"publisher\":{\"@id\":\"https:\\\/\\\/shopatoa.com\\\/cz\\\/#organization\"},\"potentialAction\":[{\"@type\":\"SearchAction\",\"target\":{\"@type\":\"EntryPoint\",\"urlTemplate\":\"https:\\\/\\\/shopatoa.com\\\/cz\\\/?s={search_term_string}\"},\"query-input\":{\"@type\":\"PropertyValueSpecification\",\"valueRequired\":true,\"valueName\":\"search_term_string\"}}],\"inLanguage\":\"cs\"},{\"@type\":\"Organization\",\"@id\":\"https:\\\/\\\/shopatoa.com\\\/cz\\\/#organization\",\"name\":\"SHOPATOA Digital s.r.o.\",\"url\":\"https:\\\/\\\/shopatoa.com\\\/cz\\\/\",\"logo\":{\"@type\":\"ImageObject\",\"inLanguage\":\"cs\",\"@id\":\"https:\\\/\\\/shopatoa.com\\\/cz\\\/#\\\/schema\\\/logo\\\/image\\\/\",\"url\":\"https:\\\/\\\/storage.googleapis.com\\\/cz-shopatoa-img\\\/cz\\\/ebccf434-shopatoa_logo.png\",\"contentUrl\":\"https:\\\/\\\/storage.googleapis.com\\\/cz-shopatoa-img\\\/cz\\\/ebccf434-shopatoa_logo.png\",\"width\":416,\"height\":63,\"caption\":\"SHOPATOA Digital s.r.o.\"},\"image\":{\"@id\":\"https:\\\/\\\/shopatoa.com\\\/cz\\\/#\\\/schema\\\/logo\\\/image\\\/\"}}]}<\/script>\n<!-- \/ Yoast SEO plugin. -->","yoast_head_json":{"title":"Krmivo Nature Chinchilla pro \u010din\u010dily 700g - SHOPATOA.COM","robots":{"index":"index","follow":"follow","max-snippet":"max-snippet:-1","max-image-preview":"max-image-preview:large","max-video-preview":"max-video-preview:-1"},"canonical":"https:\/\/shopatoa.com\/cz\/krmivo-nature-chinchilla-pro-cincily-700g\/","og_locale":"cs_CZ","og_type":"article","og_title":"Krmivo Nature Chinchilla pro \u010din\u010dily 700g - SHOPATOA.COM","og_description":"Kompletn\u00ed krmivo\u00a0pro \u010din\u010dily. Kompozice bez obilovin s extra zeleninou plnou vitamin\u016f a miner\u00e1l\u016f Sm\u011bs s vysok\u00fdm obsahem vl\u00e1kniny pln\u00e1 travin, bylin a zeleniny Bez p\u0159idan\u00e9ho cukru pro tato citliv\u00e1 zv\u00ed\u0159ata Krmn\u00fd n\u00e1vod: pod\u00e1vejte 34-45 g denn\u011b. Slo\u017een\u00ed: deriv\u00e1ty rostlinn\u00e9ho p\u016fvodu (timothy, tr\u00e1vy a bylinky 23%), zelenina (zelen\u00fd hr\u00e1\u0161ek 14,6%, mrkev 5,9%, \u010derven\u00e1 paprika 2,8%), ovoce,...","og_url":"https:\/\/shopatoa.com\/cz\/krmivo-nature-chinchilla-pro-cincily-700g\/","og_site_name":"SHOPATOA","article_modified_time":"2026-02-01T23:01:37+00:00","og_image":[{"width":600,"height":600,"url":"https:\/\/storage.googleapis.com\/cz-shopatoa-img\/cz\/286c3594-1_57190.jpg","type":"image\/jpeg"}],"twitter_card":"summary_large_image","twitter_misc":{"Odhadovan\u00e1 doba \u010dten\u00ed":"1 minuta"},"schema":{"@context":"https:\/\/schema.org","@graph":[{"@type":"WebPage","@id":"https:\/\/shopatoa.com\/cz\/krmivo-nature-chinchilla-pro-cincily-700g\/","url":"https:\/\/shopatoa.com\/cz\/krmivo-nature-chinchilla-pro-cincily-700g\/","name":"Krmivo Nature Chinchilla pro \u010din\u010dily 700g - SHOPATOA.COM","isPartOf":{"@id":"https:\/\/shopatoa.com\/cz\/#website"},"primaryImageOfPage":{"@id":"https:\/\/shopatoa.com\/cz\/krmivo-nature-chinchilla-pro-cincily-700g\/#primaryimage"},"image":{"@id":"https:\/\/shopatoa.com\/cz\/krmivo-nature-chinchilla-pro-cincily-700g\/#primaryimage"},"thumbnailUrl":"https:\/\/storage.googleapis.com\/cz-shopatoa-img\/cz\/286c3594-1_57190.jpg","datePublished":"2025-04-03T00:26:45+00:00","dateModified":"2026-02-01T23:01:37+00:00","breadcrumb":{"@id":"https:\/\/shopatoa.com\/cz\/krmivo-nature-chinchilla-pro-cincily-700g\/#breadcrumb"},"inLanguage":"cs","potentialAction":[{"@type":"ReadAction","target":["https:\/\/shopatoa.com\/cz\/krmivo-nature-chinchilla-pro-cincily-700g\/"]}]},{"@type":"ImageObject","inLanguage":"cs","@id":"https:\/\/shopatoa.com\/cz\/krmivo-nature-chinchilla-pro-cincily-700g\/#primaryimage","url":"https:\/\/storage.googleapis.com\/cz-shopatoa-img\/cz\/286c3594-1_57190.jpg","contentUrl":"https:\/\/storage.googleapis.com\/cz-shopatoa-img\/cz\/286c3594-1_57190.jpg","width":600,"height":600},{"@type":"BreadcrumbList","@id":"https:\/\/shopatoa.com\/cz\/krmivo-nature-chinchilla-pro-cincily-700g\/#breadcrumb","itemListElement":[{"@type":"ListItem","position":1,"name":"Dom\u016f","item":"https:\/\/shopatoa.com\/cz\/"},{"@type":"ListItem","position":2,"name":"Produkty","item":"https:\/\/shopatoa.com\/cz\/shop\/"},{"@type":"ListItem","position":3,"name":"Chovatelsk\u00e9 pot\u0159eby","item":"https:\/\/shopatoa.com\/cz\/chovatelske-potreby-2\/"},{"@type":"ListItem","position":4,"name":"Pro ko\u010dky","item":"https:\/\/shopatoa.com\/cz\/pro-kocky-chovatelske-potreby-2\/"},{"@type":"ListItem","position":5,"name":"Krmivo pro ko\u010dky","item":"https:\/\/shopatoa.com\/cz\/krmivo-pro-kocky-pro-kocky-chovatelske-potreby-2\/"},{"@type":"ListItem","position":6,"name":"Krmivo Nature Chinchilla pro \u010din\u010dily 700g"}]},{"@type":"WebSite","@id":"https:\/\/shopatoa.com\/cz\/#website","url":"https:\/\/shopatoa.com\/cz\/","name":"SHOPATOA","description":"","publisher":{"@id":"https:\/\/shopatoa.com\/cz\/#organization"},"potentialAction":[{"@type":"SearchAction","target":{"@type":"EntryPoint","urlTemplate":"https:\/\/shopatoa.com\/cz\/?s={search_term_string}"},"query-input":{"@type":"PropertyValueSpecification","valueRequired":true,"valueName":"search_term_string"}}],"inLanguage":"cs"},{"@type":"Organization","@id":"https:\/\/shopatoa.com\/cz\/#organization","name":"SHOPATOA Digital s.r.o.","url":"https:\/\/shopatoa.com\/cz\/","logo":{"@type":"ImageObject","inLanguage":"cs","@id":"https:\/\/shopatoa.com\/cz\/#\/schema\/logo\/image\/","url":"https:\/\/storage.googleapis.com\/cz-shopatoa-img\/cz\/ebccf434-shopatoa_logo.png","contentUrl":"https:\/\/storage.googleapis.com\/cz-shopatoa-img\/cz\/ebccf434-shopatoa_logo.png","width":416,"height":63,"caption":"SHOPATOA Digital s.r.o."},"image":{"@id":"https:\/\/shopatoa.com\/cz\/#\/schema\/logo\/image\/"}}]}},"_links":{"self":[{"href":"https:\/\/shopatoa.com\/cz\/wp-json\/wp\/v2\/product\/248452","targetHints":{"allow":["GET"]}}],"collection":[{"href":"https:\/\/shopatoa.com\/cz\/wp-json\/wp\/v2\/product"}],"about":[{"href":"https:\/\/shopatoa.com\/cz\/wp-json\/wp\/v2\/types\/product"}],"replies":[{"embeddable":true,"href":"https:\/\/shopatoa.com\/cz\/wp-json\/wp\/v2\/comments?post=248452"}],"wp:featuredmedia":[{"embeddable":true,"href":"https:\/\/shopatoa.com\/cz\/wp-json\/wp\/v2\/media\/248453"}],"wp:attachment":[{"href":"https:\/\/shopatoa.com\/cz\/wp-json\/wp\/v2\/media?parent=248452"}],"wp:term":[{"taxonomy":"product_brand","embeddable":true,"href":"https:\/\/shopatoa.com\/cz\/wp-json\/wp\/v2\/product_brand?post=248452"},{"taxonomy":"product_cat","embeddable":true,"href":"https:\/\/shopatoa.com\/cz\/wp-json\/wp\/v2\/product_cat?post=248452"},{"taxonomy":"product_tag","embeddable":true,"href":"https:\/\/shopatoa.com\/cz\/wp-json\/wp\/v2\/product_tag?post=248452"}],"curies":[{"name":"wp","href":"https:\/\/api.w.org\/{rel}","templated":true}]}}