{"id":248474,"date":"2025-04-03T02:31:17","date_gmt":"2025-04-03T00:31:17","guid":{"rendered":"https:\/\/shopatoa.com\/cz\/?post_type=product&#038;p=248474"},"modified":"2026-02-02T00:01:27","modified_gmt":"2026-02-01T23:01:27","slug":"repti-planet-zarovka-moonlight-heat-75w","status":"publish","type":"product","link":"https:\/\/shopatoa.com\/cz\/repti-planet-zarovka-moonlight-heat-75w\/","title":{"rendered":"Repti Planet \u017e\u00e1rovka Moonlight Heat 75W"},"content":{"rendered":"<p>\u017d\u00e1rovka Repti Planet\u00a0Night Heat\u00a0simuluje p\u0159\u00edrodn\u00ed m\u011bs\u00ed\u010dn\u00ed sv\u011btlo\u00a0a je ide\u00e1ln\u00ed v\u00a0kombinaci s\u00a0denn\u00edmi v\u00fdh\u0159evn\u00fdmi \u017e\u00e1rovkami (nap\u0159. Repti Planet Infrared Heat, Daylight Basking Spot, Daylight Frosted, Daylight Neodymium nebo Far Infrared Heat). Intenzita tepeln\u00e9ho z\u00e1\u0159en\u00ed je ni\u017e\u0161\u00ed, co\u017e je ide\u00e1ln\u00ed z\u00a0d\u016fvodu p\u0159irozen\u00e9ho poklesu no\u010dn\u00edch teplot v\u00a0p\u0159\u00edrod\u011b. Zbarven\u00ed je dosa\u017eeno prost\u0159ednictv\u00edm modr\u00e9 barvy skla.<\/p>\n<p>\tSimuluje p\u0159\u00edrodn\u00ed m\u011bs\u00ed\u010dn\u00ed sv\u011btlo<br \/>\n\tIde\u00e1ln\u00ed pro no\u010dn\u00ed pozorov\u00e1n\u00ed<br \/>\n\tPodporuje p\u0159irozen\u00e9 chov\u00e1n\u00ed plaz\u016f a oboj\u017eiveln\u00edk\u016f<br \/>\n\tVhodn\u00e9 kombinovat s\u00a0denn\u00edmi v\u00fdh\u0159evn\u00fdmi \u017e\u00e1rovkami<\/p>\n","protected":false},"excerpt":{"rendered":"<p>\u017d\u00e1rovka Repti Planet\u00a0Night Heat\u00a0simuluje p\u0159\u00edrodn\u00ed m\u011bs\u00ed\u010dn\u00ed sv\u011btlo\u00a0a je ide\u00e1ln\u00ed v\u00a0kombinaci s\u00a0denn\u00edmi v\u00fdh\u0159evn\u00fdmi \u017e\u00e1rovkami (nap\u0159. Repti Planet Infrared Heat, Daylight Basking Spot, Daylight Frosted, Daylight Neodymium nebo Far Infrared Heat). Intenzita tepeln\u00e9ho z\u00e1\u0159en\u00ed je ni\u017e\u0161\u00ed, co\u017e je ide\u00e1ln\u00ed z\u00a0d\u016fvodu p\u0159irozen\u00e9ho poklesu no\u010dn\u00edch teplot v\u00a0p\u0159\u00edrod\u011b. Zbarven\u00ed je dosa\u017eeno prost\u0159ednictv\u00edm modr\u00e9 barvy skla. Simuluje p\u0159\u00edrodn\u00ed m\u011bs\u00ed\u010dn\u00ed sv\u011btlo Ide\u00e1ln\u00ed&#8230;<\/p>\n","protected":false},"featured_media":248475,"comment_status":"closed","ping_status":"open","template":"","meta":{"_acf_changed":false,"_kadence_starter_templates_imported_post":false,"_kad_post_transparent":"","_kad_post_title":"","_kad_post_layout":"","_kad_post_sidebar_id":"","_kad_post_content_style":"","_kad_post_vertical_padding":"","_kad_post_feature":"","_kad_post_feature_position":"","_kad_post_header":false,"_kad_post_footer":false,"_kad_post_classname":""},"product_brand":[2722],"product_cat":[436,2554,2553,2528],"product_tag":[],"class_list":{"0":"post-248474","1":"product","2":"type-product","3":"status-publish","4":"has-post-thumbnail","6":"product_brand-repti-planet","7":"product_cat-chovatelske-potreby-2","8":"product_cat-osvetleni-do-terarii","9":"product_cat-terarijni-technika","10":"product_cat-teraristika","11":"pa_obchod-superzoo-cz","13":"first","14":"instock","15":"product-type-external","16":"entry","17":"content-bg","18":"loop-entry"},"acf":[],"yoast_head":"<!-- This site is optimized with the Yoast SEO plugin v27.4 - https:\/\/yoast.com\/product\/yoast-seo-wordpress\/ -->\n<title>Repti Planet \u017e\u00e1rovka Moonlight Heat 75W - SHOPATOA.COM<\/title>\n<meta name=\"robots\" content=\"index, follow, max-snippet:-1, max-image-preview:large, max-video-preview:-1\" \/>\n<link rel=\"canonical\" href=\"https:\/\/shopatoa.com\/cz\/repti-planet-zarovka-moonlight-heat-75w\/\" \/>\n<meta property=\"og:locale\" content=\"cs_CZ\" \/>\n<meta property=\"og:type\" content=\"article\" \/>\n<meta property=\"og:title\" content=\"Repti Planet \u017e\u00e1rovka Moonlight Heat 75W - SHOPATOA.COM\" \/>\n<meta property=\"og:description\" content=\"\u017d\u00e1rovka Repti Planet\u00a0Night Heat\u00a0simuluje p\u0159\u00edrodn\u00ed m\u011bs\u00ed\u010dn\u00ed sv\u011btlo\u00a0a je ide\u00e1ln\u00ed v\u00a0kombinaci s\u00a0denn\u00edmi v\u00fdh\u0159evn\u00fdmi \u017e\u00e1rovkami (nap\u0159. Repti Planet Infrared Heat, Daylight Basking Spot, Daylight Frosted, Daylight Neodymium nebo Far Infrared Heat). Intenzita tepeln\u00e9ho z\u00e1\u0159en\u00ed je ni\u017e\u0161\u00ed, co\u017e je ide\u00e1ln\u00ed z\u00a0d\u016fvodu p\u0159irozen\u00e9ho poklesu no\u010dn\u00edch teplot v\u00a0p\u0159\u00edrod\u011b. Zbarven\u00ed je dosa\u017eeno prost\u0159ednictv\u00edm modr\u00e9 barvy skla. Simuluje p\u0159\u00edrodn\u00ed m\u011bs\u00ed\u010dn\u00ed sv\u011btlo Ide\u00e1ln\u00ed...\" \/>\n<meta property=\"og:url\" content=\"https:\/\/shopatoa.com\/cz\/repti-planet-zarovka-moonlight-heat-75w\/\" \/>\n<meta property=\"og:site_name\" content=\"SHOPATOA\" \/>\n<meta property=\"article:modified_time\" content=\"2026-02-01T23:01:27+00:00\" \/>\n<meta property=\"og:image\" content=\"https:\/\/storage.googleapis.com\/cz-shopatoa-img\/cz\/46ad11f6-1_58445.jpg\" \/>\n\t<meta property=\"og:image:width\" content=\"600\" \/>\n\t<meta property=\"og:image:height\" content=\"600\" \/>\n\t<meta property=\"og:image:type\" content=\"image\/jpeg\" \/>\n<meta name=\"twitter:card\" content=\"summary_large_image\" \/>\n<meta name=\"twitter:label1\" content=\"Odhadovan\u00e1 doba \u010dten\u00ed\" \/>\n\t<meta name=\"twitter:data1\" content=\"1 minuta\" \/>\n<script type=\"application\/ld+json\" class=\"yoast-schema-graph\">{\"@context\":\"https:\\\/\\\/schema.org\",\"@graph\":[{\"@type\":\"WebPage\",\"@id\":\"https:\\\/\\\/shopatoa.com\\\/cz\\\/repti-planet-zarovka-moonlight-heat-75w\\\/\",\"url\":\"https:\\\/\\\/shopatoa.com\\\/cz\\\/repti-planet-zarovka-moonlight-heat-75w\\\/\",\"name\":\"Repti Planet \u017e\u00e1rovka Moonlight Heat 75W - SHOPATOA.COM\",\"isPartOf\":{\"@id\":\"https:\\\/\\\/shopatoa.com\\\/cz\\\/#website\"},\"primaryImageOfPage\":{\"@id\":\"https:\\\/\\\/shopatoa.com\\\/cz\\\/repti-planet-zarovka-moonlight-heat-75w\\\/#primaryimage\"},\"image\":{\"@id\":\"https:\\\/\\\/shopatoa.com\\\/cz\\\/repti-planet-zarovka-moonlight-heat-75w\\\/#primaryimage\"},\"thumbnailUrl\":\"https:\\\/\\\/storage.googleapis.com\\\/cz-shopatoa-img\\\/cz\\\/46ad11f6-1_58445.jpg\",\"datePublished\":\"2025-04-03T00:31:17+00:00\",\"dateModified\":\"2026-02-01T23:01:27+00:00\",\"breadcrumb\":{\"@id\":\"https:\\\/\\\/shopatoa.com\\\/cz\\\/repti-planet-zarovka-moonlight-heat-75w\\\/#breadcrumb\"},\"inLanguage\":\"cs\",\"potentialAction\":[{\"@type\":\"ReadAction\",\"target\":[\"https:\\\/\\\/shopatoa.com\\\/cz\\\/repti-planet-zarovka-moonlight-heat-75w\\\/\"]}]},{\"@type\":\"ImageObject\",\"inLanguage\":\"cs\",\"@id\":\"https:\\\/\\\/shopatoa.com\\\/cz\\\/repti-planet-zarovka-moonlight-heat-75w\\\/#primaryimage\",\"url\":\"https:\\\/\\\/storage.googleapis.com\\\/cz-shopatoa-img\\\/cz\\\/46ad11f6-1_58445.jpg\",\"contentUrl\":\"https:\\\/\\\/storage.googleapis.com\\\/cz-shopatoa-img\\\/cz\\\/46ad11f6-1_58445.jpg\",\"width\":600,\"height\":600},{\"@type\":\"BreadcrumbList\",\"@id\":\"https:\\\/\\\/shopatoa.com\\\/cz\\\/repti-planet-zarovka-moonlight-heat-75w\\\/#breadcrumb\",\"itemListElement\":[{\"@type\":\"ListItem\",\"position\":1,\"name\":\"Dom\u016f\",\"item\":\"https:\\\/\\\/shopatoa.com\\\/cz\\\/\"},{\"@type\":\"ListItem\",\"position\":2,\"name\":\"Produkty\",\"item\":\"https:\\\/\\\/shopatoa.com\\\/cz\\\/shop\\\/\"},{\"@type\":\"ListItem\",\"position\":3,\"name\":\"Chovatelsk\u00e9 pot\u0159eby\",\"item\":\"https:\\\/\\\/shopatoa.com\\\/cz\\\/chovatelske-potreby-2\\\/\"},{\"@type\":\"ListItem\",\"position\":4,\"name\":\"Teraristika\",\"item\":\"https:\\\/\\\/shopatoa.com\\\/cz\\\/teraristika\\\/\"},{\"@type\":\"ListItem\",\"position\":5,\"name\":\"Terarijn\u00ed technika\",\"item\":\"https:\\\/\\\/shopatoa.com\\\/cz\\\/terarijni-technika\\\/\"},{\"@type\":\"ListItem\",\"position\":6,\"name\":\"Osv\u011btlen\u00ed do ter\u00e1ri\u00ed\",\"item\":\"https:\\\/\\\/shopatoa.com\\\/cz\\\/osvetleni-do-terarii\\\/\"},{\"@type\":\"ListItem\",\"position\":7,\"name\":\"Repti Planet \u017e\u00e1rovka Moonlight Heat 75W\"}]},{\"@type\":\"WebSite\",\"@id\":\"https:\\\/\\\/shopatoa.com\\\/cz\\\/#website\",\"url\":\"https:\\\/\\\/shopatoa.com\\\/cz\\\/\",\"name\":\"SHOPATOA\",\"description\":\"\",\"publisher\":{\"@id\":\"https:\\\/\\\/shopatoa.com\\\/cz\\\/#organization\"},\"potentialAction\":[{\"@type\":\"SearchAction\",\"target\":{\"@type\":\"EntryPoint\",\"urlTemplate\":\"https:\\\/\\\/shopatoa.com\\\/cz\\\/?s={search_term_string}\"},\"query-input\":{\"@type\":\"PropertyValueSpecification\",\"valueRequired\":true,\"valueName\":\"search_term_string\"}}],\"inLanguage\":\"cs\"},{\"@type\":\"Organization\",\"@id\":\"https:\\\/\\\/shopatoa.com\\\/cz\\\/#organization\",\"name\":\"SHOPATOA Digital s.r.o.\",\"url\":\"https:\\\/\\\/shopatoa.com\\\/cz\\\/\",\"logo\":{\"@type\":\"ImageObject\",\"inLanguage\":\"cs\",\"@id\":\"https:\\\/\\\/shopatoa.com\\\/cz\\\/#\\\/schema\\\/logo\\\/image\\\/\",\"url\":\"https:\\\/\\\/storage.googleapis.com\\\/cz-shopatoa-img\\\/cz\\\/ebccf434-shopatoa_logo.png\",\"contentUrl\":\"https:\\\/\\\/storage.googleapis.com\\\/cz-shopatoa-img\\\/cz\\\/ebccf434-shopatoa_logo.png\",\"width\":416,\"height\":63,\"caption\":\"SHOPATOA Digital s.r.o.\"},\"image\":{\"@id\":\"https:\\\/\\\/shopatoa.com\\\/cz\\\/#\\\/schema\\\/logo\\\/image\\\/\"}}]}<\/script>\n<!-- \/ Yoast SEO plugin. -->","yoast_head_json":{"title":"Repti Planet \u017e\u00e1rovka Moonlight Heat 75W - SHOPATOA.COM","robots":{"index":"index","follow":"follow","max-snippet":"max-snippet:-1","max-image-preview":"max-image-preview:large","max-video-preview":"max-video-preview:-1"},"canonical":"https:\/\/shopatoa.com\/cz\/repti-planet-zarovka-moonlight-heat-75w\/","og_locale":"cs_CZ","og_type":"article","og_title":"Repti Planet \u017e\u00e1rovka Moonlight Heat 75W - SHOPATOA.COM","og_description":"\u017d\u00e1rovka Repti Planet\u00a0Night Heat\u00a0simuluje p\u0159\u00edrodn\u00ed m\u011bs\u00ed\u010dn\u00ed sv\u011btlo\u00a0a je ide\u00e1ln\u00ed v\u00a0kombinaci s\u00a0denn\u00edmi v\u00fdh\u0159evn\u00fdmi \u017e\u00e1rovkami (nap\u0159. Repti Planet Infrared Heat, Daylight Basking Spot, Daylight Frosted, Daylight Neodymium nebo Far Infrared Heat). Intenzita tepeln\u00e9ho z\u00e1\u0159en\u00ed je ni\u017e\u0161\u00ed, co\u017e je ide\u00e1ln\u00ed z\u00a0d\u016fvodu p\u0159irozen\u00e9ho poklesu no\u010dn\u00edch teplot v\u00a0p\u0159\u00edrod\u011b. Zbarven\u00ed je dosa\u017eeno prost\u0159ednictv\u00edm modr\u00e9 barvy skla. Simuluje p\u0159\u00edrodn\u00ed m\u011bs\u00ed\u010dn\u00ed sv\u011btlo Ide\u00e1ln\u00ed...","og_url":"https:\/\/shopatoa.com\/cz\/repti-planet-zarovka-moonlight-heat-75w\/","og_site_name":"SHOPATOA","article_modified_time":"2026-02-01T23:01:27+00:00","og_image":[{"width":600,"height":600,"url":"https:\/\/storage.googleapis.com\/cz-shopatoa-img\/cz\/46ad11f6-1_58445.jpg","type":"image\/jpeg"}],"twitter_card":"summary_large_image","twitter_misc":{"Odhadovan\u00e1 doba \u010dten\u00ed":"1 minuta"},"schema":{"@context":"https:\/\/schema.org","@graph":[{"@type":"WebPage","@id":"https:\/\/shopatoa.com\/cz\/repti-planet-zarovka-moonlight-heat-75w\/","url":"https:\/\/shopatoa.com\/cz\/repti-planet-zarovka-moonlight-heat-75w\/","name":"Repti Planet \u017e\u00e1rovka Moonlight Heat 75W - SHOPATOA.COM","isPartOf":{"@id":"https:\/\/shopatoa.com\/cz\/#website"},"primaryImageOfPage":{"@id":"https:\/\/shopatoa.com\/cz\/repti-planet-zarovka-moonlight-heat-75w\/#primaryimage"},"image":{"@id":"https:\/\/shopatoa.com\/cz\/repti-planet-zarovka-moonlight-heat-75w\/#primaryimage"},"thumbnailUrl":"https:\/\/storage.googleapis.com\/cz-shopatoa-img\/cz\/46ad11f6-1_58445.jpg","datePublished":"2025-04-03T00:31:17+00:00","dateModified":"2026-02-01T23:01:27+00:00","breadcrumb":{"@id":"https:\/\/shopatoa.com\/cz\/repti-planet-zarovka-moonlight-heat-75w\/#breadcrumb"},"inLanguage":"cs","potentialAction":[{"@type":"ReadAction","target":["https:\/\/shopatoa.com\/cz\/repti-planet-zarovka-moonlight-heat-75w\/"]}]},{"@type":"ImageObject","inLanguage":"cs","@id":"https:\/\/shopatoa.com\/cz\/repti-planet-zarovka-moonlight-heat-75w\/#primaryimage","url":"https:\/\/storage.googleapis.com\/cz-shopatoa-img\/cz\/46ad11f6-1_58445.jpg","contentUrl":"https:\/\/storage.googleapis.com\/cz-shopatoa-img\/cz\/46ad11f6-1_58445.jpg","width":600,"height":600},{"@type":"BreadcrumbList","@id":"https:\/\/shopatoa.com\/cz\/repti-planet-zarovka-moonlight-heat-75w\/#breadcrumb","itemListElement":[{"@type":"ListItem","position":1,"name":"Dom\u016f","item":"https:\/\/shopatoa.com\/cz\/"},{"@type":"ListItem","position":2,"name":"Produkty","item":"https:\/\/shopatoa.com\/cz\/shop\/"},{"@type":"ListItem","position":3,"name":"Chovatelsk\u00e9 pot\u0159eby","item":"https:\/\/shopatoa.com\/cz\/chovatelske-potreby-2\/"},{"@type":"ListItem","position":4,"name":"Teraristika","item":"https:\/\/shopatoa.com\/cz\/teraristika\/"},{"@type":"ListItem","position":5,"name":"Terarijn\u00ed technika","item":"https:\/\/shopatoa.com\/cz\/terarijni-technika\/"},{"@type":"ListItem","position":6,"name":"Osv\u011btlen\u00ed do ter\u00e1ri\u00ed","item":"https:\/\/shopatoa.com\/cz\/osvetleni-do-terarii\/"},{"@type":"ListItem","position":7,"name":"Repti Planet \u017e\u00e1rovka Moonlight Heat 75W"}]},{"@type":"WebSite","@id":"https:\/\/shopatoa.com\/cz\/#website","url":"https:\/\/shopatoa.com\/cz\/","name":"SHOPATOA","description":"","publisher":{"@id":"https:\/\/shopatoa.com\/cz\/#organization"},"potentialAction":[{"@type":"SearchAction","target":{"@type":"EntryPoint","urlTemplate":"https:\/\/shopatoa.com\/cz\/?s={search_term_string}"},"query-input":{"@type":"PropertyValueSpecification","valueRequired":true,"valueName":"search_term_string"}}],"inLanguage":"cs"},{"@type":"Organization","@id":"https:\/\/shopatoa.com\/cz\/#organization","name":"SHOPATOA Digital s.r.o.","url":"https:\/\/shopatoa.com\/cz\/","logo":{"@type":"ImageObject","inLanguage":"cs","@id":"https:\/\/shopatoa.com\/cz\/#\/schema\/logo\/image\/","url":"https:\/\/storage.googleapis.com\/cz-shopatoa-img\/cz\/ebccf434-shopatoa_logo.png","contentUrl":"https:\/\/storage.googleapis.com\/cz-shopatoa-img\/cz\/ebccf434-shopatoa_logo.png","width":416,"height":63,"caption":"SHOPATOA Digital s.r.o."},"image":{"@id":"https:\/\/shopatoa.com\/cz\/#\/schema\/logo\/image\/"}}]}},"_links":{"self":[{"href":"https:\/\/shopatoa.com\/cz\/wp-json\/wp\/v2\/product\/248474","targetHints":{"allow":["GET"]}}],"collection":[{"href":"https:\/\/shopatoa.com\/cz\/wp-json\/wp\/v2\/product"}],"about":[{"href":"https:\/\/shopatoa.com\/cz\/wp-json\/wp\/v2\/types\/product"}],"replies":[{"embeddable":true,"href":"https:\/\/shopatoa.com\/cz\/wp-json\/wp\/v2\/comments?post=248474"}],"wp:featuredmedia":[{"embeddable":true,"href":"https:\/\/shopatoa.com\/cz\/wp-json\/wp\/v2\/media\/248475"}],"wp:attachment":[{"href":"https:\/\/shopatoa.com\/cz\/wp-json\/wp\/v2\/media?parent=248474"}],"wp:term":[{"taxonomy":"product_brand","embeddable":true,"href":"https:\/\/shopatoa.com\/cz\/wp-json\/wp\/v2\/product_brand?post=248474"},{"taxonomy":"product_cat","embeddable":true,"href":"https:\/\/shopatoa.com\/cz\/wp-json\/wp\/v2\/product_cat?post=248474"},{"taxonomy":"product_tag","embeddable":true,"href":"https:\/\/shopatoa.com\/cz\/wp-json\/wp\/v2\/product_tag?post=248474"}],"curies":[{"name":"wp","href":"https:\/\/api.w.org\/{rel}","templated":true}]}}