{"id":248548,"date":"2025-04-03T02:45:31","date_gmt":"2025-04-03T00:45:31","guid":{"rendered":"https:\/\/shopatoa.com\/cz\/?post_type=product&#038;p=248548"},"modified":"2026-02-01T02:29:21","modified_gmt":"2026-02-01T01:29:21","slug":"tetra-delica-mix-250ml","status":"publish","type":"product","link":"https:\/\/shopatoa.com\/cz\/tetra-delica-mix-250ml\/","title":{"rendered":"Tetra Delica Mix 250ml"},"content":{"rendered":"<p>Dopl\u0148kov\u00e9 krmivo pro v\u0161echny druhy akvarijn\u00edch rybek.<\/p>\n<p>Modern\u00ed dopl\u0148kov\u00e9 krmivo rozd\u011blen\u00e9 do 4 p\u0159ihr\u00e1dek: Dafnie 29%, krevety 18%, kril 29%, ble\u0161ivci 24%.<\/p>\n<p>TetraDelica Mix je dokonal\u00e9 dopl\u0148kov\u00e9 krmivo ke v\u0161em z\u00e1kladn\u00edm krmiv\u016fm Tetra na podporu pestr\u00e9 stravy vhodn\u00e9 pro konkr\u00e9tn\u00ed druhy.<br \/>\nPe\u010dliv\u011b mrazem nebo sluncem su\u0161en\u00e9 p\u0159\u00edrodn\u00ed krmivo pro zaji\u0161t\u011bn\u00ed optim\u00e1ln\u00ed nutri\u010dn\u00ed hodnoty a kvality.<\/p>\n<p>Ble\u0161ivci: P\u0159irozen\u00fd zdroj karotenoid\u016f na podporu p\u0159irozen\u00e9ho zbarven\u00ed rybi\u010dek. Obsah b\u00edlkovin: cca 45%.<br \/>\nKril: Esenci\u00e1ln\u00ed mastn\u00e9 kyseliny omega-3 pro zdrav\u00fd r\u016fst. Obsah b\u00edlkovin: cca 65%.<br \/>\nDafnie: Vynikaj\u00edc\u00ed zdroj vl\u00e1kniny na podporu tr\u00e1ven\u00ed s bohat\u00fdm obsahem miner\u00e1l\u016f. Obsah b\u00edlkovin: cca 35%.<br \/>\nKrevety: Vysok\u00e1 nutri\u010dn\u00ed hodnota, vysoce \u00fa\u010dinn\u00e9 karotenoidy pro pos\u00edlen\u00ed p\u0159irozen\u00e9ho zbarven\u00ed rybi\u010dek. Obsah b\u00edlkovin: cca 45%.<\/p>\n","protected":false},"excerpt":{"rendered":"<p>Dopl\u0148kov\u00e9 krmivo pro v\u0161echny druhy akvarijn\u00edch rybek. Modern\u00ed dopl\u0148kov\u00e9 krmivo rozd\u011blen\u00e9 do 4 p\u0159ihr\u00e1dek: Dafnie 29%, krevety 18%, kril 29%, ble\u0161ivci 24%. TetraDelica Mix je dokonal\u00e9 dopl\u0148kov\u00e9 krmivo ke v\u0161em z\u00e1kladn\u00edm krmiv\u016fm Tetra na podporu pestr\u00e9 stravy vhodn\u00e9 pro konkr\u00e9tn\u00ed druhy. Pe\u010dliv\u011b mrazem nebo sluncem su\u0161en\u00e9 p\u0159\u00edrodn\u00ed krmivo pro zaji\u0161t\u011bn\u00ed optim\u00e1ln\u00ed nutri\u010dn\u00ed hodnoty a kvality&#8230;.<\/p>\n","protected":false},"featured_media":248549,"comment_status":"closed","ping_status":"open","template":"","meta":{"_acf_changed":false,"_kadence_starter_templates_imported_post":false,"_kad_post_transparent":"","_kad_post_title":"","_kad_post_layout":"","_kad_post_sidebar_id":"","_kad_post_content_style":"","_kad_post_vertical_padding":"","_kad_post_feature":"","_kad_post_feature_position":"","_kad_post_header":false,"_kad_post_footer":false,"_kad_post_classname":""},"product_brand":[2614],"product_cat":[2510,436,2616],"product_tag":[],"class_list":{"0":"post-248548","1":"product","2":"type-product","3":"status-publish","4":"has-post-thumbnail","6":"product_brand-tetra","7":"product_cat-akvaristika","8":"product_cat-chovatelske-potreby-2","9":"product_cat-krmivo-pro-ryby","10":"pa_obchod-superzoo-cz","12":"first","13":"instock","14":"product-type-external","15":"entry","16":"content-bg","17":"loop-entry"},"acf":[],"yoast_head":"<!-- This site is optimized with the Yoast SEO plugin v27.4 - https:\/\/yoast.com\/product\/yoast-seo-wordpress\/ -->\n<title>Tetra Delica Mix 250ml - SHOPATOA.COM<\/title>\n<meta name=\"robots\" content=\"index, follow, max-snippet:-1, max-image-preview:large, max-video-preview:-1\" \/>\n<link rel=\"canonical\" href=\"https:\/\/shopatoa.com\/cz\/tetra-delica-mix-250ml\/\" \/>\n<meta property=\"og:locale\" content=\"cs_CZ\" \/>\n<meta property=\"og:type\" content=\"article\" \/>\n<meta property=\"og:title\" content=\"Tetra Delica Mix 250ml - SHOPATOA.COM\" \/>\n<meta property=\"og:description\" content=\"Dopl\u0148kov\u00e9 krmivo pro v\u0161echny druhy akvarijn\u00edch rybek. Modern\u00ed dopl\u0148kov\u00e9 krmivo rozd\u011blen\u00e9 do 4 p\u0159ihr\u00e1dek: Dafnie 29%, krevety 18%, kril 29%, ble\u0161ivci 24%. TetraDelica Mix je dokonal\u00e9 dopl\u0148kov\u00e9 krmivo ke v\u0161em z\u00e1kladn\u00edm krmiv\u016fm Tetra na podporu pestr\u00e9 stravy vhodn\u00e9 pro konkr\u00e9tn\u00ed druhy. Pe\u010dliv\u011b mrazem nebo sluncem su\u0161en\u00e9 p\u0159\u00edrodn\u00ed krmivo pro zaji\u0161t\u011bn\u00ed optim\u00e1ln\u00ed nutri\u010dn\u00ed hodnoty a kvality....\" \/>\n<meta property=\"og:url\" content=\"https:\/\/shopatoa.com\/cz\/tetra-delica-mix-250ml\/\" \/>\n<meta property=\"og:site_name\" content=\"SHOPATOA\" \/>\n<meta property=\"article:modified_time\" content=\"2026-02-01T01:29:21+00:00\" \/>\n<meta property=\"og:image\" content=\"https:\/\/storage.googleapis.com\/cz-shopatoa-img\/cz\/6cb2239a-1_60373.jpg\" \/>\n\t<meta property=\"og:image:width\" content=\"600\" \/>\n\t<meta property=\"og:image:height\" content=\"600\" \/>\n\t<meta property=\"og:image:type\" content=\"image\/jpeg\" \/>\n<meta name=\"twitter:card\" content=\"summary_large_image\" \/>\n<meta name=\"twitter:label1\" content=\"Odhadovan\u00e1 doba \u010dten\u00ed\" \/>\n\t<meta name=\"twitter:data1\" content=\"1 minuta\" \/>\n<script type=\"application\/ld+json\" class=\"yoast-schema-graph\">{\"@context\":\"https:\\\/\\\/schema.org\",\"@graph\":[{\"@type\":\"WebPage\",\"@id\":\"https:\\\/\\\/shopatoa.com\\\/cz\\\/tetra-delica-mix-250ml\\\/\",\"url\":\"https:\\\/\\\/shopatoa.com\\\/cz\\\/tetra-delica-mix-250ml\\\/\",\"name\":\"Tetra Delica Mix 250ml - SHOPATOA.COM\",\"isPartOf\":{\"@id\":\"https:\\\/\\\/shopatoa.com\\\/cz\\\/#website\"},\"primaryImageOfPage\":{\"@id\":\"https:\\\/\\\/shopatoa.com\\\/cz\\\/tetra-delica-mix-250ml\\\/#primaryimage\"},\"image\":{\"@id\":\"https:\\\/\\\/shopatoa.com\\\/cz\\\/tetra-delica-mix-250ml\\\/#primaryimage\"},\"thumbnailUrl\":\"https:\\\/\\\/storage.googleapis.com\\\/cz-shopatoa-img\\\/cz\\\/6cb2239a-1_60373.jpg\",\"datePublished\":\"2025-04-03T00:45:31+00:00\",\"dateModified\":\"2026-02-01T01:29:21+00:00\",\"breadcrumb\":{\"@id\":\"https:\\\/\\\/shopatoa.com\\\/cz\\\/tetra-delica-mix-250ml\\\/#breadcrumb\"},\"inLanguage\":\"cs\",\"potentialAction\":[{\"@type\":\"ReadAction\",\"target\":[\"https:\\\/\\\/shopatoa.com\\\/cz\\\/tetra-delica-mix-250ml\\\/\"]}]},{\"@type\":\"ImageObject\",\"inLanguage\":\"cs\",\"@id\":\"https:\\\/\\\/shopatoa.com\\\/cz\\\/tetra-delica-mix-250ml\\\/#primaryimage\",\"url\":\"https:\\\/\\\/storage.googleapis.com\\\/cz-shopatoa-img\\\/cz\\\/6cb2239a-1_60373.jpg\",\"contentUrl\":\"https:\\\/\\\/storage.googleapis.com\\\/cz-shopatoa-img\\\/cz\\\/6cb2239a-1_60373.jpg\",\"width\":600,\"height\":600},{\"@type\":\"BreadcrumbList\",\"@id\":\"https:\\\/\\\/shopatoa.com\\\/cz\\\/tetra-delica-mix-250ml\\\/#breadcrumb\",\"itemListElement\":[{\"@type\":\"ListItem\",\"position\":1,\"name\":\"Dom\u016f\",\"item\":\"https:\\\/\\\/shopatoa.com\\\/cz\\\/\"},{\"@type\":\"ListItem\",\"position\":2,\"name\":\"Produkty\",\"item\":\"https:\\\/\\\/shopatoa.com\\\/cz\\\/shop\\\/\"},{\"@type\":\"ListItem\",\"position\":3,\"name\":\"Chovatelsk\u00e9 pot\u0159eby\",\"item\":\"https:\\\/\\\/shopatoa.com\\\/cz\\\/chovatelske-potreby-2\\\/\"},{\"@type\":\"ListItem\",\"position\":4,\"name\":\"Akvaristika\",\"item\":\"https:\\\/\\\/shopatoa.com\\\/cz\\\/akvaristika\\\/\"},{\"@type\":\"ListItem\",\"position\":5,\"name\":\"Krmivo pro ryby\",\"item\":\"https:\\\/\\\/shopatoa.com\\\/cz\\\/krmivo-pro-ryby\\\/\"},{\"@type\":\"ListItem\",\"position\":6,\"name\":\"Tetra Delica Mix 250ml\"}]},{\"@type\":\"WebSite\",\"@id\":\"https:\\\/\\\/shopatoa.com\\\/cz\\\/#website\",\"url\":\"https:\\\/\\\/shopatoa.com\\\/cz\\\/\",\"name\":\"SHOPATOA\",\"description\":\"\",\"publisher\":{\"@id\":\"https:\\\/\\\/shopatoa.com\\\/cz\\\/#organization\"},\"potentialAction\":[{\"@type\":\"SearchAction\",\"target\":{\"@type\":\"EntryPoint\",\"urlTemplate\":\"https:\\\/\\\/shopatoa.com\\\/cz\\\/?s={search_term_string}\"},\"query-input\":{\"@type\":\"PropertyValueSpecification\",\"valueRequired\":true,\"valueName\":\"search_term_string\"}}],\"inLanguage\":\"cs\"},{\"@type\":\"Organization\",\"@id\":\"https:\\\/\\\/shopatoa.com\\\/cz\\\/#organization\",\"name\":\"SHOPATOA Digital s.r.o.\",\"url\":\"https:\\\/\\\/shopatoa.com\\\/cz\\\/\",\"logo\":{\"@type\":\"ImageObject\",\"inLanguage\":\"cs\",\"@id\":\"https:\\\/\\\/shopatoa.com\\\/cz\\\/#\\\/schema\\\/logo\\\/image\\\/\",\"url\":\"https:\\\/\\\/storage.googleapis.com\\\/cz-shopatoa-img\\\/cz\\\/ebccf434-shopatoa_logo.png\",\"contentUrl\":\"https:\\\/\\\/storage.googleapis.com\\\/cz-shopatoa-img\\\/cz\\\/ebccf434-shopatoa_logo.png\",\"width\":416,\"height\":63,\"caption\":\"SHOPATOA Digital s.r.o.\"},\"image\":{\"@id\":\"https:\\\/\\\/shopatoa.com\\\/cz\\\/#\\\/schema\\\/logo\\\/image\\\/\"}}]}<\/script>\n<!-- \/ Yoast SEO plugin. -->","yoast_head_json":{"title":"Tetra Delica Mix 250ml - SHOPATOA.COM","robots":{"index":"index","follow":"follow","max-snippet":"max-snippet:-1","max-image-preview":"max-image-preview:large","max-video-preview":"max-video-preview:-1"},"canonical":"https:\/\/shopatoa.com\/cz\/tetra-delica-mix-250ml\/","og_locale":"cs_CZ","og_type":"article","og_title":"Tetra Delica Mix 250ml - SHOPATOA.COM","og_description":"Dopl\u0148kov\u00e9 krmivo pro v\u0161echny druhy akvarijn\u00edch rybek. Modern\u00ed dopl\u0148kov\u00e9 krmivo rozd\u011blen\u00e9 do 4 p\u0159ihr\u00e1dek: Dafnie 29%, krevety 18%, kril 29%, ble\u0161ivci 24%. TetraDelica Mix je dokonal\u00e9 dopl\u0148kov\u00e9 krmivo ke v\u0161em z\u00e1kladn\u00edm krmiv\u016fm Tetra na podporu pestr\u00e9 stravy vhodn\u00e9 pro konkr\u00e9tn\u00ed druhy. Pe\u010dliv\u011b mrazem nebo sluncem su\u0161en\u00e9 p\u0159\u00edrodn\u00ed krmivo pro zaji\u0161t\u011bn\u00ed optim\u00e1ln\u00ed nutri\u010dn\u00ed hodnoty a kvality....","og_url":"https:\/\/shopatoa.com\/cz\/tetra-delica-mix-250ml\/","og_site_name":"SHOPATOA","article_modified_time":"2026-02-01T01:29:21+00:00","og_image":[{"width":600,"height":600,"url":"https:\/\/storage.googleapis.com\/cz-shopatoa-img\/cz\/6cb2239a-1_60373.jpg","type":"image\/jpeg"}],"twitter_card":"summary_large_image","twitter_misc":{"Odhadovan\u00e1 doba \u010dten\u00ed":"1 minuta"},"schema":{"@context":"https:\/\/schema.org","@graph":[{"@type":"WebPage","@id":"https:\/\/shopatoa.com\/cz\/tetra-delica-mix-250ml\/","url":"https:\/\/shopatoa.com\/cz\/tetra-delica-mix-250ml\/","name":"Tetra Delica Mix 250ml - SHOPATOA.COM","isPartOf":{"@id":"https:\/\/shopatoa.com\/cz\/#website"},"primaryImageOfPage":{"@id":"https:\/\/shopatoa.com\/cz\/tetra-delica-mix-250ml\/#primaryimage"},"image":{"@id":"https:\/\/shopatoa.com\/cz\/tetra-delica-mix-250ml\/#primaryimage"},"thumbnailUrl":"https:\/\/storage.googleapis.com\/cz-shopatoa-img\/cz\/6cb2239a-1_60373.jpg","datePublished":"2025-04-03T00:45:31+00:00","dateModified":"2026-02-01T01:29:21+00:00","breadcrumb":{"@id":"https:\/\/shopatoa.com\/cz\/tetra-delica-mix-250ml\/#breadcrumb"},"inLanguage":"cs","potentialAction":[{"@type":"ReadAction","target":["https:\/\/shopatoa.com\/cz\/tetra-delica-mix-250ml\/"]}]},{"@type":"ImageObject","inLanguage":"cs","@id":"https:\/\/shopatoa.com\/cz\/tetra-delica-mix-250ml\/#primaryimage","url":"https:\/\/storage.googleapis.com\/cz-shopatoa-img\/cz\/6cb2239a-1_60373.jpg","contentUrl":"https:\/\/storage.googleapis.com\/cz-shopatoa-img\/cz\/6cb2239a-1_60373.jpg","width":600,"height":600},{"@type":"BreadcrumbList","@id":"https:\/\/shopatoa.com\/cz\/tetra-delica-mix-250ml\/#breadcrumb","itemListElement":[{"@type":"ListItem","position":1,"name":"Dom\u016f","item":"https:\/\/shopatoa.com\/cz\/"},{"@type":"ListItem","position":2,"name":"Produkty","item":"https:\/\/shopatoa.com\/cz\/shop\/"},{"@type":"ListItem","position":3,"name":"Chovatelsk\u00e9 pot\u0159eby","item":"https:\/\/shopatoa.com\/cz\/chovatelske-potreby-2\/"},{"@type":"ListItem","position":4,"name":"Akvaristika","item":"https:\/\/shopatoa.com\/cz\/akvaristika\/"},{"@type":"ListItem","position":5,"name":"Krmivo pro ryby","item":"https:\/\/shopatoa.com\/cz\/krmivo-pro-ryby\/"},{"@type":"ListItem","position":6,"name":"Tetra Delica Mix 250ml"}]},{"@type":"WebSite","@id":"https:\/\/shopatoa.com\/cz\/#website","url":"https:\/\/shopatoa.com\/cz\/","name":"SHOPATOA","description":"","publisher":{"@id":"https:\/\/shopatoa.com\/cz\/#organization"},"potentialAction":[{"@type":"SearchAction","target":{"@type":"EntryPoint","urlTemplate":"https:\/\/shopatoa.com\/cz\/?s={search_term_string}"},"query-input":{"@type":"PropertyValueSpecification","valueRequired":true,"valueName":"search_term_string"}}],"inLanguage":"cs"},{"@type":"Organization","@id":"https:\/\/shopatoa.com\/cz\/#organization","name":"SHOPATOA Digital s.r.o.","url":"https:\/\/shopatoa.com\/cz\/","logo":{"@type":"ImageObject","inLanguage":"cs","@id":"https:\/\/shopatoa.com\/cz\/#\/schema\/logo\/image\/","url":"https:\/\/storage.googleapis.com\/cz-shopatoa-img\/cz\/ebccf434-shopatoa_logo.png","contentUrl":"https:\/\/storage.googleapis.com\/cz-shopatoa-img\/cz\/ebccf434-shopatoa_logo.png","width":416,"height":63,"caption":"SHOPATOA Digital s.r.o."},"image":{"@id":"https:\/\/shopatoa.com\/cz\/#\/schema\/logo\/image\/"}}]}},"_links":{"self":[{"href":"https:\/\/shopatoa.com\/cz\/wp-json\/wp\/v2\/product\/248548","targetHints":{"allow":["GET"]}}],"collection":[{"href":"https:\/\/shopatoa.com\/cz\/wp-json\/wp\/v2\/product"}],"about":[{"href":"https:\/\/shopatoa.com\/cz\/wp-json\/wp\/v2\/types\/product"}],"replies":[{"embeddable":true,"href":"https:\/\/shopatoa.com\/cz\/wp-json\/wp\/v2\/comments?post=248548"}],"wp:featuredmedia":[{"embeddable":true,"href":"https:\/\/shopatoa.com\/cz\/wp-json\/wp\/v2\/media\/248549"}],"wp:attachment":[{"href":"https:\/\/shopatoa.com\/cz\/wp-json\/wp\/v2\/media?parent=248548"}],"wp:term":[{"taxonomy":"product_brand","embeddable":true,"href":"https:\/\/shopatoa.com\/cz\/wp-json\/wp\/v2\/product_brand?post=248548"},{"taxonomy":"product_cat","embeddable":true,"href":"https:\/\/shopatoa.com\/cz\/wp-json\/wp\/v2\/product_cat?post=248548"},{"taxonomy":"product_tag","embeddable":true,"href":"https:\/\/shopatoa.com\/cz\/wp-json\/wp\/v2\/product_tag?post=248548"}],"curies":[{"name":"wp","href":"https:\/\/api.w.org\/{rel}","templated":true}]}}