{"id":248710,"date":"2025-04-03T03:15:39","date_gmt":"2025-04-03T01:15:39","guid":{"rendered":"https:\/\/shopatoa.com\/cz\/?post_type=product&#038;p=248710"},"modified":"2026-02-01T23:39:15","modified_gmt":"2026-02-01T22:39:15","slug":"hracka-tamer-aport-maly","status":"publish","type":"product","link":"https:\/\/shopatoa.com\/cz\/hracka-tamer-aport-maly\/","title":{"rendered":"Hra\u010dka Tamer Aport mal\u00fd"},"content":{"rendered":"<p>Provazov\u00e1 hra\u010dka vhodn\u00e1 pro z\u00e1bavu i pro tr\u00e9nink.<\/p>\n<p>Je ru\u010dn\u011b pleten\u00e1 a velmi dob\u0159e l\u00e9t\u00e1.<\/p>\n<p>D\u00edky kvalitn\u00edmu materi\u00e1lu m\u00e1 dlouhou \u017eivotnost a p\u0159i \u010dast\u00e9m pou\u017e\u00edv\u00e1n\u00ed \u010dist\u00ed zuby.<\/p>\n<p>Pr\u016fm\u011br m\u00ed\u010dku 4 &#8211; 6 cm, celkov\u00e1 d\u00e9lka hra\u010dky 37 &#8211; 42 cm.\u00a0<\/p>\n<p>Barva z\u00e1vis\u00ed na aktu\u00e1ln\u00ed skladov\u00e9 z\u00e1sob\u011b.<\/p>\n","protected":false},"excerpt":{"rendered":"<p>Provazov\u00e1 hra\u010dka vhodn\u00e1 pro z\u00e1bavu i pro tr\u00e9nink. Je ru\u010dn\u011b pleten\u00e1 a velmi dob\u0159e l\u00e9t\u00e1. D\u00edky kvalitn\u00edmu materi\u00e1lu m\u00e1 dlouhou \u017eivotnost a p\u0159i \u010dast\u00e9m pou\u017e\u00edv\u00e1n\u00ed \u010dist\u00ed zuby. Pr\u016fm\u011br m\u00ed\u010dku 4 &#8211; 6 cm, celkov\u00e1 d\u00e9lka hra\u010dky 37 &#8211; 42 cm.\u00a0 Barva z\u00e1vis\u00ed na aktu\u00e1ln\u00ed skladov\u00e9 z\u00e1sob\u011b.<\/p>\n","protected":false},"featured_media":248711,"comment_status":"closed","ping_status":"open","template":"","meta":{"_acf_changed":false,"_kadence_starter_templates_imported_post":false,"_kad_post_transparent":"","_kad_post_title":"","_kad_post_layout":"","_kad_post_sidebar_id":"","_kad_post_content_style":"","_kad_post_vertical_padding":"","_kad_post_feature":"","_kad_post_feature_position":"","_kad_post_header":false,"_kad_post_footer":false,"_kad_post_classname":""},"product_brand":[2735],"product_cat":[2540],"product_tag":[],"class_list":{"0":"post-248710","1":"product","2":"type-product","3":"status-publish","4":"has-post-thumbnail","6":"product_brand-tamer","7":"product_cat-hracky","8":"pa_obchod-superzoo-cz","10":"first","11":"instock","12":"product-type-external","13":"entry","14":"content-bg","15":"loop-entry"},"acf":[],"yoast_head":"<!-- This site is optimized with the Yoast SEO plugin v27.4 - https:\/\/yoast.com\/product\/yoast-seo-wordpress\/ -->\n<title>Hra\u010dka Tamer Aport mal\u00fd - SHOPATOA.COM<\/title>\n<meta name=\"robots\" content=\"index, follow, max-snippet:-1, max-image-preview:large, max-video-preview:-1\" \/>\n<link rel=\"canonical\" href=\"https:\/\/shopatoa.com\/cz\/hracka-tamer-aport-maly\/\" \/>\n<meta property=\"og:locale\" content=\"cs_CZ\" \/>\n<meta property=\"og:type\" content=\"article\" \/>\n<meta property=\"og:title\" content=\"Hra\u010dka Tamer Aport mal\u00fd - SHOPATOA.COM\" \/>\n<meta property=\"og:description\" content=\"Provazov\u00e1 hra\u010dka vhodn\u00e1 pro z\u00e1bavu i pro tr\u00e9nink. Je ru\u010dn\u011b pleten\u00e1 a velmi dob\u0159e l\u00e9t\u00e1. D\u00edky kvalitn\u00edmu materi\u00e1lu m\u00e1 dlouhou \u017eivotnost a p\u0159i \u010dast\u00e9m pou\u017e\u00edv\u00e1n\u00ed \u010dist\u00ed zuby. Pr\u016fm\u011br m\u00ed\u010dku 4 &#8211; 6 cm, celkov\u00e1 d\u00e9lka hra\u010dky 37 &#8211; 42 cm.\u00a0 Barva z\u00e1vis\u00ed na aktu\u00e1ln\u00ed skladov\u00e9 z\u00e1sob\u011b.\" \/>\n<meta property=\"og:url\" content=\"https:\/\/shopatoa.com\/cz\/hracka-tamer-aport-maly\/\" \/>\n<meta property=\"og:site_name\" content=\"SHOPATOA\" \/>\n<meta property=\"article:modified_time\" content=\"2026-02-01T22:39:15+00:00\" \/>\n<meta property=\"og:image\" content=\"https:\/\/storage.googleapis.com\/cz-shopatoa-img\/cz\/42da01e5-1_58949.jpg\" \/>\n\t<meta property=\"og:image:width\" content=\"600\" \/>\n\t<meta property=\"og:image:height\" content=\"600\" \/>\n\t<meta property=\"og:image:type\" content=\"image\/jpeg\" \/>\n<meta name=\"twitter:card\" content=\"summary_large_image\" \/>\n<script type=\"application\/ld+json\" class=\"yoast-schema-graph\">{\"@context\":\"https:\\\/\\\/schema.org\",\"@graph\":[{\"@type\":\"WebPage\",\"@id\":\"https:\\\/\\\/shopatoa.com\\\/cz\\\/hracka-tamer-aport-maly\\\/\",\"url\":\"https:\\\/\\\/shopatoa.com\\\/cz\\\/hracka-tamer-aport-maly\\\/\",\"name\":\"Hra\u010dka Tamer Aport mal\u00fd - SHOPATOA.COM\",\"isPartOf\":{\"@id\":\"https:\\\/\\\/shopatoa.com\\\/cz\\\/#website\"},\"primaryImageOfPage\":{\"@id\":\"https:\\\/\\\/shopatoa.com\\\/cz\\\/hracka-tamer-aport-maly\\\/#primaryimage\"},\"image\":{\"@id\":\"https:\\\/\\\/shopatoa.com\\\/cz\\\/hracka-tamer-aport-maly\\\/#primaryimage\"},\"thumbnailUrl\":\"https:\\\/\\\/storage.googleapis.com\\\/cz-shopatoa-img\\\/cz\\\/42da01e5-1_58949.jpg\",\"datePublished\":\"2025-04-03T01:15:39+00:00\",\"dateModified\":\"2026-02-01T22:39:15+00:00\",\"breadcrumb\":{\"@id\":\"https:\\\/\\\/shopatoa.com\\\/cz\\\/hracka-tamer-aport-maly\\\/#breadcrumb\"},\"inLanguage\":\"cs\",\"potentialAction\":[{\"@type\":\"ReadAction\",\"target\":[\"https:\\\/\\\/shopatoa.com\\\/cz\\\/hracka-tamer-aport-maly\\\/\"]}]},{\"@type\":\"ImageObject\",\"inLanguage\":\"cs\",\"@id\":\"https:\\\/\\\/shopatoa.com\\\/cz\\\/hracka-tamer-aport-maly\\\/#primaryimage\",\"url\":\"https:\\\/\\\/storage.googleapis.com\\\/cz-shopatoa-img\\\/cz\\\/42da01e5-1_58949.jpg\",\"contentUrl\":\"https:\\\/\\\/storage.googleapis.com\\\/cz-shopatoa-img\\\/cz\\\/42da01e5-1_58949.jpg\",\"width\":600,\"height\":600},{\"@type\":\"BreadcrumbList\",\"@id\":\"https:\\\/\\\/shopatoa.com\\\/cz\\\/hracka-tamer-aport-maly\\\/#breadcrumb\",\"itemListElement\":[{\"@type\":\"ListItem\",\"position\":1,\"name\":\"Dom\u016f\",\"item\":\"https:\\\/\\\/shopatoa.com\\\/cz\\\/\"},{\"@type\":\"ListItem\",\"position\":2,\"name\":\"Produkty\",\"item\":\"https:\\\/\\\/shopatoa.com\\\/cz\\\/shop\\\/\"},{\"@type\":\"ListItem\",\"position\":3,\"name\":\"Hra\u010dky\",\"item\":\"https:\\\/\\\/shopatoa.com\\\/cz\\\/hracky\\\/\"},{\"@type\":\"ListItem\",\"position\":4,\"name\":\"Hra\u010dka Tamer Aport mal\u00fd\"}]},{\"@type\":\"WebSite\",\"@id\":\"https:\\\/\\\/shopatoa.com\\\/cz\\\/#website\",\"url\":\"https:\\\/\\\/shopatoa.com\\\/cz\\\/\",\"name\":\"SHOPATOA\",\"description\":\"\",\"publisher\":{\"@id\":\"https:\\\/\\\/shopatoa.com\\\/cz\\\/#organization\"},\"potentialAction\":[{\"@type\":\"SearchAction\",\"target\":{\"@type\":\"EntryPoint\",\"urlTemplate\":\"https:\\\/\\\/shopatoa.com\\\/cz\\\/?s={search_term_string}\"},\"query-input\":{\"@type\":\"PropertyValueSpecification\",\"valueRequired\":true,\"valueName\":\"search_term_string\"}}],\"inLanguage\":\"cs\"},{\"@type\":\"Organization\",\"@id\":\"https:\\\/\\\/shopatoa.com\\\/cz\\\/#organization\",\"name\":\"SHOPATOA Digital s.r.o.\",\"url\":\"https:\\\/\\\/shopatoa.com\\\/cz\\\/\",\"logo\":{\"@type\":\"ImageObject\",\"inLanguage\":\"cs\",\"@id\":\"https:\\\/\\\/shopatoa.com\\\/cz\\\/#\\\/schema\\\/logo\\\/image\\\/\",\"url\":\"https:\\\/\\\/storage.googleapis.com\\\/cz-shopatoa-img\\\/cz\\\/ebccf434-shopatoa_logo.png\",\"contentUrl\":\"https:\\\/\\\/storage.googleapis.com\\\/cz-shopatoa-img\\\/cz\\\/ebccf434-shopatoa_logo.png\",\"width\":416,\"height\":63,\"caption\":\"SHOPATOA Digital s.r.o.\"},\"image\":{\"@id\":\"https:\\\/\\\/shopatoa.com\\\/cz\\\/#\\\/schema\\\/logo\\\/image\\\/\"}}]}<\/script>\n<!-- \/ Yoast SEO plugin. -->","yoast_head_json":{"title":"Hra\u010dka Tamer Aport mal\u00fd - SHOPATOA.COM","robots":{"index":"index","follow":"follow","max-snippet":"max-snippet:-1","max-image-preview":"max-image-preview:large","max-video-preview":"max-video-preview:-1"},"canonical":"https:\/\/shopatoa.com\/cz\/hracka-tamer-aport-maly\/","og_locale":"cs_CZ","og_type":"article","og_title":"Hra\u010dka Tamer Aport mal\u00fd - SHOPATOA.COM","og_description":"Provazov\u00e1 hra\u010dka vhodn\u00e1 pro z\u00e1bavu i pro tr\u00e9nink. Je ru\u010dn\u011b pleten\u00e1 a velmi dob\u0159e l\u00e9t\u00e1. D\u00edky kvalitn\u00edmu materi\u00e1lu m\u00e1 dlouhou \u017eivotnost a p\u0159i \u010dast\u00e9m pou\u017e\u00edv\u00e1n\u00ed \u010dist\u00ed zuby. Pr\u016fm\u011br m\u00ed\u010dku 4 &#8211; 6 cm, celkov\u00e1 d\u00e9lka hra\u010dky 37 &#8211; 42 cm.\u00a0 Barva z\u00e1vis\u00ed na aktu\u00e1ln\u00ed skladov\u00e9 z\u00e1sob\u011b.","og_url":"https:\/\/shopatoa.com\/cz\/hracka-tamer-aport-maly\/","og_site_name":"SHOPATOA","article_modified_time":"2026-02-01T22:39:15+00:00","og_image":[{"width":600,"height":600,"url":"https:\/\/storage.googleapis.com\/cz-shopatoa-img\/cz\/42da01e5-1_58949.jpg","type":"image\/jpeg"}],"twitter_card":"summary_large_image","schema":{"@context":"https:\/\/schema.org","@graph":[{"@type":"WebPage","@id":"https:\/\/shopatoa.com\/cz\/hracka-tamer-aport-maly\/","url":"https:\/\/shopatoa.com\/cz\/hracka-tamer-aport-maly\/","name":"Hra\u010dka Tamer Aport mal\u00fd - SHOPATOA.COM","isPartOf":{"@id":"https:\/\/shopatoa.com\/cz\/#website"},"primaryImageOfPage":{"@id":"https:\/\/shopatoa.com\/cz\/hracka-tamer-aport-maly\/#primaryimage"},"image":{"@id":"https:\/\/shopatoa.com\/cz\/hracka-tamer-aport-maly\/#primaryimage"},"thumbnailUrl":"https:\/\/storage.googleapis.com\/cz-shopatoa-img\/cz\/42da01e5-1_58949.jpg","datePublished":"2025-04-03T01:15:39+00:00","dateModified":"2026-02-01T22:39:15+00:00","breadcrumb":{"@id":"https:\/\/shopatoa.com\/cz\/hracka-tamer-aport-maly\/#breadcrumb"},"inLanguage":"cs","potentialAction":[{"@type":"ReadAction","target":["https:\/\/shopatoa.com\/cz\/hracka-tamer-aport-maly\/"]}]},{"@type":"ImageObject","inLanguage":"cs","@id":"https:\/\/shopatoa.com\/cz\/hracka-tamer-aport-maly\/#primaryimage","url":"https:\/\/storage.googleapis.com\/cz-shopatoa-img\/cz\/42da01e5-1_58949.jpg","contentUrl":"https:\/\/storage.googleapis.com\/cz-shopatoa-img\/cz\/42da01e5-1_58949.jpg","width":600,"height":600},{"@type":"BreadcrumbList","@id":"https:\/\/shopatoa.com\/cz\/hracka-tamer-aport-maly\/#breadcrumb","itemListElement":[{"@type":"ListItem","position":1,"name":"Dom\u016f","item":"https:\/\/shopatoa.com\/cz\/"},{"@type":"ListItem","position":2,"name":"Produkty","item":"https:\/\/shopatoa.com\/cz\/shop\/"},{"@type":"ListItem","position":3,"name":"Hra\u010dky","item":"https:\/\/shopatoa.com\/cz\/hracky\/"},{"@type":"ListItem","position":4,"name":"Hra\u010dka Tamer Aport mal\u00fd"}]},{"@type":"WebSite","@id":"https:\/\/shopatoa.com\/cz\/#website","url":"https:\/\/shopatoa.com\/cz\/","name":"SHOPATOA","description":"","publisher":{"@id":"https:\/\/shopatoa.com\/cz\/#organization"},"potentialAction":[{"@type":"SearchAction","target":{"@type":"EntryPoint","urlTemplate":"https:\/\/shopatoa.com\/cz\/?s={search_term_string}"},"query-input":{"@type":"PropertyValueSpecification","valueRequired":true,"valueName":"search_term_string"}}],"inLanguage":"cs"},{"@type":"Organization","@id":"https:\/\/shopatoa.com\/cz\/#organization","name":"SHOPATOA Digital s.r.o.","url":"https:\/\/shopatoa.com\/cz\/","logo":{"@type":"ImageObject","inLanguage":"cs","@id":"https:\/\/shopatoa.com\/cz\/#\/schema\/logo\/image\/","url":"https:\/\/storage.googleapis.com\/cz-shopatoa-img\/cz\/ebccf434-shopatoa_logo.png","contentUrl":"https:\/\/storage.googleapis.com\/cz-shopatoa-img\/cz\/ebccf434-shopatoa_logo.png","width":416,"height":63,"caption":"SHOPATOA Digital s.r.o."},"image":{"@id":"https:\/\/shopatoa.com\/cz\/#\/schema\/logo\/image\/"}}]}},"_links":{"self":[{"href":"https:\/\/shopatoa.com\/cz\/wp-json\/wp\/v2\/product\/248710","targetHints":{"allow":["GET"]}}],"collection":[{"href":"https:\/\/shopatoa.com\/cz\/wp-json\/wp\/v2\/product"}],"about":[{"href":"https:\/\/shopatoa.com\/cz\/wp-json\/wp\/v2\/types\/product"}],"replies":[{"embeddable":true,"href":"https:\/\/shopatoa.com\/cz\/wp-json\/wp\/v2\/comments?post=248710"}],"wp:featuredmedia":[{"embeddable":true,"href":"https:\/\/shopatoa.com\/cz\/wp-json\/wp\/v2\/media\/248711"}],"wp:attachment":[{"href":"https:\/\/shopatoa.com\/cz\/wp-json\/wp\/v2\/media?parent=248710"}],"wp:term":[{"taxonomy":"product_brand","embeddable":true,"href":"https:\/\/shopatoa.com\/cz\/wp-json\/wp\/v2\/product_brand?post=248710"},{"taxonomy":"product_cat","embeddable":true,"href":"https:\/\/shopatoa.com\/cz\/wp-json\/wp\/v2\/product_cat?post=248710"},{"taxonomy":"product_tag","embeddable":true,"href":"https:\/\/shopatoa.com\/cz\/wp-json\/wp\/v2\/product_tag?post=248710"}],"curies":[{"name":"wp","href":"https:\/\/api.w.org\/{rel}","templated":true}]}}