{"id":248718,"date":"2025-04-03T03:16:13","date_gmt":"2025-04-03T01:16:13","guid":{"rendered":"https:\/\/shopatoa.com\/cz\/?post_type=product&#038;p=248718"},"modified":"2026-02-01T23:39:01","modified_gmt":"2026-02-01T22:39:01","slug":"pesek-tamer-maly","status":"publish","type":"product","link":"https:\/\/shopatoa.com\/cz\/pesek-tamer-maly\/","title":{"rendered":"Pe\u0161ek Tamer mal\u00fd"},"content":{"rendered":"<p>Kvalitn\u00ed, ru\u010dn\u011b pleten\u00fd lanov\u00fd pe\u0161ek je vhodn\u00fd jako p\u0159etahovadlo nebo pro aportov\u00e1n\u00ed.<\/p>\n<p>Pe\u0161ek je obl\u00edben v bull sportech jako skok vysoky\u0301 nebo wallclimbing, proto\u017ee se do n\u011bj velice dob\u0159e zakusuje a je odolny\u0301.<\/p>\n<p>Slou\u017e\u00ed jako p\u0159etahovadlo a je ur\u010den na aktivn\u00ed hran\u00ed se psem.<\/p>\n<p>\t\u0161ity\u0301 spoj chr\u00e1n\u011bny\u0301 gumou<br \/>\n\tp\u0159i \u010dast\u00e9m pou\u017e\u00edv\u00e1n\u00ed \u010dist\u00ed zuby<\/p>\n<p>D\u00e9lka t\u011bla 50-60 cm, pr\u016fm\u011br t\u011bla hra\u010dky\u00a03,5 cm.<\/p>\n<p>Barva z\u00e1vis\u00ed na aktu\u00e1ln\u00ed skladov\u00e9 z\u00e1sob\u011b.<\/p>\n","protected":false},"excerpt":{"rendered":"<p>Kvalitn\u00ed, ru\u010dn\u011b pleten\u00fd lanov\u00fd pe\u0161ek je vhodn\u00fd jako p\u0159etahovadlo nebo pro aportov\u00e1n\u00ed. Pe\u0161ek je obl\u00edben v bull sportech jako skok vysoky\u0301 nebo wallclimbing, proto\u017ee se do n\u011bj velice dob\u0159e zakusuje a je odolny\u0301. Slou\u017e\u00ed jako p\u0159etahovadlo a je ur\u010den na aktivn\u00ed hran\u00ed se psem. \u0161ity\u0301 spoj chr\u00e1n\u011bny\u0301 gumou p\u0159i \u010dast\u00e9m pou\u017e\u00edv\u00e1n\u00ed \u010dist\u00ed zuby D\u00e9lka t\u011bla&#8230;<\/p>\n","protected":false},"featured_media":248719,"comment_status":"closed","ping_status":"open","template":"","meta":{"_acf_changed":false,"_kadence_starter_templates_imported_post":false,"_kad_post_transparent":"","_kad_post_title":"","_kad_post_layout":"","_kad_post_sidebar_id":"","_kad_post_content_style":"","_kad_post_vertical_padding":"","_kad_post_feature":"","_kad_post_feature_position":"","_kad_post_header":false,"_kad_post_footer":false,"_kad_post_classname":""},"product_brand":[2735],"product_cat":[436,739,2546,2583,2582],"product_tag":[],"class_list":{"0":"post-248718","1":"product","2":"type-product","3":"status-publish","4":"has-post-thumbnail","6":"product_brand-tamer","7":"product_cat-chovatelske-potreby-2","8":"product_cat-pro-psy-chovatelske-potreby-2","9":"product_cat-vycvik-a-psi-sporty","10":"product_cat-vycvik-psa","11":"product_cat-zakladni-vycvikove-pomucky-pro-psy","12":"pa_obchod-superzoo-cz","14":"first","15":"instock","16":"product-type-external","17":"entry","18":"content-bg","19":"loop-entry"},"acf":[],"yoast_head":"<!-- This site is optimized with the Yoast SEO plugin v27.4 - https:\/\/yoast.com\/product\/yoast-seo-wordpress\/ -->\n<title>Pe\u0161ek Tamer mal\u00fd - SHOPATOA.COM<\/title>\n<meta name=\"robots\" content=\"index, follow, max-snippet:-1, max-image-preview:large, max-video-preview:-1\" \/>\n<link rel=\"canonical\" href=\"https:\/\/shopatoa.com\/cz\/pesek-tamer-maly\/\" \/>\n<meta property=\"og:locale\" content=\"cs_CZ\" \/>\n<meta property=\"og:type\" content=\"article\" \/>\n<meta property=\"og:title\" content=\"Pe\u0161ek Tamer mal\u00fd - SHOPATOA.COM\" \/>\n<meta property=\"og:description\" content=\"Kvalitn\u00ed, ru\u010dn\u011b pleten\u00fd lanov\u00fd pe\u0161ek je vhodn\u00fd jako p\u0159etahovadlo nebo pro aportov\u00e1n\u00ed. Pe\u0161ek je obl\u00edben v bull sportech jako skok vysoky\u0301 nebo wallclimbing, proto\u017ee se do n\u011bj velice dob\u0159e zakusuje a je odolny\u0301. Slou\u017e\u00ed jako p\u0159etahovadlo a je ur\u010den na aktivn\u00ed hran\u00ed se psem. \u0161ity\u0301 spoj chr\u00e1n\u011bny\u0301 gumou p\u0159i \u010dast\u00e9m pou\u017e\u00edv\u00e1n\u00ed \u010dist\u00ed zuby D\u00e9lka t\u011bla...\" \/>\n<meta property=\"og:url\" content=\"https:\/\/shopatoa.com\/cz\/pesek-tamer-maly\/\" \/>\n<meta property=\"og:site_name\" content=\"SHOPATOA\" \/>\n<meta property=\"article:modified_time\" content=\"2026-02-01T22:39:01+00:00\" \/>\n<meta property=\"og:image\" content=\"https:\/\/storage.googleapis.com\/cz-shopatoa-img\/cz\/fe4b24ee-1_58965.jpg\" \/>\n\t<meta property=\"og:image:width\" content=\"600\" \/>\n\t<meta property=\"og:image:height\" content=\"600\" \/>\n\t<meta property=\"og:image:type\" content=\"image\/jpeg\" \/>\n<meta name=\"twitter:card\" content=\"summary_large_image\" \/>\n<script type=\"application\/ld+json\" class=\"yoast-schema-graph\">{\"@context\":\"https:\\\/\\\/schema.org\",\"@graph\":[{\"@type\":\"WebPage\",\"@id\":\"https:\\\/\\\/shopatoa.com\\\/cz\\\/pesek-tamer-maly\\\/\",\"url\":\"https:\\\/\\\/shopatoa.com\\\/cz\\\/pesek-tamer-maly\\\/\",\"name\":\"Pe\u0161ek Tamer mal\u00fd - SHOPATOA.COM\",\"isPartOf\":{\"@id\":\"https:\\\/\\\/shopatoa.com\\\/cz\\\/#website\"},\"primaryImageOfPage\":{\"@id\":\"https:\\\/\\\/shopatoa.com\\\/cz\\\/pesek-tamer-maly\\\/#primaryimage\"},\"image\":{\"@id\":\"https:\\\/\\\/shopatoa.com\\\/cz\\\/pesek-tamer-maly\\\/#primaryimage\"},\"thumbnailUrl\":\"https:\\\/\\\/storage.googleapis.com\\\/cz-shopatoa-img\\\/cz\\\/fe4b24ee-1_58965.jpg\",\"datePublished\":\"2025-04-03T01:16:13+00:00\",\"dateModified\":\"2026-02-01T22:39:01+00:00\",\"breadcrumb\":{\"@id\":\"https:\\\/\\\/shopatoa.com\\\/cz\\\/pesek-tamer-maly\\\/#breadcrumb\"},\"inLanguage\":\"cs\",\"potentialAction\":[{\"@type\":\"ReadAction\",\"target\":[\"https:\\\/\\\/shopatoa.com\\\/cz\\\/pesek-tamer-maly\\\/\"]}]},{\"@type\":\"ImageObject\",\"inLanguage\":\"cs\",\"@id\":\"https:\\\/\\\/shopatoa.com\\\/cz\\\/pesek-tamer-maly\\\/#primaryimage\",\"url\":\"https:\\\/\\\/storage.googleapis.com\\\/cz-shopatoa-img\\\/cz\\\/fe4b24ee-1_58965.jpg\",\"contentUrl\":\"https:\\\/\\\/storage.googleapis.com\\\/cz-shopatoa-img\\\/cz\\\/fe4b24ee-1_58965.jpg\",\"width\":600,\"height\":600},{\"@type\":\"BreadcrumbList\",\"@id\":\"https:\\\/\\\/shopatoa.com\\\/cz\\\/pesek-tamer-maly\\\/#breadcrumb\",\"itemListElement\":[{\"@type\":\"ListItem\",\"position\":1,\"name\":\"Dom\u016f\",\"item\":\"https:\\\/\\\/shopatoa.com\\\/cz\\\/\"},{\"@type\":\"ListItem\",\"position\":2,\"name\":\"Produkty\",\"item\":\"https:\\\/\\\/shopatoa.com\\\/cz\\\/shop\\\/\"},{\"@type\":\"ListItem\",\"position\":3,\"name\":\"Chovatelsk\u00e9 pot\u0159eby\",\"item\":\"https:\\\/\\\/shopatoa.com\\\/cz\\\/chovatelske-potreby-2\\\/\"},{\"@type\":\"ListItem\",\"position\":4,\"name\":\"Pro psy\",\"item\":\"https:\\\/\\\/shopatoa.com\\\/cz\\\/pro-psy-chovatelske-potreby-2\\\/\"},{\"@type\":\"ListItem\",\"position\":5,\"name\":\"V\u00fdcvik a ps\u00ed sporty\",\"item\":\"https:\\\/\\\/shopatoa.com\\\/cz\\\/vycvik-a-psi-sporty\\\/\"},{\"@type\":\"ListItem\",\"position\":6,\"name\":\"Z\u00e1kladn\u00ed v\u00fdcvikov\u00e9 pom\u016fcky pro psy\",\"item\":\"https:\\\/\\\/shopatoa.com\\\/cz\\\/zakladni-vycvikove-pomucky-pro-psy\\\/\"},{\"@type\":\"ListItem\",\"position\":7,\"name\":\"V\u00fdcvik psa\",\"item\":\"https:\\\/\\\/shopatoa.com\\\/cz\\\/vycvik-psa\\\/\"},{\"@type\":\"ListItem\",\"position\":8,\"name\":\"Pe\u0161ek Tamer mal\u00fd\"}]},{\"@type\":\"WebSite\",\"@id\":\"https:\\\/\\\/shopatoa.com\\\/cz\\\/#website\",\"url\":\"https:\\\/\\\/shopatoa.com\\\/cz\\\/\",\"name\":\"SHOPATOA\",\"description\":\"\",\"publisher\":{\"@id\":\"https:\\\/\\\/shopatoa.com\\\/cz\\\/#organization\"},\"potentialAction\":[{\"@type\":\"SearchAction\",\"target\":{\"@type\":\"EntryPoint\",\"urlTemplate\":\"https:\\\/\\\/shopatoa.com\\\/cz\\\/?s={search_term_string}\"},\"query-input\":{\"@type\":\"PropertyValueSpecification\",\"valueRequired\":true,\"valueName\":\"search_term_string\"}}],\"inLanguage\":\"cs\"},{\"@type\":\"Organization\",\"@id\":\"https:\\\/\\\/shopatoa.com\\\/cz\\\/#organization\",\"name\":\"SHOPATOA Digital s.r.o.\",\"url\":\"https:\\\/\\\/shopatoa.com\\\/cz\\\/\",\"logo\":{\"@type\":\"ImageObject\",\"inLanguage\":\"cs\",\"@id\":\"https:\\\/\\\/shopatoa.com\\\/cz\\\/#\\\/schema\\\/logo\\\/image\\\/\",\"url\":\"https:\\\/\\\/storage.googleapis.com\\\/cz-shopatoa-img\\\/cz\\\/ebccf434-shopatoa_logo.png\",\"contentUrl\":\"https:\\\/\\\/storage.googleapis.com\\\/cz-shopatoa-img\\\/cz\\\/ebccf434-shopatoa_logo.png\",\"width\":416,\"height\":63,\"caption\":\"SHOPATOA Digital s.r.o.\"},\"image\":{\"@id\":\"https:\\\/\\\/shopatoa.com\\\/cz\\\/#\\\/schema\\\/logo\\\/image\\\/\"}}]}<\/script>\n<!-- \/ Yoast SEO plugin. -->","yoast_head_json":{"title":"Pe\u0161ek Tamer mal\u00fd - SHOPATOA.COM","robots":{"index":"index","follow":"follow","max-snippet":"max-snippet:-1","max-image-preview":"max-image-preview:large","max-video-preview":"max-video-preview:-1"},"canonical":"https:\/\/shopatoa.com\/cz\/pesek-tamer-maly\/","og_locale":"cs_CZ","og_type":"article","og_title":"Pe\u0161ek Tamer mal\u00fd - SHOPATOA.COM","og_description":"Kvalitn\u00ed, ru\u010dn\u011b pleten\u00fd lanov\u00fd pe\u0161ek je vhodn\u00fd jako p\u0159etahovadlo nebo pro aportov\u00e1n\u00ed. Pe\u0161ek je obl\u00edben v bull sportech jako skok vysoky\u0301 nebo wallclimbing, proto\u017ee se do n\u011bj velice dob\u0159e zakusuje a je odolny\u0301. Slou\u017e\u00ed jako p\u0159etahovadlo a je ur\u010den na aktivn\u00ed hran\u00ed se psem. \u0161ity\u0301 spoj chr\u00e1n\u011bny\u0301 gumou p\u0159i \u010dast\u00e9m pou\u017e\u00edv\u00e1n\u00ed \u010dist\u00ed zuby D\u00e9lka t\u011bla...","og_url":"https:\/\/shopatoa.com\/cz\/pesek-tamer-maly\/","og_site_name":"SHOPATOA","article_modified_time":"2026-02-01T22:39:01+00:00","og_image":[{"width":600,"height":600,"url":"https:\/\/storage.googleapis.com\/cz-shopatoa-img\/cz\/fe4b24ee-1_58965.jpg","type":"image\/jpeg"}],"twitter_card":"summary_large_image","schema":{"@context":"https:\/\/schema.org","@graph":[{"@type":"WebPage","@id":"https:\/\/shopatoa.com\/cz\/pesek-tamer-maly\/","url":"https:\/\/shopatoa.com\/cz\/pesek-tamer-maly\/","name":"Pe\u0161ek Tamer mal\u00fd - SHOPATOA.COM","isPartOf":{"@id":"https:\/\/shopatoa.com\/cz\/#website"},"primaryImageOfPage":{"@id":"https:\/\/shopatoa.com\/cz\/pesek-tamer-maly\/#primaryimage"},"image":{"@id":"https:\/\/shopatoa.com\/cz\/pesek-tamer-maly\/#primaryimage"},"thumbnailUrl":"https:\/\/storage.googleapis.com\/cz-shopatoa-img\/cz\/fe4b24ee-1_58965.jpg","datePublished":"2025-04-03T01:16:13+00:00","dateModified":"2026-02-01T22:39:01+00:00","breadcrumb":{"@id":"https:\/\/shopatoa.com\/cz\/pesek-tamer-maly\/#breadcrumb"},"inLanguage":"cs","potentialAction":[{"@type":"ReadAction","target":["https:\/\/shopatoa.com\/cz\/pesek-tamer-maly\/"]}]},{"@type":"ImageObject","inLanguage":"cs","@id":"https:\/\/shopatoa.com\/cz\/pesek-tamer-maly\/#primaryimage","url":"https:\/\/storage.googleapis.com\/cz-shopatoa-img\/cz\/fe4b24ee-1_58965.jpg","contentUrl":"https:\/\/storage.googleapis.com\/cz-shopatoa-img\/cz\/fe4b24ee-1_58965.jpg","width":600,"height":600},{"@type":"BreadcrumbList","@id":"https:\/\/shopatoa.com\/cz\/pesek-tamer-maly\/#breadcrumb","itemListElement":[{"@type":"ListItem","position":1,"name":"Dom\u016f","item":"https:\/\/shopatoa.com\/cz\/"},{"@type":"ListItem","position":2,"name":"Produkty","item":"https:\/\/shopatoa.com\/cz\/shop\/"},{"@type":"ListItem","position":3,"name":"Chovatelsk\u00e9 pot\u0159eby","item":"https:\/\/shopatoa.com\/cz\/chovatelske-potreby-2\/"},{"@type":"ListItem","position":4,"name":"Pro psy","item":"https:\/\/shopatoa.com\/cz\/pro-psy-chovatelske-potreby-2\/"},{"@type":"ListItem","position":5,"name":"V\u00fdcvik a ps\u00ed sporty","item":"https:\/\/shopatoa.com\/cz\/vycvik-a-psi-sporty\/"},{"@type":"ListItem","position":6,"name":"Z\u00e1kladn\u00ed v\u00fdcvikov\u00e9 pom\u016fcky pro psy","item":"https:\/\/shopatoa.com\/cz\/zakladni-vycvikove-pomucky-pro-psy\/"},{"@type":"ListItem","position":7,"name":"V\u00fdcvik psa","item":"https:\/\/shopatoa.com\/cz\/vycvik-psa\/"},{"@type":"ListItem","position":8,"name":"Pe\u0161ek Tamer mal\u00fd"}]},{"@type":"WebSite","@id":"https:\/\/shopatoa.com\/cz\/#website","url":"https:\/\/shopatoa.com\/cz\/","name":"SHOPATOA","description":"","publisher":{"@id":"https:\/\/shopatoa.com\/cz\/#organization"},"potentialAction":[{"@type":"SearchAction","target":{"@type":"EntryPoint","urlTemplate":"https:\/\/shopatoa.com\/cz\/?s={search_term_string}"},"query-input":{"@type":"PropertyValueSpecification","valueRequired":true,"valueName":"search_term_string"}}],"inLanguage":"cs"},{"@type":"Organization","@id":"https:\/\/shopatoa.com\/cz\/#organization","name":"SHOPATOA Digital s.r.o.","url":"https:\/\/shopatoa.com\/cz\/","logo":{"@type":"ImageObject","inLanguage":"cs","@id":"https:\/\/shopatoa.com\/cz\/#\/schema\/logo\/image\/","url":"https:\/\/storage.googleapis.com\/cz-shopatoa-img\/cz\/ebccf434-shopatoa_logo.png","contentUrl":"https:\/\/storage.googleapis.com\/cz-shopatoa-img\/cz\/ebccf434-shopatoa_logo.png","width":416,"height":63,"caption":"SHOPATOA Digital s.r.o."},"image":{"@id":"https:\/\/shopatoa.com\/cz\/#\/schema\/logo\/image\/"}}]}},"_links":{"self":[{"href":"https:\/\/shopatoa.com\/cz\/wp-json\/wp\/v2\/product\/248718","targetHints":{"allow":["GET"]}}],"collection":[{"href":"https:\/\/shopatoa.com\/cz\/wp-json\/wp\/v2\/product"}],"about":[{"href":"https:\/\/shopatoa.com\/cz\/wp-json\/wp\/v2\/types\/product"}],"replies":[{"embeddable":true,"href":"https:\/\/shopatoa.com\/cz\/wp-json\/wp\/v2\/comments?post=248718"}],"wp:featuredmedia":[{"embeddable":true,"href":"https:\/\/shopatoa.com\/cz\/wp-json\/wp\/v2\/media\/248719"}],"wp:attachment":[{"href":"https:\/\/shopatoa.com\/cz\/wp-json\/wp\/v2\/media?parent=248718"}],"wp:term":[{"taxonomy":"product_brand","embeddable":true,"href":"https:\/\/shopatoa.com\/cz\/wp-json\/wp\/v2\/product_brand?post=248718"},{"taxonomy":"product_cat","embeddable":true,"href":"https:\/\/shopatoa.com\/cz\/wp-json\/wp\/v2\/product_cat?post=248718"},{"taxonomy":"product_tag","embeddable":true,"href":"https:\/\/shopatoa.com\/cz\/wp-json\/wp\/v2\/product_tag?post=248718"}],"curies":[{"name":"wp","href":"https:\/\/api.w.org\/{rel}","templated":true}]}}