{"id":248726,"date":"2025-04-03T03:16:47","date_gmt":"2025-04-03T01:16:47","guid":{"rendered":"https:\/\/shopatoa.com\/cz\/?post_type=product&#038;p=248726"},"modified":"2026-02-01T23:38:57","modified_gmt":"2026-02-01T22:38:57","slug":"stopovacka-tamer-10m","status":"publish","type":"product","link":"https:\/\/shopatoa.com\/cz\/stopovacka-tamer-10m\/","title":{"rendered":"Stopova\u010dka Tamer 10m"},"content":{"rendered":"<p>Stopovac\u00ed vod\u00edtko vhodn\u00e9 pro del\u0161\u00ed vych\u00e1zky, vynikaj\u00edc\u00ed pomocn\u00edk p\u0159i stopov\u00e1n\u00ed, vy\u0301cvik nebo tr\u00e9nink.<\/p>\n<p>Konec vod\u00edtka lze pohodln\u011b rozmotat, aby stopova\u010dka m\u011bla volny\u0301 konec.<\/p>\n<p>Vyrobeno z\u00a0kvalitn\u00edho horolezeck\u00e9ho lana.<\/p>\n<p>Barva z\u00e1vis\u00ed na aktu\u00e1ln\u00ed skladov\u00e9 z\u00e1sob\u011b.<\/p>\n","protected":false},"excerpt":{"rendered":"<p>Stopovac\u00ed vod\u00edtko vhodn\u00e9 pro del\u0161\u00ed vych\u00e1zky, vynikaj\u00edc\u00ed pomocn\u00edk p\u0159i stopov\u00e1n\u00ed, vy\u0301cvik nebo tr\u00e9nink. Konec vod\u00edtka lze pohodln\u011b rozmotat, aby stopova\u010dka m\u011bla volny\u0301 konec. Vyrobeno z\u00a0kvalitn\u00edho horolezeck\u00e9ho lana. Barva z\u00e1vis\u00ed na aktu\u00e1ln\u00ed skladov\u00e9 z\u00e1sob\u011b.<\/p>\n","protected":false},"featured_media":248727,"comment_status":"closed","ping_status":"open","template":"","meta":{"_acf_changed":false,"_kadence_starter_templates_imported_post":false,"_kad_post_transparent":"","_kad_post_title":"","_kad_post_layout":"","_kad_post_sidebar_id":"","_kad_post_content_style":"","_kad_post_vertical_padding":"","_kad_post_feature":"","_kad_post_feature_position":"","_kad_post_header":false,"_kad_post_footer":false,"_kad_post_classname":""},"product_brand":[2735],"product_cat":[436,2506,739,2633],"product_tag":[],"class_list":{"0":"post-248726","1":"product","2":"type-product","3":"status-publish","4":"has-post-thumbnail","6":"product_brand-tamer","7":"product_cat-chovatelske-potreby-2","8":"product_cat-obojky-a-voditka-pro-psy","9":"product_cat-pro-psy-chovatelske-potreby-2","10":"product_cat-voditka-pro-psy","11":"pa_obchod-superzoo-cz","13":"first","14":"instock","15":"product-type-external","16":"entry","17":"content-bg","18":"loop-entry"},"acf":[],"yoast_head":"<!-- This site is optimized with the Yoast SEO plugin v27.4 - https:\/\/yoast.com\/product\/yoast-seo-wordpress\/ -->\n<title>Stopova\u010dka Tamer 10m - SHOPATOA.COM<\/title>\n<meta name=\"robots\" content=\"index, follow, max-snippet:-1, max-image-preview:large, max-video-preview:-1\" \/>\n<link rel=\"canonical\" href=\"https:\/\/shopatoa.com\/cz\/stopovacka-tamer-10m\/\" \/>\n<meta property=\"og:locale\" content=\"cs_CZ\" \/>\n<meta property=\"og:type\" content=\"article\" \/>\n<meta property=\"og:title\" content=\"Stopova\u010dka Tamer 10m - SHOPATOA.COM\" \/>\n<meta property=\"og:description\" content=\"Stopovac\u00ed vod\u00edtko vhodn\u00e9 pro del\u0161\u00ed vych\u00e1zky, vynikaj\u00edc\u00ed pomocn\u00edk p\u0159i stopov\u00e1n\u00ed, vy\u0301cvik nebo tr\u00e9nink. Konec vod\u00edtka lze pohodln\u011b rozmotat, aby stopova\u010dka m\u011bla volny\u0301 konec. Vyrobeno z\u00a0kvalitn\u00edho horolezeck\u00e9ho lana. Barva z\u00e1vis\u00ed na aktu\u00e1ln\u00ed skladov\u00e9 z\u00e1sob\u011b.\" \/>\n<meta property=\"og:url\" content=\"https:\/\/shopatoa.com\/cz\/stopovacka-tamer-10m\/\" \/>\n<meta property=\"og:site_name\" content=\"SHOPATOA\" \/>\n<meta property=\"article:modified_time\" content=\"2026-02-01T22:38:57+00:00\" \/>\n<meta property=\"og:image\" content=\"https:\/\/storage.googleapis.com\/cz-shopatoa-img\/cz\/2ee81d5b-1_58980.jpg\" \/>\n\t<meta property=\"og:image:width\" content=\"600\" \/>\n\t<meta property=\"og:image:height\" content=\"600\" \/>\n\t<meta property=\"og:image:type\" content=\"image\/jpeg\" \/>\n<meta name=\"twitter:card\" content=\"summary_large_image\" \/>\n<script type=\"application\/ld+json\" class=\"yoast-schema-graph\">{\"@context\":\"https:\\\/\\\/schema.org\",\"@graph\":[{\"@type\":\"WebPage\",\"@id\":\"https:\\\/\\\/shopatoa.com\\\/cz\\\/stopovacka-tamer-10m\\\/\",\"url\":\"https:\\\/\\\/shopatoa.com\\\/cz\\\/stopovacka-tamer-10m\\\/\",\"name\":\"Stopova\u010dka Tamer 10m - SHOPATOA.COM\",\"isPartOf\":{\"@id\":\"https:\\\/\\\/shopatoa.com\\\/cz\\\/#website\"},\"primaryImageOfPage\":{\"@id\":\"https:\\\/\\\/shopatoa.com\\\/cz\\\/stopovacka-tamer-10m\\\/#primaryimage\"},\"image\":{\"@id\":\"https:\\\/\\\/shopatoa.com\\\/cz\\\/stopovacka-tamer-10m\\\/#primaryimage\"},\"thumbnailUrl\":\"https:\\\/\\\/storage.googleapis.com\\\/cz-shopatoa-img\\\/cz\\\/2ee81d5b-1_58980.jpg\",\"datePublished\":\"2025-04-03T01:16:47+00:00\",\"dateModified\":\"2026-02-01T22:38:57+00:00\",\"breadcrumb\":{\"@id\":\"https:\\\/\\\/shopatoa.com\\\/cz\\\/stopovacka-tamer-10m\\\/#breadcrumb\"},\"inLanguage\":\"cs\",\"potentialAction\":[{\"@type\":\"ReadAction\",\"target\":[\"https:\\\/\\\/shopatoa.com\\\/cz\\\/stopovacka-tamer-10m\\\/\"]}]},{\"@type\":\"ImageObject\",\"inLanguage\":\"cs\",\"@id\":\"https:\\\/\\\/shopatoa.com\\\/cz\\\/stopovacka-tamer-10m\\\/#primaryimage\",\"url\":\"https:\\\/\\\/storage.googleapis.com\\\/cz-shopatoa-img\\\/cz\\\/2ee81d5b-1_58980.jpg\",\"contentUrl\":\"https:\\\/\\\/storage.googleapis.com\\\/cz-shopatoa-img\\\/cz\\\/2ee81d5b-1_58980.jpg\",\"width\":600,\"height\":600},{\"@type\":\"BreadcrumbList\",\"@id\":\"https:\\\/\\\/shopatoa.com\\\/cz\\\/stopovacka-tamer-10m\\\/#breadcrumb\",\"itemListElement\":[{\"@type\":\"ListItem\",\"position\":1,\"name\":\"Dom\u016f\",\"item\":\"https:\\\/\\\/shopatoa.com\\\/cz\\\/\"},{\"@type\":\"ListItem\",\"position\":2,\"name\":\"Produkty\",\"item\":\"https:\\\/\\\/shopatoa.com\\\/cz\\\/shop\\\/\"},{\"@type\":\"ListItem\",\"position\":3,\"name\":\"Chovatelsk\u00e9 pot\u0159eby\",\"item\":\"https:\\\/\\\/shopatoa.com\\\/cz\\\/chovatelske-potreby-2\\\/\"},{\"@type\":\"ListItem\",\"position\":4,\"name\":\"Pro psy\",\"item\":\"https:\\\/\\\/shopatoa.com\\\/cz\\\/pro-psy-chovatelske-potreby-2\\\/\"},{\"@type\":\"ListItem\",\"position\":5,\"name\":\"Obojky a vod\u00edtka pro psy\",\"item\":\"https:\\\/\\\/shopatoa.com\\\/cz\\\/obojky-a-voditka-pro-psy\\\/\"},{\"@type\":\"ListItem\",\"position\":6,\"name\":\"Vod\u00edtka pro psy\",\"item\":\"https:\\\/\\\/shopatoa.com\\\/cz\\\/voditka-pro-psy\\\/\"},{\"@type\":\"ListItem\",\"position\":7,\"name\":\"Stopova\u010dka Tamer 10m\"}]},{\"@type\":\"WebSite\",\"@id\":\"https:\\\/\\\/shopatoa.com\\\/cz\\\/#website\",\"url\":\"https:\\\/\\\/shopatoa.com\\\/cz\\\/\",\"name\":\"SHOPATOA\",\"description\":\"\",\"publisher\":{\"@id\":\"https:\\\/\\\/shopatoa.com\\\/cz\\\/#organization\"},\"potentialAction\":[{\"@type\":\"SearchAction\",\"target\":{\"@type\":\"EntryPoint\",\"urlTemplate\":\"https:\\\/\\\/shopatoa.com\\\/cz\\\/?s={search_term_string}\"},\"query-input\":{\"@type\":\"PropertyValueSpecification\",\"valueRequired\":true,\"valueName\":\"search_term_string\"}}],\"inLanguage\":\"cs\"},{\"@type\":\"Organization\",\"@id\":\"https:\\\/\\\/shopatoa.com\\\/cz\\\/#organization\",\"name\":\"SHOPATOA Digital s.r.o.\",\"url\":\"https:\\\/\\\/shopatoa.com\\\/cz\\\/\",\"logo\":{\"@type\":\"ImageObject\",\"inLanguage\":\"cs\",\"@id\":\"https:\\\/\\\/shopatoa.com\\\/cz\\\/#\\\/schema\\\/logo\\\/image\\\/\",\"url\":\"https:\\\/\\\/storage.googleapis.com\\\/cz-shopatoa-img\\\/cz\\\/ebccf434-shopatoa_logo.png\",\"contentUrl\":\"https:\\\/\\\/storage.googleapis.com\\\/cz-shopatoa-img\\\/cz\\\/ebccf434-shopatoa_logo.png\",\"width\":416,\"height\":63,\"caption\":\"SHOPATOA Digital s.r.o.\"},\"image\":{\"@id\":\"https:\\\/\\\/shopatoa.com\\\/cz\\\/#\\\/schema\\\/logo\\\/image\\\/\"}}]}<\/script>\n<!-- \/ Yoast SEO plugin. -->","yoast_head_json":{"title":"Stopova\u010dka Tamer 10m - SHOPATOA.COM","robots":{"index":"index","follow":"follow","max-snippet":"max-snippet:-1","max-image-preview":"max-image-preview:large","max-video-preview":"max-video-preview:-1"},"canonical":"https:\/\/shopatoa.com\/cz\/stopovacka-tamer-10m\/","og_locale":"cs_CZ","og_type":"article","og_title":"Stopova\u010dka Tamer 10m - SHOPATOA.COM","og_description":"Stopovac\u00ed vod\u00edtko vhodn\u00e9 pro del\u0161\u00ed vych\u00e1zky, vynikaj\u00edc\u00ed pomocn\u00edk p\u0159i stopov\u00e1n\u00ed, vy\u0301cvik nebo tr\u00e9nink. Konec vod\u00edtka lze pohodln\u011b rozmotat, aby stopova\u010dka m\u011bla volny\u0301 konec. Vyrobeno z\u00a0kvalitn\u00edho horolezeck\u00e9ho lana. Barva z\u00e1vis\u00ed na aktu\u00e1ln\u00ed skladov\u00e9 z\u00e1sob\u011b.","og_url":"https:\/\/shopatoa.com\/cz\/stopovacka-tamer-10m\/","og_site_name":"SHOPATOA","article_modified_time":"2026-02-01T22:38:57+00:00","og_image":[{"width":600,"height":600,"url":"https:\/\/storage.googleapis.com\/cz-shopatoa-img\/cz\/2ee81d5b-1_58980.jpg","type":"image\/jpeg"}],"twitter_card":"summary_large_image","schema":{"@context":"https:\/\/schema.org","@graph":[{"@type":"WebPage","@id":"https:\/\/shopatoa.com\/cz\/stopovacka-tamer-10m\/","url":"https:\/\/shopatoa.com\/cz\/stopovacka-tamer-10m\/","name":"Stopova\u010dka Tamer 10m - SHOPATOA.COM","isPartOf":{"@id":"https:\/\/shopatoa.com\/cz\/#website"},"primaryImageOfPage":{"@id":"https:\/\/shopatoa.com\/cz\/stopovacka-tamer-10m\/#primaryimage"},"image":{"@id":"https:\/\/shopatoa.com\/cz\/stopovacka-tamer-10m\/#primaryimage"},"thumbnailUrl":"https:\/\/storage.googleapis.com\/cz-shopatoa-img\/cz\/2ee81d5b-1_58980.jpg","datePublished":"2025-04-03T01:16:47+00:00","dateModified":"2026-02-01T22:38:57+00:00","breadcrumb":{"@id":"https:\/\/shopatoa.com\/cz\/stopovacka-tamer-10m\/#breadcrumb"},"inLanguage":"cs","potentialAction":[{"@type":"ReadAction","target":["https:\/\/shopatoa.com\/cz\/stopovacka-tamer-10m\/"]}]},{"@type":"ImageObject","inLanguage":"cs","@id":"https:\/\/shopatoa.com\/cz\/stopovacka-tamer-10m\/#primaryimage","url":"https:\/\/storage.googleapis.com\/cz-shopatoa-img\/cz\/2ee81d5b-1_58980.jpg","contentUrl":"https:\/\/storage.googleapis.com\/cz-shopatoa-img\/cz\/2ee81d5b-1_58980.jpg","width":600,"height":600},{"@type":"BreadcrumbList","@id":"https:\/\/shopatoa.com\/cz\/stopovacka-tamer-10m\/#breadcrumb","itemListElement":[{"@type":"ListItem","position":1,"name":"Dom\u016f","item":"https:\/\/shopatoa.com\/cz\/"},{"@type":"ListItem","position":2,"name":"Produkty","item":"https:\/\/shopatoa.com\/cz\/shop\/"},{"@type":"ListItem","position":3,"name":"Chovatelsk\u00e9 pot\u0159eby","item":"https:\/\/shopatoa.com\/cz\/chovatelske-potreby-2\/"},{"@type":"ListItem","position":4,"name":"Pro psy","item":"https:\/\/shopatoa.com\/cz\/pro-psy-chovatelske-potreby-2\/"},{"@type":"ListItem","position":5,"name":"Obojky a vod\u00edtka pro psy","item":"https:\/\/shopatoa.com\/cz\/obojky-a-voditka-pro-psy\/"},{"@type":"ListItem","position":6,"name":"Vod\u00edtka pro psy","item":"https:\/\/shopatoa.com\/cz\/voditka-pro-psy\/"},{"@type":"ListItem","position":7,"name":"Stopova\u010dka Tamer 10m"}]},{"@type":"WebSite","@id":"https:\/\/shopatoa.com\/cz\/#website","url":"https:\/\/shopatoa.com\/cz\/","name":"SHOPATOA","description":"","publisher":{"@id":"https:\/\/shopatoa.com\/cz\/#organization"},"potentialAction":[{"@type":"SearchAction","target":{"@type":"EntryPoint","urlTemplate":"https:\/\/shopatoa.com\/cz\/?s={search_term_string}"},"query-input":{"@type":"PropertyValueSpecification","valueRequired":true,"valueName":"search_term_string"}}],"inLanguage":"cs"},{"@type":"Organization","@id":"https:\/\/shopatoa.com\/cz\/#organization","name":"SHOPATOA Digital s.r.o.","url":"https:\/\/shopatoa.com\/cz\/","logo":{"@type":"ImageObject","inLanguage":"cs","@id":"https:\/\/shopatoa.com\/cz\/#\/schema\/logo\/image\/","url":"https:\/\/storage.googleapis.com\/cz-shopatoa-img\/cz\/ebccf434-shopatoa_logo.png","contentUrl":"https:\/\/storage.googleapis.com\/cz-shopatoa-img\/cz\/ebccf434-shopatoa_logo.png","width":416,"height":63,"caption":"SHOPATOA Digital s.r.o."},"image":{"@id":"https:\/\/shopatoa.com\/cz\/#\/schema\/logo\/image\/"}}]}},"_links":{"self":[{"href":"https:\/\/shopatoa.com\/cz\/wp-json\/wp\/v2\/product\/248726","targetHints":{"allow":["GET"]}}],"collection":[{"href":"https:\/\/shopatoa.com\/cz\/wp-json\/wp\/v2\/product"}],"about":[{"href":"https:\/\/shopatoa.com\/cz\/wp-json\/wp\/v2\/types\/product"}],"replies":[{"embeddable":true,"href":"https:\/\/shopatoa.com\/cz\/wp-json\/wp\/v2\/comments?post=248726"}],"wp:featuredmedia":[{"embeddable":true,"href":"https:\/\/shopatoa.com\/cz\/wp-json\/wp\/v2\/media\/248727"}],"wp:attachment":[{"href":"https:\/\/shopatoa.com\/cz\/wp-json\/wp\/v2\/media?parent=248726"}],"wp:term":[{"taxonomy":"product_brand","embeddable":true,"href":"https:\/\/shopatoa.com\/cz\/wp-json\/wp\/v2\/product_brand?post=248726"},{"taxonomy":"product_cat","embeddable":true,"href":"https:\/\/shopatoa.com\/cz\/wp-json\/wp\/v2\/product_cat?post=248726"},{"taxonomy":"product_tag","embeddable":true,"href":"https:\/\/shopatoa.com\/cz\/wp-json\/wp\/v2\/product_tag?post=248726"}],"curies":[{"name":"wp","href":"https:\/\/api.w.org\/{rel}","templated":true}]}}