{"id":248866,"date":"2025-04-03T03:45:12","date_gmt":"2025-04-03T01:45:12","guid":{"rendered":"https:\/\/shopatoa.com\/cz\/?post_type=product&#038;p=248866"},"modified":"2026-02-01T23:28:54","modified_gmt":"2026-02-01T22:28:54","slug":"obojek-active-dog-mystic-s-cerny-15x39-44cm","status":"publish","type":"product","link":"https:\/\/shopatoa.com\/cz\/obojek-active-dog-mystic-s-cerny-15x39-44cm\/","title":{"rendered":"Obojek Active Dog Mystic S \u010dern\u00fd 1,5&#215;39-44cm"},"content":{"rendered":"<p>Obojky Active Dog MYSTIC pro psy jsou kvalitn\u00ed pevn\u00e9 obojky ur\u010den\u00e9 pro psy v\u0161ech v\u011bkov\u00fdch i velikostn\u00edch kategori\u00ed.<\/p>\n<p>Maj\u00ed pevnou plastovou sponu, p\u0159ezku na p\u0159izp\u016fsoben\u00ed d\u00e9lky obojku, kovov\u00fd krou\u017eek pro vod\u00edtko a plastov\u00e9 o\u010dko pro zav\u011b\u0161en\u00ed zn\u00e1mky s kontaktn\u00edmi \u00fadaji. Ve v\u0161ech barevn\u00fdch variant\u00e1ch je nositelem zna\u010dky ps\u00ed tlapka um\u00edst\u011bn\u00e1 na gumov\u00e9m spoji.<\/p>\n<p>Nejv\u00edce nam\u00e1han\u00e1 \u010d\u00e1st obojku, kter\u00e1 z\u00e1rove\u0148 nej\u010dast\u011bji p\u0159il\u00e9h\u00e1 zv\u00ed\u0159eti na krk, je pod\u0161it\u00e1 m\u011bkk\u00fdm materi\u00e1lem pro zv\u00fd\u0161en\u00ed komfortu p\u0159i no\u0161en\u00ed a zabr\u00e1n\u011bn\u00ed vytrh\u00e1v\u00e1n\u00ed srsti v t\u00e9to oblasti.<\/p>\n<p>D\u00e9lka: 39-44 cm\u00a0<\/p>\n<p>\u0160\u00ed\u0159ka p\u00e1sku: 1,5 cm<\/p>\n","protected":false},"excerpt":{"rendered":"<p>Obojky Active Dog MYSTIC pro psy jsou kvalitn\u00ed pevn\u00e9 obojky ur\u010den\u00e9 pro psy v\u0161ech v\u011bkov\u00fdch i velikostn\u00edch kategori\u00ed. Maj\u00ed pevnou plastovou sponu, p\u0159ezku na p\u0159izp\u016fsoben\u00ed d\u00e9lky obojku, kovov\u00fd krou\u017eek pro vod\u00edtko a plastov\u00e9 o\u010dko pro zav\u011b\u0161en\u00ed zn\u00e1mky s kontaktn\u00edmi \u00fadaji. Ve v\u0161ech barevn\u00fdch variant\u00e1ch je nositelem zna\u010dky ps\u00ed tlapka um\u00edst\u011bn\u00e1 na gumov\u00e9m spoji. Nejv\u00edce nam\u00e1han\u00e1&#8230;<\/p>\n","protected":false},"featured_media":248867,"comment_status":"closed","ping_status":"open","template":"","meta":{"_acf_changed":false,"_kadence_starter_templates_imported_post":false,"_kad_post_transparent":"","_kad_post_title":"","_kad_post_layout":"","_kad_post_sidebar_id":"","_kad_post_content_style":"","_kad_post_vertical_padding":"","_kad_post_feature":"","_kad_post_feature_position":"","_kad_post_header":false,"_kad_post_footer":false,"_kad_post_classname":""},"product_brand":[2737],"product_cat":[436,2506,739,2507],"product_tag":[],"class_list":{"0":"post-248866","1":"product","2":"type-product","3":"status-publish","4":"has-post-thumbnail","6":"product_brand-active-dog","7":"product_cat-chovatelske-potreby-2","8":"product_cat-obojky-a-voditka-pro-psy","9":"product_cat-pro-psy-chovatelske-potreby-2","10":"product_cat-znamky-adresare-a-privesky-pro-psy","11":"pa_obchod-superzoo-cz","13":"first","14":"instock","15":"product-type-external","16":"entry","17":"content-bg","18":"loop-entry"},"acf":[],"yoast_head":"<!-- This site is optimized with the Yoast SEO plugin v27.4 - https:\/\/yoast.com\/product\/yoast-seo-wordpress\/ -->\n<title>Obojek Active Dog Mystic S \u010dern\u00fd 1,5x39-44cm - SHOPATOA.COM<\/title>\n<meta name=\"robots\" content=\"index, follow, max-snippet:-1, max-image-preview:large, max-video-preview:-1\" \/>\n<link rel=\"canonical\" href=\"https:\/\/shopatoa.com\/cz\/obojek-active-dog-mystic-s-cerny-15x39-44cm\/\" \/>\n<meta property=\"og:locale\" content=\"cs_CZ\" \/>\n<meta property=\"og:type\" content=\"article\" \/>\n<meta property=\"og:title\" content=\"Obojek Active Dog Mystic S \u010dern\u00fd 1,5x39-44cm - SHOPATOA.COM\" \/>\n<meta property=\"og:description\" content=\"Obojky Active Dog MYSTIC pro psy jsou kvalitn\u00ed pevn\u00e9 obojky ur\u010den\u00e9 pro psy v\u0161ech v\u011bkov\u00fdch i velikostn\u00edch kategori\u00ed. Maj\u00ed pevnou plastovou sponu, p\u0159ezku na p\u0159izp\u016fsoben\u00ed d\u00e9lky obojku, kovov\u00fd krou\u017eek pro vod\u00edtko a plastov\u00e9 o\u010dko pro zav\u011b\u0161en\u00ed zn\u00e1mky s kontaktn\u00edmi \u00fadaji. Ve v\u0161ech barevn\u00fdch variant\u00e1ch je nositelem zna\u010dky ps\u00ed tlapka um\u00edst\u011bn\u00e1 na gumov\u00e9m spoji. Nejv\u00edce nam\u00e1han\u00e1...\" \/>\n<meta property=\"og:url\" content=\"https:\/\/shopatoa.com\/cz\/obojek-active-dog-mystic-s-cerny-15x39-44cm\/\" \/>\n<meta property=\"og:site_name\" content=\"SHOPATOA\" \/>\n<meta property=\"article:modified_time\" content=\"2026-02-01T22:28:54+00:00\" \/>\n<meta property=\"og:image\" content=\"https:\/\/storage.googleapis.com\/cz-shopatoa-img\/cz\/b820c47c-1_60735.jpg\" \/>\n\t<meta property=\"og:image:width\" content=\"600\" \/>\n\t<meta property=\"og:image:height\" content=\"600\" \/>\n\t<meta property=\"og:image:type\" content=\"image\/jpeg\" \/>\n<meta name=\"twitter:card\" content=\"summary_large_image\" \/>\n<meta name=\"twitter:label1\" content=\"Odhadovan\u00e1 doba \u010dten\u00ed\" \/>\n\t<meta name=\"twitter:data1\" content=\"1 minuta\" \/>\n<script type=\"application\/ld+json\" class=\"yoast-schema-graph\">{\"@context\":\"https:\\\/\\\/schema.org\",\"@graph\":[{\"@type\":\"WebPage\",\"@id\":\"https:\\\/\\\/shopatoa.com\\\/cz\\\/obojek-active-dog-mystic-s-cerny-15x39-44cm\\\/\",\"url\":\"https:\\\/\\\/shopatoa.com\\\/cz\\\/obojek-active-dog-mystic-s-cerny-15x39-44cm\\\/\",\"name\":\"Obojek Active Dog Mystic S \u010dern\u00fd 1,5x39-44cm - SHOPATOA.COM\",\"isPartOf\":{\"@id\":\"https:\\\/\\\/shopatoa.com\\\/cz\\\/#website\"},\"primaryImageOfPage\":{\"@id\":\"https:\\\/\\\/shopatoa.com\\\/cz\\\/obojek-active-dog-mystic-s-cerny-15x39-44cm\\\/#primaryimage\"},\"image\":{\"@id\":\"https:\\\/\\\/shopatoa.com\\\/cz\\\/obojek-active-dog-mystic-s-cerny-15x39-44cm\\\/#primaryimage\"},\"thumbnailUrl\":\"https:\\\/\\\/storage.googleapis.com\\\/cz-shopatoa-img\\\/cz\\\/b820c47c-1_60735.jpg\",\"datePublished\":\"2025-04-03T01:45:12+00:00\",\"dateModified\":\"2026-02-01T22:28:54+00:00\",\"breadcrumb\":{\"@id\":\"https:\\\/\\\/shopatoa.com\\\/cz\\\/obojek-active-dog-mystic-s-cerny-15x39-44cm\\\/#breadcrumb\"},\"inLanguage\":\"cs\",\"potentialAction\":[{\"@type\":\"ReadAction\",\"target\":[\"https:\\\/\\\/shopatoa.com\\\/cz\\\/obojek-active-dog-mystic-s-cerny-15x39-44cm\\\/\"]}]},{\"@type\":\"ImageObject\",\"inLanguage\":\"cs\",\"@id\":\"https:\\\/\\\/shopatoa.com\\\/cz\\\/obojek-active-dog-mystic-s-cerny-15x39-44cm\\\/#primaryimage\",\"url\":\"https:\\\/\\\/storage.googleapis.com\\\/cz-shopatoa-img\\\/cz\\\/b820c47c-1_60735.jpg\",\"contentUrl\":\"https:\\\/\\\/storage.googleapis.com\\\/cz-shopatoa-img\\\/cz\\\/b820c47c-1_60735.jpg\",\"width\":600,\"height\":600},{\"@type\":\"BreadcrumbList\",\"@id\":\"https:\\\/\\\/shopatoa.com\\\/cz\\\/obojek-active-dog-mystic-s-cerny-15x39-44cm\\\/#breadcrumb\",\"itemListElement\":[{\"@type\":\"ListItem\",\"position\":1,\"name\":\"Dom\u016f\",\"item\":\"https:\\\/\\\/shopatoa.com\\\/cz\\\/\"},{\"@type\":\"ListItem\",\"position\":2,\"name\":\"Produkty\",\"item\":\"https:\\\/\\\/shopatoa.com\\\/cz\\\/shop\\\/\"},{\"@type\":\"ListItem\",\"position\":3,\"name\":\"Chovatelsk\u00e9 pot\u0159eby\",\"item\":\"https:\\\/\\\/shopatoa.com\\\/cz\\\/chovatelske-potreby-2\\\/\"},{\"@type\":\"ListItem\",\"position\":4,\"name\":\"Pro psy\",\"item\":\"https:\\\/\\\/shopatoa.com\\\/cz\\\/pro-psy-chovatelske-potreby-2\\\/\"},{\"@type\":\"ListItem\",\"position\":5,\"name\":\"Obojky a vod\u00edtka pro psy\",\"item\":\"https:\\\/\\\/shopatoa.com\\\/cz\\\/obojky-a-voditka-pro-psy\\\/\"},{\"@type\":\"ListItem\",\"position\":6,\"name\":\"Zn\u00e1mky, adres\u00e1\u0159e a p\u0159\u00edv\u011bsky pro psy\",\"item\":\"https:\\\/\\\/shopatoa.com\\\/cz\\\/znamky-adresare-a-privesky-pro-psy\\\/\"},{\"@type\":\"ListItem\",\"position\":7,\"name\":\"Obojek Active Dog Mystic S \u010dern\u00fd 1,5&#215;39-44cm\"}]},{\"@type\":\"WebSite\",\"@id\":\"https:\\\/\\\/shopatoa.com\\\/cz\\\/#website\",\"url\":\"https:\\\/\\\/shopatoa.com\\\/cz\\\/\",\"name\":\"SHOPATOA\",\"description\":\"\",\"publisher\":{\"@id\":\"https:\\\/\\\/shopatoa.com\\\/cz\\\/#organization\"},\"potentialAction\":[{\"@type\":\"SearchAction\",\"target\":{\"@type\":\"EntryPoint\",\"urlTemplate\":\"https:\\\/\\\/shopatoa.com\\\/cz\\\/?s={search_term_string}\"},\"query-input\":{\"@type\":\"PropertyValueSpecification\",\"valueRequired\":true,\"valueName\":\"search_term_string\"}}],\"inLanguage\":\"cs\"},{\"@type\":\"Organization\",\"@id\":\"https:\\\/\\\/shopatoa.com\\\/cz\\\/#organization\",\"name\":\"SHOPATOA Digital s.r.o.\",\"url\":\"https:\\\/\\\/shopatoa.com\\\/cz\\\/\",\"logo\":{\"@type\":\"ImageObject\",\"inLanguage\":\"cs\",\"@id\":\"https:\\\/\\\/shopatoa.com\\\/cz\\\/#\\\/schema\\\/logo\\\/image\\\/\",\"url\":\"https:\\\/\\\/storage.googleapis.com\\\/cz-shopatoa-img\\\/cz\\\/ebccf434-shopatoa_logo.png\",\"contentUrl\":\"https:\\\/\\\/storage.googleapis.com\\\/cz-shopatoa-img\\\/cz\\\/ebccf434-shopatoa_logo.png\",\"width\":416,\"height\":63,\"caption\":\"SHOPATOA Digital s.r.o.\"},\"image\":{\"@id\":\"https:\\\/\\\/shopatoa.com\\\/cz\\\/#\\\/schema\\\/logo\\\/image\\\/\"}}]}<\/script>\n<!-- \/ Yoast SEO plugin. -->","yoast_head_json":{"title":"Obojek Active Dog Mystic S \u010dern\u00fd 1,5x39-44cm - SHOPATOA.COM","robots":{"index":"index","follow":"follow","max-snippet":"max-snippet:-1","max-image-preview":"max-image-preview:large","max-video-preview":"max-video-preview:-1"},"canonical":"https:\/\/shopatoa.com\/cz\/obojek-active-dog-mystic-s-cerny-15x39-44cm\/","og_locale":"cs_CZ","og_type":"article","og_title":"Obojek Active Dog Mystic S \u010dern\u00fd 1,5x39-44cm - SHOPATOA.COM","og_description":"Obojky Active Dog MYSTIC pro psy jsou kvalitn\u00ed pevn\u00e9 obojky ur\u010den\u00e9 pro psy v\u0161ech v\u011bkov\u00fdch i velikostn\u00edch kategori\u00ed. Maj\u00ed pevnou plastovou sponu, p\u0159ezku na p\u0159izp\u016fsoben\u00ed d\u00e9lky obojku, kovov\u00fd krou\u017eek pro vod\u00edtko a plastov\u00e9 o\u010dko pro zav\u011b\u0161en\u00ed zn\u00e1mky s kontaktn\u00edmi \u00fadaji. Ve v\u0161ech barevn\u00fdch variant\u00e1ch je nositelem zna\u010dky ps\u00ed tlapka um\u00edst\u011bn\u00e1 na gumov\u00e9m spoji. Nejv\u00edce nam\u00e1han\u00e1...","og_url":"https:\/\/shopatoa.com\/cz\/obojek-active-dog-mystic-s-cerny-15x39-44cm\/","og_site_name":"SHOPATOA","article_modified_time":"2026-02-01T22:28:54+00:00","og_image":[{"width":600,"height":600,"url":"https:\/\/storage.googleapis.com\/cz-shopatoa-img\/cz\/b820c47c-1_60735.jpg","type":"image\/jpeg"}],"twitter_card":"summary_large_image","twitter_misc":{"Odhadovan\u00e1 doba \u010dten\u00ed":"1 minuta"},"schema":{"@context":"https:\/\/schema.org","@graph":[{"@type":"WebPage","@id":"https:\/\/shopatoa.com\/cz\/obojek-active-dog-mystic-s-cerny-15x39-44cm\/","url":"https:\/\/shopatoa.com\/cz\/obojek-active-dog-mystic-s-cerny-15x39-44cm\/","name":"Obojek Active Dog Mystic S \u010dern\u00fd 1,5x39-44cm - SHOPATOA.COM","isPartOf":{"@id":"https:\/\/shopatoa.com\/cz\/#website"},"primaryImageOfPage":{"@id":"https:\/\/shopatoa.com\/cz\/obojek-active-dog-mystic-s-cerny-15x39-44cm\/#primaryimage"},"image":{"@id":"https:\/\/shopatoa.com\/cz\/obojek-active-dog-mystic-s-cerny-15x39-44cm\/#primaryimage"},"thumbnailUrl":"https:\/\/storage.googleapis.com\/cz-shopatoa-img\/cz\/b820c47c-1_60735.jpg","datePublished":"2025-04-03T01:45:12+00:00","dateModified":"2026-02-01T22:28:54+00:00","breadcrumb":{"@id":"https:\/\/shopatoa.com\/cz\/obojek-active-dog-mystic-s-cerny-15x39-44cm\/#breadcrumb"},"inLanguage":"cs","potentialAction":[{"@type":"ReadAction","target":["https:\/\/shopatoa.com\/cz\/obojek-active-dog-mystic-s-cerny-15x39-44cm\/"]}]},{"@type":"ImageObject","inLanguage":"cs","@id":"https:\/\/shopatoa.com\/cz\/obojek-active-dog-mystic-s-cerny-15x39-44cm\/#primaryimage","url":"https:\/\/storage.googleapis.com\/cz-shopatoa-img\/cz\/b820c47c-1_60735.jpg","contentUrl":"https:\/\/storage.googleapis.com\/cz-shopatoa-img\/cz\/b820c47c-1_60735.jpg","width":600,"height":600},{"@type":"BreadcrumbList","@id":"https:\/\/shopatoa.com\/cz\/obojek-active-dog-mystic-s-cerny-15x39-44cm\/#breadcrumb","itemListElement":[{"@type":"ListItem","position":1,"name":"Dom\u016f","item":"https:\/\/shopatoa.com\/cz\/"},{"@type":"ListItem","position":2,"name":"Produkty","item":"https:\/\/shopatoa.com\/cz\/shop\/"},{"@type":"ListItem","position":3,"name":"Chovatelsk\u00e9 pot\u0159eby","item":"https:\/\/shopatoa.com\/cz\/chovatelske-potreby-2\/"},{"@type":"ListItem","position":4,"name":"Pro psy","item":"https:\/\/shopatoa.com\/cz\/pro-psy-chovatelske-potreby-2\/"},{"@type":"ListItem","position":5,"name":"Obojky a vod\u00edtka pro psy","item":"https:\/\/shopatoa.com\/cz\/obojky-a-voditka-pro-psy\/"},{"@type":"ListItem","position":6,"name":"Zn\u00e1mky, adres\u00e1\u0159e a p\u0159\u00edv\u011bsky pro psy","item":"https:\/\/shopatoa.com\/cz\/znamky-adresare-a-privesky-pro-psy\/"},{"@type":"ListItem","position":7,"name":"Obojek Active Dog Mystic S \u010dern\u00fd 1,5&#215;39-44cm"}]},{"@type":"WebSite","@id":"https:\/\/shopatoa.com\/cz\/#website","url":"https:\/\/shopatoa.com\/cz\/","name":"SHOPATOA","description":"","publisher":{"@id":"https:\/\/shopatoa.com\/cz\/#organization"},"potentialAction":[{"@type":"SearchAction","target":{"@type":"EntryPoint","urlTemplate":"https:\/\/shopatoa.com\/cz\/?s={search_term_string}"},"query-input":{"@type":"PropertyValueSpecification","valueRequired":true,"valueName":"search_term_string"}}],"inLanguage":"cs"},{"@type":"Organization","@id":"https:\/\/shopatoa.com\/cz\/#organization","name":"SHOPATOA Digital s.r.o.","url":"https:\/\/shopatoa.com\/cz\/","logo":{"@type":"ImageObject","inLanguage":"cs","@id":"https:\/\/shopatoa.com\/cz\/#\/schema\/logo\/image\/","url":"https:\/\/storage.googleapis.com\/cz-shopatoa-img\/cz\/ebccf434-shopatoa_logo.png","contentUrl":"https:\/\/storage.googleapis.com\/cz-shopatoa-img\/cz\/ebccf434-shopatoa_logo.png","width":416,"height":63,"caption":"SHOPATOA Digital s.r.o."},"image":{"@id":"https:\/\/shopatoa.com\/cz\/#\/schema\/logo\/image\/"}}]}},"_links":{"self":[{"href":"https:\/\/shopatoa.com\/cz\/wp-json\/wp\/v2\/product\/248866","targetHints":{"allow":["GET"]}}],"collection":[{"href":"https:\/\/shopatoa.com\/cz\/wp-json\/wp\/v2\/product"}],"about":[{"href":"https:\/\/shopatoa.com\/cz\/wp-json\/wp\/v2\/types\/product"}],"replies":[{"embeddable":true,"href":"https:\/\/shopatoa.com\/cz\/wp-json\/wp\/v2\/comments?post=248866"}],"wp:featuredmedia":[{"embeddable":true,"href":"https:\/\/shopatoa.com\/cz\/wp-json\/wp\/v2\/media\/248867"}],"wp:attachment":[{"href":"https:\/\/shopatoa.com\/cz\/wp-json\/wp\/v2\/media?parent=248866"}],"wp:term":[{"taxonomy":"product_brand","embeddable":true,"href":"https:\/\/shopatoa.com\/cz\/wp-json\/wp\/v2\/product_brand?post=248866"},{"taxonomy":"product_cat","embeddable":true,"href":"https:\/\/shopatoa.com\/cz\/wp-json\/wp\/v2\/product_cat?post=248866"},{"taxonomy":"product_tag","embeddable":true,"href":"https:\/\/shopatoa.com\/cz\/wp-json\/wp\/v2\/product_tag?post=248866"}],"curies":[{"name":"wp","href":"https:\/\/api.w.org\/{rel}","templated":true}]}}