{"id":248994,"date":"2025-04-03T04:10:12","date_gmt":"2025-04-03T02:10:12","guid":{"rendered":"https:\/\/shopatoa.com\/cz\/?post_type=product&#038;p=248994"},"modified":"2026-02-01T23:08:53","modified_gmt":"2026-02-01T22:08:53","slug":"postroj-active-dog-mellow-l-tm-modry-2x45-65cm","status":"publish","type":"product","link":"https:\/\/shopatoa.com\/cz\/postroj-active-dog-mellow-l-tm-modry-2x45-65cm\/","title":{"rendered":"Postroj Active Dog Mellow L tm. modr\u00fd 2&#215;45-65cm"},"content":{"rendered":"<p>Postroje Active Dog MELLOW jsou komfortn\u00ed designov\u00e9 postroje pro psy, kter\u00e9 se hod\u00ed sp\u00ed\u0161e pro \u201em\u011bstsk\u00fd zp\u016fsob \u017eivota\u201c. V nep\u0159\u00edzniv\u00e9m po\u010das\u00ed na sebe postroj v\u00e1\u017ee ne\u010distoty a nas\u00e1v\u00e1 vlhkost.<\/p>\n<p>\u00a0P\u0159esto je velmi dob\u0159e udr\u017eovateln\u00fd, d\u00e1 se pr\u00e1t v pra\u010dce a lze jej t\u00e9\u017e pou\u017e\u00edt jako postroj do auta v p\u0159\u00edpad\u011b vyu\u017eit\u00ed se speci\u00e1ln\u00edm vod\u00edtkem se sponou do autop\u00e1su ve vozidle.<\/p>\n<p>Dostupn\u00fd v \u0161esti barv\u00e1ch. Mo\u017eno nakombinovat i s vod\u00edtkem v dan\u00e9 barv\u011b.<\/p>\n<p>Jako i jin\u00e9 postroje m\u00e1 i tento p\u0159ezky pro vylad\u011bn\u00ed velikosti postroje na zv\u00ed\u0159eti a zv\u00fd\u0161en\u00ed tak jeho komfortu p\u0159i no\u0161en\u00ed a bezpe\u010dnost. Snadn\u00e9 navl\u00e9k\u00e1n\u00ed \u2013 p\u0159eta\u017een\u00ed p\u0159es hlavu a vlo\u017een\u00ed jedn\u00e9 hrudn\u00ed kon\u010detiny do postroje. N\u00e1sledn\u011b sta\u010d\u00ed jen zapnout.<\/p>\n<p>Obvod hrudn\u00edku: 45 \u2013 65 cm<\/p>\n","protected":false},"excerpt":{"rendered":"<p>Postroje Active Dog MELLOW jsou komfortn\u00ed designov\u00e9 postroje pro psy, kter\u00e9 se hod\u00ed sp\u00ed\u0161e pro \u201em\u011bstsk\u00fd zp\u016fsob \u017eivota\u201c. V nep\u0159\u00edzniv\u00e9m po\u010das\u00ed na sebe postroj v\u00e1\u017ee ne\u010distoty a nas\u00e1v\u00e1 vlhkost. \u00a0P\u0159esto je velmi dob\u0159e udr\u017eovateln\u00fd, d\u00e1 se pr\u00e1t v pra\u010dce a lze jej t\u00e9\u017e pou\u017e\u00edt jako postroj do auta v p\u0159\u00edpad\u011b vyu\u017eit\u00ed se speci\u00e1ln\u00edm vod\u00edtkem se&#8230;<\/p>\n","protected":false},"featured_media":248995,"comment_status":"closed","ping_status":"open","template":"","meta":{"_acf_changed":false,"_kadence_starter_templates_imported_post":false,"_kad_post_transparent":"","_kad_post_title":"","_kad_post_layout":"","_kad_post_sidebar_id":"","_kad_post_content_style":"","_kad_post_vertical_padding":"","_kad_post_feature":"","_kad_post_feature_position":"","_kad_post_header":false,"_kad_post_footer":false,"_kad_post_classname":""},"product_brand":[2737],"product_cat":[436,2629,1464],"product_tag":[],"class_list":{"0":"post-248994","1":"product","2":"type-product","3":"status-publish","4":"has-post-thumbnail","6":"product_brand-active-dog","7":"product_cat-chovatelske-potreby-2","8":"product_cat-obojky-a-postroje-pro-kocky","9":"product_cat-pro-kocky-chovatelske-potreby-2","10":"pa_obchod-superzoo-cz","12":"first","13":"instock","14":"product-type-external","15":"entry","16":"content-bg","17":"loop-entry"},"acf":[],"yoast_head":"<!-- This site is optimized with the Yoast SEO plugin v27.4 - https:\/\/yoast.com\/product\/yoast-seo-wordpress\/ -->\n<title>Postroj Active Dog Mellow L tm. modr\u00fd 2x45-65cm - SHOPATOA.COM<\/title>\n<meta name=\"robots\" content=\"index, follow, max-snippet:-1, max-image-preview:large, max-video-preview:-1\" \/>\n<link rel=\"canonical\" href=\"https:\/\/shopatoa.com\/cz\/postroj-active-dog-mellow-l-tm-modry-2x45-65cm\/\" \/>\n<meta property=\"og:locale\" content=\"cs_CZ\" \/>\n<meta property=\"og:type\" content=\"article\" \/>\n<meta property=\"og:title\" content=\"Postroj Active Dog Mellow L tm. modr\u00fd 2x45-65cm - SHOPATOA.COM\" \/>\n<meta property=\"og:description\" content=\"Postroje Active Dog MELLOW jsou komfortn\u00ed designov\u00e9 postroje pro psy, kter\u00e9 se hod\u00ed sp\u00ed\u0161e pro \u201em\u011bstsk\u00fd zp\u016fsob \u017eivota\u201c. V nep\u0159\u00edzniv\u00e9m po\u010das\u00ed na sebe postroj v\u00e1\u017ee ne\u010distoty a nas\u00e1v\u00e1 vlhkost. \u00a0P\u0159esto je velmi dob\u0159e udr\u017eovateln\u00fd, d\u00e1 se pr\u00e1t v pra\u010dce a lze jej t\u00e9\u017e pou\u017e\u00edt jako postroj do auta v p\u0159\u00edpad\u011b vyu\u017eit\u00ed se speci\u00e1ln\u00edm vod\u00edtkem se...\" \/>\n<meta property=\"og:url\" content=\"https:\/\/shopatoa.com\/cz\/postroj-active-dog-mellow-l-tm-modry-2x45-65cm\/\" \/>\n<meta property=\"og:site_name\" content=\"SHOPATOA\" \/>\n<meta property=\"article:modified_time\" content=\"2026-02-01T22:08:53+00:00\" \/>\n<meta property=\"og:image\" content=\"https:\/\/storage.googleapis.com\/cz-shopatoa-img\/cz\/725171fe-1_61298.jpg\" \/>\n\t<meta property=\"og:image:width\" content=\"600\" \/>\n\t<meta property=\"og:image:height\" content=\"600\" \/>\n\t<meta property=\"og:image:type\" content=\"image\/jpeg\" \/>\n<meta name=\"twitter:card\" content=\"summary_large_image\" \/>\n<meta name=\"twitter:label1\" content=\"Odhadovan\u00e1 doba \u010dten\u00ed\" \/>\n\t<meta name=\"twitter:data1\" content=\"1 minuta\" \/>\n<script type=\"application\/ld+json\" class=\"yoast-schema-graph\">{\"@context\":\"https:\\\/\\\/schema.org\",\"@graph\":[{\"@type\":\"WebPage\",\"@id\":\"https:\\\/\\\/shopatoa.com\\\/cz\\\/postroj-active-dog-mellow-l-tm-modry-2x45-65cm\\\/\",\"url\":\"https:\\\/\\\/shopatoa.com\\\/cz\\\/postroj-active-dog-mellow-l-tm-modry-2x45-65cm\\\/\",\"name\":\"Postroj Active Dog Mellow L tm. modr\u00fd 2x45-65cm - SHOPATOA.COM\",\"isPartOf\":{\"@id\":\"https:\\\/\\\/shopatoa.com\\\/cz\\\/#website\"},\"primaryImageOfPage\":{\"@id\":\"https:\\\/\\\/shopatoa.com\\\/cz\\\/postroj-active-dog-mellow-l-tm-modry-2x45-65cm\\\/#primaryimage\"},\"image\":{\"@id\":\"https:\\\/\\\/shopatoa.com\\\/cz\\\/postroj-active-dog-mellow-l-tm-modry-2x45-65cm\\\/#primaryimage\"},\"thumbnailUrl\":\"https:\\\/\\\/storage.googleapis.com\\\/cz-shopatoa-img\\\/cz\\\/725171fe-1_61298.jpg\",\"datePublished\":\"2025-04-03T02:10:12+00:00\",\"dateModified\":\"2026-02-01T22:08:53+00:00\",\"breadcrumb\":{\"@id\":\"https:\\\/\\\/shopatoa.com\\\/cz\\\/postroj-active-dog-mellow-l-tm-modry-2x45-65cm\\\/#breadcrumb\"},\"inLanguage\":\"cs\",\"potentialAction\":[{\"@type\":\"ReadAction\",\"target\":[\"https:\\\/\\\/shopatoa.com\\\/cz\\\/postroj-active-dog-mellow-l-tm-modry-2x45-65cm\\\/\"]}]},{\"@type\":\"ImageObject\",\"inLanguage\":\"cs\",\"@id\":\"https:\\\/\\\/shopatoa.com\\\/cz\\\/postroj-active-dog-mellow-l-tm-modry-2x45-65cm\\\/#primaryimage\",\"url\":\"https:\\\/\\\/storage.googleapis.com\\\/cz-shopatoa-img\\\/cz\\\/725171fe-1_61298.jpg\",\"contentUrl\":\"https:\\\/\\\/storage.googleapis.com\\\/cz-shopatoa-img\\\/cz\\\/725171fe-1_61298.jpg\",\"width\":600,\"height\":600},{\"@type\":\"BreadcrumbList\",\"@id\":\"https:\\\/\\\/shopatoa.com\\\/cz\\\/postroj-active-dog-mellow-l-tm-modry-2x45-65cm\\\/#breadcrumb\",\"itemListElement\":[{\"@type\":\"ListItem\",\"position\":1,\"name\":\"Dom\u016f\",\"item\":\"https:\\\/\\\/shopatoa.com\\\/cz\\\/\"},{\"@type\":\"ListItem\",\"position\":2,\"name\":\"Produkty\",\"item\":\"https:\\\/\\\/shopatoa.com\\\/cz\\\/shop\\\/\"},{\"@type\":\"ListItem\",\"position\":3,\"name\":\"Chovatelsk\u00e9 pot\u0159eby\",\"item\":\"https:\\\/\\\/shopatoa.com\\\/cz\\\/chovatelske-potreby-2\\\/\"},{\"@type\":\"ListItem\",\"position\":4,\"name\":\"Pro ko\u010dky\",\"item\":\"https:\\\/\\\/shopatoa.com\\\/cz\\\/pro-kocky-chovatelske-potreby-2\\\/\"},{\"@type\":\"ListItem\",\"position\":5,\"name\":\"Obojky a postroje pro ko\u010dky\",\"item\":\"https:\\\/\\\/shopatoa.com\\\/cz\\\/obojky-a-postroje-pro-kocky\\\/\"},{\"@type\":\"ListItem\",\"position\":6,\"name\":\"Postroj Active Dog Mellow L tm. modr\u00fd 2&#215;45-65cm\"}]},{\"@type\":\"WebSite\",\"@id\":\"https:\\\/\\\/shopatoa.com\\\/cz\\\/#website\",\"url\":\"https:\\\/\\\/shopatoa.com\\\/cz\\\/\",\"name\":\"SHOPATOA\",\"description\":\"\",\"publisher\":{\"@id\":\"https:\\\/\\\/shopatoa.com\\\/cz\\\/#organization\"},\"potentialAction\":[{\"@type\":\"SearchAction\",\"target\":{\"@type\":\"EntryPoint\",\"urlTemplate\":\"https:\\\/\\\/shopatoa.com\\\/cz\\\/?s={search_term_string}\"},\"query-input\":{\"@type\":\"PropertyValueSpecification\",\"valueRequired\":true,\"valueName\":\"search_term_string\"}}],\"inLanguage\":\"cs\"},{\"@type\":\"Organization\",\"@id\":\"https:\\\/\\\/shopatoa.com\\\/cz\\\/#organization\",\"name\":\"SHOPATOA Digital s.r.o.\",\"url\":\"https:\\\/\\\/shopatoa.com\\\/cz\\\/\",\"logo\":{\"@type\":\"ImageObject\",\"inLanguage\":\"cs\",\"@id\":\"https:\\\/\\\/shopatoa.com\\\/cz\\\/#\\\/schema\\\/logo\\\/image\\\/\",\"url\":\"https:\\\/\\\/storage.googleapis.com\\\/cz-shopatoa-img\\\/cz\\\/ebccf434-shopatoa_logo.png\",\"contentUrl\":\"https:\\\/\\\/storage.googleapis.com\\\/cz-shopatoa-img\\\/cz\\\/ebccf434-shopatoa_logo.png\",\"width\":416,\"height\":63,\"caption\":\"SHOPATOA Digital s.r.o.\"},\"image\":{\"@id\":\"https:\\\/\\\/shopatoa.com\\\/cz\\\/#\\\/schema\\\/logo\\\/image\\\/\"}}]}<\/script>\n<!-- \/ Yoast SEO plugin. -->","yoast_head_json":{"title":"Postroj Active Dog Mellow L tm. modr\u00fd 2x45-65cm - SHOPATOA.COM","robots":{"index":"index","follow":"follow","max-snippet":"max-snippet:-1","max-image-preview":"max-image-preview:large","max-video-preview":"max-video-preview:-1"},"canonical":"https:\/\/shopatoa.com\/cz\/postroj-active-dog-mellow-l-tm-modry-2x45-65cm\/","og_locale":"cs_CZ","og_type":"article","og_title":"Postroj Active Dog Mellow L tm. modr\u00fd 2x45-65cm - SHOPATOA.COM","og_description":"Postroje Active Dog MELLOW jsou komfortn\u00ed designov\u00e9 postroje pro psy, kter\u00e9 se hod\u00ed sp\u00ed\u0161e pro \u201em\u011bstsk\u00fd zp\u016fsob \u017eivota\u201c. V nep\u0159\u00edzniv\u00e9m po\u010das\u00ed na sebe postroj v\u00e1\u017ee ne\u010distoty a nas\u00e1v\u00e1 vlhkost. \u00a0P\u0159esto je velmi dob\u0159e udr\u017eovateln\u00fd, d\u00e1 se pr\u00e1t v pra\u010dce a lze jej t\u00e9\u017e pou\u017e\u00edt jako postroj do auta v p\u0159\u00edpad\u011b vyu\u017eit\u00ed se speci\u00e1ln\u00edm vod\u00edtkem se...","og_url":"https:\/\/shopatoa.com\/cz\/postroj-active-dog-mellow-l-tm-modry-2x45-65cm\/","og_site_name":"SHOPATOA","article_modified_time":"2026-02-01T22:08:53+00:00","og_image":[{"width":600,"height":600,"url":"https:\/\/storage.googleapis.com\/cz-shopatoa-img\/cz\/725171fe-1_61298.jpg","type":"image\/jpeg"}],"twitter_card":"summary_large_image","twitter_misc":{"Odhadovan\u00e1 doba \u010dten\u00ed":"1 minuta"},"schema":{"@context":"https:\/\/schema.org","@graph":[{"@type":"WebPage","@id":"https:\/\/shopatoa.com\/cz\/postroj-active-dog-mellow-l-tm-modry-2x45-65cm\/","url":"https:\/\/shopatoa.com\/cz\/postroj-active-dog-mellow-l-tm-modry-2x45-65cm\/","name":"Postroj Active Dog Mellow L tm. modr\u00fd 2x45-65cm - SHOPATOA.COM","isPartOf":{"@id":"https:\/\/shopatoa.com\/cz\/#website"},"primaryImageOfPage":{"@id":"https:\/\/shopatoa.com\/cz\/postroj-active-dog-mellow-l-tm-modry-2x45-65cm\/#primaryimage"},"image":{"@id":"https:\/\/shopatoa.com\/cz\/postroj-active-dog-mellow-l-tm-modry-2x45-65cm\/#primaryimage"},"thumbnailUrl":"https:\/\/storage.googleapis.com\/cz-shopatoa-img\/cz\/725171fe-1_61298.jpg","datePublished":"2025-04-03T02:10:12+00:00","dateModified":"2026-02-01T22:08:53+00:00","breadcrumb":{"@id":"https:\/\/shopatoa.com\/cz\/postroj-active-dog-mellow-l-tm-modry-2x45-65cm\/#breadcrumb"},"inLanguage":"cs","potentialAction":[{"@type":"ReadAction","target":["https:\/\/shopatoa.com\/cz\/postroj-active-dog-mellow-l-tm-modry-2x45-65cm\/"]}]},{"@type":"ImageObject","inLanguage":"cs","@id":"https:\/\/shopatoa.com\/cz\/postroj-active-dog-mellow-l-tm-modry-2x45-65cm\/#primaryimage","url":"https:\/\/storage.googleapis.com\/cz-shopatoa-img\/cz\/725171fe-1_61298.jpg","contentUrl":"https:\/\/storage.googleapis.com\/cz-shopatoa-img\/cz\/725171fe-1_61298.jpg","width":600,"height":600},{"@type":"BreadcrumbList","@id":"https:\/\/shopatoa.com\/cz\/postroj-active-dog-mellow-l-tm-modry-2x45-65cm\/#breadcrumb","itemListElement":[{"@type":"ListItem","position":1,"name":"Dom\u016f","item":"https:\/\/shopatoa.com\/cz\/"},{"@type":"ListItem","position":2,"name":"Produkty","item":"https:\/\/shopatoa.com\/cz\/shop\/"},{"@type":"ListItem","position":3,"name":"Chovatelsk\u00e9 pot\u0159eby","item":"https:\/\/shopatoa.com\/cz\/chovatelske-potreby-2\/"},{"@type":"ListItem","position":4,"name":"Pro ko\u010dky","item":"https:\/\/shopatoa.com\/cz\/pro-kocky-chovatelske-potreby-2\/"},{"@type":"ListItem","position":5,"name":"Obojky a postroje pro ko\u010dky","item":"https:\/\/shopatoa.com\/cz\/obojky-a-postroje-pro-kocky\/"},{"@type":"ListItem","position":6,"name":"Postroj Active Dog Mellow L tm. modr\u00fd 2&#215;45-65cm"}]},{"@type":"WebSite","@id":"https:\/\/shopatoa.com\/cz\/#website","url":"https:\/\/shopatoa.com\/cz\/","name":"SHOPATOA","description":"","publisher":{"@id":"https:\/\/shopatoa.com\/cz\/#organization"},"potentialAction":[{"@type":"SearchAction","target":{"@type":"EntryPoint","urlTemplate":"https:\/\/shopatoa.com\/cz\/?s={search_term_string}"},"query-input":{"@type":"PropertyValueSpecification","valueRequired":true,"valueName":"search_term_string"}}],"inLanguage":"cs"},{"@type":"Organization","@id":"https:\/\/shopatoa.com\/cz\/#organization","name":"SHOPATOA Digital s.r.o.","url":"https:\/\/shopatoa.com\/cz\/","logo":{"@type":"ImageObject","inLanguage":"cs","@id":"https:\/\/shopatoa.com\/cz\/#\/schema\/logo\/image\/","url":"https:\/\/storage.googleapis.com\/cz-shopatoa-img\/cz\/ebccf434-shopatoa_logo.png","contentUrl":"https:\/\/storage.googleapis.com\/cz-shopatoa-img\/cz\/ebccf434-shopatoa_logo.png","width":416,"height":63,"caption":"SHOPATOA Digital s.r.o."},"image":{"@id":"https:\/\/shopatoa.com\/cz\/#\/schema\/logo\/image\/"}}]}},"_links":{"self":[{"href":"https:\/\/shopatoa.com\/cz\/wp-json\/wp\/v2\/product\/248994","targetHints":{"allow":["GET"]}}],"collection":[{"href":"https:\/\/shopatoa.com\/cz\/wp-json\/wp\/v2\/product"}],"about":[{"href":"https:\/\/shopatoa.com\/cz\/wp-json\/wp\/v2\/types\/product"}],"replies":[{"embeddable":true,"href":"https:\/\/shopatoa.com\/cz\/wp-json\/wp\/v2\/comments?post=248994"}],"wp:featuredmedia":[{"embeddable":true,"href":"https:\/\/shopatoa.com\/cz\/wp-json\/wp\/v2\/media\/248995"}],"wp:attachment":[{"href":"https:\/\/shopatoa.com\/cz\/wp-json\/wp\/v2\/media?parent=248994"}],"wp:term":[{"taxonomy":"product_brand","embeddable":true,"href":"https:\/\/shopatoa.com\/cz\/wp-json\/wp\/v2\/product_brand?post=248994"},{"taxonomy":"product_cat","embeddable":true,"href":"https:\/\/shopatoa.com\/cz\/wp-json\/wp\/v2\/product_cat?post=248994"},{"taxonomy":"product_tag","embeddable":true,"href":"https:\/\/shopatoa.com\/cz\/wp-json\/wp\/v2\/product_tag?post=248994"}],"curies":[{"name":"wp","href":"https:\/\/api.w.org\/{rel}","templated":true}]}}