{"id":249136,"date":"2025-04-03T04:35:20","date_gmt":"2025-04-03T02:35:20","guid":{"rendered":"https:\/\/shopatoa.com\/cz\/?post_type=product&#038;p=249136"},"modified":"2026-02-03T06:21:28","modified_gmt":"2026-02-03T05:21:28","slug":"filtr-fluval-307-vnejsi-1150-l-h","status":"publish","type":"product","link":"https:\/\/shopatoa.com\/cz\/filtr-fluval-307-vnejsi-1150-l-h\/","title":{"rendered":"Filtr FLUVAL 307 vn\u011bj\u0161\u00ed 1150 l\/h"},"content":{"rendered":"<p>Energeticky efektivn\u00ed, v\u00fdkonn\u00fd vn\u011bj\u0161\u00ed filtr pro akv\u00e1ria o objemu od 90-330 litr\u016f.<\/p>\n<p>Energeticky efektivn\u00ed &#8211; n\u011bkter\u00e9 filtry \u0159ady 07 odeb\u00edraj\u00ed tolik energie jako jedin\u00e1 dom\u00e1c\u00ed LED \u017e\u00e1rovka. Z\u00e1sobn\u00edky m\u00e9di\u00ed EZ-Lift s nov\u00fdm st\u0159edov\u00fdm dr\u017eadlem umo\u017e\u0148uj\u00ed vyjmout blok filtra\u010dn\u00edch m\u00e9di\u00ed pouh\u00fdm jedn\u00edm prstem. Rychl\u00fd p\u0159\u00edstup znamen\u00e1 m\u00e9n\u011b nepo\u0159\u00e1dku a bez nutnosti vypr\u00e1zdn\u011bn\u00ed n\u00e1doby na vodu. Konstrukce Fluval eTEC (Efficient Technology) vyu\u017e\u00edv\u00e1 nejmodern\u011bj\u0161\u00ed konstrukci, materi\u00e1ly a v\u00fdrobn\u00ed metody, kter\u00e9 zaji\u0161\u0165uj\u00ed vysok\u00fd v\u00fdkon \u010derpadla, sn\u00ed\u017eenou spot\u0159ebu energie a velmi tich\u00fd provoz. V\u00fdkonn\u00fd motor generuje konstantn\u00ed \u010derpac\u00ed s\u00edlu a tlak, kter\u00fd se v pr\u016fb\u011bhu \u010dasu nem\u011bn\u00ed.<\/p>\n<p>P\u0159epracovan\u00e9, precizn\u011b vytvo\u0159en\u00e9 \u010derpadlo b\u011b\u017e\u00ed a\u017e o 25% ti\u0161\u0161\u00ed ne\u017e p\u0159edchoz\u00ed generace. P\u0159epracovan\u00e9, podstatn\u011b zv\u011bt\u0161en\u00e9 gumov\u00e9 stabiliz\u00e1tory nab\u00edzej\u00ed vynikaj\u00edc\u00ed tlumen\u00ed vibrac\u00ed a zv\u00fd\u0161enou ochranu cel\u00e9ho filtru. Nov\u00e9 ergonomick\u00e9 ventily AquaStop se zv\u00fd\u0161en\u00fdm okrajem pro hlad\u0161\u00ed provoz. Jedno\u010dinn\u00e9 dvojit\u00e9 spony hlavy motoru Lift-Lock&#8230;<\/p>\n","protected":false},"excerpt":{"rendered":"<p>Energeticky efektivn\u00ed, v\u00fdkonn\u00fd vn\u011bj\u0161\u00ed filtr pro akv\u00e1ria o objemu od 90-330 litr\u016f. Energeticky efektivn\u00ed &#8211; n\u011bkter\u00e9 filtry \u0159ady 07 odeb\u00edraj\u00ed tolik energie jako jedin\u00e1 dom\u00e1c\u00ed LED \u017e\u00e1rovka. Z\u00e1sobn\u00edky m\u00e9di\u00ed EZ-Lift s nov\u00fdm st\u0159edov\u00fdm dr\u017eadlem umo\u017e\u0148uj\u00ed vyjmout blok filtra\u010dn\u00edch m\u00e9di\u00ed pouh\u00fdm jedn\u00edm prstem. Rychl\u00fd p\u0159\u00edstup znamen\u00e1 m\u00e9n\u011b nepo\u0159\u00e1dku a bez nutnosti vypr\u00e1zdn\u011bn\u00ed n\u00e1doby na vodu. Konstrukce&#8230;<\/p>\n","protected":false},"featured_media":249137,"comment_status":"closed","ping_status":"open","template":"","meta":{"_acf_changed":false,"_kadence_starter_templates_imported_post":false,"_kad_post_transparent":"","_kad_post_title":"","_kad_post_layout":"","_kad_post_sidebar_id":"","_kad_post_content_style":"","_kad_post_vertical_padding":"","_kad_post_feature":"","_kad_post_feature_position":"","_kad_post_header":false,"_kad_post_footer":false,"_kad_post_classname":""},"product_brand":[2516],"product_cat":[2512,2511,2510,436],"product_tag":[],"class_list":{"0":"post-249136","1":"product","2":"type-product","3":"status-publish","4":"has-post-thumbnail","6":"product_brand-fluval","7":"product_cat-akvarijni-filtry","8":"product_cat-akvarijni-technika","9":"product_cat-akvaristika","10":"product_cat-chovatelske-potreby-2","11":"pa_obchod-superzoo-cz","13":"first","14":"instock","15":"product-type-external","16":"entry","17":"content-bg","18":"loop-entry"},"acf":[],"yoast_head":"<!-- This site is optimized with the Yoast SEO plugin v27.4 - https:\/\/yoast.com\/product\/yoast-seo-wordpress\/ -->\n<title>Filtr FLUVAL 307 vn\u011bj\u0161\u00ed 1150 l\/h - SHOPATOA.COM<\/title>\n<meta name=\"robots\" content=\"index, follow, max-snippet:-1, max-image-preview:large, max-video-preview:-1\" \/>\n<link rel=\"canonical\" href=\"https:\/\/shopatoa.com\/cz\/filtr-fluval-307-vnejsi-1150-l-h\/\" \/>\n<meta property=\"og:locale\" content=\"cs_CZ\" \/>\n<meta property=\"og:type\" content=\"article\" \/>\n<meta property=\"og:title\" content=\"Filtr FLUVAL 307 vn\u011bj\u0161\u00ed 1150 l\/h - SHOPATOA.COM\" \/>\n<meta property=\"og:description\" content=\"Energeticky efektivn\u00ed, v\u00fdkonn\u00fd vn\u011bj\u0161\u00ed filtr pro akv\u00e1ria o objemu od 90-330 litr\u016f. Energeticky efektivn\u00ed &#8211; n\u011bkter\u00e9 filtry \u0159ady 07 odeb\u00edraj\u00ed tolik energie jako jedin\u00e1 dom\u00e1c\u00ed LED \u017e\u00e1rovka. Z\u00e1sobn\u00edky m\u00e9di\u00ed EZ-Lift s nov\u00fdm st\u0159edov\u00fdm dr\u017eadlem umo\u017e\u0148uj\u00ed vyjmout blok filtra\u010dn\u00edch m\u00e9di\u00ed pouh\u00fdm jedn\u00edm prstem. Rychl\u00fd p\u0159\u00edstup znamen\u00e1 m\u00e9n\u011b nepo\u0159\u00e1dku a bez nutnosti vypr\u00e1zdn\u011bn\u00ed n\u00e1doby na vodu. Konstrukce...\" \/>\n<meta property=\"og:url\" content=\"https:\/\/shopatoa.com\/cz\/filtr-fluval-307-vnejsi-1150-l-h\/\" \/>\n<meta property=\"og:site_name\" content=\"SHOPATOA\" \/>\n<meta property=\"article:modified_time\" content=\"2026-02-03T05:21:28+00:00\" \/>\n<meta property=\"og:image\" content=\"https:\/\/storage.googleapis.com\/cz-shopatoa-img\/cz\/fac2fa49-1_63477.jpg\" \/>\n\t<meta property=\"og:image:width\" content=\"600\" \/>\n\t<meta property=\"og:image:height\" content=\"600\" \/>\n\t<meta property=\"og:image:type\" content=\"image\/jpeg\" \/>\n<meta name=\"twitter:card\" content=\"summary_large_image\" \/>\n<meta name=\"twitter:label1\" content=\"Odhadovan\u00e1 doba \u010dten\u00ed\" \/>\n\t<meta name=\"twitter:data1\" content=\"1 minuta\" \/>\n<script type=\"application\/ld+json\" class=\"yoast-schema-graph\">{\"@context\":\"https:\\\/\\\/schema.org\",\"@graph\":[{\"@type\":\"WebPage\",\"@id\":\"https:\\\/\\\/shopatoa.com\\\/cz\\\/filtr-fluval-307-vnejsi-1150-l-h\\\/\",\"url\":\"https:\\\/\\\/shopatoa.com\\\/cz\\\/filtr-fluval-307-vnejsi-1150-l-h\\\/\",\"name\":\"Filtr FLUVAL 307 vn\u011bj\u0161\u00ed 1150 l\\\/h - SHOPATOA.COM\",\"isPartOf\":{\"@id\":\"https:\\\/\\\/shopatoa.com\\\/cz\\\/#website\"},\"primaryImageOfPage\":{\"@id\":\"https:\\\/\\\/shopatoa.com\\\/cz\\\/filtr-fluval-307-vnejsi-1150-l-h\\\/#primaryimage\"},\"image\":{\"@id\":\"https:\\\/\\\/shopatoa.com\\\/cz\\\/filtr-fluval-307-vnejsi-1150-l-h\\\/#primaryimage\"},\"thumbnailUrl\":\"https:\\\/\\\/storage.googleapis.com\\\/cz-shopatoa-img\\\/cz\\\/fac2fa49-1_63477.jpg\",\"datePublished\":\"2025-04-03T02:35:20+00:00\",\"dateModified\":\"2026-02-03T05:21:28+00:00\",\"breadcrumb\":{\"@id\":\"https:\\\/\\\/shopatoa.com\\\/cz\\\/filtr-fluval-307-vnejsi-1150-l-h\\\/#breadcrumb\"},\"inLanguage\":\"cs\",\"potentialAction\":[{\"@type\":\"ReadAction\",\"target\":[\"https:\\\/\\\/shopatoa.com\\\/cz\\\/filtr-fluval-307-vnejsi-1150-l-h\\\/\"]}]},{\"@type\":\"ImageObject\",\"inLanguage\":\"cs\",\"@id\":\"https:\\\/\\\/shopatoa.com\\\/cz\\\/filtr-fluval-307-vnejsi-1150-l-h\\\/#primaryimage\",\"url\":\"https:\\\/\\\/storage.googleapis.com\\\/cz-shopatoa-img\\\/cz\\\/fac2fa49-1_63477.jpg\",\"contentUrl\":\"https:\\\/\\\/storage.googleapis.com\\\/cz-shopatoa-img\\\/cz\\\/fac2fa49-1_63477.jpg\",\"width\":600,\"height\":600},{\"@type\":\"BreadcrumbList\",\"@id\":\"https:\\\/\\\/shopatoa.com\\\/cz\\\/filtr-fluval-307-vnejsi-1150-l-h\\\/#breadcrumb\",\"itemListElement\":[{\"@type\":\"ListItem\",\"position\":1,\"name\":\"Dom\u016f\",\"item\":\"https:\\\/\\\/shopatoa.com\\\/cz\\\/\"},{\"@type\":\"ListItem\",\"position\":2,\"name\":\"Produkty\",\"item\":\"https:\\\/\\\/shopatoa.com\\\/cz\\\/shop\\\/\"},{\"@type\":\"ListItem\",\"position\":3,\"name\":\"Chovatelsk\u00e9 pot\u0159eby\",\"item\":\"https:\\\/\\\/shopatoa.com\\\/cz\\\/chovatelske-potreby-2\\\/\"},{\"@type\":\"ListItem\",\"position\":4,\"name\":\"Akvaristika\",\"item\":\"https:\\\/\\\/shopatoa.com\\\/cz\\\/akvaristika\\\/\"},{\"@type\":\"ListItem\",\"position\":5,\"name\":\"Akvarijn\u00ed technika\",\"item\":\"https:\\\/\\\/shopatoa.com\\\/cz\\\/akvarijni-technika\\\/\"},{\"@type\":\"ListItem\",\"position\":6,\"name\":\"Akvarijn\u00ed filtry\",\"item\":\"https:\\\/\\\/shopatoa.com\\\/cz\\\/akvarijni-filtry\\\/\"},{\"@type\":\"ListItem\",\"position\":7,\"name\":\"Filtr FLUVAL 307 vn\u011bj\u0161\u00ed 1150 l\\\/h\"}]},{\"@type\":\"WebSite\",\"@id\":\"https:\\\/\\\/shopatoa.com\\\/cz\\\/#website\",\"url\":\"https:\\\/\\\/shopatoa.com\\\/cz\\\/\",\"name\":\"SHOPATOA\",\"description\":\"\",\"publisher\":{\"@id\":\"https:\\\/\\\/shopatoa.com\\\/cz\\\/#organization\"},\"potentialAction\":[{\"@type\":\"SearchAction\",\"target\":{\"@type\":\"EntryPoint\",\"urlTemplate\":\"https:\\\/\\\/shopatoa.com\\\/cz\\\/?s={search_term_string}\"},\"query-input\":{\"@type\":\"PropertyValueSpecification\",\"valueRequired\":true,\"valueName\":\"search_term_string\"}}],\"inLanguage\":\"cs\"},{\"@type\":\"Organization\",\"@id\":\"https:\\\/\\\/shopatoa.com\\\/cz\\\/#organization\",\"name\":\"SHOPATOA Digital s.r.o.\",\"url\":\"https:\\\/\\\/shopatoa.com\\\/cz\\\/\",\"logo\":{\"@type\":\"ImageObject\",\"inLanguage\":\"cs\",\"@id\":\"https:\\\/\\\/shopatoa.com\\\/cz\\\/#\\\/schema\\\/logo\\\/image\\\/\",\"url\":\"https:\\\/\\\/storage.googleapis.com\\\/cz-shopatoa-img\\\/cz\\\/ebccf434-shopatoa_logo.png\",\"contentUrl\":\"https:\\\/\\\/storage.googleapis.com\\\/cz-shopatoa-img\\\/cz\\\/ebccf434-shopatoa_logo.png\",\"width\":416,\"height\":63,\"caption\":\"SHOPATOA Digital s.r.o.\"},\"image\":{\"@id\":\"https:\\\/\\\/shopatoa.com\\\/cz\\\/#\\\/schema\\\/logo\\\/image\\\/\"}}]}<\/script>\n<!-- \/ Yoast SEO plugin. -->","yoast_head_json":{"title":"Filtr FLUVAL 307 vn\u011bj\u0161\u00ed 1150 l\/h - SHOPATOA.COM","robots":{"index":"index","follow":"follow","max-snippet":"max-snippet:-1","max-image-preview":"max-image-preview:large","max-video-preview":"max-video-preview:-1"},"canonical":"https:\/\/shopatoa.com\/cz\/filtr-fluval-307-vnejsi-1150-l-h\/","og_locale":"cs_CZ","og_type":"article","og_title":"Filtr FLUVAL 307 vn\u011bj\u0161\u00ed 1150 l\/h - SHOPATOA.COM","og_description":"Energeticky efektivn\u00ed, v\u00fdkonn\u00fd vn\u011bj\u0161\u00ed filtr pro akv\u00e1ria o objemu od 90-330 litr\u016f. Energeticky efektivn\u00ed &#8211; n\u011bkter\u00e9 filtry \u0159ady 07 odeb\u00edraj\u00ed tolik energie jako jedin\u00e1 dom\u00e1c\u00ed LED \u017e\u00e1rovka. Z\u00e1sobn\u00edky m\u00e9di\u00ed EZ-Lift s nov\u00fdm st\u0159edov\u00fdm dr\u017eadlem umo\u017e\u0148uj\u00ed vyjmout blok filtra\u010dn\u00edch m\u00e9di\u00ed pouh\u00fdm jedn\u00edm prstem. Rychl\u00fd p\u0159\u00edstup znamen\u00e1 m\u00e9n\u011b nepo\u0159\u00e1dku a bez nutnosti vypr\u00e1zdn\u011bn\u00ed n\u00e1doby na vodu. Konstrukce...","og_url":"https:\/\/shopatoa.com\/cz\/filtr-fluval-307-vnejsi-1150-l-h\/","og_site_name":"SHOPATOA","article_modified_time":"2026-02-03T05:21:28+00:00","og_image":[{"width":600,"height":600,"url":"https:\/\/storage.googleapis.com\/cz-shopatoa-img\/cz\/fac2fa49-1_63477.jpg","type":"image\/jpeg"}],"twitter_card":"summary_large_image","twitter_misc":{"Odhadovan\u00e1 doba \u010dten\u00ed":"1 minuta"},"schema":{"@context":"https:\/\/schema.org","@graph":[{"@type":"WebPage","@id":"https:\/\/shopatoa.com\/cz\/filtr-fluval-307-vnejsi-1150-l-h\/","url":"https:\/\/shopatoa.com\/cz\/filtr-fluval-307-vnejsi-1150-l-h\/","name":"Filtr FLUVAL 307 vn\u011bj\u0161\u00ed 1150 l\/h - SHOPATOA.COM","isPartOf":{"@id":"https:\/\/shopatoa.com\/cz\/#website"},"primaryImageOfPage":{"@id":"https:\/\/shopatoa.com\/cz\/filtr-fluval-307-vnejsi-1150-l-h\/#primaryimage"},"image":{"@id":"https:\/\/shopatoa.com\/cz\/filtr-fluval-307-vnejsi-1150-l-h\/#primaryimage"},"thumbnailUrl":"https:\/\/storage.googleapis.com\/cz-shopatoa-img\/cz\/fac2fa49-1_63477.jpg","datePublished":"2025-04-03T02:35:20+00:00","dateModified":"2026-02-03T05:21:28+00:00","breadcrumb":{"@id":"https:\/\/shopatoa.com\/cz\/filtr-fluval-307-vnejsi-1150-l-h\/#breadcrumb"},"inLanguage":"cs","potentialAction":[{"@type":"ReadAction","target":["https:\/\/shopatoa.com\/cz\/filtr-fluval-307-vnejsi-1150-l-h\/"]}]},{"@type":"ImageObject","inLanguage":"cs","@id":"https:\/\/shopatoa.com\/cz\/filtr-fluval-307-vnejsi-1150-l-h\/#primaryimage","url":"https:\/\/storage.googleapis.com\/cz-shopatoa-img\/cz\/fac2fa49-1_63477.jpg","contentUrl":"https:\/\/storage.googleapis.com\/cz-shopatoa-img\/cz\/fac2fa49-1_63477.jpg","width":600,"height":600},{"@type":"BreadcrumbList","@id":"https:\/\/shopatoa.com\/cz\/filtr-fluval-307-vnejsi-1150-l-h\/#breadcrumb","itemListElement":[{"@type":"ListItem","position":1,"name":"Dom\u016f","item":"https:\/\/shopatoa.com\/cz\/"},{"@type":"ListItem","position":2,"name":"Produkty","item":"https:\/\/shopatoa.com\/cz\/shop\/"},{"@type":"ListItem","position":3,"name":"Chovatelsk\u00e9 pot\u0159eby","item":"https:\/\/shopatoa.com\/cz\/chovatelske-potreby-2\/"},{"@type":"ListItem","position":4,"name":"Akvaristika","item":"https:\/\/shopatoa.com\/cz\/akvaristika\/"},{"@type":"ListItem","position":5,"name":"Akvarijn\u00ed technika","item":"https:\/\/shopatoa.com\/cz\/akvarijni-technika\/"},{"@type":"ListItem","position":6,"name":"Akvarijn\u00ed filtry","item":"https:\/\/shopatoa.com\/cz\/akvarijni-filtry\/"},{"@type":"ListItem","position":7,"name":"Filtr FLUVAL 307 vn\u011bj\u0161\u00ed 1150 l\/h"}]},{"@type":"WebSite","@id":"https:\/\/shopatoa.com\/cz\/#website","url":"https:\/\/shopatoa.com\/cz\/","name":"SHOPATOA","description":"","publisher":{"@id":"https:\/\/shopatoa.com\/cz\/#organization"},"potentialAction":[{"@type":"SearchAction","target":{"@type":"EntryPoint","urlTemplate":"https:\/\/shopatoa.com\/cz\/?s={search_term_string}"},"query-input":{"@type":"PropertyValueSpecification","valueRequired":true,"valueName":"search_term_string"}}],"inLanguage":"cs"},{"@type":"Organization","@id":"https:\/\/shopatoa.com\/cz\/#organization","name":"SHOPATOA Digital s.r.o.","url":"https:\/\/shopatoa.com\/cz\/","logo":{"@type":"ImageObject","inLanguage":"cs","@id":"https:\/\/shopatoa.com\/cz\/#\/schema\/logo\/image\/","url":"https:\/\/storage.googleapis.com\/cz-shopatoa-img\/cz\/ebccf434-shopatoa_logo.png","contentUrl":"https:\/\/storage.googleapis.com\/cz-shopatoa-img\/cz\/ebccf434-shopatoa_logo.png","width":416,"height":63,"caption":"SHOPATOA Digital s.r.o."},"image":{"@id":"https:\/\/shopatoa.com\/cz\/#\/schema\/logo\/image\/"}}]}},"_links":{"self":[{"href":"https:\/\/shopatoa.com\/cz\/wp-json\/wp\/v2\/product\/249136","targetHints":{"allow":["GET"]}}],"collection":[{"href":"https:\/\/shopatoa.com\/cz\/wp-json\/wp\/v2\/product"}],"about":[{"href":"https:\/\/shopatoa.com\/cz\/wp-json\/wp\/v2\/types\/product"}],"replies":[{"embeddable":true,"href":"https:\/\/shopatoa.com\/cz\/wp-json\/wp\/v2\/comments?post=249136"}],"wp:featuredmedia":[{"embeddable":true,"href":"https:\/\/shopatoa.com\/cz\/wp-json\/wp\/v2\/media\/249137"}],"wp:attachment":[{"href":"https:\/\/shopatoa.com\/cz\/wp-json\/wp\/v2\/media?parent=249136"}],"wp:term":[{"taxonomy":"product_brand","embeddable":true,"href":"https:\/\/shopatoa.com\/cz\/wp-json\/wp\/v2\/product_brand?post=249136"},{"taxonomy":"product_cat","embeddable":true,"href":"https:\/\/shopatoa.com\/cz\/wp-json\/wp\/v2\/product_cat?post=249136"},{"taxonomy":"product_tag","embeddable":true,"href":"https:\/\/shopatoa.com\/cz\/wp-json\/wp\/v2\/product_tag?post=249136"}],"curies":[{"name":"wp","href":"https:\/\/api.w.org\/{rel}","templated":true}]}}