{"id":249234,"date":"2025-04-03T04:51:45","date_gmt":"2025-04-03T02:51:45","guid":{"rendered":"https:\/\/shopatoa.com\/cz\/?post_type=product&#038;p=249234"},"modified":"2025-04-25T21:45:27","modified_gmt":"2025-04-25T19:45:27","slug":"pelech-kiwi-walker-running-border-zelena-seda-l-75cm","status":"publish","type":"product","link":"https:\/\/shopatoa.com\/cz\/pelech-kiwi-walker-running-border-zelena-seda-l-75cm\/","title":{"rendered":"Pelech Kiwi Walker Running Border zelen\u00e1\/\u0161ed\u00e1 L 75cm"},"content":{"rendered":"<p>Pel\u00ed\u0161ek s\u00a0pam\u011b\u0165ovou p\u011bnou.<\/p>\n<p>Jedn\u00e1 se o stejnou p\u011bnu, kter\u00e1 se pou\u017e\u00edv\u00e1 pro v\u00fdrobu kvalitn\u00edch postel\u00ed a pol\u0161t\u00e1\u0159\u016f tak\u00e9 pro lidi. Jedn\u00e1 se o poddajn\u00fd materi\u00e1l, kter\u00fd se tvaruje pomoc\u00ed v\u00e1hy a m\u00e1 hypoalergenn\u00ed vlastnosti. P\u011bna se vytvaruje podle tvaru t\u011bla va\u0161eho mazl\u00ed\u010dka, a t\u00edm sn\u00ed\u017e\u00ed tlak na jeho klouby. Z\u00e1rove\u0148 pom\u00e1h\u00e1 zachov\u00e1vat p\u00e1te\u0159 v p\u0159irozen\u00e9m tvaru.<\/p>\n<p>\tPel\u00ed\u0161ek je vhodn\u00fd p\u0159edev\u0161\u00edm pro psy, kte\u0159\u00ed maj\u00ed probl\u00e9my s\u00a0klouby a pro star\u0161\u00ed psy.<br \/>\n\tVe v\u0161ech sv\u00fdch pel\u00ed\u0161c\u00edch je vyu\u017eita Kiwi Memory Foam Sandwich \u2013 jedn\u00e1 se o kombinaci ortopedick\u00e9 pam\u011b\u0165ov\u00e9 p\u011bny s vrstvou pevn\u011bj\u0161\u00ed prody\u0161n\u00e9 p\u011bny.<br \/>\n\tTato kombinace materi\u00e1l\u016f umo\u017e\u0148uje poskytnou mazl\u00ed\u010dk\u016fm maxim\u00e1ln\u00ed komfort a oporu i v p\u0159\u00edpad\u011b, \u017ee je pel\u00ed\u0161ek um\u00edst\u011bn\u00fd na tvrd\u00e9 podlaze.<br \/>\n\tTyto pelechy jsou tak\u00e9 d\u00edky technologii Kiwi Easy-Clean System snadno rozlo\u017eiteln\u00e9 na v\u00edce \u010d\u00e1st\u00ed, kter\u00e9 se daj\u00ed jednodu\u0161e vyprat a vy\u010distit. S Kiwi Walker je i boj s ne\u010distotami, skvrnami a pachy jednoduch\u00fd. <\/p>\n<p>Velikost:\u00a075 x 50 x 24 cm<\/p>\n<p>Potah lze pr\u00e1t v\u00a0ruce na&#8230;<\/p>\n","protected":false},"excerpt":{"rendered":"<p>Pel\u00ed\u0161ek s\u00a0pam\u011b\u0165ovou p\u011bnou. Jedn\u00e1 se o stejnou p\u011bnu, kter\u00e1 se pou\u017e\u00edv\u00e1 pro v\u00fdrobu kvalitn\u00edch postel\u00ed a pol\u0161t\u00e1\u0159\u016f tak\u00e9 pro lidi. Jedn\u00e1 se o poddajn\u00fd materi\u00e1l, kter\u00fd se tvaruje pomoc\u00ed v\u00e1hy a m\u00e1 hypoalergenn\u00ed vlastnosti. P\u011bna se vytvaruje podle tvaru t\u011bla va\u0161eho mazl\u00ed\u010dka, a t\u00edm sn\u00ed\u017e\u00ed tlak na jeho klouby. Z\u00e1rove\u0148 pom\u00e1h\u00e1 zachov\u00e1vat p\u00e1te\u0159 v p\u0159irozen\u00e9m&#8230;<\/p>\n","protected":false},"featured_media":249235,"comment_status":"closed","ping_status":"open","template":"","meta":{"_acf_changed":false,"_kadence_starter_templates_imported_post":false,"_kad_post_transparent":"","_kad_post_title":"","_kad_post_layout":"","_kad_post_sidebar_id":"","_kad_post_content_style":"","_kad_post_vertical_padding":"","_kad_post_feature":"","_kad_post_feature_position":"","_kad_post_header":false,"_kad_post_footer":false,"_kad_post_classname":""},"product_brand":[2740],"product_cat":[436,2613,2612,739],"product_tag":[],"class_list":{"0":"post-249234","1":"product","2":"type-product","3":"status-publish","4":"has-post-thumbnail","6":"product_brand-kiwi-walker","7":"product_cat-chovatelske-potreby-2","8":"product_cat-pelisky-pro-psy","9":"product_cat-pelisky-boudy-a-dvirka-pro-psy","10":"product_cat-pro-psy-chovatelske-potreby-2","11":"pa_obchod-superzoo-cz","13":"first","14":"instock","15":"product-type-external","16":"entry","17":"content-bg","18":"loop-entry"},"acf":[],"yoast_head":"<!-- This site is optimized with the Yoast SEO plugin v27.4 - https:\/\/yoast.com\/product\/yoast-seo-wordpress\/ -->\n<title>Pelech Kiwi Walker Running Border zelen\u00e1\/\u0161ed\u00e1 L 75cm - SHOPATOA.COM<\/title>\n<meta name=\"robots\" content=\"index, follow, max-snippet:-1, max-image-preview:large, max-video-preview:-1\" \/>\n<link rel=\"canonical\" href=\"https:\/\/shopatoa.com\/cz\/pelech-kiwi-walker-running-border-zelena-seda-l-75cm\/\" \/>\n<meta property=\"og:locale\" content=\"cs_CZ\" \/>\n<meta property=\"og:type\" content=\"article\" \/>\n<meta property=\"og:title\" content=\"Pelech Kiwi Walker Running Border zelen\u00e1\/\u0161ed\u00e1 L 75cm - SHOPATOA.COM\" \/>\n<meta property=\"og:description\" content=\"Pel\u00ed\u0161ek s\u00a0pam\u011b\u0165ovou p\u011bnou. Jedn\u00e1 se o stejnou p\u011bnu, kter\u00e1 se pou\u017e\u00edv\u00e1 pro v\u00fdrobu kvalitn\u00edch postel\u00ed a pol\u0161t\u00e1\u0159\u016f tak\u00e9 pro lidi. Jedn\u00e1 se o poddajn\u00fd materi\u00e1l, kter\u00fd se tvaruje pomoc\u00ed v\u00e1hy a m\u00e1 hypoalergenn\u00ed vlastnosti. P\u011bna se vytvaruje podle tvaru t\u011bla va\u0161eho mazl\u00ed\u010dka, a t\u00edm sn\u00ed\u017e\u00ed tlak na jeho klouby. Z\u00e1rove\u0148 pom\u00e1h\u00e1 zachov\u00e1vat p\u00e1te\u0159 v p\u0159irozen\u00e9m...\" \/>\n<meta property=\"og:url\" content=\"https:\/\/shopatoa.com\/cz\/pelech-kiwi-walker-running-border-zelena-seda-l-75cm\/\" \/>\n<meta property=\"og:site_name\" content=\"SHOPATOA\" \/>\n<meta property=\"article:modified_time\" content=\"2025-04-25T19:45:27+00:00\" \/>\n<meta property=\"og:image\" content=\"https:\/\/storage.googleapis.com\/cz-shopatoa-img\/cz\/8e9a53da-1_63953.jpg\" \/>\n\t<meta property=\"og:image:width\" content=\"600\" \/>\n\t<meta property=\"og:image:height\" content=\"600\" \/>\n\t<meta property=\"og:image:type\" content=\"image\/jpeg\" \/>\n<meta name=\"twitter:card\" content=\"summary_large_image\" \/>\n<meta name=\"twitter:label1\" content=\"Odhadovan\u00e1 doba \u010dten\u00ed\" \/>\n\t<meta name=\"twitter:data1\" content=\"1 minuta\" \/>\n<script type=\"application\/ld+json\" class=\"yoast-schema-graph\">{\"@context\":\"https:\\\/\\\/schema.org\",\"@graph\":[{\"@type\":\"WebPage\",\"@id\":\"https:\\\/\\\/shopatoa.com\\\/cz\\\/pelech-kiwi-walker-running-border-zelena-seda-l-75cm\\\/\",\"url\":\"https:\\\/\\\/shopatoa.com\\\/cz\\\/pelech-kiwi-walker-running-border-zelena-seda-l-75cm\\\/\",\"name\":\"Pelech Kiwi Walker Running Border zelen\u00e1\\\/\u0161ed\u00e1 L 75cm - SHOPATOA.COM\",\"isPartOf\":{\"@id\":\"https:\\\/\\\/shopatoa.com\\\/cz\\\/#website\"},\"primaryImageOfPage\":{\"@id\":\"https:\\\/\\\/shopatoa.com\\\/cz\\\/pelech-kiwi-walker-running-border-zelena-seda-l-75cm\\\/#primaryimage\"},\"image\":{\"@id\":\"https:\\\/\\\/shopatoa.com\\\/cz\\\/pelech-kiwi-walker-running-border-zelena-seda-l-75cm\\\/#primaryimage\"},\"thumbnailUrl\":\"https:\\\/\\\/storage.googleapis.com\\\/cz-shopatoa-img\\\/cz\\\/8e9a53da-1_63953.jpg\",\"datePublished\":\"2025-04-03T02:51:45+00:00\",\"dateModified\":\"2025-04-25T19:45:27+00:00\",\"breadcrumb\":{\"@id\":\"https:\\\/\\\/shopatoa.com\\\/cz\\\/pelech-kiwi-walker-running-border-zelena-seda-l-75cm\\\/#breadcrumb\"},\"inLanguage\":\"cs\",\"potentialAction\":[{\"@type\":\"ReadAction\",\"target\":[\"https:\\\/\\\/shopatoa.com\\\/cz\\\/pelech-kiwi-walker-running-border-zelena-seda-l-75cm\\\/\"]}]},{\"@type\":\"ImageObject\",\"inLanguage\":\"cs\",\"@id\":\"https:\\\/\\\/shopatoa.com\\\/cz\\\/pelech-kiwi-walker-running-border-zelena-seda-l-75cm\\\/#primaryimage\",\"url\":\"https:\\\/\\\/storage.googleapis.com\\\/cz-shopatoa-img\\\/cz\\\/8e9a53da-1_63953.jpg\",\"contentUrl\":\"https:\\\/\\\/storage.googleapis.com\\\/cz-shopatoa-img\\\/cz\\\/8e9a53da-1_63953.jpg\",\"width\":600,\"height\":600},{\"@type\":\"BreadcrumbList\",\"@id\":\"https:\\\/\\\/shopatoa.com\\\/cz\\\/pelech-kiwi-walker-running-border-zelena-seda-l-75cm\\\/#breadcrumb\",\"itemListElement\":[{\"@type\":\"ListItem\",\"position\":1,\"name\":\"Dom\u016f\",\"item\":\"https:\\\/\\\/shopatoa.com\\\/cz\\\/\"},{\"@type\":\"ListItem\",\"position\":2,\"name\":\"Produkty\",\"item\":\"https:\\\/\\\/shopatoa.com\\\/cz\\\/shop\\\/\"},{\"@type\":\"ListItem\",\"position\":3,\"name\":\"Chovatelsk\u00e9 pot\u0159eby\",\"item\":\"https:\\\/\\\/shopatoa.com\\\/cz\\\/chovatelske-potreby-2\\\/\"},{\"@type\":\"ListItem\",\"position\":4,\"name\":\"Pro psy\",\"item\":\"https:\\\/\\\/shopatoa.com\\\/cz\\\/pro-psy-chovatelske-potreby-2\\\/\"},{\"@type\":\"ListItem\",\"position\":5,\"name\":\"Pel\u00ed\u0161ky, boudy a dv\u00ed\u0159ka pro psy\",\"item\":\"https:\\\/\\\/shopatoa.com\\\/cz\\\/pelisky-boudy-a-dvirka-pro-psy\\\/\"},{\"@type\":\"ListItem\",\"position\":6,\"name\":\"Pel\u00ed\u0161ky pro psy\",\"item\":\"https:\\\/\\\/shopatoa.com\\\/cz\\\/pelisky-pro-psy\\\/\"},{\"@type\":\"ListItem\",\"position\":7,\"name\":\"Pelech Kiwi Walker Running Border zelen\u00e1\\\/\u0161ed\u00e1 L 75cm\"}]},{\"@type\":\"WebSite\",\"@id\":\"https:\\\/\\\/shopatoa.com\\\/cz\\\/#website\",\"url\":\"https:\\\/\\\/shopatoa.com\\\/cz\\\/\",\"name\":\"SHOPATOA\",\"description\":\"\",\"publisher\":{\"@id\":\"https:\\\/\\\/shopatoa.com\\\/cz\\\/#organization\"},\"potentialAction\":[{\"@type\":\"SearchAction\",\"target\":{\"@type\":\"EntryPoint\",\"urlTemplate\":\"https:\\\/\\\/shopatoa.com\\\/cz\\\/?s={search_term_string}\"},\"query-input\":{\"@type\":\"PropertyValueSpecification\",\"valueRequired\":true,\"valueName\":\"search_term_string\"}}],\"inLanguage\":\"cs\"},{\"@type\":\"Organization\",\"@id\":\"https:\\\/\\\/shopatoa.com\\\/cz\\\/#organization\",\"name\":\"SHOPATOA Digital s.r.o.\",\"url\":\"https:\\\/\\\/shopatoa.com\\\/cz\\\/\",\"logo\":{\"@type\":\"ImageObject\",\"inLanguage\":\"cs\",\"@id\":\"https:\\\/\\\/shopatoa.com\\\/cz\\\/#\\\/schema\\\/logo\\\/image\\\/\",\"url\":\"https:\\\/\\\/storage.googleapis.com\\\/cz-shopatoa-img\\\/cz\\\/ebccf434-shopatoa_logo.png\",\"contentUrl\":\"https:\\\/\\\/storage.googleapis.com\\\/cz-shopatoa-img\\\/cz\\\/ebccf434-shopatoa_logo.png\",\"width\":416,\"height\":63,\"caption\":\"SHOPATOA Digital s.r.o.\"},\"image\":{\"@id\":\"https:\\\/\\\/shopatoa.com\\\/cz\\\/#\\\/schema\\\/logo\\\/image\\\/\"}}]}<\/script>\n<!-- \/ Yoast SEO plugin. -->","yoast_head_json":{"title":"Pelech Kiwi Walker Running Border zelen\u00e1\/\u0161ed\u00e1 L 75cm - SHOPATOA.COM","robots":{"index":"index","follow":"follow","max-snippet":"max-snippet:-1","max-image-preview":"max-image-preview:large","max-video-preview":"max-video-preview:-1"},"canonical":"https:\/\/shopatoa.com\/cz\/pelech-kiwi-walker-running-border-zelena-seda-l-75cm\/","og_locale":"cs_CZ","og_type":"article","og_title":"Pelech Kiwi Walker Running Border zelen\u00e1\/\u0161ed\u00e1 L 75cm - SHOPATOA.COM","og_description":"Pel\u00ed\u0161ek s\u00a0pam\u011b\u0165ovou p\u011bnou. Jedn\u00e1 se o stejnou p\u011bnu, kter\u00e1 se pou\u017e\u00edv\u00e1 pro v\u00fdrobu kvalitn\u00edch postel\u00ed a pol\u0161t\u00e1\u0159\u016f tak\u00e9 pro lidi. Jedn\u00e1 se o poddajn\u00fd materi\u00e1l, kter\u00fd se tvaruje pomoc\u00ed v\u00e1hy a m\u00e1 hypoalergenn\u00ed vlastnosti. P\u011bna se vytvaruje podle tvaru t\u011bla va\u0161eho mazl\u00ed\u010dka, a t\u00edm sn\u00ed\u017e\u00ed tlak na jeho klouby. Z\u00e1rove\u0148 pom\u00e1h\u00e1 zachov\u00e1vat p\u00e1te\u0159 v p\u0159irozen\u00e9m...","og_url":"https:\/\/shopatoa.com\/cz\/pelech-kiwi-walker-running-border-zelena-seda-l-75cm\/","og_site_name":"SHOPATOA","article_modified_time":"2025-04-25T19:45:27+00:00","og_image":[{"width":600,"height":600,"url":"https:\/\/storage.googleapis.com\/cz-shopatoa-img\/cz\/8e9a53da-1_63953.jpg","type":"image\/jpeg"}],"twitter_card":"summary_large_image","twitter_misc":{"Odhadovan\u00e1 doba \u010dten\u00ed":"1 minuta"},"schema":{"@context":"https:\/\/schema.org","@graph":[{"@type":"WebPage","@id":"https:\/\/shopatoa.com\/cz\/pelech-kiwi-walker-running-border-zelena-seda-l-75cm\/","url":"https:\/\/shopatoa.com\/cz\/pelech-kiwi-walker-running-border-zelena-seda-l-75cm\/","name":"Pelech Kiwi Walker Running Border zelen\u00e1\/\u0161ed\u00e1 L 75cm - SHOPATOA.COM","isPartOf":{"@id":"https:\/\/shopatoa.com\/cz\/#website"},"primaryImageOfPage":{"@id":"https:\/\/shopatoa.com\/cz\/pelech-kiwi-walker-running-border-zelena-seda-l-75cm\/#primaryimage"},"image":{"@id":"https:\/\/shopatoa.com\/cz\/pelech-kiwi-walker-running-border-zelena-seda-l-75cm\/#primaryimage"},"thumbnailUrl":"https:\/\/storage.googleapis.com\/cz-shopatoa-img\/cz\/8e9a53da-1_63953.jpg","datePublished":"2025-04-03T02:51:45+00:00","dateModified":"2025-04-25T19:45:27+00:00","breadcrumb":{"@id":"https:\/\/shopatoa.com\/cz\/pelech-kiwi-walker-running-border-zelena-seda-l-75cm\/#breadcrumb"},"inLanguage":"cs","potentialAction":[{"@type":"ReadAction","target":["https:\/\/shopatoa.com\/cz\/pelech-kiwi-walker-running-border-zelena-seda-l-75cm\/"]}]},{"@type":"ImageObject","inLanguage":"cs","@id":"https:\/\/shopatoa.com\/cz\/pelech-kiwi-walker-running-border-zelena-seda-l-75cm\/#primaryimage","url":"https:\/\/storage.googleapis.com\/cz-shopatoa-img\/cz\/8e9a53da-1_63953.jpg","contentUrl":"https:\/\/storage.googleapis.com\/cz-shopatoa-img\/cz\/8e9a53da-1_63953.jpg","width":600,"height":600},{"@type":"BreadcrumbList","@id":"https:\/\/shopatoa.com\/cz\/pelech-kiwi-walker-running-border-zelena-seda-l-75cm\/#breadcrumb","itemListElement":[{"@type":"ListItem","position":1,"name":"Dom\u016f","item":"https:\/\/shopatoa.com\/cz\/"},{"@type":"ListItem","position":2,"name":"Produkty","item":"https:\/\/shopatoa.com\/cz\/shop\/"},{"@type":"ListItem","position":3,"name":"Chovatelsk\u00e9 pot\u0159eby","item":"https:\/\/shopatoa.com\/cz\/chovatelske-potreby-2\/"},{"@type":"ListItem","position":4,"name":"Pro psy","item":"https:\/\/shopatoa.com\/cz\/pro-psy-chovatelske-potreby-2\/"},{"@type":"ListItem","position":5,"name":"Pel\u00ed\u0161ky, boudy a dv\u00ed\u0159ka pro psy","item":"https:\/\/shopatoa.com\/cz\/pelisky-boudy-a-dvirka-pro-psy\/"},{"@type":"ListItem","position":6,"name":"Pel\u00ed\u0161ky pro psy","item":"https:\/\/shopatoa.com\/cz\/pelisky-pro-psy\/"},{"@type":"ListItem","position":7,"name":"Pelech Kiwi Walker Running Border zelen\u00e1\/\u0161ed\u00e1 L 75cm"}]},{"@type":"WebSite","@id":"https:\/\/shopatoa.com\/cz\/#website","url":"https:\/\/shopatoa.com\/cz\/","name":"SHOPATOA","description":"","publisher":{"@id":"https:\/\/shopatoa.com\/cz\/#organization"},"potentialAction":[{"@type":"SearchAction","target":{"@type":"EntryPoint","urlTemplate":"https:\/\/shopatoa.com\/cz\/?s={search_term_string}"},"query-input":{"@type":"PropertyValueSpecification","valueRequired":true,"valueName":"search_term_string"}}],"inLanguage":"cs"},{"@type":"Organization","@id":"https:\/\/shopatoa.com\/cz\/#organization","name":"SHOPATOA Digital s.r.o.","url":"https:\/\/shopatoa.com\/cz\/","logo":{"@type":"ImageObject","inLanguage":"cs","@id":"https:\/\/shopatoa.com\/cz\/#\/schema\/logo\/image\/","url":"https:\/\/storage.googleapis.com\/cz-shopatoa-img\/cz\/ebccf434-shopatoa_logo.png","contentUrl":"https:\/\/storage.googleapis.com\/cz-shopatoa-img\/cz\/ebccf434-shopatoa_logo.png","width":416,"height":63,"caption":"SHOPATOA Digital s.r.o."},"image":{"@id":"https:\/\/shopatoa.com\/cz\/#\/schema\/logo\/image\/"}}]}},"_links":{"self":[{"href":"https:\/\/shopatoa.com\/cz\/wp-json\/wp\/v2\/product\/249234","targetHints":{"allow":["GET"]}}],"collection":[{"href":"https:\/\/shopatoa.com\/cz\/wp-json\/wp\/v2\/product"}],"about":[{"href":"https:\/\/shopatoa.com\/cz\/wp-json\/wp\/v2\/types\/product"}],"replies":[{"embeddable":true,"href":"https:\/\/shopatoa.com\/cz\/wp-json\/wp\/v2\/comments?post=249234"}],"wp:featuredmedia":[{"embeddable":true,"href":"https:\/\/shopatoa.com\/cz\/wp-json\/wp\/v2\/media\/249235"}],"wp:attachment":[{"href":"https:\/\/shopatoa.com\/cz\/wp-json\/wp\/v2\/media?parent=249234"}],"wp:term":[{"taxonomy":"product_brand","embeddable":true,"href":"https:\/\/shopatoa.com\/cz\/wp-json\/wp\/v2\/product_brand?post=249234"},{"taxonomy":"product_cat","embeddable":true,"href":"https:\/\/shopatoa.com\/cz\/wp-json\/wp\/v2\/product_cat?post=249234"},{"taxonomy":"product_tag","embeddable":true,"href":"https:\/\/shopatoa.com\/cz\/wp-json\/wp\/v2\/product_tag?post=249234"}],"curies":[{"name":"wp","href":"https:\/\/api.w.org\/{rel}","templated":true}]}}