{"id":249560,"date":"2025-04-03T05:51:47","date_gmt":"2025-04-03T03:51:47","guid":{"rendered":"https:\/\/shopatoa.com\/cz\/?post_type=product&#038;p=249560"},"modified":"2025-04-25T21:35:03","modified_gmt":"2025-04-25T19:35:03","slug":"hracka-befun-pro-stenata-tprplys-17cm","status":"publish","type":"product","link":"https:\/\/shopatoa.com\/cz\/hracka-befun-pro-stenata-tprplys-17cm\/","title":{"rendered":"Hra\u010dka BeFun pro \u0161t\u011b\u0148ata TPR+ply\u0161 17cm"},"content":{"rendered":"<p>Hra\u010dka pro psy BeFUN TPR+ je ide\u00e1ln\u00ed hra\u010dka pro \u0161t\u011b\u0148ata, kter\u00e1 d\u00edky sv\u00e9 kombinaci r\u016fzn\u00fdch tvar\u016f, voln\u00fdch ou\u0161ek, skryt\u00fdch p\u00edskadel po cel\u00e9 d\u00e9lce hra\u010dky, podporuje \u0161t\u011bn\u011b\u010d\u00ed zv\u00eddavost a vyb\u00edz\u00ed psa k dal\u0161\u00ed h\u0159e.<\/p>\n<p>T\u011blo hra\u010dky je obalen\u00e9 odoln\u00fdm vzorovan\u00fdm materi\u00e1lem, kter\u00fd napom\u00e1h\u00e1 mas\u00edrovat d\u00e1sn\u011b (ide\u00e1ln\u00ed v dob\u011b p\u0159ezubov\u00e1n\u00ed) a nab\u00edz\u00ed prostor pro vlo\u017een\u00ed pamlsk\u016f.<\/p>\n<p>Velikost: 17 cm<\/p>\n","protected":false},"excerpt":{"rendered":"<p>Hra\u010dka pro psy BeFUN TPR+ je ide\u00e1ln\u00ed hra\u010dka pro \u0161t\u011b\u0148ata, kter\u00e1 d\u00edky sv\u00e9 kombinaci r\u016fzn\u00fdch tvar\u016f, voln\u00fdch ou\u0161ek, skryt\u00fdch p\u00edskadel po cel\u00e9 d\u00e9lce hra\u010dky, podporuje \u0161t\u011bn\u011b\u010d\u00ed zv\u00eddavost a vyb\u00edz\u00ed psa k dal\u0161\u00ed h\u0159e. T\u011blo hra\u010dky je obalen\u00e9 odoln\u00fdm vzorovan\u00fdm materi\u00e1lem, kter\u00fd napom\u00e1h\u00e1 mas\u00edrovat d\u00e1sn\u011b (ide\u00e1ln\u00ed v dob\u011b p\u0159ezubov\u00e1n\u00ed) a nab\u00edz\u00ed prostor pro vlo\u017een\u00ed pamlsk\u016f. Velikost:&#8230;<\/p>\n","protected":false},"featured_media":249561,"comment_status":"closed","ping_status":"open","template":"","meta":{"_acf_changed":false,"_kadence_starter_templates_imported_post":false,"_kad_post_transparent":"","_kad_post_title":"","_kad_post_layout":"","_kad_post_sidebar_id":"","_kad_post_content_style":"","_kad_post_vertical_padding":"","_kad_post_feature":"","_kad_post_feature_position":"","_kad_post_header":false,"_kad_post_footer":false,"_kad_post_classname":""},"product_brand":[2742],"product_cat":[436,2549,739],"product_tag":[],"class_list":{"0":"post-249560","1":"product","2":"type-product","3":"status-publish","4":"has-post-thumbnail","6":"product_brand-befun","7":"product_cat-chovatelske-potreby-2","8":"product_cat-hracky-pro-psy","9":"product_cat-pro-psy-chovatelske-potreby-2","10":"pa_obchod-superzoo-cz","12":"first","13":"instock","14":"product-type-external","15":"entry","16":"content-bg","17":"loop-entry"},"acf":[],"yoast_head":"<!-- This site is optimized with the Yoast SEO plugin v27.4 - https:\/\/yoast.com\/product\/yoast-seo-wordpress\/ -->\n<title>Hra\u010dka BeFun pro \u0161t\u011b\u0148ata TPR+ply\u0161 17cm - SHOPATOA.COM<\/title>\n<meta name=\"robots\" content=\"index, follow, max-snippet:-1, max-image-preview:large, max-video-preview:-1\" \/>\n<link rel=\"canonical\" href=\"https:\/\/shopatoa.com\/cz\/hracka-befun-pro-stenata-tprplys-17cm\/\" \/>\n<meta property=\"og:locale\" content=\"cs_CZ\" \/>\n<meta property=\"og:type\" content=\"article\" \/>\n<meta property=\"og:title\" content=\"Hra\u010dka BeFun pro \u0161t\u011b\u0148ata TPR+ply\u0161 17cm - SHOPATOA.COM\" \/>\n<meta property=\"og:description\" content=\"Hra\u010dka pro psy BeFUN TPR+ je ide\u00e1ln\u00ed hra\u010dka pro \u0161t\u011b\u0148ata, kter\u00e1 d\u00edky sv\u00e9 kombinaci r\u016fzn\u00fdch tvar\u016f, voln\u00fdch ou\u0161ek, skryt\u00fdch p\u00edskadel po cel\u00e9 d\u00e9lce hra\u010dky, podporuje \u0161t\u011bn\u011b\u010d\u00ed zv\u00eddavost a vyb\u00edz\u00ed psa k dal\u0161\u00ed h\u0159e. T\u011blo hra\u010dky je obalen\u00e9 odoln\u00fdm vzorovan\u00fdm materi\u00e1lem, kter\u00fd napom\u00e1h\u00e1 mas\u00edrovat d\u00e1sn\u011b (ide\u00e1ln\u00ed v dob\u011b p\u0159ezubov\u00e1n\u00ed) a nab\u00edz\u00ed prostor pro vlo\u017een\u00ed pamlsk\u016f. Velikost:...\" \/>\n<meta property=\"og:url\" content=\"https:\/\/shopatoa.com\/cz\/hracka-befun-pro-stenata-tprplys-17cm\/\" \/>\n<meta property=\"og:site_name\" content=\"SHOPATOA\" \/>\n<meta property=\"article:modified_time\" content=\"2025-04-25T19:35:03+00:00\" \/>\n<meta property=\"og:image\" content=\"https:\/\/storage.googleapis.com\/cz-shopatoa-img\/cz\/a467f877-1_65244.jpg\" \/>\n\t<meta property=\"og:image:width\" content=\"600\" \/>\n\t<meta property=\"og:image:height\" content=\"600\" \/>\n\t<meta property=\"og:image:type\" content=\"image\/jpeg\" \/>\n<meta name=\"twitter:card\" content=\"summary_large_image\" \/>\n<script type=\"application\/ld+json\" class=\"yoast-schema-graph\">{\"@context\":\"https:\\\/\\\/schema.org\",\"@graph\":[{\"@type\":\"WebPage\",\"@id\":\"https:\\\/\\\/shopatoa.com\\\/cz\\\/hracka-befun-pro-stenata-tprplys-17cm\\\/\",\"url\":\"https:\\\/\\\/shopatoa.com\\\/cz\\\/hracka-befun-pro-stenata-tprplys-17cm\\\/\",\"name\":\"Hra\u010dka BeFun pro \u0161t\u011b\u0148ata TPR+ply\u0161 17cm - SHOPATOA.COM\",\"isPartOf\":{\"@id\":\"https:\\\/\\\/shopatoa.com\\\/cz\\\/#website\"},\"primaryImageOfPage\":{\"@id\":\"https:\\\/\\\/shopatoa.com\\\/cz\\\/hracka-befun-pro-stenata-tprplys-17cm\\\/#primaryimage\"},\"image\":{\"@id\":\"https:\\\/\\\/shopatoa.com\\\/cz\\\/hracka-befun-pro-stenata-tprplys-17cm\\\/#primaryimage\"},\"thumbnailUrl\":\"https:\\\/\\\/storage.googleapis.com\\\/cz-shopatoa-img\\\/cz\\\/a467f877-1_65244.jpg\",\"datePublished\":\"2025-04-03T03:51:47+00:00\",\"dateModified\":\"2025-04-25T19:35:03+00:00\",\"breadcrumb\":{\"@id\":\"https:\\\/\\\/shopatoa.com\\\/cz\\\/hracka-befun-pro-stenata-tprplys-17cm\\\/#breadcrumb\"},\"inLanguage\":\"cs\",\"potentialAction\":[{\"@type\":\"ReadAction\",\"target\":[\"https:\\\/\\\/shopatoa.com\\\/cz\\\/hracka-befun-pro-stenata-tprplys-17cm\\\/\"]}]},{\"@type\":\"ImageObject\",\"inLanguage\":\"cs\",\"@id\":\"https:\\\/\\\/shopatoa.com\\\/cz\\\/hracka-befun-pro-stenata-tprplys-17cm\\\/#primaryimage\",\"url\":\"https:\\\/\\\/storage.googleapis.com\\\/cz-shopatoa-img\\\/cz\\\/a467f877-1_65244.jpg\",\"contentUrl\":\"https:\\\/\\\/storage.googleapis.com\\\/cz-shopatoa-img\\\/cz\\\/a467f877-1_65244.jpg\",\"width\":600,\"height\":600},{\"@type\":\"BreadcrumbList\",\"@id\":\"https:\\\/\\\/shopatoa.com\\\/cz\\\/hracka-befun-pro-stenata-tprplys-17cm\\\/#breadcrumb\",\"itemListElement\":[{\"@type\":\"ListItem\",\"position\":1,\"name\":\"Dom\u016f\",\"item\":\"https:\\\/\\\/shopatoa.com\\\/cz\\\/\"},{\"@type\":\"ListItem\",\"position\":2,\"name\":\"Produkty\",\"item\":\"https:\\\/\\\/shopatoa.com\\\/cz\\\/shop\\\/\"},{\"@type\":\"ListItem\",\"position\":3,\"name\":\"Chovatelsk\u00e9 pot\u0159eby\",\"item\":\"https:\\\/\\\/shopatoa.com\\\/cz\\\/chovatelske-potreby-2\\\/\"},{\"@type\":\"ListItem\",\"position\":4,\"name\":\"Pro psy\",\"item\":\"https:\\\/\\\/shopatoa.com\\\/cz\\\/pro-psy-chovatelske-potreby-2\\\/\"},{\"@type\":\"ListItem\",\"position\":5,\"name\":\"Hra\u010dky pro psy\",\"item\":\"https:\\\/\\\/shopatoa.com\\\/cz\\\/hracky-pro-psy\\\/\"},{\"@type\":\"ListItem\",\"position\":6,\"name\":\"Hra\u010dka BeFun pro \u0161t\u011b\u0148ata TPR+ply\u0161 17cm\"}]},{\"@type\":\"WebSite\",\"@id\":\"https:\\\/\\\/shopatoa.com\\\/cz\\\/#website\",\"url\":\"https:\\\/\\\/shopatoa.com\\\/cz\\\/\",\"name\":\"SHOPATOA\",\"description\":\"\",\"publisher\":{\"@id\":\"https:\\\/\\\/shopatoa.com\\\/cz\\\/#organization\"},\"potentialAction\":[{\"@type\":\"SearchAction\",\"target\":{\"@type\":\"EntryPoint\",\"urlTemplate\":\"https:\\\/\\\/shopatoa.com\\\/cz\\\/?s={search_term_string}\"},\"query-input\":{\"@type\":\"PropertyValueSpecification\",\"valueRequired\":true,\"valueName\":\"search_term_string\"}}],\"inLanguage\":\"cs\"},{\"@type\":\"Organization\",\"@id\":\"https:\\\/\\\/shopatoa.com\\\/cz\\\/#organization\",\"name\":\"SHOPATOA Digital s.r.o.\",\"url\":\"https:\\\/\\\/shopatoa.com\\\/cz\\\/\",\"logo\":{\"@type\":\"ImageObject\",\"inLanguage\":\"cs\",\"@id\":\"https:\\\/\\\/shopatoa.com\\\/cz\\\/#\\\/schema\\\/logo\\\/image\\\/\",\"url\":\"https:\\\/\\\/storage.googleapis.com\\\/cz-shopatoa-img\\\/cz\\\/ebccf434-shopatoa_logo.png\",\"contentUrl\":\"https:\\\/\\\/storage.googleapis.com\\\/cz-shopatoa-img\\\/cz\\\/ebccf434-shopatoa_logo.png\",\"width\":416,\"height\":63,\"caption\":\"SHOPATOA Digital s.r.o.\"},\"image\":{\"@id\":\"https:\\\/\\\/shopatoa.com\\\/cz\\\/#\\\/schema\\\/logo\\\/image\\\/\"}}]}<\/script>\n<!-- \/ Yoast SEO plugin. -->","yoast_head_json":{"title":"Hra\u010dka BeFun pro \u0161t\u011b\u0148ata TPR+ply\u0161 17cm - SHOPATOA.COM","robots":{"index":"index","follow":"follow","max-snippet":"max-snippet:-1","max-image-preview":"max-image-preview:large","max-video-preview":"max-video-preview:-1"},"canonical":"https:\/\/shopatoa.com\/cz\/hracka-befun-pro-stenata-tprplys-17cm\/","og_locale":"cs_CZ","og_type":"article","og_title":"Hra\u010dka BeFun pro \u0161t\u011b\u0148ata TPR+ply\u0161 17cm - SHOPATOA.COM","og_description":"Hra\u010dka pro psy BeFUN TPR+ je ide\u00e1ln\u00ed hra\u010dka pro \u0161t\u011b\u0148ata, kter\u00e1 d\u00edky sv\u00e9 kombinaci r\u016fzn\u00fdch tvar\u016f, voln\u00fdch ou\u0161ek, skryt\u00fdch p\u00edskadel po cel\u00e9 d\u00e9lce hra\u010dky, podporuje \u0161t\u011bn\u011b\u010d\u00ed zv\u00eddavost a vyb\u00edz\u00ed psa k dal\u0161\u00ed h\u0159e. T\u011blo hra\u010dky je obalen\u00e9 odoln\u00fdm vzorovan\u00fdm materi\u00e1lem, kter\u00fd napom\u00e1h\u00e1 mas\u00edrovat d\u00e1sn\u011b (ide\u00e1ln\u00ed v dob\u011b p\u0159ezubov\u00e1n\u00ed) a nab\u00edz\u00ed prostor pro vlo\u017een\u00ed pamlsk\u016f. Velikost:...","og_url":"https:\/\/shopatoa.com\/cz\/hracka-befun-pro-stenata-tprplys-17cm\/","og_site_name":"SHOPATOA","article_modified_time":"2025-04-25T19:35:03+00:00","og_image":[{"width":600,"height":600,"url":"https:\/\/storage.googleapis.com\/cz-shopatoa-img\/cz\/a467f877-1_65244.jpg","type":"image\/jpeg"}],"twitter_card":"summary_large_image","schema":{"@context":"https:\/\/schema.org","@graph":[{"@type":"WebPage","@id":"https:\/\/shopatoa.com\/cz\/hracka-befun-pro-stenata-tprplys-17cm\/","url":"https:\/\/shopatoa.com\/cz\/hracka-befun-pro-stenata-tprplys-17cm\/","name":"Hra\u010dka BeFun pro \u0161t\u011b\u0148ata TPR+ply\u0161 17cm - SHOPATOA.COM","isPartOf":{"@id":"https:\/\/shopatoa.com\/cz\/#website"},"primaryImageOfPage":{"@id":"https:\/\/shopatoa.com\/cz\/hracka-befun-pro-stenata-tprplys-17cm\/#primaryimage"},"image":{"@id":"https:\/\/shopatoa.com\/cz\/hracka-befun-pro-stenata-tprplys-17cm\/#primaryimage"},"thumbnailUrl":"https:\/\/storage.googleapis.com\/cz-shopatoa-img\/cz\/a467f877-1_65244.jpg","datePublished":"2025-04-03T03:51:47+00:00","dateModified":"2025-04-25T19:35:03+00:00","breadcrumb":{"@id":"https:\/\/shopatoa.com\/cz\/hracka-befun-pro-stenata-tprplys-17cm\/#breadcrumb"},"inLanguage":"cs","potentialAction":[{"@type":"ReadAction","target":["https:\/\/shopatoa.com\/cz\/hracka-befun-pro-stenata-tprplys-17cm\/"]}]},{"@type":"ImageObject","inLanguage":"cs","@id":"https:\/\/shopatoa.com\/cz\/hracka-befun-pro-stenata-tprplys-17cm\/#primaryimage","url":"https:\/\/storage.googleapis.com\/cz-shopatoa-img\/cz\/a467f877-1_65244.jpg","contentUrl":"https:\/\/storage.googleapis.com\/cz-shopatoa-img\/cz\/a467f877-1_65244.jpg","width":600,"height":600},{"@type":"BreadcrumbList","@id":"https:\/\/shopatoa.com\/cz\/hracka-befun-pro-stenata-tprplys-17cm\/#breadcrumb","itemListElement":[{"@type":"ListItem","position":1,"name":"Dom\u016f","item":"https:\/\/shopatoa.com\/cz\/"},{"@type":"ListItem","position":2,"name":"Produkty","item":"https:\/\/shopatoa.com\/cz\/shop\/"},{"@type":"ListItem","position":3,"name":"Chovatelsk\u00e9 pot\u0159eby","item":"https:\/\/shopatoa.com\/cz\/chovatelske-potreby-2\/"},{"@type":"ListItem","position":4,"name":"Pro psy","item":"https:\/\/shopatoa.com\/cz\/pro-psy-chovatelske-potreby-2\/"},{"@type":"ListItem","position":5,"name":"Hra\u010dky pro psy","item":"https:\/\/shopatoa.com\/cz\/hracky-pro-psy\/"},{"@type":"ListItem","position":6,"name":"Hra\u010dka BeFun pro \u0161t\u011b\u0148ata TPR+ply\u0161 17cm"}]},{"@type":"WebSite","@id":"https:\/\/shopatoa.com\/cz\/#website","url":"https:\/\/shopatoa.com\/cz\/","name":"SHOPATOA","description":"","publisher":{"@id":"https:\/\/shopatoa.com\/cz\/#organization"},"potentialAction":[{"@type":"SearchAction","target":{"@type":"EntryPoint","urlTemplate":"https:\/\/shopatoa.com\/cz\/?s={search_term_string}"},"query-input":{"@type":"PropertyValueSpecification","valueRequired":true,"valueName":"search_term_string"}}],"inLanguage":"cs"},{"@type":"Organization","@id":"https:\/\/shopatoa.com\/cz\/#organization","name":"SHOPATOA Digital s.r.o.","url":"https:\/\/shopatoa.com\/cz\/","logo":{"@type":"ImageObject","inLanguage":"cs","@id":"https:\/\/shopatoa.com\/cz\/#\/schema\/logo\/image\/","url":"https:\/\/storage.googleapis.com\/cz-shopatoa-img\/cz\/ebccf434-shopatoa_logo.png","contentUrl":"https:\/\/storage.googleapis.com\/cz-shopatoa-img\/cz\/ebccf434-shopatoa_logo.png","width":416,"height":63,"caption":"SHOPATOA Digital s.r.o."},"image":{"@id":"https:\/\/shopatoa.com\/cz\/#\/schema\/logo\/image\/"}}]}},"_links":{"self":[{"href":"https:\/\/shopatoa.com\/cz\/wp-json\/wp\/v2\/product\/249560","targetHints":{"allow":["GET"]}}],"collection":[{"href":"https:\/\/shopatoa.com\/cz\/wp-json\/wp\/v2\/product"}],"about":[{"href":"https:\/\/shopatoa.com\/cz\/wp-json\/wp\/v2\/types\/product"}],"replies":[{"embeddable":true,"href":"https:\/\/shopatoa.com\/cz\/wp-json\/wp\/v2\/comments?post=249560"}],"wp:featuredmedia":[{"embeddable":true,"href":"https:\/\/shopatoa.com\/cz\/wp-json\/wp\/v2\/media\/249561"}],"wp:attachment":[{"href":"https:\/\/shopatoa.com\/cz\/wp-json\/wp\/v2\/media?parent=249560"}],"wp:term":[{"taxonomy":"product_brand","embeddable":true,"href":"https:\/\/shopatoa.com\/cz\/wp-json\/wp\/v2\/product_brand?post=249560"},{"taxonomy":"product_cat","embeddable":true,"href":"https:\/\/shopatoa.com\/cz\/wp-json\/wp\/v2\/product_cat?post=249560"},{"taxonomy":"product_tag","embeddable":true,"href":"https:\/\/shopatoa.com\/cz\/wp-json\/wp\/v2\/product_tag?post=249560"}],"curies":[{"name":"wp","href":"https:\/\/api.w.org\/{rel}","templated":true}]}}