{"id":249652,"date":"2025-04-03T06:10:30","date_gmt":"2025-04-03T04:10:30","guid":{"rendered":"https:\/\/shopatoa.com\/cz\/?post_type=product&#038;p=249652"},"modified":"2026-02-04T01:01:14","modified_gmt":"2026-02-04T00:01:14","slug":"acana-puppy-small-breed-recipe-2kg","status":"publish","type":"product","link":"https:\/\/shopatoa.com\/cz\/acana-puppy-small-breed-recipe-2kg\/","title":{"rendered":"Acana Puppy Small Breed Recipe 2kg"},"content":{"rendered":"<p>Krmivo pro \u0161t\u011b\u0148ata plemen v\u00e1\u017e\u00edc\u00edch v\u00a0dosp\u011blosti do 9 kg.<\/p>\n<p>Krmivo Acana Puppy Small Breed je p\u0159ipravov\u00e1no v\u00a0oce\u0148ovan\u00fdch kanadsk\u00fdch kuchyn\u00edch a p\u0159ekypuje voln\u011b chovan\u00fdmi ku\u0159aty, vejci z\u00a0hn\u00edzdn\u00edch chov\u016f plat\u00fdsem loven\u00fdm voln\u011b v\u00a0p\u0159\u00edrod\u011b a na slunci zraj\u00edc\u00edm ovocem a zeleninou \u2013 v\u0161e dod\u00e1v\u00e1no \u010derstv\u00e9. Krmivo je bez obilovin a brambor. Krmivo je p\u0159ipravov\u00e1no v\u00a0oce\u0148ovan\u00fdch kanadsk\u00fdch kuchyn\u00edch.<\/p>\n<p>Slo\u017een\u00ed<\/p>\n<p>\u010cerstv\u00e9 ku\u0159ec\u00ed maso (18 %), dehydrovan\u00e9 ku\u0159e (18 %), cel\u00e1 \u010derven\u00e1 \u010do\u010dka, cel\u00fd zelen\u00fd hr\u00e1ch, \u010derstv\u00e9 ku\u0159ec\u00ed droby (j\u00e1tra, srdce) (7 %), ku\u0159ec\u00ed tuk (7 %), dehydrovan\u00e1 kr\u016fta (4 %), vejce (4 %), syrov\u00fd plat\u00fds (4 %), dehydrovan\u00fd sle\u010f (4 %), ryb\u00ed olej (3 %), cel\u00e1 zelen\u00e1 \u010do\u010dka, cel\u00e1 cizrna, cel\u00fd \u017elut\u00fd hr\u00e1ch, vl\u00e1knina z hr\u00e1\u0161ku, hr\u00e1\u0161kov\u00fd \u0161krob, syrov\u00e1 kr\u016ft\u00ed j\u00e1tra (1 %), s\u016fl, su\u0161en\u00e1 \u0159asa, cel\u00e1 \u010derstv\u00e1 d\u00fdn\u011b, \u010derstv\u00e1 cel\u00e1 m\u00e1slov\u00e1 d\u00fdn\u011b, \u010derstv\u00e1 cel\u00e1 mrkev, cel\u00e1 \u010derstv\u00e1 jablka, \u010derstv\u00e9 cel\u00e9 hru\u0161ky, \u010derstv\u00e1 cel\u00e1 cuketa, su\u0161en\u00fd ko\u0159en \u010dekanky, \u010derstv\u00e1 kapusta, \u010derstv\u00fd \u0161pen\u00e1t, \u010derstv\u00e9 listy tu\u0159\u00ednu,&#8230;<\/p>\n","protected":false},"excerpt":{"rendered":"<p>Krmivo pro \u0161t\u011b\u0148ata plemen v\u00e1\u017e\u00edc\u00edch v\u00a0dosp\u011blosti do 9 kg. Krmivo Acana Puppy Small Breed je p\u0159ipravov\u00e1no v\u00a0oce\u0148ovan\u00fdch kanadsk\u00fdch kuchyn\u00edch a p\u0159ekypuje voln\u011b chovan\u00fdmi ku\u0159aty, vejci z\u00a0hn\u00edzdn\u00edch chov\u016f plat\u00fdsem loven\u00fdm voln\u011b v\u00a0p\u0159\u00edrod\u011b a na slunci zraj\u00edc\u00edm ovocem a zeleninou \u2013 v\u0161e dod\u00e1v\u00e1no \u010derstv\u00e9. Krmivo je bez obilovin a brambor. Krmivo je p\u0159ipravov\u00e1no v\u00a0oce\u0148ovan\u00fdch kanadsk\u00fdch kuchyn\u00edch. Slo\u017een\u00ed&#8230;<\/p>\n","protected":false},"featured_media":249653,"comment_status":"closed","ping_status":"open","template":"","meta":{"_acf_changed":false,"_kadence_starter_templates_imported_post":false,"_kad_post_transparent":"","_kad_post_title":"","_kad_post_layout":"","_kad_post_sidebar_id":"","_kad_post_content_style":"","_kad_post_vertical_padding":"","_kad_post_feature":"","_kad_post_feature_position":"","_kad_post_header":false,"_kad_post_footer":false,"_kad_post_classname":""},"product_brand":[2744],"product_cat":[436,2569,2568,739],"product_tag":[],"class_list":{"0":"post-249652","1":"product","2":"type-product","3":"status-publish","4":"has-post-thumbnail","6":"product_brand-acana","7":"product_cat-chovatelske-potreby-2","8":"product_cat-granule-pro-psy","9":"product_cat-krmivo-pro-psy-pro-psy-chovatelske-potreby-2","10":"product_cat-pro-psy-chovatelske-potreby-2","11":"pa_obchod-superzoo-cz","13":"first","14":"instock","15":"product-type-external","16":"entry","17":"content-bg","18":"loop-entry"},"acf":[],"yoast_head":"<!-- This site is optimized with the Yoast SEO plugin v27.4 - https:\/\/yoast.com\/product\/yoast-seo-wordpress\/ -->\n<title>Acana Puppy Small Breed Recipe 2kg - SHOPATOA.COM<\/title>\n<meta name=\"robots\" content=\"index, follow, max-snippet:-1, max-image-preview:large, max-video-preview:-1\" \/>\n<link rel=\"canonical\" href=\"https:\/\/shopatoa.com\/cz\/acana-puppy-small-breed-recipe-2kg\/\" \/>\n<meta property=\"og:locale\" content=\"cs_CZ\" \/>\n<meta property=\"og:type\" content=\"article\" \/>\n<meta property=\"og:title\" content=\"Acana Puppy Small Breed Recipe 2kg - SHOPATOA.COM\" \/>\n<meta property=\"og:description\" content=\"Krmivo pro \u0161t\u011b\u0148ata plemen v\u00e1\u017e\u00edc\u00edch v\u00a0dosp\u011blosti do 9 kg. Krmivo Acana Puppy Small Breed je p\u0159ipravov\u00e1no v\u00a0oce\u0148ovan\u00fdch kanadsk\u00fdch kuchyn\u00edch a p\u0159ekypuje voln\u011b chovan\u00fdmi ku\u0159aty, vejci z\u00a0hn\u00edzdn\u00edch chov\u016f plat\u00fdsem loven\u00fdm voln\u011b v\u00a0p\u0159\u00edrod\u011b a na slunci zraj\u00edc\u00edm ovocem a zeleninou \u2013 v\u0161e dod\u00e1v\u00e1no \u010derstv\u00e9. Krmivo je bez obilovin a brambor. Krmivo je p\u0159ipravov\u00e1no v\u00a0oce\u0148ovan\u00fdch kanadsk\u00fdch kuchyn\u00edch. Slo\u017een\u00ed...\" \/>\n<meta property=\"og:url\" content=\"https:\/\/shopatoa.com\/cz\/acana-puppy-small-breed-recipe-2kg\/\" \/>\n<meta property=\"og:site_name\" content=\"SHOPATOA\" \/>\n<meta property=\"article:modified_time\" content=\"2026-02-04T00:01:14+00:00\" \/>\n<meta property=\"og:image\" content=\"https:\/\/storage.googleapis.com\/cz-shopatoa-img\/cz\/eed659ca-1_81500.jpg\" \/>\n\t<meta property=\"og:image:width\" content=\"600\" \/>\n\t<meta property=\"og:image:height\" content=\"600\" \/>\n\t<meta property=\"og:image:type\" content=\"image\/jpeg\" \/>\n<meta name=\"twitter:card\" content=\"summary_large_image\" \/>\n<meta name=\"twitter:label1\" content=\"Odhadovan\u00e1 doba \u010dten\u00ed\" \/>\n\t<meta name=\"twitter:data1\" content=\"1 minuta\" \/>\n<script type=\"application\/ld+json\" class=\"yoast-schema-graph\">{\"@context\":\"https:\\\/\\\/schema.org\",\"@graph\":[{\"@type\":\"WebPage\",\"@id\":\"https:\\\/\\\/shopatoa.com\\\/cz\\\/acana-puppy-small-breed-recipe-2kg\\\/\",\"url\":\"https:\\\/\\\/shopatoa.com\\\/cz\\\/acana-puppy-small-breed-recipe-2kg\\\/\",\"name\":\"Acana Puppy Small Breed Recipe 2kg - SHOPATOA.COM\",\"isPartOf\":{\"@id\":\"https:\\\/\\\/shopatoa.com\\\/cz\\\/#website\"},\"primaryImageOfPage\":{\"@id\":\"https:\\\/\\\/shopatoa.com\\\/cz\\\/acana-puppy-small-breed-recipe-2kg\\\/#primaryimage\"},\"image\":{\"@id\":\"https:\\\/\\\/shopatoa.com\\\/cz\\\/acana-puppy-small-breed-recipe-2kg\\\/#primaryimage\"},\"thumbnailUrl\":\"https:\\\/\\\/storage.googleapis.com\\\/cz-shopatoa-img\\\/cz\\\/eed659ca-1_81500.jpg\",\"datePublished\":\"2025-04-03T04:10:30+00:00\",\"dateModified\":\"2026-02-04T00:01:14+00:00\",\"breadcrumb\":{\"@id\":\"https:\\\/\\\/shopatoa.com\\\/cz\\\/acana-puppy-small-breed-recipe-2kg\\\/#breadcrumb\"},\"inLanguage\":\"cs\",\"potentialAction\":[{\"@type\":\"ReadAction\",\"target\":[\"https:\\\/\\\/shopatoa.com\\\/cz\\\/acana-puppy-small-breed-recipe-2kg\\\/\"]}]},{\"@type\":\"ImageObject\",\"inLanguage\":\"cs\",\"@id\":\"https:\\\/\\\/shopatoa.com\\\/cz\\\/acana-puppy-small-breed-recipe-2kg\\\/#primaryimage\",\"url\":\"https:\\\/\\\/storage.googleapis.com\\\/cz-shopatoa-img\\\/cz\\\/eed659ca-1_81500.jpg\",\"contentUrl\":\"https:\\\/\\\/storage.googleapis.com\\\/cz-shopatoa-img\\\/cz\\\/eed659ca-1_81500.jpg\",\"width\":600,\"height\":600},{\"@type\":\"BreadcrumbList\",\"@id\":\"https:\\\/\\\/shopatoa.com\\\/cz\\\/acana-puppy-small-breed-recipe-2kg\\\/#breadcrumb\",\"itemListElement\":[{\"@type\":\"ListItem\",\"position\":1,\"name\":\"Dom\u016f\",\"item\":\"https:\\\/\\\/shopatoa.com\\\/cz\\\/\"},{\"@type\":\"ListItem\",\"position\":2,\"name\":\"Produkty\",\"item\":\"https:\\\/\\\/shopatoa.com\\\/cz\\\/shop\\\/\"},{\"@type\":\"ListItem\",\"position\":3,\"name\":\"Chovatelsk\u00e9 pot\u0159eby\",\"item\":\"https:\\\/\\\/shopatoa.com\\\/cz\\\/chovatelske-potreby-2\\\/\"},{\"@type\":\"ListItem\",\"position\":4,\"name\":\"Pro psy\",\"item\":\"https:\\\/\\\/shopatoa.com\\\/cz\\\/pro-psy-chovatelske-potreby-2\\\/\"},{\"@type\":\"ListItem\",\"position\":5,\"name\":\"Krmivo pro psy\",\"item\":\"https:\\\/\\\/shopatoa.com\\\/cz\\\/krmivo-pro-psy-pro-psy-chovatelske-potreby-2\\\/\"},{\"@type\":\"ListItem\",\"position\":6,\"name\":\"Granule pro psy\",\"item\":\"https:\\\/\\\/shopatoa.com\\\/cz\\\/granule-pro-psy\\\/\"},{\"@type\":\"ListItem\",\"position\":7,\"name\":\"Acana Puppy Small Breed Recipe 2kg\"}]},{\"@type\":\"WebSite\",\"@id\":\"https:\\\/\\\/shopatoa.com\\\/cz\\\/#website\",\"url\":\"https:\\\/\\\/shopatoa.com\\\/cz\\\/\",\"name\":\"SHOPATOA\",\"description\":\"\",\"publisher\":{\"@id\":\"https:\\\/\\\/shopatoa.com\\\/cz\\\/#organization\"},\"potentialAction\":[{\"@type\":\"SearchAction\",\"target\":{\"@type\":\"EntryPoint\",\"urlTemplate\":\"https:\\\/\\\/shopatoa.com\\\/cz\\\/?s={search_term_string}\"},\"query-input\":{\"@type\":\"PropertyValueSpecification\",\"valueRequired\":true,\"valueName\":\"search_term_string\"}}],\"inLanguage\":\"cs\"},{\"@type\":\"Organization\",\"@id\":\"https:\\\/\\\/shopatoa.com\\\/cz\\\/#organization\",\"name\":\"SHOPATOA Digital s.r.o.\",\"url\":\"https:\\\/\\\/shopatoa.com\\\/cz\\\/\",\"logo\":{\"@type\":\"ImageObject\",\"inLanguage\":\"cs\",\"@id\":\"https:\\\/\\\/shopatoa.com\\\/cz\\\/#\\\/schema\\\/logo\\\/image\\\/\",\"url\":\"https:\\\/\\\/storage.googleapis.com\\\/cz-shopatoa-img\\\/cz\\\/ebccf434-shopatoa_logo.png\",\"contentUrl\":\"https:\\\/\\\/storage.googleapis.com\\\/cz-shopatoa-img\\\/cz\\\/ebccf434-shopatoa_logo.png\",\"width\":416,\"height\":63,\"caption\":\"SHOPATOA Digital s.r.o.\"},\"image\":{\"@id\":\"https:\\\/\\\/shopatoa.com\\\/cz\\\/#\\\/schema\\\/logo\\\/image\\\/\"}}]}<\/script>\n<!-- \/ Yoast SEO plugin. -->","yoast_head_json":{"title":"Acana Puppy Small Breed Recipe 2kg - SHOPATOA.COM","robots":{"index":"index","follow":"follow","max-snippet":"max-snippet:-1","max-image-preview":"max-image-preview:large","max-video-preview":"max-video-preview:-1"},"canonical":"https:\/\/shopatoa.com\/cz\/acana-puppy-small-breed-recipe-2kg\/","og_locale":"cs_CZ","og_type":"article","og_title":"Acana Puppy Small Breed Recipe 2kg - SHOPATOA.COM","og_description":"Krmivo pro \u0161t\u011b\u0148ata plemen v\u00e1\u017e\u00edc\u00edch v\u00a0dosp\u011blosti do 9 kg. Krmivo Acana Puppy Small Breed je p\u0159ipravov\u00e1no v\u00a0oce\u0148ovan\u00fdch kanadsk\u00fdch kuchyn\u00edch a p\u0159ekypuje voln\u011b chovan\u00fdmi ku\u0159aty, vejci z\u00a0hn\u00edzdn\u00edch chov\u016f plat\u00fdsem loven\u00fdm voln\u011b v\u00a0p\u0159\u00edrod\u011b a na slunci zraj\u00edc\u00edm ovocem a zeleninou \u2013 v\u0161e dod\u00e1v\u00e1no \u010derstv\u00e9. Krmivo je bez obilovin a brambor. Krmivo je p\u0159ipravov\u00e1no v\u00a0oce\u0148ovan\u00fdch kanadsk\u00fdch kuchyn\u00edch. Slo\u017een\u00ed...","og_url":"https:\/\/shopatoa.com\/cz\/acana-puppy-small-breed-recipe-2kg\/","og_site_name":"SHOPATOA","article_modified_time":"2026-02-04T00:01:14+00:00","og_image":[{"width":600,"height":600,"url":"https:\/\/storage.googleapis.com\/cz-shopatoa-img\/cz\/eed659ca-1_81500.jpg","type":"image\/jpeg"}],"twitter_card":"summary_large_image","twitter_misc":{"Odhadovan\u00e1 doba \u010dten\u00ed":"1 minuta"},"schema":{"@context":"https:\/\/schema.org","@graph":[{"@type":"WebPage","@id":"https:\/\/shopatoa.com\/cz\/acana-puppy-small-breed-recipe-2kg\/","url":"https:\/\/shopatoa.com\/cz\/acana-puppy-small-breed-recipe-2kg\/","name":"Acana Puppy Small Breed Recipe 2kg - SHOPATOA.COM","isPartOf":{"@id":"https:\/\/shopatoa.com\/cz\/#website"},"primaryImageOfPage":{"@id":"https:\/\/shopatoa.com\/cz\/acana-puppy-small-breed-recipe-2kg\/#primaryimage"},"image":{"@id":"https:\/\/shopatoa.com\/cz\/acana-puppy-small-breed-recipe-2kg\/#primaryimage"},"thumbnailUrl":"https:\/\/storage.googleapis.com\/cz-shopatoa-img\/cz\/eed659ca-1_81500.jpg","datePublished":"2025-04-03T04:10:30+00:00","dateModified":"2026-02-04T00:01:14+00:00","breadcrumb":{"@id":"https:\/\/shopatoa.com\/cz\/acana-puppy-small-breed-recipe-2kg\/#breadcrumb"},"inLanguage":"cs","potentialAction":[{"@type":"ReadAction","target":["https:\/\/shopatoa.com\/cz\/acana-puppy-small-breed-recipe-2kg\/"]}]},{"@type":"ImageObject","inLanguage":"cs","@id":"https:\/\/shopatoa.com\/cz\/acana-puppy-small-breed-recipe-2kg\/#primaryimage","url":"https:\/\/storage.googleapis.com\/cz-shopatoa-img\/cz\/eed659ca-1_81500.jpg","contentUrl":"https:\/\/storage.googleapis.com\/cz-shopatoa-img\/cz\/eed659ca-1_81500.jpg","width":600,"height":600},{"@type":"BreadcrumbList","@id":"https:\/\/shopatoa.com\/cz\/acana-puppy-small-breed-recipe-2kg\/#breadcrumb","itemListElement":[{"@type":"ListItem","position":1,"name":"Dom\u016f","item":"https:\/\/shopatoa.com\/cz\/"},{"@type":"ListItem","position":2,"name":"Produkty","item":"https:\/\/shopatoa.com\/cz\/shop\/"},{"@type":"ListItem","position":3,"name":"Chovatelsk\u00e9 pot\u0159eby","item":"https:\/\/shopatoa.com\/cz\/chovatelske-potreby-2\/"},{"@type":"ListItem","position":4,"name":"Pro psy","item":"https:\/\/shopatoa.com\/cz\/pro-psy-chovatelske-potreby-2\/"},{"@type":"ListItem","position":5,"name":"Krmivo pro psy","item":"https:\/\/shopatoa.com\/cz\/krmivo-pro-psy-pro-psy-chovatelske-potreby-2\/"},{"@type":"ListItem","position":6,"name":"Granule pro psy","item":"https:\/\/shopatoa.com\/cz\/granule-pro-psy\/"},{"@type":"ListItem","position":7,"name":"Acana Puppy Small Breed Recipe 2kg"}]},{"@type":"WebSite","@id":"https:\/\/shopatoa.com\/cz\/#website","url":"https:\/\/shopatoa.com\/cz\/","name":"SHOPATOA","description":"","publisher":{"@id":"https:\/\/shopatoa.com\/cz\/#organization"},"potentialAction":[{"@type":"SearchAction","target":{"@type":"EntryPoint","urlTemplate":"https:\/\/shopatoa.com\/cz\/?s={search_term_string}"},"query-input":{"@type":"PropertyValueSpecification","valueRequired":true,"valueName":"search_term_string"}}],"inLanguage":"cs"},{"@type":"Organization","@id":"https:\/\/shopatoa.com\/cz\/#organization","name":"SHOPATOA Digital s.r.o.","url":"https:\/\/shopatoa.com\/cz\/","logo":{"@type":"ImageObject","inLanguage":"cs","@id":"https:\/\/shopatoa.com\/cz\/#\/schema\/logo\/image\/","url":"https:\/\/storage.googleapis.com\/cz-shopatoa-img\/cz\/ebccf434-shopatoa_logo.png","contentUrl":"https:\/\/storage.googleapis.com\/cz-shopatoa-img\/cz\/ebccf434-shopatoa_logo.png","width":416,"height":63,"caption":"SHOPATOA Digital s.r.o."},"image":{"@id":"https:\/\/shopatoa.com\/cz\/#\/schema\/logo\/image\/"}}]}},"_links":{"self":[{"href":"https:\/\/shopatoa.com\/cz\/wp-json\/wp\/v2\/product\/249652","targetHints":{"allow":["GET"]}}],"collection":[{"href":"https:\/\/shopatoa.com\/cz\/wp-json\/wp\/v2\/product"}],"about":[{"href":"https:\/\/shopatoa.com\/cz\/wp-json\/wp\/v2\/types\/product"}],"replies":[{"embeddable":true,"href":"https:\/\/shopatoa.com\/cz\/wp-json\/wp\/v2\/comments?post=249652"}],"wp:featuredmedia":[{"embeddable":true,"href":"https:\/\/shopatoa.com\/cz\/wp-json\/wp\/v2\/media\/249653"}],"wp:attachment":[{"href":"https:\/\/shopatoa.com\/cz\/wp-json\/wp\/v2\/media?parent=249652"}],"wp:term":[{"taxonomy":"product_brand","embeddable":true,"href":"https:\/\/shopatoa.com\/cz\/wp-json\/wp\/v2\/product_brand?post=249652"},{"taxonomy":"product_cat","embeddable":true,"href":"https:\/\/shopatoa.com\/cz\/wp-json\/wp\/v2\/product_cat?post=249652"},{"taxonomy":"product_tag","embeddable":true,"href":"https:\/\/shopatoa.com\/cz\/wp-json\/wp\/v2\/product_tag?post=249652"}],"curies":[{"name":"wp","href":"https:\/\/api.w.org\/{rel}","templated":true}]}}